{"id":63463,"date":"2023-01-25T13:47:05","date_gmt":"2023-01-25T10:47:05","guid":{"rendered":"https:\/\/xstyle.md\/?post_type=product&#038;p=63463"},"modified":"2025-10-24T12:43:50","modified_gmt":"2025-10-24T09:43:50","slug":"gorelka-optimus-crux-lite","status":"publish","type":"product","link":"https:\/\/xstyle.md\/ro\/produs\/gorelka-optimus-crux-lite\/","title":{"rendered":"Arzator Optimus Crux Lite"},"content":{"rendered":"<\/p>\n<p><strong>Optimus Crux Lite<\/strong> &#8212; arz\u0103tor pe gaz premium puternic, fiabil \u0219i u\u0219or. U\u0219urin\u021ba de utilizare, precum \u0219i durabilitatea \u0219i fiabilitatea ridicat\u0103 au f\u0103cut din acest arz\u0103tor un adev\u0103rat bestseller \u00een r\u00e2ndul c\u0103l\u0103torilor din \u00eentreaga lume. Dezvoltat de renumita marc\u0103 elve\u021bian\u0103 Optimus.<\/p>\n<h3>Particularit\u0103\u021bi<\/h3>\n<ul>\n<li>Un arz\u0103tor puternic \u0219i fiabil de 3000 W pentru g\u0103tit eficient \u00een aer liber<\/li>\n<li>La 72 g, este unul dintre cele mai u\u0219oare arz\u0103toare pe gaz din lume<\/li>\n<li>Arz\u0103tor mare pentru o distribu\u021bie optim\u0103 a c\u0103ldurii<\/li>\n<li>Reglarea precis\u0103 a aliment\u0103rii cu gaz, butonul de control este u\u0219or de utilizat \u00een sigilii<\/li>\n<li>Construc\u021bie robust\u0103 f\u0103r\u0103 piese din plastic.<\/li>\n<\/ul>\n<h3>Caracteristici<\/h3>\n<ul>\n<li>Materiale: o\u021bel inoxidabil, aluminiu<\/li>\n<li>Combustibil: butan\/izobutan\/propan<\/li>\n<li>Timp de func\u021bionare: p\u00e2n\u0103 la 90 de minute la putere maxim\u0103 (butelie de gaz de 230 g)<\/li>\n<li>Timp de fierbere: aprox. 3 minute pentru 1 litru de ap\u0103<\/li>\n<li>Putere: 3000 W<\/li>\n<li>Dimensiuni: 7,1 x 5,7 x 5,6 cm<\/li>\n<li>Greutate: 72 g.<\/li>\n<\/ul>\n<p><\/p>","protected":false},"excerpt":{"rendered":"","protected":false},"featured_media":63636,"comment_status":"open","ping_status":"closed","template":"","meta":{"_acf_changed":false,"inline_featured_image":false},"product_brand":[1304],"product_cat":[83],"product_tag":[],"class_list":{"0":"post-63463","1":"product","2":"type-product","3":"status-publish","4":"has-post-thumbnail","6":"product_brand-katadyn","7":"product_cat-arzatoare-fara-furtun","9":"first","10":"instock","11":"shipping-taxable","12":"purchasable","13":"product-type-simple"},"acf":[],"yoast_head":"<!-- This site is optimized with the Yoast SEO plugin v27.4 - https:\/\/yoast.com\/product\/yoast-seo-wordpress\/ -->\n<title>\u0413\u043e\u0440\u0435\u043b\u043a\u0430 Optimus Crux Lite - \u041c\u0430\u0433\u0430\u0437\u0438\u043d Xstyle<\/title>\n<meta name=\"description\" content=\"\u0413\u043e\u0440\u0435\u043b\u043a\u0430 Optimus Crux Lite \u2014 \u043c\u043e\u0449\u043d\u044b\u0439 \u0433\u0430\u0437\u043e\u0432\u044b\u0439 \u043f\u0440\u0438\u0431\u043e\u0440 3000 \u0412\u0442 \u0434\u043b\u044f \u043d\u0430\u0434\u0435\u0436\u043d\u043e\u0433\u043e \u0438 \u043b\u0435\u0433\u043a\u043e\u0433\u043e \u043f\u0440\u0438\u0433\u043e\u0442\u043e\u0432\u043b\u0435\u043d\u0438\u044f \u043f\u0438\u0449\u0438 \u0432 \u043f\u0443\u0442\u0435\u0448\u0435\u0441\u0442\u0432\u0438\u044f\u0445. \u0418\u0434\u0435\u0430\u043b\u044c\u043d\u044b\u0439 \u0432\u044b\u0431\u043e\u0440 \u0434\u043b\u044f \u0442\u0443\u0440\u0438\u0441\u0442\u043e\u0432!\" \/>\n<meta name=\"robots\" content=\"index, follow, max-snippet:-1, max-image-preview:large, max-video-preview:-1\" \/>\n<link rel=\"canonical\" href=\"https:\/\/xstyle.md\/ro\/produs\/gorelka-optimus-crux-lite\/\" \/>\n<meta property=\"og:locale\" content=\"ro_RO\" \/>\n<meta property=\"og:type\" content=\"article\" \/>\n<meta property=\"og:title\" content=\"\u0413\u043e\u0440\u0435\u043b\u043a\u0430 Optimus Crux Lite - \u041c\u0430\u0433\u0430\u0437\u0438\u043d Xstyle\" \/>\n<meta property=\"og:description\" content=\"\u0413\u043e\u0440\u0435\u043b\u043a\u0430 Optimus Crux Lite \u2014 \u043c\u043e\u0449\u043d\u044b\u0439 \u0433\u0430\u0437\u043e\u0432\u044b\u0439 \u043f\u0440\u0438\u0431\u043e\u0440 3000 \u0412\u0442 \u0434\u043b\u044f \u043d\u0430\u0434\u0435\u0436\u043d\u043e\u0433\u043e \u0438 \u043b\u0435\u0433\u043a\u043e\u0433\u043e \u043f\u0440\u0438\u0433\u043e\u0442\u043e\u0432\u043b\u0435\u043d\u0438\u044f \u043f\u0438\u0449\u0438 \u0432 \u043f\u0443\u0442\u0435\u0448\u0435\u0441\u0442\u0432\u0438\u044f\u0445. \u0418\u0434\u0435\u0430\u043b\u044c\u043d\u044b\u0439 \u0432\u044b\u0431\u043e\u0440 \u0434\u043b\u044f \u0442\u0443\u0440\u0438\u0441\u0442\u043e\u0432!\" \/>\n<meta property=\"og:url\" content=\"https:\/\/xstyle.md\/ro\/produs\/gorelka-optimus-crux-lite\/\" \/>\n<meta property=\"og:site_name\" content=\"\u041c\u0430\u0433\u0430\u0437\u0438\u043d Xstyle\" \/>\n<meta property=\"article:publisher\" content=\"https:\/\/www.facebook.com\/xstylemd\" \/>\n<meta property=\"article:modified_time\" content=\"2025-10-24T09:43:50+00:00\" \/>\n<meta property=\"og:image\" content=\"https:\/\/xstyle.md\/wp-content\/uploads\/2023\/01\/gorelka-katadyn-optimus-crux-lite.jpg\" \/>\n\t<meta property=\"og:image:width\" content=\"911\" \/>\n\t<meta property=\"og:image:height\" content=\"870\" \/>\n\t<meta property=\"og:image:type\" content=\"image\/jpeg\" \/>\n<meta name=\"twitter:card\" content=\"summary_large_image\" \/>\n<meta name=\"twitter:label1\" content=\"Pre\u021b\" \/>\n\t<meta name=\"twitter:data1\" content=\"930&nbsp;MDL\" \/>\n\t<meta name=\"twitter:label2\" content=\"Disponibilitate\" \/>\n\t<meta name=\"twitter:data2\" content=\"\u00cen stoc\" \/>\n<script type=\"application\/ld+json\" class=\"yoast-schema-graph\">{\"@context\":\"https:\\\/\\\/schema.org\",\"@graph\":[{\"@type\":\"WebPage\",\"@id\":\"https:\\\/\\\/xstyle.md\\\/product\\\/gorelka-optimus-crux-lite\\\/\",\"url\":\"https:\\\/\\\/xstyle.md\\\/product\\\/gorelka-optimus-crux-lite\\\/\",\"name\":\"\u0413\u043e\u0440\u0435\u043b\u043a\u0430 Optimus Crux Lite - \u041c\u0430\u0433\u0430\u0437\u0438\u043d Xstyle\",\"isPartOf\":{\"@id\":\"https:\\\/\\\/xstyle.md\\\/#website\"},\"primaryImageOfPage\":{\"@id\":\"https:\\\/\\\/xstyle.md\\\/product\\\/gorelka-optimus-crux-lite\\\/#primaryimage\"},\"image\":{\"@id\":\"https:\\\/\\\/xstyle.md\\\/product\\\/gorelka-optimus-crux-lite\\\/#primaryimage\"},\"thumbnailUrl\":\"https:\\\/\\\/xstyle.md\\\/wp-content\\\/uploads\\\/2023\\\/01\\\/gorelka-katadyn-optimus-crux-lite.jpg\",\"datePublished\":\"2023-01-25T10:47:05+00:00\",\"dateModified\":\"2025-10-24T09:43:50+00:00\",\"description\":\"\u0413\u043e\u0440\u0435\u043b\u043a\u0430 Optimus Crux Lite \u2014 \u043c\u043e\u0449\u043d\u044b\u0439 \u0433\u0430\u0437\u043e\u0432\u044b\u0439 \u043f\u0440\u0438\u0431\u043e\u0440 3000 \u0412\u0442 \u0434\u043b\u044f \u043d\u0430\u0434\u0435\u0436\u043d\u043e\u0433\u043e \u0438 \u043b\u0435\u0433\u043a\u043e\u0433\u043e \u043f\u0440\u0438\u0433\u043e\u0442\u043e\u0432\u043b\u0435\u043d\u0438\u044f \u043f\u0438\u0449\u0438 \u0432 \u043f\u0443\u0442\u0435\u0448\u0435\u0441\u0442\u0432\u0438\u044f\u0445. \u0418\u0434\u0435\u0430\u043b\u044c\u043d\u044b\u0439 \u0432\u044b\u0431\u043e\u0440 \u0434\u043b\u044f \u0442\u0443\u0440\u0438\u0441\u0442\u043e\u0432!\",\"breadcrumb\":{\"@id\":\"https:\\\/\\\/xstyle.md\\\/product\\\/gorelka-optimus-crux-lite\\\/#breadcrumb\"},\"inLanguage\":\"ro-RO\",\"potentialAction\":[{\"@type\":\"ReadAction\",\"target\":[\"https:\\\/\\\/xstyle.md\\\/product\\\/gorelka-optimus-crux-lite\\\/\"]}]},{\"@type\":\"ImageObject\",\"inLanguage\":\"ro-RO\",\"@id\":\"https:\\\/\\\/xstyle.md\\\/product\\\/gorelka-optimus-crux-lite\\\/#primaryimage\",\"url\":\"https:\\\/\\\/xstyle.md\\\/wp-content\\\/uploads\\\/2023\\\/01\\\/gorelka-katadyn-optimus-crux-lite.jpg\",\"contentUrl\":\"https:\\\/\\\/xstyle.md\\\/wp-content\\\/uploads\\\/2023\\\/01\\\/gorelka-katadyn-optimus-crux-lite.jpg\",\"width\":911,\"height\":870,\"caption\":\"\u041a\u043e\u043c\u043f\u0430\u043a\u0442\u043d\u0430\u044f \u0433\u0430\u0437\u043e\u0432\u0430\u044f \u0433\u043e\u0440\u0435\u043b\u043a\u0430 Optimus Crux Lite \u0434\u043b\u044f \u0430\u043a\u0442\u0438\u0432\u043d\u043e\u0433\u043e \u043e\u0442\u0434\u044b\u0445\u0430, \u0442\u0443\u0440\u0438\u0437\u043c\u0430 \u0438 \u043f\u043e\u0445\u043e\u0434\u043e\u0432 \u0432 \u043f\u043e\u0445\u043e\u0434\u043d\u044b\u0445 \u0443\u0441\u043b\u043e\u0432\u0438\u044f\u0445, \u043f\u0443\u0442\u0435\u0448\u0435\u0441\u0442\u0432\u0438\u044f \u0438 \u0430\u043b\u044c\u043f\u0438\u043d\u0438\u0437\u043c\u0430, \u043f\u043e\u0434\u0445\u043e\u0434\u0438\u0442 \u0434\u043b\u044f \u043d\u043e\u0448\u0435\u043d\u0438\u044f \u0432 \u0442\u0443\u0440\u0438\u0441\u0442\u0438\u0447\u0435\u0441\u043a\u043e\u0439 \u044d\u043a\u0438\u043f\u0438\u0440\u043e\u0432\u043a\u0435\"},{\"@type\":\"BreadcrumbList\",\"@id\":\"https:\\\/\\\/xstyle.md\\\/product\\\/gorelka-optimus-crux-lite\\\/#breadcrumb\",\"itemListElement\":[{\"@type\":\"ListItem\",\"position\":1,\"name\":\"\u0413\u043b\u0430\u0432\u043d\u0430\u044f \u0441\u0442\u0440\u0430\u043d\u0438\u0446\u0430\",\"item\":\"https:\\\/\\\/xstyle.md\\\/\"},{\"@type\":\"ListItem\",\"position\":2,\"name\":\"\u041c\u0430\u0433\u0430\u0437\u0438\u043d\",\"item\":\"https:\\\/\\\/xstyle.md\\\/shop\\\/\"},{\"@type\":\"ListItem\",\"position\":3,\"name\":\"\u0413\u043e\u0440\u0435\u043b\u043a\u0430 Optimus Crux Lite\"}]},{\"@type\":\"WebSite\",\"@id\":\"https:\\\/\\\/xstyle.md\\\/#website\",\"url\":\"https:\\\/\\\/xstyle.md\\\/\",\"name\":\"\u041c\u0430\u0433\u0430\u0437\u0438\u043d Xstyle\",\"description\":\"C\u043d\u0430\u0440\u044f\u0436\u0435\u043d\u0438\u0435 \u0434\u043b\u044f \u0442\u0443\u0440\u0438\u0437\u043c\u0430 \u0438 \u044d\u043a\u0441\u0442\u0440\u0435\u043c\u0430\u043b\u044c\u043d\u044b\u0445 \u0432\u0438\u0434\u043e\u0432 \u0441\u043f\u043e\u0440\u0442\u0430 \u0432 \u041c\u043e\u043b\u0434\u043e\u0432\u0435.. \u0426\u0435\u043d\u044b, \u0444\u043e\u0442\u043e, \u0445\u0430\u0440\u0430\u043a\u0442\u0435\u0440\u0438\u0441\u0442\u0438\u043a\u0438 \u0432 \u041c\u043e\u043b\u0434\u043e\u0432\u0435.\",\"publisher\":{\"@id\":\"https:\\\/\\\/xstyle.md\\\/#organization\"},\"alternateName\":\"X-Style\",\"potentialAction\":[{\"@type\":\"SearchAction\",\"target\":{\"@type\":\"EntryPoint\",\"urlTemplate\":\"https:\\\/\\\/xstyle.md\\\/?s={search_term_string}\"},\"query-input\":{\"@type\":\"PropertyValueSpecification\",\"valueRequired\":true,\"valueName\":\"search_term_string\"}}],\"inLanguage\":\"ro-RO\"},{\"@type\":\"Organization\",\"@id\":\"https:\\\/\\\/xstyle.md\\\/#organization\",\"name\":\"\u041c\u0430\u0433\u0430\u0437\u0438\u043d Xstyle\",\"alternateName\":\"x-style\",\"url\":\"https:\\\/\\\/xstyle.md\\\/\",\"logo\":{\"@type\":\"ImageObject\",\"inLanguage\":\"ro-RO\",\"@id\":\"https:\\\/\\\/xstyle.md\\\/#\\\/schema\\\/logo\\\/image\\\/\",\"url\":\"https:\\\/\\\/xstyle.md\\\/wp-content\\\/uploads\\\/2020\\\/06\\\/logoicon.svg\",\"contentUrl\":\"https:\\\/\\\/xstyle.md\\\/wp-content\\\/uploads\\\/2020\\\/06\\\/logoicon.svg\",\"caption\":\"\u041c\u0430\u0433\u0430\u0437\u0438\u043d Xstyle\"},\"image\":{\"@id\":\"https:\\\/\\\/xstyle.md\\\/#\\\/schema\\\/logo\\\/image\\\/\"},\"sameAs\":[\"https:\\\/\\\/www.facebook.com\\\/xstylemd\",\"https:\\\/\\\/www.instagram.com\\\/xstyle_md\\\/\",\"https:\\\/\\\/t.me\\\/xstyle_outdoor\"],\"hasMerchantReturnPolicy\":{\"@type\":\"MerchantReturnPolicy\",\"merchantReturnLink\":\"https:\\\/\\\/xstyle.md\\\/ro\\\/conditions\\\/\"}}]}<\/script>\n<meta property=\"product:price:amount\" content=\"930.00\" \/>\n<meta property=\"product:price:currency\" content=\"MDL\" \/>\n<meta property=\"og:availability\" content=\"instock\" \/>\n<meta property=\"product:availability\" content=\"instock\" \/>\n<meta property=\"product:retailer_item_id\" content=\"7612013192592\" \/>\n<meta property=\"product:condition\" content=\"new\" \/>\n<!-- \/ Yoast SEO plugin. -->","yoast_head_json":{"title":"Arzator Optimus Crux Lite - Magazin Xstyle","description":"Aragazul Optimus Crux Lite - un dispozitiv de gaz puternic de 3000 W pentru g\u0103tirea sigur\u0103 \u0219i u\u0219oar\u0103 a alimentelor \u00een timpul c\u0103l\u0103toriilor. O alegere ideal\u0103 pentru turi\u0219ti!","robots":{"index":"index","follow":"follow","max-snippet":"max-snippet:-1","max-image-preview":"max-image-preview:large","max-video-preview":"max-video-preview:-1"},"canonical":"https:\/\/xstyle.md\/ro\/produs\/gorelka-optimus-crux-lite\/","og_locale":"ro_RO","og_type":"article","og_title":"\u0413\u043e\u0440\u0435\u043b\u043a\u0430 Optimus Crux Lite - \u041c\u0430\u0433\u0430\u0437\u0438\u043d Xstyle","og_description":"\u0413\u043e\u0440\u0435\u043b\u043a\u0430 Optimus Crux Lite \u2014 \u043c\u043e\u0449\u043d\u044b\u0439 \u0433\u0430\u0437\u043e\u0432\u044b\u0439 \u043f\u0440\u0438\u0431\u043e\u0440 3000 \u0412\u0442 \u0434\u043b\u044f \u043d\u0430\u0434\u0435\u0436\u043d\u043e\u0433\u043e \u0438 \u043b\u0435\u0433\u043a\u043e\u0433\u043e \u043f\u0440\u0438\u0433\u043e\u0442\u043e\u0432\u043b\u0435\u043d\u0438\u044f \u043f\u0438\u0449\u0438 \u0432 \u043f\u0443\u0442\u0435\u0448\u0435\u0441\u0442\u0432\u0438\u044f\u0445. \u0418\u0434\u0435\u0430\u043b\u044c\u043d\u044b\u0439 \u0432\u044b\u0431\u043e\u0440 \u0434\u043b\u044f \u0442\u0443\u0440\u0438\u0441\u0442\u043e\u0432!","og_url":"https:\/\/xstyle.md\/ro\/produs\/gorelka-optimus-crux-lite\/","og_site_name":"\u041c\u0430\u0433\u0430\u0437\u0438\u043d Xstyle","article_publisher":"https:\/\/www.facebook.com\/xstylemd","article_modified_time":"2025-10-24T09:43:50+00:00","og_image":[{"width":911,"height":870,"url":"https:\/\/xstyle.md\/wp-content\/uploads\/2023\/01\/gorelka-katadyn-optimus-crux-lite.jpg","type":"image\/jpeg"}],"twitter_card":"summary_large_image","twitter_misc":{"Pre\u021b":"930&nbsp;MDL","Disponibilitate":"\u00cen stoc"},"schema":{"@context":"https:\/\/schema.org","@graph":[{"@type":"WebPage","@id":"https:\/\/xstyle.md\/product\/gorelka-optimus-crux-lite\/","url":"https:\/\/xstyle.md\/product\/gorelka-optimus-crux-lite\/","name":"Arzator Optimus Crux Lite - Magazin Xstyle","isPartOf":{"@id":"https:\/\/xstyle.md\/#website"},"primaryImageOfPage":{"@id":"https:\/\/xstyle.md\/product\/gorelka-optimus-crux-lite\/#primaryimage"},"image":{"@id":"https:\/\/xstyle.md\/product\/gorelka-optimus-crux-lite\/#primaryimage"},"thumbnailUrl":"https:\/\/xstyle.md\/wp-content\/uploads\/2023\/01\/gorelka-katadyn-optimus-crux-lite.jpg","datePublished":"2023-01-25T10:47:05+00:00","dateModified":"2025-10-24T09:43:50+00:00","description":"Aragazul Optimus Crux Lite - un dispozitiv de gaz puternic de 3000 W pentru g\u0103tirea sigur\u0103 \u0219i u\u0219oar\u0103 a alimentelor \u00een timpul c\u0103l\u0103toriilor. O alegere ideal\u0103 pentru turi\u0219ti!","breadcrumb":{"@id":"https:\/\/xstyle.md\/product\/gorelka-optimus-crux-lite\/#breadcrumb"},"inLanguage":"ro-RO","potentialAction":[{"@type":"ReadAction","target":["https:\/\/xstyle.md\/product\/gorelka-optimus-crux-lite\/"]}]},{"@type":"ImageObject","inLanguage":"ro-RO","@id":"https:\/\/xstyle.md\/product\/gorelka-optimus-crux-lite\/#primaryimage","url":"https:\/\/xstyle.md\/wp-content\/uploads\/2023\/01\/gorelka-katadyn-optimus-crux-lite.jpg","contentUrl":"https:\/\/xstyle.md\/wp-content\/uploads\/2023\/01\/gorelka-katadyn-optimus-crux-lite.jpg","width":911,"height":870,"caption":"\u041a\u043e\u043c\u043f\u0430\u043a\u0442\u043d\u0430\u044f \u0433\u0430\u0437\u043e\u0432\u0430\u044f \u0433\u043e\u0440\u0435\u043b\u043a\u0430 Optimus Crux Lite \u0434\u043b\u044f \u0430\u043a\u0442\u0438\u0432\u043d\u043e\u0433\u043e \u043e\u0442\u0434\u044b\u0445\u0430, \u0442\u0443\u0440\u0438\u0437\u043c\u0430 \u0438 \u043f\u043e\u0445\u043e\u0434\u043e\u0432 \u0432 \u043f\u043e\u0445\u043e\u0434\u043d\u044b\u0445 \u0443\u0441\u043b\u043e\u0432\u0438\u044f\u0445, \u043f\u0443\u0442\u0435\u0448\u0435\u0441\u0442\u0432\u0438\u044f \u0438 \u0430\u043b\u044c\u043f\u0438\u043d\u0438\u0437\u043c\u0430, \u043f\u043e\u0434\u0445\u043e\u0434\u0438\u0442 \u0434\u043b\u044f \u043d\u043e\u0448\u0435\u043d\u0438\u044f \u0432 \u0442\u0443\u0440\u0438\u0441\u0442\u0438\u0447\u0435\u0441\u043a\u043e\u0439 \u044d\u043a\u0438\u043f\u0438\u0440\u043e\u0432\u043a\u0435"},{"@type":"BreadcrumbList","@id":"https:\/\/xstyle.md\/product\/gorelka-optimus-crux-lite\/#breadcrumb","itemListElement":[{"@type":"ListItem","position":1,"name":"\u0413\u043b\u0430\u0432\u043d\u0430\u044f \u0441\u0442\u0440\u0430\u043d\u0438\u0446\u0430","item":"https:\/\/xstyle.md\/"},{"@type":"ListItem","position":2,"name":"\u041c\u0430\u0433\u0430\u0437\u0438\u043d","item":"https:\/\/xstyle.md\/shop\/"},{"@type":"ListItem","position":3,"name":"\u0413\u043e\u0440\u0435\u043b\u043a\u0430 Optimus Crux Lite"}]},{"@type":"WebSite","@id":"https:\/\/xstyle.md\/#website","url":"https:\/\/xstyle.md\/","name":"Magazinul X-Style","description":"Echipamente pentru turism \u0219i sporturi extreme \u00een Moldova. Pre\u021buri, fotografii, caracteristici \u00een Moldova.","publisher":{"@id":"https:\/\/xstyle.md\/#organization"},"alternateName":"X-Style","potentialAction":[{"@type":"SearchAction","target":{"@type":"EntryPoint","urlTemplate":"https:\/\/xstyle.md\/?s={search_term_string}"},"query-input":{"@type":"PropertyValueSpecification","valueRequired":true,"valueName":"search_term_string"}}],"inLanguage":"ro-RO"},{"@type":"Organization","@id":"https:\/\/xstyle.md\/#organization","name":"Magazinul X-Style","alternateName":"x-style","url":"https:\/\/xstyle.md\/","logo":{"@type":"ImageObject","inLanguage":"ro-RO","@id":"https:\/\/xstyle.md\/#\/schema\/logo\/image\/","url":"https:\/\/xstyle.md\/wp-content\/uploads\/2020\/06\/logoicon.svg","contentUrl":"https:\/\/xstyle.md\/wp-content\/uploads\/2020\/06\/logoicon.svg","caption":"\u041c\u0430\u0433\u0430\u0437\u0438\u043d Xstyle"},"image":{"@id":"https:\/\/xstyle.md\/#\/schema\/logo\/image\/"},"sameAs":["https:\/\/www.facebook.com\/xstylemd","https:\/\/www.instagram.com\/xstyle_md\/","https:\/\/t.me\/xstyle_outdoor"],"hasMerchantReturnPolicy":{"@type":"MerchantReturnPolicy","merchantReturnLink":"https:\/\/xstyle.md\/ro\/conditions\/"}}]},"product_price_amount":"930.00","product_price_currency":"MDL","og_availability":"instock","product_availability":"instock","product_retailer_item_id":"7612013192592","product_condition":"new"},"post_mailing_queue_ids":[],"_links":{"self":[{"href":"https:\/\/xstyle.md\/ro\/wp-json\/wp\/v2\/product\/63463","targetHints":{"allow":["GET"]}}],"collection":[{"href":"https:\/\/xstyle.md\/ro\/wp-json\/wp\/v2\/product"}],"about":[{"href":"https:\/\/xstyle.md\/ro\/wp-json\/wp\/v2\/types\/product"}],"replies":[{"embeddable":true,"href":"https:\/\/xstyle.md\/ro\/wp-json\/wp\/v2\/comments?post=63463"}],"wp:featuredmedia":[{"embeddable":true,"href":"https:\/\/xstyle.md\/ro\/wp-json\/wp\/v2\/media\/63636"}],"wp:attachment":[{"href":"https:\/\/xstyle.md\/ro\/wp-json\/wp\/v2\/media?parent=63463"}],"wp:term":[{"taxonomy":"product_brand","embeddable":true,"href":"https:\/\/xstyle.md\/ro\/wp-json\/wp\/v2\/product_brand?post=63463"},{"taxonomy":"product_cat","embeddable":true,"href":"https:\/\/xstyle.md\/ro\/wp-json\/wp\/v2\/product_cat?post=63463"},{"taxonomy":"product_tag","embeddable":true,"href":"https:\/\/xstyle.md\/ro\/wp-json\/wp\/v2\/product_tag?post=63463"}],"curies":[{"name":"wp","href":"https:\/\/api.w.org\/{rel}","templated":true}]}}