{"id":62747,"date":"2023-01-10T19:54:07","date_gmt":"2023-01-10T16:54:07","guid":{"rendered":"https:\/\/xstyle.md\/?post_type=product&#038;p=62747"},"modified":"2024-10-21T09:55:40","modified_gmt":"2024-10-21T06:55:40","slug":"aksessuar-singing-rock-tool-holder-max","status":"publish","type":"product","link":"https:\/\/xstyle.md\/ro\/produs\/aksessuar-singing-rock-tool-holder-max\/","title":{"rendered":"Accesoriu Singing Rock Tool Holder Max"},"content":{"rendered":"<p><strong>Singing Rock Tool Holder Max<\/strong> &#8212; \u044d\u043b\u0430\u0441\u0442\u0438\u0447\u043d\u0430\u044f \u043f\u043e\u0434\u0432\u0435\u0441\u043a\u0430 \u0434\u043b\u044f \u043a\u0440\u0435\u043f\u043b\u0435\u043d\u0438\u044f \u0438\u043d\u0441\u0442\u0440\u0443\u043c\u0435\u043d\u0442\u043e\u0432 \u043a \u0440\u0435\u043c\u043d\u044e, \u0447\u0442\u043e \u0434\u0435\u043b\u0430\u0435\u0442 \u043d\u0435\u0432\u043e\u0437\u043c\u043e\u0436\u043d\u044b\u043c \u043f\u043e\u0442\u0435\u0440\u044e \u0438\u043d\u0441\u0442\u0440\u0443\u043c\u0435\u043d\u0442\u0430.<\/p>\n<h3>Caracteristici<\/h3>\n<ul>\n<li>\u0412\u0435\u0441 &#8212; 95 \u0433<\/li>\n<li>\u0414\u043b\u0438\u043d\u0430 &#8212; 80 \u0441\u043c \u0434\u043e 150 \u0441\u043c<\/li>\n<li>\u041c\u0430\u0442\u0435\u0440\u0438\u0430\u043b &#8212; PES, PAD, \u0441\u0442\u0430\u043b\u044c, \u044d\u043b\u0430\u0441\u0442\u0438\u0447\u043d\u043e\u0435 \u0432\u043e\u043b\u043e\u043a\u043d\u043e<\/li>\n<li>\u041c\u0430\u043a\u0441\u0438\u043c\u0430\u043b\u044c\u043d\u0430\u044f \u043d\u0430\u0433\u0440\u0443\u0437\u043a\u0430 &#8212; 3 \u043a\u0433<\/li>\n<\/ul>\n<h3>Marca<\/h3>\n<p>SINGING ROCK \u2014 este o companie ceh\u0103 care se ocup\u0103 de produc\u021bia de echipamente pentru alpinism. A fost fondat\u0103 \u00een 1992 de doi alpini\u0219ti cehi \u0219i un om de afaceri belgian. Din momentul \u00eenfiin\u021b\u0103rii \u0219i p\u00e2n\u0103 \u00een prezent, compania a avut drept scop utilizarea celor mai moderne realiz\u0103ri \u0219i dezvolt\u0103ri \u00een produc\u021bie. SingingRock lucreaz\u0103 \u00eendeaproape cu mul\u021bi alpini\u0219ti renumi\u021bi care testeaz\u0103 produse noi \u0219i ale c\u0103ror opinii sunt \u00eentotdeauna luate \u00een considerare \u00een dezvoltare.<\/p>\n<p>Actualmente SINGING ROCK \u2014 este unul dintre liderii mondiali pe pia\u021ba echipamentelor profesionale pentru munca la \u00een\u0103l\u021bime, servicii militare \u0219i de urgen\u021b\u0103. Compania ofer\u0103 hamuri, cabluri, scripe\u021bi, instrumente de cobor\u00e2re, dispozitive de asigurare pentru lucru la \u00een\u0103l\u021bime, prinderi de ancor\u0103, linii de siguran\u021b\u0103 \u0219i alte echipamente necesare acestui tip de lucr\u0103ri. Toate aceste produse sunt dezvoltate \u0219i fabricate \u00een Republica Ceh\u0103, \u00een Europa. Sunt certificate \u0219i respect\u0103 \u00een totalitate standardele interna\u021bionale de siguran\u021b\u0103 a muncii.<\/p>","protected":false},"excerpt":{"rendered":"<p>Singing Rock Tool Holder Max &#8212; \u044d\u043b\u0430\u0441\u0442\u0438\u0447\u043d\u0430\u044f \u043f\u043e\u0434\u0432\u0435\u0441\u043a\u0430 \u0434\u043b\u044f \u043a\u0440\u0435\u043f\u043b\u0435\u043d\u0438\u044f \u0438\u043d\u0441\u0442\u0440\u0443\u043c\u0435\u043d\u0442\u043e\u0432 \u043a \u0440\u0435\u043c\u043d\u044e, \u0447\u0442\u043e \u0434\u0435\u043b\u0430\u0435\u0442 \u043d\u0435\u0432\u043e\u0437\u043c\u043e\u0436\u043d\u044b\u043c \u043f\u043e\u0442\u0435\u0440\u044e \u0438\u043d\u0441\u0442\u0440\u0443\u043c\u0435\u043d\u0442\u0430. \u0425\u0430\u0440\u0430\u043a\u0442\u0435\u0440\u0438\u0441\u0442\u0438\u043a\u0438 \u0412\u0435\u0441 &#8212; 95 \u0433 \u0414\u043b\u0438\u043d\u0430 &#8212; 80 \u0441\u043c \u0434\u043e 150 \u0441\u043c \u041c\u0430\u0442\u0435\u0440\u0438\u0430\u043b &#8212; PES, PAD, \u0441\u0442\u0430\u043b\u044c, \u044d\u043b\u0430\u0441\u0442\u0438\u0447\u043d\u043e\u0435 \u0432\u043e\u043b\u043e\u043a\u043d\u043e \u041c\u0430\u043a\u0441\u0438\u043c\u0430\u043b\u044c\u043d\u0430\u044f \u043d\u0430\u0433\u0440\u0443\u0437\u043a\u0430 &#8212; 3 \u043a\u0433 \u0411\u0440\u0435\u043d\u0434 SINGING ROCK &#8212; \u044d\u0442\u043e \u0447\u0435\u0448\u0441\u043a\u0430\u044f \u043a\u043e\u043c\u043f\u0430\u043d\u0438\u044f, \u0437\u0430\u043d\u0438\u043c\u0430\u044e\u0449\u0430\u044f\u0441\u044f \u043f\u0440\u043e\u0438\u0437\u0432\u043e\u0434\u0441\u0442\u0432\u043e\u043c \u0441\u043d\u0430\u0440\u044f\u0436\u0435\u043d\u0438\u044f \u0434\u043b\u044f \u0441\u043a\u0430\u043b\u043e\u043b\u0430\u0437\u0430\u043d\u0438\u044f \u0438 [&hellip;]<\/p>\n","protected":false},"featured_media":64059,"comment_status":"open","ping_status":"closed","template":"","meta":{"_acf_changed":false,"inline_featured_image":false},"product_brand":[1276],"product_cat":[306],"product_tag":[],"class_list":{"0":"post-62747","1":"product","2":"type-product","3":"status-publish","4":"has-post-thumbnail","6":"product_brand-singing-rock","7":"product_cat-ra-accessories","9":"first","10":"instock","11":"shipping-taxable","12":"purchasable","13":"product-type-simple"},"acf":[],"yoast_head":"<!-- This site is optimized with the Yoast SEO plugin v27.4 - https:\/\/yoast.com\/product\/yoast-seo-wordpress\/ -->\n<title>\u0410\u043a\u0441\u0435\u0441\u0441\u0443\u0430\u0440 Singing Rock Tool Holder Max - \u041c\u0430\u0433\u0430\u0437\u0438\u043d Xstyle<\/title>\n<meta name=\"description\" content=\"\u041a\u0443\u043f\u0438\u0442\u044c \u0430\u043a\u0441\u0435\u0441\u0441\u0443\u0430\u0440 Singing Rock Tool Holder Max. \u0423\u0434\u043e\u0431\u043d\u044b\u0439 \u0438 \u043d\u0430\u0434\u0435\u0436\u043d\u044b\u0439 \u043e\u0440\u0433\u0430\u043d\u0430\u0439\u0437\u0435\u0440 \u0434\u043b\u044f \u0438\u043d\u0441\u0442\u0440\u0443\u043c\u0435\u043d\u0442\u043e\u0432. \u0418\u0434\u0435\u0430\u043b\u0435\u043d \u0434\u043b\u044f \u0430\u043b\u044c\u043f\u0438\u043d\u0438\u0441\u0442\u043e\u0432 \u0438 \u0441\u043a\u0430\u043b\u043e\u043b\u0430\u0437\u043e\u0432.\" \/>\n<meta name=\"robots\" content=\"index, follow, max-snippet:-1, max-image-preview:large, max-video-preview:-1\" \/>\n<link rel=\"canonical\" href=\"https:\/\/xstyle.md\/ro\/produs\/aksessuar-singing-rock-tool-holder-max\/\" \/>\n<meta property=\"og:locale\" content=\"ro_RO\" \/>\n<meta property=\"og:type\" content=\"article\" \/>\n<meta property=\"og:title\" content=\"\u0410\u043a\u0441\u0435\u0441\u0441\u0443\u0430\u0440 Singing Rock Tool Holder Max - \u041c\u0430\u0433\u0430\u0437\u0438\u043d Xstyle\" \/>\n<meta property=\"og:description\" content=\"\u041a\u0443\u043f\u0438\u0442\u044c \u0430\u043a\u0441\u0435\u0441\u0441\u0443\u0430\u0440 Singing Rock Tool Holder Max. \u0423\u0434\u043e\u0431\u043d\u044b\u0439 \u0438 \u043d\u0430\u0434\u0435\u0436\u043d\u044b\u0439 \u043e\u0440\u0433\u0430\u043d\u0430\u0439\u0437\u0435\u0440 \u0434\u043b\u044f \u0438\u043d\u0441\u0442\u0440\u0443\u043c\u0435\u043d\u0442\u043e\u0432. \u0418\u0434\u0435\u0430\u043b\u0435\u043d \u0434\u043b\u044f \u0430\u043b\u044c\u043f\u0438\u043d\u0438\u0441\u0442\u043e\u0432 \u0438 \u0441\u043a\u0430\u043b\u043e\u043b\u0430\u0437\u043e\u0432.\" \/>\n<meta property=\"og:url\" content=\"https:\/\/xstyle.md\/ro\/produs\/aksessuar-singing-rock-tool-holder-max\/\" \/>\n<meta property=\"og:site_name\" content=\"\u041c\u0430\u0433\u0430\u0437\u0438\u043d Xstyle\" \/>\n<meta property=\"article:publisher\" content=\"https:\/\/www.facebook.com\/xstylemd\" \/>\n<meta property=\"article:modified_time\" content=\"2024-10-21T06:55:40+00:00\" \/>\n<meta property=\"og:image\" content=\"https:\/\/xstyle.md\/wp-content\/uploads\/2023\/01\/singing-rock-tool-holder-max.png\" \/>\n\t<meta property=\"og:image:width\" content=\"2000\" \/>\n\t<meta property=\"og:image:height\" content=\"2000\" \/>\n\t<meta property=\"og:image:type\" content=\"image\/png\" \/>\n<meta name=\"twitter:card\" content=\"summary_large_image\" \/>\n<meta name=\"twitter:label1\" content=\"Pre\u021b\" \/>\n\t<meta name=\"twitter:data1\" content=\"255&nbsp;MDL\" \/>\n\t<meta name=\"twitter:label2\" content=\"Disponibilitate\" \/>\n\t<meta name=\"twitter:data2\" content=\"\u00cen stoc\" \/>\n<script type=\"application\/ld+json\" class=\"yoast-schema-graph\">{\"@context\":\"https:\\\/\\\/schema.org\",\"@graph\":[{\"@type\":\"WebPage\",\"@id\":\"https:\\\/\\\/xstyle.md\\\/product\\\/aksessuar-singing-rock-tool-holder-max\\\/\",\"url\":\"https:\\\/\\\/xstyle.md\\\/product\\\/aksessuar-singing-rock-tool-holder-max\\\/\",\"name\":\"\u0410\u043a\u0441\u0435\u0441\u0441\u0443\u0430\u0440 Singing Rock Tool Holder Max - \u041c\u0430\u0433\u0430\u0437\u0438\u043d Xstyle\",\"isPartOf\":{\"@id\":\"https:\\\/\\\/xstyle.md\\\/#website\"},\"primaryImageOfPage\":{\"@id\":\"https:\\\/\\\/xstyle.md\\\/product\\\/aksessuar-singing-rock-tool-holder-max\\\/#primaryimage\"},\"image\":{\"@id\":\"https:\\\/\\\/xstyle.md\\\/product\\\/aksessuar-singing-rock-tool-holder-max\\\/#primaryimage\"},\"thumbnailUrl\":\"https:\\\/\\\/xstyle.md\\\/wp-content\\\/uploads\\\/2023\\\/01\\\/singing-rock-tool-holder-max.png\",\"datePublished\":\"2023-01-10T16:54:07+00:00\",\"dateModified\":\"2024-10-21T06:55:40+00:00\",\"description\":\"\u041a\u0443\u043f\u0438\u0442\u044c \u0430\u043a\u0441\u0435\u0441\u0441\u0443\u0430\u0440 Singing Rock Tool Holder Max. \u0423\u0434\u043e\u0431\u043d\u044b\u0439 \u0438 \u043d\u0430\u0434\u0435\u0436\u043d\u044b\u0439 \u043e\u0440\u0433\u0430\u043d\u0430\u0439\u0437\u0435\u0440 \u0434\u043b\u044f \u0438\u043d\u0441\u0442\u0440\u0443\u043c\u0435\u043d\u0442\u043e\u0432. \u0418\u0434\u0435\u0430\u043b\u0435\u043d \u0434\u043b\u044f \u0430\u043b\u044c\u043f\u0438\u043d\u0438\u0441\u0442\u043e\u0432 \u0438 \u0441\u043a\u0430\u043b\u043e\u043b\u0430\u0437\u043e\u0432.\",\"breadcrumb\":{\"@id\":\"https:\\\/\\\/xstyle.md\\\/product\\\/aksessuar-singing-rock-tool-holder-max\\\/#breadcrumb\"},\"inLanguage\":\"ro-RO\",\"potentialAction\":[{\"@type\":\"ReadAction\",\"target\":[\"https:\\\/\\\/xstyle.md\\\/product\\\/aksessuar-singing-rock-tool-holder-max\\\/\"]}]},{\"@type\":\"ImageObject\",\"inLanguage\":\"ro-RO\",\"@id\":\"https:\\\/\\\/xstyle.md\\\/product\\\/aksessuar-singing-rock-tool-holder-max\\\/#primaryimage\",\"url\":\"https:\\\/\\\/xstyle.md\\\/wp-content\\\/uploads\\\/2023\\\/01\\\/singing-rock-tool-holder-max.png\",\"contentUrl\":\"https:\\\/\\\/xstyle.md\\\/wp-content\\\/uploads\\\/2023\\\/01\\\/singing-rock-tool-holder-max.png\",\"width\":1920,\"height\":1920,\"caption\":\"\u041f\u0435\u043d\u0430\u043b \u0434\u043b\u044f \u0438\u043d\u0441\u0442\u0440\u0443\u043c\u0435\u043d\u0442\u043e\u0432 Singing Rock Tool Holder Max \u0434\u043b\u044f \u0430\u043a\u0442\u0438\u0432\u043d\u043e\u0433\u043e \u043e\u0442\u0434\u044b\u0445\u0430, \u0430\u043b\u044c\u043f\u0438\u043d\u0438\u0437\u043c\u0430 \u0438 \u043f\u0443\u0442\u0435\u0448\u0435\u0441\u0442\u0432\u0438\u0439 \u043d\u0430 \u0441\u0430\u0439\u0442\u0435 \u043c\u0430\u0433\u0430\u0437\u0438\u043d\u0430 \u0441\u043f\u043e\u0440\u0442\u0438\u0432\u043d\u043e\u0439 \u044d\u043a\u0438\u043f\u0438\u0440\u043e\u0432\u043a\u0438 \u0441 \u0430\u043a\u0441\u0435\u0441\u0441\u0443\u0430\u0440\u0430\u043c\u0438 \u0434\u043b\u044f \u0442\u0443\u0440\u0438\u0437\u043c\u0430 \u0438 \u0441\u043a\u0430\u043b\u043e\u043b\u0430\u0437\u0430\u043d\u0438\u044f\"},{\"@type\":\"BreadcrumbList\",\"@id\":\"https:\\\/\\\/xstyle.md\\\/product\\\/aksessuar-singing-rock-tool-holder-max\\\/#breadcrumb\",\"itemListElement\":[{\"@type\":\"ListItem\",\"position\":1,\"name\":\"\u0413\u043b\u0430\u0432\u043d\u0430\u044f \u0441\u0442\u0440\u0430\u043d\u0438\u0446\u0430\",\"item\":\"https:\\\/\\\/xstyle.md\\\/\"},{\"@type\":\"ListItem\",\"position\":2,\"name\":\"\u041c\u0430\u0433\u0430\u0437\u0438\u043d\",\"item\":\"https:\\\/\\\/xstyle.md\\\/shop\\\/\"},{\"@type\":\"ListItem\",\"position\":3,\"name\":\"\u0410\u043a\u0441\u0435\u0441\u0441\u0443\u0430\u0440 Singing Rock Tool Holder Max\"}]},{\"@type\":\"WebSite\",\"@id\":\"https:\\\/\\\/xstyle.md\\\/#website\",\"url\":\"https:\\\/\\\/xstyle.md\\\/\",\"name\":\"\u041c\u0430\u0433\u0430\u0437\u0438\u043d Xstyle\",\"description\":\"C\u043d\u0430\u0440\u044f\u0436\u0435\u043d\u0438\u0435 \u0434\u043b\u044f \u0442\u0443\u0440\u0438\u0437\u043c\u0430 \u0438 \u044d\u043a\u0441\u0442\u0440\u0435\u043c\u0430\u043b\u044c\u043d\u044b\u0445 \u0432\u0438\u0434\u043e\u0432 \u0441\u043f\u043e\u0440\u0442\u0430 \u0432 \u041c\u043e\u043b\u0434\u043e\u0432\u0435.. \u0426\u0435\u043d\u044b, \u0444\u043e\u0442\u043e, \u0445\u0430\u0440\u0430\u043a\u0442\u0435\u0440\u0438\u0441\u0442\u0438\u043a\u0438 \u0432 \u041c\u043e\u043b\u0434\u043e\u0432\u0435.\",\"publisher\":{\"@id\":\"https:\\\/\\\/xstyle.md\\\/#organization\"},\"alternateName\":\"X-Style\",\"potentialAction\":[{\"@type\":\"SearchAction\",\"target\":{\"@type\":\"EntryPoint\",\"urlTemplate\":\"https:\\\/\\\/xstyle.md\\\/?s={search_term_string}\"},\"query-input\":{\"@type\":\"PropertyValueSpecification\",\"valueRequired\":true,\"valueName\":\"search_term_string\"}}],\"inLanguage\":\"ro-RO\"},{\"@type\":\"Organization\",\"@id\":\"https:\\\/\\\/xstyle.md\\\/#organization\",\"name\":\"\u041c\u0430\u0433\u0430\u0437\u0438\u043d Xstyle\",\"alternateName\":\"x-style\",\"url\":\"https:\\\/\\\/xstyle.md\\\/\",\"logo\":{\"@type\":\"ImageObject\",\"inLanguage\":\"ro-RO\",\"@id\":\"https:\\\/\\\/xstyle.md\\\/#\\\/schema\\\/logo\\\/image\\\/\",\"url\":\"https:\\\/\\\/xstyle.md\\\/wp-content\\\/uploads\\\/2020\\\/06\\\/logoicon.svg\",\"contentUrl\":\"https:\\\/\\\/xstyle.md\\\/wp-content\\\/uploads\\\/2020\\\/06\\\/logoicon.svg\",\"caption\":\"\u041c\u0430\u0433\u0430\u0437\u0438\u043d Xstyle\"},\"image\":{\"@id\":\"https:\\\/\\\/xstyle.md\\\/#\\\/schema\\\/logo\\\/image\\\/\"},\"sameAs\":[\"https:\\\/\\\/www.facebook.com\\\/xstylemd\",\"https:\\\/\\\/www.instagram.com\\\/xstyle_md\\\/\",\"https:\\\/\\\/t.me\\\/xstyle_outdoor\"],\"hasMerchantReturnPolicy\":{\"@type\":\"MerchantReturnPolicy\",\"merchantReturnLink\":\"https:\\\/\\\/xstyle.md\\\/ro\\\/conditions\\\/\"}}]}<\/script>\n<meta property=\"product:price:amount\" content=\"255.00\" \/>\n<meta property=\"product:price:currency\" content=\"MDL\" \/>\n<meta property=\"og:availability\" content=\"instock\" \/>\n<meta property=\"product:availability\" content=\"instock\" \/>\n<meta property=\"product:retailer_item_id\" content=\"8595033359239\" \/>\n<meta property=\"product:condition\" content=\"new\" \/>\n<!-- \/ Yoast SEO plugin. -->","yoast_head_json":{"title":"Accesoriu Singing Rock Tool Holder Max - Magazin Xstyle","description":"Cump\u0103ra\u021bi accesoriul Singing Rock Tool Holder Max. Organizator confortabil \u0219i fiabil pentru unelte. Ideal pentru alpinisti \u0219i escaladatori.","robots":{"index":"index","follow":"follow","max-snippet":"max-snippet:-1","max-image-preview":"max-image-preview:large","max-video-preview":"max-video-preview:-1"},"canonical":"https:\/\/xstyle.md\/ro\/produs\/aksessuar-singing-rock-tool-holder-max\/","og_locale":"ro_RO","og_type":"article","og_title":"\u0410\u043a\u0441\u0435\u0441\u0441\u0443\u0430\u0440 Singing Rock Tool Holder Max - \u041c\u0430\u0433\u0430\u0437\u0438\u043d Xstyle","og_description":"\u041a\u0443\u043f\u0438\u0442\u044c \u0430\u043a\u0441\u0435\u0441\u0441\u0443\u0430\u0440 Singing Rock Tool Holder Max. \u0423\u0434\u043e\u0431\u043d\u044b\u0439 \u0438 \u043d\u0430\u0434\u0435\u0436\u043d\u044b\u0439 \u043e\u0440\u0433\u0430\u043d\u0430\u0439\u0437\u0435\u0440 \u0434\u043b\u044f \u0438\u043d\u0441\u0442\u0440\u0443\u043c\u0435\u043d\u0442\u043e\u0432. \u0418\u0434\u0435\u0430\u043b\u0435\u043d \u0434\u043b\u044f \u0430\u043b\u044c\u043f\u0438\u043d\u0438\u0441\u0442\u043e\u0432 \u0438 \u0441\u043a\u0430\u043b\u043e\u043b\u0430\u0437\u043e\u0432.","og_url":"https:\/\/xstyle.md\/ro\/produs\/aksessuar-singing-rock-tool-holder-max\/","og_site_name":"\u041c\u0430\u0433\u0430\u0437\u0438\u043d Xstyle","article_publisher":"https:\/\/www.facebook.com\/xstylemd","article_modified_time":"2024-10-21T06:55:40+00:00","og_image":[{"width":2000,"height":2000,"url":"https:\/\/xstyle.md\/wp-content\/uploads\/2023\/01\/singing-rock-tool-holder-max.png","type":"image\/png"}],"twitter_card":"summary_large_image","twitter_misc":{"Pre\u021b":"255&nbsp;MDL","Disponibilitate":"\u00cen stoc"},"schema":{"@context":"https:\/\/schema.org","@graph":[{"@type":"WebPage","@id":"https:\/\/xstyle.md\/product\/aksessuar-singing-rock-tool-holder-max\/","url":"https:\/\/xstyle.md\/product\/aksessuar-singing-rock-tool-holder-max\/","name":"Accesoriu Singing Rock Tool Holder Max - Magazin Xstyle","isPartOf":{"@id":"https:\/\/xstyle.md\/#website"},"primaryImageOfPage":{"@id":"https:\/\/xstyle.md\/product\/aksessuar-singing-rock-tool-holder-max\/#primaryimage"},"image":{"@id":"https:\/\/xstyle.md\/product\/aksessuar-singing-rock-tool-holder-max\/#primaryimage"},"thumbnailUrl":"https:\/\/xstyle.md\/wp-content\/uploads\/2023\/01\/singing-rock-tool-holder-max.png","datePublished":"2023-01-10T16:54:07+00:00","dateModified":"2024-10-21T06:55:40+00:00","description":"Cump\u0103ra\u021bi accesoriul Singing Rock Tool Holder Max. Organizator confortabil \u0219i fiabil pentru unelte. Ideal pentru alpinisti \u0219i escaladatori.","breadcrumb":{"@id":"https:\/\/xstyle.md\/product\/aksessuar-singing-rock-tool-holder-max\/#breadcrumb"},"inLanguage":"ro-RO","potentialAction":[{"@type":"ReadAction","target":["https:\/\/xstyle.md\/product\/aksessuar-singing-rock-tool-holder-max\/"]}]},{"@type":"ImageObject","inLanguage":"ro-RO","@id":"https:\/\/xstyle.md\/product\/aksessuar-singing-rock-tool-holder-max\/#primaryimage","url":"https:\/\/xstyle.md\/wp-content\/uploads\/2023\/01\/singing-rock-tool-holder-max.png","contentUrl":"https:\/\/xstyle.md\/wp-content\/uploads\/2023\/01\/singing-rock-tool-holder-max.png","width":1920,"height":1920,"caption":"\u041f\u0435\u043d\u0430\u043b \u0434\u043b\u044f \u0438\u043d\u0441\u0442\u0440\u0443\u043c\u0435\u043d\u0442\u043e\u0432 Singing Rock Tool Holder Max \u0434\u043b\u044f \u0430\u043a\u0442\u0438\u0432\u043d\u043e\u0433\u043e \u043e\u0442\u0434\u044b\u0445\u0430, \u0430\u043b\u044c\u043f\u0438\u043d\u0438\u0437\u043c\u0430 \u0438 \u043f\u0443\u0442\u0435\u0448\u0435\u0441\u0442\u0432\u0438\u0439 \u043d\u0430 \u0441\u0430\u0439\u0442\u0435 \u043c\u0430\u0433\u0430\u0437\u0438\u043d\u0430 \u0441\u043f\u043e\u0440\u0442\u0438\u0432\u043d\u043e\u0439 \u044d\u043a\u0438\u043f\u0438\u0440\u043e\u0432\u043a\u0438 \u0441 \u0430\u043a\u0441\u0435\u0441\u0441\u0443\u0430\u0440\u0430\u043c\u0438 \u0434\u043b\u044f \u0442\u0443\u0440\u0438\u0437\u043c\u0430 \u0438 \u0441\u043a\u0430\u043b\u043e\u043b\u0430\u0437\u0430\u043d\u0438\u044f"},{"@type":"BreadcrumbList","@id":"https:\/\/xstyle.md\/product\/aksessuar-singing-rock-tool-holder-max\/#breadcrumb","itemListElement":[{"@type":"ListItem","position":1,"name":"\u0413\u043b\u0430\u0432\u043d\u0430\u044f \u0441\u0442\u0440\u0430\u043d\u0438\u0446\u0430","item":"https:\/\/xstyle.md\/"},{"@type":"ListItem","position":2,"name":"\u041c\u0430\u0433\u0430\u0437\u0438\u043d","item":"https:\/\/xstyle.md\/shop\/"},{"@type":"ListItem","position":3,"name":"\u0410\u043a\u0441\u0435\u0441\u0441\u0443\u0430\u0440 Singing Rock Tool Holder Max"}]},{"@type":"WebSite","@id":"https:\/\/xstyle.md\/#website","url":"https:\/\/xstyle.md\/","name":"Magazinul X-Style","description":"Echipamente pentru turism \u0219i sporturi extreme \u00een Moldova. Pre\u021buri, fotografii, caracteristici \u00een Moldova.","publisher":{"@id":"https:\/\/xstyle.md\/#organization"},"alternateName":"X-Style","potentialAction":[{"@type":"SearchAction","target":{"@type":"EntryPoint","urlTemplate":"https:\/\/xstyle.md\/?s={search_term_string}"},"query-input":{"@type":"PropertyValueSpecification","valueRequired":true,"valueName":"search_term_string"}}],"inLanguage":"ro-RO"},{"@type":"Organization","@id":"https:\/\/xstyle.md\/#organization","name":"Magazinul X-Style","alternateName":"x-style","url":"https:\/\/xstyle.md\/","logo":{"@type":"ImageObject","inLanguage":"ro-RO","@id":"https:\/\/xstyle.md\/#\/schema\/logo\/image\/","url":"https:\/\/xstyle.md\/wp-content\/uploads\/2020\/06\/logoicon.svg","contentUrl":"https:\/\/xstyle.md\/wp-content\/uploads\/2020\/06\/logoicon.svg","caption":"\u041c\u0430\u0433\u0430\u0437\u0438\u043d Xstyle"},"image":{"@id":"https:\/\/xstyle.md\/#\/schema\/logo\/image\/"},"sameAs":["https:\/\/www.facebook.com\/xstylemd","https:\/\/www.instagram.com\/xstyle_md\/","https:\/\/t.me\/xstyle_outdoor"],"hasMerchantReturnPolicy":{"@type":"MerchantReturnPolicy","merchantReturnLink":"https:\/\/xstyle.md\/ro\/conditions\/"}}]},"product_price_amount":"255.00","product_price_currency":"MDL","og_availability":"instock","product_availability":"instock","product_retailer_item_id":"8595033359239","product_condition":"new"},"_links":{"self":[{"href":"https:\/\/xstyle.md\/ro\/wp-json\/wp\/v2\/product\/62747","targetHints":{"allow":["GET"]}}],"collection":[{"href":"https:\/\/xstyle.md\/ro\/wp-json\/wp\/v2\/product"}],"about":[{"href":"https:\/\/xstyle.md\/ro\/wp-json\/wp\/v2\/types\/product"}],"replies":[{"embeddable":true,"href":"https:\/\/xstyle.md\/ro\/wp-json\/wp\/v2\/comments?post=62747"}],"wp:featuredmedia":[{"embeddable":true,"href":"https:\/\/xstyle.md\/ro\/wp-json\/wp\/v2\/media\/64059"}],"wp:attachment":[{"href":"https:\/\/xstyle.md\/ro\/wp-json\/wp\/v2\/media?parent=62747"}],"wp:term":[{"taxonomy":"product_brand","embeddable":true,"href":"https:\/\/xstyle.md\/ro\/wp-json\/wp\/v2\/product_brand?post=62747"},{"taxonomy":"product_cat","embeddable":true,"href":"https:\/\/xstyle.md\/ro\/wp-json\/wp\/v2\/product_cat?post=62747"},{"taxonomy":"product_tag","embeddable":true,"href":"https:\/\/xstyle.md\/ro\/wp-json\/wp\/v2\/product_tag?post=62747"}],"curies":[{"name":"wp","href":"https:\/\/api.w.org\/{rel}","templated":true}]}}