{"id":62725,"date":"2023-01-10T19:54:02","date_gmt":"2023-01-10T16:54:02","guid":{"rendered":"https:\/\/xstyle.md\/?post_type=product&#038;p=62725"},"modified":"2026-03-19T16:51:47","modified_gmt":"2026-03-19T13:51:47","slug":"shtany-rossignol-girl-ski-jr-pink-lift","status":"publish","type":"product","link":"https:\/\/dev.xstyle.md\/ro\/produs\/shtany-rossignol-girl-ski-jr-pink-lift\/","title":{"rendered":"Pantaloni pentru copii Rossignol Girl Ski JR pink lift"},"content":{"rendered":"<p><\/p>\n<p><strong>Rossignol Girl Ski JR<\/strong> &#8212; sunt pantaloni de schi pentru b\u0103ie\u021bi, dota\u021bi cu o membran\u0103 respirabil\u0103 \u0219i impermeabil\u0103 care protejeaz\u0103 \u00eempotriva oric\u0103ror condi\u021bii meteo. Izola\u021bia sintetic\u0103 compact\u0103 ofer\u0103 c\u0103ldur\u0103 f\u0103r\u0103 a ad\u0103uga volum inutil. Protec\u021bia durabil\u0103 din partea inferioar\u0103 a piciorului previne deteriorarea materialului cauzat\u0103 de marginile ascu\u021bite ale schiurilor. \u00cen timp ce paraz\u0103pezile integrate asigur\u0103 o fixare etan\u0219\u0103 pe cl\u0103pari.<\/p>\n<h3>Particularit\u0103\u021bi<\/h3>\n<ul>\n<li>Croial\u0103 dreapt\u0103 &#8212; ofer\u0103 o gam\u0103 larg\u0103 de mi\u0219c\u0103ri.<\/li>\n<li>Izola\u021bie u\u0219oar\u0103 (Insulation 60g) &#8212; asigur\u0103 confortul termic necesar la temperaturi sc\u0103zute.<\/li>\n<li>Protec\u021bie DWR &#8212; \u00eenveli\u0219 exterior hidrofob durabil pentru protec\u021bie \u00eempotriva umidit\u0103\u021bii.<\/li>\n<li>Func\u021bionalitate &#8212; dou\u0103 buzunare pentru m\u00e2ini.<\/li>\n<li>Ajustabilitate &#8212; talie reglabil\u0103 cu scai (velcro).<\/li>\n<li>Design ergonomic &#8212; genunchi preforma\u021bi anatomic pentru libertate de mi\u0219care.<\/li>\n<li>Durabilitate &#8212; protec\u021bie ranforsat\u0103 la marginea inferioar\u0103 a pantalonului.<\/li>\n<\/ul>\n<h3>Caracteristici<\/h3>\n<ul>\n<li>Material \u2014 100% Poliester<\/li>\n<li>Izola\u021bie: Insulation 60g<\/li>\n<li>Impermeabilitate \u2014 20 000 mm<\/li>\n<li>Respirabilitate \u2014 15 000 g\/m\u00b2\/24h<\/li>\n<li>Model \u2014 Copii<\/li>\n<\/ul>\n<h3>Tehnologii<\/h3>\n<ul>\n<li><strong>Insulation 60g<\/strong> &#8212; Izola\u021bie sintetic\u0103 de \u00eenalt\u0103 performan\u021b\u0103 cu greutate optim\u0103. Ofer\u0103 confortul termic necesar f\u0103r\u0103 a ad\u0103uga volum inutil, men\u021bin\u00e2nd flexibilitatea materialului \u0219i libertatea de mi\u0219care.<\/li>\n<li><strong>DWR<\/strong> (Durable Water Repellent) \u2013 este un strat protector aplicat la suprafa\u021ba materialului care \u00eembun\u0103t\u0103\u021be\u0219te propriet\u0103\u021bile func\u021bionale ale hainei. Acesta rezist\u0103 p\u00e2n\u0103 la 10 cicluri de sp\u0103lare \u0219i poate fi re\u00eennoit u\u0219or cu spray-uri specializate (ex. Toko Textile Proof). Varianta DWR C6 este mai prietenoas\u0103 cu mediul \u00eenconjur\u0103tor.<br \/>\n<\/li>\n<\/ul>\n<h3>Marca<\/h3>\n<p>\u00cen urm\u0103 cu mai bine de 100 de ani, mai precis \u00een 1907, \u00een ora\u0219ul Voiron, nu departe de Grenoble (Fran\u021ba), t\u00e2mplarul Abel Rossignol a creat o mic\u0103 firm\u0103 specializat\u0103 \u00een produc\u021bia de produse din lemn pentru industria textil\u0103. Deja \u00een acel moment, Abel Rossignol se g\u00e2ndea cum s\u0103 \u00eenfiin\u021beze produc\u021bia propriilor schiuri din lemn. Patru ani mai t\u00e2rziu, prima pereche de schiuri a v\u0103zut lumina.<\/p>\n<p>Deja \u00een 1911, dup\u0103 o expedi\u021bie \u00een Scandinavia, a fost creat un departament la firma care se ocupa exclusiv de schi. Ast\u0103zi, Rossignol combin\u0103 mai multe m\u0103rci: Rossignol, Dynastar, Lange \u0219i Risport \u0219i ofer\u0103 o gam\u0103 complet\u0103 de echipamente pentru sporturile de iarn\u0103 - totul pentru cei care iubesc sportul.<\/p>","protected":false},"excerpt":{"rendered":"<p>\u0411\u0440\u0435\u043d\u0434 \u0411\u043e\u043b\u0435\u0435 100 \u043b\u0435\u0442 \u043d\u0430\u0437\u0430\u0434, \u0430 \u0442\u043e\u0447\u043d\u0435\u0435 \u0432 1907-\u043c \u0433\u043e\u0434\u0443 \u0432 \u043c\u0435\u0441\u0442\u0435\u0447\u043a\u0435 \u0412\u0443\u0430\u0440\u043e\u043d, \u043d\u0435\u0434\u0430\u043b\u0435\u043a\u043e \u043e\u0442 \u0413\u0440\u0435\u043d\u043e\u0431\u043b\u044f (\u0424\u0440\u0430\u043d\u0446\u0438\u044f) \u043f\u043b\u043e\u0442\u043d\u0438\u043a \u0410\u0431\u0435\u043b\u044c \u0420\u043e\u0441\u0441\u0438\u043d\u044c\u043e\u043b\u044c<\/p>","protected":false},"featured_media":64737,"comment_status":"open","ping_status":"closed","template":"","meta":{"_acf_changed":false,"inline_featured_image":false},"product_brand":[1320],"product_cat":[281],"product_tag":[],"class_list":{"0":"post-62725","1":"product","2":"type-product","3":"status-publish","4":"has-post-thumbnail","6":"product_brand-rossignol","7":"product_cat-kid-trousers","9":"first","10":"instock","11":"shipping-taxable","12":"purchasable","13":"product-type-simple"},"acf":[],"yoast_head":"<!-- This site is optimized with the Yoast SEO plugin v27.5 - https:\/\/yoast.com\/product\/yoast-seo-wordpress\/ -->\n<title>\u0428\u0442\u0430\u043d\u044b Rossignol Girl Ski JR pink lift - \u041c\u0430\u0433\u0430\u0437\u0438\u043d Xstyle<\/title>\n<meta name=\"description\" content=\"&quot;\u0428\u0442\u0430\u043d\u044b Rossignol Girl Ski JR \u0432 \u0440\u043e\u0437\u043e\u0432\u043e\u043c \u0446\u0432\u0435\u0442\u0435: \u0432\u043e\u0434\u043e\u043e\u0442\u0442\u0430\u043b\u043a\u0438\u0432\u0430\u044e\u0449\u0438\u0435, \u043b\u0435\u0433\u043a\u0438\u0435, \u0438\u0434\u0435\u0430\u043b\u044c\u043d\u044b \u0434\u043b\u044f \u044e\u043d\u044b\u0445 \u043b\u044e\u0431\u0438\u0442\u0435\u043b\u044c\u043d\u0438\u0446 \u043b\u044b\u0436. \u0412\u044b\u0441\u043e\u043a\u043e\u0435 \u043a\u0430\u0447\u0435\u0441\u0442\u0432\u043e \u0438 \u0441\u0442\u0438\u043b\u044c \u043e\u0442 Rossignol.&quot;\" \/>\n<meta name=\"robots\" content=\"noindex, follow, max-snippet:-1, max-image-preview:large, max-video-preview:-1\" \/>\n<meta property=\"og:locale\" content=\"ro_RO\" \/>\n<meta property=\"og:type\" content=\"article\" \/>\n<meta property=\"og:title\" content=\"\u0428\u0442\u0430\u043d\u044b Rossignol Girl Ski JR pink lift - \u041c\u0430\u0433\u0430\u0437\u0438\u043d Xstyle\" \/>\n<meta property=\"og:description\" content=\"&quot;\u0428\u0442\u0430\u043d\u044b Rossignol Girl Ski JR \u0432 \u0440\u043e\u0437\u043e\u0432\u043e\u043c \u0446\u0432\u0435\u0442\u0435: \u0432\u043e\u0434\u043e\u043e\u0442\u0442\u0430\u043b\u043a\u0438\u0432\u0430\u044e\u0449\u0438\u0435, \u043b\u0435\u0433\u043a\u0438\u0435, \u0438\u0434\u0435\u0430\u043b\u044c\u043d\u044b \u0434\u043b\u044f \u044e\u043d\u044b\u0445 \u043b\u044e\u0431\u0438\u0442\u0435\u043b\u044c\u043d\u0438\u0446 \u043b\u044b\u0436. \u0412\u044b\u0441\u043e\u043a\u043e\u0435 \u043a\u0430\u0447\u0435\u0441\u0442\u0432\u043e \u0438 \u0441\u0442\u0438\u043b\u044c \u043e\u0442 Rossignol.&quot;\" \/>\n<meta property=\"og:url\" content=\"https:\/\/dev.xstyle.md\/ro\/produs\/shtany-rossignol-girl-ski-jr-pink-lift\/\" \/>\n<meta property=\"og:site_name\" content=\"\u041c\u0430\u0433\u0430\u0437\u0438\u043d Xstyle\" \/>\n<meta property=\"article:publisher\" content=\"https:\/\/www.facebook.com\/xstylemd\" \/>\n<meta property=\"article:modified_time\" content=\"2026-03-19T13:51:47+00:00\" \/>\n<meta property=\"og:image\" content=\"https:\/\/dev.xstyle.md\/wp-content\/uploads\/2023\/01\/rossignol-girl-ski-jr-pink-lift.jpg\" \/>\n\t<meta property=\"og:image:width\" content=\"930\" \/>\n\t<meta property=\"og:image:height\" content=\"931\" \/>\n\t<meta property=\"og:image:type\" content=\"image\/jpeg\" \/>\n<meta name=\"twitter:card\" content=\"summary_large_image\" \/>\n<meta name=\"twitter:label1\" content=\"Pre\u021b\" \/>\n\t<meta name=\"twitter:data1\" content=\"2.290,00&nbsp;MDL\" \/>\n\t<meta name=\"twitter:label2\" content=\"Disponibilitate\" \/>\n\t<meta name=\"twitter:data2\" content=\"\u00cen stoc\" \/>\n<script type=\"application\/ld+json\" class=\"yoast-schema-graph\">{\"@context\":\"https:\\\/\\\/schema.org\",\"@graph\":[{\"@type\":\"WebPage\",\"@id\":\"https:\\\/\\\/dev.xstyle.md\\\/product\\\/shtany-rossignol-girl-ski-jr-pink-lift\\\/\",\"url\":\"https:\\\/\\\/dev.xstyle.md\\\/product\\\/shtany-rossignol-girl-ski-jr-pink-lift\\\/\",\"name\":\"\u0428\u0442\u0430\u043d\u044b Rossignol Girl Ski JR pink lift - \u041c\u0430\u0433\u0430\u0437\u0438\u043d Xstyle\",\"isPartOf\":{\"@id\":\"https:\\\/\\\/dev.xstyle.md\\\/#website\"},\"primaryImageOfPage\":{\"@id\":\"https:\\\/\\\/dev.xstyle.md\\\/product\\\/shtany-rossignol-girl-ski-jr-pink-lift\\\/#primaryimage\"},\"image\":{\"@id\":\"https:\\\/\\\/dev.xstyle.md\\\/product\\\/shtany-rossignol-girl-ski-jr-pink-lift\\\/#primaryimage\"},\"thumbnailUrl\":\"https:\\\/\\\/dev.xstyle.md\\\/wp-content\\\/uploads\\\/2023\\\/01\\\/rossignol-girl-ski-jr-pink-lift.jpg\",\"datePublished\":\"2023-01-10T16:54:02+00:00\",\"dateModified\":\"2026-03-19T13:51:47+00:00\",\"description\":\"\\\"\u0428\u0442\u0430\u043d\u044b Rossignol Girl Ski JR \u0432 \u0440\u043e\u0437\u043e\u0432\u043e\u043c \u0446\u0432\u0435\u0442\u0435: \u0432\u043e\u0434\u043e\u043e\u0442\u0442\u0430\u043b\u043a\u0438\u0432\u0430\u044e\u0449\u0438\u0435, \u043b\u0435\u0433\u043a\u0438\u0435, \u0438\u0434\u0435\u0430\u043b\u044c\u043d\u044b \u0434\u043b\u044f \u044e\u043d\u044b\u0445 \u043b\u044e\u0431\u0438\u0442\u0435\u043b\u044c\u043d\u0438\u0446 \u043b\u044b\u0436. \u0412\u044b\u0441\u043e\u043a\u043e\u0435 \u043a\u0430\u0447\u0435\u0441\u0442\u0432\u043e \u0438 \u0441\u0442\u0438\u043b\u044c \u043e\u0442 Rossignol.\\\"\",\"breadcrumb\":{\"@id\":\"https:\\\/\\\/dev.xstyle.md\\\/product\\\/shtany-rossignol-girl-ski-jr-pink-lift\\\/#breadcrumb\"},\"inLanguage\":\"ro-RO\",\"potentialAction\":[{\"@type\":\"ReadAction\",\"target\":[\"https:\\\/\\\/dev.xstyle.md\\\/product\\\/shtany-rossignol-girl-ski-jr-pink-lift\\\/\"]}]},{\"@type\":\"ImageObject\",\"inLanguage\":\"ro-RO\",\"@id\":\"https:\\\/\\\/dev.xstyle.md\\\/product\\\/shtany-rossignol-girl-ski-jr-pink-lift\\\/#primaryimage\",\"url\":\"https:\\\/\\\/dev.xstyle.md\\\/wp-content\\\/uploads\\\/2023\\\/01\\\/rossignol-girl-ski-jr-pink-lift.jpg\",\"contentUrl\":\"https:\\\/\\\/dev.xstyle.md\\\/wp-content\\\/uploads\\\/2023\\\/01\\\/rossignol-girl-ski-jr-pink-lift.jpg\",\"width\":930,\"height\":931,\"caption\":\"\u0414\u0435\u0442\u0441\u043a\u0438\u0435 \u0448\u0442\u0430\u043d\u044b \u0434\u043b\u044f \u043b\u044b\u0436 Rossignol Girl Ski JR \u0432 \u0440\u043e\u0437\u043e\u0432\u043e\u043c \u0446\u0432\u0435\u0442\u0435 \u0434\u043b\u044f \u0430\u043a\u0442\u0438\u0432\u043d\u043e\u0433\u043e \u043e\u0442\u0434\u044b\u0445\u0430, \u043f\u043e\u0445\u043e\u0434\u043e\u0432 \u0438 \u043f\u0443\u0442\u0435\u0448\u0435\u0441\u0442\u0432\u0438\u0439 \u0441 \u044d\u043a\u0438\u043f\u0438\u0440\u043e\u0432\u043a\u043e\u0439 \u0434\u043b\u044f \u043b\u044b\u0436 \u0438 \u0433\u043e\u0440\u043d\u043e\u0433\u043e \u0442\u0443\u0440\u0438\u0437\u043c\u0430\"},{\"@type\":\"BreadcrumbList\",\"@id\":\"https:\\\/\\\/dev.xstyle.md\\\/product\\\/shtany-rossignol-girl-ski-jr-pink-lift\\\/#breadcrumb\",\"itemListElement\":[{\"@type\":\"ListItem\",\"position\":1,\"name\":\"\u0413\u043b\u0430\u0432\u043d\u0430\u044f \u0441\u0442\u0440\u0430\u043d\u0438\u0446\u0430\",\"item\":\"https:\\\/\\\/dev.xstyle.md\\\/\"},{\"@type\":\"ListItem\",\"position\":2,\"name\":\"Shop\",\"item\":\"https:\\\/\\\/dev.xstyle.md\\\/shop\\\/\"},{\"@type\":\"ListItem\",\"position\":3,\"name\":\"\u0428\u0442\u0430\u043d\u044b Rossignol Girl Ski JR pink lift\"}]},{\"@type\":\"WebSite\",\"@id\":\"https:\\\/\\\/dev.xstyle.md\\\/#website\",\"url\":\"https:\\\/\\\/dev.xstyle.md\\\/\",\"name\":\"\u041c\u0430\u0433\u0430\u0437\u0438\u043d Xstyle\",\"description\":\"C\u043d\u0430\u0440\u044f\u0436\u0435\u043d\u0438\u0435 \u0434\u043b\u044f \u0442\u0443\u0440\u0438\u0437\u043c\u0430 \u0438 \u044d\u043a\u0441\u0442\u0440\u0435\u043c\u0430\u043b\u044c\u043d\u044b\u0445 \u0432\u0438\u0434\u043e\u0432 \u0441\u043f\u043e\u0440\u0442\u0430 \u0432 \u041c\u043e\u043b\u0434\u043e\u0432\u0435.. \u0426\u0435\u043d\u044b, \u0444\u043e\u0442\u043e, \u0445\u0430\u0440\u0430\u043a\u0442\u0435\u0440\u0438\u0441\u0442\u0438\u043a\u0438 \u0432 \u041c\u043e\u043b\u0434\u043e\u0432\u0435.\",\"publisher\":{\"@id\":\"https:\\\/\\\/dev.xstyle.md\\\/#organization\"},\"alternateName\":\"X-Style\",\"potentialAction\":[{\"@type\":\"SearchAction\",\"target\":{\"@type\":\"EntryPoint\",\"urlTemplate\":\"https:\\\/\\\/dev.xstyle.md\\\/?s={search_term_string}\"},\"query-input\":{\"@type\":\"PropertyValueSpecification\",\"valueRequired\":true,\"valueName\":\"search_term_string\"}}],\"inLanguage\":\"ro-RO\"},{\"@type\":\"Organization\",\"@id\":\"https:\\\/\\\/dev.xstyle.md\\\/#organization\",\"name\":\"\u041c\u0430\u0433\u0430\u0437\u0438\u043d Xstyle\",\"alternateName\":\"x-style\",\"url\":\"https:\\\/\\\/dev.xstyle.md\\\/\",\"logo\":{\"@type\":\"ImageObject\",\"inLanguage\":\"ro-RO\",\"@id\":\"https:\\\/\\\/dev.xstyle.md\\\/#\\\/schema\\\/logo\\\/image\\\/\",\"url\":\"https:\\\/\\\/dev.xstyle.md\\\/wp-content\\\/uploads\\\/2020\\\/06\\\/logoicon.svg\",\"contentUrl\":\"https:\\\/\\\/dev.xstyle.md\\\/wp-content\\\/uploads\\\/2020\\\/06\\\/logoicon.svg\",\"caption\":\"\u041c\u0430\u0433\u0430\u0437\u0438\u043d Xstyle\"},\"image\":{\"@id\":\"https:\\\/\\\/dev.xstyle.md\\\/#\\\/schema\\\/logo\\\/image\\\/\"},\"sameAs\":[\"https:\\\/\\\/www.facebook.com\\\/xstylemd\",\"https:\\\/\\\/www.instagram.com\\\/xstyle_md\\\/\",\"https:\\\/\\\/t.me\\\/xstyle_outdoor\"],\"hasMerchantReturnPolicy\":{\"@type\":\"MerchantReturnPolicy\",\"merchantReturnLink\":\"https:\\\/\\\/dev.xstyle.md\\\/ro\\\/conditions\\\/\"}}]}<\/script>\n<meta property=\"product:price:amount\" content=\"2290.00\" \/>\n<meta property=\"product:price:currency\" content=\"MDL\" \/>\n<meta property=\"og:availability\" content=\"instock\" \/>\n<meta property=\"product:availability\" content=\"instock\" \/>\n<meta property=\"product:retailer_item_id\" content=\"3607684075897\" \/>\n<meta property=\"product:condition\" content=\"new\" \/>\n<!-- \/ Yoast SEO plugin. -->","yoast_head_json":{"title":"Pantaloni Rossignol Girl Ski JR roz lift - Magazin Xstyle","description":"\"\\u0428\\u0442\\u0430\\u043d\\u044b Rossignol Girl Ski JR \\u0432 \\u0440\\u043e\\u0437\\u043e\\u0432\\u043e\\u043c \\u0446\\u0432\\u0435\\u0442\\u0435: \\u0432\\u043e\\u0434\\u043e\\u043e\\u0442\\u0442\\u0430\\u043b\\u043a\\u0438\\u0432\\u0430\\u044e\\u0449\\u0438\\u0435, \\u043b\\u0435\\u0433\\u043a\\u0438\\u0435, \\u0438\\u0434\\u0435\\u0430\\u043b\\u044c\\u043d\\u044b \\u0434\\u043b\\u044f \\u044e\\u043d\\u044b\\u0445 \\u043b\\u044e\\u0431\\u0438\\u0442\\u0435\\u043b\\u044c\\u043d\\u0438\\u0446 \\u043b\\u044b\\u0436. \\u0412\\u044b\\u0441\\u043e\\u043a\\u043e\\u0435 \\u043a\\u0430\\u0447\\u0435\\u0441\\u0442\\u0432\\u043e \\u0438 \\u0441\\u0442\\u0438\\u043b\\u044c \\u043e\\u0442 Rossignol.\"","robots":{"index":"noindex","follow":"follow","max-snippet":"max-snippet:-1","max-image-preview":"max-image-preview:large","max-video-preview":"max-video-preview:-1"},"og_locale":"ro_RO","og_type":"article","og_title":"\u0428\u0442\u0430\u043d\u044b Rossignol Girl Ski JR pink lift - \u041c\u0430\u0433\u0430\u0437\u0438\u043d Xstyle","og_description":"\"\u0428\u0442\u0430\u043d\u044b Rossignol Girl Ski JR \u0432 \u0440\u043e\u0437\u043e\u0432\u043e\u043c \u0446\u0432\u0435\u0442\u0435: \u0432\u043e\u0434\u043e\u043e\u0442\u0442\u0430\u043b\u043a\u0438\u0432\u0430\u044e\u0449\u0438\u0435, \u043b\u0435\u0433\u043a\u0438\u0435, \u0438\u0434\u0435\u0430\u043b\u044c\u043d\u044b \u0434\u043b\u044f \u044e\u043d\u044b\u0445 \u043b\u044e\u0431\u0438\u0442\u0435\u043b\u044c\u043d\u0438\u0446 \u043b\u044b\u0436. \u0412\u044b\u0441\u043e\u043a\u043e\u0435 \u043a\u0430\u0447\u0435\u0441\u0442\u0432\u043e \u0438 \u0441\u0442\u0438\u043b\u044c \u043e\u0442 Rossignol.\"","og_url":"https:\/\/dev.xstyle.md\/ro\/produs\/shtany-rossignol-girl-ski-jr-pink-lift\/","og_site_name":"\u041c\u0430\u0433\u0430\u0437\u0438\u043d Xstyle","article_publisher":"https:\/\/www.facebook.com\/xstylemd","article_modified_time":"2026-03-19T13:51:47+00:00","og_image":[{"width":930,"height":931,"url":"https:\/\/dev.xstyle.md\/wp-content\/uploads\/2023\/01\/rossignol-girl-ski-jr-pink-lift.jpg","type":"image\/jpeg"}],"twitter_card":"summary_large_image","twitter_misc":{"Pre\u021b":"2.290,00&nbsp;MDL","Disponibilitate":"\u00cen stoc"},"schema":{"@context":"https:\/\/schema.org","@graph":[{"@type":"WebPage","@id":"https:\/\/dev.xstyle.md\/product\/shtany-rossignol-girl-ski-jr-pink-lift\/","url":"https:\/\/dev.xstyle.md\/product\/shtany-rossignol-girl-ski-jr-pink-lift\/","name":"Pantaloni Rossignol Girl Ski JR roz lift - Magazin Xstyle","isPartOf":{"@id":"https:\/\/dev.xstyle.md\/#website"},"primaryImageOfPage":{"@id":"https:\/\/dev.xstyle.md\/product\/shtany-rossignol-girl-ski-jr-pink-lift\/#primaryimage"},"image":{"@id":"https:\/\/dev.xstyle.md\/product\/shtany-rossignol-girl-ski-jr-pink-lift\/#primaryimage"},"thumbnailUrl":"https:\/\/dev.xstyle.md\/wp-content\/uploads\/2023\/01\/rossignol-girl-ski-jr-pink-lift.jpg","datePublished":"2023-01-10T16:54:02+00:00","dateModified":"2026-03-19T13:51:47+00:00","description":"\"\\u0428\\u0442\\u0430\\u043d\\u044b Rossignol Girl Ski JR \\u0432 \\u0440\\u043e\\u0437\\u043e\\u0432\\u043e\\u043c \\u0446\\u0432\\u0435\\u0442\\u0435: \\u0432\\u043e\\u0434\\u043e\\u043e\\u0442\\u0442\\u0430\\u043b\\u043a\\u0438\\u0432\\u0430\\u044e\\u0449\\u0438\\u0435, \\u043b\\u0435\\u0433\\u043a\\u0438\\u0435, \\u0438\\u0434\\u0435\\u0430\\u043b\\u044c\\u043d\\u044b \\u0434\\u043b\\u044f \\u044e\\u043d\\u044b\\u0445 \\u043b\\u044e\\u0431\\u0438\\u0442\\u0435\\u043b\\u044c\\u043d\\u0438\\u0446 \\u043b\\u044b\\u0436. \\u0412\\u044b\\u0441\\u043e\\u043a\\u043e\\u0435 \\u043a\\u0430\\u0447\\u0435\\u0441\\u0442\\u0432\\u043e \\u0438 \\u0441\\u0442\\u0438\\u043b\\u044c \\u043e\\u0442 Rossignol.\"","breadcrumb":{"@id":"https:\/\/dev.xstyle.md\/product\/shtany-rossignol-girl-ski-jr-pink-lift\/#breadcrumb"},"inLanguage":"ro-RO","potentialAction":[{"@type":"ReadAction","target":["https:\/\/dev.xstyle.md\/product\/shtany-rossignol-girl-ski-jr-pink-lift\/"]}]},{"@type":"ImageObject","inLanguage":"ro-RO","@id":"https:\/\/dev.xstyle.md\/product\/shtany-rossignol-girl-ski-jr-pink-lift\/#primaryimage","url":"https:\/\/dev.xstyle.md\/wp-content\/uploads\/2023\/01\/rossignol-girl-ski-jr-pink-lift.jpg","contentUrl":"https:\/\/dev.xstyle.md\/wp-content\/uploads\/2023\/01\/rossignol-girl-ski-jr-pink-lift.jpg","width":930,"height":931,"caption":"\u0414\u0435\u0442\u0441\u043a\u0438\u0435 \u0448\u0442\u0430\u043d\u044b \u0434\u043b\u044f \u043b\u044b\u0436 Rossignol Girl Ski JR \u0432 \u0440\u043e\u0437\u043e\u0432\u043e\u043c \u0446\u0432\u0435\u0442\u0435 \u0434\u043b\u044f \u0430\u043a\u0442\u0438\u0432\u043d\u043e\u0433\u043e \u043e\u0442\u0434\u044b\u0445\u0430, \u043f\u043e\u0445\u043e\u0434\u043e\u0432 \u0438 \u043f\u0443\u0442\u0435\u0448\u0435\u0441\u0442\u0432\u0438\u0439 \u0441 \u044d\u043a\u0438\u043f\u0438\u0440\u043e\u0432\u043a\u043e\u0439 \u0434\u043b\u044f \u043b\u044b\u0436 \u0438 \u0433\u043e\u0440\u043d\u043e\u0433\u043e \u0442\u0443\u0440\u0438\u0437\u043c\u0430"},{"@type":"BreadcrumbList","@id":"https:\/\/dev.xstyle.md\/product\/shtany-rossignol-girl-ski-jr-pink-lift\/#breadcrumb","itemListElement":[{"@type":"ListItem","position":1,"name":"\u0413\u043b\u0430\u0432\u043d\u0430\u044f \u0441\u0442\u0440\u0430\u043d\u0438\u0446\u0430","item":"https:\/\/dev.xstyle.md\/"},{"@type":"ListItem","position":2,"name":"Shop","item":"https:\/\/dev.xstyle.md\/shop\/"},{"@type":"ListItem","position":3,"name":"\u0428\u0442\u0430\u043d\u044b Rossignol Girl Ski JR pink lift"}]},{"@type":"WebSite","@id":"https:\/\/dev.xstyle.md\/#website","url":"https:\/\/dev.xstyle.md\/","name":"Magazinul X-Style","description":"Echipamente pentru turism \u0219i sporturi extreme \u00een Moldova. Pre\u021buri, fotografii, caracteristici \u00een Moldova.","publisher":{"@id":"https:\/\/dev.xstyle.md\/#organization"},"alternateName":"X-Style","potentialAction":[{"@type":"SearchAction","target":{"@type":"EntryPoint","urlTemplate":"https:\/\/dev.xstyle.md\/?s={search_term_string}"},"query-input":{"@type":"PropertyValueSpecification","valueRequired":true,"valueName":"search_term_string"}}],"inLanguage":"ro-RO"},{"@type":"Organization","@id":"https:\/\/dev.xstyle.md\/#organization","name":"Magazinul X-Style","alternateName":"x-style","url":"https:\/\/dev.xstyle.md\/","logo":{"@type":"ImageObject","inLanguage":"ro-RO","@id":"https:\/\/dev.xstyle.md\/#\/schema\/logo\/image\/","url":"https:\/\/dev.xstyle.md\/wp-content\/uploads\/2020\/06\/logoicon.svg","contentUrl":"https:\/\/dev.xstyle.md\/wp-content\/uploads\/2020\/06\/logoicon.svg","caption":"\u041c\u0430\u0433\u0430\u0437\u0438\u043d Xstyle"},"image":{"@id":"https:\/\/dev.xstyle.md\/#\/schema\/logo\/image\/"},"sameAs":["https:\/\/www.facebook.com\/xstylemd","https:\/\/www.instagram.com\/xstyle_md\/","https:\/\/t.me\/xstyle_outdoor"],"hasMerchantReturnPolicy":{"@type":"MerchantReturnPolicy","merchantReturnLink":"https:\/\/dev.xstyle.md\/ro\/conditions\/"}}]},"product_price_amount":"2290.00","product_price_currency":"MDL","og_availability":"instock","product_availability":"instock","product_retailer_item_id":"3607684075897","product_condition":"new"},"post_mailing_queue_ids":[],"_links":{"self":[{"href":"https:\/\/dev.xstyle.md\/ro\/wp-json\/wp\/v2\/product\/62725","targetHints":{"allow":["GET"]}}],"collection":[{"href":"https:\/\/dev.xstyle.md\/ro\/wp-json\/wp\/v2\/product"}],"about":[{"href":"https:\/\/dev.xstyle.md\/ro\/wp-json\/wp\/v2\/types\/product"}],"replies":[{"embeddable":true,"href":"https:\/\/dev.xstyle.md\/ro\/wp-json\/wp\/v2\/comments?post=62725"}],"version-history":[{"count":1,"href":"https:\/\/dev.xstyle.md\/ro\/wp-json\/wp\/v2\/product\/62725\/revisions"}],"predecessor-version":[{"id":99865,"href":"https:\/\/dev.xstyle.md\/ro\/wp-json\/wp\/v2\/product\/62725\/revisions\/99865"}],"wp:featuredmedia":[{"embeddable":true,"href":"https:\/\/dev.xstyle.md\/ro\/wp-json\/wp\/v2\/media\/64737"}],"wp:attachment":[{"href":"https:\/\/dev.xstyle.md\/ro\/wp-json\/wp\/v2\/media?parent=62725"}],"wp:term":[{"taxonomy":"product_brand","embeddable":true,"href":"https:\/\/dev.xstyle.md\/ro\/wp-json\/wp\/v2\/product_brand?post=62725"},{"taxonomy":"product_cat","embeddable":true,"href":"https:\/\/dev.xstyle.md\/ro\/wp-json\/wp\/v2\/product_cat?post=62725"},{"taxonomy":"product_tag","embeddable":true,"href":"https:\/\/dev.xstyle.md\/ro\/wp-json\/wp\/v2\/product_tag?post=62725"}],"curies":[{"name":"wp","href":"https:\/\/api.w.org\/{rel}","templated":true}]}}