{"id":62685,"date":"2023-01-10T19:53:54","date_gmt":"2023-01-10T16:53:54","guid":{"rendered":"https:\/\/xstyle.md\/?post_type=product&#038;p=62685"},"modified":"2026-03-19T16:51:40","modified_gmt":"2026-03-19T13:51:40","slug":"krossovki-black-diamond-prime-amber-carbon","status":"publish","type":"product","link":"https:\/\/xstyle.md\/ro\/produs\/krossovki-black-diamond-prime-amber-carbon\/","title":{"rendered":"Adida\u0219i Black Diamond Prime amber carbon"},"content":{"rendered":"<\/p>\n<p><strong>Black Diamond Prime<\/strong> adidasii pentru b\u0103rba\u021bi u\u0219ori \u0219i confortabili, conceputi pentru confort. Partea superioar\u0103 din piele intoars\u0103 ofer\u0103 o potrivire adaptiva si rezistenta la schimbarile temperaturii. Adidasii sunt potriviti pentru drumetii datorit\u0103 t\u0103lpii tenace din cauciuc BlackLabel-Street. Un v\u00e2rf de cauciuc cu protec\u021bie suplimentar\u0103 \u0219i o bucl\u0103 pentru c\u0103lc\u00e2i permite ca adidasii s\u0103 fie ata\u0219a\u021bi la rucsac dup\u0103 trecerea la incaltamintea mai rigida atunci c\u00e2nd \u00eencepe escalada.<\/p>\n<h3>Particularit\u0103\u021bi<\/h3>\n<ul>\n<li>Protec\u021bie din cauciuc pentru v\u00e2rfuri<\/li>\n<li>Varful din cauciuc ranforsat<\/li>\n<li>Talp\u0103 de cauciuc tenace BlackLabel-Street<\/li>\n<li>Talp\u0103 intermediar\u0103 EVA turnat\u0103 confortabil\u0103<\/li>\n<li>Partea superioar\u0103 din piele intoarsa de \u00eenalt\u0103 calitate cu c\u0103ptu\u0219eal\u0103 rezistent\u0103<\/li>\n<li>Diferite op\u021biuni de \u0219ireturi pentru o potrivire exact\u0103<\/li>\n<li>Amortizarea din talpa intermediar\u0103 din spum\u0103 EVA \u00ee\u021bi va men\u021bine pasul amortizat<\/li>\n<li>Forma v\u00e2rfului \u0219i designul p\u0103r\u021bii superioare inspirate de designul incaltamintei pentru alpinism.<\/li>\n<\/ul>\n<h3>Caracteristici<\/h3>\n<ul>\n<li>Partea superioar\u0103 este din piele intoarsa<\/li>\n<li>Talp\u0103 exterioar\u0103 &#8212; EVA<\/li>\n<li>Talp\u0103 exterioar\u0103 &#8212; BD BlackLabel<\/li>\n<li>Destina\u021bie &#8212; trekking \/ ora\u0219<\/li>\n<li>Sezonul - demi-sezon<\/li>\n<li>Model - b\u0103rba\u021bi<\/li>\n<\/ul>\n<h3>Marca<\/h3>\n<p>Compania american\u0103 Black Diamond &#8212; este crea\u021bia legendei alpinismului Yvon Chouinard. \u00cencep\u00e2nd cu fabricarea de c\u00e2rlige de st\u00e2nc\u0103 pentru uz propriu \u00een forja sa improvizat\u0103, a creat un \u00eentreg imperiu \u00een lumea activit\u0103\u021bilor \u00een aer liber &#8212; Chouinard Equipment, Patagonia, Black Diamond. \u00cen prezent, Black Diamond este unul dintre cei mai importan\u021bi produc\u0103tori de echipamente pentru freeride, ski-touring, alpinism \u0219i alte sporturi montane, cu o serie de tehnologii \u0219i premii unice. Gama de \u00eembr\u0103c\u0103minte Black Diamond a fost recent ad\u0103ugat\u0103 in asortiment.<\/p>\n<p>","protected":false},"excerpt":{"rendered":"","protected":false},"featured_media":64842,"comment_status":"open","ping_status":"closed","template":"","meta":{"_acf_changed":false,"inline_featured_image":false},"product_brand":[1306],"product_cat":[142],"product_tag":[],"class_list":{"0":"post-62685","1":"product","2":"type-product","3":"status-publish","4":"has-post-thumbnail","6":"product_brand-black-diamond","7":"product_cat-sport-shoes","9":"first","10":"instock","11":"shipping-taxable","12":"purchasable","13":"product-type-simple"},"acf":[],"yoast_head":"<!-- This site is optimized with the Yoast SEO plugin v27.4 - https:\/\/yoast.com\/product\/yoast-seo-wordpress\/ -->\n<title>\u041a\u0440\u043e\u0441\u0441\u043e\u0432\u043a\u0438 Black Diamond Prime amber carbon - \u041c\u0430\u0433\u0430\u0437\u0438\u043d Xstyle<\/title>\n<meta name=\"description\" content=\"\u041a\u0440\u043e\u0441\u0441\u043e\u0432\u043a\u0438 Black Diamond Prime amber carbon - \u043b\u0435\u0433\u043a\u0438\u0435 \u0438 \u043a\u043e\u043c\u0444\u043e\u0440\u0442\u043d\u044b\u0435, \u0438\u0434\u0435\u0430\u043b\u044c\u043d\u044b \u0434\u043b\u044f \u043f\u043e\u0445\u043e\u0434\u043e\u0432. \u0412\u0435\u0440\u0445 \u0438\u0437 \u0437\u0430\u043c\u0448\u0438 \u043e\u0431\u0435\u0441\u043f\u0435\u0447\u0438\u0432\u0430\u0435\u0442 \u0430\u0434\u0430\u043f\u0442\u0438\u0432\u043d\u0443\u044e \u043f\u043e\u0441\u0430\u0434\u043a\u0443 \u0438 \u0434\u043e\u043b\u0433\u043e\u0432\u0435\u0447\u043d\u043e\u0441\u0442\u044c.\" \/>\n<meta name=\"robots\" content=\"index, follow, max-snippet:-1, max-image-preview:large, max-video-preview:-1\" \/>\n<link rel=\"canonical\" href=\"https:\/\/xstyle.md\/ro\/produs\/krossovki-black-diamond-prime-amber-carbon\/\" \/>\n<meta property=\"og:locale\" content=\"ro_RO\" \/>\n<meta property=\"og:type\" content=\"article\" \/>\n<meta property=\"og:title\" content=\"\u041a\u0440\u043e\u0441\u0441\u043e\u0432\u043a\u0438 Black Diamond Prime amber carbon - \u041c\u0430\u0433\u0430\u0437\u0438\u043d Xstyle\" \/>\n<meta property=\"og:description\" content=\"\u041a\u0440\u043e\u0441\u0441\u043e\u0432\u043a\u0438 Black Diamond Prime amber carbon - \u043b\u0435\u0433\u043a\u0438\u0435 \u0438 \u043a\u043e\u043c\u0444\u043e\u0440\u0442\u043d\u044b\u0435, \u0438\u0434\u0435\u0430\u043b\u044c\u043d\u044b \u0434\u043b\u044f \u043f\u043e\u0445\u043e\u0434\u043e\u0432. \u0412\u0435\u0440\u0445 \u0438\u0437 \u0437\u0430\u043c\u0448\u0438 \u043e\u0431\u0435\u0441\u043f\u0435\u0447\u0438\u0432\u0430\u0435\u0442 \u0430\u0434\u0430\u043f\u0442\u0438\u0432\u043d\u0443\u044e \u043f\u043e\u0441\u0430\u0434\u043a\u0443 \u0438 \u0434\u043e\u043b\u0433\u043e\u0432\u0435\u0447\u043d\u043e\u0441\u0442\u044c.\" \/>\n<meta property=\"og:url\" content=\"https:\/\/xstyle.md\/ro\/produs\/krossovki-black-diamond-prime-amber-carbon\/\" \/>\n<meta property=\"og:site_name\" content=\"\u041c\u0430\u0433\u0430\u0437\u0438\u043d Xstyle\" \/>\n<meta property=\"article:publisher\" content=\"https:\/\/www.facebook.com\/xstylemd\" \/>\n<meta property=\"article:modified_time\" content=\"2026-03-19T13:51:40+00:00\" \/>\n<meta property=\"og:image\" content=\"https:\/\/xstyle.md\/wp-content\/uploads\/2023\/01\/black-diamond-prime-amber-carbon.jpg\" \/>\n\t<meta property=\"og:image:width\" content=\"2144\" \/>\n\t<meta property=\"og:image:height\" content=\"2078\" \/>\n\t<meta property=\"og:image:type\" content=\"image\/jpeg\" \/>\n<meta name=\"twitter:card\" content=\"summary_large_image\" \/>\n<meta name=\"twitter:label1\" content=\"Pre\u021b\" \/>\n\t<meta name=\"twitter:data1\" content=\"2.790&nbsp;MDL\" \/>\n\t<meta name=\"twitter:label2\" content=\"Disponibilitate\" \/>\n\t<meta name=\"twitter:data2\" content=\"\u00cen stoc\" \/>\n<script type=\"application\/ld+json\" class=\"yoast-schema-graph\">{\"@context\":\"https:\\\/\\\/schema.org\",\"@graph\":[{\"@type\":\"WebPage\",\"@id\":\"https:\\\/\\\/xstyle.md\\\/product\\\/krossovki-black-diamond-prime-amber-carbon\\\/\",\"url\":\"https:\\\/\\\/xstyle.md\\\/product\\\/krossovki-black-diamond-prime-amber-carbon\\\/\",\"name\":\"\u041a\u0440\u043e\u0441\u0441\u043e\u0432\u043a\u0438 Black Diamond Prime amber carbon - \u041c\u0430\u0433\u0430\u0437\u0438\u043d Xstyle\",\"isPartOf\":{\"@id\":\"https:\\\/\\\/xstyle.md\\\/#website\"},\"primaryImageOfPage\":{\"@id\":\"https:\\\/\\\/xstyle.md\\\/product\\\/krossovki-black-diamond-prime-amber-carbon\\\/#primaryimage\"},\"image\":{\"@id\":\"https:\\\/\\\/xstyle.md\\\/product\\\/krossovki-black-diamond-prime-amber-carbon\\\/#primaryimage\"},\"thumbnailUrl\":\"https:\\\/\\\/xstyle.md\\\/wp-content\\\/uploads\\\/2023\\\/01\\\/black-diamond-prime-amber-carbon.jpg\",\"datePublished\":\"2023-01-10T16:53:54+00:00\",\"dateModified\":\"2026-03-19T13:51:40+00:00\",\"description\":\"\u041a\u0440\u043e\u0441\u0441\u043e\u0432\u043a\u0438 Black Diamond Prime amber carbon - \u043b\u0435\u0433\u043a\u0438\u0435 \u0438 \u043a\u043e\u043c\u0444\u043e\u0440\u0442\u043d\u044b\u0435, \u0438\u0434\u0435\u0430\u043b\u044c\u043d\u044b \u0434\u043b\u044f \u043f\u043e\u0445\u043e\u0434\u043e\u0432. \u0412\u0435\u0440\u0445 \u0438\u0437 \u0437\u0430\u043c\u0448\u0438 \u043e\u0431\u0435\u0441\u043f\u0435\u0447\u0438\u0432\u0430\u0435\u0442 \u0430\u0434\u0430\u043f\u0442\u0438\u0432\u043d\u0443\u044e \u043f\u043e\u0441\u0430\u0434\u043a\u0443 \u0438 \u0434\u043e\u043b\u0433\u043e\u0432\u0435\u0447\u043d\u043e\u0441\u0442\u044c.\",\"breadcrumb\":{\"@id\":\"https:\\\/\\\/xstyle.md\\\/product\\\/krossovki-black-diamond-prime-amber-carbon\\\/#breadcrumb\"},\"inLanguage\":\"ro-RO\",\"potentialAction\":[{\"@type\":\"ReadAction\",\"target\":[\"https:\\\/\\\/xstyle.md\\\/product\\\/krossovki-black-diamond-prime-amber-carbon\\\/\"]}]},{\"@type\":\"ImageObject\",\"inLanguage\":\"ro-RO\",\"@id\":\"https:\\\/\\\/xstyle.md\\\/product\\\/krossovki-black-diamond-prime-amber-carbon\\\/#primaryimage\",\"url\":\"https:\\\/\\\/xstyle.md\\\/wp-content\\\/uploads\\\/2023\\\/01\\\/black-diamond-prime-amber-carbon.jpg\",\"contentUrl\":\"https:\\\/\\\/xstyle.md\\\/wp-content\\\/uploads\\\/2023\\\/01\\\/black-diamond-prime-amber-carbon.jpg\",\"width\":1920,\"height\":1861,\"caption\":\"\u041a\u0440\u043e\u0441\u0441\u043e\u0432\u043a\u0438 Black Diamond Prime amber carbon \u0434\u043b\u044f \u0430\u043a\u0442\u0438\u0432\u043d\u043e\u0433\u043e \u043e\u0442\u0434\u044b\u0445\u0430 \u043d\u043e\u0447\u043b\u0435\u0433\u0430 \u043f\u043e\u0445\u043e\u0434\u043e\u0432 \u0430\u043b\u044c\u043f\u0438\u043d\u0438\u0437\u043c\u0430 \u0438 \u043f\u0443\u0442\u0435\u0448\u0435\u0441\u0442\u0432\u0438\u0439 \u0432 \u0438\u043d\u0442\u0435\u0440\u043d\u0435\u0442-\u043c\u0430\u0433\u0430\u0437\u0438\u043d\u0435 \u0442\u043e\u0432\u0430\u0440\u043e\u0432 \u0434\u043b\u044f \u0430\u043a\u0442\u0438\u0432\u043d\u043e\u0439 \u0436\u0438\u0437\u043d\u0438\"},{\"@type\":\"BreadcrumbList\",\"@id\":\"https:\\\/\\\/xstyle.md\\\/product\\\/krossovki-black-diamond-prime-amber-carbon\\\/#breadcrumb\",\"itemListElement\":[{\"@type\":\"ListItem\",\"position\":1,\"name\":\"\u0413\u043b\u0430\u0432\u043d\u0430\u044f \u0441\u0442\u0440\u0430\u043d\u0438\u0446\u0430\",\"item\":\"https:\\\/\\\/xstyle.md\\\/\"},{\"@type\":\"ListItem\",\"position\":2,\"name\":\"\u041c\u0430\u0433\u0430\u0437\u0438\u043d\",\"item\":\"https:\\\/\\\/xstyle.md\\\/shop\\\/\"},{\"@type\":\"ListItem\",\"position\":3,\"name\":\"\u041a\u0440\u043e\u0441\u0441\u043e\u0432\u043a\u0438 Black Diamond Prime amber carbon\"}]},{\"@type\":\"WebSite\",\"@id\":\"https:\\\/\\\/xstyle.md\\\/#website\",\"url\":\"https:\\\/\\\/xstyle.md\\\/\",\"name\":\"\u041c\u0430\u0433\u0430\u0437\u0438\u043d Xstyle\",\"description\":\"C\u043d\u0430\u0440\u044f\u0436\u0435\u043d\u0438\u0435 \u0434\u043b\u044f \u0442\u0443\u0440\u0438\u0437\u043c\u0430 \u0438 \u044d\u043a\u0441\u0442\u0440\u0435\u043c\u0430\u043b\u044c\u043d\u044b\u0445 \u0432\u0438\u0434\u043e\u0432 \u0441\u043f\u043e\u0440\u0442\u0430 \u0432 \u041c\u043e\u043b\u0434\u043e\u0432\u0435.. \u0426\u0435\u043d\u044b, \u0444\u043e\u0442\u043e, \u0445\u0430\u0440\u0430\u043a\u0442\u0435\u0440\u0438\u0441\u0442\u0438\u043a\u0438 \u0432 \u041c\u043e\u043b\u0434\u043e\u0432\u0435.\",\"publisher\":{\"@id\":\"https:\\\/\\\/xstyle.md\\\/#organization\"},\"alternateName\":\"X-Style\",\"potentialAction\":[{\"@type\":\"SearchAction\",\"target\":{\"@type\":\"EntryPoint\",\"urlTemplate\":\"https:\\\/\\\/xstyle.md\\\/?s={search_term_string}\"},\"query-input\":{\"@type\":\"PropertyValueSpecification\",\"valueRequired\":true,\"valueName\":\"search_term_string\"}}],\"inLanguage\":\"ro-RO\"},{\"@type\":\"Organization\",\"@id\":\"https:\\\/\\\/xstyle.md\\\/#organization\",\"name\":\"\u041c\u0430\u0433\u0430\u0437\u0438\u043d Xstyle\",\"alternateName\":\"x-style\",\"url\":\"https:\\\/\\\/xstyle.md\\\/\",\"logo\":{\"@type\":\"ImageObject\",\"inLanguage\":\"ro-RO\",\"@id\":\"https:\\\/\\\/xstyle.md\\\/#\\\/schema\\\/logo\\\/image\\\/\",\"url\":\"https:\\\/\\\/xstyle.md\\\/wp-content\\\/uploads\\\/2020\\\/06\\\/logoicon.svg\",\"contentUrl\":\"https:\\\/\\\/xstyle.md\\\/wp-content\\\/uploads\\\/2020\\\/06\\\/logoicon.svg\",\"caption\":\"\u041c\u0430\u0433\u0430\u0437\u0438\u043d Xstyle\"},\"image\":{\"@id\":\"https:\\\/\\\/xstyle.md\\\/#\\\/schema\\\/logo\\\/image\\\/\"},\"sameAs\":[\"https:\\\/\\\/www.facebook.com\\\/xstylemd\",\"https:\\\/\\\/www.instagram.com\\\/xstyle_md\\\/\",\"https:\\\/\\\/t.me\\\/xstyle_outdoor\"],\"hasMerchantReturnPolicy\":{\"@type\":\"MerchantReturnPolicy\",\"merchantReturnLink\":\"https:\\\/\\\/xstyle.md\\\/ro\\\/conditions\\\/\"}}]}<\/script>\n<meta property=\"product:price:amount\" content=\"2790.00\" \/>\n<meta property=\"product:price:currency\" content=\"MDL\" \/>\n<meta property=\"og:availability\" content=\"instock\" \/>\n<meta property=\"product:availability\" content=\"instock\" \/>\n<meta property=\"product:retailer_item_id\" content=\"793661484721\" \/>\n<meta property=\"product:condition\" content=\"new\" \/>\n<!-- \/ Yoast SEO plugin. -->","yoast_head_json":{"title":"Adidasii Black Diamond Prime amber carbon - Magazin Xstyle","description":"Ciorapii Black Diamond Prime amber carbon - u\u0219ori \u0219i confortabili, ideali pentru drume\u021bii. Partea superioar\u0103 din piele \u00eentoars\u0103 asigur\u0103 o potrivire adaptativ\u0103 \u0219i durabilitate.","robots":{"index":"index","follow":"follow","max-snippet":"max-snippet:-1","max-image-preview":"max-image-preview:large","max-video-preview":"max-video-preview:-1"},"canonical":"https:\/\/xstyle.md\/ro\/produs\/krossovki-black-diamond-prime-amber-carbon\/","og_locale":"ro_RO","og_type":"article","og_title":"\u041a\u0440\u043e\u0441\u0441\u043e\u0432\u043a\u0438 Black Diamond Prime amber carbon - \u041c\u0430\u0433\u0430\u0437\u0438\u043d Xstyle","og_description":"\u041a\u0440\u043e\u0441\u0441\u043e\u0432\u043a\u0438 Black Diamond Prime amber carbon - \u043b\u0435\u0433\u043a\u0438\u0435 \u0438 \u043a\u043e\u043c\u0444\u043e\u0440\u0442\u043d\u044b\u0435, \u0438\u0434\u0435\u0430\u043b\u044c\u043d\u044b \u0434\u043b\u044f \u043f\u043e\u0445\u043e\u0434\u043e\u0432. \u0412\u0435\u0440\u0445 \u0438\u0437 \u0437\u0430\u043c\u0448\u0438 \u043e\u0431\u0435\u0441\u043f\u0435\u0447\u0438\u0432\u0430\u0435\u0442 \u0430\u0434\u0430\u043f\u0442\u0438\u0432\u043d\u0443\u044e \u043f\u043e\u0441\u0430\u0434\u043a\u0443 \u0438 \u0434\u043e\u043b\u0433\u043e\u0432\u0435\u0447\u043d\u043e\u0441\u0442\u044c.","og_url":"https:\/\/xstyle.md\/ro\/produs\/krossovki-black-diamond-prime-amber-carbon\/","og_site_name":"\u041c\u0430\u0433\u0430\u0437\u0438\u043d Xstyle","article_publisher":"https:\/\/www.facebook.com\/xstylemd","article_modified_time":"2026-03-19T13:51:40+00:00","og_image":[{"width":2144,"height":2078,"url":"https:\/\/xstyle.md\/wp-content\/uploads\/2023\/01\/black-diamond-prime-amber-carbon.jpg","type":"image\/jpeg"}],"twitter_card":"summary_large_image","twitter_misc":{"Pre\u021b":"2.790&nbsp;MDL","Disponibilitate":"\u00cen stoc"},"schema":{"@context":"https:\/\/schema.org","@graph":[{"@type":"WebPage","@id":"https:\/\/xstyle.md\/product\/krossovki-black-diamond-prime-amber-carbon\/","url":"https:\/\/xstyle.md\/product\/krossovki-black-diamond-prime-amber-carbon\/","name":"Adidasii Black Diamond Prime amber carbon - Magazin Xstyle","isPartOf":{"@id":"https:\/\/xstyle.md\/#website"},"primaryImageOfPage":{"@id":"https:\/\/xstyle.md\/product\/krossovki-black-diamond-prime-amber-carbon\/#primaryimage"},"image":{"@id":"https:\/\/xstyle.md\/product\/krossovki-black-diamond-prime-amber-carbon\/#primaryimage"},"thumbnailUrl":"https:\/\/xstyle.md\/wp-content\/uploads\/2023\/01\/black-diamond-prime-amber-carbon.jpg","datePublished":"2023-01-10T16:53:54+00:00","dateModified":"2026-03-19T13:51:40+00:00","description":"Ciorapii Black Diamond Prime amber carbon - u\u0219ori \u0219i confortabili, ideali pentru drume\u021bii. Partea superioar\u0103 din piele \u00eentoars\u0103 asigur\u0103 o potrivire adaptativ\u0103 \u0219i durabilitate.","breadcrumb":{"@id":"https:\/\/xstyle.md\/product\/krossovki-black-diamond-prime-amber-carbon\/#breadcrumb"},"inLanguage":"ro-RO","potentialAction":[{"@type":"ReadAction","target":["https:\/\/xstyle.md\/product\/krossovki-black-diamond-prime-amber-carbon\/"]}]},{"@type":"ImageObject","inLanguage":"ro-RO","@id":"https:\/\/xstyle.md\/product\/krossovki-black-diamond-prime-amber-carbon\/#primaryimage","url":"https:\/\/xstyle.md\/wp-content\/uploads\/2023\/01\/black-diamond-prime-amber-carbon.jpg","contentUrl":"https:\/\/xstyle.md\/wp-content\/uploads\/2023\/01\/black-diamond-prime-amber-carbon.jpg","width":1920,"height":1861,"caption":"\u041a\u0440\u043e\u0441\u0441\u043e\u0432\u043a\u0438 Black Diamond Prime amber carbon \u0434\u043b\u044f \u0430\u043a\u0442\u0438\u0432\u043d\u043e\u0433\u043e \u043e\u0442\u0434\u044b\u0445\u0430 \u043d\u043e\u0447\u043b\u0435\u0433\u0430 \u043f\u043e\u0445\u043e\u0434\u043e\u0432 \u0430\u043b\u044c\u043f\u0438\u043d\u0438\u0437\u043c\u0430 \u0438 \u043f\u0443\u0442\u0435\u0448\u0435\u0441\u0442\u0432\u0438\u0439 \u0432 \u0438\u043d\u0442\u0435\u0440\u043d\u0435\u0442-\u043c\u0430\u0433\u0430\u0437\u0438\u043d\u0435 \u0442\u043e\u0432\u0430\u0440\u043e\u0432 \u0434\u043b\u044f \u0430\u043a\u0442\u0438\u0432\u043d\u043e\u0439 \u0436\u0438\u0437\u043d\u0438"},{"@type":"BreadcrumbList","@id":"https:\/\/xstyle.md\/product\/krossovki-black-diamond-prime-amber-carbon\/#breadcrumb","itemListElement":[{"@type":"ListItem","position":1,"name":"\u0413\u043b\u0430\u0432\u043d\u0430\u044f \u0441\u0442\u0440\u0430\u043d\u0438\u0446\u0430","item":"https:\/\/xstyle.md\/"},{"@type":"ListItem","position":2,"name":"\u041c\u0430\u0433\u0430\u0437\u0438\u043d","item":"https:\/\/xstyle.md\/shop\/"},{"@type":"ListItem","position":3,"name":"\u041a\u0440\u043e\u0441\u0441\u043e\u0432\u043a\u0438 Black Diamond Prime amber carbon"}]},{"@type":"WebSite","@id":"https:\/\/xstyle.md\/#website","url":"https:\/\/xstyle.md\/","name":"Magazinul X-Style","description":"Echipamente pentru turism \u0219i sporturi extreme \u00een Moldova. Pre\u021buri, fotografii, caracteristici \u00een Moldova.","publisher":{"@id":"https:\/\/xstyle.md\/#organization"},"alternateName":"X-Style","potentialAction":[{"@type":"SearchAction","target":{"@type":"EntryPoint","urlTemplate":"https:\/\/xstyle.md\/?s={search_term_string}"},"query-input":{"@type":"PropertyValueSpecification","valueRequired":true,"valueName":"search_term_string"}}],"inLanguage":"ro-RO"},{"@type":"Organization","@id":"https:\/\/xstyle.md\/#organization","name":"Magazinul X-Style","alternateName":"x-style","url":"https:\/\/xstyle.md\/","logo":{"@type":"ImageObject","inLanguage":"ro-RO","@id":"https:\/\/xstyle.md\/#\/schema\/logo\/image\/","url":"https:\/\/xstyle.md\/wp-content\/uploads\/2020\/06\/logoicon.svg","contentUrl":"https:\/\/xstyle.md\/wp-content\/uploads\/2020\/06\/logoicon.svg","caption":"\u041c\u0430\u0433\u0430\u0437\u0438\u043d Xstyle"},"image":{"@id":"https:\/\/xstyle.md\/#\/schema\/logo\/image\/"},"sameAs":["https:\/\/www.facebook.com\/xstylemd","https:\/\/www.instagram.com\/xstyle_md\/","https:\/\/t.me\/xstyle_outdoor"],"hasMerchantReturnPolicy":{"@type":"MerchantReturnPolicy","merchantReturnLink":"https:\/\/xstyle.md\/ro\/conditions\/"}}]},"product_price_amount":"2790.00","product_price_currency":"MDL","og_availability":"instock","product_availability":"instock","product_retailer_item_id":"793661484721","product_condition":"new"},"post_mailing_queue_ids":[],"_links":{"self":[{"href":"https:\/\/xstyle.md\/ro\/wp-json\/wp\/v2\/product\/62685","targetHints":{"allow":["GET"]}}],"collection":[{"href":"https:\/\/xstyle.md\/ro\/wp-json\/wp\/v2\/product"}],"about":[{"href":"https:\/\/xstyle.md\/ro\/wp-json\/wp\/v2\/types\/product"}],"replies":[{"embeddable":true,"href":"https:\/\/xstyle.md\/ro\/wp-json\/wp\/v2\/comments?post=62685"}],"wp:featuredmedia":[{"embeddable":true,"href":"https:\/\/xstyle.md\/ro\/wp-json\/wp\/v2\/media\/64842"}],"wp:attachment":[{"href":"https:\/\/xstyle.md\/ro\/wp-json\/wp\/v2\/media?parent=62685"}],"wp:term":[{"taxonomy":"product_brand","embeddable":true,"href":"https:\/\/xstyle.md\/ro\/wp-json\/wp\/v2\/product_brand?post=62685"},{"taxonomy":"product_cat","embeddable":true,"href":"https:\/\/xstyle.md\/ro\/wp-json\/wp\/v2\/product_cat?post=62685"},{"taxonomy":"product_tag","embeddable":true,"href":"https:\/\/xstyle.md\/ro\/wp-json\/wp\/v2\/product_tag?post=62685"}],"curies":[{"name":"wp","href":"https:\/\/api.w.org\/{rel}","templated":true}]}}