{"id":6259,"date":"2020-07-16T21:30:00","date_gmt":"2020-07-16T18:30:00","guid":{"rendered":"https:\/\/xstyle.md\/product\/aksessuar-sea-to-summit-tpu-clear-ziptop-pouch"},"modified":"2025-06-18T16:37:24","modified_gmt":"2025-06-18T13:37:24","slug":"aksessuar-sea-to-summit-tpu-clear-ziptop-pouch","status":"publish","type":"product","link":"https:\/\/dev.xstyle.md\/ro\/produs\/aksessuar-sea-to-summit-tpu-clear-ziptop-pouch\/","title":{"rendered":"Accesoriu Sea To Summit TPU Clear Ziptop Pouch"},"content":{"rendered":"<\/p>\n<p><strong>Sea To Summit TPU Clear Ziptop Pouch <\/strong>&#8212; o geant\u0103 transparent\u0103 pentru cosmetice, care respect\u0103 \u00een totalitate standardele \u0219i reglement\u0103rile TSA pentru transportul de lichide la bord (\u00een bagajul de m\u00e2n\u0103). Geanta pentru cosmetice este fabricat\u0103 din material TPU cu clipsuri Hypalon\u00ae pentru o deschidere \u0219i \u00eenchidere u\u0219oar\u0103 \u0219i sigur\u0103. Construc\u021bia este sudat\u0103 cu un fermoar sigilat. Acest articol vine la \u00eendem\u00e2n\u0103 pentru persoanele care c\u0103l\u0103toresc frecvent cu avionul.<\/p>\n<h3>Particularit\u0103\u021bi<\/h3>\n<ul>\n<li>De lung\u0103 durat\u0103 &#8212; va rezista la sute de c\u0103l\u0103torii<\/li>\n<li>Dispune de un fermoar anti-\u0219oc \u0219i de un capac antiversare<\/li>\n<li>Fabricat din uretan termoplastic (TPU) pentru o durabilitate excep\u021bional\u0103<\/li>\n<li>Construit cu un fermoar durabil YKK\u00ae rezistent la scurgeri, cu \u00eenchidere rezistent\u0103 la scurgeri<\/li>\n<li>U\u0219or de deschis \u0219i de \u00eenchis.<\/li>\n<\/ul>\n<h3>Setul include<\/h3>\n<ul>\n<li>Geant\u0103 pentru cosmetice &#8212; 960 ml<\/li>\n<li>Trei sticle &#8212; 90 ml<\/li>\n<li>Trei sticle &#8212; 40 ml.<\/li>\n<\/ul>\n<h3>Caracteristici<\/h3>\n<ul>\n<li>Material &#8212; TPU<\/li>\n<li>Greutate &#8212; 28 g.<\/li>\n<\/ul>\n<h3>Tehnologie<\/h3>\n<ul>\n<li><strong>TPU lamination<\/strong> &#8212; material laminat durabil, rezistent, cu tratament antibacterian.<\/li>\n<li><strong>TSA (Travel Sentry Approved)<\/strong> &#8212; produse certificate care pot fi luate la bordul aeronavei (bagaj de m\u00e2n\u0103).<\/li>\n<\/ul>\n<h3>Marca<\/h3>\n<p>Sea to Summit este o marc\u0103 fondat\u0103 \u00een 1990 \u00een Australia. Ofer\u0103 echipamente unice \u0219i utile pentru turism \u0219i c\u0103l\u0103torii: huse impermeabile, prosoape din microfibr\u0103, ustensile pliabile din silicon, gen\u021bi, rucsacuri, corturi, saci de dormit. Fiecare articol proiectat \u00een cadrul companiei are o greutate minim\u0103 \u0219i o func\u021bionalitate maxim\u0103.<\/p>\n<p><\/p>","protected":false},"excerpt":{"rendered":"<p>Accesoriu Sea To Summit TPU Clear Ziptop Pouch<\/p>","protected":false},"featured_media":6258,"comment_status":"open","ping_status":"closed","template":"","meta":{"_acf_changed":false,"inline_featured_image":false},"product_brand":[1281],"product_cat":[904,380],"product_tag":[],"class_list":{"0":"post-6259","1":"product","2":"type-product","3":"status-publish","4":"has-post-thumbnail","6":"product_brand-sea-to-summit","7":"product_cat-sticle-pentru-calatorie","8":"product_cat-travel-hygiene","10":"first","11":"instock","12":"shipping-taxable","13":"purchasable","14":"product-type-simple"},"acf":[],"yoast_head":"<!-- This site is optimized with the Yoast SEO plugin v27.5 - https:\/\/yoast.com\/product\/yoast-seo-wordpress\/ -->\n<title>\u0410\u043a\u0441\u0435\u0441\u0441\u0443\u0430\u0440 Sea To Summit TPU Clear Ziptop Pouch - \u041c\u0430\u0433\u0430\u0437\u0438\u043d Xstyle<\/title>\n<meta name=\"description\" content=\"\u0410\u043a\u0441\u0435\u0441\u0441\u0443\u0430\u0440 Sea To Summit TPU Clear Ziptop Pouch - \u0438\u0434\u0435\u0430\u043b\u044c\u043d\u044b\u0439 \u043d\u0435\u0448\u0443\u043c\u044f\u0449\u0438\u0439 \u043e\u0440\u0433\u0430\u043d\u0430\u0439\u0437\u0435\u0440 \u0434\u043b\u044f \u043f\u043e\u0435\u0437\u0434\u043e\u043a. \u0421\u043e\u043e\u0442\u0432\u0435\u0442\u0441\u0442\u0432\u0443\u0435\u0442 \u0441\u0442\u0430\u043d\u0434\u0430\u0440\u0442\u0430\u043c TSA, \u0443\u0434\u043e\u0431\u0435\u043d \u0434\u043b\u044f \u043a\u043e\u0441\u043c\u0435\u0442\u0438\u043a\u0438 \u0438 \u0436\u0438\u0434\u043a\u043e\u0441\u0442\u0435\u0439.\" \/>\n<meta name=\"robots\" content=\"noindex, follow, max-snippet:-1, max-image-preview:large, max-video-preview:-1\" \/>\n<meta property=\"og:locale\" content=\"ro_RO\" \/>\n<meta property=\"og:type\" content=\"article\" \/>\n<meta property=\"og:title\" content=\"\u0410\u043a\u0441\u0435\u0441\u0441\u0443\u0430\u0440 Sea To Summit TPU Clear Ziptop Pouch - \u041c\u0430\u0433\u0430\u0437\u0438\u043d Xstyle\" \/>\n<meta property=\"og:description\" content=\"\u0410\u043a\u0441\u0435\u0441\u0441\u0443\u0430\u0440 Sea To Summit TPU Clear Ziptop Pouch - \u0438\u0434\u0435\u0430\u043b\u044c\u043d\u044b\u0439 \u043d\u0435\u0448\u0443\u043c\u044f\u0449\u0438\u0439 \u043e\u0440\u0433\u0430\u043d\u0430\u0439\u0437\u0435\u0440 \u0434\u043b\u044f \u043f\u043e\u0435\u0437\u0434\u043e\u043a. \u0421\u043e\u043e\u0442\u0432\u0435\u0442\u0441\u0442\u0432\u0443\u0435\u0442 \u0441\u0442\u0430\u043d\u0434\u0430\u0440\u0442\u0430\u043c TSA, \u0443\u0434\u043e\u0431\u0435\u043d \u0434\u043b\u044f \u043a\u043e\u0441\u043c\u0435\u0442\u0438\u043a\u0438 \u0438 \u0436\u0438\u0434\u043a\u043e\u0441\u0442\u0435\u0439.\" \/>\n<meta property=\"og:url\" content=\"https:\/\/dev.xstyle.md\/ro\/produs\/aksessuar-sea-to-summit-tpu-clear-ziptop-pouch\/\" \/>\n<meta property=\"og:site_name\" content=\"\u041c\u0430\u0433\u0430\u0437\u0438\u043d Xstyle\" \/>\n<meta property=\"article:publisher\" content=\"https:\/\/www.facebook.com\/xstylemd\" \/>\n<meta property=\"article:modified_time\" content=\"2025-06-18T13:37:24+00:00\" \/>\n<meta property=\"og:image\" content=\"https:\/\/dev.xstyle.md\/wp-content\/uploads\/2020\/07\/440_2_hires_1.jpg\" \/>\n\t<meta property=\"og:image:width\" content=\"1600\" \/>\n\t<meta property=\"og:image:height\" content=\"1600\" \/>\n\t<meta property=\"og:image:type\" content=\"image\/jpeg\" \/>\n<meta name=\"twitter:card\" content=\"summary_large_image\" \/>\n<meta name=\"twitter:label1\" content=\"Pre\u021b\" \/>\n\t<meta name=\"twitter:data1\" content=\"470,00&nbsp;MDL\" \/>\n\t<meta name=\"twitter:label2\" content=\"Disponibilitate\" \/>\n\t<meta name=\"twitter:data2\" content=\"\u00cen stoc\" \/>\n<script type=\"application\/ld+json\" class=\"yoast-schema-graph\">{\"@context\":\"https:\\\/\\\/schema.org\",\"@graph\":[{\"@type\":\"WebPage\",\"@id\":\"https:\\\/\\\/dev.xstyle.md\\\/product\\\/aksessuar-sea-to-summit-tpu-clear-ziptop-pouch\\\/\",\"url\":\"https:\\\/\\\/dev.xstyle.md\\\/product\\\/aksessuar-sea-to-summit-tpu-clear-ziptop-pouch\\\/\",\"name\":\"\u0410\u043a\u0441\u0435\u0441\u0441\u0443\u0430\u0440 Sea To Summit TPU Clear Ziptop Pouch - \u041c\u0430\u0433\u0430\u0437\u0438\u043d Xstyle\",\"isPartOf\":{\"@id\":\"https:\\\/\\\/dev.xstyle.md\\\/#website\"},\"primaryImageOfPage\":{\"@id\":\"https:\\\/\\\/dev.xstyle.md\\\/product\\\/aksessuar-sea-to-summit-tpu-clear-ziptop-pouch\\\/#primaryimage\"},\"image\":{\"@id\":\"https:\\\/\\\/dev.xstyle.md\\\/product\\\/aksessuar-sea-to-summit-tpu-clear-ziptop-pouch\\\/#primaryimage\"},\"thumbnailUrl\":\"https:\\\/\\\/dev.xstyle.md\\\/wp-content\\\/uploads\\\/2020\\\/07\\\/440_2_hires_1.jpg\",\"datePublished\":\"2020-07-16T18:30:00+00:00\",\"dateModified\":\"2025-06-18T13:37:24+00:00\",\"description\":\"\u0410\u043a\u0441\u0435\u0441\u0441\u0443\u0430\u0440 Sea To Summit TPU Clear Ziptop Pouch - \u0438\u0434\u0435\u0430\u043b\u044c\u043d\u044b\u0439 \u043d\u0435\u0448\u0443\u043c\u044f\u0449\u0438\u0439 \u043e\u0440\u0433\u0430\u043d\u0430\u0439\u0437\u0435\u0440 \u0434\u043b\u044f \u043f\u043e\u0435\u0437\u0434\u043e\u043a. \u0421\u043e\u043e\u0442\u0432\u0435\u0442\u0441\u0442\u0432\u0443\u0435\u0442 \u0441\u0442\u0430\u043d\u0434\u0430\u0440\u0442\u0430\u043c TSA, \u0443\u0434\u043e\u0431\u0435\u043d \u0434\u043b\u044f \u043a\u043e\u0441\u043c\u0435\u0442\u0438\u043a\u0438 \u0438 \u0436\u0438\u0434\u043a\u043e\u0441\u0442\u0435\u0439.\",\"breadcrumb\":{\"@id\":\"https:\\\/\\\/dev.xstyle.md\\\/product\\\/aksessuar-sea-to-summit-tpu-clear-ziptop-pouch\\\/#breadcrumb\"},\"inLanguage\":\"ro-RO\",\"potentialAction\":[{\"@type\":\"ReadAction\",\"target\":[\"https:\\\/\\\/dev.xstyle.md\\\/product\\\/aksessuar-sea-to-summit-tpu-clear-ziptop-pouch\\\/\"]}]},{\"@type\":\"ImageObject\",\"inLanguage\":\"ro-RO\",\"@id\":\"https:\\\/\\\/dev.xstyle.md\\\/product\\\/aksessuar-sea-to-summit-tpu-clear-ziptop-pouch\\\/#primaryimage\",\"url\":\"https:\\\/\\\/dev.xstyle.md\\\/wp-content\\\/uploads\\\/2020\\\/07\\\/440_2_hires_1.jpg\",\"contentUrl\":\"https:\\\/\\\/dev.xstyle.md\\\/wp-content\\\/uploads\\\/2020\\\/07\\\/440_2_hires_1.jpg\",\"width\":1600,\"height\":1600},{\"@type\":\"BreadcrumbList\",\"@id\":\"https:\\\/\\\/dev.xstyle.md\\\/product\\\/aksessuar-sea-to-summit-tpu-clear-ziptop-pouch\\\/#breadcrumb\",\"itemListElement\":[{\"@type\":\"ListItem\",\"position\":1,\"name\":\"\u0413\u043b\u0430\u0432\u043d\u0430\u044f \u0441\u0442\u0440\u0430\u043d\u0438\u0446\u0430\",\"item\":\"https:\\\/\\\/dev.xstyle.md\\\/\"},{\"@type\":\"ListItem\",\"position\":2,\"name\":\"Shop\",\"item\":\"https:\\\/\\\/dev.xstyle.md\\\/shop\\\/\"},{\"@type\":\"ListItem\",\"position\":3,\"name\":\"\u0410\u043a\u0441\u0435\u0441\u0441\u0443\u0430\u0440 Sea To Summit TPU Clear Ziptop Pouch\"}]},{\"@type\":\"WebSite\",\"@id\":\"https:\\\/\\\/dev.xstyle.md\\\/#website\",\"url\":\"https:\\\/\\\/dev.xstyle.md\\\/\",\"name\":\"\u041c\u0430\u0433\u0430\u0437\u0438\u043d Xstyle\",\"description\":\"C\u043d\u0430\u0440\u044f\u0436\u0435\u043d\u0438\u0435 \u0434\u043b\u044f \u0442\u0443\u0440\u0438\u0437\u043c\u0430 \u0438 \u044d\u043a\u0441\u0442\u0440\u0435\u043c\u0430\u043b\u044c\u043d\u044b\u0445 \u0432\u0438\u0434\u043e\u0432 \u0441\u043f\u043e\u0440\u0442\u0430 \u0432 \u041c\u043e\u043b\u0434\u043e\u0432\u0435.. \u0426\u0435\u043d\u044b, \u0444\u043e\u0442\u043e, \u0445\u0430\u0440\u0430\u043a\u0442\u0435\u0440\u0438\u0441\u0442\u0438\u043a\u0438 \u0432 \u041c\u043e\u043b\u0434\u043e\u0432\u0435.\",\"publisher\":{\"@id\":\"https:\\\/\\\/dev.xstyle.md\\\/#organization\"},\"alternateName\":\"X-Style\",\"potentialAction\":[{\"@type\":\"SearchAction\",\"target\":{\"@type\":\"EntryPoint\",\"urlTemplate\":\"https:\\\/\\\/dev.xstyle.md\\\/?s={search_term_string}\"},\"query-input\":{\"@type\":\"PropertyValueSpecification\",\"valueRequired\":true,\"valueName\":\"search_term_string\"}}],\"inLanguage\":\"ro-RO\"},{\"@type\":\"Organization\",\"@id\":\"https:\\\/\\\/dev.xstyle.md\\\/#organization\",\"name\":\"\u041c\u0430\u0433\u0430\u0437\u0438\u043d Xstyle\",\"alternateName\":\"x-style\",\"url\":\"https:\\\/\\\/dev.xstyle.md\\\/\",\"logo\":{\"@type\":\"ImageObject\",\"inLanguage\":\"ro-RO\",\"@id\":\"https:\\\/\\\/dev.xstyle.md\\\/#\\\/schema\\\/logo\\\/image\\\/\",\"url\":\"https:\\\/\\\/dev.xstyle.md\\\/wp-content\\\/uploads\\\/2020\\\/06\\\/logoicon.svg\",\"contentUrl\":\"https:\\\/\\\/dev.xstyle.md\\\/wp-content\\\/uploads\\\/2020\\\/06\\\/logoicon.svg\",\"caption\":\"\u041c\u0430\u0433\u0430\u0437\u0438\u043d Xstyle\"},\"image\":{\"@id\":\"https:\\\/\\\/dev.xstyle.md\\\/#\\\/schema\\\/logo\\\/image\\\/\"},\"sameAs\":[\"https:\\\/\\\/www.facebook.com\\\/xstylemd\",\"https:\\\/\\\/www.instagram.com\\\/xstyle_md\\\/\",\"https:\\\/\\\/t.me\\\/xstyle_outdoor\"],\"hasMerchantReturnPolicy\":{\"@type\":\"MerchantReturnPolicy\",\"merchantReturnLink\":\"https:\\\/\\\/dev.xstyle.md\\\/ro\\\/conditions\\\/\"}}]}<\/script>\n<meta property=\"product:price:amount\" content=\"470.00\" \/>\n<meta property=\"product:price:currency\" content=\"MDL\" \/>\n<meta property=\"og:availability\" content=\"instock\" \/>\n<meta property=\"product:availability\" content=\"instock\" \/>\n<meta property=\"product:retailer_item_id\" content=\"9327868039715\" \/>\n<meta property=\"product:condition\" content=\"new\" \/>\n<!-- \/ Yoast SEO plugin. -->","yoast_head_json":{"title":"Accesoriu Sea To Summit TPU Clear Ziptop Pouch - Magazin Xstyle","description":"Accessorul Sea To Summit TPU Clear Ziptop Pouch - organizatorul perfect f\u0103r\u0103 zgomot pentru c\u0103l\u0103torii. Se conformeaz\u0103 standardelor TSA, fiind convenabil pentru produse cosmetice \u0219i lichide.","robots":{"index":"noindex","follow":"follow","max-snippet":"max-snippet:-1","max-image-preview":"max-image-preview:large","max-video-preview":"max-video-preview:-1"},"og_locale":"ro_RO","og_type":"article","og_title":"\u0410\u043a\u0441\u0435\u0441\u0441\u0443\u0430\u0440 Sea To Summit TPU Clear Ziptop Pouch - \u041c\u0430\u0433\u0430\u0437\u0438\u043d Xstyle","og_description":"\u0410\u043a\u0441\u0435\u0441\u0441\u0443\u0430\u0440 Sea To Summit TPU Clear Ziptop Pouch - \u0438\u0434\u0435\u0430\u043b\u044c\u043d\u044b\u0439 \u043d\u0435\u0448\u0443\u043c\u044f\u0449\u0438\u0439 \u043e\u0440\u0433\u0430\u043d\u0430\u0439\u0437\u0435\u0440 \u0434\u043b\u044f \u043f\u043e\u0435\u0437\u0434\u043e\u043a. \u0421\u043e\u043e\u0442\u0432\u0435\u0442\u0441\u0442\u0432\u0443\u0435\u0442 \u0441\u0442\u0430\u043d\u0434\u0430\u0440\u0442\u0430\u043c TSA, \u0443\u0434\u043e\u0431\u0435\u043d \u0434\u043b\u044f \u043a\u043e\u0441\u043c\u0435\u0442\u0438\u043a\u0438 \u0438 \u0436\u0438\u0434\u043a\u043e\u0441\u0442\u0435\u0439.","og_url":"https:\/\/dev.xstyle.md\/ro\/produs\/aksessuar-sea-to-summit-tpu-clear-ziptop-pouch\/","og_site_name":"\u041c\u0430\u0433\u0430\u0437\u0438\u043d Xstyle","article_publisher":"https:\/\/www.facebook.com\/xstylemd","article_modified_time":"2025-06-18T13:37:24+00:00","og_image":[{"width":1600,"height":1600,"url":"https:\/\/dev.xstyle.md\/wp-content\/uploads\/2020\/07\/440_2_hires_1.jpg","type":"image\/jpeg"}],"twitter_card":"summary_large_image","twitter_misc":{"Pre\u021b":"470,00&nbsp;MDL","Disponibilitate":"\u00cen stoc"},"schema":{"@context":"https:\/\/schema.org","@graph":[{"@type":"WebPage","@id":"https:\/\/dev.xstyle.md\/product\/aksessuar-sea-to-summit-tpu-clear-ziptop-pouch\/","url":"https:\/\/dev.xstyle.md\/product\/aksessuar-sea-to-summit-tpu-clear-ziptop-pouch\/","name":"Accesoriu Sea To Summit TPU Clear Ziptop Pouch - Magazin Xstyle","isPartOf":{"@id":"https:\/\/dev.xstyle.md\/#website"},"primaryImageOfPage":{"@id":"https:\/\/dev.xstyle.md\/product\/aksessuar-sea-to-summit-tpu-clear-ziptop-pouch\/#primaryimage"},"image":{"@id":"https:\/\/dev.xstyle.md\/product\/aksessuar-sea-to-summit-tpu-clear-ziptop-pouch\/#primaryimage"},"thumbnailUrl":"https:\/\/dev.xstyle.md\/wp-content\/uploads\/2020\/07\/440_2_hires_1.jpg","datePublished":"2020-07-16T18:30:00+00:00","dateModified":"2025-06-18T13:37:24+00:00","description":"Accessorul Sea To Summit TPU Clear Ziptop Pouch - organizatorul perfect f\u0103r\u0103 zgomot pentru c\u0103l\u0103torii. Se conformeaz\u0103 standardelor TSA, fiind convenabil pentru produse cosmetice \u0219i lichide.","breadcrumb":{"@id":"https:\/\/dev.xstyle.md\/product\/aksessuar-sea-to-summit-tpu-clear-ziptop-pouch\/#breadcrumb"},"inLanguage":"ro-RO","potentialAction":[{"@type":"ReadAction","target":["https:\/\/dev.xstyle.md\/product\/aksessuar-sea-to-summit-tpu-clear-ziptop-pouch\/"]}]},{"@type":"ImageObject","inLanguage":"ro-RO","@id":"https:\/\/dev.xstyle.md\/product\/aksessuar-sea-to-summit-tpu-clear-ziptop-pouch\/#primaryimage","url":"https:\/\/dev.xstyle.md\/wp-content\/uploads\/2020\/07\/440_2_hires_1.jpg","contentUrl":"https:\/\/dev.xstyle.md\/wp-content\/uploads\/2020\/07\/440_2_hires_1.jpg","width":1600,"height":1600},{"@type":"BreadcrumbList","@id":"https:\/\/dev.xstyle.md\/product\/aksessuar-sea-to-summit-tpu-clear-ziptop-pouch\/#breadcrumb","itemListElement":[{"@type":"ListItem","position":1,"name":"\u0413\u043b\u0430\u0432\u043d\u0430\u044f \u0441\u0442\u0440\u0430\u043d\u0438\u0446\u0430","item":"https:\/\/dev.xstyle.md\/"},{"@type":"ListItem","position":2,"name":"Shop","item":"https:\/\/dev.xstyle.md\/shop\/"},{"@type":"ListItem","position":3,"name":"\u0410\u043a\u0441\u0435\u0441\u0441\u0443\u0430\u0440 Sea To Summit TPU Clear Ziptop Pouch"}]},{"@type":"WebSite","@id":"https:\/\/dev.xstyle.md\/#website","url":"https:\/\/dev.xstyle.md\/","name":"Magazinul X-Style","description":"Echipamente pentru turism \u0219i sporturi extreme \u00een Moldova. Pre\u021buri, fotografii, caracteristici \u00een Moldova.","publisher":{"@id":"https:\/\/dev.xstyle.md\/#organization"},"alternateName":"X-Style","potentialAction":[{"@type":"SearchAction","target":{"@type":"EntryPoint","urlTemplate":"https:\/\/dev.xstyle.md\/?s={search_term_string}"},"query-input":{"@type":"PropertyValueSpecification","valueRequired":true,"valueName":"search_term_string"}}],"inLanguage":"ro-RO"},{"@type":"Organization","@id":"https:\/\/dev.xstyle.md\/#organization","name":"Magazinul X-Style","alternateName":"x-style","url":"https:\/\/dev.xstyle.md\/","logo":{"@type":"ImageObject","inLanguage":"ro-RO","@id":"https:\/\/dev.xstyle.md\/#\/schema\/logo\/image\/","url":"https:\/\/dev.xstyle.md\/wp-content\/uploads\/2020\/06\/logoicon.svg","contentUrl":"https:\/\/dev.xstyle.md\/wp-content\/uploads\/2020\/06\/logoicon.svg","caption":"\u041c\u0430\u0433\u0430\u0437\u0438\u043d Xstyle"},"image":{"@id":"https:\/\/dev.xstyle.md\/#\/schema\/logo\/image\/"},"sameAs":["https:\/\/www.facebook.com\/xstylemd","https:\/\/www.instagram.com\/xstyle_md\/","https:\/\/t.me\/xstyle_outdoor"],"hasMerchantReturnPolicy":{"@type":"MerchantReturnPolicy","merchantReturnLink":"https:\/\/dev.xstyle.md\/ro\/conditions\/"}}]},"product_price_amount":"470.00","product_price_currency":"MDL","og_availability":"instock","product_availability":"instock","product_retailer_item_id":"9327868039715","product_condition":"new"},"post_mailing_queue_ids":[],"_links":{"self":[{"href":"https:\/\/dev.xstyle.md\/ro\/wp-json\/wp\/v2\/product\/6259","targetHints":{"allow":["GET"]}}],"collection":[{"href":"https:\/\/dev.xstyle.md\/ro\/wp-json\/wp\/v2\/product"}],"about":[{"href":"https:\/\/dev.xstyle.md\/ro\/wp-json\/wp\/v2\/types\/product"}],"replies":[{"embeddable":true,"href":"https:\/\/dev.xstyle.md\/ro\/wp-json\/wp\/v2\/comments?post=6259"}],"version-history":[{"count":0,"href":"https:\/\/dev.xstyle.md\/ro\/wp-json\/wp\/v2\/product\/6259\/revisions"}],"wp:featuredmedia":[{"embeddable":true,"href":"https:\/\/dev.xstyle.md\/ro\/wp-json\/wp\/v2\/media\/6258"}],"wp:attachment":[{"href":"https:\/\/dev.xstyle.md\/ro\/wp-json\/wp\/v2\/media?parent=6259"}],"wp:term":[{"taxonomy":"product_brand","embeddable":true,"href":"https:\/\/dev.xstyle.md\/ro\/wp-json\/wp\/v2\/product_brand?post=6259"},{"taxonomy":"product_cat","embeddable":true,"href":"https:\/\/dev.xstyle.md\/ro\/wp-json\/wp\/v2\/product_cat?post=6259"},{"taxonomy":"product_tag","embeddable":true,"href":"https:\/\/dev.xstyle.md\/ro\/wp-json\/wp\/v2\/product_tag?post=6259"}],"curies":[{"name":"wp","href":"https:\/\/api.w.org\/{rel}","templated":true}]}}