{"id":620,"date":"2020-07-16T15:42:16","date_gmt":"2020-07-16T12:42:16","guid":{"rendered":"https:\/\/xstyle.md\/?post_type=product&#038;p=620"},"modified":"2024-10-21T09:46:38","modified_gmt":"2024-10-21T06:46:38","slug":"gazovaja-zazhigalka-primus-power-lighter","status":"publish","type":"product","link":"https:\/\/xstyle.md\/ro\/produs\/gazovaja-zazhigalka-primus-power-lighter\/","title":{"rendered":"Brichet\u0103 Primus PowerLighter III"},"content":{"rendered":"<\/p>\n<p><strong>Brichet\u0103 Primus PowerLighter III<\/strong> foarte puternica, func\u021bioneaz\u0103 chiar \u0219i \u00een condi\u021bii de v\u00e2nt puternic. Aceast\u0103 brichet\u0103 cu un flux de flac\u0103r\u0103 \u00eengust, v\u0103 permite s\u0103 aprinde\u021bi un foc mult mai repede dec\u00e2t o brichet\u0103 conven\u021bional\u0103. Bricheta este u\u0219oar\u0103 \u0219i compact\u0103. Nu o ve\u021bi pierde, deoarece are o bucl\u0103 de carabinier \u00eencorporat\u0103.<\/p>\n<h3>Particularit\u0103\u021bi<\/h3>\n<ul>\n<li>Flac\u0103r\u0103 rezistent\u0103 la v\u00e2nt<\/li>\n<li>Timp de ardere continu\u0103 &#8212; 30 min.<\/li>\n<li>Foarte puternic, flac\u0103ra atinge 1300 grade Celsius<\/li>\n<li>Re\u00eenc\u0103rcabil\u0103<\/li>\n<li>U\u0219or, compact, surprinz\u0103tor de u\u0219or de utilizat<\/li>\n<li>Cu protec\u021bie \u00eempotriva v\u00e2ntului<\/li>\n<li>\u0218nur de fixare<\/li>\n<li>Hus\u0103 din plastic<\/li>\n<li>Recomandat pentru: lemne de foc.<\/li>\n<\/ul>\n<h3>Caracteristici<\/h3>\n<ul>\n<li>Temperatura de ardere &#8212; 1300 \u00b0C<\/li>\n<li>Dimensiuni &#8212; 80 x 50 x 20 mm<\/li>\n<li>Combustibil &#8212; butan<\/li>\n<li>Greutate &#8212; 67 g.<\/li>\n<\/ul>\n<h3>Marca<\/h3>\n<p>Primus este o companie suedez\u0103 al c\u0103rei fondator este mecanicul F.W. Lindqvist, care a inventat primul arz\u0103tor de parafin\u0103, care nu avea fitil, iar designul sem\u0103na cu cel al unei tor\u021be, f\u0103r\u0103 funingine \u0219i murd\u0103rie la utilizare. Ini\u021bial, a fost conceput pentru a facilita g\u0103titul acas\u0103, dar, de-a lungul timpului, arz\u0103torul \u0219i-a schimbat scopul, devenind un instrument indispensabil, care face via\u021ba mai u\u0219oar\u0103 \u00een campingul amatorilor, \u00een taberele de baz\u0103 pentru alpinism \u0219i \u00een sta\u021biile mobile ale expedi\u021biilor de cercetare. Ast\u0103zi, legendara companie Primus produce o gam\u0103 larg\u0103 de produse pentru g\u0103titul \u0219i conservarea alimentelor: arz\u0103toare cu gaz \u0219i combustibil lichid, seturi de vase de buc\u0103t\u0103rie de c\u0103l\u0103torie, termosuri, wok-uri, butelii de gaz. Toate produsele sub sigla acestei companii sunt fiabile \u0219i durabile.<\/p>\n<p><\/p>","protected":false},"excerpt":{"rendered":"<p>Brichet\u0103 Primus PowerLighter III<\/p>","protected":false},"featured_media":619,"comment_status":"open","ping_status":"closed","template":"","meta":{"_acf_changed":false,"inline_featured_image":false},"product_brand":[1272],"product_cat":[87],"product_tag":[],"class_list":{"0":"post-620","1":"product","2":"type-product","3":"status-publish","4":"has-post-thumbnail","6":"product_brand-primus","7":"product_cat-flint","9":"first","10":"instock","11":"shipping-taxable","12":"purchasable","13":"product-type-simple"},"acf":[],"yoast_head":"<!-- This site is optimized with the Yoast SEO plugin v27.4 - https:\/\/yoast.com\/product\/yoast-seo-wordpress\/ -->\n<title>\u0422\u0443\u0440\u0431\u043e\u0437\u0430\u0436\u0438\u0433\u0430\u043b\u043a\u0430 Primus PowerLighter III - \u041c\u0430\u0433\u0430\u0437\u0438\u043d Xstyle<\/title>\n<meta name=\"description\" content=\"\u0422\u0443\u0440\u0431\u043e\u0437\u0430\u0436\u0438\u0433\u0430\u043b\u043a\u0430 Primus PowerLighter III \u2014 \u043c\u043e\u0449\u043d\u0430\u044f \u0438 \u043a\u043e\u043c\u043f\u0430\u043a\u0442\u043d\u0430\u044f, \u0440\u0430\u0431\u043e\u0442\u0430\u044e\u0449\u0430\u044f \u0434\u0430\u0436\u0435 \u0432 \u0441\u0438\u043b\u044c\u043d\u044b\u0439 \u0432\u0435\u0442\u0435\u0440. \u0418\u0434\u0435\u0430\u043b\u044c\u043d\u0430 \u0434\u043b\u044f \u0431\u044b\u0441\u0442\u0440\u043e\u0433\u043e \u0440\u043e\u0437\u0436\u0438\u0433\u0430 \u043e\u0433\u043d\u044f.\" \/>\n<meta name=\"robots\" content=\"index, follow, max-snippet:-1, max-image-preview:large, max-video-preview:-1\" \/>\n<link rel=\"canonical\" href=\"https:\/\/xstyle.md\/ro\/produs\/gazovaja-zazhigalka-primus-power-lighter\/\" \/>\n<meta property=\"og:locale\" content=\"ro_RO\" \/>\n<meta property=\"og:type\" content=\"article\" \/>\n<meta property=\"og:title\" content=\"\u0422\u0443\u0440\u0431\u043e\u0437\u0430\u0436\u0438\u0433\u0430\u043b\u043a\u0430 Primus PowerLighter III - \u041c\u0430\u0433\u0430\u0437\u0438\u043d Xstyle\" \/>\n<meta property=\"og:description\" content=\"\u0422\u0443\u0440\u0431\u043e\u0437\u0430\u0436\u0438\u0433\u0430\u043b\u043a\u0430 Primus PowerLighter III \u2014 \u043c\u043e\u0449\u043d\u0430\u044f \u0438 \u043a\u043e\u043c\u043f\u0430\u043a\u0442\u043d\u0430\u044f, \u0440\u0430\u0431\u043e\u0442\u0430\u044e\u0449\u0430\u044f \u0434\u0430\u0436\u0435 \u0432 \u0441\u0438\u043b\u044c\u043d\u044b\u0439 \u0432\u0435\u0442\u0435\u0440. \u0418\u0434\u0435\u0430\u043b\u044c\u043d\u0430 \u0434\u043b\u044f \u0431\u044b\u0441\u0442\u0440\u043e\u0433\u043e \u0440\u043e\u0437\u0436\u0438\u0433\u0430 \u043e\u0433\u043d\u044f.\" \/>\n<meta property=\"og:url\" content=\"https:\/\/xstyle.md\/ro\/produs\/gazovaja-zazhigalka-primus-power-lighter\/\" \/>\n<meta property=\"og:site_name\" content=\"\u041c\u0430\u0433\u0430\u0437\u0438\u043d Xstyle\" \/>\n<meta property=\"article:publisher\" content=\"https:\/\/www.facebook.com\/xstylemd\" \/>\n<meta property=\"article:modified_time\" content=\"2024-10-21T06:46:38+00:00\" \/>\n<meta property=\"og:image\" content=\"https:\/\/xstyle.md\/wp-content\/uploads\/2020\/07\/733307_3047.jpeg\" \/>\n\t<meta property=\"og:image:width\" content=\"466\" \/>\n\t<meta property=\"og:image:height\" content=\"630\" \/>\n\t<meta property=\"og:image:type\" content=\"image\/jpeg\" \/>\n<meta name=\"twitter:card\" content=\"summary_large_image\" \/>\n<meta name=\"twitter:label1\" content=\"Pre\u021b\" \/>\n\t<meta name=\"twitter:data1\" content=\"495&nbsp;MDL\" \/>\n\t<meta name=\"twitter:label2\" content=\"Disponibilitate\" \/>\n\t<meta name=\"twitter:data2\" content=\"\u00cen stoc\" \/>\n<script type=\"application\/ld+json\" class=\"yoast-schema-graph\">{\"@context\":\"https:\\\/\\\/schema.org\",\"@graph\":[{\"@type\":\"WebPage\",\"@id\":\"https:\\\/\\\/xstyle.md\\\/product\\\/gazovaja-zazhigalka-primus-power-lighter\\\/\",\"url\":\"https:\\\/\\\/xstyle.md\\\/product\\\/gazovaja-zazhigalka-primus-power-lighter\\\/\",\"name\":\"\u0422\u0443\u0440\u0431\u043e\u0437\u0430\u0436\u0438\u0433\u0430\u043b\u043a\u0430 Primus PowerLighter III - \u041c\u0430\u0433\u0430\u0437\u0438\u043d Xstyle\",\"isPartOf\":{\"@id\":\"https:\\\/\\\/xstyle.md\\\/#website\"},\"primaryImageOfPage\":{\"@id\":\"https:\\\/\\\/xstyle.md\\\/product\\\/gazovaja-zazhigalka-primus-power-lighter\\\/#primaryimage\"},\"image\":{\"@id\":\"https:\\\/\\\/xstyle.md\\\/product\\\/gazovaja-zazhigalka-primus-power-lighter\\\/#primaryimage\"},\"thumbnailUrl\":\"https:\\\/\\\/xstyle.md\\\/wp-content\\\/uploads\\\/2020\\\/07\\\/733307_3047.jpeg\",\"datePublished\":\"2020-07-16T12:42:16+00:00\",\"dateModified\":\"2024-10-21T06:46:38+00:00\",\"description\":\"\u0422\u0443\u0440\u0431\u043e\u0437\u0430\u0436\u0438\u0433\u0430\u043b\u043a\u0430 Primus PowerLighter III \u2014 \u043c\u043e\u0449\u043d\u0430\u044f \u0438 \u043a\u043e\u043c\u043f\u0430\u043a\u0442\u043d\u0430\u044f, \u0440\u0430\u0431\u043e\u0442\u0430\u044e\u0449\u0430\u044f \u0434\u0430\u0436\u0435 \u0432 \u0441\u0438\u043b\u044c\u043d\u044b\u0439 \u0432\u0435\u0442\u0435\u0440. \u0418\u0434\u0435\u0430\u043b\u044c\u043d\u0430 \u0434\u043b\u044f \u0431\u044b\u0441\u0442\u0440\u043e\u0433\u043e \u0440\u043e\u0437\u0436\u0438\u0433\u0430 \u043e\u0433\u043d\u044f.\",\"breadcrumb\":{\"@id\":\"https:\\\/\\\/xstyle.md\\\/product\\\/gazovaja-zazhigalka-primus-power-lighter\\\/#breadcrumb\"},\"inLanguage\":\"ro-RO\",\"potentialAction\":[{\"@type\":\"ReadAction\",\"target\":[\"https:\\\/\\\/xstyle.md\\\/product\\\/gazovaja-zazhigalka-primus-power-lighter\\\/\"]}]},{\"@type\":\"ImageObject\",\"inLanguage\":\"ro-RO\",\"@id\":\"https:\\\/\\\/xstyle.md\\\/product\\\/gazovaja-zazhigalka-primus-power-lighter\\\/#primaryimage\",\"url\":\"https:\\\/\\\/xstyle.md\\\/wp-content\\\/uploads\\\/2020\\\/07\\\/733307_3047.jpeg\",\"contentUrl\":\"https:\\\/\\\/xstyle.md\\\/wp-content\\\/uploads\\\/2020\\\/07\\\/733307_3047.jpeg\",\"width\":466,\"height\":630},{\"@type\":\"BreadcrumbList\",\"@id\":\"https:\\\/\\\/xstyle.md\\\/product\\\/gazovaja-zazhigalka-primus-power-lighter\\\/#breadcrumb\",\"itemListElement\":[{\"@type\":\"ListItem\",\"position\":1,\"name\":\"\u0413\u043b\u0430\u0432\u043d\u0430\u044f \u0441\u0442\u0440\u0430\u043d\u0438\u0446\u0430\",\"item\":\"https:\\\/\\\/xstyle.md\\\/\"},{\"@type\":\"ListItem\",\"position\":2,\"name\":\"\u041c\u0430\u0433\u0430\u0437\u0438\u043d\",\"item\":\"https:\\\/\\\/xstyle.md\\\/shop\\\/\"},{\"@type\":\"ListItem\",\"position\":3,\"name\":\"\u0422\u0443\u0440\u0431\u043e\u0437\u0430\u0436\u0438\u0433\u0430\u043b\u043a\u0430 Primus PowerLighter III\"}]},{\"@type\":\"WebSite\",\"@id\":\"https:\\\/\\\/xstyle.md\\\/#website\",\"url\":\"https:\\\/\\\/xstyle.md\\\/\",\"name\":\"\u041c\u0430\u0433\u0430\u0437\u0438\u043d Xstyle\",\"description\":\"C\u043d\u0430\u0440\u044f\u0436\u0435\u043d\u0438\u0435 \u0434\u043b\u044f \u0442\u0443\u0440\u0438\u0437\u043c\u0430 \u0438 \u044d\u043a\u0441\u0442\u0440\u0435\u043c\u0430\u043b\u044c\u043d\u044b\u0445 \u0432\u0438\u0434\u043e\u0432 \u0441\u043f\u043e\u0440\u0442\u0430 \u0432 \u041c\u043e\u043b\u0434\u043e\u0432\u0435.. \u0426\u0435\u043d\u044b, \u0444\u043e\u0442\u043e, \u0445\u0430\u0440\u0430\u043a\u0442\u0435\u0440\u0438\u0441\u0442\u0438\u043a\u0438 \u0432 \u041c\u043e\u043b\u0434\u043e\u0432\u0435.\",\"publisher\":{\"@id\":\"https:\\\/\\\/xstyle.md\\\/#organization\"},\"alternateName\":\"X-Style\",\"potentialAction\":[{\"@type\":\"SearchAction\",\"target\":{\"@type\":\"EntryPoint\",\"urlTemplate\":\"https:\\\/\\\/xstyle.md\\\/?s={search_term_string}\"},\"query-input\":{\"@type\":\"PropertyValueSpecification\",\"valueRequired\":true,\"valueName\":\"search_term_string\"}}],\"inLanguage\":\"ro-RO\"},{\"@type\":\"Organization\",\"@id\":\"https:\\\/\\\/xstyle.md\\\/#organization\",\"name\":\"\u041c\u0430\u0433\u0430\u0437\u0438\u043d Xstyle\",\"alternateName\":\"x-style\",\"url\":\"https:\\\/\\\/xstyle.md\\\/\",\"logo\":{\"@type\":\"ImageObject\",\"inLanguage\":\"ro-RO\",\"@id\":\"https:\\\/\\\/xstyle.md\\\/#\\\/schema\\\/logo\\\/image\\\/\",\"url\":\"https:\\\/\\\/xstyle.md\\\/wp-content\\\/uploads\\\/2020\\\/06\\\/logoicon.svg\",\"contentUrl\":\"https:\\\/\\\/xstyle.md\\\/wp-content\\\/uploads\\\/2020\\\/06\\\/logoicon.svg\",\"caption\":\"\u041c\u0430\u0433\u0430\u0437\u0438\u043d Xstyle\"},\"image\":{\"@id\":\"https:\\\/\\\/xstyle.md\\\/#\\\/schema\\\/logo\\\/image\\\/\"},\"sameAs\":[\"https:\\\/\\\/www.facebook.com\\\/xstylemd\",\"https:\\\/\\\/www.instagram.com\\\/xstyle_md\\\/\",\"https:\\\/\\\/t.me\\\/xstyle_outdoor\"],\"hasMerchantReturnPolicy\":{\"@type\":\"MerchantReturnPolicy\",\"merchantReturnLink\":\"https:\\\/\\\/xstyle.md\\\/ro\\\/conditions\\\/\"}}]}<\/script>\n<meta property=\"product:price:amount\" content=\"495.00\" \/>\n<meta property=\"product:price:currency\" content=\"MDL\" \/>\n<meta property=\"og:availability\" content=\"instock\" \/>\n<meta property=\"product:availability\" content=\"instock\" \/>\n<meta property=\"product:retailer_item_id\" content=\"7330033333077\" \/>\n<meta property=\"product:condition\" content=\"new\" \/>\n<!-- \/ Yoast SEO plugin. -->","yoast_head_json":{"title":"Brichet\u0103 Primus PowerLighter III - Magazin Xstyle","description":"\u0422\u0443\u0440\u0431\u043e\u0437\u0430\u0436\u0438\u0433\u0430\u043b\u043a\u0430 Primus PowerLighter III \u2014 \u043c\u043e\u0449\u043d\u0430\u044f \u0438 \u043a\u043e\u043c\u043f\u0430\u043a\u0442\u043d\u0430\u044f, \u0440\u0430\u0431\u043e\u0442\u0430\u044e\u0449\u0430\u044f \u0434\u0430\u0436\u0435 \u0432 \u0441\u0438\u043b\u044c\u043d\u044b\u0439 \u0432\u0435\u0442\u0435\u0440. \u0418\u0434\u0435\u0430\u043b\u044c\u043d\u0430 \u0434\u043b\u044f \u0431\u044b\u0441\u0442\u0440\u043e\u0433\u043e \u0440\u043e\u0437\u0436\u0438\u0433\u0430 \u043e\u0433\u043d\u044f.","robots":{"index":"index","follow":"follow","max-snippet":"max-snippet:-1","max-image-preview":"max-image-preview:large","max-video-preview":"max-video-preview:-1"},"canonical":"https:\/\/xstyle.md\/ro\/produs\/gazovaja-zazhigalka-primus-power-lighter\/","og_locale":"ro_RO","og_type":"article","og_title":"\u0422\u0443\u0440\u0431\u043e\u0437\u0430\u0436\u0438\u0433\u0430\u043b\u043a\u0430 Primus PowerLighter III - \u041c\u0430\u0433\u0430\u0437\u0438\u043d Xstyle","og_description":"\u0422\u0443\u0440\u0431\u043e\u0437\u0430\u0436\u0438\u0433\u0430\u043b\u043a\u0430 Primus PowerLighter III \u2014 \u043c\u043e\u0449\u043d\u0430\u044f \u0438 \u043a\u043e\u043c\u043f\u0430\u043a\u0442\u043d\u0430\u044f, \u0440\u0430\u0431\u043e\u0442\u0430\u044e\u0449\u0430\u044f \u0434\u0430\u0436\u0435 \u0432 \u0441\u0438\u043b\u044c\u043d\u044b\u0439 \u0432\u0435\u0442\u0435\u0440. \u0418\u0434\u0435\u0430\u043b\u044c\u043d\u0430 \u0434\u043b\u044f \u0431\u044b\u0441\u0442\u0440\u043e\u0433\u043e \u0440\u043e\u0437\u0436\u0438\u0433\u0430 \u043e\u0433\u043d\u044f.","og_url":"https:\/\/xstyle.md\/ro\/produs\/gazovaja-zazhigalka-primus-power-lighter\/","og_site_name":"\u041c\u0430\u0433\u0430\u0437\u0438\u043d Xstyle","article_publisher":"https:\/\/www.facebook.com\/xstylemd","article_modified_time":"2024-10-21T06:46:38+00:00","og_image":[{"width":466,"height":630,"url":"https:\/\/xstyle.md\/wp-content\/uploads\/2020\/07\/733307_3047.jpeg","type":"image\/jpeg"}],"twitter_card":"summary_large_image","twitter_misc":{"Pre\u021b":"495&nbsp;MDL","Disponibilitate":"\u00cen stoc"},"schema":{"@context":"https:\/\/schema.org","@graph":[{"@type":"WebPage","@id":"https:\/\/xstyle.md\/product\/gazovaja-zazhigalka-primus-power-lighter\/","url":"https:\/\/xstyle.md\/product\/gazovaja-zazhigalka-primus-power-lighter\/","name":"Brichet\u0103 Primus PowerLighter III - Magazin Xstyle","isPartOf":{"@id":"https:\/\/xstyle.md\/#website"},"primaryImageOfPage":{"@id":"https:\/\/xstyle.md\/product\/gazovaja-zazhigalka-primus-power-lighter\/#primaryimage"},"image":{"@id":"https:\/\/xstyle.md\/product\/gazovaja-zazhigalka-primus-power-lighter\/#primaryimage"},"thumbnailUrl":"https:\/\/xstyle.md\/wp-content\/uploads\/2020\/07\/733307_3047.jpeg","datePublished":"2020-07-16T12:42:16+00:00","dateModified":"2024-10-21T06:46:38+00:00","description":"\u0422\u0443\u0440\u0431\u043e\u0437\u0430\u0436\u0438\u0433\u0430\u043b\u043a\u0430 Primus PowerLighter III \u2014 \u043c\u043e\u0449\u043d\u0430\u044f \u0438 \u043a\u043e\u043c\u043f\u0430\u043a\u0442\u043d\u0430\u044f, \u0440\u0430\u0431\u043e\u0442\u0430\u044e\u0449\u0430\u044f \u0434\u0430\u0436\u0435 \u0432 \u0441\u0438\u043b\u044c\u043d\u044b\u0439 \u0432\u0435\u0442\u0435\u0440. \u0418\u0434\u0435\u0430\u043b\u044c\u043d\u0430 \u0434\u043b\u044f \u0431\u044b\u0441\u0442\u0440\u043e\u0433\u043e \u0440\u043e\u0437\u0436\u0438\u0433\u0430 \u043e\u0433\u043d\u044f.","breadcrumb":{"@id":"https:\/\/xstyle.md\/product\/gazovaja-zazhigalka-primus-power-lighter\/#breadcrumb"},"inLanguage":"ro-RO","potentialAction":[{"@type":"ReadAction","target":["https:\/\/xstyle.md\/product\/gazovaja-zazhigalka-primus-power-lighter\/"]}]},{"@type":"ImageObject","inLanguage":"ro-RO","@id":"https:\/\/xstyle.md\/product\/gazovaja-zazhigalka-primus-power-lighter\/#primaryimage","url":"https:\/\/xstyle.md\/wp-content\/uploads\/2020\/07\/733307_3047.jpeg","contentUrl":"https:\/\/xstyle.md\/wp-content\/uploads\/2020\/07\/733307_3047.jpeg","width":466,"height":630},{"@type":"BreadcrumbList","@id":"https:\/\/xstyle.md\/product\/gazovaja-zazhigalka-primus-power-lighter\/#breadcrumb","itemListElement":[{"@type":"ListItem","position":1,"name":"\u0413\u043b\u0430\u0432\u043d\u0430\u044f \u0441\u0442\u0440\u0430\u043d\u0438\u0446\u0430","item":"https:\/\/xstyle.md\/"},{"@type":"ListItem","position":2,"name":"\u041c\u0430\u0433\u0430\u0437\u0438\u043d","item":"https:\/\/xstyle.md\/shop\/"},{"@type":"ListItem","position":3,"name":"\u0422\u0443\u0440\u0431\u043e\u0437\u0430\u0436\u0438\u0433\u0430\u043b\u043a\u0430 Primus PowerLighter III"}]},{"@type":"WebSite","@id":"https:\/\/xstyle.md\/#website","url":"https:\/\/xstyle.md\/","name":"Magazinul X-Style","description":"Echipamente pentru turism \u0219i sporturi extreme \u00een Moldova. Pre\u021buri, fotografii, caracteristici \u00een Moldova.","publisher":{"@id":"https:\/\/xstyle.md\/#organization"},"alternateName":"X-Style","potentialAction":[{"@type":"SearchAction","target":{"@type":"EntryPoint","urlTemplate":"https:\/\/xstyle.md\/?s={search_term_string}"},"query-input":{"@type":"PropertyValueSpecification","valueRequired":true,"valueName":"search_term_string"}}],"inLanguage":"ro-RO"},{"@type":"Organization","@id":"https:\/\/xstyle.md\/#organization","name":"Magazinul X-Style","alternateName":"x-style","url":"https:\/\/xstyle.md\/","logo":{"@type":"ImageObject","inLanguage":"ro-RO","@id":"https:\/\/xstyle.md\/#\/schema\/logo\/image\/","url":"https:\/\/xstyle.md\/wp-content\/uploads\/2020\/06\/logoicon.svg","contentUrl":"https:\/\/xstyle.md\/wp-content\/uploads\/2020\/06\/logoicon.svg","caption":"\u041c\u0430\u0433\u0430\u0437\u0438\u043d Xstyle"},"image":{"@id":"https:\/\/xstyle.md\/#\/schema\/logo\/image\/"},"sameAs":["https:\/\/www.facebook.com\/xstylemd","https:\/\/www.instagram.com\/xstyle_md\/","https:\/\/t.me\/xstyle_outdoor"],"hasMerchantReturnPolicy":{"@type":"MerchantReturnPolicy","merchantReturnLink":"https:\/\/xstyle.md\/ro\/conditions\/"}}]},"product_price_amount":"495.00","product_price_currency":"MDL","og_availability":"instock","product_availability":"instock","product_retailer_item_id":"7330033333077","product_condition":"new"},"post_mailing_queue_ids":[],"_links":{"self":[{"href":"https:\/\/xstyle.md\/ro\/wp-json\/wp\/v2\/product\/620","targetHints":{"allow":["GET"]}}],"collection":[{"href":"https:\/\/xstyle.md\/ro\/wp-json\/wp\/v2\/product"}],"about":[{"href":"https:\/\/xstyle.md\/ro\/wp-json\/wp\/v2\/types\/product"}],"replies":[{"embeddable":true,"href":"https:\/\/xstyle.md\/ro\/wp-json\/wp\/v2\/comments?post=620"}],"wp:featuredmedia":[{"embeddable":true,"href":"https:\/\/xstyle.md\/ro\/wp-json\/wp\/v2\/media\/619"}],"wp:attachment":[{"href":"https:\/\/xstyle.md\/ro\/wp-json\/wp\/v2\/media?parent=620"}],"wp:term":[{"taxonomy":"product_brand","embeddable":true,"href":"https:\/\/xstyle.md\/ro\/wp-json\/wp\/v2\/product_brand?post=620"},{"taxonomy":"product_cat","embeddable":true,"href":"https:\/\/xstyle.md\/ro\/wp-json\/wp\/v2\/product_cat?post=620"},{"taxonomy":"product_tag","embeddable":true,"href":"https:\/\/xstyle.md\/ro\/wp-json\/wp\/v2\/product_tag?post=620"}],"curies":[{"name":"wp","href":"https:\/\/api.w.org\/{rel}","templated":true}]}}