{"id":61984,"date":"2022-12-27T18:16:23","date_gmt":"2022-12-27T15:16:23","guid":{"rendered":"https:\/\/xstyle.md\/?post_type=product&#038;p=61984"},"modified":"2025-12-24T18:50:56","modified_gmt":"2025-12-24T15:50:56","slug":"bryuki-maier-fast-move-mns-marry-poppins","status":"publish","type":"product","link":"https:\/\/xstyle.md\/ro\/produs\/bryuki-maier-fast-move-mns-marry-poppins\/","title":{"rendered":"Pantaloni Maier Fast Move Mns marry poppins"},"content":{"rendered":"<\/p>\n<p><strong>Maier Fast Move<\/strong> &#8212; pantaloni de schi elastici care sunt ideali pentru activit\u0103\u021bile \u00een aer liber pe timp de iarn\u0103. Membrana mTEX 10.000 rezistent\u0103 la intemperii \u0219i finisajul f\u0103r\u0103 PFC v\u0103 men\u021bin uscat chiar \u0219i pe vreme rea, \u00een timp ce materialul foarte elastic, extensibil \u00een patru direc\u021bii \u0219i talia confortabil\u0103, reglabil\u0103 individual, asigur\u0103 o libertate maxim\u0103 de mi\u0219care \u0219i un nivel ridicat de confort. \u00cen zilele reci, c\u0103ptu\u0219eala u\u0219oar\u0103 mTHERM v\u0103 men\u021bine cald. \u00cen plus, man\u0219etele antiderapante pentru z\u0103pad\u0103 de pe marginile pantalonilor \u0219i elementele robuste de protec\u021bie a marginilor asigur\u0103 c\u0103 z\u0103pada nu intr\u0103 \u00een pantaloni \u0219i c\u0103 nimic nu \u00eei poate rupe.<\/p>\n<h3>Particularit\u0103\u021bi<\/h3>\n<ul>\n<li>Membran\u0103 respirabil\u0103, impermeabil\u0103 \u0219i rezistent\u0103 la v\u00e2nt<\/li>\n<li>Acoperire ecologic\u0103, hidrofug\u0103, f\u0103r\u0103 PFC<\/li>\n<li>Materialul elastic se \u00eentinde \u00een 4 direc\u021bii<\/li>\n<li>C\u0103ptu\u0219eala u\u0219oar\u0103 re\u021bine c\u0103ldura corpului \u0219i evacueaz\u0103 umezeala<\/li>\n<li>Band\u0103 reglabil\u0103 \u00een talie care se adapteaz\u0103 la orice siluet\u0103<\/li>\n<li>Man\u0219ete pentru z\u0103pad\u0103 cu man\u0219ete din cauciuc antiderapante<\/li>\n<li>Protec\u021bie sigur\u0103 a marginilor la pantaloni<\/li>\n<li>2 buzunare spa\u021bioase cu \u00eenchidere cu fermoar<\/li>\n<li>Croial\u0103 sportiv\u0103 pentru o mai mare flexibilitate<\/li>\n<li>Genunchi mula\u021bi pentru o libertate mare de mi\u0219care.<\/li>\n<\/ul>\n<h3>Caracteristici<\/h3>\n<ul>\n<li>Material &#8212; 90% poliester, 10% elastan<\/li>\n<li>Membran\u0103 &#8212; mTEX 10.000<\/li>\n<li>C\u0103ptu\u0219eal\u0103 &#8212; mTHERM light<\/li>\n<li>Permeabilitate la vapori &#8212; 10000 g\/(m\u00b2\u22c5zi)<\/li>\n<li>Model - b\u0103rba\u021bi.<\/li>\n<\/ul>\n<h3>Tehnologie<\/h3>\n<ul>\n<li><strong>mTEX<\/strong> \u2013 membran\u0103 impermeabil\u0103 \u0219i respirabil\u0103, confec\u021bionat\u0103 dintr-o \u021bes\u0103tur\u0103 durabil\u0103 care permite umezelii s\u0103 ias\u0103 \u00een exterior \u0219i este u\u0219or de cur\u0103\u021bat de murd\u0103rie.<\/li>\n<li><strong>mTHERM light<\/strong> &#8212; c\u0103ptu\u0219eal\u0103 moale cu propriet\u0103\u021bi izolatoare ridicate, care re\u021bine perfect c\u0103ldura \u0219i, \u00een acela\u0219i timp, elimin\u0103 rapid umezeala \u00een timpul activit\u0103\u021bii fizice \u0219i la temperaturi ridicate.<\/li>\n<\/ul>\n<h3>Marca<\/h3>\n<p>MAIER a fost organizat \u00een 1938 \u00een Germania de c\u0103tre un grup de oameni cu acelea\u0219i vederi. Scopul m\u0103rcii a fost de a crea cele mai confortabile haine care s\u0103 se potriveasc\u0103 unei persoane de orice \u00een\u0103l\u021bime. Marca este specializat\u0103 \u00een fabricarea de \u00eembr\u0103c\u0103minte \u0219i accesorii pentru schi \u0219i activit\u0103\u021bi prelungite \u00een aer liber. Marca se adreseaz\u0103 persoanelor care aleg un stil de via\u021b\u0103 activ. Produsele sunt caracterizate de confort \u0219i de o calitate european\u0103 real\u0103. La fabricare, se \u021bine cont de particularit\u0103\u021bile siluetei unei persoane, datorit\u0103 c\u0103rora hainele se potrivesc perfect \u0219i nu exist\u0103 niciun disconfort la utilizarea lor.<\/p>\n<p>Marca folose\u0219te propriile modele \u0219i materiale moderne. Hainele nu las\u0103 s\u0103 treac\u0103 umezeala \u0219i, \u00een acela\u0219i timp, permit corpului s\u0103 respire. Chiar \u0219i \u00een timpul sporturilor active, o persoan\u0103 \u00een astfel de produse nu transpir\u0103, nu exist\u0103 riscul de \u00eenghe\u021b. Majoritatea modelelor au o membran\u0103 de diferite grosimi \u0219i densit\u0103\u021bi. Acest lucru v\u0103 permite s\u0103 utiliza\u021bi haine \u00een aproape orice anotimp \u0219i \u00een orice condi\u021bii meteorologice. De asemenea, la toate fabricile m\u0103rcii exist\u0103 un control de mediu. \u00cen produc\u021bie se folosesc numai materiale inofensive. Compania acord\u0103 aten\u021bie fiec\u0103rui detaliu. Ca urmare, produsele MAIER au fost foarte repede recunoscute \u00een \u00eentreaga lume.<\/p>\n<p><\/p>","protected":false},"excerpt":{"rendered":"","protected":false},"featured_media":62896,"comment_status":"open","ping_status":"closed","template":"","meta":{"_acf_changed":false,"inline_featured_image":false},"product_brand":[1319],"product_cat":[248],"product_tag":[],"class_list":{"0":"post-61984","1":"product","2":"type-product","3":"status-publish","4":"has-post-thumbnail","6":"product_brand-maier","7":"product_cat-pantaloni-de-schi-barbati","9":"first","10":"instock","11":"sale","12":"shipping-taxable","13":"purchasable","14":"product-type-simple"},"acf":[],"yoast_head":"<!-- This site is optimized with the Yoast SEO plugin v27.4 - https:\/\/yoast.com\/product\/yoast-seo-wordpress\/ -->\n<title>\u0411\u0440\u044e\u043a\u0438 Maier Fast Move Mns marry poppins - \u041c\u0430\u0433\u0430\u0437\u0438\u043d Xstyle<\/title>\n<meta name=\"description\" content=\"\u0411\u0440\u044e\u043a\u0438 Maier Fast Move Mns marry poppins: \u0438\u0434\u0435\u0430\u043b\u044c\u043d\u044b\u0439 \u0432\u044b\u0431\u043e\u0440 \u0434\u043b\u044f \u0437\u0438\u043c\u043d\u0438\u0445 \u0430\u043a\u0442\u0438\u0432\u043d\u043e\u0441\u0442\u0435\u0439. \u041c\u0435\u043c\u0431\u0440\u0430\u043d\u0430 mTEX 10000 \u0438 \u044d\u043b\u0430\u0441\u0442\u0438\u0447\u043d\u044b\u0439 \u043c\u0430\u0442\u0435\u0440\u0438\u0430\u043b \u043e\u0431\u0435\u0441\u043f\u0435\u0447\u0438\u0432\u0430\u044e\u0442 \u043a\u043e\u043c\u0444\u043e\u0440\u0442 \u0438 \u0437\u0430\u0449\u0438\u0442\u0443.\" \/>\n<meta name=\"robots\" content=\"index, follow, max-snippet:-1, max-image-preview:large, max-video-preview:-1\" \/>\n<link rel=\"canonical\" href=\"https:\/\/xstyle.md\/ro\/produs\/bryuki-maier-fast-move-mns-marry-poppins\/\" \/>\n<meta property=\"og:locale\" content=\"ro_RO\" \/>\n<meta property=\"og:type\" content=\"article\" \/>\n<meta property=\"og:title\" content=\"\u0411\u0440\u044e\u043a\u0438 Maier Fast Move Mns marry poppins - \u041c\u0430\u0433\u0430\u0437\u0438\u043d Xstyle\" \/>\n<meta property=\"og:description\" content=\"\u0411\u0440\u044e\u043a\u0438 Maier Fast Move Mns marry poppins: \u0438\u0434\u0435\u0430\u043b\u044c\u043d\u044b\u0439 \u0432\u044b\u0431\u043e\u0440 \u0434\u043b\u044f \u0437\u0438\u043c\u043d\u0438\u0445 \u0430\u043a\u0442\u0438\u0432\u043d\u043e\u0441\u0442\u0435\u0439. \u041c\u0435\u043c\u0431\u0440\u0430\u043d\u0430 mTEX 10000 \u0438 \u044d\u043b\u0430\u0441\u0442\u0438\u0447\u043d\u044b\u0439 \u043c\u0430\u0442\u0435\u0440\u0438\u0430\u043b \u043e\u0431\u0435\u0441\u043f\u0435\u0447\u0438\u0432\u0430\u044e\u0442 \u043a\u043e\u043c\u0444\u043e\u0440\u0442 \u0438 \u0437\u0430\u0449\u0438\u0442\u0443.\" \/>\n<meta property=\"og:url\" content=\"https:\/\/xstyle.md\/ro\/produs\/bryuki-maier-fast-move-mns-marry-poppins\/\" \/>\n<meta property=\"og:site_name\" content=\"\u041c\u0430\u0433\u0430\u0437\u0438\u043d Xstyle\" \/>\n<meta property=\"article:publisher\" content=\"https:\/\/www.facebook.com\/xstylemd\" \/>\n<meta property=\"article:modified_time\" content=\"2025-12-24T15:50:56+00:00\" \/>\n<meta property=\"og:image\" content=\"https:\/\/xstyle.md\/wp-content\/uploads\/2022\/12\/maier-fast-move-mns-marry-poppins.jpg\" \/>\n\t<meta property=\"og:image:width\" content=\"2222\" \/>\n\t<meta property=\"og:image:height\" content=\"2246\" \/>\n\t<meta property=\"og:image:type\" content=\"image\/jpeg\" \/>\n<meta name=\"twitter:card\" content=\"summary_large_image\" \/>\n<meta name=\"twitter:label1\" content=\"Pre\u021b\" \/>\n\t<meta name=\"twitter:data1\" content=\"2.754&nbsp;MDL\" \/>\n\t<meta name=\"twitter:label2\" content=\"Disponibilitate\" \/>\n\t<meta name=\"twitter:data2\" content=\"\u00cen stoc\" \/>\n<script type=\"application\/ld+json\" class=\"yoast-schema-graph\">{\"@context\":\"https:\\\/\\\/schema.org\",\"@graph\":[{\"@type\":\"WebPage\",\"@id\":\"https:\\\/\\\/xstyle.md\\\/product\\\/bryuki-maier-fast-move-mns-marry-poppins\\\/\",\"url\":\"https:\\\/\\\/xstyle.md\\\/product\\\/bryuki-maier-fast-move-mns-marry-poppins\\\/\",\"name\":\"\u0411\u0440\u044e\u043a\u0438 Maier Fast Move Mns marry poppins - \u041c\u0430\u0433\u0430\u0437\u0438\u043d Xstyle\",\"isPartOf\":{\"@id\":\"https:\\\/\\\/xstyle.md\\\/#website\"},\"primaryImageOfPage\":{\"@id\":\"https:\\\/\\\/xstyle.md\\\/product\\\/bryuki-maier-fast-move-mns-marry-poppins\\\/#primaryimage\"},\"image\":{\"@id\":\"https:\\\/\\\/xstyle.md\\\/product\\\/bryuki-maier-fast-move-mns-marry-poppins\\\/#primaryimage\"},\"thumbnailUrl\":\"https:\\\/\\\/xstyle.md\\\/wp-content\\\/uploads\\\/2022\\\/12\\\/maier-fast-move-mns-marry-poppins.jpg\",\"datePublished\":\"2022-12-27T15:16:23+00:00\",\"dateModified\":\"2025-12-24T15:50:56+00:00\",\"description\":\"\u0411\u0440\u044e\u043a\u0438 Maier Fast Move Mns marry poppins: \u0438\u0434\u0435\u0430\u043b\u044c\u043d\u044b\u0439 \u0432\u044b\u0431\u043e\u0440 \u0434\u043b\u044f \u0437\u0438\u043c\u043d\u0438\u0445 \u0430\u043a\u0442\u0438\u0432\u043d\u043e\u0441\u0442\u0435\u0439. \u041c\u0435\u043c\u0431\u0440\u0430\u043d\u0430 mTEX 10000 \u0438 \u044d\u043b\u0430\u0441\u0442\u0438\u0447\u043d\u044b\u0439 \u043c\u0430\u0442\u0435\u0440\u0438\u0430\u043b \u043e\u0431\u0435\u0441\u043f\u0435\u0447\u0438\u0432\u0430\u044e\u0442 \u043a\u043e\u043c\u0444\u043e\u0440\u0442 \u0438 \u0437\u0430\u0449\u0438\u0442\u0443.\",\"breadcrumb\":{\"@id\":\"https:\\\/\\\/xstyle.md\\\/product\\\/bryuki-maier-fast-move-mns-marry-poppins\\\/#breadcrumb\"},\"inLanguage\":\"ro-RO\",\"potentialAction\":[{\"@type\":\"ReadAction\",\"target\":[\"https:\\\/\\\/xstyle.md\\\/product\\\/bryuki-maier-fast-move-mns-marry-poppins\\\/\"]}]},{\"@type\":\"ImageObject\",\"inLanguage\":\"ro-RO\",\"@id\":\"https:\\\/\\\/xstyle.md\\\/product\\\/bryuki-maier-fast-move-mns-marry-poppins\\\/#primaryimage\",\"url\":\"https:\\\/\\\/xstyle.md\\\/wp-content\\\/uploads\\\/2022\\\/12\\\/maier-fast-move-mns-marry-poppins.jpg\",\"contentUrl\":\"https:\\\/\\\/xstyle.md\\\/wp-content\\\/uploads\\\/2022\\\/12\\\/maier-fast-move-mns-marry-poppins.jpg\",\"width\":1899,\"height\":1920,\"caption\":\"\u0411\u0440\u044e\u043a\u0438 Maier Fast Move Mns marry Poppins \u0434\u043b\u044f \u0430\u043a\u0442\u0438\u0432\u043d\u043e\u0433\u043e \u043e\u0442\u0434\u044b\u0445\u0430 \u0441\u043f\u043e\u0440\u0442 \u0438 \u0442\u0443\u0440\u0438\u0437\u043c \u043e\u0431\u0443\u0432\u044c \u0438 \u043e\u0434\u0435\u0436\u0434\u0430 \u0434\u043b\u044f \u043f\u043e\u0445\u043e\u0434\u043e\u0432 \u043f\u0443\u0442\u0435\u0448\u0435\u0441\u0442\u0432\u0438\u0439 \u0441\u043f\u043e\u0440\u0442\u0438\u0432\u043d\u0430\u044f \u044d\u043a\u0438\u043f\u0438\u0440\u043e\u0432\u043a\u0430 \u0434\u043b\u044f \u0445\u0430\u0439\u043a\u0438\u043d\u0433\u0430 \u0430\u043b\u044c\u043f\u0438\u043d\u0438\u0437\u043c\u0430 \u0438 \u0430\u043a\u0442\u0438\u0432\u043d\u043e\u0433\u043e \u043e\u0431\u0440\u0430\u0437\u0430 \u0436\u0438\u0437\u043d\u0438\"},{\"@type\":\"BreadcrumbList\",\"@id\":\"https:\\\/\\\/xstyle.md\\\/product\\\/bryuki-maier-fast-move-mns-marry-poppins\\\/#breadcrumb\",\"itemListElement\":[{\"@type\":\"ListItem\",\"position\":1,\"name\":\"\u0413\u043b\u0430\u0432\u043d\u0430\u044f \u0441\u0442\u0440\u0430\u043d\u0438\u0446\u0430\",\"item\":\"https:\\\/\\\/xstyle.md\\\/\"},{\"@type\":\"ListItem\",\"position\":2,\"name\":\"\u041c\u0430\u0433\u0430\u0437\u0438\u043d\",\"item\":\"https:\\\/\\\/xstyle.md\\\/shop\\\/\"},{\"@type\":\"ListItem\",\"position\":3,\"name\":\"\u0411\u0440\u044e\u043a\u0438 Maier Fast Move Mns marry poppins\"}]},{\"@type\":\"WebSite\",\"@id\":\"https:\\\/\\\/xstyle.md\\\/#website\",\"url\":\"https:\\\/\\\/xstyle.md\\\/\",\"name\":\"\u041c\u0430\u0433\u0430\u0437\u0438\u043d Xstyle\",\"description\":\"C\u043d\u0430\u0440\u044f\u0436\u0435\u043d\u0438\u0435 \u0434\u043b\u044f \u0442\u0443\u0440\u0438\u0437\u043c\u0430 \u0438 \u044d\u043a\u0441\u0442\u0440\u0435\u043c\u0430\u043b\u044c\u043d\u044b\u0445 \u0432\u0438\u0434\u043e\u0432 \u0441\u043f\u043e\u0440\u0442\u0430 \u0432 \u041c\u043e\u043b\u0434\u043e\u0432\u0435.. \u0426\u0435\u043d\u044b, \u0444\u043e\u0442\u043e, \u0445\u0430\u0440\u0430\u043a\u0442\u0435\u0440\u0438\u0441\u0442\u0438\u043a\u0438 \u0432 \u041c\u043e\u043b\u0434\u043e\u0432\u0435.\",\"publisher\":{\"@id\":\"https:\\\/\\\/xstyle.md\\\/#organization\"},\"alternateName\":\"X-Style\",\"potentialAction\":[{\"@type\":\"SearchAction\",\"target\":{\"@type\":\"EntryPoint\",\"urlTemplate\":\"https:\\\/\\\/xstyle.md\\\/?s={search_term_string}\"},\"query-input\":{\"@type\":\"PropertyValueSpecification\",\"valueRequired\":true,\"valueName\":\"search_term_string\"}}],\"inLanguage\":\"ro-RO\"},{\"@type\":\"Organization\",\"@id\":\"https:\\\/\\\/xstyle.md\\\/#organization\",\"name\":\"\u041c\u0430\u0433\u0430\u0437\u0438\u043d Xstyle\",\"alternateName\":\"x-style\",\"url\":\"https:\\\/\\\/xstyle.md\\\/\",\"logo\":{\"@type\":\"ImageObject\",\"inLanguage\":\"ro-RO\",\"@id\":\"https:\\\/\\\/xstyle.md\\\/#\\\/schema\\\/logo\\\/image\\\/\",\"url\":\"https:\\\/\\\/xstyle.md\\\/wp-content\\\/uploads\\\/2020\\\/06\\\/logoicon.svg\",\"contentUrl\":\"https:\\\/\\\/xstyle.md\\\/wp-content\\\/uploads\\\/2020\\\/06\\\/logoicon.svg\",\"caption\":\"\u041c\u0430\u0433\u0430\u0437\u0438\u043d Xstyle\"},\"image\":{\"@id\":\"https:\\\/\\\/xstyle.md\\\/#\\\/schema\\\/logo\\\/image\\\/\"},\"sameAs\":[\"https:\\\/\\\/www.facebook.com\\\/xstylemd\",\"https:\\\/\\\/www.instagram.com\\\/xstyle_md\\\/\",\"https:\\\/\\\/t.me\\\/xstyle_outdoor\"],\"hasMerchantReturnPolicy\":{\"@type\":\"MerchantReturnPolicy\",\"merchantReturnLink\":\"https:\\\/\\\/xstyle.md\\\/ro\\\/conditions\\\/\"}}]}<\/script>\n<meta property=\"product:price:amount\" content=\"2754.00\" \/>\n<meta property=\"product:price:currency\" content=\"MDL\" \/>\n<meta property=\"og:availability\" content=\"instock\" \/>\n<meta property=\"product:availability\" content=\"instock\" \/>\n<meta property=\"product:retailer_item_id\" content=\"4065306234036\" \/>\n<meta property=\"product:condition\" content=\"new\" \/>\n<!-- \/ Yoast SEO plugin. -->","yoast_head_json":{"title":"Pantaloni Maier Fast Move Mns marry poppins - Magazin Xstyle","description":"Pantalonii Maier Fast Move Mns marry poppins: alegerea perfect\u0103 pentru activit\u0103\u021bile de iarn\u0103. Membrana mTEX 10000 \u0219i materialul elastic asigur\u0103 confort \u0219i protec\u021bie.","robots":{"index":"index","follow":"follow","max-snippet":"max-snippet:-1","max-image-preview":"max-image-preview:large","max-video-preview":"max-video-preview:-1"},"canonical":"https:\/\/xstyle.md\/ro\/produs\/bryuki-maier-fast-move-mns-marry-poppins\/","og_locale":"ro_RO","og_type":"article","og_title":"\u0411\u0440\u044e\u043a\u0438 Maier Fast Move Mns marry poppins - \u041c\u0430\u0433\u0430\u0437\u0438\u043d Xstyle","og_description":"\u0411\u0440\u044e\u043a\u0438 Maier Fast Move Mns marry poppins: \u0438\u0434\u0435\u0430\u043b\u044c\u043d\u044b\u0439 \u0432\u044b\u0431\u043e\u0440 \u0434\u043b\u044f \u0437\u0438\u043c\u043d\u0438\u0445 \u0430\u043a\u0442\u0438\u0432\u043d\u043e\u0441\u0442\u0435\u0439. \u041c\u0435\u043c\u0431\u0440\u0430\u043d\u0430 mTEX 10000 \u0438 \u044d\u043b\u0430\u0441\u0442\u0438\u0447\u043d\u044b\u0439 \u043c\u0430\u0442\u0435\u0440\u0438\u0430\u043b \u043e\u0431\u0435\u0441\u043f\u0435\u0447\u0438\u0432\u0430\u044e\u0442 \u043a\u043e\u043c\u0444\u043e\u0440\u0442 \u0438 \u0437\u0430\u0449\u0438\u0442\u0443.","og_url":"https:\/\/xstyle.md\/ro\/produs\/bryuki-maier-fast-move-mns-marry-poppins\/","og_site_name":"\u041c\u0430\u0433\u0430\u0437\u0438\u043d Xstyle","article_publisher":"https:\/\/www.facebook.com\/xstylemd","article_modified_time":"2025-12-24T15:50:56+00:00","og_image":[{"width":2222,"height":2246,"url":"https:\/\/xstyle.md\/wp-content\/uploads\/2022\/12\/maier-fast-move-mns-marry-poppins.jpg","type":"image\/jpeg"}],"twitter_card":"summary_large_image","twitter_misc":{"Pre\u021b":"2.754&nbsp;MDL","Disponibilitate":"\u00cen stoc"},"schema":{"@context":"https:\/\/schema.org","@graph":[{"@type":"WebPage","@id":"https:\/\/xstyle.md\/product\/bryuki-maier-fast-move-mns-marry-poppins\/","url":"https:\/\/xstyle.md\/product\/bryuki-maier-fast-move-mns-marry-poppins\/","name":"Pantaloni Maier Fast Move Mns marry poppins - Magazin Xstyle","isPartOf":{"@id":"https:\/\/xstyle.md\/#website"},"primaryImageOfPage":{"@id":"https:\/\/xstyle.md\/product\/bryuki-maier-fast-move-mns-marry-poppins\/#primaryimage"},"image":{"@id":"https:\/\/xstyle.md\/product\/bryuki-maier-fast-move-mns-marry-poppins\/#primaryimage"},"thumbnailUrl":"https:\/\/xstyle.md\/wp-content\/uploads\/2022\/12\/maier-fast-move-mns-marry-poppins.jpg","datePublished":"2022-12-27T15:16:23+00:00","dateModified":"2025-12-24T15:50:56+00:00","description":"Pantalonii Maier Fast Move Mns marry poppins: alegerea perfect\u0103 pentru activit\u0103\u021bile de iarn\u0103. Membrana mTEX 10000 \u0219i materialul elastic asigur\u0103 confort \u0219i protec\u021bie.","breadcrumb":{"@id":"https:\/\/xstyle.md\/product\/bryuki-maier-fast-move-mns-marry-poppins\/#breadcrumb"},"inLanguage":"ro-RO","potentialAction":[{"@type":"ReadAction","target":["https:\/\/xstyle.md\/product\/bryuki-maier-fast-move-mns-marry-poppins\/"]}]},{"@type":"ImageObject","inLanguage":"ro-RO","@id":"https:\/\/xstyle.md\/product\/bryuki-maier-fast-move-mns-marry-poppins\/#primaryimage","url":"https:\/\/xstyle.md\/wp-content\/uploads\/2022\/12\/maier-fast-move-mns-marry-poppins.jpg","contentUrl":"https:\/\/xstyle.md\/wp-content\/uploads\/2022\/12\/maier-fast-move-mns-marry-poppins.jpg","width":1899,"height":1920,"caption":"\u0411\u0440\u044e\u043a\u0438 Maier Fast Move Mns marry Poppins \u0434\u043b\u044f \u0430\u043a\u0442\u0438\u0432\u043d\u043e\u0433\u043e \u043e\u0442\u0434\u044b\u0445\u0430 \u0441\u043f\u043e\u0440\u0442 \u0438 \u0442\u0443\u0440\u0438\u0437\u043c \u043e\u0431\u0443\u0432\u044c \u0438 \u043e\u0434\u0435\u0436\u0434\u0430 \u0434\u043b\u044f \u043f\u043e\u0445\u043e\u0434\u043e\u0432 \u043f\u0443\u0442\u0435\u0448\u0435\u0441\u0442\u0432\u0438\u0439 \u0441\u043f\u043e\u0440\u0442\u0438\u0432\u043d\u0430\u044f \u044d\u043a\u0438\u043f\u0438\u0440\u043e\u0432\u043a\u0430 \u0434\u043b\u044f \u0445\u0430\u0439\u043a\u0438\u043d\u0433\u0430 \u0430\u043b\u044c\u043f\u0438\u043d\u0438\u0437\u043c\u0430 \u0438 \u0430\u043a\u0442\u0438\u0432\u043d\u043e\u0433\u043e \u043e\u0431\u0440\u0430\u0437\u0430 \u0436\u0438\u0437\u043d\u0438"},{"@type":"BreadcrumbList","@id":"https:\/\/xstyle.md\/product\/bryuki-maier-fast-move-mns-marry-poppins\/#breadcrumb","itemListElement":[{"@type":"ListItem","position":1,"name":"\u0413\u043b\u0430\u0432\u043d\u0430\u044f \u0441\u0442\u0440\u0430\u043d\u0438\u0446\u0430","item":"https:\/\/xstyle.md\/"},{"@type":"ListItem","position":2,"name":"\u041c\u0430\u0433\u0430\u0437\u0438\u043d","item":"https:\/\/xstyle.md\/shop\/"},{"@type":"ListItem","position":3,"name":"\u0411\u0440\u044e\u043a\u0438 Maier Fast Move Mns marry poppins"}]},{"@type":"WebSite","@id":"https:\/\/xstyle.md\/#website","url":"https:\/\/xstyle.md\/","name":"Magazinul X-Style","description":"Echipamente pentru turism \u0219i sporturi extreme \u00een Moldova. Pre\u021buri, fotografii, caracteristici \u00een Moldova.","publisher":{"@id":"https:\/\/xstyle.md\/#organization"},"alternateName":"X-Style","potentialAction":[{"@type":"SearchAction","target":{"@type":"EntryPoint","urlTemplate":"https:\/\/xstyle.md\/?s={search_term_string}"},"query-input":{"@type":"PropertyValueSpecification","valueRequired":true,"valueName":"search_term_string"}}],"inLanguage":"ro-RO"},{"@type":"Organization","@id":"https:\/\/xstyle.md\/#organization","name":"Magazinul X-Style","alternateName":"x-style","url":"https:\/\/xstyle.md\/","logo":{"@type":"ImageObject","inLanguage":"ro-RO","@id":"https:\/\/xstyle.md\/#\/schema\/logo\/image\/","url":"https:\/\/xstyle.md\/wp-content\/uploads\/2020\/06\/logoicon.svg","contentUrl":"https:\/\/xstyle.md\/wp-content\/uploads\/2020\/06\/logoicon.svg","caption":"\u041c\u0430\u0433\u0430\u0437\u0438\u043d Xstyle"},"image":{"@id":"https:\/\/xstyle.md\/#\/schema\/logo\/image\/"},"sameAs":["https:\/\/www.facebook.com\/xstylemd","https:\/\/www.instagram.com\/xstyle_md\/","https:\/\/t.me\/xstyle_outdoor"],"hasMerchantReturnPolicy":{"@type":"MerchantReturnPolicy","merchantReturnLink":"https:\/\/xstyle.md\/ro\/conditions\/"}}]},"product_price_amount":"2754.00","product_price_currency":"MDL","og_availability":"instock","product_availability":"instock","product_retailer_item_id":"4065306234036","product_condition":"new"},"post_mailing_queue_ids":[],"_links":{"self":[{"href":"https:\/\/xstyle.md\/ro\/wp-json\/wp\/v2\/product\/61984","targetHints":{"allow":["GET"]}}],"collection":[{"href":"https:\/\/xstyle.md\/ro\/wp-json\/wp\/v2\/product"}],"about":[{"href":"https:\/\/xstyle.md\/ro\/wp-json\/wp\/v2\/types\/product"}],"replies":[{"embeddable":true,"href":"https:\/\/xstyle.md\/ro\/wp-json\/wp\/v2\/comments?post=61984"}],"wp:featuredmedia":[{"embeddable":true,"href":"https:\/\/xstyle.md\/ro\/wp-json\/wp\/v2\/media\/62896"}],"wp:attachment":[{"href":"https:\/\/xstyle.md\/ro\/wp-json\/wp\/v2\/media?parent=61984"}],"wp:term":[{"taxonomy":"product_brand","embeddable":true,"href":"https:\/\/xstyle.md\/ro\/wp-json\/wp\/v2\/product_brand?post=61984"},{"taxonomy":"product_cat","embeddable":true,"href":"https:\/\/xstyle.md\/ro\/wp-json\/wp\/v2\/product_cat?post=61984"},{"taxonomy":"product_tag","embeddable":true,"href":"https:\/\/xstyle.md\/ro\/wp-json\/wp\/v2\/product_tag?post=61984"}],"curies":[{"name":"wp","href":"https:\/\/api.w.org\/{rel}","templated":true}]}}