{"id":60383,"date":"2022-12-06T12:52:59","date_gmt":"2022-12-06T09:52:59","guid":{"rendered":"https:\/\/xstyle.md\/?post_type=product&#038;p=60383"},"modified":"2024-11-12T13:03:04","modified_gmt":"2024-11-12T10:03:04","slug":"fonar-goal-zero-lighthouse-core-lateme","status":"publish","type":"product","link":"https:\/\/xstyle.md\/ro\/produs\/fonar-goal-zero-lighthouse-core-lateme\/","title":{"rendered":"Lantern\u0103 Goal Zero Lighthouse Core"},"content":{"rendered":"<\/p>\n<p><strong>Goal Zero Lighthouse Core<\/strong> &#8212; lamp\u0103 cu LED cu o putere luminoas\u0103 de p\u00e2n\u0103 la 430 de lumeni. Bateria l\u0103mpii poate fi utilizat\u0103 ca powerbank pentru a \u00eenc\u0103rca un smartphone sau alte gadgeturi USB mici. Conceput\u0103 pentru iluminatul taberei \u00een timpul activit\u0103\u021bilor de recreere \u00een aer liber. Poate fi utilizat\u0103 \u0219i ca lumin\u0103 de urgen\u021b\u0103 pentru cas\u0103 sau caban\u0103 de var\u0103.<\/p>\n<h3>Particularit\u0103\u021bi<\/h3>\n<ul>\n<li>Modul de iluminare \u0219i puterea sa sunt selectate de regulatorul din partea superioar\u0103 a l\u0103mpii.<\/li>\n<li>Priza USB de pe corpul l\u0103mpii poate fi utilizat\u0103 pentru a \u00eenc\u0103rca un smartphone, un aparat foto, o camer\u0103 de ac\u021biune sau o tablet\u0103.<\/li>\n<li>Poate \u00eenc\u0103rca \u0219i un alt dispozitiv \u00een acela\u0219i timp<\/li>\n<li>Indicator de stare a bateriei pe partea superioar\u0103 a l\u0103mpii<\/li>\n<li>Bateria l\u0103mpii se \u00eencarc\u0103 de la o surs\u0103 de alimentare USB sau de la panourile solare Goal Zero Nomad.<\/li>\n<li>Exist\u0103 un inel de ag\u0103\u021bat \u00een partea superioar\u0103 a l\u0103mpii.<\/li>\n<li>Suport magnetic \u00een partea de jos a l\u0103mpii.<\/li>\n<\/ul>\n<h3>Porturi<\/h3>\n<ul>\n<li>Cablu cu muf\u0103 USB-A (intrare): 5 V, p\u00e2n\u0103 la 1 A, max. 5 W<\/li>\n<li>Priz\u0103 USB-A (ie\u0219ire) pentru \u00eenc\u0103rcarea gadgeturilor: 5 V, p\u00e2n\u0103 la 1 A, max. 5 W, reglabil<\/li>\n<\/ul>\n<h3>Moduri de lucru<\/h3>\n<ul>\n<li>Complet (lumineaz\u0103 la 360\u00b0)<\/li>\n<li>Economic (lumineaz\u0103 la 180\u00b0).<\/li>\n<\/ul>\n<h3>Timp de incarcare<\/h3>\n<ul>\n<li>Timp de \u00eenc\u0103rcare (surs\u0103 de alimentare cu port USB): 5 ore<\/li>\n<li>Timp de \u00eenc\u0103rcare (panou solar Nomad 10): 5 &#8212; 10 ore.<\/li>\n<\/ul>\n<h3>Caracteristici<\/h3>\n<ul>\n<li>Tip: Li-ion NMC<\/li>\n<li>Capacitate: 4400 mA-g<\/li>\n<li>Tensiune de ie\u0219ire: 3.7V<\/li>\n<li>Putere: 16.3Wh<\/li>\n<li>LED: 430 lm, lumin\u0103 alb\u0103 cald\u0103 3500K<\/li>\n<li>\u00cen conformitate cu standardele: CE<\/li>\n<li>Dimensiuni: 127 x 114 x 114 mm<\/li>\n<li>Greutate: 363g.<\/li>\n<\/ul>\n<h3>Setul include<\/h3>\n<ul>\n<li>Lamp\u0103<\/li>\n<li>Instruc\u021biuni (pe h\u00e2rtie sau electronice).<\/li>\n<\/ul>\n<h3>Marca<\/h3>\n<p>Goal Zero este un brand american care produce surse de energie pentru c\u0103l\u0103torii autonome. Acum, lipsa civiliza\u021biei nu v\u0103 va \u00eempiedica s\u0103 v\u0103 folosi\u021bi gadgeturile obi\u0219nuite &#8212; le pute\u021bi \u00eenc\u0103rca cu ajutorul luminii solare. \u00cenc\u0103rc\u0103toarele portabile Goal Zero pot fi \u00eenc\u0103rcate at\u00e2t de la re\u021beaua electric\u0103, c\u00e2t \u0219i de la panourile solare. Sursele de energie u\u0219oare \u0219i compacte sunt potrivite pentru turi\u0219ti \u0219i pentru oricine este interesat de greutate redus\u0103, \u00een timp ce modelele puternice sunt capabile s\u0103 furnizeze energie pentru o tab\u0103r\u0103 de baz\u0103 sau camping, de exemplu, pentru a \u00eenc\u0103rca un frigider portabil, un televizor sau mai multe laptopuri.<\/p>\n<p><\/p>","protected":false},"excerpt":{"rendered":"","protected":false},"featured_media":60452,"comment_status":"open","ping_status":"closed","template":"","meta":{"_acf_changed":false,"inline_featured_image":false},"product_brand":[1459],"product_cat":[329],"product_tag":[],"class_list":{"0":"post-60383","1":"product","2":"type-product","3":"status-publish","4":"has-post-thumbnail","6":"product_brand-goal-zero","7":"product_cat-camping-lights","9":"first","10":"instock","11":"shipping-taxable","12":"purchasable","13":"product-type-simple"},"acf":[],"yoast_head":"<!-- This site is optimized with the Yoast SEO plugin v27.4 - https:\/\/yoast.com\/product\/yoast-seo-wordpress\/ -->\n<title>\u0424\u043e\u043d\u0430\u0440\u044c Goal Zero Lighthouse Core - \u041c\u0430\u0433\u0430\u0437\u0438\u043d Xstyle<\/title>\n<meta name=\"description\" content=\"\u0424\u043e\u043d\u0430\u0440\u044c Goal Zero Lighthouse Core 430 LED \u0441 \u043c\u043e\u0449\u043d\u043e\u0441\u0442\u044c\u044e 430 \u043b\u043c \u0438 \u0444\u0443\u043d\u043a\u0446\u0438\u0435\u0439 powerbank. \u0418\u0434\u0435\u0430\u043b\u0435\u043d \u0434\u043b\u044f \u043a\u0435\u043c\u043f\u0438\u043d\u0433\u0430 \u0438 \u0430\u043a\u0442\u0438\u0432\u043d\u043e\u0433\u043e \u043e\u0442\u0434\u044b\u0445\u0430. \u0417\u0430\u0440\u044f\u0434\u0438\u0442\u0435 \u0441\u0432\u043e\u0438 \u0443\u0441\u0442\u0440\u043e\u0439\u0441\u0442\u0432\u0430!\" \/>\n<meta name=\"robots\" content=\"index, follow, max-snippet:-1, max-image-preview:large, max-video-preview:-1\" \/>\n<link rel=\"canonical\" href=\"https:\/\/xstyle.md\/ro\/produs\/fonar-goal-zero-lighthouse-core-lateme\/\" \/>\n<meta property=\"og:locale\" content=\"ro_RO\" \/>\n<meta property=\"og:type\" content=\"article\" \/>\n<meta property=\"og:title\" content=\"\u0424\u043e\u043d\u0430\u0440\u044c Goal Zero Lighthouse Core - \u041c\u0430\u0433\u0430\u0437\u0438\u043d Xstyle\" \/>\n<meta property=\"og:description\" content=\"\u0424\u043e\u043d\u0430\u0440\u044c Goal Zero Lighthouse Core 430 LED \u0441 \u043c\u043e\u0449\u043d\u043e\u0441\u0442\u044c\u044e 430 \u043b\u043c \u0438 \u0444\u0443\u043d\u043a\u0446\u0438\u0435\u0439 powerbank. \u0418\u0434\u0435\u0430\u043b\u0435\u043d \u0434\u043b\u044f \u043a\u0435\u043c\u043f\u0438\u043d\u0433\u0430 \u0438 \u0430\u043a\u0442\u0438\u0432\u043d\u043e\u0433\u043e \u043e\u0442\u0434\u044b\u0445\u0430. \u0417\u0430\u0440\u044f\u0434\u0438\u0442\u0435 \u0441\u0432\u043e\u0438 \u0443\u0441\u0442\u0440\u043e\u0439\u0441\u0442\u0432\u0430!\" \/>\n<meta property=\"og:url\" content=\"https:\/\/xstyle.md\/ro\/produs\/fonar-goal-zero-lighthouse-core-lateme\/\" \/>\n<meta property=\"og:site_name\" content=\"\u041c\u0430\u0433\u0430\u0437\u0438\u043d Xstyle\" \/>\n<meta property=\"article:publisher\" content=\"https:\/\/www.facebook.com\/xstylemd\" \/>\n<meta property=\"article:modified_time\" content=\"2024-11-12T10:03:04+00:00\" \/>\n<meta property=\"og:image\" content=\"https:\/\/xstyle.md\/wp-content\/uploads\/2022\/12\/goal-zero-lighthouse-core-lateme.jpg\" \/>\n\t<meta property=\"og:image:width\" content=\"1006\" \/>\n\t<meta property=\"og:image:height\" content=\"951\" \/>\n\t<meta property=\"og:image:type\" content=\"image\/jpeg\" \/>\n<meta name=\"twitter:card\" content=\"summary_large_image\" \/>\n<meta name=\"twitter:label1\" content=\"Pre\u021b\" \/>\n\t<meta name=\"twitter:data1\" content=\"1.490&nbsp;MDL\" \/>\n\t<meta name=\"twitter:label2\" content=\"Disponibilitate\" \/>\n\t<meta name=\"twitter:data2\" content=\"\u00cen stoc\" \/>\n<script type=\"application\/ld+json\" class=\"yoast-schema-graph\">{\"@context\":\"https:\\\/\\\/schema.org\",\"@graph\":[{\"@type\":\"WebPage\",\"@id\":\"https:\\\/\\\/xstyle.md\\\/product\\\/fonar-goal-zero-lighthouse-core-lateme\\\/\",\"url\":\"https:\\\/\\\/xstyle.md\\\/product\\\/fonar-goal-zero-lighthouse-core-lateme\\\/\",\"name\":\"\u0424\u043e\u043d\u0430\u0440\u044c Goal Zero Lighthouse Core - \u041c\u0430\u0433\u0430\u0437\u0438\u043d Xstyle\",\"isPartOf\":{\"@id\":\"https:\\\/\\\/xstyle.md\\\/#website\"},\"primaryImageOfPage\":{\"@id\":\"https:\\\/\\\/xstyle.md\\\/product\\\/fonar-goal-zero-lighthouse-core-lateme\\\/#primaryimage\"},\"image\":{\"@id\":\"https:\\\/\\\/xstyle.md\\\/product\\\/fonar-goal-zero-lighthouse-core-lateme\\\/#primaryimage\"},\"thumbnailUrl\":\"https:\\\/\\\/xstyle.md\\\/wp-content\\\/uploads\\\/2022\\\/12\\\/goal-zero-lighthouse-core-lateme.jpg\",\"datePublished\":\"2022-12-06T09:52:59+00:00\",\"dateModified\":\"2024-11-12T10:03:04+00:00\",\"description\":\"\u0424\u043e\u043d\u0430\u0440\u044c Goal Zero Lighthouse Core 430 LED \u0441 \u043c\u043e\u0449\u043d\u043e\u0441\u0442\u044c\u044e 430 \u043b\u043c \u0438 \u0444\u0443\u043d\u043a\u0446\u0438\u0435\u0439 powerbank. \u0418\u0434\u0435\u0430\u043b\u0435\u043d \u0434\u043b\u044f \u043a\u0435\u043c\u043f\u0438\u043d\u0433\u0430 \u0438 \u0430\u043a\u0442\u0438\u0432\u043d\u043e\u0433\u043e \u043e\u0442\u0434\u044b\u0445\u0430. \u0417\u0430\u0440\u044f\u0434\u0438\u0442\u0435 \u0441\u0432\u043e\u0438 \u0443\u0441\u0442\u0440\u043e\u0439\u0441\u0442\u0432\u0430!\",\"breadcrumb\":{\"@id\":\"https:\\\/\\\/xstyle.md\\\/product\\\/fonar-goal-zero-lighthouse-core-lateme\\\/#breadcrumb\"},\"inLanguage\":\"ro-RO\",\"potentialAction\":[{\"@type\":\"ReadAction\",\"target\":[\"https:\\\/\\\/xstyle.md\\\/product\\\/fonar-goal-zero-lighthouse-core-lateme\\\/\"]}]},{\"@type\":\"ImageObject\",\"inLanguage\":\"ro-RO\",\"@id\":\"https:\\\/\\\/xstyle.md\\\/product\\\/fonar-goal-zero-lighthouse-core-lateme\\\/#primaryimage\",\"url\":\"https:\\\/\\\/xstyle.md\\\/wp-content\\\/uploads\\\/2022\\\/12\\\/goal-zero-lighthouse-core-lateme.jpg\",\"contentUrl\":\"https:\\\/\\\/xstyle.md\\\/wp-content\\\/uploads\\\/2022\\\/12\\\/goal-zero-lighthouse-core-lateme.jpg\",\"width\":1006,\"height\":951,\"caption\":\"\u041c\u0438\u043d\u0438-\u0444\u043e\u043d\u0430\u0440\u044c Goal Zero Lighthouse Core \u0434\u043b\u044f \u0430\u043a\u0442\u0438\u0432\u043d\u043e\u0433\u043e \u043e\u0442\u0434\u044b\u0445\u0430 \u043f\u043e\u0445\u043e\u0434\u043e\u0432 \u0442\u0443\u0440\u0438\u0437\u043c\u0430 \u0430\u043b\u044c\u043f\u0438\u043d\u0438\u0437\u043c\u0430 \u0438 \u043f\u0443\u0442\u0435\u0448\u0435\u0441\u0442\u0432\u0438\u0439 \u0432 \u043e\u043d\u043b\u0430\u0439\u043d \u043c\u0430\u0433\u0430\u0437\u0438\u043d\u0435 \u0430\u043a\u0442\u0438\u0432\u043d\u043e\u0439 \u044d\u043a\u0438\u043f\u0438\u0440\u043e\u0432\u043a\u0438 \u043e\u0431\u0443\u0432\u0438 \u0438 \u043e\u0434\u0435\u0436\u0434\u044b\"},{\"@type\":\"BreadcrumbList\",\"@id\":\"https:\\\/\\\/xstyle.md\\\/product\\\/fonar-goal-zero-lighthouse-core-lateme\\\/#breadcrumb\",\"itemListElement\":[{\"@type\":\"ListItem\",\"position\":1,\"name\":\"\u0413\u043b\u0430\u0432\u043d\u0430\u044f \u0441\u0442\u0440\u0430\u043d\u0438\u0446\u0430\",\"item\":\"https:\\\/\\\/xstyle.md\\\/\"},{\"@type\":\"ListItem\",\"position\":2,\"name\":\"\u041c\u0430\u0433\u0430\u0437\u0438\u043d\",\"item\":\"https:\\\/\\\/xstyle.md\\\/shop\\\/\"},{\"@type\":\"ListItem\",\"position\":3,\"name\":\"\u0424\u043e\u043d\u0430\u0440\u044c Goal Zero Lighthouse Core\"}]},{\"@type\":\"WebSite\",\"@id\":\"https:\\\/\\\/xstyle.md\\\/#website\",\"url\":\"https:\\\/\\\/xstyle.md\\\/\",\"name\":\"\u041c\u0430\u0433\u0430\u0437\u0438\u043d Xstyle\",\"description\":\"C\u043d\u0430\u0440\u044f\u0436\u0435\u043d\u0438\u0435 \u0434\u043b\u044f \u0442\u0443\u0440\u0438\u0437\u043c\u0430 \u0438 \u044d\u043a\u0441\u0442\u0440\u0435\u043c\u0430\u043b\u044c\u043d\u044b\u0445 \u0432\u0438\u0434\u043e\u0432 \u0441\u043f\u043e\u0440\u0442\u0430 \u0432 \u041c\u043e\u043b\u0434\u043e\u0432\u0435.. \u0426\u0435\u043d\u044b, \u0444\u043e\u0442\u043e, \u0445\u0430\u0440\u0430\u043a\u0442\u0435\u0440\u0438\u0441\u0442\u0438\u043a\u0438 \u0432 \u041c\u043e\u043b\u0434\u043e\u0432\u0435.\",\"publisher\":{\"@id\":\"https:\\\/\\\/xstyle.md\\\/#organization\"},\"alternateName\":\"X-Style\",\"potentialAction\":[{\"@type\":\"SearchAction\",\"target\":{\"@type\":\"EntryPoint\",\"urlTemplate\":\"https:\\\/\\\/xstyle.md\\\/?s={search_term_string}\"},\"query-input\":{\"@type\":\"PropertyValueSpecification\",\"valueRequired\":true,\"valueName\":\"search_term_string\"}}],\"inLanguage\":\"ro-RO\"},{\"@type\":\"Organization\",\"@id\":\"https:\\\/\\\/xstyle.md\\\/#organization\",\"name\":\"\u041c\u0430\u0433\u0430\u0437\u0438\u043d Xstyle\",\"alternateName\":\"x-style\",\"url\":\"https:\\\/\\\/xstyle.md\\\/\",\"logo\":{\"@type\":\"ImageObject\",\"inLanguage\":\"ro-RO\",\"@id\":\"https:\\\/\\\/xstyle.md\\\/#\\\/schema\\\/logo\\\/image\\\/\",\"url\":\"https:\\\/\\\/xstyle.md\\\/wp-content\\\/uploads\\\/2020\\\/06\\\/logoicon.svg\",\"contentUrl\":\"https:\\\/\\\/xstyle.md\\\/wp-content\\\/uploads\\\/2020\\\/06\\\/logoicon.svg\",\"caption\":\"\u041c\u0430\u0433\u0430\u0437\u0438\u043d Xstyle\"},\"image\":{\"@id\":\"https:\\\/\\\/xstyle.md\\\/#\\\/schema\\\/logo\\\/image\\\/\"},\"sameAs\":[\"https:\\\/\\\/www.facebook.com\\\/xstylemd\",\"https:\\\/\\\/www.instagram.com\\\/xstyle_md\\\/\",\"https:\\\/\\\/t.me\\\/xstyle_outdoor\"],\"hasMerchantReturnPolicy\":{\"@type\":\"MerchantReturnPolicy\",\"merchantReturnLink\":\"https:\\\/\\\/xstyle.md\\\/ro\\\/conditions\\\/\"}}]}<\/script>\n<meta property=\"product:price:amount\" content=\"1490.00\" \/>\n<meta property=\"product:price:currency\" content=\"MDL\" \/>\n<meta property=\"og:availability\" content=\"instock\" \/>\n<meta property=\"product:availability\" content=\"instock\" \/>\n<meta property=\"product:retailer_item_id\" content=\"2000990055569\" \/>\n<meta property=\"product:condition\" content=\"new\" \/>\n<!-- \/ Yoast SEO plugin. -->","yoast_head_json":{"title":"Lantern\u0103 Goal Zero Lighthouse Core - Magazin Xstyle","description":"Lanterna Goal Zero Lighthouse Core 430 LED cu o putere de 430 lumeni \u0219i func\u021bie de powerbank. Ideal\u0103 pentru camping \u0219i activit\u0103\u021bi \u00een aer liber. \u00cenc\u0103rca\u021bi-v\u0103 dispozitivele!","robots":{"index":"index","follow":"follow","max-snippet":"max-snippet:-1","max-image-preview":"max-image-preview:large","max-video-preview":"max-video-preview:-1"},"canonical":"https:\/\/xstyle.md\/ro\/produs\/fonar-goal-zero-lighthouse-core-lateme\/","og_locale":"ro_RO","og_type":"article","og_title":"\u0424\u043e\u043d\u0430\u0440\u044c Goal Zero Lighthouse Core - \u041c\u0430\u0433\u0430\u0437\u0438\u043d Xstyle","og_description":"\u0424\u043e\u043d\u0430\u0440\u044c Goal Zero Lighthouse Core 430 LED \u0441 \u043c\u043e\u0449\u043d\u043e\u0441\u0442\u044c\u044e 430 \u043b\u043c \u0438 \u0444\u0443\u043d\u043a\u0446\u0438\u0435\u0439 powerbank. \u0418\u0434\u0435\u0430\u043b\u0435\u043d \u0434\u043b\u044f \u043a\u0435\u043c\u043f\u0438\u043d\u0433\u0430 \u0438 \u0430\u043a\u0442\u0438\u0432\u043d\u043e\u0433\u043e \u043e\u0442\u0434\u044b\u0445\u0430. \u0417\u0430\u0440\u044f\u0434\u0438\u0442\u0435 \u0441\u0432\u043e\u0438 \u0443\u0441\u0442\u0440\u043e\u0439\u0441\u0442\u0432\u0430!","og_url":"https:\/\/xstyle.md\/ro\/produs\/fonar-goal-zero-lighthouse-core-lateme\/","og_site_name":"\u041c\u0430\u0433\u0430\u0437\u0438\u043d Xstyle","article_publisher":"https:\/\/www.facebook.com\/xstylemd","article_modified_time":"2024-11-12T10:03:04+00:00","og_image":[{"width":1006,"height":951,"url":"https:\/\/xstyle.md\/wp-content\/uploads\/2022\/12\/goal-zero-lighthouse-core-lateme.jpg","type":"image\/jpeg"}],"twitter_card":"summary_large_image","twitter_misc":{"Pre\u021b":"1.490&nbsp;MDL","Disponibilitate":"\u00cen stoc"},"schema":{"@context":"https:\/\/schema.org","@graph":[{"@type":"WebPage","@id":"https:\/\/xstyle.md\/product\/fonar-goal-zero-lighthouse-core-lateme\/","url":"https:\/\/xstyle.md\/product\/fonar-goal-zero-lighthouse-core-lateme\/","name":"Lantern\u0103 Goal Zero Lighthouse Core - Magazin Xstyle","isPartOf":{"@id":"https:\/\/xstyle.md\/#website"},"primaryImageOfPage":{"@id":"https:\/\/xstyle.md\/product\/fonar-goal-zero-lighthouse-core-lateme\/#primaryimage"},"image":{"@id":"https:\/\/xstyle.md\/product\/fonar-goal-zero-lighthouse-core-lateme\/#primaryimage"},"thumbnailUrl":"https:\/\/xstyle.md\/wp-content\/uploads\/2022\/12\/goal-zero-lighthouse-core-lateme.jpg","datePublished":"2022-12-06T09:52:59+00:00","dateModified":"2024-11-12T10:03:04+00:00","description":"Lanterna Goal Zero Lighthouse Core 430 LED cu o putere de 430 lumeni \u0219i func\u021bie de powerbank. Ideal\u0103 pentru camping \u0219i activit\u0103\u021bi \u00een aer liber. \u00cenc\u0103rca\u021bi-v\u0103 dispozitivele!","breadcrumb":{"@id":"https:\/\/xstyle.md\/product\/fonar-goal-zero-lighthouse-core-lateme\/#breadcrumb"},"inLanguage":"ro-RO","potentialAction":[{"@type":"ReadAction","target":["https:\/\/xstyle.md\/product\/fonar-goal-zero-lighthouse-core-lateme\/"]}]},{"@type":"ImageObject","inLanguage":"ro-RO","@id":"https:\/\/xstyle.md\/product\/fonar-goal-zero-lighthouse-core-lateme\/#primaryimage","url":"https:\/\/xstyle.md\/wp-content\/uploads\/2022\/12\/goal-zero-lighthouse-core-lateme.jpg","contentUrl":"https:\/\/xstyle.md\/wp-content\/uploads\/2022\/12\/goal-zero-lighthouse-core-lateme.jpg","width":1006,"height":951,"caption":"\u041c\u0438\u043d\u0438-\u0444\u043e\u043d\u0430\u0440\u044c Goal Zero Lighthouse Core \u0434\u043b\u044f \u0430\u043a\u0442\u0438\u0432\u043d\u043e\u0433\u043e \u043e\u0442\u0434\u044b\u0445\u0430 \u043f\u043e\u0445\u043e\u0434\u043e\u0432 \u0442\u0443\u0440\u0438\u0437\u043c\u0430 \u0430\u043b\u044c\u043f\u0438\u043d\u0438\u0437\u043c\u0430 \u0438 \u043f\u0443\u0442\u0435\u0448\u0435\u0441\u0442\u0432\u0438\u0439 \u0432 \u043e\u043d\u043b\u0430\u0439\u043d \u043c\u0430\u0433\u0430\u0437\u0438\u043d\u0435 \u0430\u043a\u0442\u0438\u0432\u043d\u043e\u0439 \u044d\u043a\u0438\u043f\u0438\u0440\u043e\u0432\u043a\u0438 \u043e\u0431\u0443\u0432\u0438 \u0438 \u043e\u0434\u0435\u0436\u0434\u044b"},{"@type":"BreadcrumbList","@id":"https:\/\/xstyle.md\/product\/fonar-goal-zero-lighthouse-core-lateme\/#breadcrumb","itemListElement":[{"@type":"ListItem","position":1,"name":"\u0413\u043b\u0430\u0432\u043d\u0430\u044f \u0441\u0442\u0440\u0430\u043d\u0438\u0446\u0430","item":"https:\/\/xstyle.md\/"},{"@type":"ListItem","position":2,"name":"\u041c\u0430\u0433\u0430\u0437\u0438\u043d","item":"https:\/\/xstyle.md\/shop\/"},{"@type":"ListItem","position":3,"name":"\u0424\u043e\u043d\u0430\u0440\u044c Goal Zero Lighthouse Core"}]},{"@type":"WebSite","@id":"https:\/\/xstyle.md\/#website","url":"https:\/\/xstyle.md\/","name":"Magazinul X-Style","description":"Echipamente pentru turism \u0219i sporturi extreme \u00een Moldova. Pre\u021buri, fotografii, caracteristici \u00een Moldova.","publisher":{"@id":"https:\/\/xstyle.md\/#organization"},"alternateName":"X-Style","potentialAction":[{"@type":"SearchAction","target":{"@type":"EntryPoint","urlTemplate":"https:\/\/xstyle.md\/?s={search_term_string}"},"query-input":{"@type":"PropertyValueSpecification","valueRequired":true,"valueName":"search_term_string"}}],"inLanguage":"ro-RO"},{"@type":"Organization","@id":"https:\/\/xstyle.md\/#organization","name":"Magazinul X-Style","alternateName":"x-style","url":"https:\/\/xstyle.md\/","logo":{"@type":"ImageObject","inLanguage":"ro-RO","@id":"https:\/\/xstyle.md\/#\/schema\/logo\/image\/","url":"https:\/\/xstyle.md\/wp-content\/uploads\/2020\/06\/logoicon.svg","contentUrl":"https:\/\/xstyle.md\/wp-content\/uploads\/2020\/06\/logoicon.svg","caption":"\u041c\u0430\u0433\u0430\u0437\u0438\u043d Xstyle"},"image":{"@id":"https:\/\/xstyle.md\/#\/schema\/logo\/image\/"},"sameAs":["https:\/\/www.facebook.com\/xstylemd","https:\/\/www.instagram.com\/xstyle_md\/","https:\/\/t.me\/xstyle_outdoor"],"hasMerchantReturnPolicy":{"@type":"MerchantReturnPolicy","merchantReturnLink":"https:\/\/xstyle.md\/ro\/conditions\/"}}]},"product_price_amount":"1490.00","product_price_currency":"MDL","og_availability":"instock","product_availability":"instock","product_retailer_item_id":"2000990055569","product_condition":"new"},"_links":{"self":[{"href":"https:\/\/xstyle.md\/ro\/wp-json\/wp\/v2\/product\/60383","targetHints":{"allow":["GET"]}}],"collection":[{"href":"https:\/\/xstyle.md\/ro\/wp-json\/wp\/v2\/product"}],"about":[{"href":"https:\/\/xstyle.md\/ro\/wp-json\/wp\/v2\/types\/product"}],"replies":[{"embeddable":true,"href":"https:\/\/xstyle.md\/ro\/wp-json\/wp\/v2\/comments?post=60383"}],"wp:featuredmedia":[{"embeddable":true,"href":"https:\/\/xstyle.md\/ro\/wp-json\/wp\/v2\/media\/60452"}],"wp:attachment":[{"href":"https:\/\/xstyle.md\/ro\/wp-json\/wp\/v2\/media?parent=60383"}],"wp:term":[{"taxonomy":"product_brand","embeddable":true,"href":"https:\/\/xstyle.md\/ro\/wp-json\/wp\/v2\/product_brand?post=60383"},{"taxonomy":"product_cat","embeddable":true,"href":"https:\/\/xstyle.md\/ro\/wp-json\/wp\/v2\/product_cat?post=60383"},{"taxonomy":"product_tag","embeddable":true,"href":"https:\/\/xstyle.md\/ro\/wp-json\/wp\/v2\/product_tag?post=60383"}],"curies":[{"name":"wp","href":"https:\/\/api.w.org\/{rel}","templated":true}]}}