{"id":59409,"date":"2022-11-17T20:10:26","date_gmt":"2022-11-17T17:10:26","guid":{"rendered":"https:\/\/xstyle.md\/?post_type=product&#038;p=59409"},"modified":"2024-10-21T09:49:02","modified_gmt":"2024-10-21T06:49:02","slug":"gorelka-origin-outdoors-titanium-stove-combo","status":"publish","type":"product","link":"https:\/\/dev.xstyle.md\/ro\/produs\/gorelka-origin-outdoors-titanium-stove-combo\/","title":{"rendered":"Cuptor-arzator Origin Outdoors Titanium Stove Combo"},"content":{"rendered":"<\/p>\n<p><strong>Origin Outdoors Titanium Stove Combo<\/strong> &#8212; un set u\u0219or format dintr-un arz\u0103tor de alcool din titan \u0219i un mic toc\u0103tor de lemn cu trestie. Setul ocup\u0103 pu\u021bin spa\u021biu \u0219i c\u00e2nt\u0103re\u0219te doar 106 grame. \u00cel pute\u021bi folosi cu alcool, combustibil solid, precum \u0219i cu crengi mici. Astfel, are trei func\u021bii diferite \u00eentr-una singur\u0103.<\/p>\n<p>Pute\u021bi prinde capacul \u00eentre baz\u0103 \u0219i sol \u0219i pute\u021bi folosi combustibil solid, cum ar fi crengi sau a\u0219chii de lemn &#8212; capacul va proteja solul de sc\u00e2ntei. Pute\u021bi folosi capacul pentru a stinge flac\u0103ra arz\u0103torului cu alcool atunci c\u00e2nd g\u0103titul este terminat.<\/p>\n<p>Forma suportului este ideal\u0103 pentru oale sau ceainice. Soba robust\u0103 \u0219i compact\u0103 este versatil\u0103 \u0219i ideal\u0103 pentru adev\u0103ra\u021bii entuzia\u0219ti ai activit\u0103\u021bilor \u00een aer liber.<\/p>\n<h3>Particularit\u0103\u021bi<\/h3>\n<ul>\n<li>Arz\u0103tor de alcool din titan<\/li>\n<li>Poate func\u021biona cu combustibil solid<\/li>\n<li>Dimensiune robust\u0103 \u0219i compact\u0103 a pachetului<\/li>\n<li>Capac cu m\u00e2ner.<\/li>\n<\/ul>\n<h3>Caracteristici<\/h3>\n<ul>\n<li>Arz\u0103tor de alcool &#8212; \u00d8 78 x 40,5 mm &#8212; 80 ml<\/li>\n<li>Arz\u0103tor de argint &#8212; \u00d8 92 x 83 mm<\/li>\n<li>Greutate &#8212; 106 g.<\/li>\n<\/ul>\n<p><\/p>","protected":false},"excerpt":{"rendered":"","protected":false},"featured_media":60767,"comment_status":"open","ping_status":"closed","template":"","meta":{"_acf_changed":false,"inline_featured_image":false},"product_brand":[1454],"product_cat":[273],"product_tag":[],"class_list":{"0":"post-59409","1":"product","2":"type-product","3":"status-publish","4":"has-post-thumbnail","6":"product_brand-origin","7":"product_cat-arzator-combustibil","9":"first","10":"instock","11":"shipping-taxable","12":"purchasable","13":"product-type-simple"},"acf":[],"yoast_head":"<!-- This site is optimized with the Yoast SEO plugin v27.4 - https:\/\/yoast.com\/product\/yoast-seo-wordpress\/ -->\n<title>\u041f\u0435\u0447\u043a\u0430-\u0433\u043e\u0440\u0435\u043b\u043a\u0430 Origin Outdoors Titanium Stove Combo - \u041c\u0430\u0433\u0430\u0437\u0438\u043d Xstyle<\/title>\n<meta name=\"description\" content=\"\u041a\u043e\u043c\u043f\u0430\u043a\u0442\u043d\u0430\u044f \u043f\u0435\u0447\u043a\u0430-\u0433\u043e\u0440\u0435\u043b\u043a\u0430 Origin Outdoors Titanium Stove Combo - \u043b\u0435\u0433\u043a\u0430\u044f \u0438 \u043c\u043d\u043e\u0433\u043e\u0444\u0443\u043d\u043a\u0446\u0438\u043e\u043d\u0430\u043b\u044c\u043d\u0430\u044f, \u0432\u0435\u0441\u0438\u0442 \u0432\u0441\u0435\u0433\u043e 106 \u0433. \u0418\u0434\u0435\u0430\u043b\u044c\u043d\u0430 \u0434\u043b\u044f \u0430\u043a\u0442\u0438\u0432\u043d\u043e\u0433\u043e \u043e\u0442\u0434\u044b\u0445\u0430 \u0438 \u0442\u0443\u0440\u0438\u0437\u043c\u0430.\" \/>\n<meta name=\"robots\" content=\"noindex, follow, max-snippet:-1, max-image-preview:large, max-video-preview:-1\" \/>\n<meta property=\"og:locale\" content=\"ro_RO\" \/>\n<meta property=\"og:type\" content=\"article\" \/>\n<meta property=\"og:title\" content=\"\u041f\u0435\u0447\u043a\u0430-\u0433\u043e\u0440\u0435\u043b\u043a\u0430 Origin Outdoors Titanium Stove Combo - \u041c\u0430\u0433\u0430\u0437\u0438\u043d Xstyle\" \/>\n<meta property=\"og:description\" content=\"\u041a\u043e\u043c\u043f\u0430\u043a\u0442\u043d\u0430\u044f \u043f\u0435\u0447\u043a\u0430-\u0433\u043e\u0440\u0435\u043b\u043a\u0430 Origin Outdoors Titanium Stove Combo - \u043b\u0435\u0433\u043a\u0430\u044f \u0438 \u043c\u043d\u043e\u0433\u043e\u0444\u0443\u043d\u043a\u0446\u0438\u043e\u043d\u0430\u043b\u044c\u043d\u0430\u044f, \u0432\u0435\u0441\u0438\u0442 \u0432\u0441\u0435\u0433\u043e 106 \u0433. \u0418\u0434\u0435\u0430\u043b\u044c\u043d\u0430 \u0434\u043b\u044f \u0430\u043a\u0442\u0438\u0432\u043d\u043e\u0433\u043e \u043e\u0442\u0434\u044b\u0445\u0430 \u0438 \u0442\u0443\u0440\u0438\u0437\u043c\u0430.\" \/>\n<meta property=\"og:url\" content=\"https:\/\/dev.xstyle.md\/ro\/produs\/gorelka-origin-outdoors-titanium-stove-combo\/\" \/>\n<meta property=\"og:site_name\" content=\"\u041c\u0430\u0433\u0430\u0437\u0438\u043d Xstyle\" \/>\n<meta property=\"article:publisher\" content=\"https:\/\/www.facebook.com\/xstylemd\" \/>\n<meta property=\"article:modified_time\" content=\"2024-10-21T06:49:02+00:00\" \/>\n<meta property=\"og:image\" content=\"https:\/\/dev.xstyle.md\/wp-content\/uploads\/2022\/11\/origin-outdoors-titanium-stove-combo.jpg\" \/>\n\t<meta property=\"og:image:width\" content=\"1100\" \/>\n\t<meta property=\"og:image:height\" content=\"1422\" \/>\n\t<meta property=\"og:image:type\" content=\"image\/jpeg\" \/>\n<meta name=\"twitter:card\" content=\"summary_large_image\" \/>\n<meta name=\"twitter:label1\" content=\"Pre\u021b\" \/>\n\t<meta name=\"twitter:data1\" content=\"1.790,00&nbsp;MDL\" \/>\n\t<meta name=\"twitter:label2\" content=\"Disponibilitate\" \/>\n\t<meta name=\"twitter:data2\" content=\"\u00cen stoc\" \/>\n<script type=\"application\/ld+json\" class=\"yoast-schema-graph\">{\"@context\":\"https:\\\/\\\/schema.org\",\"@graph\":[{\"@type\":\"WebPage\",\"@id\":\"https:\\\/\\\/dev.xstyle.md\\\/product\\\/gorelka-origin-outdoors-titanium-stove-combo\\\/\",\"url\":\"https:\\\/\\\/dev.xstyle.md\\\/product\\\/gorelka-origin-outdoors-titanium-stove-combo\\\/\",\"name\":\"\u041f\u0435\u0447\u043a\u0430-\u0433\u043e\u0440\u0435\u043b\u043a\u0430 Origin Outdoors Titanium Stove Combo - \u041c\u0430\u0433\u0430\u0437\u0438\u043d Xstyle\",\"isPartOf\":{\"@id\":\"https:\\\/\\\/dev.xstyle.md\\\/#website\"},\"primaryImageOfPage\":{\"@id\":\"https:\\\/\\\/dev.xstyle.md\\\/product\\\/gorelka-origin-outdoors-titanium-stove-combo\\\/#primaryimage\"},\"image\":{\"@id\":\"https:\\\/\\\/dev.xstyle.md\\\/product\\\/gorelka-origin-outdoors-titanium-stove-combo\\\/#primaryimage\"},\"thumbnailUrl\":\"https:\\\/\\\/dev.xstyle.md\\\/wp-content\\\/uploads\\\/2022\\\/11\\\/origin-outdoors-titanium-stove-combo.jpg\",\"datePublished\":\"2022-11-17T17:10:26+00:00\",\"dateModified\":\"2024-10-21T06:49:02+00:00\",\"description\":\"\u041a\u043e\u043c\u043f\u0430\u043a\u0442\u043d\u0430\u044f \u043f\u0435\u0447\u043a\u0430-\u0433\u043e\u0440\u0435\u043b\u043a\u0430 Origin Outdoors Titanium Stove Combo - \u043b\u0435\u0433\u043a\u0430\u044f \u0438 \u043c\u043d\u043e\u0433\u043e\u0444\u0443\u043d\u043a\u0446\u0438\u043e\u043d\u0430\u043b\u044c\u043d\u0430\u044f, \u0432\u0435\u0441\u0438\u0442 \u0432\u0441\u0435\u0433\u043e 106 \u0433. \u0418\u0434\u0435\u0430\u043b\u044c\u043d\u0430 \u0434\u043b\u044f \u0430\u043a\u0442\u0438\u0432\u043d\u043e\u0433\u043e \u043e\u0442\u0434\u044b\u0445\u0430 \u0438 \u0442\u0443\u0440\u0438\u0437\u043c\u0430.\",\"breadcrumb\":{\"@id\":\"https:\\\/\\\/dev.xstyle.md\\\/product\\\/gorelka-origin-outdoors-titanium-stove-combo\\\/#breadcrumb\"},\"inLanguage\":\"ro-RO\",\"potentialAction\":[{\"@type\":\"ReadAction\",\"target\":[\"https:\\\/\\\/dev.xstyle.md\\\/product\\\/gorelka-origin-outdoors-titanium-stove-combo\\\/\"]}]},{\"@type\":\"ImageObject\",\"inLanguage\":\"ro-RO\",\"@id\":\"https:\\\/\\\/dev.xstyle.md\\\/product\\\/gorelka-origin-outdoors-titanium-stove-combo\\\/#primaryimage\",\"url\":\"https:\\\/\\\/dev.xstyle.md\\\/wp-content\\\/uploads\\\/2022\\\/11\\\/origin-outdoors-titanium-stove-combo.jpg\",\"contentUrl\":\"https:\\\/\\\/dev.xstyle.md\\\/wp-content\\\/uploads\\\/2022\\\/11\\\/origin-outdoors-titanium-stove-combo.jpg\",\"width\":1100,\"height\":1422,\"caption\":\"\u0422\u0438\u0442\u0430\u043d\u043e\u0432\u0430\u044f \u043f\u043e\u0445\u043e\u0434\u043d\u0430\u044f \u043f\u0435\u0447\u043a\u0430 \u0434\u043b\u044f \u0430\u043a\u0442\u0438\u0432\u043d\u043e\u0433\u043e \u043e\u0442\u0434\u044b\u0445\u0430, \u043f\u0443\u0442\u0435\u0448\u0435\u0441\u0442\u0432\u0438\u0439 \u0438 \u0430\u043b\u044c\u043f\u0438\u043d\u0438\u0437\u043c\u0430 \u0441 \u044d\u043a\u0438\u043f\u0438\u0440\u043e\u0432\u043a\u043e\u0439 \u0434\u043b\u044f \u0442\u0443\u0440\u0438\u0437\u043c\u0430, \u0441\u043a\u0430\u043b\u044c\u043d\u044b\u0445 \u0438 \u0433\u043e\u0440\u043d\u044b\u0445 \u043f\u043e\u0445\u043e\u0434\u043e\u0432, \u043f\u043e\u0434\u0445\u043e\u0434\u044f\u0449\u0430\u044f \u0434\u043b\u044f \u043e\u0434\u0435\u0436\u0434\u044b \u043e\u0431\u0443\u0432\u0438 \u0438 \u0441\u043d\u0430\u0440\u044f\u0436\u0435\u043d\u0438\u044f \u0434\u043b\u044f \u0430\u043a\u0442\u0438\u0432\u043d\u043e\u0439 \u0436\u0438\u0437\u043d\u0438\"},{\"@type\":\"BreadcrumbList\",\"@id\":\"https:\\\/\\\/dev.xstyle.md\\\/product\\\/gorelka-origin-outdoors-titanium-stove-combo\\\/#breadcrumb\",\"itemListElement\":[{\"@type\":\"ListItem\",\"position\":1,\"name\":\"\u0413\u043b\u0430\u0432\u043d\u0430\u044f \u0441\u0442\u0440\u0430\u043d\u0438\u0446\u0430\",\"item\":\"https:\\\/\\\/dev.xstyle.md\\\/\"},{\"@type\":\"ListItem\",\"position\":2,\"name\":\"Shop\",\"item\":\"https:\\\/\\\/dev.xstyle.md\\\/shop\\\/\"},{\"@type\":\"ListItem\",\"position\":3,\"name\":\"\u041f\u0435\u0447\u043a\u0430-\u0433\u043e\u0440\u0435\u043b\u043a\u0430 Origin Outdoors Titanium Stove Combo\"}]},{\"@type\":\"WebSite\",\"@id\":\"https:\\\/\\\/dev.xstyle.md\\\/#website\",\"url\":\"https:\\\/\\\/dev.xstyle.md\\\/\",\"name\":\"\u041c\u0430\u0433\u0430\u0437\u0438\u043d Xstyle\",\"description\":\"C\u043d\u0430\u0440\u044f\u0436\u0435\u043d\u0438\u0435 \u0434\u043b\u044f \u0442\u0443\u0440\u0438\u0437\u043c\u0430 \u0438 \u044d\u043a\u0441\u0442\u0440\u0435\u043c\u0430\u043b\u044c\u043d\u044b\u0445 \u0432\u0438\u0434\u043e\u0432 \u0441\u043f\u043e\u0440\u0442\u0430 \u0432 \u041c\u043e\u043b\u0434\u043e\u0432\u0435.. \u0426\u0435\u043d\u044b, \u0444\u043e\u0442\u043e, \u0445\u0430\u0440\u0430\u043a\u0442\u0435\u0440\u0438\u0441\u0442\u0438\u043a\u0438 \u0432 \u041c\u043e\u043b\u0434\u043e\u0432\u0435.\",\"publisher\":{\"@id\":\"https:\\\/\\\/dev.xstyle.md\\\/#organization\"},\"alternateName\":\"X-Style\",\"potentialAction\":[{\"@type\":\"SearchAction\",\"target\":{\"@type\":\"EntryPoint\",\"urlTemplate\":\"https:\\\/\\\/dev.xstyle.md\\\/?s={search_term_string}\"},\"query-input\":{\"@type\":\"PropertyValueSpecification\",\"valueRequired\":true,\"valueName\":\"search_term_string\"}}],\"inLanguage\":\"ro-RO\"},{\"@type\":\"Organization\",\"@id\":\"https:\\\/\\\/dev.xstyle.md\\\/#organization\",\"name\":\"\u041c\u0430\u0433\u0430\u0437\u0438\u043d Xstyle\",\"alternateName\":\"x-style\",\"url\":\"https:\\\/\\\/dev.xstyle.md\\\/\",\"logo\":{\"@type\":\"ImageObject\",\"inLanguage\":\"ro-RO\",\"@id\":\"https:\\\/\\\/dev.xstyle.md\\\/#\\\/schema\\\/logo\\\/image\\\/\",\"url\":\"https:\\\/\\\/dev.xstyle.md\\\/wp-content\\\/uploads\\\/2020\\\/06\\\/logoicon.svg\",\"contentUrl\":\"https:\\\/\\\/dev.xstyle.md\\\/wp-content\\\/uploads\\\/2020\\\/06\\\/logoicon.svg\",\"caption\":\"\u041c\u0430\u0433\u0430\u0437\u0438\u043d Xstyle\"},\"image\":{\"@id\":\"https:\\\/\\\/dev.xstyle.md\\\/#\\\/schema\\\/logo\\\/image\\\/\"},\"sameAs\":[\"https:\\\/\\\/www.facebook.com\\\/xstylemd\",\"https:\\\/\\\/www.instagram.com\\\/xstyle_md\\\/\",\"https:\\\/\\\/t.me\\\/xstyle_outdoor\"],\"hasMerchantReturnPolicy\":{\"@type\":\"MerchantReturnPolicy\",\"merchantReturnLink\":\"https:\\\/\\\/dev.xstyle.md\\\/ro\\\/conditions\\\/\"}}]}<\/script>\n<meta property=\"product:price:amount\" content=\"1790.00\" \/>\n<meta property=\"product:price:currency\" content=\"MDL\" \/>\n<meta property=\"og:availability\" content=\"instock\" \/>\n<meta property=\"product:availability\" content=\"instock\" \/>\n<meta property=\"product:retailer_item_id\" content=\"4021504285683\" \/>\n<meta property=\"product:condition\" content=\"new\" \/>\n<!-- \/ Yoast SEO plugin. -->","yoast_head_json":{"title":"Cuptor-arzator Origin Outdoors Titanium Stove Combo - Magazin Xstyle","description":"Pitoa compact\u0103 Origin Outdoors Titanium Stove Combo - u\u0219oar\u0103 \u0219i multifunc\u021bional\u0103, c\u00e2nt\u0103re\u0219te doar 106 g. Ideal\u0103 pentru recreere activ\u0103 \u0219i turism.","robots":{"index":"noindex","follow":"follow","max-snippet":"max-snippet:-1","max-image-preview":"max-image-preview:large","max-video-preview":"max-video-preview:-1"},"og_locale":"ro_RO","og_type":"article","og_title":"\u041f\u0435\u0447\u043a\u0430-\u0433\u043e\u0440\u0435\u043b\u043a\u0430 Origin Outdoors Titanium Stove Combo - \u041c\u0430\u0433\u0430\u0437\u0438\u043d Xstyle","og_description":"\u041a\u043e\u043c\u043f\u0430\u043a\u0442\u043d\u0430\u044f \u043f\u0435\u0447\u043a\u0430-\u0433\u043e\u0440\u0435\u043b\u043a\u0430 Origin Outdoors Titanium Stove Combo - \u043b\u0435\u0433\u043a\u0430\u044f \u0438 \u043c\u043d\u043e\u0433\u043e\u0444\u0443\u043d\u043a\u0446\u0438\u043e\u043d\u0430\u043b\u044c\u043d\u0430\u044f, \u0432\u0435\u0441\u0438\u0442 \u0432\u0441\u0435\u0433\u043e 106 \u0433. \u0418\u0434\u0435\u0430\u043b\u044c\u043d\u0430 \u0434\u043b\u044f \u0430\u043a\u0442\u0438\u0432\u043d\u043e\u0433\u043e \u043e\u0442\u0434\u044b\u0445\u0430 \u0438 \u0442\u0443\u0440\u0438\u0437\u043c\u0430.","og_url":"https:\/\/dev.xstyle.md\/ro\/produs\/gorelka-origin-outdoors-titanium-stove-combo\/","og_site_name":"\u041c\u0430\u0433\u0430\u0437\u0438\u043d Xstyle","article_publisher":"https:\/\/www.facebook.com\/xstylemd","article_modified_time":"2024-10-21T06:49:02+00:00","og_image":[{"width":1100,"height":1422,"url":"https:\/\/dev.xstyle.md\/wp-content\/uploads\/2022\/11\/origin-outdoors-titanium-stove-combo.jpg","type":"image\/jpeg"}],"twitter_card":"summary_large_image","twitter_misc":{"Pre\u021b":"1.790,00&nbsp;MDL","Disponibilitate":"\u00cen stoc"},"schema":{"@context":"https:\/\/schema.org","@graph":[{"@type":"WebPage","@id":"https:\/\/dev.xstyle.md\/product\/gorelka-origin-outdoors-titanium-stove-combo\/","url":"https:\/\/dev.xstyle.md\/product\/gorelka-origin-outdoors-titanium-stove-combo\/","name":"Cuptor-arzator Origin Outdoors Titanium Stove Combo - Magazin Xstyle","isPartOf":{"@id":"https:\/\/dev.xstyle.md\/#website"},"primaryImageOfPage":{"@id":"https:\/\/dev.xstyle.md\/product\/gorelka-origin-outdoors-titanium-stove-combo\/#primaryimage"},"image":{"@id":"https:\/\/dev.xstyle.md\/product\/gorelka-origin-outdoors-titanium-stove-combo\/#primaryimage"},"thumbnailUrl":"https:\/\/dev.xstyle.md\/wp-content\/uploads\/2022\/11\/origin-outdoors-titanium-stove-combo.jpg","datePublished":"2022-11-17T17:10:26+00:00","dateModified":"2024-10-21T06:49:02+00:00","description":"Pitoa compact\u0103 Origin Outdoors Titanium Stove Combo - u\u0219oar\u0103 \u0219i multifunc\u021bional\u0103, c\u00e2nt\u0103re\u0219te doar 106 g. Ideal\u0103 pentru recreere activ\u0103 \u0219i turism.","breadcrumb":{"@id":"https:\/\/dev.xstyle.md\/product\/gorelka-origin-outdoors-titanium-stove-combo\/#breadcrumb"},"inLanguage":"ro-RO","potentialAction":[{"@type":"ReadAction","target":["https:\/\/dev.xstyle.md\/product\/gorelka-origin-outdoors-titanium-stove-combo\/"]}]},{"@type":"ImageObject","inLanguage":"ro-RO","@id":"https:\/\/dev.xstyle.md\/product\/gorelka-origin-outdoors-titanium-stove-combo\/#primaryimage","url":"https:\/\/dev.xstyle.md\/wp-content\/uploads\/2022\/11\/origin-outdoors-titanium-stove-combo.jpg","contentUrl":"https:\/\/dev.xstyle.md\/wp-content\/uploads\/2022\/11\/origin-outdoors-titanium-stove-combo.jpg","width":1100,"height":1422,"caption":"\u0422\u0438\u0442\u0430\u043d\u043e\u0432\u0430\u044f \u043f\u043e\u0445\u043e\u0434\u043d\u0430\u044f \u043f\u0435\u0447\u043a\u0430 \u0434\u043b\u044f \u0430\u043a\u0442\u0438\u0432\u043d\u043e\u0433\u043e \u043e\u0442\u0434\u044b\u0445\u0430, \u043f\u0443\u0442\u0435\u0448\u0435\u0441\u0442\u0432\u0438\u0439 \u0438 \u0430\u043b\u044c\u043f\u0438\u043d\u0438\u0437\u043c\u0430 \u0441 \u044d\u043a\u0438\u043f\u0438\u0440\u043e\u0432\u043a\u043e\u0439 \u0434\u043b\u044f \u0442\u0443\u0440\u0438\u0437\u043c\u0430, \u0441\u043a\u0430\u043b\u044c\u043d\u044b\u0445 \u0438 \u0433\u043e\u0440\u043d\u044b\u0445 \u043f\u043e\u0445\u043e\u0434\u043e\u0432, \u043f\u043e\u0434\u0445\u043e\u0434\u044f\u0449\u0430\u044f \u0434\u043b\u044f \u043e\u0434\u0435\u0436\u0434\u044b \u043e\u0431\u0443\u0432\u0438 \u0438 \u0441\u043d\u0430\u0440\u044f\u0436\u0435\u043d\u0438\u044f \u0434\u043b\u044f \u0430\u043a\u0442\u0438\u0432\u043d\u043e\u0439 \u0436\u0438\u0437\u043d\u0438"},{"@type":"BreadcrumbList","@id":"https:\/\/dev.xstyle.md\/product\/gorelka-origin-outdoors-titanium-stove-combo\/#breadcrumb","itemListElement":[{"@type":"ListItem","position":1,"name":"\u0413\u043b\u0430\u0432\u043d\u0430\u044f \u0441\u0442\u0440\u0430\u043d\u0438\u0446\u0430","item":"https:\/\/dev.xstyle.md\/"},{"@type":"ListItem","position":2,"name":"Shop","item":"https:\/\/dev.xstyle.md\/shop\/"},{"@type":"ListItem","position":3,"name":"\u041f\u0435\u0447\u043a\u0430-\u0433\u043e\u0440\u0435\u043b\u043a\u0430 Origin Outdoors Titanium Stove Combo"}]},{"@type":"WebSite","@id":"https:\/\/dev.xstyle.md\/#website","url":"https:\/\/dev.xstyle.md\/","name":"Magazinul X-Style","description":"Echipamente pentru turism \u0219i sporturi extreme \u00een Moldova. Pre\u021buri, fotografii, caracteristici \u00een Moldova.","publisher":{"@id":"https:\/\/dev.xstyle.md\/#organization"},"alternateName":"X-Style","potentialAction":[{"@type":"SearchAction","target":{"@type":"EntryPoint","urlTemplate":"https:\/\/dev.xstyle.md\/?s={search_term_string}"},"query-input":{"@type":"PropertyValueSpecification","valueRequired":true,"valueName":"search_term_string"}}],"inLanguage":"ro-RO"},{"@type":"Organization","@id":"https:\/\/dev.xstyle.md\/#organization","name":"Magazinul X-Style","alternateName":"x-style","url":"https:\/\/dev.xstyle.md\/","logo":{"@type":"ImageObject","inLanguage":"ro-RO","@id":"https:\/\/dev.xstyle.md\/#\/schema\/logo\/image\/","url":"https:\/\/dev.xstyle.md\/wp-content\/uploads\/2020\/06\/logoicon.svg","contentUrl":"https:\/\/dev.xstyle.md\/wp-content\/uploads\/2020\/06\/logoicon.svg","caption":"\u041c\u0430\u0433\u0430\u0437\u0438\u043d Xstyle"},"image":{"@id":"https:\/\/dev.xstyle.md\/#\/schema\/logo\/image\/"},"sameAs":["https:\/\/www.facebook.com\/xstylemd","https:\/\/www.instagram.com\/xstyle_md\/","https:\/\/t.me\/xstyle_outdoor"],"hasMerchantReturnPolicy":{"@type":"MerchantReturnPolicy","merchantReturnLink":"https:\/\/dev.xstyle.md\/ro\/conditions\/"}}]},"product_price_amount":"1790.00","product_price_currency":"MDL","og_availability":"instock","product_availability":"instock","product_retailer_item_id":"4021504285683","product_condition":"new"},"post_mailing_queue_ids":[],"_links":{"self":[{"href":"https:\/\/dev.xstyle.md\/ro\/wp-json\/wp\/v2\/product\/59409","targetHints":{"allow":["GET"]}}],"collection":[{"href":"https:\/\/dev.xstyle.md\/ro\/wp-json\/wp\/v2\/product"}],"about":[{"href":"https:\/\/dev.xstyle.md\/ro\/wp-json\/wp\/v2\/types\/product"}],"replies":[{"embeddable":true,"href":"https:\/\/dev.xstyle.md\/ro\/wp-json\/wp\/v2\/comments?post=59409"}],"version-history":[{"count":0,"href":"https:\/\/dev.xstyle.md\/ro\/wp-json\/wp\/v2\/product\/59409\/revisions"}],"wp:featuredmedia":[{"embeddable":true,"href":"https:\/\/dev.xstyle.md\/ro\/wp-json\/wp\/v2\/media\/60767"}],"wp:attachment":[{"href":"https:\/\/dev.xstyle.md\/ro\/wp-json\/wp\/v2\/media?parent=59409"}],"wp:term":[{"taxonomy":"product_brand","embeddable":true,"href":"https:\/\/dev.xstyle.md\/ro\/wp-json\/wp\/v2\/product_brand?post=59409"},{"taxonomy":"product_cat","embeddable":true,"href":"https:\/\/dev.xstyle.md\/ro\/wp-json\/wp\/v2\/product_cat?post=59409"},{"taxonomy":"product_tag","embeddable":true,"href":"https:\/\/dev.xstyle.md\/ro\/wp-json\/wp\/v2\/product_tag?post=59409"}],"curies":[{"name":"wp","href":"https:\/\/api.w.org\/{rel}","templated":true}]}}