{"id":59060,"date":"2022-11-15T20:30:43","date_gmt":"2022-11-15T17:30:43","guid":{"rendered":"https:\/\/xstyle.md\/?post_type=product&#038;p=59060"},"modified":"2026-03-20T19:36:47","modified_gmt":"2026-03-20T16:36:47","slug":"nabor-strel-yate-set-of-arrows-3-pcs-sl00002","status":"publish","type":"product","link":"https:\/\/dev.xstyle.md\/ro\/produs\/nabor-strel-yate-set-of-arrows-3-pcs-sl00002\/","title":{"rendered":"Set sage\u021bi Yate Set of Arrows, 3 pcs, SL00002"},"content":{"rendered":"<\/p>\n<p><strong>Yate Set of Arrows<\/strong> &#8212; set de s\u0103ge\u021bi fabricate din plastic laminat. S\u0103ge\u021bile sunt echipate cu un v\u00e2rf de \u021bint\u0103 lung de 21 mm. S\u0103geata are un penaj format din trei pene din plastic, lungi de 77 mm, \u0219i o duz\u0103 exterioar\u0103 lipit\u0103.<\/p>\n<h3>Caracteristici<\/h3>\n<ul>\n<li>Lungime &#8212; 71 cm<\/li>\n<li>L\u0103\u021bime &#8212; 7 mm<\/li>\n<li>Greutate &#8212; 29 g<\/li>\n<\/ul>\n<h3>Marca<\/h3>\n<p>YATE a fost fondat\u0103 \u00een 1991 \u0219i ini\u021bial s-a axat doar pe sport, camping \u0219i activit\u0103\u021bi \u00een aer liber. \u00cen 1995, a \u00eenceput s\u0103 proceseze spum\u0103 de polietilen\u0103, extinz\u00e2ndu-\u0219i treptat \u0219i \u00eembun\u0103t\u0103\u021bindu-\u0219i produsele. Datorit\u0103 noilor tehnologii, produc\u021bia a \u00eenceput s\u0103 se dezvolte nu numai \u00een sport, ci \u0219i \u00een alte sectoare, cum ar fi produsele pentru industria auto \u0219i materialele de ambalare.<br \/>\n\u00cen sport, marca se concentreaz\u0103 \u00een continuare pe activit\u0103\u021bile \u00een aer liber \u0219i pe fitness, unde covora\u0219ele din spum\u0103 (karemats, yoga mats etc.) formeaz\u0103 principala gam\u0103 de produse. \u00cencep\u00e2nd din 2014, compania s-a implicat intens \u0219i \u00een dezvoltarea \u0219i produc\u021bia de \u021binte pentru tir cu arcul, fabricate, desigur, din spum\u0103 de polietilen\u0103.<\/p>\n<p><\/p>","protected":false},"excerpt":{"rendered":"","protected":false},"featured_media":60922,"comment_status":"open","ping_status":"closed","template":"","meta":{"_acf_changed":false,"inline_featured_image":false},"product_brand":[1449],"product_cat":[960],"product_tag":[],"class_list":{"0":"post-59060","1":"product","2":"type-product","3":"status-publish","4":"has-post-thumbnail","6":"product_brand-yate","7":"product_cat-sports-equipment","9":"first","10":"instock","11":"shipping-taxable","12":"purchasable","13":"product-type-simple"},"acf":[],"yoast_head":"<!-- This site is optimized with the Yoast SEO plugin v27.4 - https:\/\/yoast.com\/product\/yoast-seo-wordpress\/ -->\n<title>\u041d\u0430\u0431\u043e\u0440 \u0441\u0442\u0440\u0435\u043b Yate Set of Arrows, 3 pcs, SL00002 - \u041c\u0430\u0433\u0430\u0437\u0438\u043d Xstyle<\/title>\n<meta name=\"description\" content=\"\u041d\u0430\u0431\u043e\u0440 \u0441\u0442\u0440\u0435\u043b Yate SL00002 \u0441\u043e\u0441\u0442\u043e\u0438\u0442 \u0438\u0437 3 \u043f\u043b\u0430\u0441\u0442\u0438\u043a\u043e\u0432\u044b\u0445 \u0441\u0442\u0440\u0435\u043b \u0441 \u0434\u043b\u0438\u043d\u043d\u044b\u043c \u043d\u0430\u043a\u043e\u043d\u0435\u0447\u043d\u0438\u043a\u043e\u043c \u0438 \u043a\u0430\u0447\u0435\u0441\u0442\u0432\u0435\u043d\u043d\u044b\u043c \u043e\u043f\u0435\u0440\u0435\u043d\u0438\u0435\u043c. \u0418\u0434\u0435\u0430\u043b\u044c\u043d\u043e \u0434\u043b\u044f \u0430\u043a\u0442\u0438\u0432\u043d\u043e\u0433\u043e \u043e\u0442\u0434\u044b\u0445\u0430 \u0438 \u0441\u0442\u0440\u0435\u043b\u044c\u0431\u044b.\" \/>\n<meta name=\"robots\" content=\"noindex, follow, max-snippet:-1, max-image-preview:large, max-video-preview:-1\" \/>\n<meta property=\"og:locale\" content=\"ro_RO\" \/>\n<meta property=\"og:type\" content=\"article\" \/>\n<meta property=\"og:title\" content=\"\u041d\u0430\u0431\u043e\u0440 \u0441\u0442\u0440\u0435\u043b Yate Set of Arrows, 3 pcs, SL00002 - \u041c\u0430\u0433\u0430\u0437\u0438\u043d Xstyle\" \/>\n<meta property=\"og:description\" content=\"\u041d\u0430\u0431\u043e\u0440 \u0441\u0442\u0440\u0435\u043b Yate SL00002 \u0441\u043e\u0441\u0442\u043e\u0438\u0442 \u0438\u0437 3 \u043f\u043b\u0430\u0441\u0442\u0438\u043a\u043e\u0432\u044b\u0445 \u0441\u0442\u0440\u0435\u043b \u0441 \u0434\u043b\u0438\u043d\u043d\u044b\u043c \u043d\u0430\u043a\u043e\u043d\u0435\u0447\u043d\u0438\u043a\u043e\u043c \u0438 \u043a\u0430\u0447\u0435\u0441\u0442\u0432\u0435\u043d\u043d\u044b\u043c \u043e\u043f\u0435\u0440\u0435\u043d\u0438\u0435\u043c. \u0418\u0434\u0435\u0430\u043b\u044c\u043d\u043e \u0434\u043b\u044f \u0430\u043a\u0442\u0438\u0432\u043d\u043e\u0433\u043e \u043e\u0442\u0434\u044b\u0445\u0430 \u0438 \u0441\u0442\u0440\u0435\u043b\u044c\u0431\u044b.\" \/>\n<meta property=\"og:url\" content=\"https:\/\/dev.xstyle.md\/ro\/produs\/nabor-strel-yate-set-of-arrows-3-pcs-sl00002\/\" \/>\n<meta property=\"og:site_name\" content=\"\u041c\u0430\u0433\u0430\u0437\u0438\u043d Xstyle\" \/>\n<meta property=\"article:publisher\" content=\"https:\/\/www.facebook.com\/xstylemd\" \/>\n<meta property=\"article:modified_time\" content=\"2026-03-20T16:36:47+00:00\" \/>\n<meta property=\"og:image\" content=\"https:\/\/dev.xstyle.md\/wp-content\/uploads\/2022\/11\/yate-set-of-arrows-3-pcs-sl00002-2.png\" \/>\n\t<meta property=\"og:image:width\" content=\"800\" \/>\n\t<meta property=\"og:image:height\" content=\"800\" \/>\n\t<meta property=\"og:image:type\" content=\"image\/png\" \/>\n<meta name=\"twitter:card\" content=\"summary_large_image\" \/>\n<meta name=\"twitter:label1\" content=\"Pre\u021b\" \/>\n\t<meta name=\"twitter:data1\" content=\"300,00&nbsp;MDL\" \/>\n\t<meta name=\"twitter:label2\" content=\"Disponibilitate\" \/>\n\t<meta name=\"twitter:data2\" content=\"\u00cen stoc\" \/>\n<script type=\"application\/ld+json\" class=\"yoast-schema-graph\">{\"@context\":\"https:\\\/\\\/schema.org\",\"@graph\":[{\"@type\":\"WebPage\",\"@id\":\"https:\\\/\\\/dev.xstyle.md\\\/product\\\/nabor-strel-yate-set-of-arrows-3-pcs-sl00002\\\/\",\"url\":\"https:\\\/\\\/dev.xstyle.md\\\/product\\\/nabor-strel-yate-set-of-arrows-3-pcs-sl00002\\\/\",\"name\":\"\u041d\u0430\u0431\u043e\u0440 \u0441\u0442\u0440\u0435\u043b Yate Set of Arrows, 3 pcs, SL00002 - \u041c\u0430\u0433\u0430\u0437\u0438\u043d Xstyle\",\"isPartOf\":{\"@id\":\"https:\\\/\\\/dev.xstyle.md\\\/#website\"},\"primaryImageOfPage\":{\"@id\":\"https:\\\/\\\/dev.xstyle.md\\\/product\\\/nabor-strel-yate-set-of-arrows-3-pcs-sl00002\\\/#primaryimage\"},\"image\":{\"@id\":\"https:\\\/\\\/dev.xstyle.md\\\/product\\\/nabor-strel-yate-set-of-arrows-3-pcs-sl00002\\\/#primaryimage\"},\"thumbnailUrl\":\"https:\\\/\\\/dev.xstyle.md\\\/wp-content\\\/uploads\\\/2022\\\/11\\\/yate-set-of-arrows-3-pcs-sl00002-2.png\",\"datePublished\":\"2022-11-15T17:30:43+00:00\",\"dateModified\":\"2026-03-20T16:36:47+00:00\",\"description\":\"\u041d\u0430\u0431\u043e\u0440 \u0441\u0442\u0440\u0435\u043b Yate SL00002 \u0441\u043e\u0441\u0442\u043e\u0438\u0442 \u0438\u0437 3 \u043f\u043b\u0430\u0441\u0442\u0438\u043a\u043e\u0432\u044b\u0445 \u0441\u0442\u0440\u0435\u043b \u0441 \u0434\u043b\u0438\u043d\u043d\u044b\u043c \u043d\u0430\u043a\u043e\u043d\u0435\u0447\u043d\u0438\u043a\u043e\u043c \u0438 \u043a\u0430\u0447\u0435\u0441\u0442\u0432\u0435\u043d\u043d\u044b\u043c \u043e\u043f\u0435\u0440\u0435\u043d\u0438\u0435\u043c. \u0418\u0434\u0435\u0430\u043b\u044c\u043d\u043e \u0434\u043b\u044f \u0430\u043a\u0442\u0438\u0432\u043d\u043e\u0433\u043e \u043e\u0442\u0434\u044b\u0445\u0430 \u0438 \u0441\u0442\u0440\u0435\u043b\u044c\u0431\u044b.\",\"breadcrumb\":{\"@id\":\"https:\\\/\\\/dev.xstyle.md\\\/product\\\/nabor-strel-yate-set-of-arrows-3-pcs-sl00002\\\/#breadcrumb\"},\"inLanguage\":\"ro-RO\",\"potentialAction\":[{\"@type\":\"ReadAction\",\"target\":[\"https:\\\/\\\/dev.xstyle.md\\\/product\\\/nabor-strel-yate-set-of-arrows-3-pcs-sl00002\\\/\"]}]},{\"@type\":\"ImageObject\",\"inLanguage\":\"ro-RO\",\"@id\":\"https:\\\/\\\/dev.xstyle.md\\\/product\\\/nabor-strel-yate-set-of-arrows-3-pcs-sl00002\\\/#primaryimage\",\"url\":\"https:\\\/\\\/dev.xstyle.md\\\/wp-content\\\/uploads\\\/2022\\\/11\\\/yate-set-of-arrows-3-pcs-sl00002-2.png\",\"contentUrl\":\"https:\\\/\\\/dev.xstyle.md\\\/wp-content\\\/uploads\\\/2022\\\/11\\\/yate-set-of-arrows-3-pcs-sl00002-2.png\",\"width\":800,\"height\":800,\"caption\":\"\u041d\u0430\u0431\u043e\u0440 \u0441\u0442\u0440\u0435\u043b Yate 3 \u0448\u0442\u0443\u043a\u0438 \u0434\u043b\u044f \u0430\u043a\u0442\u0438\u0432\u043d\u043e\u0433\u043e \u043e\u0442\u0434\u044b\u0445\u0430, \u043e\u0434\u0435\u0436\u0434\u0430 \u0438 \u043e\u0431\u0443\u0432\u044c \u0434\u043b\u044f \u043f\u043e\u0445\u043e\u0434\u043e\u0432, \u0442\u0443\u0440\u0438\u0437\u043c\u0430 \u0438 \u0430\u043b\u044c\u043f\u0438\u043d\u0438\u0437\u043c\u0430 \u0434\u043b\u044f \u0438\u043d\u0442\u0435\u0440\u043d\u0435\u0442-\u043c\u0430\u0433\u0430\u0437\u0438\u043d\u0430 \u0430\u043a\u0442\u0438\u0432\u043d\u044b\u0445 \u0442\u043e\u0432\u0430\u0440\u043e\u0432\"},{\"@type\":\"BreadcrumbList\",\"@id\":\"https:\\\/\\\/dev.xstyle.md\\\/product\\\/nabor-strel-yate-set-of-arrows-3-pcs-sl00002\\\/#breadcrumb\",\"itemListElement\":[{\"@type\":\"ListItem\",\"position\":1,\"name\":\"\u0413\u043b\u0430\u0432\u043d\u0430\u044f \u0441\u0442\u0440\u0430\u043d\u0438\u0446\u0430\",\"item\":\"https:\\\/\\\/dev.xstyle.md\\\/\"},{\"@type\":\"ListItem\",\"position\":2,\"name\":\"Shop\",\"item\":\"https:\\\/\\\/dev.xstyle.md\\\/shop\\\/\"},{\"@type\":\"ListItem\",\"position\":3,\"name\":\"\u041d\u0430\u0431\u043e\u0440 \u0441\u0442\u0440\u0435\u043b Yate Set of Arrows, 3 pcs, SL00002\"}]},{\"@type\":\"WebSite\",\"@id\":\"https:\\\/\\\/dev.xstyle.md\\\/#website\",\"url\":\"https:\\\/\\\/dev.xstyle.md\\\/\",\"name\":\"\u041c\u0430\u0433\u0430\u0437\u0438\u043d Xstyle\",\"description\":\"C\u043d\u0430\u0440\u044f\u0436\u0435\u043d\u0438\u0435 \u0434\u043b\u044f \u0442\u0443\u0440\u0438\u0437\u043c\u0430 \u0438 \u044d\u043a\u0441\u0442\u0440\u0435\u043c\u0430\u043b\u044c\u043d\u044b\u0445 \u0432\u0438\u0434\u043e\u0432 \u0441\u043f\u043e\u0440\u0442\u0430 \u0432 \u041c\u043e\u043b\u0434\u043e\u0432\u0435.. \u0426\u0435\u043d\u044b, \u0444\u043e\u0442\u043e, \u0445\u0430\u0440\u0430\u043a\u0442\u0435\u0440\u0438\u0441\u0442\u0438\u043a\u0438 \u0432 \u041c\u043e\u043b\u0434\u043e\u0432\u0435.\",\"publisher\":{\"@id\":\"https:\\\/\\\/dev.xstyle.md\\\/#organization\"},\"alternateName\":\"X-Style\",\"potentialAction\":[{\"@type\":\"SearchAction\",\"target\":{\"@type\":\"EntryPoint\",\"urlTemplate\":\"https:\\\/\\\/dev.xstyle.md\\\/?s={search_term_string}\"},\"query-input\":{\"@type\":\"PropertyValueSpecification\",\"valueRequired\":true,\"valueName\":\"search_term_string\"}}],\"inLanguage\":\"ro-RO\"},{\"@type\":\"Organization\",\"@id\":\"https:\\\/\\\/dev.xstyle.md\\\/#organization\",\"name\":\"\u041c\u0430\u0433\u0430\u0437\u0438\u043d Xstyle\",\"alternateName\":\"x-style\",\"url\":\"https:\\\/\\\/dev.xstyle.md\\\/\",\"logo\":{\"@type\":\"ImageObject\",\"inLanguage\":\"ro-RO\",\"@id\":\"https:\\\/\\\/dev.xstyle.md\\\/#\\\/schema\\\/logo\\\/image\\\/\",\"url\":\"https:\\\/\\\/dev.xstyle.md\\\/wp-content\\\/uploads\\\/2020\\\/06\\\/logoicon.svg\",\"contentUrl\":\"https:\\\/\\\/dev.xstyle.md\\\/wp-content\\\/uploads\\\/2020\\\/06\\\/logoicon.svg\",\"caption\":\"\u041c\u0430\u0433\u0430\u0437\u0438\u043d Xstyle\"},\"image\":{\"@id\":\"https:\\\/\\\/dev.xstyle.md\\\/#\\\/schema\\\/logo\\\/image\\\/\"},\"sameAs\":[\"https:\\\/\\\/www.facebook.com\\\/xstylemd\",\"https:\\\/\\\/www.instagram.com\\\/xstyle_md\\\/\",\"https:\\\/\\\/t.me\\\/xstyle_outdoor\"],\"hasMerchantReturnPolicy\":{\"@type\":\"MerchantReturnPolicy\",\"merchantReturnLink\":\"https:\\\/\\\/dev.xstyle.md\\\/ro\\\/conditions\\\/\"}}]}<\/script>\n<meta property=\"product:price:amount\" content=\"300.00\" \/>\n<meta property=\"product:price:currency\" content=\"MDL\" \/>\n<meta property=\"og:availability\" content=\"instock\" \/>\n<meta property=\"product:availability\" content=\"instock\" \/>\n<meta property=\"product:retailer_item_id\" content=\"8595053922871\" \/>\n<meta property=\"product:condition\" content=\"new\" \/>\n<!-- \/ Yoast SEO plugin. -->","yoast_head_json":{"title":"Set de s\u0103ge\u021bi Yate, 3 buc, SL00002 - Magazin Xstyle","description":"Setul de s\u0103ge\u021bi Yate SL00002 este format din 3 s\u0103ge\u021bi din plastic cu v\u00e2rf lung \u0219i aripi de calitate. Ideal pentru activit\u0103\u021bi recreative \u0219i tir.","robots":{"index":"noindex","follow":"follow","max-snippet":"max-snippet:-1","max-image-preview":"max-image-preview:large","max-video-preview":"max-video-preview:-1"},"og_locale":"ro_RO","og_type":"article","og_title":"\u041d\u0430\u0431\u043e\u0440 \u0441\u0442\u0440\u0435\u043b Yate Set of Arrows, 3 pcs, SL00002 - \u041c\u0430\u0433\u0430\u0437\u0438\u043d Xstyle","og_description":"\u041d\u0430\u0431\u043e\u0440 \u0441\u0442\u0440\u0435\u043b Yate SL00002 \u0441\u043e\u0441\u0442\u043e\u0438\u0442 \u0438\u0437 3 \u043f\u043b\u0430\u0441\u0442\u0438\u043a\u043e\u0432\u044b\u0445 \u0441\u0442\u0440\u0435\u043b \u0441 \u0434\u043b\u0438\u043d\u043d\u044b\u043c \u043d\u0430\u043a\u043e\u043d\u0435\u0447\u043d\u0438\u043a\u043e\u043c \u0438 \u043a\u0430\u0447\u0435\u0441\u0442\u0432\u0435\u043d\u043d\u044b\u043c \u043e\u043f\u0435\u0440\u0435\u043d\u0438\u0435\u043c. \u0418\u0434\u0435\u0430\u043b\u044c\u043d\u043e \u0434\u043b\u044f \u0430\u043a\u0442\u0438\u0432\u043d\u043e\u0433\u043e \u043e\u0442\u0434\u044b\u0445\u0430 \u0438 \u0441\u0442\u0440\u0435\u043b\u044c\u0431\u044b.","og_url":"https:\/\/dev.xstyle.md\/ro\/produs\/nabor-strel-yate-set-of-arrows-3-pcs-sl00002\/","og_site_name":"\u041c\u0430\u0433\u0430\u0437\u0438\u043d Xstyle","article_publisher":"https:\/\/www.facebook.com\/xstylemd","article_modified_time":"2026-03-20T16:36:47+00:00","og_image":[{"width":800,"height":800,"url":"https:\/\/dev.xstyle.md\/wp-content\/uploads\/2022\/11\/yate-set-of-arrows-3-pcs-sl00002-2.png","type":"image\/png"}],"twitter_card":"summary_large_image","twitter_misc":{"Pre\u021b":"300,00&nbsp;MDL","Disponibilitate":"\u00cen stoc"},"schema":{"@context":"https:\/\/schema.org","@graph":[{"@type":"WebPage","@id":"https:\/\/dev.xstyle.md\/product\/nabor-strel-yate-set-of-arrows-3-pcs-sl00002\/","url":"https:\/\/dev.xstyle.md\/product\/nabor-strel-yate-set-of-arrows-3-pcs-sl00002\/","name":"Set de s\u0103ge\u021bi Yate, 3 buc, SL00002 - Magazin Xstyle","isPartOf":{"@id":"https:\/\/dev.xstyle.md\/#website"},"primaryImageOfPage":{"@id":"https:\/\/dev.xstyle.md\/product\/nabor-strel-yate-set-of-arrows-3-pcs-sl00002\/#primaryimage"},"image":{"@id":"https:\/\/dev.xstyle.md\/product\/nabor-strel-yate-set-of-arrows-3-pcs-sl00002\/#primaryimage"},"thumbnailUrl":"https:\/\/dev.xstyle.md\/wp-content\/uploads\/2022\/11\/yate-set-of-arrows-3-pcs-sl00002-2.png","datePublished":"2022-11-15T17:30:43+00:00","dateModified":"2026-03-20T16:36:47+00:00","description":"Setul de s\u0103ge\u021bi Yate SL00002 este format din 3 s\u0103ge\u021bi din plastic cu v\u00e2rf lung \u0219i aripi de calitate. Ideal pentru activit\u0103\u021bi recreative \u0219i tir.","breadcrumb":{"@id":"https:\/\/dev.xstyle.md\/product\/nabor-strel-yate-set-of-arrows-3-pcs-sl00002\/#breadcrumb"},"inLanguage":"ro-RO","potentialAction":[{"@type":"ReadAction","target":["https:\/\/dev.xstyle.md\/product\/nabor-strel-yate-set-of-arrows-3-pcs-sl00002\/"]}]},{"@type":"ImageObject","inLanguage":"ro-RO","@id":"https:\/\/dev.xstyle.md\/product\/nabor-strel-yate-set-of-arrows-3-pcs-sl00002\/#primaryimage","url":"https:\/\/dev.xstyle.md\/wp-content\/uploads\/2022\/11\/yate-set-of-arrows-3-pcs-sl00002-2.png","contentUrl":"https:\/\/dev.xstyle.md\/wp-content\/uploads\/2022\/11\/yate-set-of-arrows-3-pcs-sl00002-2.png","width":800,"height":800,"caption":"\u041d\u0430\u0431\u043e\u0440 \u0441\u0442\u0440\u0435\u043b Yate 3 \u0448\u0442\u0443\u043a\u0438 \u0434\u043b\u044f \u0430\u043a\u0442\u0438\u0432\u043d\u043e\u0433\u043e \u043e\u0442\u0434\u044b\u0445\u0430, \u043e\u0434\u0435\u0436\u0434\u0430 \u0438 \u043e\u0431\u0443\u0432\u044c \u0434\u043b\u044f \u043f\u043e\u0445\u043e\u0434\u043e\u0432, \u0442\u0443\u0440\u0438\u0437\u043c\u0430 \u0438 \u0430\u043b\u044c\u043f\u0438\u043d\u0438\u0437\u043c\u0430 \u0434\u043b\u044f \u0438\u043d\u0442\u0435\u0440\u043d\u0435\u0442-\u043c\u0430\u0433\u0430\u0437\u0438\u043d\u0430 \u0430\u043a\u0442\u0438\u0432\u043d\u044b\u0445 \u0442\u043e\u0432\u0430\u0440\u043e\u0432"},{"@type":"BreadcrumbList","@id":"https:\/\/dev.xstyle.md\/product\/nabor-strel-yate-set-of-arrows-3-pcs-sl00002\/#breadcrumb","itemListElement":[{"@type":"ListItem","position":1,"name":"\u0413\u043b\u0430\u0432\u043d\u0430\u044f \u0441\u0442\u0440\u0430\u043d\u0438\u0446\u0430","item":"https:\/\/dev.xstyle.md\/"},{"@type":"ListItem","position":2,"name":"Shop","item":"https:\/\/dev.xstyle.md\/shop\/"},{"@type":"ListItem","position":3,"name":"\u041d\u0430\u0431\u043e\u0440 \u0441\u0442\u0440\u0435\u043b Yate Set of Arrows, 3 pcs, SL00002"}]},{"@type":"WebSite","@id":"https:\/\/dev.xstyle.md\/#website","url":"https:\/\/dev.xstyle.md\/","name":"Magazinul X-Style","description":"Echipamente pentru turism \u0219i sporturi extreme \u00een Moldova. Pre\u021buri, fotografii, caracteristici \u00een Moldova.","publisher":{"@id":"https:\/\/dev.xstyle.md\/#organization"},"alternateName":"X-Style","potentialAction":[{"@type":"SearchAction","target":{"@type":"EntryPoint","urlTemplate":"https:\/\/dev.xstyle.md\/?s={search_term_string}"},"query-input":{"@type":"PropertyValueSpecification","valueRequired":true,"valueName":"search_term_string"}}],"inLanguage":"ro-RO"},{"@type":"Organization","@id":"https:\/\/dev.xstyle.md\/#organization","name":"Magazinul X-Style","alternateName":"x-style","url":"https:\/\/dev.xstyle.md\/","logo":{"@type":"ImageObject","inLanguage":"ro-RO","@id":"https:\/\/dev.xstyle.md\/#\/schema\/logo\/image\/","url":"https:\/\/dev.xstyle.md\/wp-content\/uploads\/2020\/06\/logoicon.svg","contentUrl":"https:\/\/dev.xstyle.md\/wp-content\/uploads\/2020\/06\/logoicon.svg","caption":"\u041c\u0430\u0433\u0430\u0437\u0438\u043d Xstyle"},"image":{"@id":"https:\/\/dev.xstyle.md\/#\/schema\/logo\/image\/"},"sameAs":["https:\/\/www.facebook.com\/xstylemd","https:\/\/www.instagram.com\/xstyle_md\/","https:\/\/t.me\/xstyle_outdoor"],"hasMerchantReturnPolicy":{"@type":"MerchantReturnPolicy","merchantReturnLink":"https:\/\/dev.xstyle.md\/ro\/conditions\/"}}]},"product_price_amount":"300.00","product_price_currency":"MDL","og_availability":"instock","product_availability":"instock","product_retailer_item_id":"8595053922871","product_condition":"new"},"post_mailing_queue_ids":[],"_links":{"self":[{"href":"https:\/\/dev.xstyle.md\/ro\/wp-json\/wp\/v2\/product\/59060","targetHints":{"allow":["GET"]}}],"collection":[{"href":"https:\/\/dev.xstyle.md\/ro\/wp-json\/wp\/v2\/product"}],"about":[{"href":"https:\/\/dev.xstyle.md\/ro\/wp-json\/wp\/v2\/types\/product"}],"replies":[{"embeddable":true,"href":"https:\/\/dev.xstyle.md\/ro\/wp-json\/wp\/v2\/comments?post=59060"}],"version-history":[{"count":0,"href":"https:\/\/dev.xstyle.md\/ro\/wp-json\/wp\/v2\/product\/59060\/revisions"}],"wp:featuredmedia":[{"embeddable":true,"href":"https:\/\/dev.xstyle.md\/ro\/wp-json\/wp\/v2\/media\/60922"}],"wp:attachment":[{"href":"https:\/\/dev.xstyle.md\/ro\/wp-json\/wp\/v2\/media?parent=59060"}],"wp:term":[{"taxonomy":"product_brand","embeddable":true,"href":"https:\/\/dev.xstyle.md\/ro\/wp-json\/wp\/v2\/product_brand?post=59060"},{"taxonomy":"product_cat","embeddable":true,"href":"https:\/\/dev.xstyle.md\/ro\/wp-json\/wp\/v2\/product_cat?post=59060"},{"taxonomy":"product_tag","embeddable":true,"href":"https:\/\/dev.xstyle.md\/ro\/wp-json\/wp\/v2\/product_tag?post=59060"}],"curies":[{"name":"wp","href":"https:\/\/api.w.org\/{rel}","templated":true}]}}