{"id":58986,"date":"2022-11-15T20:29:32","date_gmt":"2022-11-15T17:29:32","guid":{"rendered":"https:\/\/xstyle.md\/?post_type=product&#038;p=58986"},"modified":"2025-04-23T16:25:54","modified_gmt":"2025-04-23T13:25:54","slug":"gazovyj-obogrevatel-kovea-power-sense-black-kh-2006bk","status":"publish","type":"product","link":"https:\/\/xstyle.md\/ro\/produs\/gazovyj-obogrevatel-kovea-power-sense-black-kh-2006bk\/","title":{"rendered":"\u00cenc\u0103lzitor pe gaz Kovea Power Sense Black KH-2006BK"},"content":{"rendered":"<\/p>\n<p><strong>Kovea Power Sense Black KH-2006BK<\/strong> &#8212; este un \u00eenc\u0103lzitor cu infraro\u0219u compact \u0219i u\u0219or, alimentat cu gaz. Aceasta este cea mai ieftin\u0103 \u0219i mai popular\u0103 versiune cu aprindere piezoelectric\u0103.<\/p>\n<p>\u00cen interiorul \u00eenc\u0103lzitorului cu gaz nu exist\u0103 piese din plastic, ceea ce \u00eempiedic\u0103 topirea acestora. \u00cenc\u0103lzitorul are o supap\u0103 de suprapresiune, o plac\u0103 de \u00eenc\u0103lzire a buteliei de gaz \u0219i un emi\u021b\u0103tor de tungsten fiabil. Func\u021bioneaz\u0103 de la o butelie de gaz standard cu colier.<\/p>\n<p>Acest \u00eenc\u0103lzitor este perfect pentru a \u00eenc\u0103lzi interiorul unei ma\u0219ini, o camer\u0103 mic\u0103 sau un cort. Eficient pentru \u00eenc\u0103lzirea unor \u00eenc\u0103peri de p\u00e2n\u0103 la 10 m3.<\/p>\n<h3>Caracteristici<\/h3>\n<ul>\n<li>Dimensiuni: 255 x 227 x 245 mm<\/li>\n<li>Deflector de v\u00e2nt: nu<\/li>\n<li>Aprindere piezoelectric\u0103: da<\/li>\n<li>Pre\u00eenc\u0103lzirea gazului: da<\/li>\n<li>Material: aluminiu, o\u021bel<\/li>\n<li>Debit maxim: 75 g\/ora<\/li>\n<li>Putere nominal\u0103: 1,04 kW<\/li>\n<li>Greutate: 1400 g.<\/li>\n<\/ul>\n<h3>Setul include<\/h3>\n<ul>\n<li>\u00cenc\u0103lzitor pe gaz Kovea KH-2006 Power Sense<\/li>\n<li>Instruc\u021biuni de utilizare.<\/li>\n<\/ul>\n<p><\/p>","protected":false},"excerpt":{"rendered":"","protected":false},"featured_media":90644,"comment_status":"open","ping_status":"closed","template":"","meta":{"_acf_changed":false,"inline_featured_image":false},"product_brand":[1273],"product_cat":[1114],"product_tag":[],"class_list":{"0":"post-58986","1":"product","2":"type-product","3":"status-publish","4":"has-post-thumbnail","6":"product_brand-kovea","7":"product_cat-obogrevateli","9":"first","10":"instock","11":"shipping-taxable","12":"purchasable","13":"product-type-simple"},"acf":[],"yoast_head":"<!-- This site is optimized with the Yoast SEO plugin v27.4 - https:\/\/yoast.com\/product\/yoast-seo-wordpress\/ -->\n<title>\u0413\u0430\u0437\u043e\u0432\u044b\u0439 \u043e\u0431\u043e\u0433\u0440\u0435\u0432\u0430\u0442\u0435\u043b\u044c Kovea Power Sense Black KH-2006BK - \u041c\u0430\u0433\u0430\u0437\u0438\u043d Xstyle<\/title>\n<meta name=\"description\" content=\"\u0413\u0430\u0437\u043e\u0432\u044b\u0439 \u043e\u0431\u043e\u0433\u0440\u0435\u0432\u0430\u0442\u0435\u043b\u044c Kovea Power Sense Black KH-2006BK \u2013 \u043a\u043e\u043c\u043f\u0430\u043a\u0442\u043d\u044b\u0439, \u043b\u0435\u0433\u043a\u0438\u0439, \u0431\u0435\u0437\u043e\u043f\u0430\u0441\u043d\u044b\u0439 \u0438 \u0434\u043e\u0441\u0442\u0443\u043f\u043d\u044b\u0439. \u0418\u0434\u0435\u0430\u043b\u0435\u043d \u0434\u043b\u044f \u043a\u043e\u043c\u0444\u043e\u0440\u0442\u043d\u043e\u0433\u043e \u043e\u0431\u043e\u0433\u0440\u0435\u0432\u0430. \u041f\u0440\u043e\u0441\u0442\u043e\u0439 \u0432 \u0438\u0441\u043f\u043e\u043b\u044c\u0437\u043e\u0432\u0430\u043d\u0438\u0438.\" \/>\n<meta name=\"robots\" content=\"index, follow, max-snippet:-1, max-image-preview:large, max-video-preview:-1\" \/>\n<link rel=\"canonical\" href=\"https:\/\/xstyle.md\/ro\/produs\/gazovyj-obogrevatel-kovea-power-sense-black-kh-2006bk\/\" \/>\n<meta property=\"og:locale\" content=\"ro_RO\" \/>\n<meta property=\"og:type\" content=\"article\" \/>\n<meta property=\"og:title\" content=\"\u0413\u0430\u0437\u043e\u0432\u044b\u0439 \u043e\u0431\u043e\u0433\u0440\u0435\u0432\u0430\u0442\u0435\u043b\u044c Kovea Power Sense Black KH-2006BK - \u041c\u0430\u0433\u0430\u0437\u0438\u043d Xstyle\" \/>\n<meta property=\"og:description\" content=\"\u0413\u0430\u0437\u043e\u0432\u044b\u0439 \u043e\u0431\u043e\u0433\u0440\u0435\u0432\u0430\u0442\u0435\u043b\u044c Kovea Power Sense Black KH-2006BK \u2013 \u043a\u043e\u043c\u043f\u0430\u043a\u0442\u043d\u044b\u0439, \u043b\u0435\u0433\u043a\u0438\u0439, \u0431\u0435\u0437\u043e\u043f\u0430\u0441\u043d\u044b\u0439 \u0438 \u0434\u043e\u0441\u0442\u0443\u043f\u043d\u044b\u0439. \u0418\u0434\u0435\u0430\u043b\u0435\u043d \u0434\u043b\u044f \u043a\u043e\u043c\u0444\u043e\u0440\u0442\u043d\u043e\u0433\u043e \u043e\u0431\u043e\u0433\u0440\u0435\u0432\u0430. \u041f\u0440\u043e\u0441\u0442\u043e\u0439 \u0432 \u0438\u0441\u043f\u043e\u043b\u044c\u0437\u043e\u0432\u0430\u043d\u0438\u0438.\" \/>\n<meta property=\"og:url\" content=\"https:\/\/xstyle.md\/ro\/produs\/gazovyj-obogrevatel-kovea-power-sense-black-kh-2006bk\/\" \/>\n<meta property=\"og:site_name\" content=\"\u041c\u0430\u0433\u0430\u0437\u0438\u043d Xstyle\" \/>\n<meta property=\"article:publisher\" content=\"https:\/\/www.facebook.com\/xstylemd\" \/>\n<meta property=\"article:modified_time\" content=\"2025-04-23T13:25:54+00:00\" \/>\n<meta property=\"og:image\" content=\"https:\/\/xstyle.md\/wp-content\/uploads\/2022\/11\/kovea-power-sense-black-kh-2006bk-0.webp\" \/>\n\t<meta property=\"og:image:width\" content=\"1000\" \/>\n\t<meta property=\"og:image:height\" content=\"1000\" \/>\n\t<meta property=\"og:image:type\" content=\"image\/webp\" \/>\n<meta name=\"twitter:card\" content=\"summary_large_image\" \/>\n<meta name=\"twitter:label1\" content=\"Pre\u021b\" \/>\n\t<meta name=\"twitter:data1\" content=\"1.990&nbsp;MDL\" \/>\n\t<meta name=\"twitter:label2\" content=\"Disponibilitate\" \/>\n\t<meta name=\"twitter:data2\" content=\"\u00cen stoc\" \/>\n<script type=\"application\/ld+json\" class=\"yoast-schema-graph\">{\"@context\":\"https:\\\/\\\/schema.org\",\"@graph\":[{\"@type\":\"WebPage\",\"@id\":\"https:\\\/\\\/xstyle.md\\\/product\\\/gazovyj-obogrevatel-kovea-power-sense-black-kh-2006bk\\\/\",\"url\":\"https:\\\/\\\/xstyle.md\\\/product\\\/gazovyj-obogrevatel-kovea-power-sense-black-kh-2006bk\\\/\",\"name\":\"\u0413\u0430\u0437\u043e\u0432\u044b\u0439 \u043e\u0431\u043e\u0433\u0440\u0435\u0432\u0430\u0442\u0435\u043b\u044c Kovea Power Sense Black KH-2006BK - \u041c\u0430\u0433\u0430\u0437\u0438\u043d Xstyle\",\"isPartOf\":{\"@id\":\"https:\\\/\\\/xstyle.md\\\/#website\"},\"primaryImageOfPage\":{\"@id\":\"https:\\\/\\\/xstyle.md\\\/product\\\/gazovyj-obogrevatel-kovea-power-sense-black-kh-2006bk\\\/#primaryimage\"},\"image\":{\"@id\":\"https:\\\/\\\/xstyle.md\\\/product\\\/gazovyj-obogrevatel-kovea-power-sense-black-kh-2006bk\\\/#primaryimage\"},\"thumbnailUrl\":\"https:\\\/\\\/xstyle.md\\\/wp-content\\\/uploads\\\/2022\\\/11\\\/kovea-power-sense-black-kh-2006bk-0.webp\",\"datePublished\":\"2022-11-15T17:29:32+00:00\",\"dateModified\":\"2025-04-23T13:25:54+00:00\",\"description\":\"\u0413\u0430\u0437\u043e\u0432\u044b\u0439 \u043e\u0431\u043e\u0433\u0440\u0435\u0432\u0430\u0442\u0435\u043b\u044c Kovea Power Sense Black KH-2006BK \u2013 \u043a\u043e\u043c\u043f\u0430\u043a\u0442\u043d\u044b\u0439, \u043b\u0435\u0433\u043a\u0438\u0439, \u0431\u0435\u0437\u043e\u043f\u0430\u0441\u043d\u044b\u0439 \u0438 \u0434\u043e\u0441\u0442\u0443\u043f\u043d\u044b\u0439. \u0418\u0434\u0435\u0430\u043b\u0435\u043d \u0434\u043b\u044f \u043a\u043e\u043c\u0444\u043e\u0440\u0442\u043d\u043e\u0433\u043e \u043e\u0431\u043e\u0433\u0440\u0435\u0432\u0430. \u041f\u0440\u043e\u0441\u0442\u043e\u0439 \u0432 \u0438\u0441\u043f\u043e\u043b\u044c\u0437\u043e\u0432\u0430\u043d\u0438\u0438.\",\"breadcrumb\":{\"@id\":\"https:\\\/\\\/xstyle.md\\\/product\\\/gazovyj-obogrevatel-kovea-power-sense-black-kh-2006bk\\\/#breadcrumb\"},\"inLanguage\":\"ro-RO\",\"potentialAction\":[{\"@type\":\"ReadAction\",\"target\":[\"https:\\\/\\\/xstyle.md\\\/product\\\/gazovyj-obogrevatel-kovea-power-sense-black-kh-2006bk\\\/\"]}]},{\"@type\":\"ImageObject\",\"inLanguage\":\"ro-RO\",\"@id\":\"https:\\\/\\\/xstyle.md\\\/product\\\/gazovyj-obogrevatel-kovea-power-sense-black-kh-2006bk\\\/#primaryimage\",\"url\":\"https:\\\/\\\/xstyle.md\\\/wp-content\\\/uploads\\\/2022\\\/11\\\/kovea-power-sense-black-kh-2006bk-0.webp\",\"contentUrl\":\"https:\\\/\\\/xstyle.md\\\/wp-content\\\/uploads\\\/2022\\\/11\\\/kovea-power-sense-black-kh-2006bk-0.webp\",\"width\":1000,\"height\":1000,\"caption\":\"\u041c\u0443\u0436\u0441\u043a\u0430\u044f \u043a\u0443\u0440\u0442\u043a\u0430 \u0434\u043b\u044f \u0430\u043a\u0442\u0438\u0432\u043d\u044b\u0445 \u043f\u0443\u0442\u0435\u0448\u0435\u0441\u0442\u0432\u0438\u0439 \u0438 \u0430\u043b\u044c\u043f\u0438\u043d\u0438\u0437\u043c\u0430, \u0438\u0434\u0435\u0430\u043b\u044c\u043d\u0430 \u0434\u043b\u044f \u043f\u043e\u0445\u043e\u0434\u043e\u0432 \u0438 \u0430\u043a\u0442\u0438\u0432\u043d\u043e\u0433\u043e \u043e\u0442\u0434\u044b\u0445\u0430.\"},{\"@type\":\"BreadcrumbList\",\"@id\":\"https:\\\/\\\/xstyle.md\\\/product\\\/gazovyj-obogrevatel-kovea-power-sense-black-kh-2006bk\\\/#breadcrumb\",\"itemListElement\":[{\"@type\":\"ListItem\",\"position\":1,\"name\":\"\u0413\u043b\u0430\u0432\u043d\u0430\u044f \u0441\u0442\u0440\u0430\u043d\u0438\u0446\u0430\",\"item\":\"https:\\\/\\\/xstyle.md\\\/\"},{\"@type\":\"ListItem\",\"position\":2,\"name\":\"\u041c\u0430\u0433\u0430\u0437\u0438\u043d\",\"item\":\"https:\\\/\\\/xstyle.md\\\/shop\\\/\"},{\"@type\":\"ListItem\",\"position\":3,\"name\":\"\u0413\u0430\u0437\u043e\u0432\u044b\u0439 \u043e\u0431\u043e\u0433\u0440\u0435\u0432\u0430\u0442\u0435\u043b\u044c Kovea Power Sense Black KH-2006BK\"}]},{\"@type\":\"WebSite\",\"@id\":\"https:\\\/\\\/xstyle.md\\\/#website\",\"url\":\"https:\\\/\\\/xstyle.md\\\/\",\"name\":\"\u041c\u0430\u0433\u0430\u0437\u0438\u043d Xstyle\",\"description\":\"C\u043d\u0430\u0440\u044f\u0436\u0435\u043d\u0438\u0435 \u0434\u043b\u044f \u0442\u0443\u0440\u0438\u0437\u043c\u0430 \u0438 \u044d\u043a\u0441\u0442\u0440\u0435\u043c\u0430\u043b\u044c\u043d\u044b\u0445 \u0432\u0438\u0434\u043e\u0432 \u0441\u043f\u043e\u0440\u0442\u0430 \u0432 \u041c\u043e\u043b\u0434\u043e\u0432\u0435.. \u0426\u0435\u043d\u044b, \u0444\u043e\u0442\u043e, \u0445\u0430\u0440\u0430\u043a\u0442\u0435\u0440\u0438\u0441\u0442\u0438\u043a\u0438 \u0432 \u041c\u043e\u043b\u0434\u043e\u0432\u0435.\",\"publisher\":{\"@id\":\"https:\\\/\\\/xstyle.md\\\/#organization\"},\"alternateName\":\"X-Style\",\"potentialAction\":[{\"@type\":\"SearchAction\",\"target\":{\"@type\":\"EntryPoint\",\"urlTemplate\":\"https:\\\/\\\/xstyle.md\\\/?s={search_term_string}\"},\"query-input\":{\"@type\":\"PropertyValueSpecification\",\"valueRequired\":true,\"valueName\":\"search_term_string\"}}],\"inLanguage\":\"ro-RO\"},{\"@type\":\"Organization\",\"@id\":\"https:\\\/\\\/xstyle.md\\\/#organization\",\"name\":\"\u041c\u0430\u0433\u0430\u0437\u0438\u043d Xstyle\",\"alternateName\":\"x-style\",\"url\":\"https:\\\/\\\/xstyle.md\\\/\",\"logo\":{\"@type\":\"ImageObject\",\"inLanguage\":\"ro-RO\",\"@id\":\"https:\\\/\\\/xstyle.md\\\/#\\\/schema\\\/logo\\\/image\\\/\",\"url\":\"https:\\\/\\\/xstyle.md\\\/wp-content\\\/uploads\\\/2020\\\/06\\\/logoicon.svg\",\"contentUrl\":\"https:\\\/\\\/xstyle.md\\\/wp-content\\\/uploads\\\/2020\\\/06\\\/logoicon.svg\",\"caption\":\"\u041c\u0430\u0433\u0430\u0437\u0438\u043d Xstyle\"},\"image\":{\"@id\":\"https:\\\/\\\/xstyle.md\\\/#\\\/schema\\\/logo\\\/image\\\/\"},\"sameAs\":[\"https:\\\/\\\/www.facebook.com\\\/xstylemd\",\"https:\\\/\\\/www.instagram.com\\\/xstyle_md\\\/\",\"https:\\\/\\\/t.me\\\/xstyle_outdoor\"],\"hasMerchantReturnPolicy\":{\"@type\":\"MerchantReturnPolicy\",\"merchantReturnLink\":\"https:\\\/\\\/xstyle.md\\\/ro\\\/conditions\\\/\"}}]}<\/script>\n<meta property=\"product:price:amount\" content=\"1990.00\" \/>\n<meta property=\"product:price:currency\" content=\"MDL\" \/>\n<meta property=\"og:availability\" content=\"instock\" \/>\n<meta property=\"product:availability\" content=\"instock\" \/>\n<meta property=\"product:retailer_item_id\" content=\"8809361212648\" \/>\n<meta property=\"product:condition\" content=\"new\" \/>\n<!-- \/ Yoast SEO plugin. -->","yoast_head_json":{"title":"\u00cenc\u0103lzitor pe gaz Kovea Power Sense Black KH-2006BK - Magazin Xstyle","description":"\u00cenc\u0103lzitorul pe gaz Kovea Power Sense Black KH-2006BK \u2013 compact, u\u0219or, sigur \u0219i accesibil. Ideal pentru \u00eenc\u0103lzire confortabil\u0103. U\u0219or de utilizat.","robots":{"index":"index","follow":"follow","max-snippet":"max-snippet:-1","max-image-preview":"max-image-preview:large","max-video-preview":"max-video-preview:-1"},"canonical":"https:\/\/xstyle.md\/ro\/produs\/gazovyj-obogrevatel-kovea-power-sense-black-kh-2006bk\/","og_locale":"ro_RO","og_type":"article","og_title":"\u0413\u0430\u0437\u043e\u0432\u044b\u0439 \u043e\u0431\u043e\u0433\u0440\u0435\u0432\u0430\u0442\u0435\u043b\u044c Kovea Power Sense Black KH-2006BK - \u041c\u0430\u0433\u0430\u0437\u0438\u043d Xstyle","og_description":"\u0413\u0430\u0437\u043e\u0432\u044b\u0439 \u043e\u0431\u043e\u0433\u0440\u0435\u0432\u0430\u0442\u0435\u043b\u044c Kovea Power Sense Black KH-2006BK \u2013 \u043a\u043e\u043c\u043f\u0430\u043a\u0442\u043d\u044b\u0439, \u043b\u0435\u0433\u043a\u0438\u0439, \u0431\u0435\u0437\u043e\u043f\u0430\u0441\u043d\u044b\u0439 \u0438 \u0434\u043e\u0441\u0442\u0443\u043f\u043d\u044b\u0439. \u0418\u0434\u0435\u0430\u043b\u0435\u043d \u0434\u043b\u044f \u043a\u043e\u043c\u0444\u043e\u0440\u0442\u043d\u043e\u0433\u043e \u043e\u0431\u043e\u0433\u0440\u0435\u0432\u0430. \u041f\u0440\u043e\u0441\u0442\u043e\u0439 \u0432 \u0438\u0441\u043f\u043e\u043b\u044c\u0437\u043e\u0432\u0430\u043d\u0438\u0438.","og_url":"https:\/\/xstyle.md\/ro\/produs\/gazovyj-obogrevatel-kovea-power-sense-black-kh-2006bk\/","og_site_name":"\u041c\u0430\u0433\u0430\u0437\u0438\u043d Xstyle","article_publisher":"https:\/\/www.facebook.com\/xstylemd","article_modified_time":"2025-04-23T13:25:54+00:00","og_image":[{"width":1000,"height":1000,"url":"https:\/\/xstyle.md\/wp-content\/uploads\/2022\/11\/kovea-power-sense-black-kh-2006bk-0.webp","type":"image\/webp"}],"twitter_card":"summary_large_image","twitter_misc":{"Pre\u021b":"1.990&nbsp;MDL","Disponibilitate":"\u00cen stoc"},"schema":{"@context":"https:\/\/schema.org","@graph":[{"@type":"WebPage","@id":"https:\/\/xstyle.md\/product\/gazovyj-obogrevatel-kovea-power-sense-black-kh-2006bk\/","url":"https:\/\/xstyle.md\/product\/gazovyj-obogrevatel-kovea-power-sense-black-kh-2006bk\/","name":"\u00cenc\u0103lzitor pe gaz Kovea Power Sense Black KH-2006BK - Magazin Xstyle","isPartOf":{"@id":"https:\/\/xstyle.md\/#website"},"primaryImageOfPage":{"@id":"https:\/\/xstyle.md\/product\/gazovyj-obogrevatel-kovea-power-sense-black-kh-2006bk\/#primaryimage"},"image":{"@id":"https:\/\/xstyle.md\/product\/gazovyj-obogrevatel-kovea-power-sense-black-kh-2006bk\/#primaryimage"},"thumbnailUrl":"https:\/\/xstyle.md\/wp-content\/uploads\/2022\/11\/kovea-power-sense-black-kh-2006bk-0.webp","datePublished":"2022-11-15T17:29:32+00:00","dateModified":"2025-04-23T13:25:54+00:00","description":"\u00cenc\u0103lzitorul pe gaz Kovea Power Sense Black KH-2006BK \u2013 compact, u\u0219or, sigur \u0219i accesibil. Ideal pentru \u00eenc\u0103lzire confortabil\u0103. U\u0219or de utilizat.","breadcrumb":{"@id":"https:\/\/xstyle.md\/product\/gazovyj-obogrevatel-kovea-power-sense-black-kh-2006bk\/#breadcrumb"},"inLanguage":"ro-RO","potentialAction":[{"@type":"ReadAction","target":["https:\/\/xstyle.md\/product\/gazovyj-obogrevatel-kovea-power-sense-black-kh-2006bk\/"]}]},{"@type":"ImageObject","inLanguage":"ro-RO","@id":"https:\/\/xstyle.md\/product\/gazovyj-obogrevatel-kovea-power-sense-black-kh-2006bk\/#primaryimage","url":"https:\/\/xstyle.md\/wp-content\/uploads\/2022\/11\/kovea-power-sense-black-kh-2006bk-0.webp","contentUrl":"https:\/\/xstyle.md\/wp-content\/uploads\/2022\/11\/kovea-power-sense-black-kh-2006bk-0.webp","width":1000,"height":1000,"caption":"\u041c\u0443\u0436\u0441\u043a\u0430\u044f \u043a\u0443\u0440\u0442\u043a\u0430 \u0434\u043b\u044f \u0430\u043a\u0442\u0438\u0432\u043d\u044b\u0445 \u043f\u0443\u0442\u0435\u0448\u0435\u0441\u0442\u0432\u0438\u0439 \u0438 \u0430\u043b\u044c\u043f\u0438\u043d\u0438\u0437\u043c\u0430, \u0438\u0434\u0435\u0430\u043b\u044c\u043d\u0430 \u0434\u043b\u044f \u043f\u043e\u0445\u043e\u0434\u043e\u0432 \u0438 \u0430\u043a\u0442\u0438\u0432\u043d\u043e\u0433\u043e \u043e\u0442\u0434\u044b\u0445\u0430."},{"@type":"BreadcrumbList","@id":"https:\/\/xstyle.md\/product\/gazovyj-obogrevatel-kovea-power-sense-black-kh-2006bk\/#breadcrumb","itemListElement":[{"@type":"ListItem","position":1,"name":"\u0413\u043b\u0430\u0432\u043d\u0430\u044f \u0441\u0442\u0440\u0430\u043d\u0438\u0446\u0430","item":"https:\/\/xstyle.md\/"},{"@type":"ListItem","position":2,"name":"\u041c\u0430\u0433\u0430\u0437\u0438\u043d","item":"https:\/\/xstyle.md\/shop\/"},{"@type":"ListItem","position":3,"name":"\u0413\u0430\u0437\u043e\u0432\u044b\u0439 \u043e\u0431\u043e\u0433\u0440\u0435\u0432\u0430\u0442\u0435\u043b\u044c Kovea Power Sense Black KH-2006BK"}]},{"@type":"WebSite","@id":"https:\/\/xstyle.md\/#website","url":"https:\/\/xstyle.md\/","name":"Magazinul X-Style","description":"Echipamente pentru turism \u0219i sporturi extreme \u00een Moldova. Pre\u021buri, fotografii, caracteristici \u00een Moldova.","publisher":{"@id":"https:\/\/xstyle.md\/#organization"},"alternateName":"X-Style","potentialAction":[{"@type":"SearchAction","target":{"@type":"EntryPoint","urlTemplate":"https:\/\/xstyle.md\/?s={search_term_string}"},"query-input":{"@type":"PropertyValueSpecification","valueRequired":true,"valueName":"search_term_string"}}],"inLanguage":"ro-RO"},{"@type":"Organization","@id":"https:\/\/xstyle.md\/#organization","name":"Magazinul X-Style","alternateName":"x-style","url":"https:\/\/xstyle.md\/","logo":{"@type":"ImageObject","inLanguage":"ro-RO","@id":"https:\/\/xstyle.md\/#\/schema\/logo\/image\/","url":"https:\/\/xstyle.md\/wp-content\/uploads\/2020\/06\/logoicon.svg","contentUrl":"https:\/\/xstyle.md\/wp-content\/uploads\/2020\/06\/logoicon.svg","caption":"\u041c\u0430\u0433\u0430\u0437\u0438\u043d Xstyle"},"image":{"@id":"https:\/\/xstyle.md\/#\/schema\/logo\/image\/"},"sameAs":["https:\/\/www.facebook.com\/xstylemd","https:\/\/www.instagram.com\/xstyle_md\/","https:\/\/t.me\/xstyle_outdoor"],"hasMerchantReturnPolicy":{"@type":"MerchantReturnPolicy","merchantReturnLink":"https:\/\/xstyle.md\/ro\/conditions\/"}}]},"product_price_amount":"1990.00","product_price_currency":"MDL","og_availability":"instock","product_availability":"instock","product_retailer_item_id":"8809361212648","product_condition":"new"},"_links":{"self":[{"href":"https:\/\/xstyle.md\/ro\/wp-json\/wp\/v2\/product\/58986","targetHints":{"allow":["GET"]}}],"collection":[{"href":"https:\/\/xstyle.md\/ro\/wp-json\/wp\/v2\/product"}],"about":[{"href":"https:\/\/xstyle.md\/ro\/wp-json\/wp\/v2\/types\/product"}],"replies":[{"embeddable":true,"href":"https:\/\/xstyle.md\/ro\/wp-json\/wp\/v2\/comments?post=58986"}],"wp:featuredmedia":[{"embeddable":true,"href":"https:\/\/xstyle.md\/ro\/wp-json\/wp\/v2\/media\/90644"}],"wp:attachment":[{"href":"https:\/\/xstyle.md\/ro\/wp-json\/wp\/v2\/media?parent=58986"}],"wp:term":[{"taxonomy":"product_brand","embeddable":true,"href":"https:\/\/xstyle.md\/ro\/wp-json\/wp\/v2\/product_brand?post=58986"},{"taxonomy":"product_cat","embeddable":true,"href":"https:\/\/xstyle.md\/ro\/wp-json\/wp\/v2\/product_cat?post=58986"},{"taxonomy":"product_tag","embeddable":true,"href":"https:\/\/xstyle.md\/ro\/wp-json\/wp\/v2\/product_tag?post=58986"}],"curies":[{"name":"wp","href":"https:\/\/api.w.org\/{rel}","templated":true}]}}