{"id":5892,"date":"2020-07-16T21:05:15","date_gmt":"2020-07-16T18:05:15","guid":{"rendered":"https:\/\/xstyle.md\/product\/hat-knitted-polar-hat-buffr-dornplum-plum"},"modified":"2026-03-19T16:19:59","modified_gmt":"2026-03-19T13:19:59","slug":"hat-knitted-polar-hat-buffr-dornplum-plum","status":"publish","type":"product","link":"https:\/\/dev.xstyle.md\/ro\/produs\/hat-knitted-polar-hat-buffr-dornplum-plum\/","title":{"rendered":"C\u0103ciul\u0103 Buff Dorn Plum"},"content":{"rendered":"<\/p>\n<p>C\u0103ciul\u0103 tricotat\u0103 <strong>Buff Dorn Plum<\/strong> confec\u021bionat\u0103 din material tricotat de calitate, una dintre cele mai c\u0103lduroase c\u0103ciuli ale lui Buff. Perfect\u0103 cu \u00eembr\u0103c\u0103minte casual \u0219i sport. V\u0103 protejeaz\u0103 de frig \u0219i este ideal\u0103 pentru activit\u0103\u021bi intensive, cum ar fi schiul, drume\u021biile sau c\u0103l\u0103ria.<\/p>\n<h3>Particularit\u0103\u021bi<\/h3>\n<ul>\n<li>C\u0103ptu\u0219eal\u0103 moale din fleece \u00een interiorul p\u0103l\u0103riei<\/li>\n<li>Construc\u021bie exterioar\u0103 tricotat\u0103 manual<\/li>\n<li>L\u00e2na Merino din compozi\u021bia accesoriului nu provoac\u0103 irita\u021bii pe piele<\/li>\n<li>Are propriet\u0103\u021bi bune de respirabilitate \u0219i de eliminare a umidit\u0103\u021bii.<\/li>\n<li>Poate fi combinat\u0103 cu stil cu diferite modele Buff.<\/li>\n<li>Temperatura de confort: -10\/10\u00b0C.<\/li>\n<\/ul>\n<h3>Caracteristici<\/h3>\n<ul>\n<li>Material &#8212; 100% acrilic<\/li>\n<li>Sezonul &#8212; toamn\u0103\/iarn\u0103<\/li>\n<li>Model &#8212; unisex.<\/li>\n<\/ul>\n<h3>Tehnologie<\/h3>\n<ul>\n<li><b>Polar Fleece<\/b> \u2013 \u021bes\u0103tur\u0103 sintetic\u0103 moale \u0219i u\u0219oar\u0103 cu propriet\u0103\u021bi excelente de izolare termic\u0103, ofer\u0103 confort \u0219i o izolare termic\u0103 excelent\u0103 cu o greutate mai mic\u0103 dec\u00e2t cea mai u\u0219oar\u0103 l\u00e2n\u0103 disponibil\u0103.<\/li>\n<\/ul>\n<h3>Marca<\/h3>\n<p>BUFF\u00ae este un brand spaniol a c\u0103rui istorie a \u00eenceput \u00een 1992, c\u00e2nd Joan Rojas, proprietarul unei fabrici de textile catalane \u0219i pasionat de motociclism, \u0219i-a dat seama c\u0103, pentru o c\u0103l\u0103torie mai confortabil\u0103 pe motociclet\u0103, era nevoie de un accesoriu simplu care s\u0103 protejeze g\u00e2tul \u0219i capul de v\u00e2ntul care se apropie, de frig \u0219i de soarele arz\u0103tor.<\/p>\n<p>Lui Rojas i-a pl\u0103cut ideea unei e\u0219arfe militare multifunc\u021bionale, care se poate transforma \u00eentr-o masc\u0103, o coafur\u0103 sau o e\u0219arf\u0103. Experimentele efectuate \u00een fabrica de textile a familiei sale cu diferite materiale \u0219i forme t\u0103iate au culminat cu g\u0103sirea de c\u0103tre Rojas a unei modalit\u0103\u021bi de a produce o e\u0219arf\u0103 cilindric\u0103 f\u0103r\u0103 cus\u0103turi din microfibr\u0103. Dup\u0103 ce prototipurile au fost testate de familia, prietenii \u0219i colegii atle\u021bi ai lui Rojas, \u00een 1992 a fost lansat\u0103 prima colec\u021bie de bandane f\u0103r\u0103 cus\u0103turi sub sigla BUFF\u00ae.<\/p>\n<p><\/p>","protected":false},"excerpt":{"rendered":"<p>C\u0103ciul\u0103 Buff Dorn Plum<\/p>","protected":false},"featured_media":5891,"comment_status":"open","ping_status":"closed","template":"","meta":{"_acf_changed":false,"inline_featured_image":false},"product_brand":[1302],"product_cat":[520],"product_tag":[],"class_list":{"0":"post-5892","1":"product","2":"type-product","3":"status-publish","4":"has-post-thumbnail","6":"product_brand-buff","7":"product_cat-hat-buff","9":"first","10":"instock","11":"shipping-taxable","12":"purchasable","13":"product-type-simple"},"acf":[],"yoast_head":"<!-- This site is optimized with the Yoast SEO plugin v27.6 - https:\/\/yoast.com\/product\/yoast-seo-wordpress\/ -->\n<title>\u0412\u044f\u0437\u0430\u043d\u0430\u044f \u0448\u0430\u043f\u043a\u0430 Buff Dorn Plum - \u041c\u0430\u0433\u0430\u0437\u0438\u043d Xstyle<\/title>\n<meta name=\"description\" content=\"\u0412\u044f\u0437\u0430\u043d\u0430\u044f \u0448\u0430\u043f\u043a\u0430 Buff Dorn Plum \u043e\u0431\u0435\u0441\u043f\u0435\u0447\u0438\u0432\u0430\u0435\u0442 \u0442\u0435\u043f\u043b\u043e \u0438 \u043a\u043e\u043c\u0444\u043e\u0440\u0442. \u0418\u0434\u0435\u0430\u043b\u044c\u043d\u0430 \u0434\u043b\u044f \u0437\u0438\u043c\u043d\u0438\u0445 \u0430\u043a\u0442\u0438\u0432\u043d\u043e\u0441\u0442\u0435\u0439: \u043b\u044b\u0436, \u043f\u043e\u0445\u043e\u0434\u043e\u0432 \u0438 \u043f\u043e\u0432\u0441\u0435\u0434\u043d\u0435\u0432\u043d\u043e\u0439 \u043e\u0434\u0435\u0436\u0434\u044b.\" \/>\n<meta name=\"robots\" content=\"noindex, follow, max-snippet:-1, max-image-preview:large, max-video-preview:-1\" \/>\n<meta property=\"og:locale\" content=\"ro_RO\" \/>\n<meta property=\"og:type\" content=\"article\" \/>\n<meta property=\"og:title\" content=\"\u0412\u044f\u0437\u0430\u043d\u0430\u044f \u0448\u0430\u043f\u043a\u0430 Buff Dorn Plum - \u041c\u0430\u0433\u0430\u0437\u0438\u043d Xstyle\" \/>\n<meta property=\"og:description\" content=\"\u0412\u044f\u0437\u0430\u043d\u0430\u044f \u0448\u0430\u043f\u043a\u0430 Buff Dorn Plum \u043e\u0431\u0435\u0441\u043f\u0435\u0447\u0438\u0432\u0430\u0435\u0442 \u0442\u0435\u043f\u043b\u043e \u0438 \u043a\u043e\u043c\u0444\u043e\u0440\u0442. \u0418\u0434\u0435\u0430\u043b\u044c\u043d\u0430 \u0434\u043b\u044f \u0437\u0438\u043c\u043d\u0438\u0445 \u0430\u043a\u0442\u0438\u0432\u043d\u043e\u0441\u0442\u0435\u0439: \u043b\u044b\u0436, \u043f\u043e\u0445\u043e\u0434\u043e\u0432 \u0438 \u043f\u043e\u0432\u0441\u0435\u0434\u043d\u0435\u0432\u043d\u043e\u0439 \u043e\u0434\u0435\u0436\u0434\u044b.\" \/>\n<meta property=\"og:url\" content=\"https:\/\/dev.xstyle.md\/ro\/produs\/hat-knitted-polar-hat-buffr-dornplum-plum\/\" \/>\n<meta property=\"og:site_name\" content=\"\u041c\u0430\u0433\u0430\u0437\u0438\u043d Xstyle\" \/>\n<meta property=\"article:publisher\" content=\"https:\/\/www.facebook.com\/xstylemd\" \/>\n<meta property=\"article:modified_time\" content=\"2026-03-19T13:19:59+00:00\" \/>\n<meta property=\"og:image\" content=\"https:\/\/dev.xstyle.md\/wp-content\/uploads\/2020\/07\/111013.622.10_1.1200x1500w.jpg\" \/>\n\t<meta property=\"og:image:width\" content=\"755\" \/>\n\t<meta property=\"og:image:height\" content=\"1000\" \/>\n\t<meta property=\"og:image:type\" content=\"image\/jpeg\" \/>\n<meta name=\"twitter:card\" content=\"summary_large_image\" \/>\n<meta name=\"twitter:label1\" content=\"Pre\u021b\" \/>\n\t<meta name=\"twitter:data1\" content=\"490,00&nbsp;MDL\" \/>\n\t<meta name=\"twitter:label2\" content=\"Disponibilitate\" \/>\n\t<meta name=\"twitter:data2\" content=\"\u00cen stoc\" \/>\n<script type=\"application\/ld+json\" class=\"yoast-schema-graph\">{\"@context\":\"https:\\\/\\\/schema.org\",\"@graph\":[{\"@type\":\"WebPage\",\"@id\":\"https:\\\/\\\/dev.xstyle.md\\\/product\\\/hat-knitted-polar-hat-buffr-dornplum-plum\\\/\",\"url\":\"https:\\\/\\\/dev.xstyle.md\\\/product\\\/hat-knitted-polar-hat-buffr-dornplum-plum\\\/\",\"name\":\"\u0412\u044f\u0437\u0430\u043d\u0430\u044f \u0448\u0430\u043f\u043a\u0430 Buff Dorn Plum - \u041c\u0430\u0433\u0430\u0437\u0438\u043d Xstyle\",\"isPartOf\":{\"@id\":\"https:\\\/\\\/dev.xstyle.md\\\/#website\"},\"primaryImageOfPage\":{\"@id\":\"https:\\\/\\\/dev.xstyle.md\\\/product\\\/hat-knitted-polar-hat-buffr-dornplum-plum\\\/#primaryimage\"},\"image\":{\"@id\":\"https:\\\/\\\/dev.xstyle.md\\\/product\\\/hat-knitted-polar-hat-buffr-dornplum-plum\\\/#primaryimage\"},\"thumbnailUrl\":\"https:\\\/\\\/dev.xstyle.md\\\/wp-content\\\/uploads\\\/2020\\\/07\\\/111013.622.10_1.1200x1500w.jpg\",\"datePublished\":\"2020-07-16T18:05:15+00:00\",\"dateModified\":\"2026-03-19T13:19:59+00:00\",\"description\":\"\u0412\u044f\u0437\u0430\u043d\u0430\u044f \u0448\u0430\u043f\u043a\u0430 Buff Dorn Plum \u043e\u0431\u0435\u0441\u043f\u0435\u0447\u0438\u0432\u0430\u0435\u0442 \u0442\u0435\u043f\u043b\u043e \u0438 \u043a\u043e\u043c\u0444\u043e\u0440\u0442. \u0418\u0434\u0435\u0430\u043b\u044c\u043d\u0430 \u0434\u043b\u044f \u0437\u0438\u043c\u043d\u0438\u0445 \u0430\u043a\u0442\u0438\u0432\u043d\u043e\u0441\u0442\u0435\u0439: \u043b\u044b\u0436, \u043f\u043e\u0445\u043e\u0434\u043e\u0432 \u0438 \u043f\u043e\u0432\u0441\u0435\u0434\u043d\u0435\u0432\u043d\u043e\u0439 \u043e\u0434\u0435\u0436\u0434\u044b.\",\"breadcrumb\":{\"@id\":\"https:\\\/\\\/dev.xstyle.md\\\/product\\\/hat-knitted-polar-hat-buffr-dornplum-plum\\\/#breadcrumb\"},\"inLanguage\":\"ro-RO\",\"potentialAction\":[{\"@type\":\"ReadAction\",\"target\":[\"https:\\\/\\\/dev.xstyle.md\\\/product\\\/hat-knitted-polar-hat-buffr-dornplum-plum\\\/\"]}]},{\"@type\":\"ImageObject\",\"inLanguage\":\"ro-RO\",\"@id\":\"https:\\\/\\\/dev.xstyle.md\\\/product\\\/hat-knitted-polar-hat-buffr-dornplum-plum\\\/#primaryimage\",\"url\":\"https:\\\/\\\/dev.xstyle.md\\\/wp-content\\\/uploads\\\/2020\\\/07\\\/111013.622.10_1.1200x1500w.jpg\",\"contentUrl\":\"https:\\\/\\\/dev.xstyle.md\\\/wp-content\\\/uploads\\\/2020\\\/07\\\/111013.622.10_1.1200x1500w.jpg\",\"width\":755,\"height\":1000},{\"@type\":\"BreadcrumbList\",\"@id\":\"https:\\\/\\\/dev.xstyle.md\\\/product\\\/hat-knitted-polar-hat-buffr-dornplum-plum\\\/#breadcrumb\",\"itemListElement\":[{\"@type\":\"ListItem\",\"position\":1,\"name\":\"\u0413\u043b\u0430\u0432\u043d\u0430\u044f \u0441\u0442\u0440\u0430\u043d\u0438\u0446\u0430\",\"item\":\"https:\\\/\\\/dev.xstyle.md\\\/\"},{\"@type\":\"ListItem\",\"position\":2,\"name\":\"Shop\",\"item\":\"https:\\\/\\\/dev.xstyle.md\\\/shop\\\/\"},{\"@type\":\"ListItem\",\"position\":3,\"name\":\"\u0412\u044f\u0437\u0430\u043d\u0430\u044f \u0448\u0430\u043f\u043a\u0430 Buff Dorn Plum\"}]},{\"@type\":\"WebSite\",\"@id\":\"https:\\\/\\\/dev.xstyle.md\\\/#website\",\"url\":\"https:\\\/\\\/dev.xstyle.md\\\/\",\"name\":\"\u041c\u0430\u0433\u0430\u0437\u0438\u043d Xstyle\",\"description\":\"C\u043d\u0430\u0440\u044f\u0436\u0435\u043d\u0438\u0435 \u0434\u043b\u044f \u0442\u0443\u0440\u0438\u0437\u043c\u0430 \u0438 \u044d\u043a\u0441\u0442\u0440\u0435\u043c\u0430\u043b\u044c\u043d\u044b\u0445 \u0432\u0438\u0434\u043e\u0432 \u0441\u043f\u043e\u0440\u0442\u0430 \u0432 \u041c\u043e\u043b\u0434\u043e\u0432\u0435.. \u0426\u0435\u043d\u044b, \u0444\u043e\u0442\u043e, \u0445\u0430\u0440\u0430\u043a\u0442\u0435\u0440\u0438\u0441\u0442\u0438\u043a\u0438 \u0432 \u041c\u043e\u043b\u0434\u043e\u0432\u0435.\",\"publisher\":{\"@id\":\"https:\\\/\\\/dev.xstyle.md\\\/#organization\"},\"alternateName\":\"X-Style\",\"potentialAction\":[{\"@type\":\"SearchAction\",\"target\":{\"@type\":\"EntryPoint\",\"urlTemplate\":\"https:\\\/\\\/dev.xstyle.md\\\/?s={search_term_string}\"},\"query-input\":{\"@type\":\"PropertyValueSpecification\",\"valueRequired\":true,\"valueName\":\"search_term_string\"}}],\"inLanguage\":\"ro-RO\"},{\"@type\":\"Organization\",\"@id\":\"https:\\\/\\\/dev.xstyle.md\\\/#organization\",\"name\":\"\u041c\u0430\u0433\u0430\u0437\u0438\u043d Xstyle\",\"alternateName\":\"x-style\",\"url\":\"https:\\\/\\\/dev.xstyle.md\\\/\",\"logo\":{\"@type\":\"ImageObject\",\"inLanguage\":\"ro-RO\",\"@id\":\"https:\\\/\\\/dev.xstyle.md\\\/#\\\/schema\\\/logo\\\/image\\\/\",\"url\":\"https:\\\/\\\/dev.xstyle.md\\\/wp-content\\\/uploads\\\/2020\\\/06\\\/logoicon.svg\",\"contentUrl\":\"https:\\\/\\\/dev.xstyle.md\\\/wp-content\\\/uploads\\\/2020\\\/06\\\/logoicon.svg\",\"caption\":\"\u041c\u0430\u0433\u0430\u0437\u0438\u043d Xstyle\"},\"image\":{\"@id\":\"https:\\\/\\\/dev.xstyle.md\\\/#\\\/schema\\\/logo\\\/image\\\/\"},\"sameAs\":[\"https:\\\/\\\/www.facebook.com\\\/xstylemd\",\"https:\\\/\\\/www.instagram.com\\\/xstyle_md\\\/\",\"https:\\\/\\\/t.me\\\/xstyle_outdoor\"],\"hasMerchantReturnPolicy\":{\"@type\":\"MerchantReturnPolicy\",\"merchantReturnLink\":\"https:\\\/\\\/dev.xstyle.md\\\/ro\\\/conditions\\\/\"}}]}<\/script>\n<meta property=\"product:price:amount\" content=\"490.00\" \/>\n<meta property=\"product:price:currency\" content=\"MDL\" \/>\n<meta property=\"og:availability\" content=\"instock\" \/>\n<meta property=\"product:availability\" content=\"instock\" \/>\n<meta property=\"product:retailer_item_id\" content=\"8428927184740\" \/>\n<meta property=\"product:condition\" content=\"new\" \/>\n<!-- \/ Yoast SEO plugin. -->","yoast_head_json":{"title":"C\u0103ciul\u0103 tricotat\u0103 Buff Dorn Plum - Magazin Xstyle","description":"C\u0103ciula tricotat\u0103 Buff Dorn Plum ofer\u0103 c\u0103ldur\u0103 \u0219i confort. Este perfect\u0103 pentru activit\u0103\u021bi de iarn\u0103: schi, drume\u021bii \u0219i \u00eembr\u0103c\u0103minte de zi cu zi.","robots":{"index":"noindex","follow":"follow","max-snippet":"max-snippet:-1","max-image-preview":"max-image-preview:large","max-video-preview":"max-video-preview:-1"},"og_locale":"ro_RO","og_type":"article","og_title":"\u0412\u044f\u0437\u0430\u043d\u0430\u044f \u0448\u0430\u043f\u043a\u0430 Buff Dorn Plum - \u041c\u0430\u0433\u0430\u0437\u0438\u043d Xstyle","og_description":"\u0412\u044f\u0437\u0430\u043d\u0430\u044f \u0448\u0430\u043f\u043a\u0430 Buff Dorn Plum \u043e\u0431\u0435\u0441\u043f\u0435\u0447\u0438\u0432\u0430\u0435\u0442 \u0442\u0435\u043f\u043b\u043e \u0438 \u043a\u043e\u043c\u0444\u043e\u0440\u0442. \u0418\u0434\u0435\u0430\u043b\u044c\u043d\u0430 \u0434\u043b\u044f \u0437\u0438\u043c\u043d\u0438\u0445 \u0430\u043a\u0442\u0438\u0432\u043d\u043e\u0441\u0442\u0435\u0439: \u043b\u044b\u0436, \u043f\u043e\u0445\u043e\u0434\u043e\u0432 \u0438 \u043f\u043e\u0432\u0441\u0435\u0434\u043d\u0435\u0432\u043d\u043e\u0439 \u043e\u0434\u0435\u0436\u0434\u044b.","og_url":"https:\/\/dev.xstyle.md\/ro\/produs\/hat-knitted-polar-hat-buffr-dornplum-plum\/","og_site_name":"\u041c\u0430\u0433\u0430\u0437\u0438\u043d Xstyle","article_publisher":"https:\/\/www.facebook.com\/xstylemd","article_modified_time":"2026-03-19T13:19:59+00:00","og_image":[{"width":755,"height":1000,"url":"https:\/\/dev.xstyle.md\/wp-content\/uploads\/2020\/07\/111013.622.10_1.1200x1500w.jpg","type":"image\/jpeg"}],"twitter_card":"summary_large_image","twitter_misc":{"Pre\u021b":"490,00&nbsp;MDL","Disponibilitate":"\u00cen stoc"},"schema":{"@context":"https:\/\/schema.org","@graph":[{"@type":"WebPage","@id":"https:\/\/dev.xstyle.md\/product\/hat-knitted-polar-hat-buffr-dornplum-plum\/","url":"https:\/\/dev.xstyle.md\/product\/hat-knitted-polar-hat-buffr-dornplum-plum\/","name":"C\u0103ciul\u0103 tricotat\u0103 Buff Dorn Plum - Magazin Xstyle","isPartOf":{"@id":"https:\/\/dev.xstyle.md\/#website"},"primaryImageOfPage":{"@id":"https:\/\/dev.xstyle.md\/product\/hat-knitted-polar-hat-buffr-dornplum-plum\/#primaryimage"},"image":{"@id":"https:\/\/dev.xstyle.md\/product\/hat-knitted-polar-hat-buffr-dornplum-plum\/#primaryimage"},"thumbnailUrl":"https:\/\/dev.xstyle.md\/wp-content\/uploads\/2020\/07\/111013.622.10_1.1200x1500w.jpg","datePublished":"2020-07-16T18:05:15+00:00","dateModified":"2026-03-19T13:19:59+00:00","description":"C\u0103ciula tricotat\u0103 Buff Dorn Plum ofer\u0103 c\u0103ldur\u0103 \u0219i confort. Este perfect\u0103 pentru activit\u0103\u021bi de iarn\u0103: schi, drume\u021bii \u0219i \u00eembr\u0103c\u0103minte de zi cu zi.","breadcrumb":{"@id":"https:\/\/dev.xstyle.md\/product\/hat-knitted-polar-hat-buffr-dornplum-plum\/#breadcrumb"},"inLanguage":"ro-RO","potentialAction":[{"@type":"ReadAction","target":["https:\/\/dev.xstyle.md\/product\/hat-knitted-polar-hat-buffr-dornplum-plum\/"]}]},{"@type":"ImageObject","inLanguage":"ro-RO","@id":"https:\/\/dev.xstyle.md\/product\/hat-knitted-polar-hat-buffr-dornplum-plum\/#primaryimage","url":"https:\/\/dev.xstyle.md\/wp-content\/uploads\/2020\/07\/111013.622.10_1.1200x1500w.jpg","contentUrl":"https:\/\/dev.xstyle.md\/wp-content\/uploads\/2020\/07\/111013.622.10_1.1200x1500w.jpg","width":755,"height":1000},{"@type":"BreadcrumbList","@id":"https:\/\/dev.xstyle.md\/product\/hat-knitted-polar-hat-buffr-dornplum-plum\/#breadcrumb","itemListElement":[{"@type":"ListItem","position":1,"name":"\u0413\u043b\u0430\u0432\u043d\u0430\u044f \u0441\u0442\u0440\u0430\u043d\u0438\u0446\u0430","item":"https:\/\/dev.xstyle.md\/"},{"@type":"ListItem","position":2,"name":"Shop","item":"https:\/\/dev.xstyle.md\/shop\/"},{"@type":"ListItem","position":3,"name":"\u0412\u044f\u0437\u0430\u043d\u0430\u044f \u0448\u0430\u043f\u043a\u0430 Buff Dorn Plum"}]},{"@type":"WebSite","@id":"https:\/\/dev.xstyle.md\/#website","url":"https:\/\/dev.xstyle.md\/","name":"Magazinul X-Style","description":"Echipamente pentru turism \u0219i sporturi extreme \u00een Moldova. Pre\u021buri, fotografii, caracteristici \u00een Moldova.","publisher":{"@id":"https:\/\/dev.xstyle.md\/#organization"},"alternateName":"X-Style","potentialAction":[{"@type":"SearchAction","target":{"@type":"EntryPoint","urlTemplate":"https:\/\/dev.xstyle.md\/?s={search_term_string}"},"query-input":{"@type":"PropertyValueSpecification","valueRequired":true,"valueName":"search_term_string"}}],"inLanguage":"ro-RO"},{"@type":"Organization","@id":"https:\/\/dev.xstyle.md\/#organization","name":"Magazinul X-Style","alternateName":"x-style","url":"https:\/\/dev.xstyle.md\/","logo":{"@type":"ImageObject","inLanguage":"ro-RO","@id":"https:\/\/dev.xstyle.md\/#\/schema\/logo\/image\/","url":"https:\/\/dev.xstyle.md\/wp-content\/uploads\/2020\/06\/logoicon.svg","contentUrl":"https:\/\/dev.xstyle.md\/wp-content\/uploads\/2020\/06\/logoicon.svg","caption":"\u041c\u0430\u0433\u0430\u0437\u0438\u043d Xstyle"},"image":{"@id":"https:\/\/dev.xstyle.md\/#\/schema\/logo\/image\/"},"sameAs":["https:\/\/www.facebook.com\/xstylemd","https:\/\/www.instagram.com\/xstyle_md\/","https:\/\/t.me\/xstyle_outdoor"],"hasMerchantReturnPolicy":{"@type":"MerchantReturnPolicy","merchantReturnLink":"https:\/\/dev.xstyle.md\/ro\/conditions\/"}}]},"product_price_amount":"490.00","product_price_currency":"MDL","og_availability":"instock","product_availability":"instock","product_retailer_item_id":"8428927184740","product_condition":"new"},"post_mailing_queue_ids":[],"_links":{"self":[{"href":"https:\/\/dev.xstyle.md\/ro\/wp-json\/wp\/v2\/product\/5892","targetHints":{"allow":["GET"]}}],"collection":[{"href":"https:\/\/dev.xstyle.md\/ro\/wp-json\/wp\/v2\/product"}],"about":[{"href":"https:\/\/dev.xstyle.md\/ro\/wp-json\/wp\/v2\/types\/product"}],"replies":[{"embeddable":true,"href":"https:\/\/dev.xstyle.md\/ro\/wp-json\/wp\/v2\/comments?post=5892"}],"version-history":[{"count":0,"href":"https:\/\/dev.xstyle.md\/ro\/wp-json\/wp\/v2\/product\/5892\/revisions"}],"wp:featuredmedia":[{"embeddable":true,"href":"https:\/\/dev.xstyle.md\/ro\/wp-json\/wp\/v2\/media\/5891"}],"wp:attachment":[{"href":"https:\/\/dev.xstyle.md\/ro\/wp-json\/wp\/v2\/media?parent=5892"}],"wp:term":[{"taxonomy":"product_brand","embeddable":true,"href":"https:\/\/dev.xstyle.md\/ro\/wp-json\/wp\/v2\/product_brand?post=5892"},{"taxonomy":"product_cat","embeddable":true,"href":"https:\/\/dev.xstyle.md\/ro\/wp-json\/wp\/v2\/product_cat?post=5892"},{"taxonomy":"product_tag","embeddable":true,"href":"https:\/\/dev.xstyle.md\/ro\/wp-json\/wp\/v2\/product_tag?post=5892"}],"curies":[{"name":"wp","href":"https:\/\/api.w.org\/{rel}","templated":true}]}}