{"id":57048,"date":"2022-10-28T18:29:10","date_gmt":"2022-10-28T15:29:10","guid":{"rendered":"https:\/\/xstyle.md\/?post_type=product&#038;p=57048"},"modified":"2026-03-19T16:49:56","modified_gmt":"2026-03-19T13:49:56","slug":"skovorodka-robens-modoc-pan","status":"publish","type":"product","link":"https:\/\/xstyle.md\/ro\/produs\/skovorodka-robens-modoc-pan\/","title":{"rendered":"Tigaie Robens Modoc Pan"},"content":{"rendered":"<\/p>\n<p><strong>Robens Modoc Pan<\/strong> &#8212; tigaia din font\u0103 cu m\u00e2ner deta\u0219abil este perfect\u0103 pentru a g\u0103ti la foc deschis sau la gr\u0103tar. M\u00e2nerul deta\u0219abil o face u\u0219or de depozitat \u0219i de transportat. Fierul turnat de calitate din care este fabricat\u0103 tigaia este prepolimerizat \u0219i gata de utilizare imediat\u0103.<\/p>\n<p>Evita\u021bi contactul cu alimente s\u0103rate sau acide, astfel \u00eenc\u00e2t tigaia s\u0103 reziste mul\u021bi ani. Ideal pentru activit\u0103\u021bi \u00een aer liber, cum ar fi picnicurile, campingul \u0219i pescuitul.<\/p>\n<h3>Particularit\u0103\u021bi<\/h3>\n<ul>\n<li>Pentru utilizare pe un foc deschis sau pe un gr\u0103tar<\/li>\n<li>Cu m\u00e2ner deta\u0219abil<\/li>\n<li>Nu este potrivit pentru alimente s\u0103rate sau acre<\/li>\n<li>Material rezistent.<\/li>\n<\/ul>\n<h3>Caracteristici<\/h3>\n<ul>\n<li>Material &#8212; font\u0103<\/li>\n<li>Dimensiuni &#8212; 23,3 x 5,3 cm<\/li>\n<li>Greutate &#8212; 1796 g.<\/li>\n<\/ul>\n<h3>Marca<\/h3>\n<p>Istoria m\u0103rcii Robens \u00eencepe \u00een 1973, c\u00e2nd Klaus Robens \u0219i so\u021bia sa au \u00eenfiin\u021bat compania \u00een casa lor din Wenfort, Germania. Biroul companiei se afla la subsol, iar showroom-ul pe peluza din fa\u021b\u0103. Cuno\u0219tin\u021bele vaste ale lui Robens \u00een ceea ce prive\u0219te activit\u0103\u021bile \u00een aer liber \u0219i calitatea ridicat\u0103 au dus la un succes at\u00e2t de mare \u00eenc\u00e2t, \u00een 1988, compania s-a mutat \u00eentr-o cl\u0103dire nou\u0103 \u0219i a colaborat cu designerul industrial Olaf Bracht, care \u00eemp\u0103rt\u0103\u0219ea pasiunea lui Robens.<\/p>\n<p>Brandul Robens s-a impus ca produc\u0103torul ideal de echipamente pentru viata in aer liber, pun\u00e2nd accentul pe o calitate ridicat\u0103 la pre\u021buri rezonabile. \u00cen 2000, Robens a fost achizi\u021bionat de OASE Outdoors \u0219i a fost rebranduit \u00een 2012. Ast\u0103zi, Robens continu\u0103 s\u0103 avanseze, ajut\u00e2nd oamenii s\u0103 \u00ee\u0219i realizeze pasiunea pentru activit\u0103\u021bile \u00een aer liber.<\/p>\n<p><\/p>","protected":false},"excerpt":{"rendered":"","protected":false},"featured_media":58193,"comment_status":"open","ping_status":"closed","template":"","meta":{"_acf_changed":false,"inline_featured_image":false},"product_brand":[1329],"product_cat":[907],"product_tag":[],"class_list":{"0":"post-57048","1":"product","2":"type-product","3":"status-publish","4":"has-post-thumbnail","6":"product_brand-robens","7":"product_cat-dutch-oven","9":"first","10":"instock","11":"shipping-taxable","12":"purchasable","13":"product-type-simple"},"acf":[],"yoast_head":"<!-- This site is optimized with the Yoast SEO plugin v27.4 - https:\/\/yoast.com\/product\/yoast-seo-wordpress\/ -->\n<title>\u0421\u043a\u043e\u0432\u043e\u0440\u043e\u0434\u043a\u0430 Robens Modoc Pan - \u041c\u0430\u0433\u0430\u0437\u0438\u043d Xstyle<\/title>\n<meta name=\"description\" content=\"\u0421\u043a\u043e\u0432\u043e\u0440\u043e\u0434\u043a\u0430 Robens Modoc Pan \u0441 \u0441\u044a\u0451\u043c\u043d\u043e\u0439 \u0440\u0443\u0447\u043a\u043e\u0439 - \u0438\u0434\u0435\u0430\u043b\u044c\u043d\u0430 \u0434\u043b\u044f \u0433\u043e\u0442\u043e\u0432\u043a\u0438 \u043d\u0430 \u043e\u0442\u043a\u0440\u044b\u0442\u043e\u043c \u043e\u0433\u043d\u0435. \u041a\u0430\u0447\u0435\u0441\u0442\u0432\u0435\u043d\u043d\u043e\u0435 \u0447\u0443\u0433\u0443\u043d\u043d\u043e\u0435 \u043f\u043e\u043a\u0440\u044b\u0442\u0438\u0435 - \u043b\u0435\u0433\u043a\u043e \u0445\u0440\u0430\u043d\u0438\u0442\u044c \u0438 \u0442\u0440\u0430\u043d\u0441\u043f\u043e\u0440\u0442\u0438\u0440\u043e\u0432\u0430\u0442\u044c!\" \/>\n<meta name=\"robots\" content=\"index, follow, max-snippet:-1, max-image-preview:large, max-video-preview:-1\" \/>\n<link rel=\"canonical\" href=\"https:\/\/xstyle.md\/ro\/produs\/skovorodka-robens-modoc-pan\/\" \/>\n<meta property=\"og:locale\" content=\"ro_RO\" \/>\n<meta property=\"og:type\" content=\"article\" \/>\n<meta property=\"og:title\" content=\"\u0421\u043a\u043e\u0432\u043e\u0440\u043e\u0434\u043a\u0430 Robens Modoc Pan - \u041c\u0430\u0433\u0430\u0437\u0438\u043d Xstyle\" \/>\n<meta property=\"og:description\" content=\"\u0421\u043a\u043e\u0432\u043e\u0440\u043e\u0434\u043a\u0430 Robens Modoc Pan \u0441 \u0441\u044a\u0451\u043c\u043d\u043e\u0439 \u0440\u0443\u0447\u043a\u043e\u0439 - \u0438\u0434\u0435\u0430\u043b\u044c\u043d\u0430 \u0434\u043b\u044f \u0433\u043e\u0442\u043e\u0432\u043a\u0438 \u043d\u0430 \u043e\u0442\u043a\u0440\u044b\u0442\u043e\u043c \u043e\u0433\u043d\u0435. \u041a\u0430\u0447\u0435\u0441\u0442\u0432\u0435\u043d\u043d\u043e\u0435 \u0447\u0443\u0433\u0443\u043d\u043d\u043e\u0435 \u043f\u043e\u043a\u0440\u044b\u0442\u0438\u0435 - \u043b\u0435\u0433\u043a\u043e \u0445\u0440\u0430\u043d\u0438\u0442\u044c \u0438 \u0442\u0440\u0430\u043d\u0441\u043f\u043e\u0440\u0442\u0438\u0440\u043e\u0432\u0430\u0442\u044c!\" \/>\n<meta property=\"og:url\" content=\"https:\/\/xstyle.md\/ro\/produs\/skovorodka-robens-modoc-pan\/\" \/>\n<meta property=\"og:site_name\" content=\"\u041c\u0430\u0433\u0430\u0437\u0438\u043d Xstyle\" \/>\n<meta property=\"article:publisher\" content=\"https:\/\/www.facebook.com\/xstylemd\" \/>\n<meta property=\"article:modified_time\" content=\"2026-03-19T13:49:56+00:00\" \/>\n<meta property=\"og:image\" content=\"https:\/\/xstyle.md\/wp-content\/uploads\/2022\/10\/robens-modoc-pan.jpeg\" \/>\n\t<meta property=\"og:image:width\" content=\"1248\" \/>\n\t<meta property=\"og:image:height\" content=\"1075\" \/>\n\t<meta property=\"og:image:type\" content=\"image\/jpeg\" \/>\n<meta name=\"twitter:card\" content=\"summary_large_image\" \/>\n<meta name=\"twitter:label1\" content=\"Pre\u021b\" \/>\n\t<meta name=\"twitter:data1\" content=\"560&nbsp;MDL\" \/>\n\t<meta name=\"twitter:label2\" content=\"Disponibilitate\" \/>\n\t<meta name=\"twitter:data2\" content=\"\u00cen stoc\" \/>\n<script type=\"application\/ld+json\" class=\"yoast-schema-graph\">{\"@context\":\"https:\\\/\\\/schema.org\",\"@graph\":[{\"@type\":\"WebPage\",\"@id\":\"https:\\\/\\\/xstyle.md\\\/product\\\/skovorodka-robens-modoc-pan\\\/\",\"url\":\"https:\\\/\\\/xstyle.md\\\/product\\\/skovorodka-robens-modoc-pan\\\/\",\"name\":\"\u0421\u043a\u043e\u0432\u043e\u0440\u043e\u0434\u043a\u0430 Robens Modoc Pan - \u041c\u0430\u0433\u0430\u0437\u0438\u043d Xstyle\",\"isPartOf\":{\"@id\":\"https:\\\/\\\/xstyle.md\\\/#website\"},\"primaryImageOfPage\":{\"@id\":\"https:\\\/\\\/xstyle.md\\\/product\\\/skovorodka-robens-modoc-pan\\\/#primaryimage\"},\"image\":{\"@id\":\"https:\\\/\\\/xstyle.md\\\/product\\\/skovorodka-robens-modoc-pan\\\/#primaryimage\"},\"thumbnailUrl\":\"https:\\\/\\\/xstyle.md\\\/wp-content\\\/uploads\\\/2022\\\/10\\\/robens-modoc-pan.jpeg\",\"datePublished\":\"2022-10-28T15:29:10+00:00\",\"dateModified\":\"2026-03-19T13:49:56+00:00\",\"description\":\"\u0421\u043a\u043e\u0432\u043e\u0440\u043e\u0434\u043a\u0430 Robens Modoc Pan \u0441 \u0441\u044a\u0451\u043c\u043d\u043e\u0439 \u0440\u0443\u0447\u043a\u043e\u0439 - \u0438\u0434\u0435\u0430\u043b\u044c\u043d\u0430 \u0434\u043b\u044f \u0433\u043e\u0442\u043e\u0432\u043a\u0438 \u043d\u0430 \u043e\u0442\u043a\u0440\u044b\u0442\u043e\u043c \u043e\u0433\u043d\u0435. \u041a\u0430\u0447\u0435\u0441\u0442\u0432\u0435\u043d\u043d\u043e\u0435 \u0447\u0443\u0433\u0443\u043d\u043d\u043e\u0435 \u043f\u043e\u043a\u0440\u044b\u0442\u0438\u0435 - \u043b\u0435\u0433\u043a\u043e \u0445\u0440\u0430\u043d\u0438\u0442\u044c \u0438 \u0442\u0440\u0430\u043d\u0441\u043f\u043e\u0440\u0442\u0438\u0440\u043e\u0432\u0430\u0442\u044c!\",\"breadcrumb\":{\"@id\":\"https:\\\/\\\/xstyle.md\\\/product\\\/skovorodka-robens-modoc-pan\\\/#breadcrumb\"},\"inLanguage\":\"ro-RO\",\"potentialAction\":[{\"@type\":\"ReadAction\",\"target\":[\"https:\\\/\\\/xstyle.md\\\/product\\\/skovorodka-robens-modoc-pan\\\/\"]}]},{\"@type\":\"ImageObject\",\"inLanguage\":\"ro-RO\",\"@id\":\"https:\\\/\\\/xstyle.md\\\/product\\\/skovorodka-robens-modoc-pan\\\/#primaryimage\",\"url\":\"https:\\\/\\\/xstyle.md\\\/wp-content\\\/uploads\\\/2022\\\/10\\\/robens-modoc-pan.jpeg\",\"contentUrl\":\"https:\\\/\\\/xstyle.md\\\/wp-content\\\/uploads\\\/2022\\\/10\\\/robens-modoc-pan.jpeg\",\"width\":1248,\"height\":1075,\"caption\":\"\u0421\u043a\u043e\u0432\u043e\u0440\u043e\u0434\u0430 Robens Modoc Pan \u0434\u043b\u044f \u0430\u043a\u0442\u0438\u0432\u043d\u043e\u0433\u043e \u043e\u0442\u0434\u044b\u0445\u0430 \u0442\u0443\u0440\u0438\u0441\u0442\u043e\u0432, \u043f\u043e\u0445\u043e\u0434\u043e\u0432, \u043a\u0435\u043c\u043f\u0438\u043d\u0433\u0430, \u043f\u0443\u0442\u0435\u0448\u0435\u0441\u0442\u0432\u0438\u0439 \u0438 \u043b\u044e\u0431\u043e\u0439 outdoor \u0430\u043a\u0442\u0438\u0432\u043d\u043e\u0441\u0442\u0438 \u0441 \u044d\u043a\u0438\u043f\u0438\u0440\u043e\u0432\u043a\u043e\u0439 \u0434\u043b\u044f \u0430\u043b\u044c\u043f\u0438\u043d\u0438\u0437\u043c\u0430 \u0438 \u0441\u043f\u043e\u0440\u0442\u0438\u0432\u043d\u043e\u0439 \u043e\u0434\u0435\u0436\u0434\u044b \u0434\u043b\u044f \u0430\u043a\u0442\u0438\u0432\u043d\u043e\u0433\u043e \u043e\u0431\u0440\u0430\u0437\u0430 \u0436\u0438\u0437\u043d\u0438\"},{\"@type\":\"BreadcrumbList\",\"@id\":\"https:\\\/\\\/xstyle.md\\\/product\\\/skovorodka-robens-modoc-pan\\\/#breadcrumb\",\"itemListElement\":[{\"@type\":\"ListItem\",\"position\":1,\"name\":\"\u0413\u043b\u0430\u0432\u043d\u0430\u044f \u0441\u0442\u0440\u0430\u043d\u0438\u0446\u0430\",\"item\":\"https:\\\/\\\/xstyle.md\\\/\"},{\"@type\":\"ListItem\",\"position\":2,\"name\":\"\u041c\u0430\u0433\u0430\u0437\u0438\u043d\",\"item\":\"https:\\\/\\\/xstyle.md\\\/shop\\\/\"},{\"@type\":\"ListItem\",\"position\":3,\"name\":\"\u0421\u043a\u043e\u0432\u043e\u0440\u043e\u0434\u043a\u0430 Robens Modoc Pan\"}]},{\"@type\":\"WebSite\",\"@id\":\"https:\\\/\\\/xstyle.md\\\/#website\",\"url\":\"https:\\\/\\\/xstyle.md\\\/\",\"name\":\"\u041c\u0430\u0433\u0430\u0437\u0438\u043d Xstyle\",\"description\":\"C\u043d\u0430\u0440\u044f\u0436\u0435\u043d\u0438\u0435 \u0434\u043b\u044f \u0442\u0443\u0440\u0438\u0437\u043c\u0430 \u0438 \u044d\u043a\u0441\u0442\u0440\u0435\u043c\u0430\u043b\u044c\u043d\u044b\u0445 \u0432\u0438\u0434\u043e\u0432 \u0441\u043f\u043e\u0440\u0442\u0430 \u0432 \u041c\u043e\u043b\u0434\u043e\u0432\u0435.. \u0426\u0435\u043d\u044b, \u0444\u043e\u0442\u043e, \u0445\u0430\u0440\u0430\u043a\u0442\u0435\u0440\u0438\u0441\u0442\u0438\u043a\u0438 \u0432 \u041c\u043e\u043b\u0434\u043e\u0432\u0435.\",\"publisher\":{\"@id\":\"https:\\\/\\\/xstyle.md\\\/#organization\"},\"alternateName\":\"X-Style\",\"potentialAction\":[{\"@type\":\"SearchAction\",\"target\":{\"@type\":\"EntryPoint\",\"urlTemplate\":\"https:\\\/\\\/xstyle.md\\\/?s={search_term_string}\"},\"query-input\":{\"@type\":\"PropertyValueSpecification\",\"valueRequired\":true,\"valueName\":\"search_term_string\"}}],\"inLanguage\":\"ro-RO\"},{\"@type\":\"Organization\",\"@id\":\"https:\\\/\\\/xstyle.md\\\/#organization\",\"name\":\"\u041c\u0430\u0433\u0430\u0437\u0438\u043d Xstyle\",\"alternateName\":\"x-style\",\"url\":\"https:\\\/\\\/xstyle.md\\\/\",\"logo\":{\"@type\":\"ImageObject\",\"inLanguage\":\"ro-RO\",\"@id\":\"https:\\\/\\\/xstyle.md\\\/#\\\/schema\\\/logo\\\/image\\\/\",\"url\":\"https:\\\/\\\/xstyle.md\\\/wp-content\\\/uploads\\\/2020\\\/06\\\/logoicon.svg\",\"contentUrl\":\"https:\\\/\\\/xstyle.md\\\/wp-content\\\/uploads\\\/2020\\\/06\\\/logoicon.svg\",\"caption\":\"\u041c\u0430\u0433\u0430\u0437\u0438\u043d Xstyle\"},\"image\":{\"@id\":\"https:\\\/\\\/xstyle.md\\\/#\\\/schema\\\/logo\\\/image\\\/\"},\"sameAs\":[\"https:\\\/\\\/www.facebook.com\\\/xstylemd\",\"https:\\\/\\\/www.instagram.com\\\/xstyle_md\\\/\",\"https:\\\/\\\/t.me\\\/xstyle_outdoor\"],\"hasMerchantReturnPolicy\":{\"@type\":\"MerchantReturnPolicy\",\"merchantReturnLink\":\"https:\\\/\\\/xstyle.md\\\/ro\\\/conditions\\\/\"}}]}<\/script>\n<meta property=\"product:price:amount\" content=\"560.00\" \/>\n<meta property=\"product:price:currency\" content=\"MDL\" \/>\n<meta property=\"og:availability\" content=\"instock\" \/>\n<meta property=\"product:availability\" content=\"instock\" \/>\n<meta property=\"product:retailer_item_id\" content=\"5709388106827\" \/>\n<meta property=\"product:condition\" content=\"new\" \/>\n<!-- \/ Yoast SEO plugin. -->","yoast_head_json":{"title":"\u0421\u043a\u043e\u0432\u043e\u0440\u043e\u0434\u043a\u0430 Robens Modoc Pan - \u041c\u0430\u0433\u0430\u0437\u0438\u043d Xstyle","description":"\u0421\u043a\u043e\u0432\u043e\u0440\u043e\u0434\u043a\u0430 Robens Modoc Pan \u0441 \u0441\u044a\u0451\u043c\u043d\u043e\u0439 \u0440\u0443\u0447\u043a\u043e\u0439 - \u0438\u0434\u0435\u0430\u043b\u044c\u043d\u0430 \u0434\u043b\u044f \u0433\u043e\u0442\u043e\u0432\u043a\u0438 \u043d\u0430 \u043e\u0442\u043a\u0440\u044b\u0442\u043e\u043c \u043e\u0433\u043d\u0435. \u041a\u0430\u0447\u0435\u0441\u0442\u0432\u0435\u043d\u043d\u043e\u0435 \u0447\u0443\u0433\u0443\u043d\u043d\u043e\u0435 \u043f\u043e\u043a\u0440\u044b\u0442\u0438\u0435 - \u043b\u0435\u0433\u043a\u043e \u0445\u0440\u0430\u043d\u0438\u0442\u044c \u0438 \u0442\u0440\u0430\u043d\u0441\u043f\u043e\u0440\u0442\u0438\u0440\u043e\u0432\u0430\u0442\u044c!","robots":{"index":"index","follow":"follow","max-snippet":"max-snippet:-1","max-image-preview":"max-image-preview:large","max-video-preview":"max-video-preview:-1"},"canonical":"https:\/\/xstyle.md\/ro\/produs\/skovorodka-robens-modoc-pan\/","og_locale":"ro_RO","og_type":"article","og_title":"\u0421\u043a\u043e\u0432\u043e\u0440\u043e\u0434\u043a\u0430 Robens Modoc Pan - \u041c\u0430\u0433\u0430\u0437\u0438\u043d Xstyle","og_description":"\u0421\u043a\u043e\u0432\u043e\u0440\u043e\u0434\u043a\u0430 Robens Modoc Pan \u0441 \u0441\u044a\u0451\u043c\u043d\u043e\u0439 \u0440\u0443\u0447\u043a\u043e\u0439 - \u0438\u0434\u0435\u0430\u043b\u044c\u043d\u0430 \u0434\u043b\u044f \u0433\u043e\u0442\u043e\u0432\u043a\u0438 \u043d\u0430 \u043e\u0442\u043a\u0440\u044b\u0442\u043e\u043c \u043e\u0433\u043d\u0435. \u041a\u0430\u0447\u0435\u0441\u0442\u0432\u0435\u043d\u043d\u043e\u0435 \u0447\u0443\u0433\u0443\u043d\u043d\u043e\u0435 \u043f\u043e\u043a\u0440\u044b\u0442\u0438\u0435 - \u043b\u0435\u0433\u043a\u043e \u0445\u0440\u0430\u043d\u0438\u0442\u044c \u0438 \u0442\u0440\u0430\u043d\u0441\u043f\u043e\u0440\u0442\u0438\u0440\u043e\u0432\u0430\u0442\u044c!","og_url":"https:\/\/xstyle.md\/ro\/produs\/skovorodka-robens-modoc-pan\/","og_site_name":"\u041c\u0430\u0433\u0430\u0437\u0438\u043d Xstyle","article_publisher":"https:\/\/www.facebook.com\/xstylemd","article_modified_time":"2026-03-19T13:49:56+00:00","og_image":[{"width":1248,"height":1075,"url":"https:\/\/xstyle.md\/wp-content\/uploads\/2022\/10\/robens-modoc-pan.jpeg","type":"image\/jpeg"}],"twitter_card":"summary_large_image","twitter_misc":{"Pre\u021b":"560&nbsp;MDL","Disponibilitate":"\u00cen stoc"},"schema":{"@context":"https:\/\/schema.org","@graph":[{"@type":"WebPage","@id":"https:\/\/xstyle.md\/product\/skovorodka-robens-modoc-pan\/","url":"https:\/\/xstyle.md\/product\/skovorodka-robens-modoc-pan\/","name":"\u0421\u043a\u043e\u0432\u043e\u0440\u043e\u0434\u043a\u0430 Robens Modoc Pan - \u041c\u0430\u0433\u0430\u0437\u0438\u043d Xstyle","isPartOf":{"@id":"https:\/\/xstyle.md\/#website"},"primaryImageOfPage":{"@id":"https:\/\/xstyle.md\/product\/skovorodka-robens-modoc-pan\/#primaryimage"},"image":{"@id":"https:\/\/xstyle.md\/product\/skovorodka-robens-modoc-pan\/#primaryimage"},"thumbnailUrl":"https:\/\/xstyle.md\/wp-content\/uploads\/2022\/10\/robens-modoc-pan.jpeg","datePublished":"2022-10-28T15:29:10+00:00","dateModified":"2026-03-19T13:49:56+00:00","description":"\u0421\u043a\u043e\u0432\u043e\u0440\u043e\u0434\u043a\u0430 Robens Modoc Pan \u0441 \u0441\u044a\u0451\u043c\u043d\u043e\u0439 \u0440\u0443\u0447\u043a\u043e\u0439 - \u0438\u0434\u0435\u0430\u043b\u044c\u043d\u0430 \u0434\u043b\u044f \u0433\u043e\u0442\u043e\u0432\u043a\u0438 \u043d\u0430 \u043e\u0442\u043a\u0440\u044b\u0442\u043e\u043c \u043e\u0433\u043d\u0435. \u041a\u0430\u0447\u0435\u0441\u0442\u0432\u0435\u043d\u043d\u043e\u0435 \u0447\u0443\u0433\u0443\u043d\u043d\u043e\u0435 \u043f\u043e\u043a\u0440\u044b\u0442\u0438\u0435 - \u043b\u0435\u0433\u043a\u043e \u0445\u0440\u0430\u043d\u0438\u0442\u044c \u0438 \u0442\u0440\u0430\u043d\u0441\u043f\u043e\u0440\u0442\u0438\u0440\u043e\u0432\u0430\u0442\u044c!","breadcrumb":{"@id":"https:\/\/xstyle.md\/product\/skovorodka-robens-modoc-pan\/#breadcrumb"},"inLanguage":"ro-RO","potentialAction":[{"@type":"ReadAction","target":["https:\/\/xstyle.md\/product\/skovorodka-robens-modoc-pan\/"]}]},{"@type":"ImageObject","inLanguage":"ro-RO","@id":"https:\/\/xstyle.md\/product\/skovorodka-robens-modoc-pan\/#primaryimage","url":"https:\/\/xstyle.md\/wp-content\/uploads\/2022\/10\/robens-modoc-pan.jpeg","contentUrl":"https:\/\/xstyle.md\/wp-content\/uploads\/2022\/10\/robens-modoc-pan.jpeg","width":1248,"height":1075,"caption":"\u0421\u043a\u043e\u0432\u043e\u0440\u043e\u0434\u0430 Robens Modoc Pan \u0434\u043b\u044f \u0430\u043a\u0442\u0438\u0432\u043d\u043e\u0433\u043e \u043e\u0442\u0434\u044b\u0445\u0430 \u0442\u0443\u0440\u0438\u0441\u0442\u043e\u0432, \u043f\u043e\u0445\u043e\u0434\u043e\u0432, \u043a\u0435\u043c\u043f\u0438\u043d\u0433\u0430, \u043f\u0443\u0442\u0435\u0448\u0435\u0441\u0442\u0432\u0438\u0439 \u0438 \u043b\u044e\u0431\u043e\u0439 outdoor \u0430\u043a\u0442\u0438\u0432\u043d\u043e\u0441\u0442\u0438 \u0441 \u044d\u043a\u0438\u043f\u0438\u0440\u043e\u0432\u043a\u043e\u0439 \u0434\u043b\u044f \u0430\u043b\u044c\u043f\u0438\u043d\u0438\u0437\u043c\u0430 \u0438 \u0441\u043f\u043e\u0440\u0442\u0438\u0432\u043d\u043e\u0439 \u043e\u0434\u0435\u0436\u0434\u044b \u0434\u043b\u044f \u0430\u043a\u0442\u0438\u0432\u043d\u043e\u0433\u043e \u043e\u0431\u0440\u0430\u0437\u0430 \u0436\u0438\u0437\u043d\u0438"},{"@type":"BreadcrumbList","@id":"https:\/\/xstyle.md\/product\/skovorodka-robens-modoc-pan\/#breadcrumb","itemListElement":[{"@type":"ListItem","position":1,"name":"\u0413\u043b\u0430\u0432\u043d\u0430\u044f \u0441\u0442\u0440\u0430\u043d\u0438\u0446\u0430","item":"https:\/\/xstyle.md\/"},{"@type":"ListItem","position":2,"name":"\u041c\u0430\u0433\u0430\u0437\u0438\u043d","item":"https:\/\/xstyle.md\/shop\/"},{"@type":"ListItem","position":3,"name":"\u0421\u043a\u043e\u0432\u043e\u0440\u043e\u0434\u043a\u0430 Robens Modoc Pan"}]},{"@type":"WebSite","@id":"https:\/\/xstyle.md\/#website","url":"https:\/\/xstyle.md\/","name":"Magazinul X-Style","description":"Echipamente pentru turism \u0219i sporturi extreme \u00een Moldova. Pre\u021buri, fotografii, caracteristici \u00een Moldova.","publisher":{"@id":"https:\/\/xstyle.md\/#organization"},"alternateName":"X-Style","potentialAction":[{"@type":"SearchAction","target":{"@type":"EntryPoint","urlTemplate":"https:\/\/xstyle.md\/?s={search_term_string}"},"query-input":{"@type":"PropertyValueSpecification","valueRequired":true,"valueName":"search_term_string"}}],"inLanguage":"ro-RO"},{"@type":"Organization","@id":"https:\/\/xstyle.md\/#organization","name":"Magazinul X-Style","alternateName":"x-style","url":"https:\/\/xstyle.md\/","logo":{"@type":"ImageObject","inLanguage":"ro-RO","@id":"https:\/\/xstyle.md\/#\/schema\/logo\/image\/","url":"https:\/\/xstyle.md\/wp-content\/uploads\/2020\/06\/logoicon.svg","contentUrl":"https:\/\/xstyle.md\/wp-content\/uploads\/2020\/06\/logoicon.svg","caption":"\u041c\u0430\u0433\u0430\u0437\u0438\u043d Xstyle"},"image":{"@id":"https:\/\/xstyle.md\/#\/schema\/logo\/image\/"},"sameAs":["https:\/\/www.facebook.com\/xstylemd","https:\/\/www.instagram.com\/xstyle_md\/","https:\/\/t.me\/xstyle_outdoor"],"hasMerchantReturnPolicy":{"@type":"MerchantReturnPolicy","merchantReturnLink":"https:\/\/xstyle.md\/ro\/conditions\/"}}]},"product_price_amount":"560.00","product_price_currency":"MDL","og_availability":"instock","product_availability":"instock","product_retailer_item_id":"5709388106827","product_condition":"new"},"_links":{"self":[{"href":"https:\/\/xstyle.md\/ro\/wp-json\/wp\/v2\/product\/57048","targetHints":{"allow":["GET"]}}],"collection":[{"href":"https:\/\/xstyle.md\/ro\/wp-json\/wp\/v2\/product"}],"about":[{"href":"https:\/\/xstyle.md\/ro\/wp-json\/wp\/v2\/types\/product"}],"replies":[{"embeddable":true,"href":"https:\/\/xstyle.md\/ro\/wp-json\/wp\/v2\/comments?post=57048"}],"wp:featuredmedia":[{"embeddable":true,"href":"https:\/\/xstyle.md\/ro\/wp-json\/wp\/v2\/media\/58193"}],"wp:attachment":[{"href":"https:\/\/xstyle.md\/ro\/wp-json\/wp\/v2\/media?parent=57048"}],"wp:term":[{"taxonomy":"product_brand","embeddable":true,"href":"https:\/\/xstyle.md\/ro\/wp-json\/wp\/v2\/product_brand?post=57048"},{"taxonomy":"product_cat","embeddable":true,"href":"https:\/\/xstyle.md\/ro\/wp-json\/wp\/v2\/product_cat?post=57048"},{"taxonomy":"product_tag","embeddable":true,"href":"https:\/\/xstyle.md\/ro\/wp-json\/wp\/v2\/product_tag?post=57048"}],"curies":[{"name":"wp","href":"https:\/\/api.w.org\/{rel}","templated":true}]}}