{"id":56826,"date":"2022-11-01T15:18:42","date_gmt":"2022-11-01T12:18:42","guid":{"rendered":"https:\/\/xstyle.md\/?post_type=product&#038;p=56826"},"modified":"2025-10-24T12:29:03","modified_gmt":"2025-10-24T09:29:03","slug":"gorelka-msr-windburner-group-system-cv2","status":"publish","type":"product","link":"https:\/\/xstyle.md\/ro\/produs\/gorelka-msr-windburner-group-system-cv2\/","title":{"rendered":"Arzator MSR WindBurner Group System CV2"},"content":{"rendered":"<\/p>\n<p><strong>MSR WindBurner Group System CV2<\/strong> &#8212; MSR Windburner este proiectat pentru 2-4 persoane. Butelia de gaz este conectat\u0103 la sistem printr-un furtun elastic \u00eentr-o \u00eempletitur\u0103 metalic\u0103, care, \u00eempreun\u0103 cu picioarele pliabile \u0219i late, are un efect pozitiv asupra stabilit\u0103\u021bii sistemului.<\/p>\n<p>Sistemul v\u0103 permite s\u0103 g\u0103ti\u021bi rapid \u0219i economic \u00een condi\u021bii de v\u00e2nt \u0219i frig. Ceainicul are un m\u00e2ner convenabil \u0219i este echipat cu un capac care are g\u0103uri pentru scurgerea lichidului, ceea ce poate fi util atunci c\u00e2nd g\u0103ti\u021bi. Toate componentele se potrivesc compact \u00een ceainic \u00een timpul transportului.<\/p>\n<h3>Particularit\u0103\u021bi<\/h3>\n<ul>\n<li>Arz\u0103torul, combinat cu un deflector de v\u00e2nt, va fierbe cu u\u0219urin\u021b\u0103 apa chiar \u0219i \u00een condi\u021bii meteorologice \u00een care alte arz\u0103toare refuz\u0103 s\u0103 func\u021bioneze.<\/li>\n<li>Schimb\u0103torul de c\u0103ldur\u0103 integrat \u00een oal\u0103 va face ca acest proces s\u0103 fie c\u00e2t mai rapid \u0219i mai economic posibil.<\/li>\n<li>Asamblarea\/demontarea u\u0219oar\u0103 a acestui sistem &#171;all-in-one&#187; dureaz\u0103 foarte pu\u021bin timp \u0219i ocup\u0103 foarte pu\u021bin spa\u021biu \u00een rucsacul dumneavoastr\u0103. O butelie IsoPro\u2122 standard de 227 de grame se potrive\u0219te \u00eentr-o oal\u0103 de un litru.<\/li>\n<li>M\u00e2ner Talon\u2122 deta\u0219abil.<\/li>\n<li>Capacul v\u0103 permite s\u0103 urm\u0103ri\u021bi \u00een mod convenabil scurgerea excesului de lichid.<\/li>\n<li>Acoperirea ceramic\u0103 durabil\u0103 protejeaz\u0103 \u00eempotriva lipirii \u0219i faciliteaz\u0103 cur\u0103\u021barea vasului de g\u0103tit.<\/li>\n<\/ul>\n<h3>Caracteristici<\/h3>\n<ul>\n<li>Puterea arz\u0103torului &#8212; 2050 W<\/li>\n<li>Greutate &#8212; 590 g<\/li>\n<li>Dimensiuni &#8212; 19,7 x 13,3 cm<\/li>\n<li>Timp de fierbere pentru 1 litru de ap\u0103 &#8212; 6,2 minute<\/li>\n<li>Timp de lucru pe o butelie de 227 g &#8212; 95 min<\/li>\n<li>Aprindere piezo &#8212; nu<\/li>\n<li>Tipul de combustibil utilizat &#8212; butelie filetat\u0103<\/li>\n<li>Material &#8212; aluminiu anodizat dur.<\/li>\n<\/ul>\n<h3>Marca<\/h3>\n<p>MSR este un cunoscut produc\u0103tor de articole sportive, care produce echipamente pentru alpini\u0219tii profesioni\u0219ti \u0219i pentru cei care prefer\u0103 activit\u0103\u021bile de agrement \u00een aer liber. Produsele sunt concepute pentru a face c\u00e2t mai u\u0219or posibil ca o persoan\u0103 s\u0103 r\u0103m\u00e2n\u0103 \u00een aer liber pentru perioade lungi de timp. Acestea sunt dispozitive universale care pot fi folosite at\u00e2t \u00eentr-o drume\u021bie obi\u0219nuit\u0103, c\u00e2t \u0219i \u00eentr-o expedi\u021bie complex\u0103.<\/p>\n<p><\/p>","protected":false},"excerpt":{"rendered":"","protected":false},"featured_media":58284,"comment_status":"open","ping_status":"closed","template":"","meta":{"_acf_changed":false,"inline_featured_image":false},"product_brand":[1279],"product_cat":[453],"product_tag":[],"class_list":{"0":"post-56826","1":"product","2":"type-product","3":"status-publish","4":"has-post-thumbnail","6":"product_brand-msr","7":"product_cat-jetboil","9":"first","10":"instock","11":"shipping-taxable","12":"purchasable","13":"product-type-simple"},"acf":[],"yoast_head":"<!-- This site is optimized with the Yoast SEO plugin v27.4 - https:\/\/yoast.com\/product\/yoast-seo-wordpress\/ -->\n<title>\u0413\u043e\u0440\u0435\u043b\u043a\u0430 MSR WindBurner Group System CV2 - \u041c\u0430\u0433\u0430\u0437\u0438\u043d Xstyle<\/title>\n<meta name=\"description\" content=\"\u0413\u043e\u0440\u0435\u043b\u043a\u0430 MSR WindBurner Group System CV2 - \u0438\u0434\u0435\u0430\u043b\u044c\u043d\u043e\u0435 \u0440\u0435\u0448\u0435\u043d\u0438\u0435 \u0434\u043b\u044f \u043f\u0440\u0438\u0433\u043e\u0442\u043e\u0432\u043b\u0435\u043d\u0438\u044f \u043f\u0438\u0449\u0438 \u043d\u0430 24 \u0447\u0435\u043b\u043e\u0432\u0435\u043a\u0430. \u0423\u0441\u0442\u043e\u0439\u0447\u0438\u0432\u044b\u0439, \u044d\u0444\u0444\u0435\u043a\u0442\u0438\u0432\u043d\u044b\u0439 \u0438 \u043d\u0430\u0434\u0435\u0436\u043d\u044b\u0439, \u0434\u043b\u044f \u0433\u0440\u0443\u043f\u043f\u043e\u0432\u044b\u0445 \u0432\u044b\u0435\u0437\u0434\u043e\u0432.\" \/>\n<meta name=\"robots\" content=\"index, follow, max-snippet:-1, max-image-preview:large, max-video-preview:-1\" \/>\n<link rel=\"canonical\" href=\"https:\/\/xstyle.md\/ro\/produs\/gorelka-msr-windburner-group-system-cv2\/\" \/>\n<meta property=\"og:locale\" content=\"ro_RO\" \/>\n<meta property=\"og:type\" content=\"article\" \/>\n<meta property=\"og:title\" content=\"\u0413\u043e\u0440\u0435\u043b\u043a\u0430 MSR WindBurner Group System CV2 - \u041c\u0430\u0433\u0430\u0437\u0438\u043d Xstyle\" \/>\n<meta property=\"og:description\" content=\"\u0413\u043e\u0440\u0435\u043b\u043a\u0430 MSR WindBurner Group System CV2 - \u0438\u0434\u0435\u0430\u043b\u044c\u043d\u043e\u0435 \u0440\u0435\u0448\u0435\u043d\u0438\u0435 \u0434\u043b\u044f \u043f\u0440\u0438\u0433\u043e\u0442\u043e\u0432\u043b\u0435\u043d\u0438\u044f \u043f\u0438\u0449\u0438 \u043d\u0430 24 \u0447\u0435\u043b\u043e\u0432\u0435\u043a\u0430. \u0423\u0441\u0442\u043e\u0439\u0447\u0438\u0432\u044b\u0439, \u044d\u0444\u0444\u0435\u043a\u0442\u0438\u0432\u043d\u044b\u0439 \u0438 \u043d\u0430\u0434\u0435\u0436\u043d\u044b\u0439, \u0434\u043b\u044f \u0433\u0440\u0443\u043f\u043f\u043e\u0432\u044b\u0445 \u0432\u044b\u0435\u0437\u0434\u043e\u0432.\" \/>\n<meta property=\"og:url\" content=\"https:\/\/xstyle.md\/ro\/produs\/gorelka-msr-windburner-group-system-cv2\/\" \/>\n<meta property=\"og:site_name\" content=\"\u041c\u0430\u0433\u0430\u0437\u0438\u043d Xstyle\" \/>\n<meta property=\"article:publisher\" content=\"https:\/\/www.facebook.com\/xstylemd\" \/>\n<meta property=\"article:modified_time\" content=\"2025-10-24T09:29:03+00:00\" \/>\n<meta property=\"og:image\" content=\"https:\/\/xstyle.md\/wp-content\/uploads\/2022\/11\/msr-windburner-group-system-cv2.png\" \/>\n\t<meta property=\"og:image:width\" content=\"932\" \/>\n\t<meta property=\"og:image:height\" content=\"670\" \/>\n\t<meta property=\"og:image:type\" content=\"image\/png\" \/>\n<meta name=\"twitter:card\" content=\"summary_large_image\" \/>\n<meta name=\"twitter:label1\" content=\"Pre\u021b\" \/>\n\t<meta name=\"twitter:data1\" content=\"5.490&nbsp;MDL\" \/>\n\t<meta name=\"twitter:label2\" content=\"Disponibilitate\" \/>\n\t<meta name=\"twitter:data2\" content=\"\u00cen stoc\" \/>\n<script type=\"application\/ld+json\" class=\"yoast-schema-graph\">{\"@context\":\"https:\\\/\\\/schema.org\",\"@graph\":[{\"@type\":\"WebPage\",\"@id\":\"https:\\\/\\\/xstyle.md\\\/product\\\/gorelka-msr-windburner-group-system-cv2\\\/\",\"url\":\"https:\\\/\\\/xstyle.md\\\/product\\\/gorelka-msr-windburner-group-system-cv2\\\/\",\"name\":\"\u0413\u043e\u0440\u0435\u043b\u043a\u0430 MSR WindBurner Group System CV2 - \u041c\u0430\u0433\u0430\u0437\u0438\u043d Xstyle\",\"isPartOf\":{\"@id\":\"https:\\\/\\\/xstyle.md\\\/#website\"},\"primaryImageOfPage\":{\"@id\":\"https:\\\/\\\/xstyle.md\\\/product\\\/gorelka-msr-windburner-group-system-cv2\\\/#primaryimage\"},\"image\":{\"@id\":\"https:\\\/\\\/xstyle.md\\\/product\\\/gorelka-msr-windburner-group-system-cv2\\\/#primaryimage\"},\"thumbnailUrl\":\"https:\\\/\\\/xstyle.md\\\/wp-content\\\/uploads\\\/2022\\\/11\\\/msr-windburner-group-system-cv2.png\",\"datePublished\":\"2022-11-01T12:18:42+00:00\",\"dateModified\":\"2025-10-24T09:29:03+00:00\",\"description\":\"\u0413\u043e\u0440\u0435\u043b\u043a\u0430 MSR WindBurner Group System CV2 - \u0438\u0434\u0435\u0430\u043b\u044c\u043d\u043e\u0435 \u0440\u0435\u0448\u0435\u043d\u0438\u0435 \u0434\u043b\u044f \u043f\u0440\u0438\u0433\u043e\u0442\u043e\u0432\u043b\u0435\u043d\u0438\u044f \u043f\u0438\u0449\u0438 \u043d\u0430 24 \u0447\u0435\u043b\u043e\u0432\u0435\u043a\u0430. \u0423\u0441\u0442\u043e\u0439\u0447\u0438\u0432\u044b\u0439, \u044d\u0444\u0444\u0435\u043a\u0442\u0438\u0432\u043d\u044b\u0439 \u0438 \u043d\u0430\u0434\u0435\u0436\u043d\u044b\u0439, \u0434\u043b\u044f \u0433\u0440\u0443\u043f\u043f\u043e\u0432\u044b\u0445 \u0432\u044b\u0435\u0437\u0434\u043e\u0432.\",\"breadcrumb\":{\"@id\":\"https:\\\/\\\/xstyle.md\\\/product\\\/gorelka-msr-windburner-group-system-cv2\\\/#breadcrumb\"},\"inLanguage\":\"ro-RO\",\"potentialAction\":[{\"@type\":\"ReadAction\",\"target\":[\"https:\\\/\\\/xstyle.md\\\/product\\\/gorelka-msr-windburner-group-system-cv2\\\/\"]}]},{\"@type\":\"ImageObject\",\"inLanguage\":\"ro-RO\",\"@id\":\"https:\\\/\\\/xstyle.md\\\/product\\\/gorelka-msr-windburner-group-system-cv2\\\/#primaryimage\",\"url\":\"https:\\\/\\\/xstyle.md\\\/wp-content\\\/uploads\\\/2022\\\/11\\\/msr-windburner-group-system-cv2.png\",\"contentUrl\":\"https:\\\/\\\/xstyle.md\\\/wp-content\\\/uploads\\\/2022\\\/11\\\/msr-windburner-group-system-cv2.png\",\"width\":932,\"height\":670,\"caption\":\"\u041a\u043e\u043c\u043f\u043b\u0435\u043a\u0442 \u0433\u043e\u0440\u0435\u043b\u043a\u0438 MSR WindBurner Group System \u0434\u043b\u044f \u0430\u043a\u0442\u0438\u0432\u043d\u043e\u0433\u043e \u043e\u0442\u0434\u044b\u0445\u0430, \u043f\u043e\u0445\u043e\u0434\u043e\u0432 \u0438 \u043f\u0443\u0442\u0435\u0448\u0435\u0441\u0442\u0432\u0438\u0439 \u0432 \u0438\u043d\u0442\u0435\u0440\u043d\u0435\u0442-\u043c\u0430\u0433\u0430\u0437\u0438\u043d\u0435 \u0441 \u043e\u0434\u0435\u0436\u0434\u043e\u0439 \u0438 \u043e\u0431\u0443\u0432\u044c\u044e \u0434\u043b\u044f \u0442\u0443\u0440\u0438\u0437\u043c\u0430, \u0445\u0430\u0439\u043a\u0438\u043d\u0433\u0430 \u0438 \u0430\u043b\u044c\u043f\u0438\u043d\u0438\u0437\u043c\u0430\"},{\"@type\":\"BreadcrumbList\",\"@id\":\"https:\\\/\\\/xstyle.md\\\/product\\\/gorelka-msr-windburner-group-system-cv2\\\/#breadcrumb\",\"itemListElement\":[{\"@type\":\"ListItem\",\"position\":1,\"name\":\"\u0413\u043b\u0430\u0432\u043d\u0430\u044f \u0441\u0442\u0440\u0430\u043d\u0438\u0446\u0430\",\"item\":\"https:\\\/\\\/xstyle.md\\\/\"},{\"@type\":\"ListItem\",\"position\":2,\"name\":\"\u041c\u0430\u0433\u0430\u0437\u0438\u043d\",\"item\":\"https:\\\/\\\/xstyle.md\\\/shop\\\/\"},{\"@type\":\"ListItem\",\"position\":3,\"name\":\"\u0413\u043e\u0440\u0435\u043b\u043a\u0430 MSR WindBurner Group System CV2\"}]},{\"@type\":\"WebSite\",\"@id\":\"https:\\\/\\\/xstyle.md\\\/#website\",\"url\":\"https:\\\/\\\/xstyle.md\\\/\",\"name\":\"\u041c\u0430\u0433\u0430\u0437\u0438\u043d Xstyle\",\"description\":\"C\u043d\u0430\u0440\u044f\u0436\u0435\u043d\u0438\u0435 \u0434\u043b\u044f \u0442\u0443\u0440\u0438\u0437\u043c\u0430 \u0438 \u044d\u043a\u0441\u0442\u0440\u0435\u043c\u0430\u043b\u044c\u043d\u044b\u0445 \u0432\u0438\u0434\u043e\u0432 \u0441\u043f\u043e\u0440\u0442\u0430 \u0432 \u041c\u043e\u043b\u0434\u043e\u0432\u0435.. \u0426\u0435\u043d\u044b, \u0444\u043e\u0442\u043e, \u0445\u0430\u0440\u0430\u043a\u0442\u0435\u0440\u0438\u0441\u0442\u0438\u043a\u0438 \u0432 \u041c\u043e\u043b\u0434\u043e\u0432\u0435.\",\"publisher\":{\"@id\":\"https:\\\/\\\/xstyle.md\\\/#organization\"},\"alternateName\":\"X-Style\",\"potentialAction\":[{\"@type\":\"SearchAction\",\"target\":{\"@type\":\"EntryPoint\",\"urlTemplate\":\"https:\\\/\\\/xstyle.md\\\/?s={search_term_string}\"},\"query-input\":{\"@type\":\"PropertyValueSpecification\",\"valueRequired\":true,\"valueName\":\"search_term_string\"}}],\"inLanguage\":\"ro-RO\"},{\"@type\":\"Organization\",\"@id\":\"https:\\\/\\\/xstyle.md\\\/#organization\",\"name\":\"\u041c\u0430\u0433\u0430\u0437\u0438\u043d Xstyle\",\"alternateName\":\"x-style\",\"url\":\"https:\\\/\\\/xstyle.md\\\/\",\"logo\":{\"@type\":\"ImageObject\",\"inLanguage\":\"ro-RO\",\"@id\":\"https:\\\/\\\/xstyle.md\\\/#\\\/schema\\\/logo\\\/image\\\/\",\"url\":\"https:\\\/\\\/xstyle.md\\\/wp-content\\\/uploads\\\/2020\\\/06\\\/logoicon.svg\",\"contentUrl\":\"https:\\\/\\\/xstyle.md\\\/wp-content\\\/uploads\\\/2020\\\/06\\\/logoicon.svg\",\"caption\":\"\u041c\u0430\u0433\u0430\u0437\u0438\u043d Xstyle\"},\"image\":{\"@id\":\"https:\\\/\\\/xstyle.md\\\/#\\\/schema\\\/logo\\\/image\\\/\"},\"sameAs\":[\"https:\\\/\\\/www.facebook.com\\\/xstylemd\",\"https:\\\/\\\/www.instagram.com\\\/xstyle_md\\\/\",\"https:\\\/\\\/t.me\\\/xstyle_outdoor\"],\"hasMerchantReturnPolicy\":{\"@type\":\"MerchantReturnPolicy\",\"merchantReturnLink\":\"https:\\\/\\\/xstyle.md\\\/ro\\\/conditions\\\/\"}}]}<\/script>\n<meta property=\"product:price:amount\" content=\"5490.00\" \/>\n<meta property=\"product:price:currency\" content=\"MDL\" \/>\n<meta property=\"og:availability\" content=\"instock\" \/>\n<meta property=\"product:availability\" content=\"instock\" \/>\n<meta property=\"product:retailer_item_id\" content=\"2000990054043\" \/>\n<meta property=\"product:condition\" content=\"new\" \/>\n<!-- \/ Yoast SEO plugin. -->","yoast_head_json":{"title":"Arzator MSR WindBurner Group System CV2 - Magazin Xstyle","description":"Aragazul MSR WindBurner Group System CV2 - solu\u021bia perfect\u0103 pentru g\u0103tit pentru 24 de persoane. Stabil, eficient \u0219i de \u00eencredere, ideal pentru ie\u0219iri de grup.","robots":{"index":"index","follow":"follow","max-snippet":"max-snippet:-1","max-image-preview":"max-image-preview:large","max-video-preview":"max-video-preview:-1"},"canonical":"https:\/\/xstyle.md\/ro\/produs\/gorelka-msr-windburner-group-system-cv2\/","og_locale":"ro_RO","og_type":"article","og_title":"\u0413\u043e\u0440\u0435\u043b\u043a\u0430 MSR WindBurner Group System CV2 - \u041c\u0430\u0433\u0430\u0437\u0438\u043d Xstyle","og_description":"\u0413\u043e\u0440\u0435\u043b\u043a\u0430 MSR WindBurner Group System CV2 - \u0438\u0434\u0435\u0430\u043b\u044c\u043d\u043e\u0435 \u0440\u0435\u0448\u0435\u043d\u0438\u0435 \u0434\u043b\u044f \u043f\u0440\u0438\u0433\u043e\u0442\u043e\u0432\u043b\u0435\u043d\u0438\u044f \u043f\u0438\u0449\u0438 \u043d\u0430 24 \u0447\u0435\u043b\u043e\u0432\u0435\u043a\u0430. \u0423\u0441\u0442\u043e\u0439\u0447\u0438\u0432\u044b\u0439, \u044d\u0444\u0444\u0435\u043a\u0442\u0438\u0432\u043d\u044b\u0439 \u0438 \u043d\u0430\u0434\u0435\u0436\u043d\u044b\u0439, \u0434\u043b\u044f \u0433\u0440\u0443\u043f\u043f\u043e\u0432\u044b\u0445 \u0432\u044b\u0435\u0437\u0434\u043e\u0432.","og_url":"https:\/\/xstyle.md\/ro\/produs\/gorelka-msr-windburner-group-system-cv2\/","og_site_name":"\u041c\u0430\u0433\u0430\u0437\u0438\u043d Xstyle","article_publisher":"https:\/\/www.facebook.com\/xstylemd","article_modified_time":"2025-10-24T09:29:03+00:00","og_image":[{"width":932,"height":670,"url":"https:\/\/xstyle.md\/wp-content\/uploads\/2022\/11\/msr-windburner-group-system-cv2.png","type":"image\/png"}],"twitter_card":"summary_large_image","twitter_misc":{"Pre\u021b":"5.490&nbsp;MDL","Disponibilitate":"\u00cen stoc"},"schema":{"@context":"https:\/\/schema.org","@graph":[{"@type":"WebPage","@id":"https:\/\/xstyle.md\/product\/gorelka-msr-windburner-group-system-cv2\/","url":"https:\/\/xstyle.md\/product\/gorelka-msr-windburner-group-system-cv2\/","name":"Arzator MSR WindBurner Group System CV2 - Magazin Xstyle","isPartOf":{"@id":"https:\/\/xstyle.md\/#website"},"primaryImageOfPage":{"@id":"https:\/\/xstyle.md\/product\/gorelka-msr-windburner-group-system-cv2\/#primaryimage"},"image":{"@id":"https:\/\/xstyle.md\/product\/gorelka-msr-windburner-group-system-cv2\/#primaryimage"},"thumbnailUrl":"https:\/\/xstyle.md\/wp-content\/uploads\/2022\/11\/msr-windburner-group-system-cv2.png","datePublished":"2022-11-01T12:18:42+00:00","dateModified":"2025-10-24T09:29:03+00:00","description":"Aragazul MSR WindBurner Group System CV2 - solu\u021bia perfect\u0103 pentru g\u0103tit pentru 24 de persoane. Stabil, eficient \u0219i de \u00eencredere, ideal pentru ie\u0219iri de grup.","breadcrumb":{"@id":"https:\/\/xstyle.md\/product\/gorelka-msr-windburner-group-system-cv2\/#breadcrumb"},"inLanguage":"ro-RO","potentialAction":[{"@type":"ReadAction","target":["https:\/\/xstyle.md\/product\/gorelka-msr-windburner-group-system-cv2\/"]}]},{"@type":"ImageObject","inLanguage":"ro-RO","@id":"https:\/\/xstyle.md\/product\/gorelka-msr-windburner-group-system-cv2\/#primaryimage","url":"https:\/\/xstyle.md\/wp-content\/uploads\/2022\/11\/msr-windburner-group-system-cv2.png","contentUrl":"https:\/\/xstyle.md\/wp-content\/uploads\/2022\/11\/msr-windburner-group-system-cv2.png","width":932,"height":670,"caption":"\u041a\u043e\u043c\u043f\u043b\u0435\u043a\u0442 \u0433\u043e\u0440\u0435\u043b\u043a\u0438 MSR WindBurner Group System \u0434\u043b\u044f \u0430\u043a\u0442\u0438\u0432\u043d\u043e\u0433\u043e \u043e\u0442\u0434\u044b\u0445\u0430, \u043f\u043e\u0445\u043e\u0434\u043e\u0432 \u0438 \u043f\u0443\u0442\u0435\u0448\u0435\u0441\u0442\u0432\u0438\u0439 \u0432 \u0438\u043d\u0442\u0435\u0440\u043d\u0435\u0442-\u043c\u0430\u0433\u0430\u0437\u0438\u043d\u0435 \u0441 \u043e\u0434\u0435\u0436\u0434\u043e\u0439 \u0438 \u043e\u0431\u0443\u0432\u044c\u044e \u0434\u043b\u044f \u0442\u0443\u0440\u0438\u0437\u043c\u0430, \u0445\u0430\u0439\u043a\u0438\u043d\u0433\u0430 \u0438 \u0430\u043b\u044c\u043f\u0438\u043d\u0438\u0437\u043c\u0430"},{"@type":"BreadcrumbList","@id":"https:\/\/xstyle.md\/product\/gorelka-msr-windburner-group-system-cv2\/#breadcrumb","itemListElement":[{"@type":"ListItem","position":1,"name":"\u0413\u043b\u0430\u0432\u043d\u0430\u044f \u0441\u0442\u0440\u0430\u043d\u0438\u0446\u0430","item":"https:\/\/xstyle.md\/"},{"@type":"ListItem","position":2,"name":"\u041c\u0430\u0433\u0430\u0437\u0438\u043d","item":"https:\/\/xstyle.md\/shop\/"},{"@type":"ListItem","position":3,"name":"\u0413\u043e\u0440\u0435\u043b\u043a\u0430 MSR WindBurner Group System CV2"}]},{"@type":"WebSite","@id":"https:\/\/xstyle.md\/#website","url":"https:\/\/xstyle.md\/","name":"Magazinul X-Style","description":"Echipamente pentru turism \u0219i sporturi extreme \u00een Moldova. Pre\u021buri, fotografii, caracteristici \u00een Moldova.","publisher":{"@id":"https:\/\/xstyle.md\/#organization"},"alternateName":"X-Style","potentialAction":[{"@type":"SearchAction","target":{"@type":"EntryPoint","urlTemplate":"https:\/\/xstyle.md\/?s={search_term_string}"},"query-input":{"@type":"PropertyValueSpecification","valueRequired":true,"valueName":"search_term_string"}}],"inLanguage":"ro-RO"},{"@type":"Organization","@id":"https:\/\/xstyle.md\/#organization","name":"Magazinul X-Style","alternateName":"x-style","url":"https:\/\/xstyle.md\/","logo":{"@type":"ImageObject","inLanguage":"ro-RO","@id":"https:\/\/xstyle.md\/#\/schema\/logo\/image\/","url":"https:\/\/xstyle.md\/wp-content\/uploads\/2020\/06\/logoicon.svg","contentUrl":"https:\/\/xstyle.md\/wp-content\/uploads\/2020\/06\/logoicon.svg","caption":"\u041c\u0430\u0433\u0430\u0437\u0438\u043d Xstyle"},"image":{"@id":"https:\/\/xstyle.md\/#\/schema\/logo\/image\/"},"sameAs":["https:\/\/www.facebook.com\/xstylemd","https:\/\/www.instagram.com\/xstyle_md\/","https:\/\/t.me\/xstyle_outdoor"],"hasMerchantReturnPolicy":{"@type":"MerchantReturnPolicy","merchantReturnLink":"https:\/\/xstyle.md\/ro\/conditions\/"}}]},"product_price_amount":"5490.00","product_price_currency":"MDL","og_availability":"instock","product_availability":"instock","product_retailer_item_id":"2000990054043","product_condition":"new"},"_links":{"self":[{"href":"https:\/\/xstyle.md\/ro\/wp-json\/wp\/v2\/product\/56826","targetHints":{"allow":["GET"]}}],"collection":[{"href":"https:\/\/xstyle.md\/ro\/wp-json\/wp\/v2\/product"}],"about":[{"href":"https:\/\/xstyle.md\/ro\/wp-json\/wp\/v2\/types\/product"}],"replies":[{"embeddable":true,"href":"https:\/\/xstyle.md\/ro\/wp-json\/wp\/v2\/comments?post=56826"}],"wp:featuredmedia":[{"embeddable":true,"href":"https:\/\/xstyle.md\/ro\/wp-json\/wp\/v2\/media\/58284"}],"wp:attachment":[{"href":"https:\/\/xstyle.md\/ro\/wp-json\/wp\/v2\/media?parent=56826"}],"wp:term":[{"taxonomy":"product_brand","embeddable":true,"href":"https:\/\/xstyle.md\/ro\/wp-json\/wp\/v2\/product_brand?post=56826"},{"taxonomy":"product_cat","embeddable":true,"href":"https:\/\/xstyle.md\/ro\/wp-json\/wp\/v2\/product_cat?post=56826"},{"taxonomy":"product_tag","embeddable":true,"href":"https:\/\/xstyle.md\/ro\/wp-json\/wp\/v2\/product_tag?post=56826"}],"curies":[{"name":"wp","href":"https:\/\/api.w.org\/{rel}","templated":true}]}}