{"id":5606,"date":"2020-07-16T20:46:22","date_gmt":"2020-07-16T17:46:22","guid":{"rendered":"https:\/\/xstyle.md\/product\/shtativ-gopro-tripod-mount-trepied-abqrt-002"},"modified":"2025-11-27T17:48:40","modified_gmt":"2025-11-27T14:48:40","slug":"shtativ-gopro-tripod-mount-trepied-abqrt-002","status":"publish","type":"product","link":"https:\/\/xstyle.md\/ro\/produs\/shtativ-gopro-tripod-mount-trepied-abqrt-002\/","title":{"rendered":"Tripod GoPro Tripod Mounts (ABQRT-002)"},"content":{"rendered":"<\/p>\n<p>Fixeaza-ti cu u\u0219urin\u021b\u0103 camera GoPro de orice trepied standard folosind acest adaptor.<\/p>\n<p>Necesitatea de a filma cu trepied apare atunci c&acirc;nd trebuie s\u0103 efectua\u021bia foto \u0219i video statice, timelapse sau &icirc;nregistrare utiliz&acirc;nd un filtru macro pentru GoPro, precum \u0219i &icirc;n multe alte cazuri. Pachetul con\u021bine \u0219i un mini trepied care se poate ata\u0219a direct la carcasa camerei GoPro.<\/p>\n<p><strong>Caracteristici:<\/strong><\/p>\n<ul>\n<li>Mini trepiedul este comod de utilizat pe o suprafa\u021b\u0103 plan\u0103 &icirc;n condi\u021bii de spa\u021biu limitat.<\/li>\n<li>&Icirc;n\u0103l\u021bimea trepiedului &icirc;n form\u0103 pliat\u0103 este de 13 cm.<\/li>\n<li>Un adaptor 1\/4 v\u0103 va ajuta s\u0103 instala\u021bi camera de ac\u021biune pe orice trepied de dimensiune complet\u0103.<\/li>\n<li>Accesoriu cu fixare deta\u0219abil\u0103 rapid\u0103 v\u0103 va permite s\u0103 fixa\u021bi \u0219i &icirc;ndep\u0103rta\u021bi rapid camera foto de ac\u021biune, s\u0103 o muta\u021bi &icirc;ntre diferite dispozitive de fixare, f\u0103r\u0103 a derula \u0219urubul.<\/li>\n<li>Are dou\u0103 g\u0103uri &#8212; pentru un trepied standard cu filet 1\/4 \u0219i pentru un suport pentru microfon cu filet 3\/8.<\/li>\n<\/ul>\n<p><strong>Pachetul con\u021bine:<\/strong><\/p>\n<ul>\n<li>Adaptor trepied<\/li>\n<li>Adaptor trepied de tip Quick Release<\/li>\n<li>Mini trepied<\/li>\n<\/ul>\n<p><\/p>","protected":false},"excerpt":{"rendered":"<p>\u041a\u0440\u0435\u043f\u043b\u0435\u043d\u0438\u044f \u043d\u0430 \u0448\u0442\u0430\u0442\u0438\u0432 GoPro Tripod Mount + Tripod (ABQRT-002)<\/p>","protected":false},"featured_media":5605,"comment_status":"open","ping_status":"closed","template":"","meta":{"_acf_changed":false,"inline_featured_image":false},"product_brand":[1307],"product_cat":[866],"product_tag":[],"class_list":{"0":"post-5606","1":"product","2":"type-product","3":"status-publish","4":"has-post-thumbnail","6":"product_brand-gopro","7":"product_cat-mounting","9":"first","10":"instock","11":"shipping-taxable","12":"purchasable","13":"product-type-simple"},"acf":[],"yoast_head":"<!-- This site is optimized with the Yoast SEO plugin v27.4 - https:\/\/yoast.com\/product\/yoast-seo-wordpress\/ -->\n<title>\u0428\u0442\u0430\u0442\u0438\u0432 GoPro Tripod Mounts (ABQRT-002) - \u041c\u0430\u0433\u0430\u0437\u0438\u043d Xstyle<\/title>\n<meta name=\"description\" content=\"\u041a\u0440\u0435\u043f\u043b\u0435\u043d\u0438\u044f \u043d\u0430 \u0448\u0442\u0430\u0442\u0438\u0432 GoPro Tripod Mount + \u043c\u0438\u043d\u0438-\u0442\u0440\u0435\u043f\u0435\u0434 \u0434\u043b\u044f \u0441\u0442\u0430\u0442\u0438\u0447\u043d\u044b\u0445 \u0441\u044a\u0435\u043c\u043e\u043a, \u0442\u0430\u0439\u043c\u043b\u0430\u043f\u0441\u043e\u0432 \u0438 \u043c\u0430\u043a\u0440\u043e\u0441\u044a\u0435\u043c\u043a\u0438. \u041b\u0435\u0433\u043a\u043e \u043a\u0440\u0435\u043f\u0438\u0442\u0435 GoPro \u043a \u043b\u044e\u0431\u043e\u043c\u0443 \u0448\u0442\u0430\u0442\u0438\u0432\u0443!\" \/>\n<meta name=\"robots\" content=\"index, follow, max-snippet:-1, max-image-preview:large, max-video-preview:-1\" \/>\n<link rel=\"canonical\" href=\"https:\/\/xstyle.md\/ro\/produs\/shtativ-gopro-tripod-mount-trepied-abqrt-002\/\" \/>\n<meta property=\"og:locale\" content=\"ro_RO\" \/>\n<meta property=\"og:type\" content=\"article\" \/>\n<meta property=\"og:title\" content=\"\u0428\u0442\u0430\u0442\u0438\u0432 GoPro Tripod Mounts (ABQRT-002) - \u041c\u0430\u0433\u0430\u0437\u0438\u043d Xstyle\" \/>\n<meta property=\"og:description\" content=\"\u041a\u0440\u0435\u043f\u043b\u0435\u043d\u0438\u044f \u043d\u0430 \u0448\u0442\u0430\u0442\u0438\u0432 GoPro Tripod Mount + \u043c\u0438\u043d\u0438-\u0442\u0440\u0435\u043f\u0435\u0434 \u0434\u043b\u044f \u0441\u0442\u0430\u0442\u0438\u0447\u043d\u044b\u0445 \u0441\u044a\u0435\u043c\u043e\u043a, \u0442\u0430\u0439\u043c\u043b\u0430\u043f\u0441\u043e\u0432 \u0438 \u043c\u0430\u043a\u0440\u043e\u0441\u044a\u0435\u043c\u043a\u0438. \u041b\u0435\u0433\u043a\u043e \u043a\u0440\u0435\u043f\u0438\u0442\u0435 GoPro \u043a \u043b\u044e\u0431\u043e\u043c\u0443 \u0448\u0442\u0430\u0442\u0438\u0432\u0443!\" \/>\n<meta property=\"og:url\" content=\"https:\/\/xstyle.md\/ro\/produs\/shtativ-gopro-tripod-mount-trepied-abqrt-002\/\" \/>\n<meta property=\"og:site_name\" content=\"\u041c\u0430\u0433\u0430\u0437\u0438\u043d Xstyle\" \/>\n<meta property=\"article:publisher\" content=\"https:\/\/www.facebook.com\/xstylemd\" \/>\n<meta property=\"article:modified_time\" content=\"2025-11-27T14:48:40+00:00\" \/>\n<meta property=\"og:image\" content=\"https:\/\/xstyle.md\/wp-content\/uploads\/2020\/07\/abqrt-002_main2-scaled.jpg\" \/>\n\t<meta property=\"og:image:width\" content=\"1920\" \/>\n\t<meta property=\"og:image:height\" content=\"1021\" \/>\n\t<meta property=\"og:image:type\" content=\"image\/jpeg\" \/>\n<meta name=\"twitter:card\" content=\"summary_large_image\" \/>\n<meta name=\"twitter:label1\" content=\"Pre\u021b\" \/>\n\t<meta name=\"twitter:data1\" content=\"790&nbsp;MDL\" \/>\n\t<meta name=\"twitter:label2\" content=\"Disponibilitate\" \/>\n\t<meta name=\"twitter:data2\" content=\"\u00cen stoc\" \/>\n<script type=\"application\/ld+json\" class=\"yoast-schema-graph\">{\"@context\":\"https:\\\/\\\/schema.org\",\"@graph\":[{\"@type\":\"WebPage\",\"@id\":\"https:\\\/\\\/xstyle.md\\\/product\\\/shtativ-gopro-tripod-mount-trepied-abqrt-002\\\/\",\"url\":\"https:\\\/\\\/xstyle.md\\\/product\\\/shtativ-gopro-tripod-mount-trepied-abqrt-002\\\/\",\"name\":\"\u0428\u0442\u0430\u0442\u0438\u0432 GoPro Tripod Mounts (ABQRT-002) - \u041c\u0430\u0433\u0430\u0437\u0438\u043d Xstyle\",\"isPartOf\":{\"@id\":\"https:\\\/\\\/xstyle.md\\\/#website\"},\"primaryImageOfPage\":{\"@id\":\"https:\\\/\\\/xstyle.md\\\/product\\\/shtativ-gopro-tripod-mount-trepied-abqrt-002\\\/#primaryimage\"},\"image\":{\"@id\":\"https:\\\/\\\/xstyle.md\\\/product\\\/shtativ-gopro-tripod-mount-trepied-abqrt-002\\\/#primaryimage\"},\"thumbnailUrl\":\"https:\\\/\\\/xstyle.md\\\/wp-content\\\/uploads\\\/2020\\\/07\\\/abqrt-002_main2-scaled.jpg\",\"datePublished\":\"2020-07-16T17:46:22+00:00\",\"dateModified\":\"2025-11-27T14:48:40+00:00\",\"description\":\"\u041a\u0440\u0435\u043f\u043b\u0435\u043d\u0438\u044f \u043d\u0430 \u0448\u0442\u0430\u0442\u0438\u0432 GoPro Tripod Mount + \u043c\u0438\u043d\u0438-\u0442\u0440\u0435\u043f\u0435\u0434 \u0434\u043b\u044f \u0441\u0442\u0430\u0442\u0438\u0447\u043d\u044b\u0445 \u0441\u044a\u0435\u043c\u043e\u043a, \u0442\u0430\u0439\u043c\u043b\u0430\u043f\u0441\u043e\u0432 \u0438 \u043c\u0430\u043a\u0440\u043e\u0441\u044a\u0435\u043c\u043a\u0438. \u041b\u0435\u0433\u043a\u043e \u043a\u0440\u0435\u043f\u0438\u0442\u0435 GoPro \u043a \u043b\u044e\u0431\u043e\u043c\u0443 \u0448\u0442\u0430\u0442\u0438\u0432\u0443!\",\"breadcrumb\":{\"@id\":\"https:\\\/\\\/xstyle.md\\\/product\\\/shtativ-gopro-tripod-mount-trepied-abqrt-002\\\/#breadcrumb\"},\"inLanguage\":\"ro-RO\",\"potentialAction\":[{\"@type\":\"ReadAction\",\"target\":[\"https:\\\/\\\/xstyle.md\\\/product\\\/shtativ-gopro-tripod-mount-trepied-abqrt-002\\\/\"]}]},{\"@type\":\"ImageObject\",\"inLanguage\":\"ro-RO\",\"@id\":\"https:\\\/\\\/xstyle.md\\\/product\\\/shtativ-gopro-tripod-mount-trepied-abqrt-002\\\/#primaryimage\",\"url\":\"https:\\\/\\\/xstyle.md\\\/wp-content\\\/uploads\\\/2020\\\/07\\\/abqrt-002_main2-scaled.jpg\",\"contentUrl\":\"https:\\\/\\\/xstyle.md\\\/wp-content\\\/uploads\\\/2020\\\/07\\\/abqrt-002_main2-scaled.jpg\",\"width\":1920,\"height\":1021},{\"@type\":\"BreadcrumbList\",\"@id\":\"https:\\\/\\\/xstyle.md\\\/product\\\/shtativ-gopro-tripod-mount-trepied-abqrt-002\\\/#breadcrumb\",\"itemListElement\":[{\"@type\":\"ListItem\",\"position\":1,\"name\":\"\u0413\u043b\u0430\u0432\u043d\u0430\u044f \u0441\u0442\u0440\u0430\u043d\u0438\u0446\u0430\",\"item\":\"https:\\\/\\\/xstyle.md\\\/\"},{\"@type\":\"ListItem\",\"position\":2,\"name\":\"\u041c\u0430\u0433\u0430\u0437\u0438\u043d\",\"item\":\"https:\\\/\\\/xstyle.md\\\/shop\\\/\"},{\"@type\":\"ListItem\",\"position\":3,\"name\":\"\u0428\u0442\u0430\u0442\u0438\u0432 GoPro Tripod Mounts (ABQRT-002)\"}]},{\"@type\":\"WebSite\",\"@id\":\"https:\\\/\\\/xstyle.md\\\/#website\",\"url\":\"https:\\\/\\\/xstyle.md\\\/\",\"name\":\"\u041c\u0430\u0433\u0430\u0437\u0438\u043d Xstyle\",\"description\":\"C\u043d\u0430\u0440\u044f\u0436\u0435\u043d\u0438\u0435 \u0434\u043b\u044f \u0442\u0443\u0440\u0438\u0437\u043c\u0430 \u0438 \u044d\u043a\u0441\u0442\u0440\u0435\u043c\u0430\u043b\u044c\u043d\u044b\u0445 \u0432\u0438\u0434\u043e\u0432 \u0441\u043f\u043e\u0440\u0442\u0430 \u0432 \u041c\u043e\u043b\u0434\u043e\u0432\u0435.. \u0426\u0435\u043d\u044b, \u0444\u043e\u0442\u043e, \u0445\u0430\u0440\u0430\u043a\u0442\u0435\u0440\u0438\u0441\u0442\u0438\u043a\u0438 \u0432 \u041c\u043e\u043b\u0434\u043e\u0432\u0435.\",\"publisher\":{\"@id\":\"https:\\\/\\\/xstyle.md\\\/#organization\"},\"alternateName\":\"X-Style\",\"potentialAction\":[{\"@type\":\"SearchAction\",\"target\":{\"@type\":\"EntryPoint\",\"urlTemplate\":\"https:\\\/\\\/xstyle.md\\\/?s={search_term_string}\"},\"query-input\":{\"@type\":\"PropertyValueSpecification\",\"valueRequired\":true,\"valueName\":\"search_term_string\"}}],\"inLanguage\":\"ro-RO\"},{\"@type\":\"Organization\",\"@id\":\"https:\\\/\\\/xstyle.md\\\/#organization\",\"name\":\"\u041c\u0430\u0433\u0430\u0437\u0438\u043d Xstyle\",\"alternateName\":\"x-style\",\"url\":\"https:\\\/\\\/xstyle.md\\\/\",\"logo\":{\"@type\":\"ImageObject\",\"inLanguage\":\"ro-RO\",\"@id\":\"https:\\\/\\\/xstyle.md\\\/#\\\/schema\\\/logo\\\/image\\\/\",\"url\":\"https:\\\/\\\/xstyle.md\\\/wp-content\\\/uploads\\\/2020\\\/06\\\/logoicon.svg\",\"contentUrl\":\"https:\\\/\\\/xstyle.md\\\/wp-content\\\/uploads\\\/2020\\\/06\\\/logoicon.svg\",\"caption\":\"\u041c\u0430\u0433\u0430\u0437\u0438\u043d Xstyle\"},\"image\":{\"@id\":\"https:\\\/\\\/xstyle.md\\\/#\\\/schema\\\/logo\\\/image\\\/\"},\"sameAs\":[\"https:\\\/\\\/www.facebook.com\\\/xstylemd\",\"https:\\\/\\\/www.instagram.com\\\/xstyle_md\\\/\",\"https:\\\/\\\/t.me\\\/xstyle_outdoor\"],\"hasMerchantReturnPolicy\":{\"@type\":\"MerchantReturnPolicy\",\"merchantReturnLink\":\"https:\\\/\\\/xstyle.md\\\/ro\\\/conditions\\\/\"}}]}<\/script>\n<meta property=\"product:price:amount\" content=\"790.00\" \/>\n<meta property=\"product:price:currency\" content=\"MDL\" \/>\n<meta property=\"og:availability\" content=\"instock\" \/>\n<meta property=\"product:availability\" content=\"instock\" \/>\n<meta property=\"product:retailer_item_id\" content=\"ABQRT-002\" \/>\n<meta property=\"product:condition\" content=\"new\" \/>\n<!-- \/ Yoast SEO plugin. -->","yoast_head_json":{"title":"\u0428\u0442\u0430\u0442\u0438\u0432 GoPro Tripod Mounts (ABQRT-002) - \u041c\u0430\u0433\u0430\u0437\u0438\u043d Xstyle","description":"Prinderi pentru stativ GoPro Tripod Mount + mini-tripod pentru film\u0103ri statice, timelapse \u0219i fotografii macro. U\u0219or de fixat GoPro la orice stativ!","robots":{"index":"index","follow":"follow","max-snippet":"max-snippet:-1","max-image-preview":"max-image-preview:large","max-video-preview":"max-video-preview:-1"},"canonical":"https:\/\/xstyle.md\/ro\/produs\/shtativ-gopro-tripod-mount-trepied-abqrt-002\/","og_locale":"ro_RO","og_type":"article","og_title":"\u0428\u0442\u0430\u0442\u0438\u0432 GoPro Tripod Mounts (ABQRT-002) - \u041c\u0430\u0433\u0430\u0437\u0438\u043d Xstyle","og_description":"\u041a\u0440\u0435\u043f\u043b\u0435\u043d\u0438\u044f \u043d\u0430 \u0448\u0442\u0430\u0442\u0438\u0432 GoPro Tripod Mount + \u043c\u0438\u043d\u0438-\u0442\u0440\u0435\u043f\u0435\u0434 \u0434\u043b\u044f \u0441\u0442\u0430\u0442\u0438\u0447\u043d\u044b\u0445 \u0441\u044a\u0435\u043c\u043e\u043a, \u0442\u0430\u0439\u043c\u043b\u0430\u043f\u0441\u043e\u0432 \u0438 \u043c\u0430\u043a\u0440\u043e\u0441\u044a\u0435\u043c\u043a\u0438. \u041b\u0435\u0433\u043a\u043e \u043a\u0440\u0435\u043f\u0438\u0442\u0435 GoPro \u043a \u043b\u044e\u0431\u043e\u043c\u0443 \u0448\u0442\u0430\u0442\u0438\u0432\u0443!","og_url":"https:\/\/xstyle.md\/ro\/produs\/shtativ-gopro-tripod-mount-trepied-abqrt-002\/","og_site_name":"\u041c\u0430\u0433\u0430\u0437\u0438\u043d Xstyle","article_publisher":"https:\/\/www.facebook.com\/xstylemd","article_modified_time":"2025-11-27T14:48:40+00:00","og_image":[{"width":1920,"height":1021,"url":"https:\/\/xstyle.md\/wp-content\/uploads\/2020\/07\/abqrt-002_main2-scaled.jpg","type":"image\/jpeg"}],"twitter_card":"summary_large_image","twitter_misc":{"Pre\u021b":"790&nbsp;MDL","Disponibilitate":"\u00cen stoc"},"schema":{"@context":"https:\/\/schema.org","@graph":[{"@type":"WebPage","@id":"https:\/\/xstyle.md\/product\/shtativ-gopro-tripod-mount-trepied-abqrt-002\/","url":"https:\/\/xstyle.md\/product\/shtativ-gopro-tripod-mount-trepied-abqrt-002\/","name":"\u0428\u0442\u0430\u0442\u0438\u0432 GoPro Tripod Mounts (ABQRT-002) - \u041c\u0430\u0433\u0430\u0437\u0438\u043d Xstyle","isPartOf":{"@id":"https:\/\/xstyle.md\/#website"},"primaryImageOfPage":{"@id":"https:\/\/xstyle.md\/product\/shtativ-gopro-tripod-mount-trepied-abqrt-002\/#primaryimage"},"image":{"@id":"https:\/\/xstyle.md\/product\/shtativ-gopro-tripod-mount-trepied-abqrt-002\/#primaryimage"},"thumbnailUrl":"https:\/\/xstyle.md\/wp-content\/uploads\/2020\/07\/abqrt-002_main2-scaled.jpg","datePublished":"2020-07-16T17:46:22+00:00","dateModified":"2025-11-27T14:48:40+00:00","description":"Prinderi pentru stativ GoPro Tripod Mount + mini-tripod pentru film\u0103ri statice, timelapse \u0219i fotografii macro. U\u0219or de fixat GoPro la orice stativ!","breadcrumb":{"@id":"https:\/\/xstyle.md\/product\/shtativ-gopro-tripod-mount-trepied-abqrt-002\/#breadcrumb"},"inLanguage":"ro-RO","potentialAction":[{"@type":"ReadAction","target":["https:\/\/xstyle.md\/product\/shtativ-gopro-tripod-mount-trepied-abqrt-002\/"]}]},{"@type":"ImageObject","inLanguage":"ro-RO","@id":"https:\/\/xstyle.md\/product\/shtativ-gopro-tripod-mount-trepied-abqrt-002\/#primaryimage","url":"https:\/\/xstyle.md\/wp-content\/uploads\/2020\/07\/abqrt-002_main2-scaled.jpg","contentUrl":"https:\/\/xstyle.md\/wp-content\/uploads\/2020\/07\/abqrt-002_main2-scaled.jpg","width":1920,"height":1021},{"@type":"BreadcrumbList","@id":"https:\/\/xstyle.md\/product\/shtativ-gopro-tripod-mount-trepied-abqrt-002\/#breadcrumb","itemListElement":[{"@type":"ListItem","position":1,"name":"\u0413\u043b\u0430\u0432\u043d\u0430\u044f \u0441\u0442\u0440\u0430\u043d\u0438\u0446\u0430","item":"https:\/\/xstyle.md\/"},{"@type":"ListItem","position":2,"name":"\u041c\u0430\u0433\u0430\u0437\u0438\u043d","item":"https:\/\/xstyle.md\/shop\/"},{"@type":"ListItem","position":3,"name":"\u0428\u0442\u0430\u0442\u0438\u0432 GoPro Tripod Mounts (ABQRT-002)"}]},{"@type":"WebSite","@id":"https:\/\/xstyle.md\/#website","url":"https:\/\/xstyle.md\/","name":"Magazinul X-Style","description":"Echipamente pentru turism \u0219i sporturi extreme \u00een Moldova. Pre\u021buri, fotografii, caracteristici \u00een Moldova.","publisher":{"@id":"https:\/\/xstyle.md\/#organization"},"alternateName":"X-Style","potentialAction":[{"@type":"SearchAction","target":{"@type":"EntryPoint","urlTemplate":"https:\/\/xstyle.md\/?s={search_term_string}"},"query-input":{"@type":"PropertyValueSpecification","valueRequired":true,"valueName":"search_term_string"}}],"inLanguage":"ro-RO"},{"@type":"Organization","@id":"https:\/\/xstyle.md\/#organization","name":"Magazinul X-Style","alternateName":"x-style","url":"https:\/\/xstyle.md\/","logo":{"@type":"ImageObject","inLanguage":"ro-RO","@id":"https:\/\/xstyle.md\/#\/schema\/logo\/image\/","url":"https:\/\/xstyle.md\/wp-content\/uploads\/2020\/06\/logoicon.svg","contentUrl":"https:\/\/xstyle.md\/wp-content\/uploads\/2020\/06\/logoicon.svg","caption":"\u041c\u0430\u0433\u0430\u0437\u0438\u043d Xstyle"},"image":{"@id":"https:\/\/xstyle.md\/#\/schema\/logo\/image\/"},"sameAs":["https:\/\/www.facebook.com\/xstylemd","https:\/\/www.instagram.com\/xstyle_md\/","https:\/\/t.me\/xstyle_outdoor"],"hasMerchantReturnPolicy":{"@type":"MerchantReturnPolicy","merchantReturnLink":"https:\/\/xstyle.md\/ro\/conditions\/"}}]},"product_price_amount":"790.00","product_price_currency":"MDL","og_availability":"instock","product_availability":"instock","product_retailer_item_id":"ABQRT-002","product_condition":"new"},"post_mailing_queue_ids":[],"_links":{"self":[{"href":"https:\/\/xstyle.md\/ro\/wp-json\/wp\/v2\/product\/5606","targetHints":{"allow":["GET"]}}],"collection":[{"href":"https:\/\/xstyle.md\/ro\/wp-json\/wp\/v2\/product"}],"about":[{"href":"https:\/\/xstyle.md\/ro\/wp-json\/wp\/v2\/types\/product"}],"replies":[{"embeddable":true,"href":"https:\/\/xstyle.md\/ro\/wp-json\/wp\/v2\/comments?post=5606"}],"wp:featuredmedia":[{"embeddable":true,"href":"https:\/\/xstyle.md\/ro\/wp-json\/wp\/v2\/media\/5605"}],"wp:attachment":[{"href":"https:\/\/xstyle.md\/ro\/wp-json\/wp\/v2\/media?parent=5606"}],"wp:term":[{"taxonomy":"product_brand","embeddable":true,"href":"https:\/\/xstyle.md\/ro\/wp-json\/wp\/v2\/product_brand?post=5606"},{"taxonomy":"product_cat","embeddable":true,"href":"https:\/\/xstyle.md\/ro\/wp-json\/wp\/v2\/product_cat?post=5606"},{"taxonomy":"product_tag","embeddable":true,"href":"https:\/\/xstyle.md\/ro\/wp-json\/wp\/v2\/product_tag?post=5606"}],"curies":[{"name":"wp","href":"https:\/\/api.w.org\/{rel}","templated":true}]}}