{"id":54244,"date":"2022-09-02T18:37:11","date_gmt":"2022-09-02T15:37:11","guid":{"rendered":"https:\/\/xstyle.md\/?post_type=product&#038;p=54244"},"modified":"2025-03-01T15:57:02","modified_gmt":"2025-03-01T12:57:02","slug":"ryukzak-travel-extreme-tactic-38l","status":"publish","type":"product","link":"https:\/\/xstyle.md\/ro\/produs\/ryukzak-travel-extreme-tactic-38l\/","title":{"rendered":"Rucsac Travel Extreme Tactic 38L"},"content":{"rendered":"<\/p>\n<p><strong>Travel Extreme Tactic 38L<\/strong> &#8212; rucsac versatil cu sistem molly cu un volum de 38 de litri. Inteligent \u0219i robust. Dispune de un fermoar perimetral complet pentru accesul la compartimentul principal. Echipat cu dou\u0103 buzunare frontale.<\/p>\n<h3>Particularit\u0103\u021bi<\/h3>\n<ul>\n<li>Sp\u0103tar dens cu acoperire din plas\u0103 multistrat<\/li>\n<li>Sistem de fixare MOLLE pe fa\u021b\u0103 \u0219i pe laterale<\/li>\n<li>Compartiment principal mare cu fermoar<\/li>\n<li>Dou\u0103 buzunare frontale mari cu fermoar<\/li>\n<li>Buzunare interne cu organizator \u0219i buzunare cu plas\u0103 pentru obiecte mici<\/li>\n<li>Curele de um\u0103r c\u0103ptu\u0219ite anatomic<\/li>\n<li>Fermoar larg \u0219i sigur<\/li>\n<li>2 leg\u0103turi laterale reglabile<\/li>\n<li>Curea superioar\u0103 reglabil\u0103 \u00een Y pentru spate<\/li>\n<li>Curea de piept reglabil\u0103<\/li>\n<li>Curea de talie reglabil\u0103<\/li>\n<li>M\u00e2ner de transport robust<\/li>\n<\/ul>\n<h3>Caracteristici<\/h3>\n<ul>\n<li>Greutate &#8212; 1200 g<\/li>\n<li>Volum &#8212; 38 litri<\/li>\n<li>Dimensiuni &#8212; 35 x 22 x 52 (H x L x P) cm<\/li>\n<li>Material &#8212; Cordura 1000D\/Oxford 900<\/li>\n<li>Potrivit pentru bagajele de m\u00e2n\u0103<\/li>\n<li>Capac de ploaie &#8212; nu<\/li>\n<li>Ventila\u021bie &#8212; da<\/li>\n<li>Scop &#8212; drume\u021bii, trekking, v\u00e2n\u0103toare<\/li>\n<li>Model &#8212; unisex<\/li>\n<\/ul>\n<h3>Tehnologie<\/h3>\n<ul>\n<li><strong>Oxford<\/strong> \u2013 este un material inovator cu o gam\u0103 larg\u0103 de aplica\u021bii. Este indispensabil \u00een produc\u021bia de \u00eembr\u0103c\u0103minte sport \u0219i pentru copii, echipamente turistice \u0219i chiar \u00een industria mobilei. Se distinge printr-o \u021bes\u0103tur\u0103 special\u0103 numit\u0103 \u201ecorduroy\u201d (o alt\u0103 denumire este \u201ePanama weave\u201d), c\u00e2nd \u00eempletirea fibrelor produce o \u021bes\u0103tur\u0103 format\u0103 din p\u0103trate \u00een relief e\u0219alonate. De obicei, este tratat\u0103 cu un strat de poliuretan sau clorur\u0103 de polivinil, care asigur\u0103 impermeabilitatea produsului finit.<\/li>\n<li><strong>Cordura<\/strong>\u00ae \u2013 \u021bes\u0103tur\u0103 groas\u0103 de nailon cu o structur\u0103 special\u0103 a firelor, impregnare hidrofug\u0103 \u0219i acoperire poliuretanic\u0103. Cordura a fost proiectat\u0103 ini\u021bial pentru armat\u0103. \u021aes\u0103tura este prelucrat\u0103 \u00een mai multe etape, iar acoperirea este de foarte bun\u0103 calitate \u0219i dureaz\u0103 mult timp.<\/li>\n<\/ul>\n<p><\/p>","protected":false},"excerpt":{"rendered":"","protected":false},"featured_media":81527,"comment_status":"open","ping_status":"closed","template":"","meta":{"_acf_changed":false,"inline_featured_image":false},"product_brand":[1343],"product_cat":[20],"product_tag":[],"class_list":{"0":"post-54244","1":"product","2":"type-product","3":"status-publish","4":"has-post-thumbnail","6":"product_brand-travel-extreme","7":"product_cat-travel-up-to-50-bag","9":"first","10":"instock","11":"shipping-taxable","12":"purchasable","13":"product-type-simple"},"acf":[],"yoast_head":"<!-- This site is optimized with the Yoast SEO plugin v27.4 - https:\/\/yoast.com\/product\/yoast-seo-wordpress\/ -->\n<title>\u0420\u044e\u043a\u0437\u0430\u043a Travel Extreme Tactic 38L - \u041c\u0430\u0433\u0430\u0437\u0438\u043d Xstyle<\/title>\n<meta name=\"description\" content=\"\u0420\u044e\u043a\u0437\u0430\u043a Travel Extreme Tactic 38L: \u0443\u043d\u0438\u0432\u0435\u0440\u0441\u0430\u043b\u044c\u043d\u044b\u0439 38 \u043b\u0438\u0442\u0440\u043e\u0432 \u0441 \u0441\u0438\u0441\u0442\u0435\u043c\u043e\u0439 MOLLE, \u043f\u0440\u043e\u0447\u043d\u0430\u044f Cordura, \u043f\u043b\u043e\u0442\u043d\u0430\u044f \u0441\u043f\u0438\u043d\u043a\u0430, \u0443\u0434\u043e\u0431\u043d\u044b\u0439 \u0434\u043e\u0441\u0442\u0443\u043f \u043a \u043e\u0441\u043d\u043e\u0432\u043d\u043e\u043c\u0443 \u043e\u0442\u0441\u0435\u043a\u0443.\" \/>\n<meta name=\"robots\" content=\"index, follow, max-snippet:-1, max-image-preview:large, max-video-preview:-1\" \/>\n<link rel=\"canonical\" href=\"https:\/\/xstyle.md\/ro\/produs\/ryukzak-travel-extreme-tactic-38l\/\" \/>\n<meta property=\"og:locale\" content=\"ro_RO\" \/>\n<meta property=\"og:type\" content=\"article\" \/>\n<meta property=\"og:title\" content=\"\u0420\u044e\u043a\u0437\u0430\u043a Travel Extreme Tactic 38L - \u041c\u0430\u0433\u0430\u0437\u0438\u043d Xstyle\" \/>\n<meta property=\"og:description\" content=\"\u0420\u044e\u043a\u0437\u0430\u043a Travel Extreme Tactic 38L: \u0443\u043d\u0438\u0432\u0435\u0440\u0441\u0430\u043b\u044c\u043d\u044b\u0439 38 \u043b\u0438\u0442\u0440\u043e\u0432 \u0441 \u0441\u0438\u0441\u0442\u0435\u043c\u043e\u0439 MOLLE, \u043f\u0440\u043e\u0447\u043d\u0430\u044f Cordura, \u043f\u043b\u043e\u0442\u043d\u0430\u044f \u0441\u043f\u0438\u043d\u043a\u0430, \u0443\u0434\u043e\u0431\u043d\u044b\u0439 \u0434\u043e\u0441\u0442\u0443\u043f \u043a \u043e\u0441\u043d\u043e\u0432\u043d\u043e\u043c\u0443 \u043e\u0442\u0441\u0435\u043a\u0443.\" \/>\n<meta property=\"og:url\" content=\"https:\/\/xstyle.md\/ro\/produs\/ryukzak-travel-extreme-tactic-38l\/\" \/>\n<meta property=\"og:site_name\" content=\"\u041c\u0430\u0433\u0430\u0437\u0438\u043d Xstyle\" \/>\n<meta property=\"article:publisher\" content=\"https:\/\/www.facebook.com\/xstylemd\" \/>\n<meta property=\"article:modified_time\" content=\"2025-03-01T12:57:02+00:00\" \/>\n<meta property=\"og:image\" content=\"https:\/\/xstyle.md\/wp-content\/uploads\/2022\/09\/travel-extreme-tactic-38l-black.jpg\" \/>\n\t<meta property=\"og:image:width\" content=\"656\" \/>\n\t<meta property=\"og:image:height\" content=\"626\" \/>\n\t<meta property=\"og:image:type\" content=\"image\/jpeg\" \/>\n<meta name=\"twitter:card\" content=\"summary_large_image\" \/>\n<meta name=\"twitter:label1\" content=\"Pre\u021b\" \/>\n\t<meta name=\"twitter:data1\" content=\"1.790&nbsp;MDL\" \/>\n\t<meta name=\"twitter:label2\" content=\"Disponibilitate\" \/>\n\t<meta name=\"twitter:data2\" content=\"\u00cen stoc\" \/>\n<script type=\"application\/ld+json\" class=\"yoast-schema-graph\">{\"@context\":\"https:\\\/\\\/schema.org\",\"@graph\":[{\"@type\":\"WebPage\",\"@id\":\"https:\\\/\\\/xstyle.md\\\/product\\\/ryukzak-travel-extreme-tactic-38l\\\/\",\"url\":\"https:\\\/\\\/xstyle.md\\\/product\\\/ryukzak-travel-extreme-tactic-38l\\\/\",\"name\":\"\u0420\u044e\u043a\u0437\u0430\u043a Travel Extreme Tactic 38L - \u041c\u0430\u0433\u0430\u0437\u0438\u043d Xstyle\",\"isPartOf\":{\"@id\":\"https:\\\/\\\/xstyle.md\\\/#website\"},\"primaryImageOfPage\":{\"@id\":\"https:\\\/\\\/xstyle.md\\\/product\\\/ryukzak-travel-extreme-tactic-38l\\\/#primaryimage\"},\"image\":{\"@id\":\"https:\\\/\\\/xstyle.md\\\/product\\\/ryukzak-travel-extreme-tactic-38l\\\/#primaryimage\"},\"thumbnailUrl\":\"https:\\\/\\\/xstyle.md\\\/wp-content\\\/uploads\\\/2022\\\/09\\\/travel-extreme-tactic-38l-black.jpg\",\"datePublished\":\"2022-09-02T15:37:11+00:00\",\"dateModified\":\"2025-03-01T12:57:02+00:00\",\"description\":\"\u0420\u044e\u043a\u0437\u0430\u043a Travel Extreme Tactic 38L: \u0443\u043d\u0438\u0432\u0435\u0440\u0441\u0430\u043b\u044c\u043d\u044b\u0439 38 \u043b\u0438\u0442\u0440\u043e\u0432 \u0441 \u0441\u0438\u0441\u0442\u0435\u043c\u043e\u0439 MOLLE, \u043f\u0440\u043e\u0447\u043d\u0430\u044f Cordura, \u043f\u043b\u043e\u0442\u043d\u0430\u044f \u0441\u043f\u0438\u043d\u043a\u0430, \u0443\u0434\u043e\u0431\u043d\u044b\u0439 \u0434\u043e\u0441\u0442\u0443\u043f \u043a \u043e\u0441\u043d\u043e\u0432\u043d\u043e\u043c\u0443 \u043e\u0442\u0441\u0435\u043a\u0443.\",\"breadcrumb\":{\"@id\":\"https:\\\/\\\/xstyle.md\\\/product\\\/ryukzak-travel-extreme-tactic-38l\\\/#breadcrumb\"},\"inLanguage\":\"ro-RO\",\"potentialAction\":[{\"@type\":\"ReadAction\",\"target\":[\"https:\\\/\\\/xstyle.md\\\/product\\\/ryukzak-travel-extreme-tactic-38l\\\/\"]}]},{\"@type\":\"ImageObject\",\"inLanguage\":\"ro-RO\",\"@id\":\"https:\\\/\\\/xstyle.md\\\/product\\\/ryukzak-travel-extreme-tactic-38l\\\/#primaryimage\",\"url\":\"https:\\\/\\\/xstyle.md\\\/wp-content\\\/uploads\\\/2022\\\/09\\\/travel-extreme-tactic-38l-black.jpg\",\"contentUrl\":\"https:\\\/\\\/xstyle.md\\\/wp-content\\\/uploads\\\/2022\\\/09\\\/travel-extreme-tactic-38l-black.jpg\",\"width\":656,\"height\":626,\"caption\":\"\u0420\u044e\u043a\u0437\u0430\u043a Travel Extreme Tactic 38L \u0447\u0435\u0440\u043d\u044b\u0439 \u0434\u043b\u044f \u0430\u043a\u0442\u0438\u0432\u043d\u043e\u0433\u043e \u043e\u0442\u0434\u044b\u0445\u0430 \u043f\u043e\u0445\u043e\u0434\u043e\u0432 \u0442\u0443\u0440\u0438\u0437\u043c\u0430 \u0438 \u043f\u0443\u0442\u0435\u0448\u0435\u0441\u0442\u0432\u0438\u0439 \u0432 \u0438\u043d\u0442\u0435\u0440\u043d\u0435\u0442-\u043c\u0430\u0433\u0430\u0437\u0438\u043d\u0435 \u0441\u043f\u043e\u0440\u0442\u0438\u0432\u043d\u043e\u0439 \u043e\u0434\u0435\u0436\u0434\u044b \u043e\u0431\u0443\u0432\u0438 \u0434\u043b\u044f \u0430\u043a\u0442\u0438\u0432\u043d\u043e\u0439 \u0436\u0438\u0437\u043d\u0438\"},{\"@type\":\"BreadcrumbList\",\"@id\":\"https:\\\/\\\/xstyle.md\\\/product\\\/ryukzak-travel-extreme-tactic-38l\\\/#breadcrumb\",\"itemListElement\":[{\"@type\":\"ListItem\",\"position\":1,\"name\":\"\u0413\u043b\u0430\u0432\u043d\u0430\u044f \u0441\u0442\u0440\u0430\u043d\u0438\u0446\u0430\",\"item\":\"https:\\\/\\\/xstyle.md\\\/\"},{\"@type\":\"ListItem\",\"position\":2,\"name\":\"\u041c\u0430\u0433\u0430\u0437\u0438\u043d\",\"item\":\"https:\\\/\\\/xstyle.md\\\/shop\\\/\"},{\"@type\":\"ListItem\",\"position\":3,\"name\":\"\u0420\u044e\u043a\u0437\u0430\u043a Travel Extreme Tactic 38L\"}]},{\"@type\":\"WebSite\",\"@id\":\"https:\\\/\\\/xstyle.md\\\/#website\",\"url\":\"https:\\\/\\\/xstyle.md\\\/\",\"name\":\"\u041c\u0430\u0433\u0430\u0437\u0438\u043d Xstyle\",\"description\":\"C\u043d\u0430\u0440\u044f\u0436\u0435\u043d\u0438\u0435 \u0434\u043b\u044f \u0442\u0443\u0440\u0438\u0437\u043c\u0430 \u0438 \u044d\u043a\u0441\u0442\u0440\u0435\u043c\u0430\u043b\u044c\u043d\u044b\u0445 \u0432\u0438\u0434\u043e\u0432 \u0441\u043f\u043e\u0440\u0442\u0430 \u0432 \u041c\u043e\u043b\u0434\u043e\u0432\u0435.. \u0426\u0435\u043d\u044b, \u0444\u043e\u0442\u043e, \u0445\u0430\u0440\u0430\u043a\u0442\u0435\u0440\u0438\u0441\u0442\u0438\u043a\u0438 \u0432 \u041c\u043e\u043b\u0434\u043e\u0432\u0435.\",\"publisher\":{\"@id\":\"https:\\\/\\\/xstyle.md\\\/#organization\"},\"alternateName\":\"X-Style\",\"potentialAction\":[{\"@type\":\"SearchAction\",\"target\":{\"@type\":\"EntryPoint\",\"urlTemplate\":\"https:\\\/\\\/xstyle.md\\\/?s={search_term_string}\"},\"query-input\":{\"@type\":\"PropertyValueSpecification\",\"valueRequired\":true,\"valueName\":\"search_term_string\"}}],\"inLanguage\":\"ro-RO\"},{\"@type\":\"Organization\",\"@id\":\"https:\\\/\\\/xstyle.md\\\/#organization\",\"name\":\"\u041c\u0430\u0433\u0430\u0437\u0438\u043d Xstyle\",\"alternateName\":\"x-style\",\"url\":\"https:\\\/\\\/xstyle.md\\\/\",\"logo\":{\"@type\":\"ImageObject\",\"inLanguage\":\"ro-RO\",\"@id\":\"https:\\\/\\\/xstyle.md\\\/#\\\/schema\\\/logo\\\/image\\\/\",\"url\":\"https:\\\/\\\/xstyle.md\\\/wp-content\\\/uploads\\\/2020\\\/06\\\/logoicon.svg\",\"contentUrl\":\"https:\\\/\\\/xstyle.md\\\/wp-content\\\/uploads\\\/2020\\\/06\\\/logoicon.svg\",\"caption\":\"\u041c\u0430\u0433\u0430\u0437\u0438\u043d Xstyle\"},\"image\":{\"@id\":\"https:\\\/\\\/xstyle.md\\\/#\\\/schema\\\/logo\\\/image\\\/\"},\"sameAs\":[\"https:\\\/\\\/www.facebook.com\\\/xstylemd\",\"https:\\\/\\\/www.instagram.com\\\/xstyle_md\\\/\",\"https:\\\/\\\/t.me\\\/xstyle_outdoor\"],\"hasMerchantReturnPolicy\":{\"@type\":\"MerchantReturnPolicy\",\"merchantReturnLink\":\"https:\\\/\\\/xstyle.md\\\/ro\\\/conditions\\\/\"}}]}<\/script>\n<meta property=\"product:price:amount\" content=\"1790.00\" \/>\n<meta property=\"product:price:currency\" content=\"MDL\" \/>\n<meta property=\"og:availability\" content=\"instock\" \/>\n<meta property=\"product:availability\" content=\"instock\" \/>\n<meta property=\"product:retailer_item_id\" content=\"2000990053848\" \/>\n<meta property=\"product:condition\" content=\"new\" \/>\n<!-- \/ Yoast SEO plugin. -->","yoast_head_json":{"title":"Rucsac Travel Extreme Tactic 38L - Magazin Xstyle","description":"Rucsac Travel Extreme Tactic 38L: un rucsac versatil de 38 litri cu sistem MOLLE, Cordura rezistent\u0103, spate solid, acces u\u0219or la compartimentul principal.","robots":{"index":"index","follow":"follow","max-snippet":"max-snippet:-1","max-image-preview":"max-image-preview:large","max-video-preview":"max-video-preview:-1"},"canonical":"https:\/\/xstyle.md\/ro\/produs\/ryukzak-travel-extreme-tactic-38l\/","og_locale":"ro_RO","og_type":"article","og_title":"\u0420\u044e\u043a\u0437\u0430\u043a Travel Extreme Tactic 38L - \u041c\u0430\u0433\u0430\u0437\u0438\u043d Xstyle","og_description":"\u0420\u044e\u043a\u0437\u0430\u043a Travel Extreme Tactic 38L: \u0443\u043d\u0438\u0432\u0435\u0440\u0441\u0430\u043b\u044c\u043d\u044b\u0439 38 \u043b\u0438\u0442\u0440\u043e\u0432 \u0441 \u0441\u0438\u0441\u0442\u0435\u043c\u043e\u0439 MOLLE, \u043f\u0440\u043e\u0447\u043d\u0430\u044f Cordura, \u043f\u043b\u043e\u0442\u043d\u0430\u044f \u0441\u043f\u0438\u043d\u043a\u0430, \u0443\u0434\u043e\u0431\u043d\u044b\u0439 \u0434\u043e\u0441\u0442\u0443\u043f \u043a \u043e\u0441\u043d\u043e\u0432\u043d\u043e\u043c\u0443 \u043e\u0442\u0441\u0435\u043a\u0443.","og_url":"https:\/\/xstyle.md\/ro\/produs\/ryukzak-travel-extreme-tactic-38l\/","og_site_name":"\u041c\u0430\u0433\u0430\u0437\u0438\u043d Xstyle","article_publisher":"https:\/\/www.facebook.com\/xstylemd","article_modified_time":"2025-03-01T12:57:02+00:00","og_image":[{"width":656,"height":626,"url":"https:\/\/xstyle.md\/wp-content\/uploads\/2022\/09\/travel-extreme-tactic-38l-black.jpg","type":"image\/jpeg"}],"twitter_card":"summary_large_image","twitter_misc":{"Pre\u021b":"1.790&nbsp;MDL","Disponibilitate":"\u00cen stoc"},"schema":{"@context":"https:\/\/schema.org","@graph":[{"@type":"WebPage","@id":"https:\/\/xstyle.md\/product\/ryukzak-travel-extreme-tactic-38l\/","url":"https:\/\/xstyle.md\/product\/ryukzak-travel-extreme-tactic-38l\/","name":"Rucsac Travel Extreme Tactic 38L - Magazin Xstyle","isPartOf":{"@id":"https:\/\/xstyle.md\/#website"},"primaryImageOfPage":{"@id":"https:\/\/xstyle.md\/product\/ryukzak-travel-extreme-tactic-38l\/#primaryimage"},"image":{"@id":"https:\/\/xstyle.md\/product\/ryukzak-travel-extreme-tactic-38l\/#primaryimage"},"thumbnailUrl":"https:\/\/xstyle.md\/wp-content\/uploads\/2022\/09\/travel-extreme-tactic-38l-black.jpg","datePublished":"2022-09-02T15:37:11+00:00","dateModified":"2025-03-01T12:57:02+00:00","description":"Rucsac Travel Extreme Tactic 38L: un rucsac versatil de 38 litri cu sistem MOLLE, Cordura rezistent\u0103, spate solid, acces u\u0219or la compartimentul principal.","breadcrumb":{"@id":"https:\/\/xstyle.md\/product\/ryukzak-travel-extreme-tactic-38l\/#breadcrumb"},"inLanguage":"ro-RO","potentialAction":[{"@type":"ReadAction","target":["https:\/\/xstyle.md\/product\/ryukzak-travel-extreme-tactic-38l\/"]}]},{"@type":"ImageObject","inLanguage":"ro-RO","@id":"https:\/\/xstyle.md\/product\/ryukzak-travel-extreme-tactic-38l\/#primaryimage","url":"https:\/\/xstyle.md\/wp-content\/uploads\/2022\/09\/travel-extreme-tactic-38l-black.jpg","contentUrl":"https:\/\/xstyle.md\/wp-content\/uploads\/2022\/09\/travel-extreme-tactic-38l-black.jpg","width":656,"height":626,"caption":"\u0420\u044e\u043a\u0437\u0430\u043a Travel Extreme Tactic 38L \u0447\u0435\u0440\u043d\u044b\u0439 \u0434\u043b\u044f \u0430\u043a\u0442\u0438\u0432\u043d\u043e\u0433\u043e \u043e\u0442\u0434\u044b\u0445\u0430 \u043f\u043e\u0445\u043e\u0434\u043e\u0432 \u0442\u0443\u0440\u0438\u0437\u043c\u0430 \u0438 \u043f\u0443\u0442\u0435\u0448\u0435\u0441\u0442\u0432\u0438\u0439 \u0432 \u0438\u043d\u0442\u0435\u0440\u043d\u0435\u0442-\u043c\u0430\u0433\u0430\u0437\u0438\u043d\u0435 \u0441\u043f\u043e\u0440\u0442\u0438\u0432\u043d\u043e\u0439 \u043e\u0434\u0435\u0436\u0434\u044b \u043e\u0431\u0443\u0432\u0438 \u0434\u043b\u044f \u0430\u043a\u0442\u0438\u0432\u043d\u043e\u0439 \u0436\u0438\u0437\u043d\u0438"},{"@type":"BreadcrumbList","@id":"https:\/\/xstyle.md\/product\/ryukzak-travel-extreme-tactic-38l\/#breadcrumb","itemListElement":[{"@type":"ListItem","position":1,"name":"\u0413\u043b\u0430\u0432\u043d\u0430\u044f \u0441\u0442\u0440\u0430\u043d\u0438\u0446\u0430","item":"https:\/\/xstyle.md\/"},{"@type":"ListItem","position":2,"name":"\u041c\u0430\u0433\u0430\u0437\u0438\u043d","item":"https:\/\/xstyle.md\/shop\/"},{"@type":"ListItem","position":3,"name":"\u0420\u044e\u043a\u0437\u0430\u043a Travel Extreme Tactic 38L"}]},{"@type":"WebSite","@id":"https:\/\/xstyle.md\/#website","url":"https:\/\/xstyle.md\/","name":"Magazinul X-Style","description":"Echipamente pentru turism \u0219i sporturi extreme \u00een Moldova. Pre\u021buri, fotografii, caracteristici \u00een Moldova.","publisher":{"@id":"https:\/\/xstyle.md\/#organization"},"alternateName":"X-Style","potentialAction":[{"@type":"SearchAction","target":{"@type":"EntryPoint","urlTemplate":"https:\/\/xstyle.md\/?s={search_term_string}"},"query-input":{"@type":"PropertyValueSpecification","valueRequired":true,"valueName":"search_term_string"}}],"inLanguage":"ro-RO"},{"@type":"Organization","@id":"https:\/\/xstyle.md\/#organization","name":"Magazinul X-Style","alternateName":"x-style","url":"https:\/\/xstyle.md\/","logo":{"@type":"ImageObject","inLanguage":"ro-RO","@id":"https:\/\/xstyle.md\/#\/schema\/logo\/image\/","url":"https:\/\/xstyle.md\/wp-content\/uploads\/2020\/06\/logoicon.svg","contentUrl":"https:\/\/xstyle.md\/wp-content\/uploads\/2020\/06\/logoicon.svg","caption":"\u041c\u0430\u0433\u0430\u0437\u0438\u043d Xstyle"},"image":{"@id":"https:\/\/xstyle.md\/#\/schema\/logo\/image\/"},"sameAs":["https:\/\/www.facebook.com\/xstylemd","https:\/\/www.instagram.com\/xstyle_md\/","https:\/\/t.me\/xstyle_outdoor"],"hasMerchantReturnPolicy":{"@type":"MerchantReturnPolicy","merchantReturnLink":"https:\/\/xstyle.md\/ro\/conditions\/"}}]},"product_price_amount":"1790.00","product_price_currency":"MDL","og_availability":"instock","product_availability":"instock","product_retailer_item_id":"2000990053848","product_condition":"new"},"_links":{"self":[{"href":"https:\/\/xstyle.md\/ro\/wp-json\/wp\/v2\/product\/54244","targetHints":{"allow":["GET"]}}],"collection":[{"href":"https:\/\/xstyle.md\/ro\/wp-json\/wp\/v2\/product"}],"about":[{"href":"https:\/\/xstyle.md\/ro\/wp-json\/wp\/v2\/types\/product"}],"replies":[{"embeddable":true,"href":"https:\/\/xstyle.md\/ro\/wp-json\/wp\/v2\/comments?post=54244"}],"wp:featuredmedia":[{"embeddable":true,"href":"https:\/\/xstyle.md\/ro\/wp-json\/wp\/v2\/media\/81527"}],"wp:attachment":[{"href":"https:\/\/xstyle.md\/ro\/wp-json\/wp\/v2\/media?parent=54244"}],"wp:term":[{"taxonomy":"product_brand","embeddable":true,"href":"https:\/\/xstyle.md\/ro\/wp-json\/wp\/v2\/product_brand?post=54244"},{"taxonomy":"product_cat","embeddable":true,"href":"https:\/\/xstyle.md\/ro\/wp-json\/wp\/v2\/product_cat?post=54244"},{"taxonomy":"product_tag","embeddable":true,"href":"https:\/\/xstyle.md\/ro\/wp-json\/wp\/v2\/product_tag?post=54244"}],"curies":[{"name":"wp","href":"https:\/\/api.w.org\/{rel}","templated":true}]}}