{"id":51855,"date":"2022-08-22T18:25:04","date_gmt":"2022-08-22T15:25:04","guid":{"rendered":"https:\/\/xstyle.md\/?post_type=product&#038;p=51855"},"modified":"2025-10-24T12:55:40","modified_gmt":"2025-10-24T09:55:40","slug":"nozh-mora-no-510","status":"publish","type":"product","link":"https:\/\/xstyle.md\/ro\/produs\/nozh-mora-no-510\/","title":{"rendered":"Cu\u021bit Mora No 510"},"content":{"rendered":"<\/p>\n<p><strong>Cu\u021bitul Mora No 510<\/strong> este potrivit pentru a fi folosit \u00een excursii cu cortul, excursii de weekend pentru pescuit sau v\u00e2n\u0103toare \u0219i alte excursii \u00een aer liber. Acest model este versatil \u00een utilizare datorit\u0103 alegerii profesionale a materialelor \u0219i a designului confortabil. Lama acestui cu\u021bit este fabricat\u0103 din o\u021bel carbon de calitate suedez\u0103. Acest metal trebuie s\u0103 fie \u0219ters periodic pentru a p\u0103stra cu\u021bitul \u00een stare bun\u0103 c\u00e2t mai mult timp. Dar poate fi ascu\u021bit mult mai rar dec\u00e2t o\u021belul inoxidabil moale. Marginea de t\u0103iere este f\u0103cut\u0103 neted\u0103, astfel \u00eenc\u00e2t cu\u021bitul a fost convenabil pentru a t\u0103ia alimente sau orice alte materiale. Lama se termin\u0103 \u00eentr-un v\u00e2rf, iar lungimea sa total\u0103 este de 9,5 cm. Morakniv 510 are o lam\u0103 destul de sub\u021bire &#8212; 2 mm, astfel \u00eenc\u00e2t trebuie s\u0103 folosi\u021bi mai pu\u021bin efort pentru a t\u0103ia. Dar utilizarea metalului de calitate confer\u0103 cu\u021bitului o marj\u0103 suficient\u0103 de siguran\u021b\u0103.<\/p>\n<p>M\u00e2nerul acestui model este din plastic. Flexibilitatea natural\u0103 a acestui material a dus la ob\u021binerea unui m\u00e2ner cu o form\u0103 confortabil\u0103, u\u0219or de \u021binut \u00een palm\u0103. Lungimea acestuia este de 11,3 cm. Astfel, lungimea total\u0103 a Morakniv 510 este de 208 mm. \u0218i c\u00e2nt\u0103re\u0219te 88 de grame.<\/p>\n<p>Un alt element al setului este o teac\u0103 din plastic. Acestea asigur\u0103 siguran\u021ba \u00een timpul transportului cu\u021bitului \u0219i face ca depozitarea acestuia s\u0103 fie convenabil\u0103.<\/p>\n<h3>Caracteristici<\/h3>\n<ul>\n<li>Tip de cu\u021bit: nepliabil<\/li>\n<li>Tip de t\u0103i\u0219: obi\u0219nuit<\/li>\n<li>Lungime total\u0103: 20,8 cm<\/li>\n<li>Lungimea lamei: 9,5 cm<\/li>\n<li>Material m\u00e2ner: plastic<\/li>\n<li>Duritatea o\u021belului: 59-60 HRC<\/li>\n<li>Calitatea o\u021belului: Sandvik 14C28N<\/li>\n<li>Greutate: 88 g.<\/li>\n<\/ul>\n<p><\/p>","protected":false},"excerpt":{"rendered":"","protected":false},"featured_media":52167,"comment_status":"open","ping_status":"closed","template":"","meta":{"_acf_changed":false,"inline_featured_image":false},"product_brand":[1368],"product_cat":[169],"product_tag":[],"class_list":{"0":"post-51855","1":"product","2":"type-product","3":"status-publish","4":"has-post-thumbnail","6":"product_brand-mora","7":"product_cat-knives","9":"first","10":"instock","11":"shipping-taxable","12":"purchasable","13":"product-type-simple"},"acf":[],"yoast_head":"<!-- This site is optimized with the Yoast SEO plugin v27.4 - https:\/\/yoast.com\/product\/yoast-seo-wordpress\/ -->\n<title>\u041d\u043e\u0436 Mora No 510 - \u041c\u0430\u0433\u0430\u0437\u0438\u043d Xstyle<\/title>\n<meta name=\"description\" content=\"\u041d\u043e\u0436 Mora No 510 - \u0438\u0434\u0435\u0430\u043b\u0435\u043d \u0434\u043b\u044f \u043a\u0435\u043c\u043f\u0438\u043d\u0433\u0430, \u0440\u044b\u0431\u0430\u043b\u043a\u0438 \u0438 \u043e\u0445\u043e\u0442\u044b. \u0423\u0434\u043e\u0431\u043d\u044b\u0439 \u0434\u0438\u0437\u0430\u0439\u043d \u0438 \u043a\u0430\u0447\u0435\u0441\u0442\u0432\u043e \u0448\u0432\u0435\u0434\u0441\u043a\u043e\u0439 \u0441\u0442\u0430\u043b\u0438 14C28N. \u0421\u043e\u0437\u0434\u0430\u0439\u0442\u0435 \u0432\u043e\u0441\u043f\u043e\u043c\u0438\u043d\u0430\u043d\u0438\u044f \u043d\u0430 \u043f\u0440\u0438\u0440\u043e\u0434\u0435!\" \/>\n<meta name=\"robots\" content=\"index, follow, max-snippet:-1, max-image-preview:large, max-video-preview:-1\" \/>\n<link rel=\"canonical\" href=\"https:\/\/xstyle.md\/ro\/produs\/nozh-mora-no-510\/\" \/>\n<meta property=\"og:locale\" content=\"ro_RO\" \/>\n<meta property=\"og:type\" content=\"article\" \/>\n<meta property=\"og:title\" content=\"\u041d\u043e\u0436 Mora No 510 - \u041c\u0430\u0433\u0430\u0437\u0438\u043d Xstyle\" \/>\n<meta property=\"og:description\" content=\"\u041d\u043e\u0436 Mora No 510 - \u0438\u0434\u0435\u0430\u043b\u0435\u043d \u0434\u043b\u044f \u043a\u0435\u043c\u043f\u0438\u043d\u0433\u0430, \u0440\u044b\u0431\u0430\u043b\u043a\u0438 \u0438 \u043e\u0445\u043e\u0442\u044b. \u0423\u0434\u043e\u0431\u043d\u044b\u0439 \u0434\u0438\u0437\u0430\u0439\u043d \u0438 \u043a\u0430\u0447\u0435\u0441\u0442\u0432\u043e \u0448\u0432\u0435\u0434\u0441\u043a\u043e\u0439 \u0441\u0442\u0430\u043b\u0438 14C28N. \u0421\u043e\u0437\u0434\u0430\u0439\u0442\u0435 \u0432\u043e\u0441\u043f\u043e\u043c\u0438\u043d\u0430\u043d\u0438\u044f \u043d\u0430 \u043f\u0440\u0438\u0440\u043e\u0434\u0435!\" \/>\n<meta property=\"og:url\" content=\"https:\/\/xstyle.md\/ro\/produs\/nozh-mora-no-510\/\" \/>\n<meta property=\"og:site_name\" content=\"\u041c\u0430\u0433\u0430\u0437\u0438\u043d Xstyle\" \/>\n<meta property=\"article:publisher\" content=\"https:\/\/www.facebook.com\/xstylemd\" \/>\n<meta property=\"article:modified_time\" content=\"2025-10-24T09:55:40+00:00\" \/>\n<meta property=\"og:image\" content=\"https:\/\/xstyle.md\/wp-content\/uploads\/2022\/08\/mora-no-510.jpg\" \/>\n\t<meta property=\"og:image:width\" content=\"900\" \/>\n\t<meta property=\"og:image:height\" content=\"900\" \/>\n\t<meta property=\"og:image:type\" content=\"image\/jpeg\" \/>\n<meta name=\"twitter:card\" content=\"summary_large_image\" \/>\n<meta name=\"twitter:label1\" content=\"Pre\u021b\" \/>\n\t<meta name=\"twitter:data1\" content=\"325&nbsp;MDL\" \/>\n\t<meta name=\"twitter:label2\" content=\"Disponibilitate\" \/>\n\t<meta name=\"twitter:data2\" content=\"\u00cen stoc\" \/>\n<script type=\"application\/ld+json\" class=\"yoast-schema-graph\">{\"@context\":\"https:\\\/\\\/schema.org\",\"@graph\":[{\"@type\":\"WebPage\",\"@id\":\"https:\\\/\\\/xstyle.md\\\/product\\\/nozh-mora-no-510\\\/\",\"url\":\"https:\\\/\\\/xstyle.md\\\/product\\\/nozh-mora-no-510\\\/\",\"name\":\"\u041d\u043e\u0436 Mora No 510 - \u041c\u0430\u0433\u0430\u0437\u0438\u043d Xstyle\",\"isPartOf\":{\"@id\":\"https:\\\/\\\/xstyle.md\\\/#website\"},\"primaryImageOfPage\":{\"@id\":\"https:\\\/\\\/xstyle.md\\\/product\\\/nozh-mora-no-510\\\/#primaryimage\"},\"image\":{\"@id\":\"https:\\\/\\\/xstyle.md\\\/product\\\/nozh-mora-no-510\\\/#primaryimage\"},\"thumbnailUrl\":\"https:\\\/\\\/xstyle.md\\\/wp-content\\\/uploads\\\/2022\\\/08\\\/mora-no-510.jpg\",\"datePublished\":\"2022-08-22T15:25:04+00:00\",\"dateModified\":\"2025-10-24T09:55:40+00:00\",\"description\":\"\u041d\u043e\u0436 Mora No 510 - \u0438\u0434\u0435\u0430\u043b\u0435\u043d \u0434\u043b\u044f \u043a\u0435\u043c\u043f\u0438\u043d\u0433\u0430, \u0440\u044b\u0431\u0430\u043b\u043a\u0438 \u0438 \u043e\u0445\u043e\u0442\u044b. \u0423\u0434\u043e\u0431\u043d\u044b\u0439 \u0434\u0438\u0437\u0430\u0439\u043d \u0438 \u043a\u0430\u0447\u0435\u0441\u0442\u0432\u043e \u0448\u0432\u0435\u0434\u0441\u043a\u043e\u0439 \u0441\u0442\u0430\u043b\u0438 14C28N. \u0421\u043e\u0437\u0434\u0430\u0439\u0442\u0435 \u0432\u043e\u0441\u043f\u043e\u043c\u0438\u043d\u0430\u043d\u0438\u044f \u043d\u0430 \u043f\u0440\u0438\u0440\u043e\u0434\u0435!\",\"breadcrumb\":{\"@id\":\"https:\\\/\\\/xstyle.md\\\/product\\\/nozh-mora-no-510\\\/#breadcrumb\"},\"inLanguage\":\"ro-RO\",\"potentialAction\":[{\"@type\":\"ReadAction\",\"target\":[\"https:\\\/\\\/xstyle.md\\\/product\\\/nozh-mora-no-510\\\/\"]}]},{\"@type\":\"ImageObject\",\"inLanguage\":\"ro-RO\",\"@id\":\"https:\\\/\\\/xstyle.md\\\/product\\\/nozh-mora-no-510\\\/#primaryimage\",\"url\":\"https:\\\/\\\/xstyle.md\\\/wp-content\\\/uploads\\\/2022\\\/08\\\/mora-no-510.jpg\",\"contentUrl\":\"https:\\\/\\\/xstyle.md\\\/wp-content\\\/uploads\\\/2022\\\/08\\\/mora-no-510.jpg\",\"width\":900,\"height\":900,\"caption\":\"\u0420\u0443\u0447\u043d\u043e\u0439 \u043d\u043e\u0436 Mora No 510 \u0434\u043b\u044f \u0430\u043a\u0442\u0438\u0432\u043d\u043e\u0433\u043e \u043e\u0442\u0434\u044b\u0445\u0430 \u0442\u0443\u0440\u0438\u0441\u0442\u043e\u0432 \u0438 \u0430\u043b\u044c\u043f\u0438\u043d\u0438\u0441\u0442\u043e\u0432, \u0441\u043d\u0430\u0440\u044f\u0436\u0435\u043d\u0438\u0435 \u0434\u043b\u044f \u043f\u043e\u0445\u043e\u0434\u043e\u0432 \u0438 \u043f\u0443\u0442\u0435\u0448\u0435\u0441\u0442\u0432\u0438\u0439, \u043e\u0431\u0443\u0432\u044c \u0438 \u044d\u043a\u0438\u043f\u0438\u0440\u043e\u0432\u043a\u0430 \u0434\u043b\u044f \u0445\u0430\u0439\u043a\u0438\u043d\u0433\u0430 \u0438 \u0430\u043b\u044c\u043f\u0438\u043d\u0438\u0437\u043c\u0430\"},{\"@type\":\"BreadcrumbList\",\"@id\":\"https:\\\/\\\/xstyle.md\\\/product\\\/nozh-mora-no-510\\\/#breadcrumb\",\"itemListElement\":[{\"@type\":\"ListItem\",\"position\":1,\"name\":\"\u0413\u043b\u0430\u0432\u043d\u0430\u044f \u0441\u0442\u0440\u0430\u043d\u0438\u0446\u0430\",\"item\":\"https:\\\/\\\/xstyle.md\\\/\"},{\"@type\":\"ListItem\",\"position\":2,\"name\":\"\u041c\u0430\u0433\u0430\u0437\u0438\u043d\",\"item\":\"https:\\\/\\\/xstyle.md\\\/shop\\\/\"},{\"@type\":\"ListItem\",\"position\":3,\"name\":\"\u041d\u043e\u0436 Mora No 510\"}]},{\"@type\":\"WebSite\",\"@id\":\"https:\\\/\\\/xstyle.md\\\/#website\",\"url\":\"https:\\\/\\\/xstyle.md\\\/\",\"name\":\"\u041c\u0430\u0433\u0430\u0437\u0438\u043d Xstyle\",\"description\":\"C\u043d\u0430\u0440\u044f\u0436\u0435\u043d\u0438\u0435 \u0434\u043b\u044f \u0442\u0443\u0440\u0438\u0437\u043c\u0430 \u0438 \u044d\u043a\u0441\u0442\u0440\u0435\u043c\u0430\u043b\u044c\u043d\u044b\u0445 \u0432\u0438\u0434\u043e\u0432 \u0441\u043f\u043e\u0440\u0442\u0430 \u0432 \u041c\u043e\u043b\u0434\u043e\u0432\u0435.. \u0426\u0435\u043d\u044b, \u0444\u043e\u0442\u043e, \u0445\u0430\u0440\u0430\u043a\u0442\u0435\u0440\u0438\u0441\u0442\u0438\u043a\u0438 \u0432 \u041c\u043e\u043b\u0434\u043e\u0432\u0435.\",\"publisher\":{\"@id\":\"https:\\\/\\\/xstyle.md\\\/#organization\"},\"alternateName\":\"X-Style\",\"potentialAction\":[{\"@type\":\"SearchAction\",\"target\":{\"@type\":\"EntryPoint\",\"urlTemplate\":\"https:\\\/\\\/xstyle.md\\\/?s={search_term_string}\"},\"query-input\":{\"@type\":\"PropertyValueSpecification\",\"valueRequired\":true,\"valueName\":\"search_term_string\"}}],\"inLanguage\":\"ro-RO\"},{\"@type\":\"Organization\",\"@id\":\"https:\\\/\\\/xstyle.md\\\/#organization\",\"name\":\"\u041c\u0430\u0433\u0430\u0437\u0438\u043d Xstyle\",\"alternateName\":\"x-style\",\"url\":\"https:\\\/\\\/xstyle.md\\\/\",\"logo\":{\"@type\":\"ImageObject\",\"inLanguage\":\"ro-RO\",\"@id\":\"https:\\\/\\\/xstyle.md\\\/#\\\/schema\\\/logo\\\/image\\\/\",\"url\":\"https:\\\/\\\/xstyle.md\\\/wp-content\\\/uploads\\\/2020\\\/06\\\/logoicon.svg\",\"contentUrl\":\"https:\\\/\\\/xstyle.md\\\/wp-content\\\/uploads\\\/2020\\\/06\\\/logoicon.svg\",\"caption\":\"\u041c\u0430\u0433\u0430\u0437\u0438\u043d Xstyle\"},\"image\":{\"@id\":\"https:\\\/\\\/xstyle.md\\\/#\\\/schema\\\/logo\\\/image\\\/\"},\"sameAs\":[\"https:\\\/\\\/www.facebook.com\\\/xstylemd\",\"https:\\\/\\\/www.instagram.com\\\/xstyle_md\\\/\",\"https:\\\/\\\/t.me\\\/xstyle_outdoor\"],\"hasMerchantReturnPolicy\":{\"@type\":\"MerchantReturnPolicy\",\"merchantReturnLink\":\"https:\\\/\\\/xstyle.md\\\/ro\\\/conditions\\\/\"}}]}<\/script>\n<meta property=\"product:price:amount\" content=\"325.00\" \/>\n<meta property=\"product:price:currency\" content=\"MDL\" \/>\n<meta property=\"og:availability\" content=\"instock\" \/>\n<meta property=\"product:availability\" content=\"instock\" \/>\n<meta property=\"product:retailer_item_id\" content=\"7391846012306\" \/>\n<meta property=\"product:condition\" content=\"new\" \/>\n<!-- \/ Yoast SEO plugin. -->","yoast_head_json":{"title":"Cu\u021bit Mora No 510 - Magazin Xstyle","description":"Cutter Mora No 510 - ideal pentru camping, pescuit \u0219i v\u00e2n\u0103toare. Design confortabil \u0219i calitate a o\u021belului suedez 14C28N. Creea\u021bi amintiri \u00een natur\u0103!","robots":{"index":"index","follow":"follow","max-snippet":"max-snippet:-1","max-image-preview":"max-image-preview:large","max-video-preview":"max-video-preview:-1"},"canonical":"https:\/\/xstyle.md\/ro\/produs\/nozh-mora-no-510\/","og_locale":"ro_RO","og_type":"article","og_title":"\u041d\u043e\u0436 Mora No 510 - \u041c\u0430\u0433\u0430\u0437\u0438\u043d Xstyle","og_description":"\u041d\u043e\u0436 Mora No 510 - \u0438\u0434\u0435\u0430\u043b\u0435\u043d \u0434\u043b\u044f \u043a\u0435\u043c\u043f\u0438\u043d\u0433\u0430, \u0440\u044b\u0431\u0430\u043b\u043a\u0438 \u0438 \u043e\u0445\u043e\u0442\u044b. \u0423\u0434\u043e\u0431\u043d\u044b\u0439 \u0434\u0438\u0437\u0430\u0439\u043d \u0438 \u043a\u0430\u0447\u0435\u0441\u0442\u0432\u043e \u0448\u0432\u0435\u0434\u0441\u043a\u043e\u0439 \u0441\u0442\u0430\u043b\u0438 14C28N. \u0421\u043e\u0437\u0434\u0430\u0439\u0442\u0435 \u0432\u043e\u0441\u043f\u043e\u043c\u0438\u043d\u0430\u043d\u0438\u044f \u043d\u0430 \u043f\u0440\u0438\u0440\u043e\u0434\u0435!","og_url":"https:\/\/xstyle.md\/ro\/produs\/nozh-mora-no-510\/","og_site_name":"\u041c\u0430\u0433\u0430\u0437\u0438\u043d Xstyle","article_publisher":"https:\/\/www.facebook.com\/xstylemd","article_modified_time":"2025-10-24T09:55:40+00:00","og_image":[{"width":900,"height":900,"url":"https:\/\/xstyle.md\/wp-content\/uploads\/2022\/08\/mora-no-510.jpg","type":"image\/jpeg"}],"twitter_card":"summary_large_image","twitter_misc":{"Pre\u021b":"325&nbsp;MDL","Disponibilitate":"\u00cen stoc"},"schema":{"@context":"https:\/\/schema.org","@graph":[{"@type":"WebPage","@id":"https:\/\/xstyle.md\/product\/nozh-mora-no-510\/","url":"https:\/\/xstyle.md\/product\/nozh-mora-no-510\/","name":"Cu\u021bit Mora No 510 - Magazin Xstyle","isPartOf":{"@id":"https:\/\/xstyle.md\/#website"},"primaryImageOfPage":{"@id":"https:\/\/xstyle.md\/product\/nozh-mora-no-510\/#primaryimage"},"image":{"@id":"https:\/\/xstyle.md\/product\/nozh-mora-no-510\/#primaryimage"},"thumbnailUrl":"https:\/\/xstyle.md\/wp-content\/uploads\/2022\/08\/mora-no-510.jpg","datePublished":"2022-08-22T15:25:04+00:00","dateModified":"2025-10-24T09:55:40+00:00","description":"Cutter Mora No 510 - ideal pentru camping, pescuit \u0219i v\u00e2n\u0103toare. Design confortabil \u0219i calitate a o\u021belului suedez 14C28N. Creea\u021bi amintiri \u00een natur\u0103!","breadcrumb":{"@id":"https:\/\/xstyle.md\/product\/nozh-mora-no-510\/#breadcrumb"},"inLanguage":"ro-RO","potentialAction":[{"@type":"ReadAction","target":["https:\/\/xstyle.md\/product\/nozh-mora-no-510\/"]}]},{"@type":"ImageObject","inLanguage":"ro-RO","@id":"https:\/\/xstyle.md\/product\/nozh-mora-no-510\/#primaryimage","url":"https:\/\/xstyle.md\/wp-content\/uploads\/2022\/08\/mora-no-510.jpg","contentUrl":"https:\/\/xstyle.md\/wp-content\/uploads\/2022\/08\/mora-no-510.jpg","width":900,"height":900,"caption":"\u0420\u0443\u0447\u043d\u043e\u0439 \u043d\u043e\u0436 Mora No 510 \u0434\u043b\u044f \u0430\u043a\u0442\u0438\u0432\u043d\u043e\u0433\u043e \u043e\u0442\u0434\u044b\u0445\u0430 \u0442\u0443\u0440\u0438\u0441\u0442\u043e\u0432 \u0438 \u0430\u043b\u044c\u043f\u0438\u043d\u0438\u0441\u0442\u043e\u0432, \u0441\u043d\u0430\u0440\u044f\u0436\u0435\u043d\u0438\u0435 \u0434\u043b\u044f \u043f\u043e\u0445\u043e\u0434\u043e\u0432 \u0438 \u043f\u0443\u0442\u0435\u0448\u0435\u0441\u0442\u0432\u0438\u0439, \u043e\u0431\u0443\u0432\u044c \u0438 \u044d\u043a\u0438\u043f\u0438\u0440\u043e\u0432\u043a\u0430 \u0434\u043b\u044f \u0445\u0430\u0439\u043a\u0438\u043d\u0433\u0430 \u0438 \u0430\u043b\u044c\u043f\u0438\u043d\u0438\u0437\u043c\u0430"},{"@type":"BreadcrumbList","@id":"https:\/\/xstyle.md\/product\/nozh-mora-no-510\/#breadcrumb","itemListElement":[{"@type":"ListItem","position":1,"name":"\u0413\u043b\u0430\u0432\u043d\u0430\u044f \u0441\u0442\u0440\u0430\u043d\u0438\u0446\u0430","item":"https:\/\/xstyle.md\/"},{"@type":"ListItem","position":2,"name":"\u041c\u0430\u0433\u0430\u0437\u0438\u043d","item":"https:\/\/xstyle.md\/shop\/"},{"@type":"ListItem","position":3,"name":"\u041d\u043e\u0436 Mora No 510"}]},{"@type":"WebSite","@id":"https:\/\/xstyle.md\/#website","url":"https:\/\/xstyle.md\/","name":"Magazinul X-Style","description":"Echipamente pentru turism \u0219i sporturi extreme \u00een Moldova. Pre\u021buri, fotografii, caracteristici \u00een Moldova.","publisher":{"@id":"https:\/\/xstyle.md\/#organization"},"alternateName":"X-Style","potentialAction":[{"@type":"SearchAction","target":{"@type":"EntryPoint","urlTemplate":"https:\/\/xstyle.md\/?s={search_term_string}"},"query-input":{"@type":"PropertyValueSpecification","valueRequired":true,"valueName":"search_term_string"}}],"inLanguage":"ro-RO"},{"@type":"Organization","@id":"https:\/\/xstyle.md\/#organization","name":"Magazinul X-Style","alternateName":"x-style","url":"https:\/\/xstyle.md\/","logo":{"@type":"ImageObject","inLanguage":"ro-RO","@id":"https:\/\/xstyle.md\/#\/schema\/logo\/image\/","url":"https:\/\/xstyle.md\/wp-content\/uploads\/2020\/06\/logoicon.svg","contentUrl":"https:\/\/xstyle.md\/wp-content\/uploads\/2020\/06\/logoicon.svg","caption":"\u041c\u0430\u0433\u0430\u0437\u0438\u043d Xstyle"},"image":{"@id":"https:\/\/xstyle.md\/#\/schema\/logo\/image\/"},"sameAs":["https:\/\/www.facebook.com\/xstylemd","https:\/\/www.instagram.com\/xstyle_md\/","https:\/\/t.me\/xstyle_outdoor"],"hasMerchantReturnPolicy":{"@type":"MerchantReturnPolicy","merchantReturnLink":"https:\/\/xstyle.md\/ro\/conditions\/"}}]},"product_price_amount":"325.00","product_price_currency":"MDL","og_availability":"instock","product_availability":"instock","product_retailer_item_id":"7391846012306","product_condition":"new"},"post_mailing_queue_ids":[],"_links":{"self":[{"href":"https:\/\/xstyle.md\/ro\/wp-json\/wp\/v2\/product\/51855","targetHints":{"allow":["GET"]}}],"collection":[{"href":"https:\/\/xstyle.md\/ro\/wp-json\/wp\/v2\/product"}],"about":[{"href":"https:\/\/xstyle.md\/ro\/wp-json\/wp\/v2\/types\/product"}],"replies":[{"embeddable":true,"href":"https:\/\/xstyle.md\/ro\/wp-json\/wp\/v2\/comments?post=51855"}],"wp:featuredmedia":[{"embeddable":true,"href":"https:\/\/xstyle.md\/ro\/wp-json\/wp\/v2\/media\/52167"}],"wp:attachment":[{"href":"https:\/\/xstyle.md\/ro\/wp-json\/wp\/v2\/media?parent=51855"}],"wp:term":[{"taxonomy":"product_brand","embeddable":true,"href":"https:\/\/xstyle.md\/ro\/wp-json\/wp\/v2\/product_brand?post=51855"},{"taxonomy":"product_cat","embeddable":true,"href":"https:\/\/xstyle.md\/ro\/wp-json\/wp\/v2\/product_cat?post=51855"},{"taxonomy":"product_tag","embeddable":true,"href":"https:\/\/xstyle.md\/ro\/wp-json\/wp\/v2\/product_tag?post=51855"}],"curies":[{"name":"wp","href":"https:\/\/api.w.org\/{rel}","templated":true}]}}