{"id":49006,"date":"2022-06-16T13:22:27","date_gmt":"2022-06-16T10:22:27","guid":{"rendered":"https:\/\/xstyle.md\/?post_type=product&#038;p=49006"},"modified":"2024-10-21T10:07:20","modified_gmt":"2024-10-21T07:07:20","slug":"braslet-highlander-paracord-bracelet-with-shackle-olive","status":"publish","type":"product","link":"https:\/\/xstyle.md\/ro\/produs\/braslet-highlander-paracord-bracelet-with-shackle-olive\/","title":{"rendered":"Br\u0103\u021bar\u0103 Highlander Paracord bracelet with shackle olive"},"content":{"rendered":"<\/p>\n<p>Br\u0103\u021bar\u0103 <strong>Highlander Paracord bracelet with shackle olive<\/strong> realizat din paracord cu o \u00eencuietoare metalic\u0103 \u00een form\u0103 de U este un accesoriu indispensabil pentru fanii expedi\u021biilor extreme. Se combin\u0103 perfect cu hainele, eviden\u021biaz\u0103 interesele dumneavoastr\u0103. Odat\u0103 dezlegat, lungimea paracordului este de 2,85 metri, poate fi folosit \u00een situa\u021bii de supravie\u021buire, \u00een gr\u0103din\u0103, camping.<\/p>\n<h3>Particularit\u0103\u021bi<\/h3>\n<ul>\n<li>Design elegant<\/li>\n<li>U\u0219or \u0219i compact<\/li>\n<\/ul>\n<h3>Caracteristici<\/h3>\n<ul>\n<li>Material &#8212; nailon<\/li>\n<li>Sarcina maxim\u0103 &#8212; 250 kg<\/li>\n<li>Dimensiuni &#8212; 23 x 3 cm<\/li>\n<li>Greutate &#8212; 35 g<\/li>\n<\/ul>\n<p><\/p>","protected":false},"excerpt":{"rendered":"","protected":false},"featured_media":49955,"comment_status":"open","ping_status":"closed","template":"","meta":{"_acf_changed":false,"inline_featured_image":false},"product_brand":[1449],"product_cat":[338],"product_tag":[],"class_list":{"0":"post-49006","1":"product","2":"type-product","3":"status-publish","4":"has-post-thumbnail","6":"product_brand-yate","7":"product_cat-backpack-accessories","9":"first","10":"instock","11":"shipping-taxable","12":"purchasable","13":"product-type-simple"},"acf":[],"yoast_head":"<!-- This site is optimized with the Yoast SEO plugin v27.4 - https:\/\/yoast.com\/product\/yoast-seo-wordpress\/ -->\n<title>\u0411\u0440\u0430\u0441\u043b\u0435\u0442 Highlander Paracord bracelet with shackle olive - \u041c\u0430\u0433\u0430\u0437\u0438\u043d Xstyle<\/title>\n<meta name=\"description\" content=\"\u0411\u0440\u0430\u0441\u043b\u0435\u0442 Highlander Paracord \u0441 \u043c\u0435\u0442\u0430\u043b\u043b\u0438\u0447\u0435\u0441\u043a\u0438\u043c \u0437\u0430\u043c\u043a\u043e\u043c \u0438\u0434\u0435\u0430\u043b\u044c\u043d\u043e \u043f\u043e\u0434\u0445\u043e\u0434\u0438\u0442 \u0434\u043b\u044f \u044d\u043a\u0441\u0442\u0440\u0435\u043c\u0430\u043b\u044c\u043d\u044b\u0445 \u043f\u043e\u0445\u043e\u0434\u043e\u0432. \u0414\u043b\u0438\u043d\u0430 285 \u0441\u043c, \u043d\u0430\u0434\u0435\u0436\u043d\u044b\u0439 \u0430\u043a\u0441\u0435\u0441\u0441\u0443\u0430\u0440 \u0434\u043b\u044f \u0432\u044b\u0436\u0438\u0432\u0430\u043d\u0438\u044f.\" \/>\n<meta name=\"robots\" content=\"index, follow, max-snippet:-1, max-image-preview:large, max-video-preview:-1\" \/>\n<link rel=\"canonical\" href=\"https:\/\/xstyle.md\/ro\/produs\/braslet-highlander-paracord-bracelet-with-shackle-olive\/\" \/>\n<meta property=\"og:locale\" content=\"ro_RO\" \/>\n<meta property=\"og:type\" content=\"article\" \/>\n<meta property=\"og:title\" content=\"\u0411\u0440\u0430\u0441\u043b\u0435\u0442 Highlander Paracord bracelet with shackle olive - \u041c\u0430\u0433\u0430\u0437\u0438\u043d Xstyle\" \/>\n<meta property=\"og:description\" content=\"\u0411\u0440\u0430\u0441\u043b\u0435\u0442 Highlander Paracord \u0441 \u043c\u0435\u0442\u0430\u043b\u043b\u0438\u0447\u0435\u0441\u043a\u0438\u043c \u0437\u0430\u043c\u043a\u043e\u043c \u0438\u0434\u0435\u0430\u043b\u044c\u043d\u043e \u043f\u043e\u0434\u0445\u043e\u0434\u0438\u0442 \u0434\u043b\u044f \u044d\u043a\u0441\u0442\u0440\u0435\u043c\u0430\u043b\u044c\u043d\u044b\u0445 \u043f\u043e\u0445\u043e\u0434\u043e\u0432. \u0414\u043b\u0438\u043d\u0430 285 \u0441\u043c, \u043d\u0430\u0434\u0435\u0436\u043d\u044b\u0439 \u0430\u043a\u0441\u0435\u0441\u0441\u0443\u0430\u0440 \u0434\u043b\u044f \u0432\u044b\u0436\u0438\u0432\u0430\u043d\u0438\u044f.\" \/>\n<meta property=\"og:url\" content=\"https:\/\/xstyle.md\/ro\/produs\/braslet-highlander-paracord-bracelet-with-shackle-olive\/\" \/>\n<meta property=\"og:site_name\" content=\"\u041c\u0430\u0433\u0430\u0437\u0438\u043d Xstyle\" \/>\n<meta property=\"article:publisher\" content=\"https:\/\/www.facebook.com\/xstylemd\" \/>\n<meta property=\"article:modified_time\" content=\"2024-10-21T07:07:20+00:00\" \/>\n<meta property=\"og:image\" content=\"https:\/\/xstyle.md\/wp-content\/uploads\/2022\/06\/highlander-paracord-bracelet-with-shackle-olive.jpg\" \/>\n\t<meta property=\"og:image:width\" content=\"1000\" \/>\n\t<meta property=\"og:image:height\" content=\"1000\" \/>\n\t<meta property=\"og:image:type\" content=\"image\/jpeg\" \/>\n<meta name=\"twitter:card\" content=\"summary_large_image\" \/>\n<meta name=\"twitter:label1\" content=\"Pre\u021b\" \/>\n\t<meta name=\"twitter:data1\" content=\"155&nbsp;MDL\" \/>\n\t<meta name=\"twitter:label2\" content=\"Disponibilitate\" \/>\n\t<meta name=\"twitter:data2\" content=\"\u00cen stoc\" \/>\n<script type=\"application\/ld+json\" class=\"yoast-schema-graph\">{\"@context\":\"https:\\\/\\\/schema.org\",\"@graph\":[{\"@type\":\"WebPage\",\"@id\":\"https:\\\/\\\/xstyle.md\\\/product\\\/braslet-highlander-paracord-bracelet-with-shackle-olive\\\/\",\"url\":\"https:\\\/\\\/xstyle.md\\\/product\\\/braslet-highlander-paracord-bracelet-with-shackle-olive\\\/\",\"name\":\"\u0411\u0440\u0430\u0441\u043b\u0435\u0442 Highlander Paracord bracelet with shackle olive - \u041c\u0430\u0433\u0430\u0437\u0438\u043d Xstyle\",\"isPartOf\":{\"@id\":\"https:\\\/\\\/xstyle.md\\\/#website\"},\"primaryImageOfPage\":{\"@id\":\"https:\\\/\\\/xstyle.md\\\/product\\\/braslet-highlander-paracord-bracelet-with-shackle-olive\\\/#primaryimage\"},\"image\":{\"@id\":\"https:\\\/\\\/xstyle.md\\\/product\\\/braslet-highlander-paracord-bracelet-with-shackle-olive\\\/#primaryimage\"},\"thumbnailUrl\":\"https:\\\/\\\/xstyle.md\\\/wp-content\\\/uploads\\\/2022\\\/06\\\/highlander-paracord-bracelet-with-shackle-olive.jpg\",\"datePublished\":\"2022-06-16T10:22:27+00:00\",\"dateModified\":\"2024-10-21T07:07:20+00:00\",\"description\":\"\u0411\u0440\u0430\u0441\u043b\u0435\u0442 Highlander Paracord \u0441 \u043c\u0435\u0442\u0430\u043b\u043b\u0438\u0447\u0435\u0441\u043a\u0438\u043c \u0437\u0430\u043c\u043a\u043e\u043c \u0438\u0434\u0435\u0430\u043b\u044c\u043d\u043e \u043f\u043e\u0434\u0445\u043e\u0434\u0438\u0442 \u0434\u043b\u044f \u044d\u043a\u0441\u0442\u0440\u0435\u043c\u0430\u043b\u044c\u043d\u044b\u0445 \u043f\u043e\u0445\u043e\u0434\u043e\u0432. \u0414\u043b\u0438\u043d\u0430 285 \u0441\u043c, \u043d\u0430\u0434\u0435\u0436\u043d\u044b\u0439 \u0430\u043a\u0441\u0435\u0441\u0441\u0443\u0430\u0440 \u0434\u043b\u044f \u0432\u044b\u0436\u0438\u0432\u0430\u043d\u0438\u044f.\",\"breadcrumb\":{\"@id\":\"https:\\\/\\\/xstyle.md\\\/product\\\/braslet-highlander-paracord-bracelet-with-shackle-olive\\\/#breadcrumb\"},\"inLanguage\":\"ro-RO\",\"potentialAction\":[{\"@type\":\"ReadAction\",\"target\":[\"https:\\\/\\\/xstyle.md\\\/product\\\/braslet-highlander-paracord-bracelet-with-shackle-olive\\\/\"]}]},{\"@type\":\"ImageObject\",\"inLanguage\":\"ro-RO\",\"@id\":\"https:\\\/\\\/xstyle.md\\\/product\\\/braslet-highlander-paracord-bracelet-with-shackle-olive\\\/#primaryimage\",\"url\":\"https:\\\/\\\/xstyle.md\\\/wp-content\\\/uploads\\\/2022\\\/06\\\/highlander-paracord-bracelet-with-shackle-olive.jpg\",\"contentUrl\":\"https:\\\/\\\/xstyle.md\\\/wp-content\\\/uploads\\\/2022\\\/06\\\/highlander-paracord-bracelet-with-shackle-olive.jpg\",\"width\":1000,\"height\":1000,\"caption\":\"\u0411\u0440\u0430\u0441\u043b\u0435\u0442 Highlander \u0438\u0437 \u043f\u0430\u0440\u0430\u043a\u043e\u0440\u0434\u0430 \u0441 \u043a\u0430\u0440\u0430\u0431\u0438\u043d\u043e\u043c \u043e\u043b\u0438\u0432\u043a\u043e\u0432\u044b\u0439 \u0434\u043b\u044f \u0430\u043a\u0442\u0438\u0432\u043d\u043e\u0433\u043e \u043e\u0442\u0434\u044b\u0445\u0430 \u0438 \u0441\u043a\u0430\u043b\u043e\u043b\u0430\u0437\u0430\u043d\u0438\u044f, \u0442\u0443\u0440\u0438\u0441\u0442\u0438\u0447\u0435\u0441\u043a\u0438\u0439 \u0430\u043a\u0441\u0435\u0441\u0441\u0443\u0430\u0440 \u0434\u043b\u044f \u043f\u043e\u0445\u043e\u0434\u043e\u0432 \u0438 \u0430\u043b\u044c\u043f\u0438\u043d\u0438\u0437\u043c\u0430 \u0432 \u043e\u043d\u043b\u0430\u0439\u043d \u043c\u0430\u0433\u0430\u0437\u0438\u043d\u0435 \u0442\u043e\u0432\u0430\u0440\u043e\u0432 \u0434\u043b\u044f \u0430\u043a\u0442\u0438\u0432\u043d\u043e\u0439 \u0436\u0438\u0437\u043d\u0438\"},{\"@type\":\"BreadcrumbList\",\"@id\":\"https:\\\/\\\/xstyle.md\\\/product\\\/braslet-highlander-paracord-bracelet-with-shackle-olive\\\/#breadcrumb\",\"itemListElement\":[{\"@type\":\"ListItem\",\"position\":1,\"name\":\"\u0413\u043b\u0430\u0432\u043d\u0430\u044f \u0441\u0442\u0440\u0430\u043d\u0438\u0446\u0430\",\"item\":\"https:\\\/\\\/xstyle.md\\\/\"},{\"@type\":\"ListItem\",\"position\":2,\"name\":\"\u041c\u0430\u0433\u0430\u0437\u0438\u043d\",\"item\":\"https:\\\/\\\/xstyle.md\\\/shop\\\/\"},{\"@type\":\"ListItem\",\"position\":3,\"name\":\"\u0411\u0440\u0430\u0441\u043b\u0435\u0442 Highlander Paracord bracelet with shackle olive\"}]},{\"@type\":\"WebSite\",\"@id\":\"https:\\\/\\\/xstyle.md\\\/#website\",\"url\":\"https:\\\/\\\/xstyle.md\\\/\",\"name\":\"\u041c\u0430\u0433\u0430\u0437\u0438\u043d Xstyle\",\"description\":\"C\u043d\u0430\u0440\u044f\u0436\u0435\u043d\u0438\u0435 \u0434\u043b\u044f \u0442\u0443\u0440\u0438\u0437\u043c\u0430 \u0438 \u044d\u043a\u0441\u0442\u0440\u0435\u043c\u0430\u043b\u044c\u043d\u044b\u0445 \u0432\u0438\u0434\u043e\u0432 \u0441\u043f\u043e\u0440\u0442\u0430 \u0432 \u041c\u043e\u043b\u0434\u043e\u0432\u0435.. \u0426\u0435\u043d\u044b, \u0444\u043e\u0442\u043e, \u0445\u0430\u0440\u0430\u043a\u0442\u0435\u0440\u0438\u0441\u0442\u0438\u043a\u0438 \u0432 \u041c\u043e\u043b\u0434\u043e\u0432\u0435.\",\"publisher\":{\"@id\":\"https:\\\/\\\/xstyle.md\\\/#organization\"},\"alternateName\":\"X-Style\",\"potentialAction\":[{\"@type\":\"SearchAction\",\"target\":{\"@type\":\"EntryPoint\",\"urlTemplate\":\"https:\\\/\\\/xstyle.md\\\/?s={search_term_string}\"},\"query-input\":{\"@type\":\"PropertyValueSpecification\",\"valueRequired\":true,\"valueName\":\"search_term_string\"}}],\"inLanguage\":\"ro-RO\"},{\"@type\":\"Organization\",\"@id\":\"https:\\\/\\\/xstyle.md\\\/#organization\",\"name\":\"\u041c\u0430\u0433\u0430\u0437\u0438\u043d Xstyle\",\"alternateName\":\"x-style\",\"url\":\"https:\\\/\\\/xstyle.md\\\/\",\"logo\":{\"@type\":\"ImageObject\",\"inLanguage\":\"ro-RO\",\"@id\":\"https:\\\/\\\/xstyle.md\\\/#\\\/schema\\\/logo\\\/image\\\/\",\"url\":\"https:\\\/\\\/xstyle.md\\\/wp-content\\\/uploads\\\/2020\\\/06\\\/logoicon.svg\",\"contentUrl\":\"https:\\\/\\\/xstyle.md\\\/wp-content\\\/uploads\\\/2020\\\/06\\\/logoicon.svg\",\"caption\":\"\u041c\u0430\u0433\u0430\u0437\u0438\u043d Xstyle\"},\"image\":{\"@id\":\"https:\\\/\\\/xstyle.md\\\/#\\\/schema\\\/logo\\\/image\\\/\"},\"sameAs\":[\"https:\\\/\\\/www.facebook.com\\\/xstylemd\",\"https:\\\/\\\/www.instagram.com\\\/xstyle_md\\\/\",\"https:\\\/\\\/t.me\\\/xstyle_outdoor\"],\"hasMerchantReturnPolicy\":{\"@type\":\"MerchantReturnPolicy\",\"merchantReturnLink\":\"https:\\\/\\\/xstyle.md\\\/ro\\\/conditions\\\/\"}}]}<\/script>\n<meta property=\"product:price:amount\" content=\"155.00\" \/>\n<meta property=\"product:price:currency\" content=\"MDL\" \/>\n<meta property=\"og:availability\" content=\"instock\" \/>\n<meta property=\"product:availability\" content=\"instock\" \/>\n<meta property=\"product:retailer_item_id\" content=\"5034358252083\" \/>\n<meta property=\"product:condition\" content=\"new\" \/>\n<!-- \/ Yoast SEO plugin. -->","yoast_head_json":{"title":"Br\u0103\u021bar\u0103 Highlander Paracord bracelet with shackle olive - Magazin Xstyle","description":"Br\u0103\u021bara Highlander Paracord cu \u00eenchidere metalic\u0103 este perfect\u0103 pentru drume\u021bii extreme. Lungimea de 285 cm face din aceasta un accesoriu fiabil pentru supravie\u021buire.","robots":{"index":"index","follow":"follow","max-snippet":"max-snippet:-1","max-image-preview":"max-image-preview:large","max-video-preview":"max-video-preview:-1"},"canonical":"https:\/\/xstyle.md\/ro\/produs\/braslet-highlander-paracord-bracelet-with-shackle-olive\/","og_locale":"ro_RO","og_type":"article","og_title":"\u0411\u0440\u0430\u0441\u043b\u0435\u0442 Highlander Paracord bracelet with shackle olive - \u041c\u0430\u0433\u0430\u0437\u0438\u043d Xstyle","og_description":"\u0411\u0440\u0430\u0441\u043b\u0435\u0442 Highlander Paracord \u0441 \u043c\u0435\u0442\u0430\u043b\u043b\u0438\u0447\u0435\u0441\u043a\u0438\u043c \u0437\u0430\u043c\u043a\u043e\u043c \u0438\u0434\u0435\u0430\u043b\u044c\u043d\u043e \u043f\u043e\u0434\u0445\u043e\u0434\u0438\u0442 \u0434\u043b\u044f \u044d\u043a\u0441\u0442\u0440\u0435\u043c\u0430\u043b\u044c\u043d\u044b\u0445 \u043f\u043e\u0445\u043e\u0434\u043e\u0432. \u0414\u043b\u0438\u043d\u0430 285 \u0441\u043c, \u043d\u0430\u0434\u0435\u0436\u043d\u044b\u0439 \u0430\u043a\u0441\u0435\u0441\u0441\u0443\u0430\u0440 \u0434\u043b\u044f \u0432\u044b\u0436\u0438\u0432\u0430\u043d\u0438\u044f.","og_url":"https:\/\/xstyle.md\/ro\/produs\/braslet-highlander-paracord-bracelet-with-shackle-olive\/","og_site_name":"\u041c\u0430\u0433\u0430\u0437\u0438\u043d Xstyle","article_publisher":"https:\/\/www.facebook.com\/xstylemd","article_modified_time":"2024-10-21T07:07:20+00:00","og_image":[{"width":1000,"height":1000,"url":"https:\/\/xstyle.md\/wp-content\/uploads\/2022\/06\/highlander-paracord-bracelet-with-shackle-olive.jpg","type":"image\/jpeg"}],"twitter_card":"summary_large_image","twitter_misc":{"Pre\u021b":"155&nbsp;MDL","Disponibilitate":"\u00cen stoc"},"schema":{"@context":"https:\/\/schema.org","@graph":[{"@type":"WebPage","@id":"https:\/\/xstyle.md\/product\/braslet-highlander-paracord-bracelet-with-shackle-olive\/","url":"https:\/\/xstyle.md\/product\/braslet-highlander-paracord-bracelet-with-shackle-olive\/","name":"Br\u0103\u021bar\u0103 Highlander Paracord bracelet with shackle olive - Magazin Xstyle","isPartOf":{"@id":"https:\/\/xstyle.md\/#website"},"primaryImageOfPage":{"@id":"https:\/\/xstyle.md\/product\/braslet-highlander-paracord-bracelet-with-shackle-olive\/#primaryimage"},"image":{"@id":"https:\/\/xstyle.md\/product\/braslet-highlander-paracord-bracelet-with-shackle-olive\/#primaryimage"},"thumbnailUrl":"https:\/\/xstyle.md\/wp-content\/uploads\/2022\/06\/highlander-paracord-bracelet-with-shackle-olive.jpg","datePublished":"2022-06-16T10:22:27+00:00","dateModified":"2024-10-21T07:07:20+00:00","description":"Br\u0103\u021bara Highlander Paracord cu \u00eenchidere metalic\u0103 este perfect\u0103 pentru drume\u021bii extreme. Lungimea de 285 cm face din aceasta un accesoriu fiabil pentru supravie\u021buire.","breadcrumb":{"@id":"https:\/\/xstyle.md\/product\/braslet-highlander-paracord-bracelet-with-shackle-olive\/#breadcrumb"},"inLanguage":"ro-RO","potentialAction":[{"@type":"ReadAction","target":["https:\/\/xstyle.md\/product\/braslet-highlander-paracord-bracelet-with-shackle-olive\/"]}]},{"@type":"ImageObject","inLanguage":"ro-RO","@id":"https:\/\/xstyle.md\/product\/braslet-highlander-paracord-bracelet-with-shackle-olive\/#primaryimage","url":"https:\/\/xstyle.md\/wp-content\/uploads\/2022\/06\/highlander-paracord-bracelet-with-shackle-olive.jpg","contentUrl":"https:\/\/xstyle.md\/wp-content\/uploads\/2022\/06\/highlander-paracord-bracelet-with-shackle-olive.jpg","width":1000,"height":1000,"caption":"\u0411\u0440\u0430\u0441\u043b\u0435\u0442 Highlander \u0438\u0437 \u043f\u0430\u0440\u0430\u043a\u043e\u0440\u0434\u0430 \u0441 \u043a\u0430\u0440\u0430\u0431\u0438\u043d\u043e\u043c \u043e\u043b\u0438\u0432\u043a\u043e\u0432\u044b\u0439 \u0434\u043b\u044f \u0430\u043a\u0442\u0438\u0432\u043d\u043e\u0433\u043e \u043e\u0442\u0434\u044b\u0445\u0430 \u0438 \u0441\u043a\u0430\u043b\u043e\u043b\u0430\u0437\u0430\u043d\u0438\u044f, \u0442\u0443\u0440\u0438\u0441\u0442\u0438\u0447\u0435\u0441\u043a\u0438\u0439 \u0430\u043a\u0441\u0435\u0441\u0441\u0443\u0430\u0440 \u0434\u043b\u044f \u043f\u043e\u0445\u043e\u0434\u043e\u0432 \u0438 \u0430\u043b\u044c\u043f\u0438\u043d\u0438\u0437\u043c\u0430 \u0432 \u043e\u043d\u043b\u0430\u0439\u043d \u043c\u0430\u0433\u0430\u0437\u0438\u043d\u0435 \u0442\u043e\u0432\u0430\u0440\u043e\u0432 \u0434\u043b\u044f \u0430\u043a\u0442\u0438\u0432\u043d\u043e\u0439 \u0436\u0438\u0437\u043d\u0438"},{"@type":"BreadcrumbList","@id":"https:\/\/xstyle.md\/product\/braslet-highlander-paracord-bracelet-with-shackle-olive\/#breadcrumb","itemListElement":[{"@type":"ListItem","position":1,"name":"\u0413\u043b\u0430\u0432\u043d\u0430\u044f \u0441\u0442\u0440\u0430\u043d\u0438\u0446\u0430","item":"https:\/\/xstyle.md\/"},{"@type":"ListItem","position":2,"name":"\u041c\u0430\u0433\u0430\u0437\u0438\u043d","item":"https:\/\/xstyle.md\/shop\/"},{"@type":"ListItem","position":3,"name":"\u0411\u0440\u0430\u0441\u043b\u0435\u0442 Highlander Paracord bracelet with shackle olive"}]},{"@type":"WebSite","@id":"https:\/\/xstyle.md\/#website","url":"https:\/\/xstyle.md\/","name":"Magazinul X-Style","description":"Echipamente pentru turism \u0219i sporturi extreme \u00een Moldova. Pre\u021buri, fotografii, caracteristici \u00een Moldova.","publisher":{"@id":"https:\/\/xstyle.md\/#organization"},"alternateName":"X-Style","potentialAction":[{"@type":"SearchAction","target":{"@type":"EntryPoint","urlTemplate":"https:\/\/xstyle.md\/?s={search_term_string}"},"query-input":{"@type":"PropertyValueSpecification","valueRequired":true,"valueName":"search_term_string"}}],"inLanguage":"ro-RO"},{"@type":"Organization","@id":"https:\/\/xstyle.md\/#organization","name":"Magazinul X-Style","alternateName":"x-style","url":"https:\/\/xstyle.md\/","logo":{"@type":"ImageObject","inLanguage":"ro-RO","@id":"https:\/\/xstyle.md\/#\/schema\/logo\/image\/","url":"https:\/\/xstyle.md\/wp-content\/uploads\/2020\/06\/logoicon.svg","contentUrl":"https:\/\/xstyle.md\/wp-content\/uploads\/2020\/06\/logoicon.svg","caption":"\u041c\u0430\u0433\u0430\u0437\u0438\u043d Xstyle"},"image":{"@id":"https:\/\/xstyle.md\/#\/schema\/logo\/image\/"},"sameAs":["https:\/\/www.facebook.com\/xstylemd","https:\/\/www.instagram.com\/xstyle_md\/","https:\/\/t.me\/xstyle_outdoor"],"hasMerchantReturnPolicy":{"@type":"MerchantReturnPolicy","merchantReturnLink":"https:\/\/xstyle.md\/ro\/conditions\/"}}]},"product_price_amount":"155.00","product_price_currency":"MDL","og_availability":"instock","product_availability":"instock","product_retailer_item_id":"5034358252083","product_condition":"new"},"post_mailing_queue_ids":[],"_links":{"self":[{"href":"https:\/\/xstyle.md\/ro\/wp-json\/wp\/v2\/product\/49006","targetHints":{"allow":["GET"]}}],"collection":[{"href":"https:\/\/xstyle.md\/ro\/wp-json\/wp\/v2\/product"}],"about":[{"href":"https:\/\/xstyle.md\/ro\/wp-json\/wp\/v2\/types\/product"}],"replies":[{"embeddable":true,"href":"https:\/\/xstyle.md\/ro\/wp-json\/wp\/v2\/comments?post=49006"}],"wp:featuredmedia":[{"embeddable":true,"href":"https:\/\/xstyle.md\/ro\/wp-json\/wp\/v2\/media\/49955"}],"wp:attachment":[{"href":"https:\/\/xstyle.md\/ro\/wp-json\/wp\/v2\/media?parent=49006"}],"wp:term":[{"taxonomy":"product_brand","embeddable":true,"href":"https:\/\/xstyle.md\/ro\/wp-json\/wp\/v2\/product_brand?post=49006"},{"taxonomy":"product_cat","embeddable":true,"href":"https:\/\/xstyle.md\/ro\/wp-json\/wp\/v2\/product_cat?post=49006"},{"taxonomy":"product_tag","embeddable":true,"href":"https:\/\/xstyle.md\/ro\/wp-json\/wp\/v2\/product_tag?post=49006"}],"curies":[{"name":"wp","href":"https:\/\/api.w.org\/{rel}","templated":true}]}}