{"id":48906,"date":"2022-06-16T13:22:07","date_gmt":"2022-06-16T10:22:07","guid":{"rendered":"https:\/\/xstyle.md\/?post_type=product&#038;p=48906"},"modified":"2026-03-19T16:49:03","modified_gmt":"2026-03-19T13:49:03","slug":"palatka-pinguin-interval-4-green","status":"publish","type":"product","link":"https:\/\/dev.xstyle.md\/ro\/produs\/palatka-pinguin-interval-4-green\/","title":{"rendered":"Cort verde Pinguin Interval 4"},"content":{"rendered":"<p><\/p>\n<p><strong>Pinguin Interval 4<\/strong>\u00a0 &#8212; este un cort spa\u021bios \u0219i \u00eenalt, dotat cu ferestre, un vestibul generos \u0219i dou\u0103 compartimente pentru dormit.<\/p>\n<p>\u00cen caz de vreme nefavorabil\u0103, vestibulul permite depozitarea \u00eentregului echipament \u0219i a obiectelor personale, oferind totodat\u0103 spa\u021biu pentru amenajarea unei buc\u0103t\u0103rii de campanie. Copertina din fa\u021ba vestibulului este sus\u021binut\u0103 de st\u00e2lpi suplimentari. Toate intr\u0103rile \u00een compartimentele de dormit sunt dublate de plase de \u021b\u00e2n\u021bari. \u00cen\u0103l\u021bimea vestibulului \u0219i a plafonului (200\/160 cm) permite deplasarea confortabil\u0103 \u00een interior \u0219i amplasarea mobilierului de camping. Structura cu be\u021be exterioare permite utilizarea supratentei (foii exterioare) f\u0103r\u0103 cortul interior.<\/p>\n<p>Datorit\u0103 construc\u021biei cu 4 be\u021be care se intersecteaz\u0103 \u00een 5 puncte, cortul este extrem de rezistent la v\u00e2nt, \u00een ciuda dimensiunilor sale mari. Vestibulul este prev\u0103zut cu podea \u0219i ferestre.<\/p>\n<h3>Particularit\u0103\u021bi<\/h3>\n<ul>\n<li>Posibilitatea de a fi utilizat ca pavilion (\u0219atru), f\u0103r\u0103 cortul interior.<\/li>\n<li>2 camere cu c\u00e2te 2 locuri de dormit, separate printr-un perete textil care se poate deschide \u0219i \u00eenchide cu fermoar.<\/li>\n<li>Acces \u0219i ventila\u021bie &#8212; 2 intr\u0103ri separate \u0219i 4 ferestre de aerisire.<\/li>\n<li>Fereastr\u0103 mare pentru o mai bun\u0103 iluminare natural\u0103 \u0219i ventilare.<\/li>\n<\/ul>\n<h3>Caracteristici<\/h3>\n<ul>\n<li>Capacitate \u2013 4+ persoane<\/li>\n<li>Impermeabilitate supratent\u0103 \u2013 4000 mm coloan\u0103 de ap\u0103<\/li>\n<li>Impermeabilitate podea \u2013 10000 mm coloan\u0103 de ap\u0103<\/li>\n<li>Greutate \u2013 14.6 kg<\/li>\n<li>Dimensiuni \u00eempachetat \u2013 28 x 67 cm<\/li>\n<li>Dimensiuni cort exterior \u2013 470 x 315 x 201 cm<\/li>\n<li>Dimensiuni cort interior \u2013 405 x 220 x 120 cm (plus spa\u021biul de vestibul)<\/li>\n<li>Num\u0103r intr\u0103ri \u2013 2<\/li>\n<li>Num\u0103r ferestre \u2013 4<\/li>\n<li>Cus\u0103turi \u2013 Vulcanizate (etan\u0219ate)<\/li>\n<li>Posibilitate de instalare f\u0103r\u0103 cort interior \u2013 Da (supratenta poate fi folosit\u0103 ca pavilion\/ad\u0103post de sine st\u0103t\u0103tor)<\/li>\n<li>Material supratent\u0103 \u2013 Poliester cu \u00eenveli\u0219 PU<\/li>\n<li>Material podea \u2013 Nylon, PU<\/li>\n<\/ul>\n<p><\/p>\n<h3>Marca<\/h3>\n<div>\n<p>Pinguin - este cea mai experimentat\u0103 companie ceh\u0103 produc\u0103toare de echipamente outdoor, de c\u00e2nd primele produse au ap\u0103rut pe pia\u021b\u0103 \u00eenc\u0103 \u00een 1989. Echipamentul Pinguin a fost folosit de alpini\u0219ti \u0219i c\u0103l\u0103tori celebri \u00een cucerirea celor mai \u00eenalte v\u00e2rfuri muntoase din lume.<\/p>\n<p>Compania a fost numit\u0103 \u00een cinstea unei p\u0103s\u0103ri care tr\u0103ie\u0219te \u00een Antarctica, deoarece este specializat\u0103 \u00een echipamente pentru drume\u021bii care vor oferi tuturor pasiona\u021bilor odihnei active confort \u0219i c\u0103ldur\u0103 \u00een condi\u021biile reci de iarn\u0103 sau pe v\u00e2rfurile muntoase acoperite cu ghea\u021b\u0103.<\/p>\n<\/div>\n<\/div>","protected":false},"excerpt":{"rendered":"<p>\u0411\u0440\u0435\u043d\u0434 Pinguin \u2013 \u0441\u0430\u043c\u0430\u044f \u043e\u043f\u044b\u0442\u043d\u0430\u044f \u0447\u0435\u0448\u0441\u043a\u0430\u044f \u043a\u043e\u043c\u043f\u0430\u043d\u0438\u044f \u043f\u0440\u043e\u0438\u0437\u0432\u043e\u0434\u044f\u0449\u0430\u044f outdoor \u044d\u043a\u0438\u043f\u0438\u0440\u043e\u0432\u043a\u0443, \u0442\u0430\u043a \u043a\u0430\u043a \u043f\u0435\u0440\u0432\u0430\u044f \u043f\u0440\u043e\u0434\u0443\u043a\u0446\u0438\u044f \u0432\u043e\u0437\u043d\u0438\u043a\u043b\u0430 \u043d\u0430 \u0440\u044b\u043d\u043a\u0435 \u0435\u0449\u0435 \u0432 1989<\/p>","protected":false},"featured_media":72991,"comment_status":"open","ping_status":"closed","template":"","meta":{"_acf_changed":false,"inline_featured_image":false},"product_brand":[1263],"product_cat":[78],"product_tag":[],"class_list":{"0":"post-48906","1":"product","2":"type-product","3":"status-publish","4":"has-post-thumbnail","6":"product_brand-pinguin","7":"product_cat-camping-tents","9":"first","10":"instock","11":"shipping-taxable","12":"purchasable","13":"product-type-simple"},"acf":[],"yoast_head":"<!-- This site is optimized with the Yoast SEO plugin v27.4 - https:\/\/yoast.com\/product\/yoast-seo-wordpress\/ -->\n<title>\u041f\u0430\u043b\u0430\u0442\u043a\u0430 Pinguin Interval 4 green - \u041c\u0430\u0433\u0430\u0437\u0438\u043d Xstyle<\/title>\n<meta name=\"description\" content=\"\u041f\u0430\u043b\u0430\u0442\u043a\u0430 Pinguin Interval 4 green - \u043d\u0430\u0434\u0435\u0436\u043d\u0430\u044f \u0438 \u043f\u0440\u043e\u0441\u0442\u043e\u0440\u043d\u0430\u044f \u0442\u0443\u0440\u0438\u0441\u0442\u0438\u0447\u0435\u0441\u043a\u0430\u044f \u043f\u0430\u043b\u0430\u0442\u043a\u0430 \u043d\u0430 4-5 \u0447\u0435\u043b\u043e\u0432\u0435\u043a. \u0418\u0434\u0435\u0430\u043b\u044c\u043d\u0430 \u0434\u043b\u044f \u043f\u043e\u0445\u043e\u0434\u043e\u0432. \u0417\u0430\u0449\u0438\u0442\u0438\u0442 \u043e\u0442 \u0434\u043e\u0436\u0434\u044f \u0438 \u0432\u0435\u0442\u0440\u0430!\" \/>\n<meta name=\"robots\" content=\"noindex, follow, max-snippet:-1, max-image-preview:large, max-video-preview:-1\" \/>\n<meta property=\"og:locale\" content=\"ro_RO\" \/>\n<meta property=\"og:type\" content=\"article\" \/>\n<meta property=\"og:title\" content=\"\u041f\u0430\u043b\u0430\u0442\u043a\u0430 Pinguin Interval 4 green - \u041c\u0430\u0433\u0430\u0437\u0438\u043d Xstyle\" \/>\n<meta property=\"og:description\" content=\"\u041f\u0430\u043b\u0430\u0442\u043a\u0430 Pinguin Interval 4 green - \u043d\u0430\u0434\u0435\u0436\u043d\u0430\u044f \u0438 \u043f\u0440\u043e\u0441\u0442\u043e\u0440\u043d\u0430\u044f \u0442\u0443\u0440\u0438\u0441\u0442\u0438\u0447\u0435\u0441\u043a\u0430\u044f \u043f\u0430\u043b\u0430\u0442\u043a\u0430 \u043d\u0430 4-5 \u0447\u0435\u043b\u043e\u0432\u0435\u043a. \u0418\u0434\u0435\u0430\u043b\u044c\u043d\u0430 \u0434\u043b\u044f \u043f\u043e\u0445\u043e\u0434\u043e\u0432. \u0417\u0430\u0449\u0438\u0442\u0438\u0442 \u043e\u0442 \u0434\u043e\u0436\u0434\u044f \u0438 \u0432\u0435\u0442\u0440\u0430!\" \/>\n<meta property=\"og:url\" content=\"https:\/\/dev.xstyle.md\/ro\/produs\/palatka-pinguin-interval-4-green\/\" \/>\n<meta property=\"og:site_name\" content=\"\u041c\u0430\u0433\u0430\u0437\u0438\u043d Xstyle\" \/>\n<meta property=\"article:publisher\" content=\"https:\/\/www.facebook.com\/xstylemd\" \/>\n<meta property=\"article:modified_time\" content=\"2026-03-19T13:49:03+00:00\" \/>\n<meta property=\"og:image\" content=\"https:\/\/dev.xstyle.md\/wp-content\/uploads\/2022\/06\/pinguin-interval-4-green-0.jpg\" \/>\n\t<meta property=\"og:image:width\" content=\"690\" \/>\n\t<meta property=\"og:image:height\" content=\"542\" \/>\n\t<meta property=\"og:image:type\" content=\"image\/jpeg\" \/>\n<meta name=\"twitter:card\" content=\"summary_large_image\" \/>\n<meta name=\"twitter:label1\" content=\"Pre\u021b\" \/>\n\t<meta name=\"twitter:data1\" content=\"10.900,00&nbsp;MDL\" \/>\n\t<meta name=\"twitter:label2\" content=\"Disponibilitate\" \/>\n\t<meta name=\"twitter:data2\" content=\"\u00cen stoc\" \/>\n<script type=\"application\/ld+json\" class=\"yoast-schema-graph\">{\"@context\":\"https:\\\/\\\/schema.org\",\"@graph\":[{\"@type\":\"WebPage\",\"@id\":\"https:\\\/\\\/dev.xstyle.md\\\/product\\\/palatka-pinguin-interval-4-green\\\/\",\"url\":\"https:\\\/\\\/dev.xstyle.md\\\/product\\\/palatka-pinguin-interval-4-green\\\/\",\"name\":\"\u041f\u0430\u043b\u0430\u0442\u043a\u0430 Pinguin Interval 4 green - \u041c\u0430\u0433\u0430\u0437\u0438\u043d Xstyle\",\"isPartOf\":{\"@id\":\"https:\\\/\\\/dev.xstyle.md\\\/#website\"},\"primaryImageOfPage\":{\"@id\":\"https:\\\/\\\/dev.xstyle.md\\\/product\\\/palatka-pinguin-interval-4-green\\\/#primaryimage\"},\"image\":{\"@id\":\"https:\\\/\\\/dev.xstyle.md\\\/product\\\/palatka-pinguin-interval-4-green\\\/#primaryimage\"},\"thumbnailUrl\":\"https:\\\/\\\/dev.xstyle.md\\\/wp-content\\\/uploads\\\/2022\\\/06\\\/pinguin-interval-4-green-0.jpg\",\"datePublished\":\"2022-06-16T10:22:07+00:00\",\"dateModified\":\"2026-03-19T13:49:03+00:00\",\"description\":\"\u041f\u0430\u043b\u0430\u0442\u043a\u0430 Pinguin Interval 4 green - \u043d\u0430\u0434\u0435\u0436\u043d\u0430\u044f \u0438 \u043f\u0440\u043e\u0441\u0442\u043e\u0440\u043d\u0430\u044f \u0442\u0443\u0440\u0438\u0441\u0442\u0438\u0447\u0435\u0441\u043a\u0430\u044f \u043f\u0430\u043b\u0430\u0442\u043a\u0430 \u043d\u0430 4-5 \u0447\u0435\u043b\u043e\u0432\u0435\u043a. \u0418\u0434\u0435\u0430\u043b\u044c\u043d\u0430 \u0434\u043b\u044f \u043f\u043e\u0445\u043e\u0434\u043e\u0432. \u0417\u0430\u0449\u0438\u0442\u0438\u0442 \u043e\u0442 \u0434\u043e\u0436\u0434\u044f \u0438 \u0432\u0435\u0442\u0440\u0430!\",\"breadcrumb\":{\"@id\":\"https:\\\/\\\/dev.xstyle.md\\\/product\\\/palatka-pinguin-interval-4-green\\\/#breadcrumb\"},\"inLanguage\":\"ro-RO\",\"potentialAction\":[{\"@type\":\"ReadAction\",\"target\":[\"https:\\\/\\\/dev.xstyle.md\\\/product\\\/palatka-pinguin-interval-4-green\\\/\"]}]},{\"@type\":\"ImageObject\",\"inLanguage\":\"ro-RO\",\"@id\":\"https:\\\/\\\/dev.xstyle.md\\\/product\\\/palatka-pinguin-interval-4-green\\\/#primaryimage\",\"url\":\"https:\\\/\\\/dev.xstyle.md\\\/wp-content\\\/uploads\\\/2022\\\/06\\\/pinguin-interval-4-green-0.jpg\",\"contentUrl\":\"https:\\\/\\\/dev.xstyle.md\\\/wp-content\\\/uploads\\\/2022\\\/06\\\/pinguin-interval-4-green-0.jpg\",\"width\":690,\"height\":542,\"caption\":\"\u0422\u0435\u0445\u043d\u0438\u0447\u0435\u0441\u043a\u0430\u044f \u043f\u0430\u043b\u0430\u0442\u043a\u0430 Pinguin Interval 4 \u0437\u0435\u043b\u0435\u043d\u0430\u044f \u0434\u043b\u044f \u0430\u043a\u0442\u0438\u0432\u043d\u043e\u0433\u043e \u043e\u0442\u0434\u044b\u0445\u0430 \u043a\u0435\u043c\u043f\u0438\u043d\u0433\u0430 \u0442\u0443\u0440\u0438\u0441\u0442\u0438\u0447\u0435\u0441\u043a\u0438\u0445 \u043f\u0443\u0442\u0435\u0448\u0435\u0441\u0442\u0432\u0438\u0439 \u0438 \u043f\u043e\u0445\u043e\u0434\u043e\u0432 \u0441 \u044d\u043a\u0438\u043f\u0438\u0440\u043e\u0432\u043a\u043e\u0439 \u0434\u043b\u044f \u0430\u043b\u044c\u043f\u0438\u043d\u0438\u0437\u043c\u0430 \u0438 \u043f\u043e\u0445\u043e\u0434\u043e\u0432 \u0432 \u0438\u043d\u0442\u0435\u0440\u043d\u0435\u0442-\u043c\u0430\u0433\u0430\u0437\u0438\u043d\u0435 \u0430\u043a\u0442\u0438\u0432\u043d\u043e\u0439 \u0436\u0438\u0437\u043d\u0438\"},{\"@type\":\"BreadcrumbList\",\"@id\":\"https:\\\/\\\/dev.xstyle.md\\\/product\\\/palatka-pinguin-interval-4-green\\\/#breadcrumb\",\"itemListElement\":[{\"@type\":\"ListItem\",\"position\":1,\"name\":\"\u0413\u043b\u0430\u0432\u043d\u0430\u044f \u0441\u0442\u0440\u0430\u043d\u0438\u0446\u0430\",\"item\":\"https:\\\/\\\/dev.xstyle.md\\\/\"},{\"@type\":\"ListItem\",\"position\":2,\"name\":\"Shop\",\"item\":\"https:\\\/\\\/dev.xstyle.md\\\/shop\\\/\"},{\"@type\":\"ListItem\",\"position\":3,\"name\":\"\u041f\u0430\u043b\u0430\u0442\u043a\u0430 Pinguin Interval 4 green\"}]},{\"@type\":\"WebSite\",\"@id\":\"https:\\\/\\\/dev.xstyle.md\\\/#website\",\"url\":\"https:\\\/\\\/dev.xstyle.md\\\/\",\"name\":\"\u041c\u0430\u0433\u0430\u0437\u0438\u043d Xstyle\",\"description\":\"C\u043d\u0430\u0440\u044f\u0436\u0435\u043d\u0438\u0435 \u0434\u043b\u044f \u0442\u0443\u0440\u0438\u0437\u043c\u0430 \u0438 \u044d\u043a\u0441\u0442\u0440\u0435\u043c\u0430\u043b\u044c\u043d\u044b\u0445 \u0432\u0438\u0434\u043e\u0432 \u0441\u043f\u043e\u0440\u0442\u0430 \u0432 \u041c\u043e\u043b\u0434\u043e\u0432\u0435.. \u0426\u0435\u043d\u044b, \u0444\u043e\u0442\u043e, \u0445\u0430\u0440\u0430\u043a\u0442\u0435\u0440\u0438\u0441\u0442\u0438\u043a\u0438 \u0432 \u041c\u043e\u043b\u0434\u043e\u0432\u0435.\",\"publisher\":{\"@id\":\"https:\\\/\\\/dev.xstyle.md\\\/#organization\"},\"alternateName\":\"X-Style\",\"potentialAction\":[{\"@type\":\"SearchAction\",\"target\":{\"@type\":\"EntryPoint\",\"urlTemplate\":\"https:\\\/\\\/dev.xstyle.md\\\/?s={search_term_string}\"},\"query-input\":{\"@type\":\"PropertyValueSpecification\",\"valueRequired\":true,\"valueName\":\"search_term_string\"}}],\"inLanguage\":\"ro-RO\"},{\"@type\":\"Organization\",\"@id\":\"https:\\\/\\\/dev.xstyle.md\\\/#organization\",\"name\":\"\u041c\u0430\u0433\u0430\u0437\u0438\u043d Xstyle\",\"alternateName\":\"x-style\",\"url\":\"https:\\\/\\\/dev.xstyle.md\\\/\",\"logo\":{\"@type\":\"ImageObject\",\"inLanguage\":\"ro-RO\",\"@id\":\"https:\\\/\\\/dev.xstyle.md\\\/#\\\/schema\\\/logo\\\/image\\\/\",\"url\":\"https:\\\/\\\/dev.xstyle.md\\\/wp-content\\\/uploads\\\/2020\\\/06\\\/logoicon.svg\",\"contentUrl\":\"https:\\\/\\\/dev.xstyle.md\\\/wp-content\\\/uploads\\\/2020\\\/06\\\/logoicon.svg\",\"caption\":\"\u041c\u0430\u0433\u0430\u0437\u0438\u043d Xstyle\"},\"image\":{\"@id\":\"https:\\\/\\\/dev.xstyle.md\\\/#\\\/schema\\\/logo\\\/image\\\/\"},\"sameAs\":[\"https:\\\/\\\/www.facebook.com\\\/xstylemd\",\"https:\\\/\\\/www.instagram.com\\\/xstyle_md\\\/\",\"https:\\\/\\\/t.me\\\/xstyle_outdoor\"],\"hasMerchantReturnPolicy\":{\"@type\":\"MerchantReturnPolicy\",\"merchantReturnLink\":\"https:\\\/\\\/dev.xstyle.md\\\/ro\\\/conditions\\\/\"}}]}<\/script>\n<meta property=\"product:price:amount\" content=\"10900.00\" \/>\n<meta property=\"product:price:currency\" content=\"MDL\" \/>\n<meta property=\"og:availability\" content=\"instock\" \/>\n<meta property=\"product:availability\" content=\"instock\" \/>\n<meta property=\"product:retailer_item_id\" content=\"8592638143546\" \/>\n<meta property=\"product:condition\" content=\"new\" \/>\n<!-- \/ Yoast SEO plugin. -->","yoast_head_json":{"title":"Cort Pinguin Interval 4 green - Magazin Xstyle","description":"Cort Pinguin Interval 4 verde - un cort turistic fiabil \u0219i spa\u021bios pentru 4-5 persoane. Ideal pentru drume\u021bii. Te va proteja de ploaie \u0219i v\u00e2nt!","robots":{"index":"noindex","follow":"follow","max-snippet":"max-snippet:-1","max-image-preview":"max-image-preview:large","max-video-preview":"max-video-preview:-1"},"og_locale":"ro_RO","og_type":"article","og_title":"\u041f\u0430\u043b\u0430\u0442\u043a\u0430 Pinguin Interval 4 green - \u041c\u0430\u0433\u0430\u0437\u0438\u043d Xstyle","og_description":"\u041f\u0430\u043b\u0430\u0442\u043a\u0430 Pinguin Interval 4 green - \u043d\u0430\u0434\u0435\u0436\u043d\u0430\u044f \u0438 \u043f\u0440\u043e\u0441\u0442\u043e\u0440\u043d\u0430\u044f \u0442\u0443\u0440\u0438\u0441\u0442\u0438\u0447\u0435\u0441\u043a\u0430\u044f \u043f\u0430\u043b\u0430\u0442\u043a\u0430 \u043d\u0430 4-5 \u0447\u0435\u043b\u043e\u0432\u0435\u043a. \u0418\u0434\u0435\u0430\u043b\u044c\u043d\u0430 \u0434\u043b\u044f \u043f\u043e\u0445\u043e\u0434\u043e\u0432. \u0417\u0430\u0449\u0438\u0442\u0438\u0442 \u043e\u0442 \u0434\u043e\u0436\u0434\u044f \u0438 \u0432\u0435\u0442\u0440\u0430!","og_url":"https:\/\/dev.xstyle.md\/ro\/produs\/palatka-pinguin-interval-4-green\/","og_site_name":"\u041c\u0430\u0433\u0430\u0437\u0438\u043d Xstyle","article_publisher":"https:\/\/www.facebook.com\/xstylemd","article_modified_time":"2026-03-19T13:49:03+00:00","og_image":[{"width":690,"height":542,"url":"https:\/\/dev.xstyle.md\/wp-content\/uploads\/2022\/06\/pinguin-interval-4-green-0.jpg","type":"image\/jpeg"}],"twitter_card":"summary_large_image","twitter_misc":{"Pre\u021b":"10.900,00&nbsp;MDL","Disponibilitate":"\u00cen stoc"},"schema":{"@context":"https:\/\/schema.org","@graph":[{"@type":"WebPage","@id":"https:\/\/dev.xstyle.md\/product\/palatka-pinguin-interval-4-green\/","url":"https:\/\/dev.xstyle.md\/product\/palatka-pinguin-interval-4-green\/","name":"Cort Pinguin Interval 4 green - Magazin Xstyle","isPartOf":{"@id":"https:\/\/dev.xstyle.md\/#website"},"primaryImageOfPage":{"@id":"https:\/\/dev.xstyle.md\/product\/palatka-pinguin-interval-4-green\/#primaryimage"},"image":{"@id":"https:\/\/dev.xstyle.md\/product\/palatka-pinguin-interval-4-green\/#primaryimage"},"thumbnailUrl":"https:\/\/dev.xstyle.md\/wp-content\/uploads\/2022\/06\/pinguin-interval-4-green-0.jpg","datePublished":"2022-06-16T10:22:07+00:00","dateModified":"2026-03-19T13:49:03+00:00","description":"Cort Pinguin Interval 4 verde - un cort turistic fiabil \u0219i spa\u021bios pentru 4-5 persoane. Ideal pentru drume\u021bii. Te va proteja de ploaie \u0219i v\u00e2nt!","breadcrumb":{"@id":"https:\/\/dev.xstyle.md\/product\/palatka-pinguin-interval-4-green\/#breadcrumb"},"inLanguage":"ro-RO","potentialAction":[{"@type":"ReadAction","target":["https:\/\/dev.xstyle.md\/product\/palatka-pinguin-interval-4-green\/"]}]},{"@type":"ImageObject","inLanguage":"ro-RO","@id":"https:\/\/dev.xstyle.md\/product\/palatka-pinguin-interval-4-green\/#primaryimage","url":"https:\/\/dev.xstyle.md\/wp-content\/uploads\/2022\/06\/pinguin-interval-4-green-0.jpg","contentUrl":"https:\/\/dev.xstyle.md\/wp-content\/uploads\/2022\/06\/pinguin-interval-4-green-0.jpg","width":690,"height":542,"caption":"\u0422\u0435\u0445\u043d\u0438\u0447\u0435\u0441\u043a\u0430\u044f \u043f\u0430\u043b\u0430\u0442\u043a\u0430 Pinguin Interval 4 \u0437\u0435\u043b\u0435\u043d\u0430\u044f \u0434\u043b\u044f \u0430\u043a\u0442\u0438\u0432\u043d\u043e\u0433\u043e \u043e\u0442\u0434\u044b\u0445\u0430 \u043a\u0435\u043c\u043f\u0438\u043d\u0433\u0430 \u0442\u0443\u0440\u0438\u0441\u0442\u0438\u0447\u0435\u0441\u043a\u0438\u0445 \u043f\u0443\u0442\u0435\u0448\u0435\u0441\u0442\u0432\u0438\u0439 \u0438 \u043f\u043e\u0445\u043e\u0434\u043e\u0432 \u0441 \u044d\u043a\u0438\u043f\u0438\u0440\u043e\u0432\u043a\u043e\u0439 \u0434\u043b\u044f \u0430\u043b\u044c\u043f\u0438\u043d\u0438\u0437\u043c\u0430 \u0438 \u043f\u043e\u0445\u043e\u0434\u043e\u0432 \u0432 \u0438\u043d\u0442\u0435\u0440\u043d\u0435\u0442-\u043c\u0430\u0433\u0430\u0437\u0438\u043d\u0435 \u0430\u043a\u0442\u0438\u0432\u043d\u043e\u0439 \u0436\u0438\u0437\u043d\u0438"},{"@type":"BreadcrumbList","@id":"https:\/\/dev.xstyle.md\/product\/palatka-pinguin-interval-4-green\/#breadcrumb","itemListElement":[{"@type":"ListItem","position":1,"name":"\u0413\u043b\u0430\u0432\u043d\u0430\u044f \u0441\u0442\u0440\u0430\u043d\u0438\u0446\u0430","item":"https:\/\/dev.xstyle.md\/"},{"@type":"ListItem","position":2,"name":"Shop","item":"https:\/\/dev.xstyle.md\/shop\/"},{"@type":"ListItem","position":3,"name":"\u041f\u0430\u043b\u0430\u0442\u043a\u0430 Pinguin Interval 4 green"}]},{"@type":"WebSite","@id":"https:\/\/dev.xstyle.md\/#website","url":"https:\/\/dev.xstyle.md\/","name":"Magazinul X-Style","description":"Echipamente pentru turism \u0219i sporturi extreme \u00een Moldova. Pre\u021buri, fotografii, caracteristici \u00een Moldova.","publisher":{"@id":"https:\/\/dev.xstyle.md\/#organization"},"alternateName":"X-Style","potentialAction":[{"@type":"SearchAction","target":{"@type":"EntryPoint","urlTemplate":"https:\/\/dev.xstyle.md\/?s={search_term_string}"},"query-input":{"@type":"PropertyValueSpecification","valueRequired":true,"valueName":"search_term_string"}}],"inLanguage":"ro-RO"},{"@type":"Organization","@id":"https:\/\/dev.xstyle.md\/#organization","name":"Magazinul X-Style","alternateName":"x-style","url":"https:\/\/dev.xstyle.md\/","logo":{"@type":"ImageObject","inLanguage":"ro-RO","@id":"https:\/\/dev.xstyle.md\/#\/schema\/logo\/image\/","url":"https:\/\/dev.xstyle.md\/wp-content\/uploads\/2020\/06\/logoicon.svg","contentUrl":"https:\/\/dev.xstyle.md\/wp-content\/uploads\/2020\/06\/logoicon.svg","caption":"\u041c\u0430\u0433\u0430\u0437\u0438\u043d Xstyle"},"image":{"@id":"https:\/\/dev.xstyle.md\/#\/schema\/logo\/image\/"},"sameAs":["https:\/\/www.facebook.com\/xstylemd","https:\/\/www.instagram.com\/xstyle_md\/","https:\/\/t.me\/xstyle_outdoor"],"hasMerchantReturnPolicy":{"@type":"MerchantReturnPolicy","merchantReturnLink":"https:\/\/dev.xstyle.md\/ro\/conditions\/"}}]},"product_price_amount":"10900.00","product_price_currency":"MDL","og_availability":"instock","product_availability":"instock","product_retailer_item_id":"8592638143546","product_condition":"new"},"post_mailing_queue_ids":[],"_links":{"self":[{"href":"https:\/\/dev.xstyle.md\/ro\/wp-json\/wp\/v2\/product\/48906","targetHints":{"allow":["GET"]}}],"collection":[{"href":"https:\/\/dev.xstyle.md\/ro\/wp-json\/wp\/v2\/product"}],"about":[{"href":"https:\/\/dev.xstyle.md\/ro\/wp-json\/wp\/v2\/types\/product"}],"replies":[{"embeddable":true,"href":"https:\/\/dev.xstyle.md\/ro\/wp-json\/wp\/v2\/comments?post=48906"}],"version-history":[{"count":1,"href":"https:\/\/dev.xstyle.md\/ro\/wp-json\/wp\/v2\/product\/48906\/revisions"}],"predecessor-version":[{"id":100709,"href":"https:\/\/dev.xstyle.md\/ro\/wp-json\/wp\/v2\/product\/48906\/revisions\/100709"}],"wp:featuredmedia":[{"embeddable":true,"href":"https:\/\/dev.xstyle.md\/ro\/wp-json\/wp\/v2\/media\/72991"}],"wp:attachment":[{"href":"https:\/\/dev.xstyle.md\/ro\/wp-json\/wp\/v2\/media?parent=48906"}],"wp:term":[{"taxonomy":"product_brand","embeddable":true,"href":"https:\/\/dev.xstyle.md\/ro\/wp-json\/wp\/v2\/product_brand?post=48906"},{"taxonomy":"product_cat","embeddable":true,"href":"https:\/\/dev.xstyle.md\/ro\/wp-json\/wp\/v2\/product_cat?post=48906"},{"taxonomy":"product_tag","embeddable":true,"href":"https:\/\/dev.xstyle.md\/ro\/wp-json\/wp\/v2\/product_tag?post=48906"}],"curies":[{"name":"wp","href":"https:\/\/api.w.org\/{rel}","templated":true}]}}