{"id":48782,"date":"2022-06-16T13:13:13","date_gmt":"2022-06-16T10:13:13","guid":{"rendered":"https:\/\/xstyle.md\/?post_type=product&#038;p=48782"},"modified":"2025-11-27T17:49:16","modified_gmt":"2025-11-27T14:49:16","slug":"fonar-fenix-pd35-v3-0-led","status":"publish","type":"product","link":"https:\/\/dev.xstyle.md\/ro\/produs\/fonar-fenix-pd35-v3-0-led\/","title":{"rendered":"Lantern\u0103 Fenix PD35 V3.0 LED"},"content":{"rendered":"<\/p>\n<p><strong>Fenix PD35 V3.0 LED<\/strong> &#8212; lanterna este utilizat\u0103 pentru sarcini tactice. Ea apar\u021bine noii genera\u021bii de lanterne de \u00eenalt\u0103 performan\u021b\u0103. Luminozitatea maxim\u0103 a luminii ajunge la 1700 de lumeni, iar raza de ac\u021biune a fasciculului este de 357 de metri. Lanterna utilizeaz\u0103 dioda Luminus SFT40, care are o durat\u0103 de via\u021b\u0103 de 50 de mii de ore. Alimentarea este asigurat\u0103 de bateria litiu-ion 18650, este prezentat\u0103 \u00een set. De asemenea, pot fi utilizate dou\u0103 baterii cu litiu CR123A.<\/p>\n<p>Lanterna dispune de circuite controlate digital pentru a asigura o iluminare stabil\u0103. Exist\u0103 o func\u021bie de indicare a nivelului de \u00eenc\u0103rcare a lanternei \u0219i de avertizare a tensiunii sc\u0103zute. Modelul este pornit instantaneu cu ajutorul butonului tactic situat \u00een partea din spate a corpului. Pute\u021bi selecta diferite moduri de func\u021bionare cu ajutorul butonului lateral. Calitatea ridicat\u0103 a luminii este garantat\u0103 de o lentil\u0103 ultratransparent\u0103 \u00eent\u0103rit\u0103 cu strat anti-reflexie.<\/p>\n<h3>Particularit\u0103\u021bi<\/h3>\n<ul>\n<li>Lantern\u0103 pentru aplica\u021bii tactice<\/li>\n<li>Dioda utilizat\u0103: Luminus SFT40<\/li>\n<li>Alimentat\u0103 de o baterie 18650<\/li>\n<li>Op\u021biune de notificare a tensiunii sc\u0103zute<\/li>\n<li>Protejat \u00eempotriva supra\u00eenc\u0103lzirii carcasei<\/li>\n<li>Controlat\u0103 prin dou\u0103 butoane<\/li>\n<li>Indicarea nivelului bateriei<\/li>\n<li>\u0218ase moduri de func\u021bionare<\/li>\n<li>Standard de protec\u021bie \u00eempotriva prafului \u0219i umidit\u0103\u021bii &#8212; IP68<\/li>\n<li>Rezisten\u021b\u0103 la \u0219ocuri: un metru<\/li>\n<\/ul>\n<h3>Moduri<\/h3>\n<ul>\n<li><strong>Turbo.<\/strong> Fluxul luminos ajunge la 1700 de lumeni. Durata de str\u0103lucire &#8212; 1 or\u0103 \u0219i 25 de minute. Raza de ac\u021biune a fasciculului &#8212; 357 de metri. Intensitatea fluxului luminos &#8212; 31900 candela.<\/li>\n<li><strong>High.<\/strong> Luminozitate de iluminare &#8212; 600 lumeni, durata luminozit\u0103\u021bii &#8212; 2 ore \u0219i 35 de minute. Distan\u021ba fasciculului ajunge la 216 metri. Intensitatea fluxului luminos &#8212; 11700 candela.<\/li>\n<li><strong>Med.<\/strong> Fluxul luminos &#8212; 150 lumeni, durata luminescen\u021bei &#8212; opt ore \u0219i jum\u0103tate. Distan\u021ba fasciculului &#8212; 109 metri. Intensitatea luminii &#8212; 3000 candela.<\/li>\n<li><strong>Low.<\/strong> Fluxul luminos ajunge la 50 de lumeni, durata de func\u021bionare &#8212; 26 de ore \u0219i 25 de minute, raza de ac\u021biune a fasciculului este de 63 de metri. Intensitatea luminii &#8212; 1000 candela.<\/li>\n<li><strong>Eco.<\/strong> Fluxul luminos &#8212; cinci lumeni. Durata de luminozitate &#8212; 230 de ore. Raza de ac\u021biune a fasciculului &#8212; 20 de metri. Intensitate luminoas\u0103 &#8212; 100 candela.<\/li>\n<li><strong>Strobe.<\/strong> Luminozitatea ajunge la 1700 de lumeni.<\/li>\n<\/ul>\n<h3>Caracteristici<\/h3>\n<ul>\n<li>Tip de alimentare &#8212; 18650<\/li>\n<li>Putere &#8212; p\u00e2n\u0103 la 2000 lm<\/li>\n<li>Flux luminos &#8212; 1700 lm<\/li>\n<li>Raza de ac\u021biune a fasciculului &#8212; 357 m<\/li>\n<li>\u00cenc\u0103rcare &#8212; prin USB de la re\u021beaua 220<\/li>\n<li>Timp maxim de func\u021bionare &#8212; 230 de ore<\/li>\n<li>Rezistent la ap\u0103 &#8212; IP68<\/li>\n<li>Material &#8212; aluminiu pentru aeronave<\/li>\n<li>Dimensiuni &#8212; 134 x 25,4 x 22,8 mm<\/li>\n<li>Greutate &#8212; 83,5 g.<\/li>\n<\/ul>\n<p><\/p>","protected":false},"excerpt":{"rendered":"","protected":false},"featured_media":49656,"comment_status":"open","ping_status":"closed","template":"","meta":{"_acf_changed":false,"inline_featured_image":false},"product_brand":[1351],"product_cat":[462],"product_tag":[],"class_list":{"0":"post-48782","1":"product","2":"type-product","3":"status-publish","4":"has-post-thumbnail","6":"product_brand-fenix","7":"product_cat-lumini-de-mana","9":"first","10":"instock","11":"shipping-taxable","12":"purchasable","13":"product-type-simple"},"acf":[],"yoast_head":"<!-- This site is optimized with the Yoast SEO plugin v27.4 - https:\/\/yoast.com\/product\/yoast-seo-wordpress\/ -->\n<title>\u0424\u043e\u043d\u0430\u0440\u044c Fenix PD35 V3.0 LED - \u041c\u0430\u0433\u0430\u0437\u0438\u043d Xstyle<\/title>\n<meta name=\"description\" content=\"\u0424\u043e\u043d\u0430\u0440\u044c Fenix PD35 V3.0 LED \u2014 \u043c\u043e\u0449\u043d\u044b\u0439 \u0438 \u043d\u0430\u0434\u0435\u0436\u043d\u044b\u0439, 1700 \u043b\u043c, IP68. \u0418\u0434\u0435\u0430\u043b\u0435\u043d \u0434\u043b\u044f \u0442\u0430\u043a\u0442\u0438\u0447\u0435\u0441\u043a\u0438\u0445 \u0437\u0430\u0434\u0430\u0447. \u041a\u043e\u043c\u043f\u0430\u043a\u0442\u043d\u044b\u0439 \u0438 \u0434\u043e\u043b\u0433\u043e\u0432\u0435\u0447\u043d\u044b\u0439. \u041f\u043e\u043a\u0443\u043f\u0430\u0439\u0442\u0435 \u0443\u0436\u0435 \u0441\u0435\u0433\u043e\u0434\u043d\u044f!\" \/>\n<meta name=\"robots\" content=\"noindex, follow, max-snippet:-1, max-image-preview:large, max-video-preview:-1\" \/>\n<meta property=\"og:locale\" content=\"ro_RO\" \/>\n<meta property=\"og:type\" content=\"article\" \/>\n<meta property=\"og:title\" content=\"\u0424\u043e\u043d\u0430\u0440\u044c Fenix PD35 V3.0 LED - \u041c\u0430\u0433\u0430\u0437\u0438\u043d Xstyle\" \/>\n<meta property=\"og:description\" content=\"\u0424\u043e\u043d\u0430\u0440\u044c Fenix PD35 V3.0 LED \u2014 \u043c\u043e\u0449\u043d\u044b\u0439 \u0438 \u043d\u0430\u0434\u0435\u0436\u043d\u044b\u0439, 1700 \u043b\u043c, IP68. \u0418\u0434\u0435\u0430\u043b\u0435\u043d \u0434\u043b\u044f \u0442\u0430\u043a\u0442\u0438\u0447\u0435\u0441\u043a\u0438\u0445 \u0437\u0430\u0434\u0430\u0447. \u041a\u043e\u043c\u043f\u0430\u043a\u0442\u043d\u044b\u0439 \u0438 \u0434\u043e\u043b\u0433\u043e\u0432\u0435\u0447\u043d\u044b\u0439. \u041f\u043e\u043a\u0443\u043f\u0430\u0439\u0442\u0435 \u0443\u0436\u0435 \u0441\u0435\u0433\u043e\u0434\u043d\u044f!\" \/>\n<meta property=\"og:url\" content=\"https:\/\/dev.xstyle.md\/ro\/produs\/fonar-fenix-pd35-v3-0-led\/\" \/>\n<meta property=\"og:site_name\" content=\"\u041c\u0430\u0433\u0430\u0437\u0438\u043d Xstyle\" \/>\n<meta property=\"article:publisher\" content=\"https:\/\/www.facebook.com\/xstylemd\" \/>\n<meta property=\"article:modified_time\" content=\"2025-11-27T14:49:16+00:00\" \/>\n<meta property=\"og:image\" content=\"https:\/\/dev.xstyle.md\/wp-content\/uploads\/2022\/06\/fenix-pd35-v3.0-led.jpg\" \/>\n\t<meta property=\"og:image:width\" content=\"970\" \/>\n\t<meta property=\"og:image:height\" content=\"970\" \/>\n\t<meta property=\"og:image:type\" content=\"image\/jpeg\" \/>\n<meta name=\"twitter:card\" content=\"summary_large_image\" \/>\n<meta name=\"twitter:label1\" content=\"Pre\u021b\" \/>\n\t<meta name=\"twitter:data1\" content=\"1.690,00&nbsp;MDL\" \/>\n\t<meta name=\"twitter:label2\" content=\"Disponibilitate\" \/>\n\t<meta name=\"twitter:data2\" content=\"\u00cen stoc\" \/>\n<script type=\"application\/ld+json\" class=\"yoast-schema-graph\">{\"@context\":\"https:\\\/\\\/schema.org\",\"@graph\":[{\"@type\":\"WebPage\",\"@id\":\"https:\\\/\\\/dev.xstyle.md\\\/product\\\/fonar-fenix-pd35-v3-0-led\\\/\",\"url\":\"https:\\\/\\\/dev.xstyle.md\\\/product\\\/fonar-fenix-pd35-v3-0-led\\\/\",\"name\":\"\u0424\u043e\u043d\u0430\u0440\u044c Fenix PD35 V3.0 LED - \u041c\u0430\u0433\u0430\u0437\u0438\u043d Xstyle\",\"isPartOf\":{\"@id\":\"https:\\\/\\\/dev.xstyle.md\\\/#website\"},\"primaryImageOfPage\":{\"@id\":\"https:\\\/\\\/dev.xstyle.md\\\/product\\\/fonar-fenix-pd35-v3-0-led\\\/#primaryimage\"},\"image\":{\"@id\":\"https:\\\/\\\/dev.xstyle.md\\\/product\\\/fonar-fenix-pd35-v3-0-led\\\/#primaryimage\"},\"thumbnailUrl\":\"https:\\\/\\\/dev.xstyle.md\\\/wp-content\\\/uploads\\\/2022\\\/06\\\/fenix-pd35-v3.0-led.jpg\",\"datePublished\":\"2022-06-16T10:13:13+00:00\",\"dateModified\":\"2025-11-27T14:49:16+00:00\",\"description\":\"\u0424\u043e\u043d\u0430\u0440\u044c Fenix PD35 V3.0 LED \u2014 \u043c\u043e\u0449\u043d\u044b\u0439 \u0438 \u043d\u0430\u0434\u0435\u0436\u043d\u044b\u0439, 1700 \u043b\u043c, IP68. \u0418\u0434\u0435\u0430\u043b\u0435\u043d \u0434\u043b\u044f \u0442\u0430\u043a\u0442\u0438\u0447\u0435\u0441\u043a\u0438\u0445 \u0437\u0430\u0434\u0430\u0447. \u041a\u043e\u043c\u043f\u0430\u043a\u0442\u043d\u044b\u0439 \u0438 \u0434\u043e\u043b\u0433\u043e\u0432\u0435\u0447\u043d\u044b\u0439. \u041f\u043e\u043a\u0443\u043f\u0430\u0439\u0442\u0435 \u0443\u0436\u0435 \u0441\u0435\u0433\u043e\u0434\u043d\u044f!\",\"breadcrumb\":{\"@id\":\"https:\\\/\\\/dev.xstyle.md\\\/product\\\/fonar-fenix-pd35-v3-0-led\\\/#breadcrumb\"},\"inLanguage\":\"ro-RO\",\"potentialAction\":[{\"@type\":\"ReadAction\",\"target\":[\"https:\\\/\\\/dev.xstyle.md\\\/product\\\/fonar-fenix-pd35-v3-0-led\\\/\"]}]},{\"@type\":\"ImageObject\",\"inLanguage\":\"ro-RO\",\"@id\":\"https:\\\/\\\/dev.xstyle.md\\\/product\\\/fonar-fenix-pd35-v3-0-led\\\/#primaryimage\",\"url\":\"https:\\\/\\\/dev.xstyle.md\\\/wp-content\\\/uploads\\\/2022\\\/06\\\/fenix-pd35-v3.0-led.jpg\",\"contentUrl\":\"https:\\\/\\\/dev.xstyle.md\\\/wp-content\\\/uploads\\\/2022\\\/06\\\/fenix-pd35-v3.0-led.jpg\",\"width\":970,\"height\":970,\"caption\":\"\u041b\u0430\u043c\u043f\u0430 Fenix PD35 V3.0 LED \u0434\u043b\u044f \u0430\u043a\u0442\u0438\u0432\u043d\u043e\u0433\u043e \u043e\u0442\u0434\u044b\u0445\u0430, \u043f\u0443\u0442\u0435\u0448\u0435\u0441\u0442\u0432\u0438\u0439 \u0438 \u0430\u043b\u044c\u043f\u0438\u043d\u0438\u0437\u043c\u0430 \u2014 \u0430\u043a\u0441\u0435\u0441\u0441\u0443\u0430\u0440 \u0434\u043b\u044f \u043f\u043e\u0445\u043e\u0434\u043e\u0432, \u0437\u0430\u043d\u044f\u0442\u0438\u0439 \u0430\u043b\u044c\u043f\u0438\u043d\u0438\u0437\u043c\u043e\u043c \u0438 \u0442\u0443\u0440\u0438\u0437\u043c\u043e\u043c \u0434\u043b\u044f \u043b\u044e\u0431\u0438\u0442\u0435\u043b\u0435\u0439 \u0430\u043a\u0442\u0438\u0432\u043d\u043e\u0433\u043e \u043e\u0431\u0440\u0430\u0437\u0430 \u0436\u0438\u0437\u043d\u0438, \u0441\u043f\u043e\u0440\u0442\u0438\u0432\u043d\u043e\u0439 \u043e\u0434\u0435\u0436\u0434\u044b \u0438 \u043e\u0431\u0443\u0432\u0438\"},{\"@type\":\"BreadcrumbList\",\"@id\":\"https:\\\/\\\/dev.xstyle.md\\\/product\\\/fonar-fenix-pd35-v3-0-led\\\/#breadcrumb\",\"itemListElement\":[{\"@type\":\"ListItem\",\"position\":1,\"name\":\"\u0413\u043b\u0430\u0432\u043d\u0430\u044f \u0441\u0442\u0440\u0430\u043d\u0438\u0446\u0430\",\"item\":\"https:\\\/\\\/dev.xstyle.md\\\/\"},{\"@type\":\"ListItem\",\"position\":2,\"name\":\"Shop\",\"item\":\"https:\\\/\\\/dev.xstyle.md\\\/shop\\\/\"},{\"@type\":\"ListItem\",\"position\":3,\"name\":\"\u0424\u043e\u043d\u0430\u0440\u044c Fenix PD35 V3.0 LED\"}]},{\"@type\":\"WebSite\",\"@id\":\"https:\\\/\\\/dev.xstyle.md\\\/#website\",\"url\":\"https:\\\/\\\/dev.xstyle.md\\\/\",\"name\":\"\u041c\u0430\u0433\u0430\u0437\u0438\u043d Xstyle\",\"description\":\"C\u043d\u0430\u0440\u044f\u0436\u0435\u043d\u0438\u0435 \u0434\u043b\u044f \u0442\u0443\u0440\u0438\u0437\u043c\u0430 \u0438 \u044d\u043a\u0441\u0442\u0440\u0435\u043c\u0430\u043b\u044c\u043d\u044b\u0445 \u0432\u0438\u0434\u043e\u0432 \u0441\u043f\u043e\u0440\u0442\u0430 \u0432 \u041c\u043e\u043b\u0434\u043e\u0432\u0435.. \u0426\u0435\u043d\u044b, \u0444\u043e\u0442\u043e, \u0445\u0430\u0440\u0430\u043a\u0442\u0435\u0440\u0438\u0441\u0442\u0438\u043a\u0438 \u0432 \u041c\u043e\u043b\u0434\u043e\u0432\u0435.\",\"publisher\":{\"@id\":\"https:\\\/\\\/dev.xstyle.md\\\/#organization\"},\"alternateName\":\"X-Style\",\"potentialAction\":[{\"@type\":\"SearchAction\",\"target\":{\"@type\":\"EntryPoint\",\"urlTemplate\":\"https:\\\/\\\/dev.xstyle.md\\\/?s={search_term_string}\"},\"query-input\":{\"@type\":\"PropertyValueSpecification\",\"valueRequired\":true,\"valueName\":\"search_term_string\"}}],\"inLanguage\":\"ro-RO\"},{\"@type\":\"Organization\",\"@id\":\"https:\\\/\\\/dev.xstyle.md\\\/#organization\",\"name\":\"\u041c\u0430\u0433\u0430\u0437\u0438\u043d Xstyle\",\"alternateName\":\"x-style\",\"url\":\"https:\\\/\\\/dev.xstyle.md\\\/\",\"logo\":{\"@type\":\"ImageObject\",\"inLanguage\":\"ro-RO\",\"@id\":\"https:\\\/\\\/dev.xstyle.md\\\/#\\\/schema\\\/logo\\\/image\\\/\",\"url\":\"https:\\\/\\\/dev.xstyle.md\\\/wp-content\\\/uploads\\\/2020\\\/06\\\/logoicon.svg\",\"contentUrl\":\"https:\\\/\\\/dev.xstyle.md\\\/wp-content\\\/uploads\\\/2020\\\/06\\\/logoicon.svg\",\"caption\":\"\u041c\u0430\u0433\u0430\u0437\u0438\u043d Xstyle\"},\"image\":{\"@id\":\"https:\\\/\\\/dev.xstyle.md\\\/#\\\/schema\\\/logo\\\/image\\\/\"},\"sameAs\":[\"https:\\\/\\\/www.facebook.com\\\/xstylemd\",\"https:\\\/\\\/www.instagram.com\\\/xstyle_md\\\/\",\"https:\\\/\\\/t.me\\\/xstyle_outdoor\"],\"hasMerchantReturnPolicy\":{\"@type\":\"MerchantReturnPolicy\",\"merchantReturnLink\":\"https:\\\/\\\/dev.xstyle.md\\\/ro\\\/conditions\\\/\"}}]}<\/script>\n<meta property=\"product:price:amount\" content=\"1690.00\" \/>\n<meta property=\"product:price:currency\" content=\"MDL\" \/>\n<meta property=\"og:availability\" content=\"instock\" \/>\n<meta property=\"product:availability\" content=\"instock\" \/>\n<meta property=\"product:retailer_item_id\" content=\"6942870308180\" \/>\n<meta property=\"product:condition\" content=\"new\" \/>\n<!-- \/ Yoast SEO plugin. -->","yoast_head_json":{"title":"Lantern\u0103 Fenix PD35 V3.0 LED - Magazin Xstyle","description":"Lanterna Fenix PD35 V3.0 LED \u2014 puternic\u0103 \u0219i fiabil\u0103, 1700 lm, IP68. Ideal\u0103 pentru sarcini tactice. Compact\u0103 \u0219i durabil\u0103. Cump\u0103ra\u021bi deja ast\u0103zi!","robots":{"index":"noindex","follow":"follow","max-snippet":"max-snippet:-1","max-image-preview":"max-image-preview:large","max-video-preview":"max-video-preview:-1"},"og_locale":"ro_RO","og_type":"article","og_title":"\u0424\u043e\u043d\u0430\u0440\u044c Fenix PD35 V3.0 LED - \u041c\u0430\u0433\u0430\u0437\u0438\u043d Xstyle","og_description":"\u0424\u043e\u043d\u0430\u0440\u044c Fenix PD35 V3.0 LED \u2014 \u043c\u043e\u0449\u043d\u044b\u0439 \u0438 \u043d\u0430\u0434\u0435\u0436\u043d\u044b\u0439, 1700 \u043b\u043c, IP68. \u0418\u0434\u0435\u0430\u043b\u0435\u043d \u0434\u043b\u044f \u0442\u0430\u043a\u0442\u0438\u0447\u0435\u0441\u043a\u0438\u0445 \u0437\u0430\u0434\u0430\u0447. \u041a\u043e\u043c\u043f\u0430\u043a\u0442\u043d\u044b\u0439 \u0438 \u0434\u043e\u043b\u0433\u043e\u0432\u0435\u0447\u043d\u044b\u0439. \u041f\u043e\u043a\u0443\u043f\u0430\u0439\u0442\u0435 \u0443\u0436\u0435 \u0441\u0435\u0433\u043e\u0434\u043d\u044f!","og_url":"https:\/\/dev.xstyle.md\/ro\/produs\/fonar-fenix-pd35-v3-0-led\/","og_site_name":"\u041c\u0430\u0433\u0430\u0437\u0438\u043d Xstyle","article_publisher":"https:\/\/www.facebook.com\/xstylemd","article_modified_time":"2025-11-27T14:49:16+00:00","og_image":[{"width":970,"height":970,"url":"https:\/\/dev.xstyle.md\/wp-content\/uploads\/2022\/06\/fenix-pd35-v3.0-led.jpg","type":"image\/jpeg"}],"twitter_card":"summary_large_image","twitter_misc":{"Pre\u021b":"1.690,00&nbsp;MDL","Disponibilitate":"\u00cen stoc"},"schema":{"@context":"https:\/\/schema.org","@graph":[{"@type":"WebPage","@id":"https:\/\/dev.xstyle.md\/product\/fonar-fenix-pd35-v3-0-led\/","url":"https:\/\/dev.xstyle.md\/product\/fonar-fenix-pd35-v3-0-led\/","name":"Lantern\u0103 Fenix PD35 V3.0 LED - Magazin Xstyle","isPartOf":{"@id":"https:\/\/dev.xstyle.md\/#website"},"primaryImageOfPage":{"@id":"https:\/\/dev.xstyle.md\/product\/fonar-fenix-pd35-v3-0-led\/#primaryimage"},"image":{"@id":"https:\/\/dev.xstyle.md\/product\/fonar-fenix-pd35-v3-0-led\/#primaryimage"},"thumbnailUrl":"https:\/\/dev.xstyle.md\/wp-content\/uploads\/2022\/06\/fenix-pd35-v3.0-led.jpg","datePublished":"2022-06-16T10:13:13+00:00","dateModified":"2025-11-27T14:49:16+00:00","description":"Lanterna Fenix PD35 V3.0 LED \u2014 puternic\u0103 \u0219i fiabil\u0103, 1700 lm, IP68. Ideal\u0103 pentru sarcini tactice. Compact\u0103 \u0219i durabil\u0103. Cump\u0103ra\u021bi deja ast\u0103zi!","breadcrumb":{"@id":"https:\/\/dev.xstyle.md\/product\/fonar-fenix-pd35-v3-0-led\/#breadcrumb"},"inLanguage":"ro-RO","potentialAction":[{"@type":"ReadAction","target":["https:\/\/dev.xstyle.md\/product\/fonar-fenix-pd35-v3-0-led\/"]}]},{"@type":"ImageObject","inLanguage":"ro-RO","@id":"https:\/\/dev.xstyle.md\/product\/fonar-fenix-pd35-v3-0-led\/#primaryimage","url":"https:\/\/dev.xstyle.md\/wp-content\/uploads\/2022\/06\/fenix-pd35-v3.0-led.jpg","contentUrl":"https:\/\/dev.xstyle.md\/wp-content\/uploads\/2022\/06\/fenix-pd35-v3.0-led.jpg","width":970,"height":970,"caption":"\u041b\u0430\u043c\u043f\u0430 Fenix PD35 V3.0 LED \u0434\u043b\u044f \u0430\u043a\u0442\u0438\u0432\u043d\u043e\u0433\u043e \u043e\u0442\u0434\u044b\u0445\u0430, \u043f\u0443\u0442\u0435\u0448\u0435\u0441\u0442\u0432\u0438\u0439 \u0438 \u0430\u043b\u044c\u043f\u0438\u043d\u0438\u0437\u043c\u0430 \u2014 \u0430\u043a\u0441\u0435\u0441\u0441\u0443\u0430\u0440 \u0434\u043b\u044f \u043f\u043e\u0445\u043e\u0434\u043e\u0432, \u0437\u0430\u043d\u044f\u0442\u0438\u0439 \u0430\u043b\u044c\u043f\u0438\u043d\u0438\u0437\u043c\u043e\u043c \u0438 \u0442\u0443\u0440\u0438\u0437\u043c\u043e\u043c \u0434\u043b\u044f \u043b\u044e\u0431\u0438\u0442\u0435\u043b\u0435\u0439 \u0430\u043a\u0442\u0438\u0432\u043d\u043e\u0433\u043e \u043e\u0431\u0440\u0430\u0437\u0430 \u0436\u0438\u0437\u043d\u0438, \u0441\u043f\u043e\u0440\u0442\u0438\u0432\u043d\u043e\u0439 \u043e\u0434\u0435\u0436\u0434\u044b \u0438 \u043e\u0431\u0443\u0432\u0438"},{"@type":"BreadcrumbList","@id":"https:\/\/dev.xstyle.md\/product\/fonar-fenix-pd35-v3-0-led\/#breadcrumb","itemListElement":[{"@type":"ListItem","position":1,"name":"\u0413\u043b\u0430\u0432\u043d\u0430\u044f \u0441\u0442\u0440\u0430\u043d\u0438\u0446\u0430","item":"https:\/\/dev.xstyle.md\/"},{"@type":"ListItem","position":2,"name":"Shop","item":"https:\/\/dev.xstyle.md\/shop\/"},{"@type":"ListItem","position":3,"name":"\u0424\u043e\u043d\u0430\u0440\u044c Fenix PD35 V3.0 LED"}]},{"@type":"WebSite","@id":"https:\/\/dev.xstyle.md\/#website","url":"https:\/\/dev.xstyle.md\/","name":"Magazinul X-Style","description":"Echipamente pentru turism \u0219i sporturi extreme \u00een Moldova. Pre\u021buri, fotografii, caracteristici \u00een Moldova.","publisher":{"@id":"https:\/\/dev.xstyle.md\/#organization"},"alternateName":"X-Style","potentialAction":[{"@type":"SearchAction","target":{"@type":"EntryPoint","urlTemplate":"https:\/\/dev.xstyle.md\/?s={search_term_string}"},"query-input":{"@type":"PropertyValueSpecification","valueRequired":true,"valueName":"search_term_string"}}],"inLanguage":"ro-RO"},{"@type":"Organization","@id":"https:\/\/dev.xstyle.md\/#organization","name":"Magazinul X-Style","alternateName":"x-style","url":"https:\/\/dev.xstyle.md\/","logo":{"@type":"ImageObject","inLanguage":"ro-RO","@id":"https:\/\/dev.xstyle.md\/#\/schema\/logo\/image\/","url":"https:\/\/dev.xstyle.md\/wp-content\/uploads\/2020\/06\/logoicon.svg","contentUrl":"https:\/\/dev.xstyle.md\/wp-content\/uploads\/2020\/06\/logoicon.svg","caption":"\u041c\u0430\u0433\u0430\u0437\u0438\u043d Xstyle"},"image":{"@id":"https:\/\/dev.xstyle.md\/#\/schema\/logo\/image\/"},"sameAs":["https:\/\/www.facebook.com\/xstylemd","https:\/\/www.instagram.com\/xstyle_md\/","https:\/\/t.me\/xstyle_outdoor"],"hasMerchantReturnPolicy":{"@type":"MerchantReturnPolicy","merchantReturnLink":"https:\/\/dev.xstyle.md\/ro\/conditions\/"}}]},"product_price_amount":"1690.00","product_price_currency":"MDL","og_availability":"instock","product_availability":"instock","product_retailer_item_id":"6942870308180","product_condition":"new"},"post_mailing_queue_ids":[],"_links":{"self":[{"href":"https:\/\/dev.xstyle.md\/ro\/wp-json\/wp\/v2\/product\/48782","targetHints":{"allow":["GET"]}}],"collection":[{"href":"https:\/\/dev.xstyle.md\/ro\/wp-json\/wp\/v2\/product"}],"about":[{"href":"https:\/\/dev.xstyle.md\/ro\/wp-json\/wp\/v2\/types\/product"}],"replies":[{"embeddable":true,"href":"https:\/\/dev.xstyle.md\/ro\/wp-json\/wp\/v2\/comments?post=48782"}],"version-history":[{"count":0,"href":"https:\/\/dev.xstyle.md\/ro\/wp-json\/wp\/v2\/product\/48782\/revisions"}],"wp:featuredmedia":[{"embeddable":true,"href":"https:\/\/dev.xstyle.md\/ro\/wp-json\/wp\/v2\/media\/49656"}],"wp:attachment":[{"href":"https:\/\/dev.xstyle.md\/ro\/wp-json\/wp\/v2\/media?parent=48782"}],"wp:term":[{"taxonomy":"product_brand","embeddable":true,"href":"https:\/\/dev.xstyle.md\/ro\/wp-json\/wp\/v2\/product_brand?post=48782"},{"taxonomy":"product_cat","embeddable":true,"href":"https:\/\/dev.xstyle.md\/ro\/wp-json\/wp\/v2\/product_cat?post=48782"},{"taxonomy":"product_tag","embeddable":true,"href":"https:\/\/dev.xstyle.md\/ro\/wp-json\/wp\/v2\/product_tag?post=48782"}],"curies":[{"name":"wp","href":"https:\/\/api.w.org\/{rel}","templated":true}]}}