{"id":48770,"date":"2022-06-16T13:13:12","date_gmt":"2022-06-16T10:13:12","guid":{"rendered":"https:\/\/xstyle.md\/?post_type=product&#038;p=48770"},"modified":"2026-02-25T13:40:50","modified_gmt":"2026-02-25T10:40:50","slug":"fonar-fenix-e09r-led","status":"publish","type":"product","link":"https:\/\/dev.xstyle.md\/ro\/produs\/fonar-fenix-e09r-led\/","title":{"rendered":"Lantern\u0103 Fenix E09R LED"},"content":{"rendered":"<\/p>\n<p><strong>Fenix E09R LED<\/strong> &#8212; un breloc mic care poate fi ata\u0219at la chei. Este convenabil, u\u0219or \u0219i potrivit pentru utilizarea zilnic\u0103. Cu o dimensiune at\u00e2t de mic\u0103, ofer\u0103 o iluminare cu o luminozitate de p\u00e2n\u0103 la 600 de lumeni, iar cea mai mare raz\u0103 de ac\u021biune este de 124 de metri.<\/p>\n<p>Lanterna se \u00eencarc\u0103 prin USB Type-C. Dimensiunile sale mici \u0219i greutatea sa sunt foarte convenabile pentru a utiliza modelul \u00een activit\u0103\u021bi turistice, pentru activit\u0103\u021bi \u00een aer liber \u0219i pur \u0219i simplu ca o op\u021biune pentru fiecare zi. Este prev\u0103zut un breloc &#8212; este inclus \u00een pachet.<\/p>\n<p>E09R este controlat\u0103 printr-un buton metalic, care poate fi utilizat pentru a porni \u0219i opri lanterna \u0219i pentru a selecta nivelul de luminozitate necesar. De asemenea, este posibil\u0103 activarea instantanee a modului Turbo al lanternei. Iluminarea este asigurat\u0103 de o lentil\u0103 complet reflectorizant\u0103, care este foarte eficient\u0103 \u00een func\u021bionare.<\/p>\n<p>F\u0103r\u0103 re\u00eenc\u0103rcare, lanterna poate str\u0103luci timp de peste 70 de ore, oferind lumin\u0103 alb\u0103. &#171;Lumina lunii&#187; este acceptabil\u0103 pentru citire, ceea ce va fi util dac\u0103, de exemplu, folosi\u021bi o astfel de lantern\u0103 \u00eentr-un cort \u00een timpul c\u0103l\u0103toriei. Pentru a bloca modelul, este suficient s\u0103 ap\u0103sa\u021bi comutatorul de dou\u0103 ori. Butonul \u00een sine are un indicator de \u00eenc\u0103rcare a bateriei \u00eencorporat. Portul de \u00eenc\u0103rcare este ascuns \u00een carcas\u0103. \u00cen timp ce se \u00eencarc\u0103, lanterna breloc este \u00eenc\u0103 capabil\u0103 s\u0103 luceasc\u0103.<\/p>\n<h3>Particularit\u0103\u021bi<\/h3>\n<ul>\n<li>Lantern\u0103 compact\u0103 \u0219i u\u0219oar\u0103 pentru utilizare zilnic\u0103<\/li>\n<li>Lanterna este alimentat\u0103 de dioda Luminus SST20 (50 de mii de ore de func\u021bionare)<\/li>\n<li>Exist\u0103 un inel pe chei \u00een pachet<\/li>\n<li>Cinci moduri de func\u021bionare<\/li>\n<li>Func\u021bioneaz\u0103 cu ajutorul unui buton metalic<\/li>\n<li>Lentile cu acoperire reflectorizant\u0103 complet\u0103<\/li>\n<li>Indicator al nivelului de \u00eenc\u0103rcare<\/li>\n<li>Func\u021bie de blocare a lanternei<\/li>\n<li>Corp fabricat din aluminiu robust A6061-T6<\/li>\n<li>Finisaj anodizat dur de calitate superioar\u0103<\/li>\n<li>Standard de rezisten\u021b\u0103 la praf \u0219i ap\u0103: IP68<\/li>\n<li>Rezist\u0103 la c\u0103deri de p\u00e2n\u0103 la 1 metru f\u0103r\u0103 deteriorare sau rupere.<\/li>\n<\/ul>\n<h3>Moduri<\/h3>\n<ul>\n<li><strong>Turbo.<\/strong> Cea mai mare putere furnizat\u0103 aici. Fluxul luminos este de 600 de lumeni. Raza de ac\u021biune a fasciculului este de 124 de metri.<\/li>\n<li><strong>High.<\/strong> Luminozitatea ofer\u0103 300 de lumeni, func\u021bioneaz\u0103 timp de 1,5 ore. Raza de ac\u021biune a fasciculului ajunge la 91 de metri.<\/li>\n<li><strong>Med.<\/strong> Fluxul luminos este egal cu 100 de lumeni, raza de ac\u021biune a fasciculului ajunge la 56 de metri. Str\u0103luce\u0219te timp de 4 ore.<\/li>\n<li><strong>Low.<\/strong> Fluxul luminos este de 25 de lumeni, raza de ac\u021biune a fasciculului ajunge la 28 de metri. Durata de func\u021bionare a lanternei \u00een acest mod este de 16 ore.<\/li>\n<li><strong>Moonlight.<\/strong> Fluxul luminos este de 3 lumeni, raza de ac\u021biune a fasciculului ajunge la 9 metri. Durata de func\u021bionare a lanternei \u00een acest mod este de 70 ore.<\/li>\n<\/ul>\n<h3>Caracteristici<\/h3>\n<ul>\n<li>Tipul de alimentare &#8212; baterie re\u00eenc\u0103rcabil\u0103 Li-Po 800 mAh \u00eencorporat\u0103<\/li>\n<li>Putere &#8212; p\u00e2n\u0103 la 1000 lm<\/li>\n<li>Flux luminos &#8212; 600 lm<\/li>\n<li>Raza de ac\u021biune a fasciculului &#8212; 124 m<\/li>\n<li>\u00cenc\u0103rcare &#8212; USB de tip C<\/li>\n<li>Timp maxim de func\u021bionare &#8212; 70 de ore<\/li>\n<li>Material &#8212; aluminiu pentru aeronave<\/li>\n<li>Rezistent la ap\u0103 &#8212; IP68<\/li>\n<li>Dimensiuni &#8212; 79 x 19,3 mm<\/li>\n<li>Greutate &#8212; 45 g.<\/li>\n<\/ul>\n<p><\/p>","protected":false},"excerpt":{"rendered":"","protected":false},"featured_media":49598,"comment_status":"open","ping_status":"closed","template":"","meta":{"_acf_changed":false,"inline_featured_image":false},"product_brand":[1351],"product_cat":[462,218],"product_tag":[],"class_list":{"0":"post-48770","1":"product","2":"type-product","3":"status-publish","4":"has-post-thumbnail","6":"product_brand-fenix","7":"product_cat-lumini-de-mana","8":"product_cat-whistles-flashlights","10":"first","11":"instock","12":"shipping-taxable","13":"purchasable","14":"product-type-simple"},"acf":[],"yoast_head":"<!-- This site is optimized with the Yoast SEO plugin v27.4 - https:\/\/yoast.com\/product\/yoast-seo-wordpress\/ -->\n<title>\u0424\u043e\u043d\u0430\u0440\u044c Fenix E09R LED - \u041c\u0430\u0433\u0430\u0437\u0438\u043d Xstyle<\/title>\n<meta name=\"description\" content=\"\u0424\u043e\u043d\u0430\u0440\u044c Fenix E09R LED \u2013 \u043a\u043e\u043c\u043f\u0430\u043a\u0442\u043d\u044b\u0439 \u0438 \u043c\u043e\u0449\u043d\u044b\u0439, \u0441 \u044f\u0440\u043a\u043e\u0441\u0442\u044c\u044e \u0434\u043e 600 \u041b\u043c, USB Type-C \u0438 \u0437\u0430\u0449\u0438\u0442\u043e\u0439 IP68. \u0418\u0434\u0435\u0430\u043b\u0435\u043d \u0434\u043b\u044f \u043f\u043e\u0432\u0441\u0435\u0434\u043d\u0435\u0432\u043d\u043e\u0433\u043e \u0438\u0441\u043f\u043e\u043b\u044c\u0437\u043e\u0432\u0430\u043d\u0438\u044f!\" \/>\n<meta name=\"robots\" content=\"noindex, follow, max-snippet:-1, max-image-preview:large, max-video-preview:-1\" \/>\n<meta property=\"og:locale\" content=\"ro_RO\" \/>\n<meta property=\"og:type\" content=\"article\" \/>\n<meta property=\"og:title\" content=\"\u0424\u043e\u043d\u0430\u0440\u044c Fenix E09R LED - \u041c\u0430\u0433\u0430\u0437\u0438\u043d Xstyle\" \/>\n<meta property=\"og:description\" content=\"\u0424\u043e\u043d\u0430\u0440\u044c Fenix E09R LED \u2013 \u043a\u043e\u043c\u043f\u0430\u043a\u0442\u043d\u044b\u0439 \u0438 \u043c\u043e\u0449\u043d\u044b\u0439, \u0441 \u044f\u0440\u043a\u043e\u0441\u0442\u044c\u044e \u0434\u043e 600 \u041b\u043c, USB Type-C \u0438 \u0437\u0430\u0449\u0438\u0442\u043e\u0439 IP68. \u0418\u0434\u0435\u0430\u043b\u0435\u043d \u0434\u043b\u044f \u043f\u043e\u0432\u0441\u0435\u0434\u043d\u0435\u0432\u043d\u043e\u0433\u043e \u0438\u0441\u043f\u043e\u043b\u044c\u0437\u043e\u0432\u0430\u043d\u0438\u044f!\" \/>\n<meta property=\"og:url\" content=\"https:\/\/dev.xstyle.md\/ro\/produs\/fonar-fenix-e09r-led\/\" \/>\n<meta property=\"og:site_name\" content=\"\u041c\u0430\u0433\u0430\u0437\u0438\u043d Xstyle\" \/>\n<meta property=\"article:publisher\" content=\"https:\/\/www.facebook.com\/xstylemd\" \/>\n<meta property=\"article:modified_time\" content=\"2026-02-25T10:40:50+00:00\" \/>\n<meta property=\"og:image\" content=\"https:\/\/dev.xstyle.md\/wp-content\/uploads\/2022\/06\/fenix-e09r-led.jpg\" \/>\n\t<meta property=\"og:image:width\" content=\"750\" \/>\n\t<meta property=\"og:image:height\" content=\"728\" \/>\n\t<meta property=\"og:image:type\" content=\"image\/jpeg\" \/>\n<meta name=\"twitter:card\" content=\"summary_large_image\" \/>\n<meta name=\"twitter:label1\" content=\"Pre\u021b\" \/>\n\t<meta name=\"twitter:data1\" content=\"790,00&nbsp;MDL\" \/>\n\t<meta name=\"twitter:label2\" content=\"Disponibilitate\" \/>\n\t<meta name=\"twitter:data2\" content=\"\u00cen stoc\" \/>\n<script type=\"application\/ld+json\" class=\"yoast-schema-graph\">{\"@context\":\"https:\\\/\\\/schema.org\",\"@graph\":[{\"@type\":\"WebPage\",\"@id\":\"https:\\\/\\\/dev.xstyle.md\\\/product\\\/fonar-fenix-e09r-led\\\/\",\"url\":\"https:\\\/\\\/dev.xstyle.md\\\/product\\\/fonar-fenix-e09r-led\\\/\",\"name\":\"\u0424\u043e\u043d\u0430\u0440\u044c Fenix E09R LED - \u041c\u0430\u0433\u0430\u0437\u0438\u043d Xstyle\",\"isPartOf\":{\"@id\":\"https:\\\/\\\/dev.xstyle.md\\\/#website\"},\"primaryImageOfPage\":{\"@id\":\"https:\\\/\\\/dev.xstyle.md\\\/product\\\/fonar-fenix-e09r-led\\\/#primaryimage\"},\"image\":{\"@id\":\"https:\\\/\\\/dev.xstyle.md\\\/product\\\/fonar-fenix-e09r-led\\\/#primaryimage\"},\"thumbnailUrl\":\"https:\\\/\\\/dev.xstyle.md\\\/wp-content\\\/uploads\\\/2022\\\/06\\\/fenix-e09r-led.jpg\",\"datePublished\":\"2022-06-16T10:13:12+00:00\",\"dateModified\":\"2026-02-25T10:40:50+00:00\",\"description\":\"\u0424\u043e\u043d\u0430\u0440\u044c Fenix E09R LED \u2013 \u043a\u043e\u043c\u043f\u0430\u043a\u0442\u043d\u044b\u0439 \u0438 \u043c\u043e\u0449\u043d\u044b\u0439, \u0441 \u044f\u0440\u043a\u043e\u0441\u0442\u044c\u044e \u0434\u043e 600 \u041b\u043c, USB Type-C \u0438 \u0437\u0430\u0449\u0438\u0442\u043e\u0439 IP68. \u0418\u0434\u0435\u0430\u043b\u0435\u043d \u0434\u043b\u044f \u043f\u043e\u0432\u0441\u0435\u0434\u043d\u0435\u0432\u043d\u043e\u0433\u043e \u0438\u0441\u043f\u043e\u043b\u044c\u0437\u043e\u0432\u0430\u043d\u0438\u044f!\",\"breadcrumb\":{\"@id\":\"https:\\\/\\\/dev.xstyle.md\\\/product\\\/fonar-fenix-e09r-led\\\/#breadcrumb\"},\"inLanguage\":\"ro-RO\",\"potentialAction\":[{\"@type\":\"ReadAction\",\"target\":[\"https:\\\/\\\/dev.xstyle.md\\\/product\\\/fonar-fenix-e09r-led\\\/\"]}]},{\"@type\":\"ImageObject\",\"inLanguage\":\"ro-RO\",\"@id\":\"https:\\\/\\\/dev.xstyle.md\\\/product\\\/fonar-fenix-e09r-led\\\/#primaryimage\",\"url\":\"https:\\\/\\\/dev.xstyle.md\\\/wp-content\\\/uploads\\\/2022\\\/06\\\/fenix-e09r-led.jpg\",\"contentUrl\":\"https:\\\/\\\/dev.xstyle.md\\\/wp-content\\\/uploads\\\/2022\\\/06\\\/fenix-e09r-led.jpg\",\"width\":750,\"height\":728,\"caption\":\"\u041a\u043e\u043c\u043f\u0430\u043a\u0442\u043d\u044b\u0439 \u043d\u0430\u043b\u043e\u0431\u043d\u044b\u0439 \u0444\u043e\u043d\u0430\u0440\u044c Fenix E09R LED \u0434\u043b\u044f \u0430\u043a\u0442\u0438\u0432\u043d\u043e\u0433\u043e \u043e\u0442\u0434\u044b\u0445\u0430 \u043f\u043e\u0445\u043e\u0434\u043e\u0432 \u043a\u0435\u043c\u043f\u0438\u043d\u0433\u0430 \u0438 \u043f\u0443\u0442\u0435\u0448\u0435\u0441\u0442\u0432\u0438\u0439 \u0441 \u044f\u0440\u043a\u043e\u0441\u0442\u044c\u044e \u0434\u043b\u044f \u0442\u0443\u0440\u0438\u0441\u0442\u0438\u0447\u0435\u0441\u043a\u043e\u0439 \u043e\u0431\u0443\u0432\u0438 \u0438 \u043e\u0434\u0435\u0436\u0434\u044b \u043d\u0430 \u0441\u0430\u0439\u0442\u0435 \u043c\u0430\u0433\u0430\u0437\u0438\u043d\u0430 \u0430\u043a\u0442\u0438\u0432\u043d\u043e\u0439 \u0436\u0438\u0437\u043d\u0438\"},{\"@type\":\"BreadcrumbList\",\"@id\":\"https:\\\/\\\/dev.xstyle.md\\\/product\\\/fonar-fenix-e09r-led\\\/#breadcrumb\",\"itemListElement\":[{\"@type\":\"ListItem\",\"position\":1,\"name\":\"\u0413\u043b\u0430\u0432\u043d\u0430\u044f \u0441\u0442\u0440\u0430\u043d\u0438\u0446\u0430\",\"item\":\"https:\\\/\\\/dev.xstyle.md\\\/\"},{\"@type\":\"ListItem\",\"position\":2,\"name\":\"Shop\",\"item\":\"https:\\\/\\\/dev.xstyle.md\\\/shop\\\/\"},{\"@type\":\"ListItem\",\"position\":3,\"name\":\"\u0424\u043e\u043d\u0430\u0440\u044c Fenix E09R LED\"}]},{\"@type\":\"WebSite\",\"@id\":\"https:\\\/\\\/dev.xstyle.md\\\/#website\",\"url\":\"https:\\\/\\\/dev.xstyle.md\\\/\",\"name\":\"\u041c\u0430\u0433\u0430\u0437\u0438\u043d Xstyle\",\"description\":\"C\u043d\u0430\u0440\u044f\u0436\u0435\u043d\u0438\u0435 \u0434\u043b\u044f \u0442\u0443\u0440\u0438\u0437\u043c\u0430 \u0438 \u044d\u043a\u0441\u0442\u0440\u0435\u043c\u0430\u043b\u044c\u043d\u044b\u0445 \u0432\u0438\u0434\u043e\u0432 \u0441\u043f\u043e\u0440\u0442\u0430 \u0432 \u041c\u043e\u043b\u0434\u043e\u0432\u0435.. \u0426\u0435\u043d\u044b, \u0444\u043e\u0442\u043e, \u0445\u0430\u0440\u0430\u043a\u0442\u0435\u0440\u0438\u0441\u0442\u0438\u043a\u0438 \u0432 \u041c\u043e\u043b\u0434\u043e\u0432\u0435.\",\"publisher\":{\"@id\":\"https:\\\/\\\/dev.xstyle.md\\\/#organization\"},\"alternateName\":\"X-Style\",\"potentialAction\":[{\"@type\":\"SearchAction\",\"target\":{\"@type\":\"EntryPoint\",\"urlTemplate\":\"https:\\\/\\\/dev.xstyle.md\\\/?s={search_term_string}\"},\"query-input\":{\"@type\":\"PropertyValueSpecification\",\"valueRequired\":true,\"valueName\":\"search_term_string\"}}],\"inLanguage\":\"ro-RO\"},{\"@type\":\"Organization\",\"@id\":\"https:\\\/\\\/dev.xstyle.md\\\/#organization\",\"name\":\"\u041c\u0430\u0433\u0430\u0437\u0438\u043d Xstyle\",\"alternateName\":\"x-style\",\"url\":\"https:\\\/\\\/dev.xstyle.md\\\/\",\"logo\":{\"@type\":\"ImageObject\",\"inLanguage\":\"ro-RO\",\"@id\":\"https:\\\/\\\/dev.xstyle.md\\\/#\\\/schema\\\/logo\\\/image\\\/\",\"url\":\"https:\\\/\\\/dev.xstyle.md\\\/wp-content\\\/uploads\\\/2020\\\/06\\\/logoicon.svg\",\"contentUrl\":\"https:\\\/\\\/dev.xstyle.md\\\/wp-content\\\/uploads\\\/2020\\\/06\\\/logoicon.svg\",\"caption\":\"\u041c\u0430\u0433\u0430\u0437\u0438\u043d Xstyle\"},\"image\":{\"@id\":\"https:\\\/\\\/dev.xstyle.md\\\/#\\\/schema\\\/logo\\\/image\\\/\"},\"sameAs\":[\"https:\\\/\\\/www.facebook.com\\\/xstylemd\",\"https:\\\/\\\/www.instagram.com\\\/xstyle_md\\\/\",\"https:\\\/\\\/t.me\\\/xstyle_outdoor\"],\"hasMerchantReturnPolicy\":{\"@type\":\"MerchantReturnPolicy\",\"merchantReturnLink\":\"https:\\\/\\\/dev.xstyle.md\\\/ro\\\/conditions\\\/\"}}]}<\/script>\n<meta property=\"product:price:amount\" content=\"790.00\" \/>\n<meta property=\"product:price:currency\" content=\"MDL\" \/>\n<meta property=\"og:availability\" content=\"instock\" \/>\n<meta property=\"product:availability\" content=\"instock\" \/>\n<meta property=\"product:retailer_item_id\" content=\"6942870308012\" \/>\n<meta property=\"product:condition\" content=\"new\" \/>\n<!-- \/ Yoast SEO plugin. -->","yoast_head_json":{"title":"Lantern\u0103 Fenix E09R LED - Magazin Xstyle","description":"Lanterna Fenix E09R LED \u2013 compact\u0103 \u0219i puternic\u0103, cu o luminozitate de p\u00e2n\u0103 la 600 Lm, USB Type-C \u0219i protec\u021bie IP68. Ideal\u0103 pentru utilizarea zilnic\u0103!","robots":{"index":"noindex","follow":"follow","max-snippet":"max-snippet:-1","max-image-preview":"max-image-preview:large","max-video-preview":"max-video-preview:-1"},"og_locale":"ro_RO","og_type":"article","og_title":"\u0424\u043e\u043d\u0430\u0440\u044c Fenix E09R LED - \u041c\u0430\u0433\u0430\u0437\u0438\u043d Xstyle","og_description":"\u0424\u043e\u043d\u0430\u0440\u044c Fenix E09R LED \u2013 \u043a\u043e\u043c\u043f\u0430\u043a\u0442\u043d\u044b\u0439 \u0438 \u043c\u043e\u0449\u043d\u044b\u0439, \u0441 \u044f\u0440\u043a\u043e\u0441\u0442\u044c\u044e \u0434\u043e 600 \u041b\u043c, USB Type-C \u0438 \u0437\u0430\u0449\u0438\u0442\u043e\u0439 IP68. \u0418\u0434\u0435\u0430\u043b\u0435\u043d \u0434\u043b\u044f \u043f\u043e\u0432\u0441\u0435\u0434\u043d\u0435\u0432\u043d\u043e\u0433\u043e \u0438\u0441\u043f\u043e\u043b\u044c\u0437\u043e\u0432\u0430\u043d\u0438\u044f!","og_url":"https:\/\/dev.xstyle.md\/ro\/produs\/fonar-fenix-e09r-led\/","og_site_name":"\u041c\u0430\u0433\u0430\u0437\u0438\u043d Xstyle","article_publisher":"https:\/\/www.facebook.com\/xstylemd","article_modified_time":"2026-02-25T10:40:50+00:00","og_image":[{"width":750,"height":728,"url":"https:\/\/dev.xstyle.md\/wp-content\/uploads\/2022\/06\/fenix-e09r-led.jpg","type":"image\/jpeg"}],"twitter_card":"summary_large_image","twitter_misc":{"Pre\u021b":"790,00&nbsp;MDL","Disponibilitate":"\u00cen stoc"},"schema":{"@context":"https:\/\/schema.org","@graph":[{"@type":"WebPage","@id":"https:\/\/dev.xstyle.md\/product\/fonar-fenix-e09r-led\/","url":"https:\/\/dev.xstyle.md\/product\/fonar-fenix-e09r-led\/","name":"Lantern\u0103 Fenix E09R LED - Magazin Xstyle","isPartOf":{"@id":"https:\/\/dev.xstyle.md\/#website"},"primaryImageOfPage":{"@id":"https:\/\/dev.xstyle.md\/product\/fonar-fenix-e09r-led\/#primaryimage"},"image":{"@id":"https:\/\/dev.xstyle.md\/product\/fonar-fenix-e09r-led\/#primaryimage"},"thumbnailUrl":"https:\/\/dev.xstyle.md\/wp-content\/uploads\/2022\/06\/fenix-e09r-led.jpg","datePublished":"2022-06-16T10:13:12+00:00","dateModified":"2026-02-25T10:40:50+00:00","description":"Lanterna Fenix E09R LED \u2013 compact\u0103 \u0219i puternic\u0103, cu o luminozitate de p\u00e2n\u0103 la 600 Lm, USB Type-C \u0219i protec\u021bie IP68. Ideal\u0103 pentru utilizarea zilnic\u0103!","breadcrumb":{"@id":"https:\/\/dev.xstyle.md\/product\/fonar-fenix-e09r-led\/#breadcrumb"},"inLanguage":"ro-RO","potentialAction":[{"@type":"ReadAction","target":["https:\/\/dev.xstyle.md\/product\/fonar-fenix-e09r-led\/"]}]},{"@type":"ImageObject","inLanguage":"ro-RO","@id":"https:\/\/dev.xstyle.md\/product\/fonar-fenix-e09r-led\/#primaryimage","url":"https:\/\/dev.xstyle.md\/wp-content\/uploads\/2022\/06\/fenix-e09r-led.jpg","contentUrl":"https:\/\/dev.xstyle.md\/wp-content\/uploads\/2022\/06\/fenix-e09r-led.jpg","width":750,"height":728,"caption":"\u041a\u043e\u043c\u043f\u0430\u043a\u0442\u043d\u044b\u0439 \u043d\u0430\u043b\u043e\u0431\u043d\u044b\u0439 \u0444\u043e\u043d\u0430\u0440\u044c Fenix E09R LED \u0434\u043b\u044f \u0430\u043a\u0442\u0438\u0432\u043d\u043e\u0433\u043e \u043e\u0442\u0434\u044b\u0445\u0430 \u043f\u043e\u0445\u043e\u0434\u043e\u0432 \u043a\u0435\u043c\u043f\u0438\u043d\u0433\u0430 \u0438 \u043f\u0443\u0442\u0435\u0448\u0435\u0441\u0442\u0432\u0438\u0439 \u0441 \u044f\u0440\u043a\u043e\u0441\u0442\u044c\u044e \u0434\u043b\u044f \u0442\u0443\u0440\u0438\u0441\u0442\u0438\u0447\u0435\u0441\u043a\u043e\u0439 \u043e\u0431\u0443\u0432\u0438 \u0438 \u043e\u0434\u0435\u0436\u0434\u044b \u043d\u0430 \u0441\u0430\u0439\u0442\u0435 \u043c\u0430\u0433\u0430\u0437\u0438\u043d\u0430 \u0430\u043a\u0442\u0438\u0432\u043d\u043e\u0439 \u0436\u0438\u0437\u043d\u0438"},{"@type":"BreadcrumbList","@id":"https:\/\/dev.xstyle.md\/product\/fonar-fenix-e09r-led\/#breadcrumb","itemListElement":[{"@type":"ListItem","position":1,"name":"\u0413\u043b\u0430\u0432\u043d\u0430\u044f \u0441\u0442\u0440\u0430\u043d\u0438\u0446\u0430","item":"https:\/\/dev.xstyle.md\/"},{"@type":"ListItem","position":2,"name":"Shop","item":"https:\/\/dev.xstyle.md\/shop\/"},{"@type":"ListItem","position":3,"name":"\u0424\u043e\u043d\u0430\u0440\u044c Fenix E09R LED"}]},{"@type":"WebSite","@id":"https:\/\/dev.xstyle.md\/#website","url":"https:\/\/dev.xstyle.md\/","name":"Magazinul X-Style","description":"Echipamente pentru turism \u0219i sporturi extreme \u00een Moldova. Pre\u021buri, fotografii, caracteristici \u00een Moldova.","publisher":{"@id":"https:\/\/dev.xstyle.md\/#organization"},"alternateName":"X-Style","potentialAction":[{"@type":"SearchAction","target":{"@type":"EntryPoint","urlTemplate":"https:\/\/dev.xstyle.md\/?s={search_term_string}"},"query-input":{"@type":"PropertyValueSpecification","valueRequired":true,"valueName":"search_term_string"}}],"inLanguage":"ro-RO"},{"@type":"Organization","@id":"https:\/\/dev.xstyle.md\/#organization","name":"Magazinul X-Style","alternateName":"x-style","url":"https:\/\/dev.xstyle.md\/","logo":{"@type":"ImageObject","inLanguage":"ro-RO","@id":"https:\/\/dev.xstyle.md\/#\/schema\/logo\/image\/","url":"https:\/\/dev.xstyle.md\/wp-content\/uploads\/2020\/06\/logoicon.svg","contentUrl":"https:\/\/dev.xstyle.md\/wp-content\/uploads\/2020\/06\/logoicon.svg","caption":"\u041c\u0430\u0433\u0430\u0437\u0438\u043d Xstyle"},"image":{"@id":"https:\/\/dev.xstyle.md\/#\/schema\/logo\/image\/"},"sameAs":["https:\/\/www.facebook.com\/xstylemd","https:\/\/www.instagram.com\/xstyle_md\/","https:\/\/t.me\/xstyle_outdoor"],"hasMerchantReturnPolicy":{"@type":"MerchantReturnPolicy","merchantReturnLink":"https:\/\/dev.xstyle.md\/ro\/conditions\/"}}]},"product_price_amount":"790.00","product_price_currency":"MDL","og_availability":"instock","product_availability":"instock","product_retailer_item_id":"6942870308012","product_condition":"new"},"post_mailing_queue_ids":[],"_links":{"self":[{"href":"https:\/\/dev.xstyle.md\/ro\/wp-json\/wp\/v2\/product\/48770","targetHints":{"allow":["GET"]}}],"collection":[{"href":"https:\/\/dev.xstyle.md\/ro\/wp-json\/wp\/v2\/product"}],"about":[{"href":"https:\/\/dev.xstyle.md\/ro\/wp-json\/wp\/v2\/types\/product"}],"replies":[{"embeddable":true,"href":"https:\/\/dev.xstyle.md\/ro\/wp-json\/wp\/v2\/comments?post=48770"}],"version-history":[{"count":0,"href":"https:\/\/dev.xstyle.md\/ro\/wp-json\/wp\/v2\/product\/48770\/revisions"}],"wp:featuredmedia":[{"embeddable":true,"href":"https:\/\/dev.xstyle.md\/ro\/wp-json\/wp\/v2\/media\/49598"}],"wp:attachment":[{"href":"https:\/\/dev.xstyle.md\/ro\/wp-json\/wp\/v2\/media?parent=48770"}],"wp:term":[{"taxonomy":"product_brand","embeddable":true,"href":"https:\/\/dev.xstyle.md\/ro\/wp-json\/wp\/v2\/product_brand?post=48770"},{"taxonomy":"product_cat","embeddable":true,"href":"https:\/\/dev.xstyle.md\/ro\/wp-json\/wp\/v2\/product_cat?post=48770"},{"taxonomy":"product_tag","embeddable":true,"href":"https:\/\/dev.xstyle.md\/ro\/wp-json\/wp\/v2\/product_tag?post=48770"}],"curies":[{"name":"wp","href":"https:\/\/api.w.org\/{rel}","templated":true}]}}