{"id":48306,"date":"2022-05-13T13:14:49","date_gmt":"2022-05-13T10:14:49","guid":{"rendered":"https:\/\/xstyle.md\/?post_type=product&#038;p=48306"},"modified":"2025-10-24T12:50:13","modified_gmt":"2025-10-24T09:50:13","slug":"trekkingovye-palki-masters-speedster-calu","status":"publish","type":"product","link":"https:\/\/xstyle.md\/ro\/produs\/trekkingovye-palki-masters-speedster-calu\/","title":{"rendered":"Be\u021be de trekking Masters Speedster Calu"},"content":{"rendered":"<\/p>\n<p><strong>Be\u021be de trekking Masters Speedster Calu<\/strong> &#8212; be\u021be telescopice pentru utilizatorii avansa\u021bi, caracteriza\u021bi prin performan\u021be tehnice excelente \u0219i compactitate excep\u021bional\u0103: spa\u021biu minim de numai 52 cm cu sec\u021biuni \u00eenchise.<\/p>\n<h3>Particularit\u0103\u021bi<\/h3>\n<ul>\n<li>Miez din aliaj de aluminiu \u0219i fibr\u0103 de carbon \u00eempletit\u0103 de calitate superioar\u0103 &#8212; acest lucru garanteaz\u0103 u\u0219urin\u021b\u0103, rezisten\u021b\u0103 \u0219i flexibilitate<\/li>\n<li>Temlag ergonomic, reglabil, cu design ergonomic<\/li>\n<li>Trei sec\u021biuni pentru transportul pe un rucsac sau pe alt echipament<\/li>\n<li>V\u00e2rf din carbur\u0103 pentru o aderen\u021b\u0103 ridicat\u0103<\/li>\n<li>Inelele de \u00eenlocuire se ata\u0219eaz\u0103 rapid \u0219i sigur cu un singur clic<\/li>\n<\/ul>\n<h3>Caracteristici<\/h3>\n<ul>\n<li>Material &#8212; Calu (aluminiu, fibr\u0103 de carbon)<\/li>\n<li>Sistem de blocare &#8212; BS Blocking System<\/li>\n<li>V\u00e2rf &#8212; carbur\u0103 de tungsten<\/li>\n<li>Hamstring &#8212; spum\u0103<\/li>\n<li>Scop &#8212; trekking<\/li>\n<li>Diametrul tubului &#8212; 18\/16\/14 mm<\/li>\n<li>Lungime &#8212; 52 &#8212; 130 cm<\/li>\n<li>Inclus &#8212; 2 buc\u0103\u021bi<\/li>\n<li>Greutatea unei buc\u0103\u021bi &#8212; 240 g<\/li>\n<\/ul>\n<h3>Tehnologie<\/h3>\n<ul>\n<li><strong>Calu\u00ae<\/strong> &#8212; un compozit cu dou\u0103 straturi de carbon \u0219i aluminiu cu propriet\u0103\u021bi de performan\u021b\u0103 unice.<\/li>\n<li><strong>BS Blocking System<\/strong> &#8212; sistem de blocare sec\u021bional\u0103 rapid\u0103 \u0219i convenabil\u0103 bazat pe principiul colierului.<\/li>\n<li><strong>Carbide Tip<\/strong> &#8212; v\u00e2rf de carbur\u0103 \u00eenlocuibil cu durabilitate ridicat\u0103.<\/li>\n<li><strong>DuPont<\/strong> &#8212; piesele din plastic de la cel mai important produc\u0103tor mondial DuPont(R) rezist\u0103 la temperaturi extreme.<\/li>\n<\/ul>\n<h3>Marca<\/h3>\n<p>\u00cenfiin\u021bat\u0103 \u00een 1977 \u00een nordul Italiei, Masters este unul dintre cei mai importan\u021bi produc\u0103tori mondiali de be\u021be de trekking, be\u021be de mers nordic \u0219i accesorii. Proiectele de \u00eenalt\u0103 tehnologie ale bastoanelor Masters se bazeaz\u0103 pe materiale moderne \u0219i pe o serie de solu\u021bii tehnice brevetate, folosind doar cele mai bune componente de la produc\u0103torii mondiali. Toate acestea, la care se adaug\u0103 o experien\u021b\u0103 vast\u0103, permit companiei Masters s\u0103 produc\u0103 produse u\u0219oare, fiabile \u0219i u\u0219or de utilizat, \u00eentr-o gam\u0103 larg\u0103 \u00een care fiecare va g\u0103si modelul potrivit pentru el.<\/p>\n<p><\/p>\n<\/div>\n<\/div>","protected":false},"excerpt":{"rendered":"","protected":false},"featured_media":48295,"comment_status":"open","ping_status":"closed","template":"","meta":{"_acf_changed":false,"inline_featured_image":false},"product_brand":[1326],"product_cat":[414],"product_tag":[],"class_list":{"0":"post-48306","1":"product","2":"type-product","3":"status-publish","4":"has-post-thumbnail","6":"product_brand-masters","7":"product_cat-stalpi-de-trekking","9":"first","10":"instock","11":"shipping-taxable","12":"purchasable","13":"product-type-simple"},"acf":[],"yoast_head":"<!-- This site is optimized with the Yoast SEO plugin v27.4 - https:\/\/yoast.com\/product\/yoast-seo-wordpress\/ -->\n<title>\u0422\u0440\u0435\u043a\u043a\u0438\u043d\u0433\u043e\u0432\u044b\u0435 \u043f\u0430\u043b\u043a\u0438 Masters Speedster Calu - \u041c\u0430\u0433\u0430\u0437\u0438\u043d Xstyle<\/title>\n<meta name=\"description\" content=\"\u0422\u0440\u0435\u043a\u043a\u0438\u043d\u0433\u043e\u0432\u044b\u0435 \u043f\u0430\u043b\u043a\u0438 Masters Speedster Calu \u2013 \u0438\u0434\u0435\u0430\u043b\u044c\u043d\u044b\u0435 \u0434\u043b\u044f \u043e\u043f\u044b\u0442\u043d\u044b\u0445 \u0442\u0443\u0440\u0438\u0441\u0442\u043e\u0432! \u041a\u043e\u043c\u043f\u0430\u043a\u0442\u043d\u044b\u0435, \u0441 \u0441\u0438\u0441\u0442\u0435\u043c\u043e\u0439 BS \u0438 \u043f\u0440\u043e\u0447\u043d\u044b\u043c \u043a\u0430\u0440\u0431\u0438\u0434\u043d\u044b\u043c \u043d\u0430\u043a\u043e\u043d\u0435\u0447\u043d\u0438\u043a\u043e\u043c. \u0417\u0430\u043a\u0430\u0437\u044b\u0432\u0430\u0439\u0442\u0435 \u0441\u0435\u0439\u0447\u0430\u0441!\" \/>\n<meta name=\"robots\" content=\"index, follow, max-snippet:-1, max-image-preview:large, max-video-preview:-1\" \/>\n<link rel=\"canonical\" href=\"https:\/\/xstyle.md\/ro\/produs\/trekkingovye-palki-masters-speedster-calu\/\" \/>\n<meta property=\"og:locale\" content=\"ro_RO\" \/>\n<meta property=\"og:type\" content=\"article\" \/>\n<meta property=\"og:title\" content=\"\u0422\u0440\u0435\u043a\u043a\u0438\u043d\u0433\u043e\u0432\u044b\u0435 \u043f\u0430\u043b\u043a\u0438 Masters Speedster Calu - \u041c\u0430\u0433\u0430\u0437\u0438\u043d Xstyle\" \/>\n<meta property=\"og:description\" content=\"\u0422\u0440\u0435\u043a\u043a\u0438\u043d\u0433\u043e\u0432\u044b\u0435 \u043f\u0430\u043b\u043a\u0438 Masters Speedster Calu \u2013 \u0438\u0434\u0435\u0430\u043b\u044c\u043d\u044b\u0435 \u0434\u043b\u044f \u043e\u043f\u044b\u0442\u043d\u044b\u0445 \u0442\u0443\u0440\u0438\u0441\u0442\u043e\u0432! \u041a\u043e\u043c\u043f\u0430\u043a\u0442\u043d\u044b\u0435, \u0441 \u0441\u0438\u0441\u0442\u0435\u043c\u043e\u0439 BS \u0438 \u043f\u0440\u043e\u0447\u043d\u044b\u043c \u043a\u0430\u0440\u0431\u0438\u0434\u043d\u044b\u043c \u043d\u0430\u043a\u043e\u043d\u0435\u0447\u043d\u0438\u043a\u043e\u043c. \u0417\u0430\u043a\u0430\u0437\u044b\u0432\u0430\u0439\u0442\u0435 \u0441\u0435\u0439\u0447\u0430\u0441!\" \/>\n<meta property=\"og:url\" content=\"https:\/\/xstyle.md\/ro\/produs\/trekkingovye-palki-masters-speedster-calu\/\" \/>\n<meta property=\"og:site_name\" content=\"\u041c\u0430\u0433\u0430\u0437\u0438\u043d Xstyle\" \/>\n<meta property=\"article:publisher\" content=\"https:\/\/www.facebook.com\/xstylemd\" \/>\n<meta property=\"article:modified_time\" content=\"2025-10-24T09:50:13+00:00\" \/>\n<meta property=\"og:image\" content=\"https:\/\/xstyle.md\/wp-content\/uploads\/2020\/07\/masters-speedster-calu.jpg\" \/>\n\t<meta property=\"og:image:width\" content=\"355\" \/>\n\t<meta property=\"og:image:height\" content=\"592\" \/>\n\t<meta property=\"og:image:type\" content=\"image\/jpeg\" \/>\n<meta name=\"twitter:card\" content=\"summary_large_image\" \/>\n<meta name=\"twitter:label1\" content=\"Pre\u021b\" \/>\n\t<meta name=\"twitter:data1\" content=\"2.690&nbsp;MDL\" \/>\n\t<meta name=\"twitter:label2\" content=\"Disponibilitate\" \/>\n\t<meta name=\"twitter:data2\" content=\"\u00cen stoc\" \/>\n<script type=\"application\/ld+json\" class=\"yoast-schema-graph\">{\"@context\":\"https:\\\/\\\/schema.org\",\"@graph\":[{\"@type\":\"WebPage\",\"@id\":\"https:\\\/\\\/xstyle.md\\\/product\\\/trekkingovye-palki-masters-speedster-calu\\\/\",\"url\":\"https:\\\/\\\/xstyle.md\\\/product\\\/trekkingovye-palki-masters-speedster-calu\\\/\",\"name\":\"\u0422\u0440\u0435\u043a\u043a\u0438\u043d\u0433\u043e\u0432\u044b\u0435 \u043f\u0430\u043b\u043a\u0438 Masters Speedster Calu - \u041c\u0430\u0433\u0430\u0437\u0438\u043d Xstyle\",\"isPartOf\":{\"@id\":\"https:\\\/\\\/xstyle.md\\\/#website\"},\"primaryImageOfPage\":{\"@id\":\"https:\\\/\\\/xstyle.md\\\/product\\\/trekkingovye-palki-masters-speedster-calu\\\/#primaryimage\"},\"image\":{\"@id\":\"https:\\\/\\\/xstyle.md\\\/product\\\/trekkingovye-palki-masters-speedster-calu\\\/#primaryimage\"},\"thumbnailUrl\":\"https:\\\/\\\/xstyle.md\\\/wp-content\\\/uploads\\\/2020\\\/07\\\/masters-speedster-calu.jpg\",\"datePublished\":\"2022-05-13T10:14:49+00:00\",\"dateModified\":\"2025-10-24T09:50:13+00:00\",\"description\":\"\u0422\u0440\u0435\u043a\u043a\u0438\u043d\u0433\u043e\u0432\u044b\u0435 \u043f\u0430\u043b\u043a\u0438 Masters Speedster Calu \u2013 \u0438\u0434\u0435\u0430\u043b\u044c\u043d\u044b\u0435 \u0434\u043b\u044f \u043e\u043f\u044b\u0442\u043d\u044b\u0445 \u0442\u0443\u0440\u0438\u0441\u0442\u043e\u0432! \u041a\u043e\u043c\u043f\u0430\u043a\u0442\u043d\u044b\u0435, \u0441 \u0441\u0438\u0441\u0442\u0435\u043c\u043e\u0439 BS \u0438 \u043f\u0440\u043e\u0447\u043d\u044b\u043c \u043a\u0430\u0440\u0431\u0438\u0434\u043d\u044b\u043c \u043d\u0430\u043a\u043e\u043d\u0435\u0447\u043d\u0438\u043a\u043e\u043c. \u0417\u0430\u043a\u0430\u0437\u044b\u0432\u0430\u0439\u0442\u0435 \u0441\u0435\u0439\u0447\u0430\u0441!\",\"breadcrumb\":{\"@id\":\"https:\\\/\\\/xstyle.md\\\/product\\\/trekkingovye-palki-masters-speedster-calu\\\/#breadcrumb\"},\"inLanguage\":\"ro-RO\",\"potentialAction\":[{\"@type\":\"ReadAction\",\"target\":[\"https:\\\/\\\/xstyle.md\\\/product\\\/trekkingovye-palki-masters-speedster-calu\\\/\"]}]},{\"@type\":\"ImageObject\",\"inLanguage\":\"ro-RO\",\"@id\":\"https:\\\/\\\/xstyle.md\\\/product\\\/trekkingovye-palki-masters-speedster-calu\\\/#primaryimage\",\"url\":\"https:\\\/\\\/xstyle.md\\\/wp-content\\\/uploads\\\/2020\\\/07\\\/masters-speedster-calu.jpg\",\"contentUrl\":\"https:\\\/\\\/xstyle.md\\\/wp-content\\\/uploads\\\/2020\\\/07\\\/masters-speedster-calu.jpg\",\"width\":355,\"height\":592,\"caption\":\"\u0422\u0443\u0440\u0438\u0441\u0442\u0438\u0447\u0435\u0441\u043a\u0430\u044f \u043e\u0431\u0443\u0432\u044c \u0438 \u043e\u0434\u0435\u0436\u0434\u0430 \u0434\u043b\u044f \u0430\u043a\u0442\u0438\u0432\u043d\u043e\u0433\u043e \u043e\u0442\u0434\u044b\u0445\u0430, \u043f\u043e\u0445\u043e\u0434\u043e\u0432 \u0438 \u043f\u0443\u0442\u0435\u0448\u0435\u0441\u0442\u0432\u0438\u0439, \u043f\u043e\u0434\u0445\u043e\u0434\u044f\u0449\u0430\u044f \u0434\u043b\u044f \u043e\u043d\u043b\u0430\u0439\u043d \u043c\u0430\u0433\u0430\u0437\u0438\u043d\u0430 \u0441\u043f\u043e\u0440\u0442\u0438\u0432\u043d\u044b\u0445 \u0442\u043e\u0432\u0430\u0440\u043e\u0432\"},{\"@type\":\"BreadcrumbList\",\"@id\":\"https:\\\/\\\/xstyle.md\\\/product\\\/trekkingovye-palki-masters-speedster-calu\\\/#breadcrumb\",\"itemListElement\":[{\"@type\":\"ListItem\",\"position\":1,\"name\":\"\u0413\u043b\u0430\u0432\u043d\u0430\u044f \u0441\u0442\u0440\u0430\u043d\u0438\u0446\u0430\",\"item\":\"https:\\\/\\\/xstyle.md\\\/\"},{\"@type\":\"ListItem\",\"position\":2,\"name\":\"\u041c\u0430\u0433\u0430\u0437\u0438\u043d\",\"item\":\"https:\\\/\\\/xstyle.md\\\/shop\\\/\"},{\"@type\":\"ListItem\",\"position\":3,\"name\":\"\u0422\u0440\u0435\u043a\u043a\u0438\u043d\u0433\u043e\u0432\u044b\u0435 \u043f\u0430\u043b\u043a\u0438 Masters Speedster Calu\"}]},{\"@type\":\"WebSite\",\"@id\":\"https:\\\/\\\/xstyle.md\\\/#website\",\"url\":\"https:\\\/\\\/xstyle.md\\\/\",\"name\":\"\u041c\u0430\u0433\u0430\u0437\u0438\u043d Xstyle\",\"description\":\"C\u043d\u0430\u0440\u044f\u0436\u0435\u043d\u0438\u0435 \u0434\u043b\u044f \u0442\u0443\u0440\u0438\u0437\u043c\u0430 \u0438 \u044d\u043a\u0441\u0442\u0440\u0435\u043c\u0430\u043b\u044c\u043d\u044b\u0445 \u0432\u0438\u0434\u043e\u0432 \u0441\u043f\u043e\u0440\u0442\u0430 \u0432 \u041c\u043e\u043b\u0434\u043e\u0432\u0435.. \u0426\u0435\u043d\u044b, \u0444\u043e\u0442\u043e, \u0445\u0430\u0440\u0430\u043a\u0442\u0435\u0440\u0438\u0441\u0442\u0438\u043a\u0438 \u0432 \u041c\u043e\u043b\u0434\u043e\u0432\u0435.\",\"publisher\":{\"@id\":\"https:\\\/\\\/xstyle.md\\\/#organization\"},\"alternateName\":\"X-Style\",\"potentialAction\":[{\"@type\":\"SearchAction\",\"target\":{\"@type\":\"EntryPoint\",\"urlTemplate\":\"https:\\\/\\\/xstyle.md\\\/?s={search_term_string}\"},\"query-input\":{\"@type\":\"PropertyValueSpecification\",\"valueRequired\":true,\"valueName\":\"search_term_string\"}}],\"inLanguage\":\"ro-RO\"},{\"@type\":\"Organization\",\"@id\":\"https:\\\/\\\/xstyle.md\\\/#organization\",\"name\":\"\u041c\u0430\u0433\u0430\u0437\u0438\u043d Xstyle\",\"alternateName\":\"x-style\",\"url\":\"https:\\\/\\\/xstyle.md\\\/\",\"logo\":{\"@type\":\"ImageObject\",\"inLanguage\":\"ro-RO\",\"@id\":\"https:\\\/\\\/xstyle.md\\\/#\\\/schema\\\/logo\\\/image\\\/\",\"url\":\"https:\\\/\\\/xstyle.md\\\/wp-content\\\/uploads\\\/2020\\\/06\\\/logoicon.svg\",\"contentUrl\":\"https:\\\/\\\/xstyle.md\\\/wp-content\\\/uploads\\\/2020\\\/06\\\/logoicon.svg\",\"caption\":\"\u041c\u0430\u0433\u0430\u0437\u0438\u043d Xstyle\"},\"image\":{\"@id\":\"https:\\\/\\\/xstyle.md\\\/#\\\/schema\\\/logo\\\/image\\\/\"},\"sameAs\":[\"https:\\\/\\\/www.facebook.com\\\/xstylemd\",\"https:\\\/\\\/www.instagram.com\\\/xstyle_md\\\/\",\"https:\\\/\\\/t.me\\\/xstyle_outdoor\"],\"hasMerchantReturnPolicy\":{\"@type\":\"MerchantReturnPolicy\",\"merchantReturnLink\":\"https:\\\/\\\/xstyle.md\\\/ro\\\/conditions\\\/\"}}]}<\/script>\n<meta property=\"product:price:amount\" content=\"2690.00\" \/>\n<meta property=\"product:price:currency\" content=\"MDL\" \/>\n<meta property=\"og:availability\" content=\"instock\" \/>\n<meta property=\"product:availability\" content=\"instock\" \/>\n<meta property=\"product:retailer_item_id\" content=\"8023349007570\" \/>\n<meta property=\"product:condition\" content=\"new\" \/>\n<!-- \/ Yoast SEO plugin. -->","yoast_head_json":{"title":"Be\u021be de trekking Masters Speedster Calu - Magazin Xstyle","description":"Be\u021bele de trekking Masters Speedster Calu \u2013 ideale pentru turi\u0219tii experimenta\u021bi! Compakte, cu sistem BS \u0219i v\u00e2rf din tungsten rezistent. Comanda\u021bi acum!","robots":{"index":"index","follow":"follow","max-snippet":"max-snippet:-1","max-image-preview":"max-image-preview:large","max-video-preview":"max-video-preview:-1"},"canonical":"https:\/\/xstyle.md\/ro\/produs\/trekkingovye-palki-masters-speedster-calu\/","og_locale":"ro_RO","og_type":"article","og_title":"\u0422\u0440\u0435\u043a\u043a\u0438\u043d\u0433\u043e\u0432\u044b\u0435 \u043f\u0430\u043b\u043a\u0438 Masters Speedster Calu - \u041c\u0430\u0433\u0430\u0437\u0438\u043d Xstyle","og_description":"\u0422\u0440\u0435\u043a\u043a\u0438\u043d\u0433\u043e\u0432\u044b\u0435 \u043f\u0430\u043b\u043a\u0438 Masters Speedster Calu \u2013 \u0438\u0434\u0435\u0430\u043b\u044c\u043d\u044b\u0435 \u0434\u043b\u044f \u043e\u043f\u044b\u0442\u043d\u044b\u0445 \u0442\u0443\u0440\u0438\u0441\u0442\u043e\u0432! \u041a\u043e\u043c\u043f\u0430\u043a\u0442\u043d\u044b\u0435, \u0441 \u0441\u0438\u0441\u0442\u0435\u043c\u043e\u0439 BS \u0438 \u043f\u0440\u043e\u0447\u043d\u044b\u043c \u043a\u0430\u0440\u0431\u0438\u0434\u043d\u044b\u043c \u043d\u0430\u043a\u043e\u043d\u0435\u0447\u043d\u0438\u043a\u043e\u043c. \u0417\u0430\u043a\u0430\u0437\u044b\u0432\u0430\u0439\u0442\u0435 \u0441\u0435\u0439\u0447\u0430\u0441!","og_url":"https:\/\/xstyle.md\/ro\/produs\/trekkingovye-palki-masters-speedster-calu\/","og_site_name":"\u041c\u0430\u0433\u0430\u0437\u0438\u043d Xstyle","article_publisher":"https:\/\/www.facebook.com\/xstylemd","article_modified_time":"2025-10-24T09:50:13+00:00","og_image":[{"width":355,"height":592,"url":"https:\/\/xstyle.md\/wp-content\/uploads\/2020\/07\/masters-speedster-calu.jpg","type":"image\/jpeg"}],"twitter_card":"summary_large_image","twitter_misc":{"Pre\u021b":"2.690&nbsp;MDL","Disponibilitate":"\u00cen stoc"},"schema":{"@context":"https:\/\/schema.org","@graph":[{"@type":"WebPage","@id":"https:\/\/xstyle.md\/product\/trekkingovye-palki-masters-speedster-calu\/","url":"https:\/\/xstyle.md\/product\/trekkingovye-palki-masters-speedster-calu\/","name":"Be\u021be de trekking Masters Speedster Calu - Magazin Xstyle","isPartOf":{"@id":"https:\/\/xstyle.md\/#website"},"primaryImageOfPage":{"@id":"https:\/\/xstyle.md\/product\/trekkingovye-palki-masters-speedster-calu\/#primaryimage"},"image":{"@id":"https:\/\/xstyle.md\/product\/trekkingovye-palki-masters-speedster-calu\/#primaryimage"},"thumbnailUrl":"https:\/\/xstyle.md\/wp-content\/uploads\/2020\/07\/masters-speedster-calu.jpg","datePublished":"2022-05-13T10:14:49+00:00","dateModified":"2025-10-24T09:50:13+00:00","description":"Be\u021bele de trekking Masters Speedster Calu \u2013 ideale pentru turi\u0219tii experimenta\u021bi! Compakte, cu sistem BS \u0219i v\u00e2rf din tungsten rezistent. Comanda\u021bi acum!","breadcrumb":{"@id":"https:\/\/xstyle.md\/product\/trekkingovye-palki-masters-speedster-calu\/#breadcrumb"},"inLanguage":"ro-RO","potentialAction":[{"@type":"ReadAction","target":["https:\/\/xstyle.md\/product\/trekkingovye-palki-masters-speedster-calu\/"]}]},{"@type":"ImageObject","inLanguage":"ro-RO","@id":"https:\/\/xstyle.md\/product\/trekkingovye-palki-masters-speedster-calu\/#primaryimage","url":"https:\/\/xstyle.md\/wp-content\/uploads\/2020\/07\/masters-speedster-calu.jpg","contentUrl":"https:\/\/xstyle.md\/wp-content\/uploads\/2020\/07\/masters-speedster-calu.jpg","width":355,"height":592,"caption":"\u0422\u0443\u0440\u0438\u0441\u0442\u0438\u0447\u0435\u0441\u043a\u0430\u044f \u043e\u0431\u0443\u0432\u044c \u0438 \u043e\u0434\u0435\u0436\u0434\u0430 \u0434\u043b\u044f \u0430\u043a\u0442\u0438\u0432\u043d\u043e\u0433\u043e \u043e\u0442\u0434\u044b\u0445\u0430, \u043f\u043e\u0445\u043e\u0434\u043e\u0432 \u0438 \u043f\u0443\u0442\u0435\u0448\u0435\u0441\u0442\u0432\u0438\u0439, \u043f\u043e\u0434\u0445\u043e\u0434\u044f\u0449\u0430\u044f \u0434\u043b\u044f \u043e\u043d\u043b\u0430\u0439\u043d \u043c\u0430\u0433\u0430\u0437\u0438\u043d\u0430 \u0441\u043f\u043e\u0440\u0442\u0438\u0432\u043d\u044b\u0445 \u0442\u043e\u0432\u0430\u0440\u043e\u0432"},{"@type":"BreadcrumbList","@id":"https:\/\/xstyle.md\/product\/trekkingovye-palki-masters-speedster-calu\/#breadcrumb","itemListElement":[{"@type":"ListItem","position":1,"name":"\u0413\u043b\u0430\u0432\u043d\u0430\u044f \u0441\u0442\u0440\u0430\u043d\u0438\u0446\u0430","item":"https:\/\/xstyle.md\/"},{"@type":"ListItem","position":2,"name":"\u041c\u0430\u0433\u0430\u0437\u0438\u043d","item":"https:\/\/xstyle.md\/shop\/"},{"@type":"ListItem","position":3,"name":"\u0422\u0440\u0435\u043a\u043a\u0438\u043d\u0433\u043e\u0432\u044b\u0435 \u043f\u0430\u043b\u043a\u0438 Masters Speedster Calu"}]},{"@type":"WebSite","@id":"https:\/\/xstyle.md\/#website","url":"https:\/\/xstyle.md\/","name":"Magazinul X-Style","description":"Echipamente pentru turism \u0219i sporturi extreme \u00een Moldova. Pre\u021buri, fotografii, caracteristici \u00een Moldova.","publisher":{"@id":"https:\/\/xstyle.md\/#organization"},"alternateName":"X-Style","potentialAction":[{"@type":"SearchAction","target":{"@type":"EntryPoint","urlTemplate":"https:\/\/xstyle.md\/?s={search_term_string}"},"query-input":{"@type":"PropertyValueSpecification","valueRequired":true,"valueName":"search_term_string"}}],"inLanguage":"ro-RO"},{"@type":"Organization","@id":"https:\/\/xstyle.md\/#organization","name":"Magazinul X-Style","alternateName":"x-style","url":"https:\/\/xstyle.md\/","logo":{"@type":"ImageObject","inLanguage":"ro-RO","@id":"https:\/\/xstyle.md\/#\/schema\/logo\/image\/","url":"https:\/\/xstyle.md\/wp-content\/uploads\/2020\/06\/logoicon.svg","contentUrl":"https:\/\/xstyle.md\/wp-content\/uploads\/2020\/06\/logoicon.svg","caption":"\u041c\u0430\u0433\u0430\u0437\u0438\u043d Xstyle"},"image":{"@id":"https:\/\/xstyle.md\/#\/schema\/logo\/image\/"},"sameAs":["https:\/\/www.facebook.com\/xstylemd","https:\/\/www.instagram.com\/xstyle_md\/","https:\/\/t.me\/xstyle_outdoor"],"hasMerchantReturnPolicy":{"@type":"MerchantReturnPolicy","merchantReturnLink":"https:\/\/xstyle.md\/ro\/conditions\/"}}]},"product_price_amount":"2690.00","product_price_currency":"MDL","og_availability":"instock","product_availability":"instock","product_retailer_item_id":"8023349007570","product_condition":"new"},"post_mailing_queue_ids":[],"_links":{"self":[{"href":"https:\/\/xstyle.md\/ro\/wp-json\/wp\/v2\/product\/48306","targetHints":{"allow":["GET"]}}],"collection":[{"href":"https:\/\/xstyle.md\/ro\/wp-json\/wp\/v2\/product"}],"about":[{"href":"https:\/\/xstyle.md\/ro\/wp-json\/wp\/v2\/types\/product"}],"replies":[{"embeddable":true,"href":"https:\/\/xstyle.md\/ro\/wp-json\/wp\/v2\/comments?post=48306"}],"wp:featuredmedia":[{"embeddable":true,"href":"https:\/\/xstyle.md\/ro\/wp-json\/wp\/v2\/media\/48295"}],"wp:attachment":[{"href":"https:\/\/xstyle.md\/ro\/wp-json\/wp\/v2\/media?parent=48306"}],"wp:term":[{"taxonomy":"product_brand","embeddable":true,"href":"https:\/\/xstyle.md\/ro\/wp-json\/wp\/v2\/product_brand?post=48306"},{"taxonomy":"product_cat","embeddable":true,"href":"https:\/\/xstyle.md\/ro\/wp-json\/wp\/v2\/product_cat?post=48306"},{"taxonomy":"product_tag","embeddable":true,"href":"https:\/\/xstyle.md\/ro\/wp-json\/wp\/v2\/product_tag?post=48306"}],"curies":[{"name":"wp","href":"https:\/\/api.w.org\/{rel}","templated":true}]}}