{"id":47918,"date":"2022-04-28T15:54:19","date_gmt":"2022-04-28T12:54:19","guid":{"rendered":"https:\/\/xstyle.md\/?post_type=product&#038;p=47918"},"modified":"2026-03-19T16:48:29","modified_gmt":"2026-03-19T13:48:29","slug":"zashhita-spiny-bluegrass-seamless-bs-d30","status":"publish","type":"product","link":"https:\/\/xstyle.md\/ro\/produs\/zashhita-spiny-bluegrass-seamless-bs-d30\/","title":{"rendered":"Protec\u021bia spatelui Bluegrass Seamless BS D30"},"content":{"rendered":"<\/p>\n<p><strong>Bluegrass Seamless BS D30<\/strong> &#8212; protec\u021bie a spatelui cu o construc\u021bie complet f\u0103r\u0103 cus\u0103turi. Respirabilitate de neegalat, confort de nivel urm\u0103tor \u0219i protec\u021bie maxim\u0103. Conceput pentru plimb\u0103ri pe traseu, enduro \u0219i plimb\u0103ri lungi cu bicicleta de munte E-Mountain.<\/p>\n<h3>Particularit\u0103\u021bi<\/h3>\n<ul>\n<li>Construc\u021bia f\u0103r\u0103 cus\u0103turi asigur\u0103 o potrivire confortabil\u0103 \u0219i ergonomic\u0103<\/li>\n<li>Dimensiunea unisex se potrive\u0219te tuturor formelor corpului<\/li>\n<li>Microfibra Dryarn\u00ae garanteaz\u0103 cel mai \u00eenalt nivel de performan\u021b\u0103 pentru \u021bes\u0103turile de corp<\/li>\n<li>Plasa deschis\u0103 \u00eembun\u0103t\u0103\u021be\u0219te ventila\u021bia \u0219i evaporarea transpira\u021biei<\/li>\n<li>Microfibra cu uscare rapid\u0103 regleaz\u0103 temperatura corpului<\/li>\n<li>Microfibre testate dermatologic pentru a elimina bacteriile \u0219i mirosurile<\/li>\n<li>Protec\u021bie pentru spate D3O\u00ae BP4 L1 (deta\u0219abil\u0103)<\/li>\n<li>Protectori de um\u0103r D3O\u00ae T5 EVO X L1 (deta\u0219abili)<\/li>\n<li>Inser\u021bii D3O\u00ae \u00een conformitate cu EN 1621-2:2014<\/li>\n<li>Ap\u0103r\u0103tori de um\u0103r rezisten\u021bi, compatibili cu curelele pentru rucsacuri<\/li>\n<li>Dou\u0103 buzunare spate pentru gust\u0103ri \u0219i obiecte moi<\/li>\n<li>U\u0219oare \u0219i flexibile pentru a v\u0103 oferi libertate de mi\u0219care<\/li>\n<li>Partea inferioar\u0103 lung\u0103 poate fi introdus\u0103 \u00een pantaloni pentru o stabilitate maxim\u0103<\/li>\n<li>Se spal\u0103 de m\u00e2n\u0103, folosi\u021bi doar ap\u0103 \u0219i s\u0103pun bl\u00e2nd<\/li>\n<\/ul>\n<h3>Caracteristici<\/h3>\n<ul>\n<li>Material &#8212; 80% polipropilen\u0103, 10% poliamid\u0103, 10% elastan<\/li>\n<li>Certificare &#8212; EN 1621-2:2014<\/li>\n<\/ul>\n<h3>Tehnologie<\/h3>\n<ul>\n<li><strong>D3O (di-tri-o)<\/strong> &#8212; este un material de protec\u021bie inovator care \u00ee\u0219i schimb\u0103 propriet\u0103\u021bile la nivel molecular atunci c\u00e2nd este supus unui impact brusc. Iar acest lucru este exact ceea ce se cere de la orice protec\u021bie \u00eempotriva c\u0103derilor &#8212; o protec\u021bie nea\u0219teptat de puternic\u0103 \u00een punctul de impact. \u00cen condi\u021bii normale de expansiune lent\u0103, \u00eentindere sau \u00eendoire, materialul este extrem de flexibil \u0219i elastic. Dar atunci c\u00e2nd este supus unei compresii bru\u0219te, adic\u0103 unui impact, acesta devine instantaneu mai dens pe \u00eentreaga sa suprafa\u021b\u0103, redistribuind sarcina punctual\u0103 \u0219i absorbind astfel energia impactului. \u00cen momentul impactului, energia acestuia este distribuit\u0103 uniform pe \u00eentreaga suprafa\u021b\u0103 a materialului, reduc\u00e2nd semnificativ sarcina de impact direct \u00een punctul de impact. Imediat ce impactul s-a terminat, materialul \u00ee\u0219i recap\u0103t\u0103 forma \u0219i propriet\u0103\u021bile ini\u021biale, devenind moale \u0219i flexibil.<\/li>\n<\/ul>\n<h3>Marca<\/h3>\n<p>Bluegrass este o marc\u0103 subsidiar\u0103 a faimoasei companii italiene MET, unul dintre cei mai importan\u021bi produc\u0103tori de c\u0103\u0219ti de ciclism din lume, cu o istorie de peste 30 de ani. Se concentreaz\u0103 pe produc\u021bia de protec\u021bie pentru discipline extreme: downhill, enduro, BMX \u0219i altele. Sportivi de frunte particip\u0103 la dezvoltarea \u0219i testarea modelelor. \u00cen sortimentul m\u0103rcii pute\u021bi g\u0103si diverse modele de echipamente de protec\u021bie, inclusiv genunchiere articulate, protec\u021bii pentru coate, protec\u021bii moi pentru articula\u021bii, m\u0103nu\u0219i, coifuri pentru c\u0103\u0219ti \u0219i multe altele. Produsele Bluegrass \u00eendeplinesc cerin\u021bele interna\u021bionale de siguran\u021b\u0103 \u0219i sunt caracterizate de un design elegant.<\/p>\n<p><\/p>","protected":false},"excerpt":{"rendered":"","protected":false},"featured_media":48171,"comment_status":"open","ping_status":"closed","template":"","meta":{"_acf_changed":false,"inline_featured_image":false},"product_brand":[1439],"product_cat":[408],"product_tag":[],"class_list":{"0":"post-47918","1":"product","2":"type-product","3":"status-publish","4":"has-post-thumbnail","6":"product_brand-bluegrass","7":"product_cat-cycling-protection","9":"first","10":"instock","11":"shipping-taxable","12":"purchasable","13":"product-type-simple"},"acf":[],"yoast_head":"<!-- This site is optimized with the Yoast SEO plugin v27.4 - https:\/\/yoast.com\/product\/yoast-seo-wordpress\/ -->\n<title>\u0417\u0430\u0449\u0438\u0442\u0430 \u0441\u043f\u0438\u043d\u044b Bluegrass Seamless BS D30 - \u041c\u0430\u0433\u0430\u0437\u0438\u043d Xstyle<\/title>\n<meta name=\"description\" content=\"\u0417\u0430\u0449\u0438\u0442\u0430 \u0441\u043f\u0438\u043d\u044b Bluegrass Seamless BS D30 \u043e\u0431\u0435\u0441\u043f\u0435\u0447\u0438\u0432\u0430\u0435\u0442 \u043c\u0430\u043a\u0441\u0438\u043c\u0430\u043b\u044c\u043d\u0443\u044e \u0437\u0430\u0449\u0438\u0442\u0443 \u0438 \u043d\u0435\u043f\u0440\u0435\u0432\u0437\u043e\u0439\u0434\u0435\u043d\u043d\u044b\u0439 \u043a\u043e\u043c\u0444\u043e\u0440\u0442 \u0434\u043b\u044f \u0440\u0430\u0439\u0434\u0435\u0440\u043e\u0432 \u043d\u0430 \u044d\u043d\u0434\u0443\u0440\u043e \u0438 \u0433\u043e\u0440\u043d\u044b\u0445 \u0432\u0435\u043b\u043e\u0441\u0438\u043f\u0435\u0434\u0430\u0445.\" \/>\n<meta name=\"robots\" content=\"index, follow, max-snippet:-1, max-image-preview:large, max-video-preview:-1\" \/>\n<link rel=\"canonical\" href=\"https:\/\/xstyle.md\/ro\/produs\/zashhita-spiny-bluegrass-seamless-bs-d30\/\" \/>\n<meta property=\"og:locale\" content=\"ro_RO\" \/>\n<meta property=\"og:type\" content=\"article\" \/>\n<meta property=\"og:title\" content=\"\u0417\u0430\u0449\u0438\u0442\u0430 \u0441\u043f\u0438\u043d\u044b Bluegrass Seamless BS D30 - \u041c\u0430\u0433\u0430\u0437\u0438\u043d Xstyle\" \/>\n<meta property=\"og:description\" content=\"\u0417\u0430\u0449\u0438\u0442\u0430 \u0441\u043f\u0438\u043d\u044b Bluegrass Seamless BS D30 \u043e\u0431\u0435\u0441\u043f\u0435\u0447\u0438\u0432\u0430\u0435\u0442 \u043c\u0430\u043a\u0441\u0438\u043c\u0430\u043b\u044c\u043d\u0443\u044e \u0437\u0430\u0449\u0438\u0442\u0443 \u0438 \u043d\u0435\u043f\u0440\u0435\u0432\u0437\u043e\u0439\u0434\u0435\u043d\u043d\u044b\u0439 \u043a\u043e\u043c\u0444\u043e\u0440\u0442 \u0434\u043b\u044f \u0440\u0430\u0439\u0434\u0435\u0440\u043e\u0432 \u043d\u0430 \u044d\u043d\u0434\u0443\u0440\u043e \u0438 \u0433\u043e\u0440\u043d\u044b\u0445 \u0432\u0435\u043b\u043e\u0441\u0438\u043f\u0435\u0434\u0430\u0445.\" \/>\n<meta property=\"og:url\" content=\"https:\/\/xstyle.md\/ro\/produs\/zashhita-spiny-bluegrass-seamless-bs-d30\/\" \/>\n<meta property=\"og:site_name\" content=\"\u041c\u0430\u0433\u0430\u0437\u0438\u043d Xstyle\" \/>\n<meta property=\"article:publisher\" content=\"https:\/\/www.facebook.com\/xstylemd\" \/>\n<meta property=\"article:modified_time\" content=\"2026-03-19T13:48:29+00:00\" \/>\n<meta property=\"og:image\" content=\"https:\/\/xstyle.md\/wp-content\/uploads\/2022\/04\/bluegrass-seamless-bs-d30.jpg\" \/>\n\t<meta property=\"og:image:width\" content=\"1024\" \/>\n\t<meta property=\"og:image:height\" content=\"768\" \/>\n\t<meta property=\"og:image:type\" content=\"image\/jpeg\" \/>\n<meta name=\"twitter:card\" content=\"summary_large_image\" \/>\n<meta name=\"twitter:label1\" content=\"Pre\u021b\" \/>\n\t<meta name=\"twitter:data1\" content=\"4.890&nbsp;MDL\" \/>\n\t<meta name=\"twitter:label2\" content=\"Disponibilitate\" \/>\n\t<meta name=\"twitter:data2\" content=\"\u00cen stoc\" \/>\n<script type=\"application\/ld+json\" class=\"yoast-schema-graph\">{\"@context\":\"https:\\\/\\\/schema.org\",\"@graph\":[{\"@type\":\"WebPage\",\"@id\":\"https:\\\/\\\/xstyle.md\\\/product\\\/zashhita-spiny-bluegrass-seamless-bs-d30\\\/\",\"url\":\"https:\\\/\\\/xstyle.md\\\/product\\\/zashhita-spiny-bluegrass-seamless-bs-d30\\\/\",\"name\":\"\u0417\u0430\u0449\u0438\u0442\u0430 \u0441\u043f\u0438\u043d\u044b Bluegrass Seamless BS D30 - \u041c\u0430\u0433\u0430\u0437\u0438\u043d Xstyle\",\"isPartOf\":{\"@id\":\"https:\\\/\\\/xstyle.md\\\/#website\"},\"primaryImageOfPage\":{\"@id\":\"https:\\\/\\\/xstyle.md\\\/product\\\/zashhita-spiny-bluegrass-seamless-bs-d30\\\/#primaryimage\"},\"image\":{\"@id\":\"https:\\\/\\\/xstyle.md\\\/product\\\/zashhita-spiny-bluegrass-seamless-bs-d30\\\/#primaryimage\"},\"thumbnailUrl\":\"https:\\\/\\\/xstyle.md\\\/wp-content\\\/uploads\\\/2022\\\/04\\\/bluegrass-seamless-bs-d30.jpg\",\"datePublished\":\"2022-04-28T12:54:19+00:00\",\"dateModified\":\"2026-03-19T13:48:29+00:00\",\"description\":\"\u0417\u0430\u0449\u0438\u0442\u0430 \u0441\u043f\u0438\u043d\u044b Bluegrass Seamless BS D30 \u043e\u0431\u0435\u0441\u043f\u0435\u0447\u0438\u0432\u0430\u0435\u0442 \u043c\u0430\u043a\u0441\u0438\u043c\u0430\u043b\u044c\u043d\u0443\u044e \u0437\u0430\u0449\u0438\u0442\u0443 \u0438 \u043d\u0435\u043f\u0440\u0435\u0432\u0437\u043e\u0439\u0434\u0435\u043d\u043d\u044b\u0439 \u043a\u043e\u043c\u0444\u043e\u0440\u0442 \u0434\u043b\u044f \u0440\u0430\u0439\u0434\u0435\u0440\u043e\u0432 \u043d\u0430 \u044d\u043d\u0434\u0443\u0440\u043e \u0438 \u0433\u043e\u0440\u043d\u044b\u0445 \u0432\u0435\u043b\u043e\u0441\u0438\u043f\u0435\u0434\u0430\u0445.\",\"breadcrumb\":{\"@id\":\"https:\\\/\\\/xstyle.md\\\/product\\\/zashhita-spiny-bluegrass-seamless-bs-d30\\\/#breadcrumb\"},\"inLanguage\":\"ro-RO\",\"potentialAction\":[{\"@type\":\"ReadAction\",\"target\":[\"https:\\\/\\\/xstyle.md\\\/product\\\/zashhita-spiny-bluegrass-seamless-bs-d30\\\/\"]}]},{\"@type\":\"ImageObject\",\"inLanguage\":\"ro-RO\",\"@id\":\"https:\\\/\\\/xstyle.md\\\/product\\\/zashhita-spiny-bluegrass-seamless-bs-d30\\\/#primaryimage\",\"url\":\"https:\\\/\\\/xstyle.md\\\/wp-content\\\/uploads\\\/2022\\\/04\\\/bluegrass-seamless-bs-d30.jpg\",\"contentUrl\":\"https:\\\/\\\/xstyle.md\\\/wp-content\\\/uploads\\\/2022\\\/04\\\/bluegrass-seamless-bs-d30.jpg\",\"width\":1024,\"height\":768,\"caption\":\"\u0417\u0430\u0449\u0438\u0442\u0430 \u0441\u043f\u0438\u043d\u044b Bluegrass Seamless BS D30 \u0434\u043b\u044f \u0430\u043a\u0442\u0438\u0432\u043d\u043e\u0433\u043e \u043e\u0442\u0434\u044b\u0445\u0430, \u0442\u0443\u0440\u0438\u0441\u0442\u0438\u0447\u0435\u0441\u043a\u043e\u0439 \u044d\u043a\u0438\u043f\u0438\u0440\u043e\u0432\u043a\u0438, randonn\u00e9e, \u0430\u043b\u044c\u043f\u0438\u043d\u0438\u0437\u043c\u0430, \u043e\u0434\u0435\u0436\u0434\u044b \u0438 \u043e\u0431\u0443\u0432\u0438 \u0434\u043b\u044f \u043f\u0443\u0442\u0435\u0448\u0435\u0441\u0442\u0432\u0438\u0439 \u0438 outdoor \u043f\u043e\u043a\u0440\u044b\u0432\u0430\u043b\u043e\"},{\"@type\":\"BreadcrumbList\",\"@id\":\"https:\\\/\\\/xstyle.md\\\/product\\\/zashhita-spiny-bluegrass-seamless-bs-d30\\\/#breadcrumb\",\"itemListElement\":[{\"@type\":\"ListItem\",\"position\":1,\"name\":\"\u0413\u043b\u0430\u0432\u043d\u0430\u044f \u0441\u0442\u0440\u0430\u043d\u0438\u0446\u0430\",\"item\":\"https:\\\/\\\/xstyle.md\\\/\"},{\"@type\":\"ListItem\",\"position\":2,\"name\":\"\u041c\u0430\u0433\u0430\u0437\u0438\u043d\",\"item\":\"https:\\\/\\\/xstyle.md\\\/shop\\\/\"},{\"@type\":\"ListItem\",\"position\":3,\"name\":\"\u0417\u0430\u0449\u0438\u0442\u0430 \u0441\u043f\u0438\u043d\u044b Bluegrass Seamless BS D30\"}]},{\"@type\":\"WebSite\",\"@id\":\"https:\\\/\\\/xstyle.md\\\/#website\",\"url\":\"https:\\\/\\\/xstyle.md\\\/\",\"name\":\"\u041c\u0430\u0433\u0430\u0437\u0438\u043d Xstyle\",\"description\":\"C\u043d\u0430\u0440\u044f\u0436\u0435\u043d\u0438\u0435 \u0434\u043b\u044f \u0442\u0443\u0440\u0438\u0437\u043c\u0430 \u0438 \u044d\u043a\u0441\u0442\u0440\u0435\u043c\u0430\u043b\u044c\u043d\u044b\u0445 \u0432\u0438\u0434\u043e\u0432 \u0441\u043f\u043e\u0440\u0442\u0430 \u0432 \u041c\u043e\u043b\u0434\u043e\u0432\u0435.. \u0426\u0435\u043d\u044b, \u0444\u043e\u0442\u043e, \u0445\u0430\u0440\u0430\u043a\u0442\u0435\u0440\u0438\u0441\u0442\u0438\u043a\u0438 \u0432 \u041c\u043e\u043b\u0434\u043e\u0432\u0435.\",\"publisher\":{\"@id\":\"https:\\\/\\\/xstyle.md\\\/#organization\"},\"alternateName\":\"X-Style\",\"potentialAction\":[{\"@type\":\"SearchAction\",\"target\":{\"@type\":\"EntryPoint\",\"urlTemplate\":\"https:\\\/\\\/xstyle.md\\\/?s={search_term_string}\"},\"query-input\":{\"@type\":\"PropertyValueSpecification\",\"valueRequired\":true,\"valueName\":\"search_term_string\"}}],\"inLanguage\":\"ro-RO\"},{\"@type\":\"Organization\",\"@id\":\"https:\\\/\\\/xstyle.md\\\/#organization\",\"name\":\"\u041c\u0430\u0433\u0430\u0437\u0438\u043d Xstyle\",\"alternateName\":\"x-style\",\"url\":\"https:\\\/\\\/xstyle.md\\\/\",\"logo\":{\"@type\":\"ImageObject\",\"inLanguage\":\"ro-RO\",\"@id\":\"https:\\\/\\\/xstyle.md\\\/#\\\/schema\\\/logo\\\/image\\\/\",\"url\":\"https:\\\/\\\/xstyle.md\\\/wp-content\\\/uploads\\\/2020\\\/06\\\/logoicon.svg\",\"contentUrl\":\"https:\\\/\\\/xstyle.md\\\/wp-content\\\/uploads\\\/2020\\\/06\\\/logoicon.svg\",\"caption\":\"\u041c\u0430\u0433\u0430\u0437\u0438\u043d Xstyle\"},\"image\":{\"@id\":\"https:\\\/\\\/xstyle.md\\\/#\\\/schema\\\/logo\\\/image\\\/\"},\"sameAs\":[\"https:\\\/\\\/www.facebook.com\\\/xstylemd\",\"https:\\\/\\\/www.instagram.com\\\/xstyle_md\\\/\",\"https:\\\/\\\/t.me\\\/xstyle_outdoor\"],\"hasMerchantReturnPolicy\":{\"@type\":\"MerchantReturnPolicy\",\"merchantReturnLink\":\"https:\\\/\\\/xstyle.md\\\/ro\\\/conditions\\\/\"}}]}<\/script>\n<meta property=\"product:price:amount\" content=\"4890.00\" \/>\n<meta property=\"product:price:currency\" content=\"MDL\" \/>\n<meta property=\"og:availability\" content=\"instock\" \/>\n<meta property=\"product:availability\" content=\"instock\" \/>\n<meta property=\"product:retailer_item_id\" content=\"8015190272344\" \/>\n<meta property=\"product:condition\" content=\"new\" \/>\n<!-- \/ Yoast SEO plugin. -->","yoast_head_json":{"title":"Protec\u021bia spatelui Bluegrass Seamless BS D30 - Magazin Xstyle","description":"Protec\u021bia spatelui Bluegrass Seamless BS D30 ofer\u0103 o protec\u021bie maxim\u0103 \u0219i un confort de neegalat pentru cicli\u0219tii de enduro \u0219i mountain bike.","robots":{"index":"index","follow":"follow","max-snippet":"max-snippet:-1","max-image-preview":"max-image-preview:large","max-video-preview":"max-video-preview:-1"},"canonical":"https:\/\/xstyle.md\/ro\/produs\/zashhita-spiny-bluegrass-seamless-bs-d30\/","og_locale":"ro_RO","og_type":"article","og_title":"\u0417\u0430\u0449\u0438\u0442\u0430 \u0441\u043f\u0438\u043d\u044b Bluegrass Seamless BS D30 - \u041c\u0430\u0433\u0430\u0437\u0438\u043d Xstyle","og_description":"\u0417\u0430\u0449\u0438\u0442\u0430 \u0441\u043f\u0438\u043d\u044b Bluegrass Seamless BS D30 \u043e\u0431\u0435\u0441\u043f\u0435\u0447\u0438\u0432\u0430\u0435\u0442 \u043c\u0430\u043a\u0441\u0438\u043c\u0430\u043b\u044c\u043d\u0443\u044e \u0437\u0430\u0449\u0438\u0442\u0443 \u0438 \u043d\u0435\u043f\u0440\u0435\u0432\u0437\u043e\u0439\u0434\u0435\u043d\u043d\u044b\u0439 \u043a\u043e\u043c\u0444\u043e\u0440\u0442 \u0434\u043b\u044f \u0440\u0430\u0439\u0434\u0435\u0440\u043e\u0432 \u043d\u0430 \u044d\u043d\u0434\u0443\u0440\u043e \u0438 \u0433\u043e\u0440\u043d\u044b\u0445 \u0432\u0435\u043b\u043e\u0441\u0438\u043f\u0435\u0434\u0430\u0445.","og_url":"https:\/\/xstyle.md\/ro\/produs\/zashhita-spiny-bluegrass-seamless-bs-d30\/","og_site_name":"\u041c\u0430\u0433\u0430\u0437\u0438\u043d Xstyle","article_publisher":"https:\/\/www.facebook.com\/xstylemd","article_modified_time":"2026-03-19T13:48:29+00:00","og_image":[{"width":1024,"height":768,"url":"https:\/\/xstyle.md\/wp-content\/uploads\/2022\/04\/bluegrass-seamless-bs-d30.jpg","type":"image\/jpeg"}],"twitter_card":"summary_large_image","twitter_misc":{"Pre\u021b":"4.890&nbsp;MDL","Disponibilitate":"\u00cen stoc"},"schema":{"@context":"https:\/\/schema.org","@graph":[{"@type":"WebPage","@id":"https:\/\/xstyle.md\/product\/zashhita-spiny-bluegrass-seamless-bs-d30\/","url":"https:\/\/xstyle.md\/product\/zashhita-spiny-bluegrass-seamless-bs-d30\/","name":"Protec\u021bia spatelui Bluegrass Seamless BS D30 - Magazin Xstyle","isPartOf":{"@id":"https:\/\/xstyle.md\/#website"},"primaryImageOfPage":{"@id":"https:\/\/xstyle.md\/product\/zashhita-spiny-bluegrass-seamless-bs-d30\/#primaryimage"},"image":{"@id":"https:\/\/xstyle.md\/product\/zashhita-spiny-bluegrass-seamless-bs-d30\/#primaryimage"},"thumbnailUrl":"https:\/\/xstyle.md\/wp-content\/uploads\/2022\/04\/bluegrass-seamless-bs-d30.jpg","datePublished":"2022-04-28T12:54:19+00:00","dateModified":"2026-03-19T13:48:29+00:00","description":"Protec\u021bia spatelui Bluegrass Seamless BS D30 ofer\u0103 o protec\u021bie maxim\u0103 \u0219i un confort de neegalat pentru cicli\u0219tii de enduro \u0219i mountain bike.","breadcrumb":{"@id":"https:\/\/xstyle.md\/product\/zashhita-spiny-bluegrass-seamless-bs-d30\/#breadcrumb"},"inLanguage":"ro-RO","potentialAction":[{"@type":"ReadAction","target":["https:\/\/xstyle.md\/product\/zashhita-spiny-bluegrass-seamless-bs-d30\/"]}]},{"@type":"ImageObject","inLanguage":"ro-RO","@id":"https:\/\/xstyle.md\/product\/zashhita-spiny-bluegrass-seamless-bs-d30\/#primaryimage","url":"https:\/\/xstyle.md\/wp-content\/uploads\/2022\/04\/bluegrass-seamless-bs-d30.jpg","contentUrl":"https:\/\/xstyle.md\/wp-content\/uploads\/2022\/04\/bluegrass-seamless-bs-d30.jpg","width":1024,"height":768,"caption":"\u0417\u0430\u0449\u0438\u0442\u0430 \u0441\u043f\u0438\u043d\u044b Bluegrass Seamless BS D30 \u0434\u043b\u044f \u0430\u043a\u0442\u0438\u0432\u043d\u043e\u0433\u043e \u043e\u0442\u0434\u044b\u0445\u0430, \u0442\u0443\u0440\u0438\u0441\u0442\u0438\u0447\u0435\u0441\u043a\u043e\u0439 \u044d\u043a\u0438\u043f\u0438\u0440\u043e\u0432\u043a\u0438, randonn\u00e9e, \u0430\u043b\u044c\u043f\u0438\u043d\u0438\u0437\u043c\u0430, \u043e\u0434\u0435\u0436\u0434\u044b \u0438 \u043e\u0431\u0443\u0432\u0438 \u0434\u043b\u044f \u043f\u0443\u0442\u0435\u0448\u0435\u0441\u0442\u0432\u0438\u0439 \u0438 outdoor \u043f\u043e\u043a\u0440\u044b\u0432\u0430\u043b\u043e"},{"@type":"BreadcrumbList","@id":"https:\/\/xstyle.md\/product\/zashhita-spiny-bluegrass-seamless-bs-d30\/#breadcrumb","itemListElement":[{"@type":"ListItem","position":1,"name":"\u0413\u043b\u0430\u0432\u043d\u0430\u044f \u0441\u0442\u0440\u0430\u043d\u0438\u0446\u0430","item":"https:\/\/xstyle.md\/"},{"@type":"ListItem","position":2,"name":"\u041c\u0430\u0433\u0430\u0437\u0438\u043d","item":"https:\/\/xstyle.md\/shop\/"},{"@type":"ListItem","position":3,"name":"\u0417\u0430\u0449\u0438\u0442\u0430 \u0441\u043f\u0438\u043d\u044b Bluegrass Seamless BS D30"}]},{"@type":"WebSite","@id":"https:\/\/xstyle.md\/#website","url":"https:\/\/xstyle.md\/","name":"Magazinul X-Style","description":"Echipamente pentru turism \u0219i sporturi extreme \u00een Moldova. Pre\u021buri, fotografii, caracteristici \u00een Moldova.","publisher":{"@id":"https:\/\/xstyle.md\/#organization"},"alternateName":"X-Style","potentialAction":[{"@type":"SearchAction","target":{"@type":"EntryPoint","urlTemplate":"https:\/\/xstyle.md\/?s={search_term_string}"},"query-input":{"@type":"PropertyValueSpecification","valueRequired":true,"valueName":"search_term_string"}}],"inLanguage":"ro-RO"},{"@type":"Organization","@id":"https:\/\/xstyle.md\/#organization","name":"Magazinul X-Style","alternateName":"x-style","url":"https:\/\/xstyle.md\/","logo":{"@type":"ImageObject","inLanguage":"ro-RO","@id":"https:\/\/xstyle.md\/#\/schema\/logo\/image\/","url":"https:\/\/xstyle.md\/wp-content\/uploads\/2020\/06\/logoicon.svg","contentUrl":"https:\/\/xstyle.md\/wp-content\/uploads\/2020\/06\/logoicon.svg","caption":"\u041c\u0430\u0433\u0430\u0437\u0438\u043d Xstyle"},"image":{"@id":"https:\/\/xstyle.md\/#\/schema\/logo\/image\/"},"sameAs":["https:\/\/www.facebook.com\/xstylemd","https:\/\/www.instagram.com\/xstyle_md\/","https:\/\/t.me\/xstyle_outdoor"],"hasMerchantReturnPolicy":{"@type":"MerchantReturnPolicy","merchantReturnLink":"https:\/\/xstyle.md\/ro\/conditions\/"}}]},"product_price_amount":"4890.00","product_price_currency":"MDL","og_availability":"instock","product_availability":"instock","product_retailer_item_id":"8015190272344","product_condition":"new"},"post_mailing_queue_ids":[],"_links":{"self":[{"href":"https:\/\/xstyle.md\/ro\/wp-json\/wp\/v2\/product\/47918","targetHints":{"allow":["GET"]}}],"collection":[{"href":"https:\/\/xstyle.md\/ro\/wp-json\/wp\/v2\/product"}],"about":[{"href":"https:\/\/xstyle.md\/ro\/wp-json\/wp\/v2\/types\/product"}],"replies":[{"embeddable":true,"href":"https:\/\/xstyle.md\/ro\/wp-json\/wp\/v2\/comments?post=47918"}],"wp:featuredmedia":[{"embeddable":true,"href":"https:\/\/xstyle.md\/ro\/wp-json\/wp\/v2\/media\/48171"}],"wp:attachment":[{"href":"https:\/\/xstyle.md\/ro\/wp-json\/wp\/v2\/media?parent=47918"}],"wp:term":[{"taxonomy":"product_brand","embeddable":true,"href":"https:\/\/xstyle.md\/ro\/wp-json\/wp\/v2\/product_brand?post=47918"},{"taxonomy":"product_cat","embeddable":true,"href":"https:\/\/xstyle.md\/ro\/wp-json\/wp\/v2\/product_cat?post=47918"},{"taxonomy":"product_tag","embeddable":true,"href":"https:\/\/xstyle.md\/ro\/wp-json\/wp\/v2\/product_tag?post=47918"}],"curies":[{"name":"wp","href":"https:\/\/api.w.org\/{rel}","templated":true}]}}