{"id":47915,"date":"2022-04-28T15:54:19","date_gmt":"2022-04-28T12:54:19","guid":{"rendered":"https:\/\/xstyle.md\/?post_type=product&#038;p=47915"},"modified":"2026-03-19T16:48:27","modified_gmt":"2026-03-19T13:48:27","slug":"nakolennik-bluegrass-p03-big-horn","status":"publish","type":"product","link":"https:\/\/xstyle.md\/ro\/produs\/nakolennik-bluegrass-p03-big-horn\/","title":{"rendered":"Genunchier\u0103 Bluegrass P03 Big Horn"},"content":{"rendered":"<\/p>\n<p>Genunchier\u0103 <strong>Bluegrass P03 Big Horn<\/strong> sunt concepute pentru a proteja \u00een mod fiabil genunchiul \u0219i partea inferioar\u0103 a piciorului \u00een caz de c\u0103dere de pe biciclete \u0219i motociclete. Datorit\u0103 designului inteligent al genunchierelor de ciclism, produc\u0103torul garanteaz\u0103 confortul pe tot parcursul zilei. Aceast\u0103 protec\u021bie pentru ciclism este preg\u0103tit\u0103 s\u0103 reziste la cele mai dure \u00eencerc\u0103ri, chiar \u0219i \u00een cazul c\u0103derii pe pietre ascu\u021bite. Ap\u0103r\u0103toarea pentru tibie v\u0103 protejeaz\u0103 de v\u00e2rfurile ascu\u021bite ale pedalei, dac\u0103 piciorul v\u0103 alunec\u0103 \u00een timpul unei s\u0103rituri.<\/p>\n<p>Protectorul de genunchi Bluegrass Big Horn nu se rigidizeaz\u0103 \u00een timpul mi\u0219c\u0103rilor \u0219i nu cade datorit\u0103 fix\u0103rii sale sigure cu trei puncte de fixare pe picior. Inser\u021biile de silicon integrate \u00eempiedic\u0103 alunecarea \u00een timpul mi\u0219c\u0103rii. Toate marginile cochiliei dure \u0219i ale cupei sunt turnate cu cauciuc moale. Forma anatomic\u0103 a p\u0103r\u021bii st\u00e2ngi \u0219i drepte. Design 3D pentru o potrivire optim\u0103. Pl\u0103cu\u021be ventilate pentru un flux maxim de aer, materialul MoistureCool care elimin\u0103 umezeala men\u021bine picioarele r\u0103coroase. AirMesh neutralizeaz\u0103 bacteriile.<\/p>\n<h3>Particularit\u0103\u021bi<\/h3>\n<ul>\n<li>Protejeaz\u0103 genunchiul \u0219i tibia<\/li>\n<li>Protec\u021bie fiabil\u0103 \u00eempotriva obiectelor ascu\u021bite<\/li>\n<li>Form\u0103 anatomic\u0103 pe partea st\u00e2ng\u0103 \u0219i dreapt\u0103<\/li>\n<li>Design 3D pentru o potrivire optim\u0103<\/li>\n<li>Ventila\u021bie excelent\u0103<\/li>\n<li>\u021aes\u0103tura elimin\u0103 transpira\u021bia \u0219i umiditatea<\/li>\n<li>C\u0103ptu\u0219eala neutralizeaz\u0103 mirosurile<\/li>\n<\/ul>\n<h3>Caracteristici<\/h3>\n<ul>\n<li>Material &#8212; plastic rezistent la impact, neopren, MoistureCool<\/li>\n<li>Scop &#8212; BMX, DH, Enduro, Motocross<\/li>\n<li>Greutate &#8212; 520g<\/li>\n<\/ul>\n<h3>Marca<\/h3>\n<p>Bluegrass este o marc\u0103 subsidiar\u0103 a faimoasei companii italiene MET, unul dintre cei mai importan\u021bi produc\u0103tori de c\u0103\u0219ti de ciclism din lume, cu o istorie de peste 30 de ani. Se concentreaz\u0103 pe produc\u021bia de protec\u021bie pentru discipline extreme: downhill, enduro, BMX \u0219i altele. Sportivi de frunte particip\u0103 la dezvoltarea \u0219i testarea modelelor. \u00cen sortimentul m\u0103rcii pute\u021bi g\u0103si diverse modele de echipamente de protec\u021bie, inclusiv genunchiere articulate, protec\u021bii pentru coate, protec\u021bii moi pentru articula\u021bii, m\u0103nu\u0219i, coifuri pentru c\u0103\u0219ti \u0219i multe altele. Produsele Bluegrass \u00eendeplinesc cerin\u021bele interna\u021bionale de siguran\u021b\u0103 \u0219i sunt caracterizate de un design elegant.<\/p>\n<p><\/p>","protected":false},"excerpt":{"rendered":"","protected":false},"featured_media":48182,"comment_status":"open","ping_status":"closed","template":"","meta":{"_acf_changed":false,"inline_featured_image":false},"product_brand":[1439],"product_cat":[408],"product_tag":[],"class_list":{"0":"post-47915","1":"product","2":"type-product","3":"status-publish","4":"has-post-thumbnail","6":"product_brand-bluegrass","7":"product_cat-cycling-protection","9":"first","10":"instock","11":"shipping-taxable","12":"purchasable","13":"product-type-simple"},"acf":[],"yoast_head":"<!-- This site is optimized with the Yoast SEO plugin v27.4 - https:\/\/yoast.com\/product\/yoast-seo-wordpress\/ -->\n<title>\u041d\u0430\u043a\u043e\u043b\u0435\u043d\u043d\u0438\u043a Bluegrass P03 Big Horn - \u041c\u0430\u0433\u0430\u0437\u0438\u043d Xstyle<\/title>\n<meta name=\"description\" content=\"\u041d\u0430\u043a\u043e\u043b\u0435\u043d\u043d\u0438\u043a Bluegrass P03 Big Horn \u043e\u0431\u0435\u0441\u043f\u0435\u0447\u0438\u0432\u0430\u0435\u0442 \u043d\u0430\u0434\u0435\u0436\u043d\u0443\u044e \u0437\u0430\u0449\u0438\u0442\u0443 \u043a\u043e\u043b\u0435\u043d\u0430 \u0438 \u0433\u043e\u043b\u0435\u043d\u0438 \u0432\u043e \u0432\u0440\u0435\u043c\u044f \u043a\u0430\u0442\u0430\u043d\u0438\u044f \u043d\u0430 BMX \u0438 \u043c\u043e\u0442\u043e\u0446\u0438\u043a\u043b\u0430\u0445. \u041a\u043e\u043c\u0444\u043e\u0440\u0442\u043d\u044b\u0439 \u0438 \u0434\u044b\u0448\u0430\u0449\u0438\u0439 \u0434\u0438\u0437\u0430\u0439\u043d.\" \/>\n<meta name=\"robots\" content=\"index, follow, max-snippet:-1, max-image-preview:large, max-video-preview:-1\" \/>\n<link rel=\"canonical\" href=\"https:\/\/xstyle.md\/ro\/produs\/nakolennik-bluegrass-p03-big-horn\/\" \/>\n<meta property=\"og:locale\" content=\"ro_RO\" \/>\n<meta property=\"og:type\" content=\"article\" \/>\n<meta property=\"og:title\" content=\"\u041d\u0430\u043a\u043e\u043b\u0435\u043d\u043d\u0438\u043a Bluegrass P03 Big Horn - \u041c\u0430\u0433\u0430\u0437\u0438\u043d Xstyle\" \/>\n<meta property=\"og:description\" content=\"\u041d\u0430\u043a\u043e\u043b\u0435\u043d\u043d\u0438\u043a Bluegrass P03 Big Horn \u043e\u0431\u0435\u0441\u043f\u0435\u0447\u0438\u0432\u0430\u0435\u0442 \u043d\u0430\u0434\u0435\u0436\u043d\u0443\u044e \u0437\u0430\u0449\u0438\u0442\u0443 \u043a\u043e\u043b\u0435\u043d\u0430 \u0438 \u0433\u043e\u043b\u0435\u043d\u0438 \u0432\u043e \u0432\u0440\u0435\u043c\u044f \u043a\u0430\u0442\u0430\u043d\u0438\u044f \u043d\u0430 BMX \u0438 \u043c\u043e\u0442\u043e\u0446\u0438\u043a\u043b\u0430\u0445. \u041a\u043e\u043c\u0444\u043e\u0440\u0442\u043d\u044b\u0439 \u0438 \u0434\u044b\u0448\u0430\u0449\u0438\u0439 \u0434\u0438\u0437\u0430\u0439\u043d.\" \/>\n<meta property=\"og:url\" content=\"https:\/\/xstyle.md\/ro\/produs\/nakolennik-bluegrass-p03-big-horn\/\" \/>\n<meta property=\"og:site_name\" content=\"\u041c\u0430\u0433\u0430\u0437\u0438\u043d Xstyle\" \/>\n<meta property=\"article:publisher\" content=\"https:\/\/www.facebook.com\/xstylemd\" \/>\n<meta property=\"article:modified_time\" content=\"2026-03-19T13:48:27+00:00\" \/>\n<meta property=\"og:image\" content=\"https:\/\/xstyle.md\/wp-content\/uploads\/2022\/04\/bluegrass-p06-big-horn.jpg\" \/>\n\t<meta property=\"og:image:width\" content=\"1200\" \/>\n\t<meta property=\"og:image:height\" content=\"1200\" \/>\n\t<meta property=\"og:image:type\" content=\"image\/jpeg\" \/>\n<meta name=\"twitter:card\" content=\"summary_large_image\" \/>\n<meta name=\"twitter:label1\" content=\"Pre\u021b\" \/>\n\t<meta name=\"twitter:data1\" content=\"1.290&nbsp;MDL\" \/>\n\t<meta name=\"twitter:label2\" content=\"Disponibilitate\" \/>\n\t<meta name=\"twitter:data2\" content=\"\u00cen stoc\" \/>\n<script type=\"application\/ld+json\" class=\"yoast-schema-graph\">{\"@context\":\"https:\\\/\\\/schema.org\",\"@graph\":[{\"@type\":\"WebPage\",\"@id\":\"https:\\\/\\\/xstyle.md\\\/product\\\/nakolennik-bluegrass-p03-big-horn\\\/\",\"url\":\"https:\\\/\\\/xstyle.md\\\/product\\\/nakolennik-bluegrass-p03-big-horn\\\/\",\"name\":\"\u041d\u0430\u043a\u043e\u043b\u0435\u043d\u043d\u0438\u043a Bluegrass P03 Big Horn - \u041c\u0430\u0433\u0430\u0437\u0438\u043d Xstyle\",\"isPartOf\":{\"@id\":\"https:\\\/\\\/xstyle.md\\\/#website\"},\"primaryImageOfPage\":{\"@id\":\"https:\\\/\\\/xstyle.md\\\/product\\\/nakolennik-bluegrass-p03-big-horn\\\/#primaryimage\"},\"image\":{\"@id\":\"https:\\\/\\\/xstyle.md\\\/product\\\/nakolennik-bluegrass-p03-big-horn\\\/#primaryimage\"},\"thumbnailUrl\":\"https:\\\/\\\/xstyle.md\\\/wp-content\\\/uploads\\\/2022\\\/04\\\/bluegrass-p06-big-horn.jpg\",\"datePublished\":\"2022-04-28T12:54:19+00:00\",\"dateModified\":\"2026-03-19T13:48:27+00:00\",\"description\":\"\u041d\u0430\u043a\u043e\u043b\u0435\u043d\u043d\u0438\u043a Bluegrass P03 Big Horn \u043e\u0431\u0435\u0441\u043f\u0435\u0447\u0438\u0432\u0430\u0435\u0442 \u043d\u0430\u0434\u0435\u0436\u043d\u0443\u044e \u0437\u0430\u0449\u0438\u0442\u0443 \u043a\u043e\u043b\u0435\u043d\u0430 \u0438 \u0433\u043e\u043b\u0435\u043d\u0438 \u0432\u043e \u0432\u0440\u0435\u043c\u044f \u043a\u0430\u0442\u0430\u043d\u0438\u044f \u043d\u0430 BMX \u0438 \u043c\u043e\u0442\u043e\u0446\u0438\u043a\u043b\u0430\u0445. \u041a\u043e\u043c\u0444\u043e\u0440\u0442\u043d\u044b\u0439 \u0438 \u0434\u044b\u0448\u0430\u0449\u0438\u0439 \u0434\u0438\u0437\u0430\u0439\u043d.\",\"breadcrumb\":{\"@id\":\"https:\\\/\\\/xstyle.md\\\/product\\\/nakolennik-bluegrass-p03-big-horn\\\/#breadcrumb\"},\"inLanguage\":\"ro-RO\",\"potentialAction\":[{\"@type\":\"ReadAction\",\"target\":[\"https:\\\/\\\/xstyle.md\\\/product\\\/nakolennik-bluegrass-p03-big-horn\\\/\"]}]},{\"@type\":\"ImageObject\",\"inLanguage\":\"ro-RO\",\"@id\":\"https:\\\/\\\/xstyle.md\\\/product\\\/nakolennik-bluegrass-p03-big-horn\\\/#primaryimage\",\"url\":\"https:\\\/\\\/xstyle.md\\\/wp-content\\\/uploads\\\/2022\\\/04\\\/bluegrass-p06-big-horn.jpg\",\"contentUrl\":\"https:\\\/\\\/xstyle.md\\\/wp-content\\\/uploads\\\/2022\\\/04\\\/bluegrass-p06-big-horn.jpg\",\"width\":1200,\"height\":1200,\"caption\":\"\u041d\u0430\u043b\u043e\u043a\u043e\u0442\u043d\u0438\u043a Bluegrass P06 Big Horn \u0434\u043b\u044f \u0430\u043a\u0442\u0438\u0432\u043d\u043e\u0433\u043e \u043e\u0442\u0434\u044b\u0445\u0430 \u043f\u043e\u0445\u043e\u0434\u043e\u0432 \u0442\u0440\u0435\u043a\u0438\u043d\u0433\u0430 \u0438 \u0441\u043d\u0430\u0440\u044f\u0436\u0435\u043d\u0438\u044f \u0434\u043b\u044f \u043f\u0443\u0442\u0435\u0448\u0435\u0441\u0442\u0432\u0438\u0439 \u0438 \u0430\u043b\u044c\u043f\u0438\u043d\u0438\u0437\u043c\u0430 \u0432 \u0438\u043d\u0442\u0435\u0440\u043d\u0435\u0442-\u043c\u0430\u0433\u0430\u0437\u0438\u043d\u0435 \u0442\u043e\u0432\u0430\u0440\u043e\u0432 \u0434\u043b\u044f \u0430\u043a\u0442\u0438\u0432\u043d\u043e\u0433\u043e \u043e\u0431\u0440\u0430\u0437\u0430 \u0436\u0438\u0437\u043d\u0438\"},{\"@type\":\"BreadcrumbList\",\"@id\":\"https:\\\/\\\/xstyle.md\\\/product\\\/nakolennik-bluegrass-p03-big-horn\\\/#breadcrumb\",\"itemListElement\":[{\"@type\":\"ListItem\",\"position\":1,\"name\":\"\u0413\u043b\u0430\u0432\u043d\u0430\u044f \u0441\u0442\u0440\u0430\u043d\u0438\u0446\u0430\",\"item\":\"https:\\\/\\\/xstyle.md\\\/\"},{\"@type\":\"ListItem\",\"position\":2,\"name\":\"\u041c\u0430\u0433\u0430\u0437\u0438\u043d\",\"item\":\"https:\\\/\\\/xstyle.md\\\/shop\\\/\"},{\"@type\":\"ListItem\",\"position\":3,\"name\":\"\u041d\u0430\u043a\u043e\u043b\u0435\u043d\u043d\u0438\u043a Bluegrass P03 Big Horn\"}]},{\"@type\":\"WebSite\",\"@id\":\"https:\\\/\\\/xstyle.md\\\/#website\",\"url\":\"https:\\\/\\\/xstyle.md\\\/\",\"name\":\"\u041c\u0430\u0433\u0430\u0437\u0438\u043d Xstyle\",\"description\":\"C\u043d\u0430\u0440\u044f\u0436\u0435\u043d\u0438\u0435 \u0434\u043b\u044f \u0442\u0443\u0440\u0438\u0437\u043c\u0430 \u0438 \u044d\u043a\u0441\u0442\u0440\u0435\u043c\u0430\u043b\u044c\u043d\u044b\u0445 \u0432\u0438\u0434\u043e\u0432 \u0441\u043f\u043e\u0440\u0442\u0430 \u0432 \u041c\u043e\u043b\u0434\u043e\u0432\u0435.. \u0426\u0435\u043d\u044b, \u0444\u043e\u0442\u043e, \u0445\u0430\u0440\u0430\u043a\u0442\u0435\u0440\u0438\u0441\u0442\u0438\u043a\u0438 \u0432 \u041c\u043e\u043b\u0434\u043e\u0432\u0435.\",\"publisher\":{\"@id\":\"https:\\\/\\\/xstyle.md\\\/#organization\"},\"alternateName\":\"X-Style\",\"potentialAction\":[{\"@type\":\"SearchAction\",\"target\":{\"@type\":\"EntryPoint\",\"urlTemplate\":\"https:\\\/\\\/xstyle.md\\\/?s={search_term_string}\"},\"query-input\":{\"@type\":\"PropertyValueSpecification\",\"valueRequired\":true,\"valueName\":\"search_term_string\"}}],\"inLanguage\":\"ro-RO\"},{\"@type\":\"Organization\",\"@id\":\"https:\\\/\\\/xstyle.md\\\/#organization\",\"name\":\"\u041c\u0430\u0433\u0430\u0437\u0438\u043d Xstyle\",\"alternateName\":\"x-style\",\"url\":\"https:\\\/\\\/xstyle.md\\\/\",\"logo\":{\"@type\":\"ImageObject\",\"inLanguage\":\"ro-RO\",\"@id\":\"https:\\\/\\\/xstyle.md\\\/#\\\/schema\\\/logo\\\/image\\\/\",\"url\":\"https:\\\/\\\/xstyle.md\\\/wp-content\\\/uploads\\\/2020\\\/06\\\/logoicon.svg\",\"contentUrl\":\"https:\\\/\\\/xstyle.md\\\/wp-content\\\/uploads\\\/2020\\\/06\\\/logoicon.svg\",\"caption\":\"\u041c\u0430\u0433\u0430\u0437\u0438\u043d Xstyle\"},\"image\":{\"@id\":\"https:\\\/\\\/xstyle.md\\\/#\\\/schema\\\/logo\\\/image\\\/\"},\"sameAs\":[\"https:\\\/\\\/www.facebook.com\\\/xstylemd\",\"https:\\\/\\\/www.instagram.com\\\/xstyle_md\\\/\",\"https:\\\/\\\/t.me\\\/xstyle_outdoor\"],\"hasMerchantReturnPolicy\":{\"@type\":\"MerchantReturnPolicy\",\"merchantReturnLink\":\"https:\\\/\\\/xstyle.md\\\/ro\\\/conditions\\\/\"}}]}<\/script>\n<meta property=\"product:price:amount\" content=\"1290.00\" \/>\n<meta property=\"product:price:currency\" content=\"MDL\" \/>\n<meta property=\"og:availability\" content=\"instock\" \/>\n<meta property=\"product:availability\" content=\"instock\" \/>\n<meta property=\"product:retailer_item_id\" content=\"8015190267050\" \/>\n<meta property=\"product:condition\" content=\"new\" \/>\n<!-- \/ Yoast SEO plugin. -->","yoast_head_json":{"title":"Genunchier\u0103 Bluegrass P03 Big Horn - Magazin Xstyle","description":"Genunchierul Bluegrass P03 Big Horn ofer\u0103 o protec\u021bie fiabil\u0103 pentru genunchi \u0219i gambe \u00een timpul mersului pe BMX \u0219i motociclete. Design confortabil \u0219i respirabil.","robots":{"index":"index","follow":"follow","max-snippet":"max-snippet:-1","max-image-preview":"max-image-preview:large","max-video-preview":"max-video-preview:-1"},"canonical":"https:\/\/xstyle.md\/ro\/produs\/nakolennik-bluegrass-p03-big-horn\/","og_locale":"ro_RO","og_type":"article","og_title":"\u041d\u0430\u043a\u043e\u043b\u0435\u043d\u043d\u0438\u043a Bluegrass P03 Big Horn - \u041c\u0430\u0433\u0430\u0437\u0438\u043d Xstyle","og_description":"\u041d\u0430\u043a\u043e\u043b\u0435\u043d\u043d\u0438\u043a Bluegrass P03 Big Horn \u043e\u0431\u0435\u0441\u043f\u0435\u0447\u0438\u0432\u0430\u0435\u0442 \u043d\u0430\u0434\u0435\u0436\u043d\u0443\u044e \u0437\u0430\u0449\u0438\u0442\u0443 \u043a\u043e\u043b\u0435\u043d\u0430 \u0438 \u0433\u043e\u043b\u0435\u043d\u0438 \u0432\u043e \u0432\u0440\u0435\u043c\u044f \u043a\u0430\u0442\u0430\u043d\u0438\u044f \u043d\u0430 BMX \u0438 \u043c\u043e\u0442\u043e\u0446\u0438\u043a\u043b\u0430\u0445. \u041a\u043e\u043c\u0444\u043e\u0440\u0442\u043d\u044b\u0439 \u0438 \u0434\u044b\u0448\u0430\u0449\u0438\u0439 \u0434\u0438\u0437\u0430\u0439\u043d.","og_url":"https:\/\/xstyle.md\/ro\/produs\/nakolennik-bluegrass-p03-big-horn\/","og_site_name":"\u041c\u0430\u0433\u0430\u0437\u0438\u043d Xstyle","article_publisher":"https:\/\/www.facebook.com\/xstylemd","article_modified_time":"2026-03-19T13:48:27+00:00","og_image":[{"width":1200,"height":1200,"url":"https:\/\/xstyle.md\/wp-content\/uploads\/2022\/04\/bluegrass-p06-big-horn.jpg","type":"image\/jpeg"}],"twitter_card":"summary_large_image","twitter_misc":{"Pre\u021b":"1.290&nbsp;MDL","Disponibilitate":"\u00cen stoc"},"schema":{"@context":"https:\/\/schema.org","@graph":[{"@type":"WebPage","@id":"https:\/\/xstyle.md\/product\/nakolennik-bluegrass-p03-big-horn\/","url":"https:\/\/xstyle.md\/product\/nakolennik-bluegrass-p03-big-horn\/","name":"Genunchier\u0103 Bluegrass P03 Big Horn - Magazin Xstyle","isPartOf":{"@id":"https:\/\/xstyle.md\/#website"},"primaryImageOfPage":{"@id":"https:\/\/xstyle.md\/product\/nakolennik-bluegrass-p03-big-horn\/#primaryimage"},"image":{"@id":"https:\/\/xstyle.md\/product\/nakolennik-bluegrass-p03-big-horn\/#primaryimage"},"thumbnailUrl":"https:\/\/xstyle.md\/wp-content\/uploads\/2022\/04\/bluegrass-p06-big-horn.jpg","datePublished":"2022-04-28T12:54:19+00:00","dateModified":"2026-03-19T13:48:27+00:00","description":"Genunchierul Bluegrass P03 Big Horn ofer\u0103 o protec\u021bie fiabil\u0103 pentru genunchi \u0219i gambe \u00een timpul mersului pe BMX \u0219i motociclete. Design confortabil \u0219i respirabil.","breadcrumb":{"@id":"https:\/\/xstyle.md\/product\/nakolennik-bluegrass-p03-big-horn\/#breadcrumb"},"inLanguage":"ro-RO","potentialAction":[{"@type":"ReadAction","target":["https:\/\/xstyle.md\/product\/nakolennik-bluegrass-p03-big-horn\/"]}]},{"@type":"ImageObject","inLanguage":"ro-RO","@id":"https:\/\/xstyle.md\/product\/nakolennik-bluegrass-p03-big-horn\/#primaryimage","url":"https:\/\/xstyle.md\/wp-content\/uploads\/2022\/04\/bluegrass-p06-big-horn.jpg","contentUrl":"https:\/\/xstyle.md\/wp-content\/uploads\/2022\/04\/bluegrass-p06-big-horn.jpg","width":1200,"height":1200,"caption":"\u041d\u0430\u043b\u043e\u043a\u043e\u0442\u043d\u0438\u043a Bluegrass P06 Big Horn \u0434\u043b\u044f \u0430\u043a\u0442\u0438\u0432\u043d\u043e\u0433\u043e \u043e\u0442\u0434\u044b\u0445\u0430 \u043f\u043e\u0445\u043e\u0434\u043e\u0432 \u0442\u0440\u0435\u043a\u0438\u043d\u0433\u0430 \u0438 \u0441\u043d\u0430\u0440\u044f\u0436\u0435\u043d\u0438\u044f \u0434\u043b\u044f \u043f\u0443\u0442\u0435\u0448\u0435\u0441\u0442\u0432\u0438\u0439 \u0438 \u0430\u043b\u044c\u043f\u0438\u043d\u0438\u0437\u043c\u0430 \u0432 \u0438\u043d\u0442\u0435\u0440\u043d\u0435\u0442-\u043c\u0430\u0433\u0430\u0437\u0438\u043d\u0435 \u0442\u043e\u0432\u0430\u0440\u043e\u0432 \u0434\u043b\u044f \u0430\u043a\u0442\u0438\u0432\u043d\u043e\u0433\u043e \u043e\u0431\u0440\u0430\u0437\u0430 \u0436\u0438\u0437\u043d\u0438"},{"@type":"BreadcrumbList","@id":"https:\/\/xstyle.md\/product\/nakolennik-bluegrass-p03-big-horn\/#breadcrumb","itemListElement":[{"@type":"ListItem","position":1,"name":"\u0413\u043b\u0430\u0432\u043d\u0430\u044f \u0441\u0442\u0440\u0430\u043d\u0438\u0446\u0430","item":"https:\/\/xstyle.md\/"},{"@type":"ListItem","position":2,"name":"\u041c\u0430\u0433\u0430\u0437\u0438\u043d","item":"https:\/\/xstyle.md\/shop\/"},{"@type":"ListItem","position":3,"name":"\u041d\u0430\u043a\u043e\u043b\u0435\u043d\u043d\u0438\u043a Bluegrass P03 Big Horn"}]},{"@type":"WebSite","@id":"https:\/\/xstyle.md\/#website","url":"https:\/\/xstyle.md\/","name":"Magazinul X-Style","description":"Echipamente pentru turism \u0219i sporturi extreme \u00een Moldova. Pre\u021buri, fotografii, caracteristici \u00een Moldova.","publisher":{"@id":"https:\/\/xstyle.md\/#organization"},"alternateName":"X-Style","potentialAction":[{"@type":"SearchAction","target":{"@type":"EntryPoint","urlTemplate":"https:\/\/xstyle.md\/?s={search_term_string}"},"query-input":{"@type":"PropertyValueSpecification","valueRequired":true,"valueName":"search_term_string"}}],"inLanguage":"ro-RO"},{"@type":"Organization","@id":"https:\/\/xstyle.md\/#organization","name":"Magazinul X-Style","alternateName":"x-style","url":"https:\/\/xstyle.md\/","logo":{"@type":"ImageObject","inLanguage":"ro-RO","@id":"https:\/\/xstyle.md\/#\/schema\/logo\/image\/","url":"https:\/\/xstyle.md\/wp-content\/uploads\/2020\/06\/logoicon.svg","contentUrl":"https:\/\/xstyle.md\/wp-content\/uploads\/2020\/06\/logoicon.svg","caption":"\u041c\u0430\u0433\u0430\u0437\u0438\u043d Xstyle"},"image":{"@id":"https:\/\/xstyle.md\/#\/schema\/logo\/image\/"},"sameAs":["https:\/\/www.facebook.com\/xstylemd","https:\/\/www.instagram.com\/xstyle_md\/","https:\/\/t.me\/xstyle_outdoor"],"hasMerchantReturnPolicy":{"@type":"MerchantReturnPolicy","merchantReturnLink":"https:\/\/xstyle.md\/ro\/conditions\/"}}]},"product_price_amount":"1290.00","product_price_currency":"MDL","og_availability":"instock","product_availability":"instock","product_retailer_item_id":"8015190267050","product_condition":"new"},"_links":{"self":[{"href":"https:\/\/xstyle.md\/ro\/wp-json\/wp\/v2\/product\/47915","targetHints":{"allow":["GET"]}}],"collection":[{"href":"https:\/\/xstyle.md\/ro\/wp-json\/wp\/v2\/product"}],"about":[{"href":"https:\/\/xstyle.md\/ro\/wp-json\/wp\/v2\/types\/product"}],"replies":[{"embeddable":true,"href":"https:\/\/xstyle.md\/ro\/wp-json\/wp\/v2\/comments?post=47915"}],"wp:featuredmedia":[{"embeddable":true,"href":"https:\/\/xstyle.md\/ro\/wp-json\/wp\/v2\/media\/48182"}],"wp:attachment":[{"href":"https:\/\/xstyle.md\/ro\/wp-json\/wp\/v2\/media?parent=47915"}],"wp:term":[{"taxonomy":"product_brand","embeddable":true,"href":"https:\/\/xstyle.md\/ro\/wp-json\/wp\/v2\/product_brand?post=47915"},{"taxonomy":"product_cat","embeddable":true,"href":"https:\/\/xstyle.md\/ro\/wp-json\/wp\/v2\/product_cat?post=47915"},{"taxonomy":"product_tag","embeddable":true,"href":"https:\/\/xstyle.md\/ro\/wp-json\/wp\/v2\/product_tag?post=47915"}],"curies":[{"name":"wp","href":"https:\/\/api.w.org\/{rel}","templated":true}]}}