{"id":4767,"date":"2020-07-16T20:05:22","date_gmt":"2020-07-16T17:05:22","guid":{"rendered":"https:\/\/xstyle.md\/product\/udlinitel-waeco-y0300000n012-280cm"},"modified":"2024-10-21T09:11:49","modified_gmt":"2024-10-21T06:11:49","slug":"udlinitel-waeco-y0300000n012-280cm","status":"publish","type":"product","link":"https:\/\/dev.xstyle.md\/ro\/produs\/udlinitel-waeco-y0300000n012-280cm\/","title":{"rendered":"Prelungitor Dometic Mobicool Y03 280cm"},"content":{"rendered":"<\/p>\n<p><strong>Cablul de extensie Mobicool Y03<\/strong> pentru seria de frigidere cu acela\u0219i nume de la produc\u0103torul Dometic are o lungime de 280 cm, ceea ce v\u0103 permite s\u0103 instala\u021bi dispozitivul la o distan\u021b\u0103 suficient de mare fa\u021b\u0103 de ma\u0219in\u0103 &#8212; exact acolo unde dispozitivul v\u0103 este cel mai convenabil.<\/p>\n<h3>Particularit\u0103\u021bi<\/h3>\n<ul>\n<li>Datorit\u0103 acestui cablu, v\u0103 va fi mai u\u0219or s\u0103 gestiona\u021bi spa\u021biul \u00eentr-o vacan\u021b\u0103 de picnic sau la mare, instal\u00e2nd frigiderul la o distan\u021b\u0103 suficient\u0103 de ma\u0219in\u0103 \u0219i \u00een acela\u0219i timp conect\u00e2ndu-l la re\u021beaua DC \u00een ma\u0219in\u0103.<\/li>\n<li>Cablul este echipat cu o priz\u0103 pentru conectarea la frigider \u00eentr-un conector 12\/24 Volt pe o parte \u0219i un conector pentru conectarea la o brichet\u0103 auto pe cealalt\u0103.<\/li>\n<li>Potrivit pentru toate modelele de frigidere automate din seria Mobicool.<\/li>\n<\/ul>\n<h3>Caracteristici<\/h3>\n<ul>\n<li>Lungime &#8212; 280 mm<\/li>\n<li>L\u0103\u021bime &#8212; 4 mm<\/li>\n<li>\u00cen\u0103l\u021bime &#8212; 18 mm<\/li>\n<li>Greutate &#8212; 0,11 kg<\/li>\n<li>Muf\u0103 12V \u0219i priz\u0103 bricheta<\/li>\n<li>Culoare &#8212; negru.<\/li>\n<\/ul>\n<h3>Marca<\/h3>\n<p>Dometic \u2014 este o marc\u0103 suedez\u0103 de mini-frigidere \u0219i diverse produse pentru confortul c\u0103l\u0103torilor. \u00cenfiin\u021bat\u0103 \u00een 1986, compania continu\u0103 \u00een continuare s\u0103 \u00ee\u0219i \u00eembun\u0103t\u0103\u021beasc\u0103 produsele sub sloganul &#171;Simplificarea vie\u021bii mobile&#187;. Dispozitivele marca Dometic devin din ce \u00een ce mai eficiente, compacte \u0219i elegante, iar gama lor se extinde constant. Ast\u0103zi exist\u0103 un num\u0103r mare de sortimente la v\u00e2nzare, ceea ce permite fiec\u0103rui cump\u0103r\u0103tor s\u0103 fac\u0103 o alegere de succes. Dometic este \u00eentruchiparea confortului, a prospe\u021bimii alimentelor, a siguran\u021bei, pe scurt, a tot ceea ce face ca o c\u0103l\u0103torie lung\u0103 s\u0103 fie pl\u0103cut\u0103.<\/p>\n<p><\/p>","protected":false},"excerpt":{"rendered":"<p>Prelungitor Dometic Mobicool Y03 280cm<\/p>","protected":false},"featured_media":4766,"comment_status":"open","ping_status":"closed","template":"","meta":{"_acf_changed":false,"inline_featured_image":false},"product_brand":[1478],"product_cat":[285],"product_tag":[],"class_list":{"0":"post-4767","1":"product","2":"type-product","3":"status-publish","4":"has-post-thumbnail","6":"product_brand-mobicool","7":"product_cat-fridge-accessories","9":"first","10":"instock","11":"shipping-taxable","12":"purchasable","13":"product-type-simple"},"acf":[],"yoast_head":"<!-- This site is optimized with the Yoast SEO plugin v27.4 - https:\/\/yoast.com\/product\/yoast-seo-wordpress\/ -->\n<title>\u0423\u0434\u043b\u0438\u043d\u0438\u0442\u0435\u043b\u044c Dometic Mobicool Y03 280cm - \u041c\u0430\u0433\u0430\u0437\u0438\u043d Xstyle<\/title>\n<meta name=\"description\" content=\"\u0423\u0434\u043b\u0438\u043d\u0438\u0442\u0435\u043b\u044c Dometic Mobicool Y03 280 \u0441\u043c \u043f\u043e\u0437\u0432\u043e\u043b\u044f\u0435\u0442 \u0440\u0430\u0437\u043c\u0435\u0441\u0442\u0438\u0442\u044c \u0445\u043e\u043b\u043e\u0434\u0438\u043b\u044c\u043d\u0438\u043a \u043d\u0430 \u0443\u0434\u043e\u0431\u043d\u043e\u043c \u0440\u0430\u0441\u0441\u0442\u043e\u044f\u043d\u0438\u0438 \u043e\u0442 \u043c\u0430\u0448\u0438\u043d\u044b. \u0418\u0434\u0435\u0430\u043b\u044c\u043d\u043e \u043f\u043e\u0434\u0445\u043e\u0434\u0438\u0442 \u0434\u043b\u044f \u043c\u043e\u0431\u0438\u043b\u044c\u043d\u043e\u0433\u043e \u0432\u0440\u0435\u043c\u044f\u043f\u0440\u0435\u043f\u0440\u043e\u0432\u043e\u0436\u0434\u0435\u043d\u0438\u044f.\" \/>\n<meta name=\"robots\" content=\"noindex, follow, max-snippet:-1, max-image-preview:large, max-video-preview:-1\" \/>\n<meta property=\"og:locale\" content=\"ro_RO\" \/>\n<meta property=\"og:type\" content=\"article\" \/>\n<meta property=\"og:title\" content=\"\u0423\u0434\u043b\u0438\u043d\u0438\u0442\u0435\u043b\u044c Dometic Mobicool Y03 280cm - \u041c\u0430\u0433\u0430\u0437\u0438\u043d Xstyle\" \/>\n<meta property=\"og:description\" content=\"\u0423\u0434\u043b\u0438\u043d\u0438\u0442\u0435\u043b\u044c Dometic Mobicool Y03 280 \u0441\u043c \u043f\u043e\u0437\u0432\u043e\u043b\u044f\u0435\u0442 \u0440\u0430\u0437\u043c\u0435\u0441\u0442\u0438\u0442\u044c \u0445\u043e\u043b\u043e\u0434\u0438\u043b\u044c\u043d\u0438\u043a \u043d\u0430 \u0443\u0434\u043e\u0431\u043d\u043e\u043c \u0440\u0430\u0441\u0441\u0442\u043e\u044f\u043d\u0438\u0438 \u043e\u0442 \u043c\u0430\u0448\u0438\u043d\u044b. \u0418\u0434\u0435\u0430\u043b\u044c\u043d\u043e \u043f\u043e\u0434\u0445\u043e\u0434\u0438\u0442 \u0434\u043b\u044f \u043c\u043e\u0431\u0438\u043b\u044c\u043d\u043e\u0433\u043e \u0432\u0440\u0435\u043c\u044f\u043f\u0440\u0435\u043f\u0440\u043e\u0432\u043e\u0436\u0434\u0435\u043d\u0438\u044f.\" \/>\n<meta property=\"og:url\" content=\"https:\/\/dev.xstyle.md\/ro\/produs\/udlinitel-waeco-y0300000n012-280cm\/\" \/>\n<meta property=\"og:site_name\" content=\"\u041c\u0430\u0433\u0430\u0437\u0438\u043d Xstyle\" \/>\n<meta property=\"article:publisher\" content=\"https:\/\/www.facebook.com\/xstylemd\" \/>\n<meta property=\"article:modified_time\" content=\"2024-10-21T06:11:49+00:00\" \/>\n<meta property=\"og:image\" content=\"https:\/\/dev.xstyle.md\/wp-content\/uploads\/2020\/07\/images_4_2.jpg\" \/>\n\t<meta property=\"og:image:width\" content=\"200\" \/>\n\t<meta property=\"og:image:height\" content=\"200\" \/>\n\t<meta property=\"og:image:type\" content=\"image\/jpeg\" \/>\n<meta name=\"twitter:card\" content=\"summary_large_image\" \/>\n<meta name=\"twitter:label1\" content=\"Pre\u021b\" \/>\n\t<meta name=\"twitter:data1\" content=\"155,00&nbsp;MDL\" \/>\n\t<meta name=\"twitter:label2\" content=\"Disponibilitate\" \/>\n\t<meta name=\"twitter:data2\" content=\"\u00cen stoc\" \/>\n<script type=\"application\/ld+json\" class=\"yoast-schema-graph\">{\"@context\":\"https:\\\/\\\/schema.org\",\"@graph\":[{\"@type\":\"WebPage\",\"@id\":\"https:\\\/\\\/dev.xstyle.md\\\/product\\\/udlinitel-waeco-y0300000n012-280cm\\\/\",\"url\":\"https:\\\/\\\/dev.xstyle.md\\\/product\\\/udlinitel-waeco-y0300000n012-280cm\\\/\",\"name\":\"\u0423\u0434\u043b\u0438\u043d\u0438\u0442\u0435\u043b\u044c Dometic Mobicool Y03 280cm - \u041c\u0430\u0433\u0430\u0437\u0438\u043d Xstyle\",\"isPartOf\":{\"@id\":\"https:\\\/\\\/dev.xstyle.md\\\/#website\"},\"primaryImageOfPage\":{\"@id\":\"https:\\\/\\\/dev.xstyle.md\\\/product\\\/udlinitel-waeco-y0300000n012-280cm\\\/#primaryimage\"},\"image\":{\"@id\":\"https:\\\/\\\/dev.xstyle.md\\\/product\\\/udlinitel-waeco-y0300000n012-280cm\\\/#primaryimage\"},\"thumbnailUrl\":\"https:\\\/\\\/dev.xstyle.md\\\/wp-content\\\/uploads\\\/2020\\\/07\\\/images_4_2.jpg\",\"datePublished\":\"2020-07-16T17:05:22+00:00\",\"dateModified\":\"2024-10-21T06:11:49+00:00\",\"description\":\"\u0423\u0434\u043b\u0438\u043d\u0438\u0442\u0435\u043b\u044c Dometic Mobicool Y03 280 \u0441\u043c \u043f\u043e\u0437\u0432\u043e\u043b\u044f\u0435\u0442 \u0440\u0430\u0437\u043c\u0435\u0441\u0442\u0438\u0442\u044c \u0445\u043e\u043b\u043e\u0434\u0438\u043b\u044c\u043d\u0438\u043a \u043d\u0430 \u0443\u0434\u043e\u0431\u043d\u043e\u043c \u0440\u0430\u0441\u0441\u0442\u043e\u044f\u043d\u0438\u0438 \u043e\u0442 \u043c\u0430\u0448\u0438\u043d\u044b. \u0418\u0434\u0435\u0430\u043b\u044c\u043d\u043e \u043f\u043e\u0434\u0445\u043e\u0434\u0438\u0442 \u0434\u043b\u044f \u043c\u043e\u0431\u0438\u043b\u044c\u043d\u043e\u0433\u043e \u0432\u0440\u0435\u043c\u044f\u043f\u0440\u0435\u043f\u0440\u043e\u0432\u043e\u0436\u0434\u0435\u043d\u0438\u044f.\",\"breadcrumb\":{\"@id\":\"https:\\\/\\\/dev.xstyle.md\\\/product\\\/udlinitel-waeco-y0300000n012-280cm\\\/#breadcrumb\"},\"inLanguage\":\"ro-RO\",\"potentialAction\":[{\"@type\":\"ReadAction\",\"target\":[\"https:\\\/\\\/dev.xstyle.md\\\/product\\\/udlinitel-waeco-y0300000n012-280cm\\\/\"]}]},{\"@type\":\"ImageObject\",\"inLanguage\":\"ro-RO\",\"@id\":\"https:\\\/\\\/dev.xstyle.md\\\/product\\\/udlinitel-waeco-y0300000n012-280cm\\\/#primaryimage\",\"url\":\"https:\\\/\\\/dev.xstyle.md\\\/wp-content\\\/uploads\\\/2020\\\/07\\\/images_4_2.jpg\",\"contentUrl\":\"https:\\\/\\\/dev.xstyle.md\\\/wp-content\\\/uploads\\\/2020\\\/07\\\/images_4_2.jpg\",\"width\":200,\"height\":200},{\"@type\":\"BreadcrumbList\",\"@id\":\"https:\\\/\\\/dev.xstyle.md\\\/product\\\/udlinitel-waeco-y0300000n012-280cm\\\/#breadcrumb\",\"itemListElement\":[{\"@type\":\"ListItem\",\"position\":1,\"name\":\"\u0413\u043b\u0430\u0432\u043d\u0430\u044f \u0441\u0442\u0440\u0430\u043d\u0438\u0446\u0430\",\"item\":\"https:\\\/\\\/dev.xstyle.md\\\/\"},{\"@type\":\"ListItem\",\"position\":2,\"name\":\"Shop\",\"item\":\"https:\\\/\\\/dev.xstyle.md\\\/shop\\\/\"},{\"@type\":\"ListItem\",\"position\":3,\"name\":\"\u0423\u0434\u043b\u0438\u043d\u0438\u0442\u0435\u043b\u044c Dometic Mobicool Y03 280cm\"}]},{\"@type\":\"WebSite\",\"@id\":\"https:\\\/\\\/dev.xstyle.md\\\/#website\",\"url\":\"https:\\\/\\\/dev.xstyle.md\\\/\",\"name\":\"\u041c\u0430\u0433\u0430\u0437\u0438\u043d Xstyle\",\"description\":\"C\u043d\u0430\u0440\u044f\u0436\u0435\u043d\u0438\u0435 \u0434\u043b\u044f \u0442\u0443\u0440\u0438\u0437\u043c\u0430 \u0438 \u044d\u043a\u0441\u0442\u0440\u0435\u043c\u0430\u043b\u044c\u043d\u044b\u0445 \u0432\u0438\u0434\u043e\u0432 \u0441\u043f\u043e\u0440\u0442\u0430 \u0432 \u041c\u043e\u043b\u0434\u043e\u0432\u0435.. \u0426\u0435\u043d\u044b, \u0444\u043e\u0442\u043e, \u0445\u0430\u0440\u0430\u043a\u0442\u0435\u0440\u0438\u0441\u0442\u0438\u043a\u0438 \u0432 \u041c\u043e\u043b\u0434\u043e\u0432\u0435.\",\"publisher\":{\"@id\":\"https:\\\/\\\/dev.xstyle.md\\\/#organization\"},\"alternateName\":\"X-Style\",\"potentialAction\":[{\"@type\":\"SearchAction\",\"target\":{\"@type\":\"EntryPoint\",\"urlTemplate\":\"https:\\\/\\\/dev.xstyle.md\\\/?s={search_term_string}\"},\"query-input\":{\"@type\":\"PropertyValueSpecification\",\"valueRequired\":true,\"valueName\":\"search_term_string\"}}],\"inLanguage\":\"ro-RO\"},{\"@type\":\"Organization\",\"@id\":\"https:\\\/\\\/dev.xstyle.md\\\/#organization\",\"name\":\"\u041c\u0430\u0433\u0430\u0437\u0438\u043d Xstyle\",\"alternateName\":\"x-style\",\"url\":\"https:\\\/\\\/dev.xstyle.md\\\/\",\"logo\":{\"@type\":\"ImageObject\",\"inLanguage\":\"ro-RO\",\"@id\":\"https:\\\/\\\/dev.xstyle.md\\\/#\\\/schema\\\/logo\\\/image\\\/\",\"url\":\"https:\\\/\\\/dev.xstyle.md\\\/wp-content\\\/uploads\\\/2020\\\/06\\\/logoicon.svg\",\"contentUrl\":\"https:\\\/\\\/dev.xstyle.md\\\/wp-content\\\/uploads\\\/2020\\\/06\\\/logoicon.svg\",\"caption\":\"\u041c\u0430\u0433\u0430\u0437\u0438\u043d Xstyle\"},\"image\":{\"@id\":\"https:\\\/\\\/dev.xstyle.md\\\/#\\\/schema\\\/logo\\\/image\\\/\"},\"sameAs\":[\"https:\\\/\\\/www.facebook.com\\\/xstylemd\",\"https:\\\/\\\/www.instagram.com\\\/xstyle_md\\\/\",\"https:\\\/\\\/t.me\\\/xstyle_outdoor\"],\"hasMerchantReturnPolicy\":{\"@type\":\"MerchantReturnPolicy\",\"merchantReturnLink\":\"https:\\\/\\\/dev.xstyle.md\\\/ro\\\/conditions\\\/\"}}]}<\/script>\n<meta property=\"product:price:amount\" content=\"155.00\" \/>\n<meta property=\"product:price:currency\" content=\"MDL\" \/>\n<meta property=\"og:availability\" content=\"instock\" \/>\n<meta property=\"product:availability\" content=\"instock\" \/>\n<meta property=\"product:retailer_item_id\" content=\"4015704158595\" \/>\n<meta property=\"product:condition\" content=\"new\" \/>\n<!-- \/ Yoast SEO plugin. -->","yoast_head_json":{"title":"Prelungitor Dometic Mobicool Y03 280cm - Magazin Xstyle","description":"Extensorul Dometic Mobicool Y03 de 280 cm permite plasarea frigiderului la o distan\u021b\u0103 confortabil\u0103 de ma\u0219in\u0103. Este perfect pentru activit\u0103\u021bi de recreere mobile.","robots":{"index":"noindex","follow":"follow","max-snippet":"max-snippet:-1","max-image-preview":"max-image-preview:large","max-video-preview":"max-video-preview:-1"},"og_locale":"ro_RO","og_type":"article","og_title":"\u0423\u0434\u043b\u0438\u043d\u0438\u0442\u0435\u043b\u044c Dometic Mobicool Y03 280cm - \u041c\u0430\u0433\u0430\u0437\u0438\u043d Xstyle","og_description":"\u0423\u0434\u043b\u0438\u043d\u0438\u0442\u0435\u043b\u044c Dometic Mobicool Y03 280 \u0441\u043c \u043f\u043e\u0437\u0432\u043e\u043b\u044f\u0435\u0442 \u0440\u0430\u0437\u043c\u0435\u0441\u0442\u0438\u0442\u044c \u0445\u043e\u043b\u043e\u0434\u0438\u043b\u044c\u043d\u0438\u043a \u043d\u0430 \u0443\u0434\u043e\u0431\u043d\u043e\u043c \u0440\u0430\u0441\u0441\u0442\u043e\u044f\u043d\u0438\u0438 \u043e\u0442 \u043c\u0430\u0448\u0438\u043d\u044b. \u0418\u0434\u0435\u0430\u043b\u044c\u043d\u043e \u043f\u043e\u0434\u0445\u043e\u0434\u0438\u0442 \u0434\u043b\u044f \u043c\u043e\u0431\u0438\u043b\u044c\u043d\u043e\u0433\u043e \u0432\u0440\u0435\u043c\u044f\u043f\u0440\u0435\u043f\u0440\u043e\u0432\u043e\u0436\u0434\u0435\u043d\u0438\u044f.","og_url":"https:\/\/dev.xstyle.md\/ro\/produs\/udlinitel-waeco-y0300000n012-280cm\/","og_site_name":"\u041c\u0430\u0433\u0430\u0437\u0438\u043d Xstyle","article_publisher":"https:\/\/www.facebook.com\/xstylemd","article_modified_time":"2024-10-21T06:11:49+00:00","og_image":[{"width":200,"height":200,"url":"https:\/\/dev.xstyle.md\/wp-content\/uploads\/2020\/07\/images_4_2.jpg","type":"image\/jpeg"}],"twitter_card":"summary_large_image","twitter_misc":{"Pre\u021b":"155,00&nbsp;MDL","Disponibilitate":"\u00cen stoc"},"schema":{"@context":"https:\/\/schema.org","@graph":[{"@type":"WebPage","@id":"https:\/\/dev.xstyle.md\/product\/udlinitel-waeco-y0300000n012-280cm\/","url":"https:\/\/dev.xstyle.md\/product\/udlinitel-waeco-y0300000n012-280cm\/","name":"Prelungitor Dometic Mobicool Y03 280cm - Magazin Xstyle","isPartOf":{"@id":"https:\/\/dev.xstyle.md\/#website"},"primaryImageOfPage":{"@id":"https:\/\/dev.xstyle.md\/product\/udlinitel-waeco-y0300000n012-280cm\/#primaryimage"},"image":{"@id":"https:\/\/dev.xstyle.md\/product\/udlinitel-waeco-y0300000n012-280cm\/#primaryimage"},"thumbnailUrl":"https:\/\/dev.xstyle.md\/wp-content\/uploads\/2020\/07\/images_4_2.jpg","datePublished":"2020-07-16T17:05:22+00:00","dateModified":"2024-10-21T06:11:49+00:00","description":"Extensorul Dometic Mobicool Y03 de 280 cm permite plasarea frigiderului la o distan\u021b\u0103 confortabil\u0103 de ma\u0219in\u0103. Este perfect pentru activit\u0103\u021bi de recreere mobile.","breadcrumb":{"@id":"https:\/\/dev.xstyle.md\/product\/udlinitel-waeco-y0300000n012-280cm\/#breadcrumb"},"inLanguage":"ro-RO","potentialAction":[{"@type":"ReadAction","target":["https:\/\/dev.xstyle.md\/product\/udlinitel-waeco-y0300000n012-280cm\/"]}]},{"@type":"ImageObject","inLanguage":"ro-RO","@id":"https:\/\/dev.xstyle.md\/product\/udlinitel-waeco-y0300000n012-280cm\/#primaryimage","url":"https:\/\/dev.xstyle.md\/wp-content\/uploads\/2020\/07\/images_4_2.jpg","contentUrl":"https:\/\/dev.xstyle.md\/wp-content\/uploads\/2020\/07\/images_4_2.jpg","width":200,"height":200},{"@type":"BreadcrumbList","@id":"https:\/\/dev.xstyle.md\/product\/udlinitel-waeco-y0300000n012-280cm\/#breadcrumb","itemListElement":[{"@type":"ListItem","position":1,"name":"\u0413\u043b\u0430\u0432\u043d\u0430\u044f \u0441\u0442\u0440\u0430\u043d\u0438\u0446\u0430","item":"https:\/\/dev.xstyle.md\/"},{"@type":"ListItem","position":2,"name":"Shop","item":"https:\/\/dev.xstyle.md\/shop\/"},{"@type":"ListItem","position":3,"name":"\u0423\u0434\u043b\u0438\u043d\u0438\u0442\u0435\u043b\u044c Dometic Mobicool Y03 280cm"}]},{"@type":"WebSite","@id":"https:\/\/dev.xstyle.md\/#website","url":"https:\/\/dev.xstyle.md\/","name":"Magazinul X-Style","description":"Echipamente pentru turism \u0219i sporturi extreme \u00een Moldova. Pre\u021buri, fotografii, caracteristici \u00een Moldova.","publisher":{"@id":"https:\/\/dev.xstyle.md\/#organization"},"alternateName":"X-Style","potentialAction":[{"@type":"SearchAction","target":{"@type":"EntryPoint","urlTemplate":"https:\/\/dev.xstyle.md\/?s={search_term_string}"},"query-input":{"@type":"PropertyValueSpecification","valueRequired":true,"valueName":"search_term_string"}}],"inLanguage":"ro-RO"},{"@type":"Organization","@id":"https:\/\/dev.xstyle.md\/#organization","name":"Magazinul X-Style","alternateName":"x-style","url":"https:\/\/dev.xstyle.md\/","logo":{"@type":"ImageObject","inLanguage":"ro-RO","@id":"https:\/\/dev.xstyle.md\/#\/schema\/logo\/image\/","url":"https:\/\/dev.xstyle.md\/wp-content\/uploads\/2020\/06\/logoicon.svg","contentUrl":"https:\/\/dev.xstyle.md\/wp-content\/uploads\/2020\/06\/logoicon.svg","caption":"\u041c\u0430\u0433\u0430\u0437\u0438\u043d Xstyle"},"image":{"@id":"https:\/\/dev.xstyle.md\/#\/schema\/logo\/image\/"},"sameAs":["https:\/\/www.facebook.com\/xstylemd","https:\/\/www.instagram.com\/xstyle_md\/","https:\/\/t.me\/xstyle_outdoor"],"hasMerchantReturnPolicy":{"@type":"MerchantReturnPolicy","merchantReturnLink":"https:\/\/dev.xstyle.md\/ro\/conditions\/"}}]},"product_price_amount":"155.00","product_price_currency":"MDL","og_availability":"instock","product_availability":"instock","product_retailer_item_id":"4015704158595","product_condition":"new"},"post_mailing_queue_ids":[],"_links":{"self":[{"href":"https:\/\/dev.xstyle.md\/ro\/wp-json\/wp\/v2\/product\/4767","targetHints":{"allow":["GET"]}}],"collection":[{"href":"https:\/\/dev.xstyle.md\/ro\/wp-json\/wp\/v2\/product"}],"about":[{"href":"https:\/\/dev.xstyle.md\/ro\/wp-json\/wp\/v2\/types\/product"}],"replies":[{"embeddable":true,"href":"https:\/\/dev.xstyle.md\/ro\/wp-json\/wp\/v2\/comments?post=4767"}],"version-history":[{"count":0,"href":"https:\/\/dev.xstyle.md\/ro\/wp-json\/wp\/v2\/product\/4767\/revisions"}],"wp:featuredmedia":[{"embeddable":true,"href":"https:\/\/dev.xstyle.md\/ro\/wp-json\/wp\/v2\/media\/4766"}],"wp:attachment":[{"href":"https:\/\/dev.xstyle.md\/ro\/wp-json\/wp\/v2\/media?parent=4767"}],"wp:term":[{"taxonomy":"product_brand","embeddable":true,"href":"https:\/\/dev.xstyle.md\/ro\/wp-json\/wp\/v2\/product_brand?post=4767"},{"taxonomy":"product_cat","embeddable":true,"href":"https:\/\/dev.xstyle.md\/ro\/wp-json\/wp\/v2\/product_cat?post=4767"},{"taxonomy":"product_tag","embeddable":true,"href":"https:\/\/dev.xstyle.md\/ro\/wp-json\/wp\/v2\/product_tag?post=4767"}],"curies":[{"name":"wp","href":"https:\/\/api.w.org\/{rel}","templated":true}]}}