{"id":4748,"date":"2020-07-16T20:04:50","date_gmt":"2020-07-16T17:04:50","guid":{"rendered":"https:\/\/xstyle.md\/product\/remen-dlja-fiksacii-sea-to-summit-bomber-tie-down-2-m"},"modified":"2024-10-21T09:52:40","modified_gmt":"2024-10-21T06:52:40","slug":"remen-dlja-fiksacii-sea-to-summit-bomber-tie-down-2-m","status":"publish","type":"product","link":"https:\/\/dev.xstyle.md\/ro\/produs\/remen-dlja-fiksacii-sea-to-summit-bomber-tie-down-2-m\/","title":{"rendered":"Curea pentru fixare Sea To Summit Bomber Tie Down 2 m"},"content":{"rendered":"<\/p>\n<p><strong>Curea pentru fixare Sea To Summit Bomber Tie Down 2 m &#8212;&nbsp;<\/strong>pentru fixarea tuturor tipurilor de canoe, caiace, surf, schiuri \/ snowboarduri sau alte echipamente atunci c&acirc;nd remorca este supra&icirc;nc\u0103rcat\u0103. Cataramele turnate din aliaj de zinc sunt acoperite cu un protector din cauciuc, un sling de polipropilen\u0103 de 25 mm cu protec\u021bie UV.<\/p>\n<p><strong>Specifica\u021bii:<\/strong><\/p>\n<ul>\n<li>Material: sling de polipropilen\u0103, aliaj de zinc<\/li>\n<li>Indicatori: rezist\u0103 unei sarcini de 250 kg (sarcina de rupere &#8212; 480 kg)<\/li>\n<li>Greutate: 115g<\/li>\n<li>Dimensiune: 200 x 2,5 centimetri<\/li>\n<li>Bucla elastic\u0103 v\u0103 permite s\u0103 \u021bine\u021bi cureaua str&acirc;ns\u0103 atunci c&acirc;nd nu este necesar\u0103<\/li>\n<li>Sistem de codificare a culorilor, fiecare culoare corespunde m\u0103rimii sale<\/li>\n<li>Recomandat pentru: montarea echipamentului.<\/li>\n<\/ul>\n<p><\/p>","protected":false},"excerpt":{"rendered":"<p>Curea pentru fixare Sea To Summit Bomber Tie Down 2 m<\/p>","protected":false},"featured_media":4747,"comment_status":"open","ping_status":"closed","template":"","meta":{"_acf_changed":false,"inline_featured_image":false},"product_brand":[1281],"product_cat":[338],"product_tag":[],"class_list":{"0":"post-4748","1":"product","2":"type-product","3":"status-publish","4":"has-post-thumbnail","6":"product_brand-sea-to-summit","7":"product_cat-backpack-accessories","9":"first","10":"instock","11":"shipping-taxable","12":"purchasable","13":"product-type-simple"},"acf":[],"yoast_head":"<!-- This site is optimized with the Yoast SEO plugin v27.6 - https:\/\/yoast.com\/product\/yoast-seo-wordpress\/ -->\n<title>\u0420\u0435\u043c\u0435\u043d\u044c \u0434\u043b\u044f \u0444\u0438\u043a\u0441\u0430\u0446\u0438\u0438 Sea to Summit Bomber Tie Down 2 m - \u041c\u0430\u0433\u0430\u0437\u0438\u043d Xstyle<\/title>\n<meta name=\"description\" content=\"\u0420\u0435\u043c\u0435\u043d\u044c \u0434\u043b\u044f \u0444\u0438\u043a\u0441\u0430\u0446\u0438\u0438 Sea to Summit Bomber Tie Down 2 \u043c \u0438\u0434\u0435\u0430\u043b\u044c\u043d\u043e \u043f\u043e\u0434\u0445\u043e\u0434\u0438\u0442 \u0434\u043b\u044f \u043a\u0430\u043d\u043e\u044d, \u043a\u0430\u044f\u043a\u043e\u0432 \u0438 \u0441\u043d\u0430\u0440\u044f\u0436\u0435\u043d\u0438\u044f. \u041d\u0430\u0434\u0435\u0436\u043d\u044b\u0435 \u0437\u0430\u043c\u043a\u0438 \u0438 \u0437\u0430\u0449\u0438\u0442\u0430 \u043e\u0442 UV!\" \/>\n<meta name=\"robots\" content=\"noindex, follow, max-snippet:-1, max-image-preview:large, max-video-preview:-1\" \/>\n<meta property=\"og:locale\" content=\"ro_RO\" \/>\n<meta property=\"og:type\" content=\"article\" \/>\n<meta property=\"og:title\" content=\"\u0420\u0435\u043c\u0435\u043d\u044c \u0434\u043b\u044f \u0444\u0438\u043a\u0441\u0430\u0446\u0438\u0438 Sea to Summit Bomber Tie Down 2 m - \u041c\u0430\u0433\u0430\u0437\u0438\u043d Xstyle\" \/>\n<meta property=\"og:description\" content=\"\u0420\u0435\u043c\u0435\u043d\u044c \u0434\u043b\u044f \u0444\u0438\u043a\u0441\u0430\u0446\u0438\u0438 Sea to Summit Bomber Tie Down 2 \u043c \u0438\u0434\u0435\u0430\u043b\u044c\u043d\u043e \u043f\u043e\u0434\u0445\u043e\u0434\u0438\u0442 \u0434\u043b\u044f \u043a\u0430\u043d\u043e\u044d, \u043a\u0430\u044f\u043a\u043e\u0432 \u0438 \u0441\u043d\u0430\u0440\u044f\u0436\u0435\u043d\u0438\u044f. \u041d\u0430\u0434\u0435\u0436\u043d\u044b\u0435 \u0437\u0430\u043c\u043a\u0438 \u0438 \u0437\u0430\u0449\u0438\u0442\u0430 \u043e\u0442 UV!\" \/>\n<meta property=\"og:url\" content=\"https:\/\/dev.xstyle.md\/ro\/produs\/remen-dlja-fiksacii-sea-to-summit-bomber-tie-down-2-m\/\" \/>\n<meta property=\"og:site_name\" content=\"\u041c\u0430\u0433\u0430\u0437\u0438\u043d Xstyle\" \/>\n<meta property=\"article:publisher\" content=\"https:\/\/www.facebook.com\/xstylemd\" \/>\n<meta property=\"article:modified_time\" content=\"2024-10-21T06:52:40+00:00\" \/>\n<meta property=\"og:image\" content=\"https:\/\/dev.xstyle.md\/wp-content\/uploads\/2020\/07\/sea_to_summit_bomber_tie_down.jpg\" \/>\n\t<meta property=\"og:image:width\" content=\"600\" \/>\n\t<meta property=\"og:image:height\" content=\"600\" \/>\n\t<meta property=\"og:image:type\" content=\"image\/jpeg\" \/>\n<meta name=\"twitter:card\" content=\"summary_large_image\" \/>\n<meta name=\"twitter:label1\" content=\"Pre\u021b\" \/>\n\t<meta name=\"twitter:data1\" content=\"195,00&nbsp;MDL\" \/>\n\t<meta name=\"twitter:label2\" content=\"Disponibilitate\" \/>\n\t<meta name=\"twitter:data2\" content=\"\u00cen stoc\" \/>\n<script type=\"application\/ld+json\" class=\"yoast-schema-graph\">{\"@context\":\"https:\\\/\\\/schema.org\",\"@graph\":[{\"@type\":\"WebPage\",\"@id\":\"https:\\\/\\\/dev.xstyle.md\\\/product\\\/remen-dlja-fiksacii-sea-to-summit-bomber-tie-down-2-m\\\/\",\"url\":\"https:\\\/\\\/dev.xstyle.md\\\/product\\\/remen-dlja-fiksacii-sea-to-summit-bomber-tie-down-2-m\\\/\",\"name\":\"\u0420\u0435\u043c\u0435\u043d\u044c \u0434\u043b\u044f \u0444\u0438\u043a\u0441\u0430\u0446\u0438\u0438 Sea to Summit Bomber Tie Down 2 m - \u041c\u0430\u0433\u0430\u0437\u0438\u043d Xstyle\",\"isPartOf\":{\"@id\":\"https:\\\/\\\/dev.xstyle.md\\\/#website\"},\"primaryImageOfPage\":{\"@id\":\"https:\\\/\\\/dev.xstyle.md\\\/product\\\/remen-dlja-fiksacii-sea-to-summit-bomber-tie-down-2-m\\\/#primaryimage\"},\"image\":{\"@id\":\"https:\\\/\\\/dev.xstyle.md\\\/product\\\/remen-dlja-fiksacii-sea-to-summit-bomber-tie-down-2-m\\\/#primaryimage\"},\"thumbnailUrl\":\"https:\\\/\\\/dev.xstyle.md\\\/wp-content\\\/uploads\\\/2020\\\/07\\\/sea_to_summit_bomber_tie_down.jpg\",\"datePublished\":\"2020-07-16T17:04:50+00:00\",\"dateModified\":\"2024-10-21T06:52:40+00:00\",\"description\":\"\u0420\u0435\u043c\u0435\u043d\u044c \u0434\u043b\u044f \u0444\u0438\u043a\u0441\u0430\u0446\u0438\u0438 Sea to Summit Bomber Tie Down 2 \u043c \u0438\u0434\u0435\u0430\u043b\u044c\u043d\u043e \u043f\u043e\u0434\u0445\u043e\u0434\u0438\u0442 \u0434\u043b\u044f \u043a\u0430\u043d\u043e\u044d, \u043a\u0430\u044f\u043a\u043e\u0432 \u0438 \u0441\u043d\u0430\u0440\u044f\u0436\u0435\u043d\u0438\u044f. \u041d\u0430\u0434\u0435\u0436\u043d\u044b\u0435 \u0437\u0430\u043c\u043a\u0438 \u0438 \u0437\u0430\u0449\u0438\u0442\u0430 \u043e\u0442 UV!\",\"breadcrumb\":{\"@id\":\"https:\\\/\\\/dev.xstyle.md\\\/product\\\/remen-dlja-fiksacii-sea-to-summit-bomber-tie-down-2-m\\\/#breadcrumb\"},\"inLanguage\":\"ro-RO\",\"potentialAction\":[{\"@type\":\"ReadAction\",\"target\":[\"https:\\\/\\\/dev.xstyle.md\\\/product\\\/remen-dlja-fiksacii-sea-to-summit-bomber-tie-down-2-m\\\/\"]}]},{\"@type\":\"ImageObject\",\"inLanguage\":\"ro-RO\",\"@id\":\"https:\\\/\\\/dev.xstyle.md\\\/product\\\/remen-dlja-fiksacii-sea-to-summit-bomber-tie-down-2-m\\\/#primaryimage\",\"url\":\"https:\\\/\\\/dev.xstyle.md\\\/wp-content\\\/uploads\\\/2020\\\/07\\\/sea_to_summit_bomber_tie_down.jpg\",\"contentUrl\":\"https:\\\/\\\/dev.xstyle.md\\\/wp-content\\\/uploads\\\/2020\\\/07\\\/sea_to_summit_bomber_tie_down.jpg\",\"width\":600,\"height\":600},{\"@type\":\"BreadcrumbList\",\"@id\":\"https:\\\/\\\/dev.xstyle.md\\\/product\\\/remen-dlja-fiksacii-sea-to-summit-bomber-tie-down-2-m\\\/#breadcrumb\",\"itemListElement\":[{\"@type\":\"ListItem\",\"position\":1,\"name\":\"\u0413\u043b\u0430\u0432\u043d\u0430\u044f \u0441\u0442\u0440\u0430\u043d\u0438\u0446\u0430\",\"item\":\"https:\\\/\\\/dev.xstyle.md\\\/\"},{\"@type\":\"ListItem\",\"position\":2,\"name\":\"Shop\",\"item\":\"https:\\\/\\\/dev.xstyle.md\\\/shop\\\/\"},{\"@type\":\"ListItem\",\"position\":3,\"name\":\"\u0420\u0435\u043c\u0435\u043d\u044c \u0434\u043b\u044f \u0444\u0438\u043a\u0441\u0430\u0446\u0438\u0438 Sea to Summit Bomber Tie Down 2 m\"}]},{\"@type\":\"WebSite\",\"@id\":\"https:\\\/\\\/dev.xstyle.md\\\/#website\",\"url\":\"https:\\\/\\\/dev.xstyle.md\\\/\",\"name\":\"\u041c\u0430\u0433\u0430\u0437\u0438\u043d Xstyle\",\"description\":\"C\u043d\u0430\u0440\u044f\u0436\u0435\u043d\u0438\u0435 \u0434\u043b\u044f \u0442\u0443\u0440\u0438\u0437\u043c\u0430 \u0438 \u044d\u043a\u0441\u0442\u0440\u0435\u043c\u0430\u043b\u044c\u043d\u044b\u0445 \u0432\u0438\u0434\u043e\u0432 \u0441\u043f\u043e\u0440\u0442\u0430 \u0432 \u041c\u043e\u043b\u0434\u043e\u0432\u0435.. \u0426\u0435\u043d\u044b, \u0444\u043e\u0442\u043e, \u0445\u0430\u0440\u0430\u043a\u0442\u0435\u0440\u0438\u0441\u0442\u0438\u043a\u0438 \u0432 \u041c\u043e\u043b\u0434\u043e\u0432\u0435.\",\"publisher\":{\"@id\":\"https:\\\/\\\/dev.xstyle.md\\\/#organization\"},\"alternateName\":\"X-Style\",\"potentialAction\":[{\"@type\":\"SearchAction\",\"target\":{\"@type\":\"EntryPoint\",\"urlTemplate\":\"https:\\\/\\\/dev.xstyle.md\\\/?s={search_term_string}\"},\"query-input\":{\"@type\":\"PropertyValueSpecification\",\"valueRequired\":true,\"valueName\":\"search_term_string\"}}],\"inLanguage\":\"ro-RO\"},{\"@type\":\"Organization\",\"@id\":\"https:\\\/\\\/dev.xstyle.md\\\/#organization\",\"name\":\"\u041c\u0430\u0433\u0430\u0437\u0438\u043d Xstyle\",\"alternateName\":\"x-style\",\"url\":\"https:\\\/\\\/dev.xstyle.md\\\/\",\"logo\":{\"@type\":\"ImageObject\",\"inLanguage\":\"ro-RO\",\"@id\":\"https:\\\/\\\/dev.xstyle.md\\\/#\\\/schema\\\/logo\\\/image\\\/\",\"url\":\"https:\\\/\\\/dev.xstyle.md\\\/wp-content\\\/uploads\\\/2020\\\/06\\\/logoicon.svg\",\"contentUrl\":\"https:\\\/\\\/dev.xstyle.md\\\/wp-content\\\/uploads\\\/2020\\\/06\\\/logoicon.svg\",\"caption\":\"\u041c\u0430\u0433\u0430\u0437\u0438\u043d Xstyle\"},\"image\":{\"@id\":\"https:\\\/\\\/dev.xstyle.md\\\/#\\\/schema\\\/logo\\\/image\\\/\"},\"sameAs\":[\"https:\\\/\\\/www.facebook.com\\\/xstylemd\",\"https:\\\/\\\/www.instagram.com\\\/xstyle_md\\\/\",\"https:\\\/\\\/t.me\\\/xstyle_outdoor\"],\"hasMerchantReturnPolicy\":{\"@type\":\"MerchantReturnPolicy\",\"merchantReturnLink\":\"https:\\\/\\\/dev.xstyle.md\\\/ro\\\/conditions\\\/\"}}]}<\/script>\n<meta property=\"product:price:amount\" content=\"195.00\" \/>\n<meta property=\"product:price:currency\" content=\"MDL\" \/>\n<meta property=\"og:availability\" content=\"instock\" \/>\n<meta property=\"product:availability\" content=\"instock\" \/>\n<meta property=\"product:retailer_item_id\" content=\"9327868025947\" \/>\n<meta property=\"product:condition\" content=\"new\" \/>\n<!-- \/ Yoast SEO plugin. -->","yoast_head_json":{"title":"Curea pentru fixare Sea To Summit Bomber Tie Down 2 m - Magazin Xstyle","description":"\u0420\u0435\u043c\u0435\u043d\u044c \u0434\u043b\u044f \u0444\u0438\u043a\u0441\u0430\u0446\u0438\u0438 Sea to Summit Bomber Tie Down 2 \u043c \u0438\u0434\u0435\u0430\u043b\u044c\u043d\u043e \u043f\u043e\u0434\u0445\u043e\u0434\u0438\u0442 \u0434\u043b\u044f \u043a\u0430\u043d\u043e\u044d, \u043a\u0430\u044f\u043a\u043e\u0432 \u0438 \u0441\u043d\u0430\u0440\u044f\u0436\u0435\u043d\u0438\u044f. \u041d\u0430\u0434\u0435\u0436\u043d\u044b\u0435 \u0437\u0430\u043c\u043a\u0438 \u0438 \u0437\u0430\u0449\u0438\u0442\u0430 \u043e\u0442 UV!","robots":{"index":"noindex","follow":"follow","max-snippet":"max-snippet:-1","max-image-preview":"max-image-preview:large","max-video-preview":"max-video-preview:-1"},"og_locale":"ro_RO","og_type":"article","og_title":"\u0420\u0435\u043c\u0435\u043d\u044c \u0434\u043b\u044f \u0444\u0438\u043a\u0441\u0430\u0446\u0438\u0438 Sea to Summit Bomber Tie Down 2 m - \u041c\u0430\u0433\u0430\u0437\u0438\u043d Xstyle","og_description":"\u0420\u0435\u043c\u0435\u043d\u044c \u0434\u043b\u044f \u0444\u0438\u043a\u0441\u0430\u0446\u0438\u0438 Sea to Summit Bomber Tie Down 2 \u043c \u0438\u0434\u0435\u0430\u043b\u044c\u043d\u043e \u043f\u043e\u0434\u0445\u043e\u0434\u0438\u0442 \u0434\u043b\u044f \u043a\u0430\u043d\u043e\u044d, \u043a\u0430\u044f\u043a\u043e\u0432 \u0438 \u0441\u043d\u0430\u0440\u044f\u0436\u0435\u043d\u0438\u044f. \u041d\u0430\u0434\u0435\u0436\u043d\u044b\u0435 \u0437\u0430\u043c\u043a\u0438 \u0438 \u0437\u0430\u0449\u0438\u0442\u0430 \u043e\u0442 UV!","og_url":"https:\/\/dev.xstyle.md\/ro\/produs\/remen-dlja-fiksacii-sea-to-summit-bomber-tie-down-2-m\/","og_site_name":"\u041c\u0430\u0433\u0430\u0437\u0438\u043d Xstyle","article_publisher":"https:\/\/www.facebook.com\/xstylemd","article_modified_time":"2024-10-21T06:52:40+00:00","og_image":[{"width":600,"height":600,"url":"https:\/\/dev.xstyle.md\/wp-content\/uploads\/2020\/07\/sea_to_summit_bomber_tie_down.jpg","type":"image\/jpeg"}],"twitter_card":"summary_large_image","twitter_misc":{"Pre\u021b":"195,00&nbsp;MDL","Disponibilitate":"\u00cen stoc"},"schema":{"@context":"https:\/\/schema.org","@graph":[{"@type":"WebPage","@id":"https:\/\/dev.xstyle.md\/product\/remen-dlja-fiksacii-sea-to-summit-bomber-tie-down-2-m\/","url":"https:\/\/dev.xstyle.md\/product\/remen-dlja-fiksacii-sea-to-summit-bomber-tie-down-2-m\/","name":"Curea pentru fixare Sea To Summit Bomber Tie Down 2 m - Magazin Xstyle","isPartOf":{"@id":"https:\/\/dev.xstyle.md\/#website"},"primaryImageOfPage":{"@id":"https:\/\/dev.xstyle.md\/product\/remen-dlja-fiksacii-sea-to-summit-bomber-tie-down-2-m\/#primaryimage"},"image":{"@id":"https:\/\/dev.xstyle.md\/product\/remen-dlja-fiksacii-sea-to-summit-bomber-tie-down-2-m\/#primaryimage"},"thumbnailUrl":"https:\/\/dev.xstyle.md\/wp-content\/uploads\/2020\/07\/sea_to_summit_bomber_tie_down.jpg","datePublished":"2020-07-16T17:04:50+00:00","dateModified":"2024-10-21T06:52:40+00:00","description":"\u0420\u0435\u043c\u0435\u043d\u044c \u0434\u043b\u044f \u0444\u0438\u043a\u0441\u0430\u0446\u0438\u0438 Sea to Summit Bomber Tie Down 2 \u043c \u0438\u0434\u0435\u0430\u043b\u044c\u043d\u043e \u043f\u043e\u0434\u0445\u043e\u0434\u0438\u0442 \u0434\u043b\u044f \u043a\u0430\u043d\u043e\u044d, \u043a\u0430\u044f\u043a\u043e\u0432 \u0438 \u0441\u043d\u0430\u0440\u044f\u0436\u0435\u043d\u0438\u044f. \u041d\u0430\u0434\u0435\u0436\u043d\u044b\u0435 \u0437\u0430\u043c\u043a\u0438 \u0438 \u0437\u0430\u0449\u0438\u0442\u0430 \u043e\u0442 UV!","breadcrumb":{"@id":"https:\/\/dev.xstyle.md\/product\/remen-dlja-fiksacii-sea-to-summit-bomber-tie-down-2-m\/#breadcrumb"},"inLanguage":"ro-RO","potentialAction":[{"@type":"ReadAction","target":["https:\/\/dev.xstyle.md\/product\/remen-dlja-fiksacii-sea-to-summit-bomber-tie-down-2-m\/"]}]},{"@type":"ImageObject","inLanguage":"ro-RO","@id":"https:\/\/dev.xstyle.md\/product\/remen-dlja-fiksacii-sea-to-summit-bomber-tie-down-2-m\/#primaryimage","url":"https:\/\/dev.xstyle.md\/wp-content\/uploads\/2020\/07\/sea_to_summit_bomber_tie_down.jpg","contentUrl":"https:\/\/dev.xstyle.md\/wp-content\/uploads\/2020\/07\/sea_to_summit_bomber_tie_down.jpg","width":600,"height":600},{"@type":"BreadcrumbList","@id":"https:\/\/dev.xstyle.md\/product\/remen-dlja-fiksacii-sea-to-summit-bomber-tie-down-2-m\/#breadcrumb","itemListElement":[{"@type":"ListItem","position":1,"name":"\u0413\u043b\u0430\u0432\u043d\u0430\u044f \u0441\u0442\u0440\u0430\u043d\u0438\u0446\u0430","item":"https:\/\/dev.xstyle.md\/"},{"@type":"ListItem","position":2,"name":"Shop","item":"https:\/\/dev.xstyle.md\/shop\/"},{"@type":"ListItem","position":3,"name":"\u0420\u0435\u043c\u0435\u043d\u044c \u0434\u043b\u044f \u0444\u0438\u043a\u0441\u0430\u0446\u0438\u0438 Sea to Summit Bomber Tie Down 2 m"}]},{"@type":"WebSite","@id":"https:\/\/dev.xstyle.md\/#website","url":"https:\/\/dev.xstyle.md\/","name":"Magazinul X-Style","description":"Echipamente pentru turism \u0219i sporturi extreme \u00een Moldova. Pre\u021buri, fotografii, caracteristici \u00een Moldova.","publisher":{"@id":"https:\/\/dev.xstyle.md\/#organization"},"alternateName":"X-Style","potentialAction":[{"@type":"SearchAction","target":{"@type":"EntryPoint","urlTemplate":"https:\/\/dev.xstyle.md\/?s={search_term_string}"},"query-input":{"@type":"PropertyValueSpecification","valueRequired":true,"valueName":"search_term_string"}}],"inLanguage":"ro-RO"},{"@type":"Organization","@id":"https:\/\/dev.xstyle.md\/#organization","name":"Magazinul X-Style","alternateName":"x-style","url":"https:\/\/dev.xstyle.md\/","logo":{"@type":"ImageObject","inLanguage":"ro-RO","@id":"https:\/\/dev.xstyle.md\/#\/schema\/logo\/image\/","url":"https:\/\/dev.xstyle.md\/wp-content\/uploads\/2020\/06\/logoicon.svg","contentUrl":"https:\/\/dev.xstyle.md\/wp-content\/uploads\/2020\/06\/logoicon.svg","caption":"\u041c\u0430\u0433\u0430\u0437\u0438\u043d Xstyle"},"image":{"@id":"https:\/\/dev.xstyle.md\/#\/schema\/logo\/image\/"},"sameAs":["https:\/\/www.facebook.com\/xstylemd","https:\/\/www.instagram.com\/xstyle_md\/","https:\/\/t.me\/xstyle_outdoor"],"hasMerchantReturnPolicy":{"@type":"MerchantReturnPolicy","merchantReturnLink":"https:\/\/dev.xstyle.md\/ro\/conditions\/"}}]},"product_price_amount":"195.00","product_price_currency":"MDL","og_availability":"instock","product_availability":"instock","product_retailer_item_id":"9327868025947","product_condition":"new"},"post_mailing_queue_ids":[],"_links":{"self":[{"href":"https:\/\/dev.xstyle.md\/ro\/wp-json\/wp\/v2\/product\/4748","targetHints":{"allow":["GET"]}}],"collection":[{"href":"https:\/\/dev.xstyle.md\/ro\/wp-json\/wp\/v2\/product"}],"about":[{"href":"https:\/\/dev.xstyle.md\/ro\/wp-json\/wp\/v2\/types\/product"}],"replies":[{"embeddable":true,"href":"https:\/\/dev.xstyle.md\/ro\/wp-json\/wp\/v2\/comments?post=4748"}],"version-history":[{"count":0,"href":"https:\/\/dev.xstyle.md\/ro\/wp-json\/wp\/v2\/product\/4748\/revisions"}],"wp:featuredmedia":[{"embeddable":true,"href":"https:\/\/dev.xstyle.md\/ro\/wp-json\/wp\/v2\/media\/4747"}],"wp:attachment":[{"href":"https:\/\/dev.xstyle.md\/ro\/wp-json\/wp\/v2\/media?parent=4748"}],"wp:term":[{"taxonomy":"product_brand","embeddable":true,"href":"https:\/\/dev.xstyle.md\/ro\/wp-json\/wp\/v2\/product_brand?post=4748"},{"taxonomy":"product_cat","embeddable":true,"href":"https:\/\/dev.xstyle.md\/ro\/wp-json\/wp\/v2\/product_cat?post=4748"},{"taxonomy":"product_tag","embeddable":true,"href":"https:\/\/dev.xstyle.md\/ro\/wp-json\/wp\/v2\/product_tag?post=4748"}],"curies":[{"name":"wp","href":"https:\/\/api.w.org\/{rel}","templated":true}]}}