{"id":4699,"date":"2020-07-16T20:03:01","date_gmt":"2020-07-16T17:03:01","guid":{"rendered":"https:\/\/xstyle.md\/product\/amortizator-ryvka-petzl-asap-sorber-20-lanyard-20cm"},"modified":"2026-01-09T12:50:10","modified_gmt":"2026-01-09T09:50:10","slug":"amortizator-ryvka-petzl-asap-sorber-20-lanyard-20cm","status":"publish","type":"product","link":"https:\/\/dev.xstyle.md\/ro\/produs\/amortizator-ryvka-petzl-asap-sorber-20-lanyard-20cm\/","title":{"rendered":"\u0410\u043c\u043e\u0440\u0442\u0438\u0437\u0430\u0442\u043e\u0440 \u0440\u044b\u0432\u043a\u0430 Petzl Asap&#8217;Sorber 20 Lanyard 20cm"},"content":{"rendered":"<\/p>\n<p><strong>Absorbitor de energie Petzl Asap&#8217;Sorber 20 Lanyard 20cm\u00a0<\/strong>este utilizat pentru a conecta hamul de siguran\u021b\u0103 la dispozitivul de siguran\u021b\u0103 mobil ASAP sau ASAP LOCK. Autoancorarea permite scoaterea cablului de siguran\u021b\u0103 din zona de lucru. Amortizorul de \u0219ocuri este depozitat \u00eentr-o hus\u0103 special\u0103 cu fermoar &#8212; aceasta \u00eel protejeaz\u0103 de abraziune, previne desfacerea \u0219i \u00eencurcarea \u0219i v\u0103 permite s\u0103 verifica\u021bi periodic starea hamului. Disponibil \u00een dou\u0103 dimensiuni pentru a optimiza distan\u021ba fa\u021b\u0103 de fr\u00e2nghia de siguran\u021b\u0103 \u0219i ad\u00e2ncimea c\u0103derii.<\/p>\n<h3>Particularit\u0103\u021bi<\/h3>\n<ul>\n<li>Utilizat pentru fixarea ASAP sau ASAP LOCK la sistemul de fr\u00e2nghie de salvare.<\/li>\n<li>Permite ca fr\u00e2nghia de siguran\u021b\u0103 s\u0103 fie \u00eendep\u0103rtat\u0103 de utilizator pentru a:<br \/>\n&#8212; a elibera zona de lucru;<br \/>\n&#8212; a proteja fr\u00e2nghia de uneltele ascu\u021bite \u0219i de alte elemente periculoase (de exemplu, sc\u00e2ntei).<\/li>\n<li>Absoarbe energia \u00een cazul unei c\u0103deri.<\/li>\n<li>Husa cu fermoar protejeaz\u0103 absorbitorul de smulgere \u00eempotriva deterior\u0103rii.<\/li>\n<li>Echipat cu un dispozitiv de blocare STRING pentru a fixa carabinierul \u0219i a proteja sfoara de sf\u0103r\u00e2mare.<\/li>\n<\/ul>\n<h3>Caracteristici<\/h3>\n<ul>\n<li>Greutate &#8212; 75g<\/li>\n<li>Lungime &#8212; 20 cm<\/li>\n<li>Materiale &#8212; nailon, poliester<\/li>\n<li>Certificare &#8212; CE EN 355<\/li>\n<\/ul>\n<h3>Marca<\/h3>\n<p>PETZL este un brand de renume mondial care produce echipamente specializate pentru alpinism, speologie, escalad\u0103 \u0219i alpinism industrial. Compania a fost fondat\u0103 de Fernand Petzel, un om pasionat de speologie de o via\u021b\u0103 \u00eentreag\u0103. La mijlocul anilor 1970, pasiunea sa \u0219i afacerea de familie au crescut \u00een ceva mai mult. Fernand a \u00eenceput s\u0103 modifice dispozitivele existente folosite \u00een speologie \u0219i apoi s\u0103 inventeze unele complet noi.<\/p>\n<p>Gama de produse a companiei s-a extins pentru a include iluminatul, deoarece \u00een \u00eentunericul pe\u0219terilor acesta este unul dintre cele mai importante echipamente necesare. Dup\u0103 speologie, PETZL a creat echipamente pentru alpini\u0219ti \u0219i alpini\u0219ti, iar mai t\u00e2rziu pentru lucrul la \u00een\u0103l\u021bime.<\/p>\n<p>Misiunea PETZL este de a crea instrumente inovatoare care s\u0103 le permit\u0103 b\u0103rba\u021bilor \u0219i femeilor s\u0103 ating\u0103 noi \u00een\u0103l\u021bimi pe vertical\u0103 \u0219i s\u0103 lumineze drumul \u00een \u00eentuneric. Compania se afl\u0103 \u00eentr-o c\u0103utare continu\u0103 a celei mai bune solu\u021bii \u00een toate domeniile de activitate. Performan\u021ba, ergonomia, confortul \u0219i, cel mai important, siguran\u021ba sunt cele mai importante criterii \u00een aceast\u0103 c\u0103utare. Accesul la ceea ce este inaccesibil sau &#171;atingerea a ceea ce este de neatins&#187; este motto-ul s\u0103u de lung\u0103 durat\u0103.<\/p>\n<p><\/p>","protected":false},"excerpt":{"rendered":"<p>\u0410\u043c\u043e\u0440\u0442\u0438\u0437\u0430\u0442\u043e\u0440 \u0440\u044b\u0432\u043a\u0430 Petzl Asap&#8217;Sorber 20 Lanyard 20cm<\/p>","protected":false},"featured_media":4698,"comment_status":"open","ping_status":"closed","template":"","meta":{"_acf_changed":false,"inline_featured_image":false},"product_brand":[1270],"product_cat":[104],"product_tag":[],"class_list":{"0":"post-4699","1":"product","2":"type-product","3":"status-publish","4":"has-post-thumbnail","6":"product_brand-petzl","7":"product_cat-backup","9":"first","10":"instock","11":"shipping-taxable","12":"purchasable","13":"product-type-simple"},"acf":[],"yoast_head":"<!-- This site is optimized with the Yoast SEO plugin v27.6 - https:\/\/yoast.com\/product\/yoast-seo-wordpress\/ -->\n<title>\u0410\u043c\u043e\u0440\u0442\u0438\u0437\u0430\u0442\u043e\u0440 \u0440\u044b\u0432\u043a\u0430 Petzl Asap&#039;Sorber 20 Lanyard 20cm - \u041c\u0430\u0433\u0430\u0437\u0438\u043d Xstyle<\/title>\n<meta name=\"description\" content=\"\u0410\u043c\u043e\u0440\u0442\u0438\u0437\u0430\u0442\u043e\u0440 \u0440\u044b\u0432\u043a\u0430 Petzl Asap&#039;Sorber 20\u0441\u043c \u043e\u0431\u0435\u0441\u043f\u0435\u0447\u0438\u0432\u0430\u0435\u0442 \u0431\u0435\u0437\u043e\u043f\u0430\u0441\u043d\u043e\u0441\u0442\u044c \u0438 \u043a\u043e\u043c\u0444\u043e\u0440\u0442 \u043f\u0440\u0438 \u0440\u0430\u0431\u043e\u0442\u0435 \u043d\u0430 \u0432\u044b\u0441\u043e\u0442\u0435. \u0418\u0434\u0435\u0430\u043b\u0435\u043d \u0434\u043b\u044f \u043f\u043e\u0434\u043a\u043b\u044e\u0447\u0435\u043d\u0438\u044f \u043a \u0441\u0438\u0441\u0442\u0435\u043c\u0430\u043c ASAP \u0438 ASAP LOCK.\" \/>\n<meta name=\"robots\" content=\"noindex, follow, max-snippet:-1, max-image-preview:large, max-video-preview:-1\" \/>\n<meta property=\"og:locale\" content=\"ro_RO\" \/>\n<meta property=\"og:type\" content=\"article\" \/>\n<meta property=\"og:title\" content=\"\u0410\u043c\u043e\u0440\u0442\u0438\u0437\u0430\u0442\u043e\u0440 \u0440\u044b\u0432\u043a\u0430 Petzl Asap&#039;Sorber 20 Lanyard 20cm - \u041c\u0430\u0433\u0430\u0437\u0438\u043d Xstyle\" \/>\n<meta property=\"og:description\" content=\"\u0410\u043c\u043e\u0440\u0442\u0438\u0437\u0430\u0442\u043e\u0440 \u0440\u044b\u0432\u043a\u0430 Petzl Asap&#039;Sorber 20\u0441\u043c \u043e\u0431\u0435\u0441\u043f\u0435\u0447\u0438\u0432\u0430\u0435\u0442 \u0431\u0435\u0437\u043e\u043f\u0430\u0441\u043d\u043e\u0441\u0442\u044c \u0438 \u043a\u043e\u043c\u0444\u043e\u0440\u0442 \u043f\u0440\u0438 \u0440\u0430\u0431\u043e\u0442\u0435 \u043d\u0430 \u0432\u044b\u0441\u043e\u0442\u0435. \u0418\u0434\u0435\u0430\u043b\u0435\u043d \u0434\u043b\u044f \u043f\u043e\u0434\u043a\u043b\u044e\u0447\u0435\u043d\u0438\u044f \u043a \u0441\u0438\u0441\u0442\u0435\u043c\u0430\u043c ASAP \u0438 ASAP LOCK.\" \/>\n<meta property=\"og:url\" content=\"https:\/\/dev.xstyle.md\/ro\/produs\/amortizator-ryvka-petzl-asap-sorber-20-lanyard-20cm\/\" \/>\n<meta property=\"og:site_name\" content=\"\u041c\u0430\u0433\u0430\u0437\u0438\u043d Xstyle\" \/>\n<meta property=\"article:publisher\" content=\"https:\/\/www.facebook.com\/xstylemd\" \/>\n<meta property=\"article:modified_time\" content=\"2026-01-09T09:50:10+00:00\" \/>\n<meta property=\"og:image\" content=\"https:\/\/dev.xstyle.md\/wp-content\/uploads\/2020\/07\/petzl-asap-sorber-lanyard-20.jpg\" \/>\n\t<meta property=\"og:image:width\" content=\"1100\" \/>\n\t<meta property=\"og:image:height\" content=\"1100\" \/>\n\t<meta property=\"og:image:type\" content=\"image\/jpeg\" \/>\n<meta name=\"twitter:card\" content=\"summary_large_image\" \/>\n<meta name=\"twitter:label1\" content=\"Pre\u021b\" \/>\n\t<meta name=\"twitter:data1\" content=\"750,00&nbsp;MDL\" \/>\n\t<meta name=\"twitter:label2\" content=\"Disponibilitate\" \/>\n\t<meta name=\"twitter:data2\" content=\"\u00cen stoc\" \/>\n<script type=\"application\/ld+json\" class=\"yoast-schema-graph\">{\"@context\":\"https:\\\/\\\/schema.org\",\"@graph\":[{\"@type\":\"WebPage\",\"@id\":\"https:\\\/\\\/dev.xstyle.md\\\/product\\\/amortizator-ryvka-petzl-asap-sorber-20-lanyard-20cm\\\/\",\"url\":\"https:\\\/\\\/dev.xstyle.md\\\/product\\\/amortizator-ryvka-petzl-asap-sorber-20-lanyard-20cm\\\/\",\"name\":\"\u0410\u043c\u043e\u0440\u0442\u0438\u0437\u0430\u0442\u043e\u0440 \u0440\u044b\u0432\u043a\u0430 Petzl Asap'Sorber 20 Lanyard 20cm - \u041c\u0430\u0433\u0430\u0437\u0438\u043d Xstyle\",\"isPartOf\":{\"@id\":\"https:\\\/\\\/dev.xstyle.md\\\/#website\"},\"primaryImageOfPage\":{\"@id\":\"https:\\\/\\\/dev.xstyle.md\\\/product\\\/amortizator-ryvka-petzl-asap-sorber-20-lanyard-20cm\\\/#primaryimage\"},\"image\":{\"@id\":\"https:\\\/\\\/dev.xstyle.md\\\/product\\\/amortizator-ryvka-petzl-asap-sorber-20-lanyard-20cm\\\/#primaryimage\"},\"thumbnailUrl\":\"https:\\\/\\\/dev.xstyle.md\\\/wp-content\\\/uploads\\\/2020\\\/07\\\/petzl-asap-sorber-lanyard-20.jpg\",\"datePublished\":\"2020-07-16T17:03:01+00:00\",\"dateModified\":\"2026-01-09T09:50:10+00:00\",\"description\":\"\u0410\u043c\u043e\u0440\u0442\u0438\u0437\u0430\u0442\u043e\u0440 \u0440\u044b\u0432\u043a\u0430 Petzl Asap'Sorber 20\u0441\u043c \u043e\u0431\u0435\u0441\u043f\u0435\u0447\u0438\u0432\u0430\u0435\u0442 \u0431\u0435\u0437\u043e\u043f\u0430\u0441\u043d\u043e\u0441\u0442\u044c \u0438 \u043a\u043e\u043c\u0444\u043e\u0440\u0442 \u043f\u0440\u0438 \u0440\u0430\u0431\u043e\u0442\u0435 \u043d\u0430 \u0432\u044b\u0441\u043e\u0442\u0435. \u0418\u0434\u0435\u0430\u043b\u0435\u043d \u0434\u043b\u044f \u043f\u043e\u0434\u043a\u043b\u044e\u0447\u0435\u043d\u0438\u044f \u043a \u0441\u0438\u0441\u0442\u0435\u043c\u0430\u043c ASAP \u0438 ASAP LOCK.\",\"breadcrumb\":{\"@id\":\"https:\\\/\\\/dev.xstyle.md\\\/product\\\/amortizator-ryvka-petzl-asap-sorber-20-lanyard-20cm\\\/#breadcrumb\"},\"inLanguage\":\"ro-RO\",\"potentialAction\":[{\"@type\":\"ReadAction\",\"target\":[\"https:\\\/\\\/dev.xstyle.md\\\/product\\\/amortizator-ryvka-petzl-asap-sorber-20-lanyard-20cm\\\/\"]}]},{\"@type\":\"ImageObject\",\"inLanguage\":\"ro-RO\",\"@id\":\"https:\\\/\\\/dev.xstyle.md\\\/product\\\/amortizator-ryvka-petzl-asap-sorber-20-lanyard-20cm\\\/#primaryimage\",\"url\":\"https:\\\/\\\/dev.xstyle.md\\\/wp-content\\\/uploads\\\/2020\\\/07\\\/petzl-asap-sorber-lanyard-20.jpg\",\"contentUrl\":\"https:\\\/\\\/dev.xstyle.md\\\/wp-content\\\/uploads\\\/2020\\\/07\\\/petzl-asap-sorber-lanyard-20.jpg\",\"width\":1100,\"height\":1100},{\"@type\":\"BreadcrumbList\",\"@id\":\"https:\\\/\\\/dev.xstyle.md\\\/product\\\/amortizator-ryvka-petzl-asap-sorber-20-lanyard-20cm\\\/#breadcrumb\",\"itemListElement\":[{\"@type\":\"ListItem\",\"position\":1,\"name\":\"\u0413\u043b\u0430\u0432\u043d\u0430\u044f \u0441\u0442\u0440\u0430\u043d\u0438\u0446\u0430\",\"item\":\"https:\\\/\\\/dev.xstyle.md\\\/\"},{\"@type\":\"ListItem\",\"position\":2,\"name\":\"Shop\",\"item\":\"https:\\\/\\\/dev.xstyle.md\\\/shop\\\/\"},{\"@type\":\"ListItem\",\"position\":3,\"name\":\"\u0410\u043c\u043e\u0440\u0442\u0438\u0437\u0430\u0442\u043e\u0440 \u0440\u044b\u0432\u043a\u0430 Petzl Asap&#8217;Sorber 20 Lanyard 20cm\"}]},{\"@type\":\"WebSite\",\"@id\":\"https:\\\/\\\/dev.xstyle.md\\\/#website\",\"url\":\"https:\\\/\\\/dev.xstyle.md\\\/\",\"name\":\"\u041c\u0430\u0433\u0430\u0437\u0438\u043d Xstyle\",\"description\":\"C\u043d\u0430\u0440\u044f\u0436\u0435\u043d\u0438\u0435 \u0434\u043b\u044f \u0442\u0443\u0440\u0438\u0437\u043c\u0430 \u0438 \u044d\u043a\u0441\u0442\u0440\u0435\u043c\u0430\u043b\u044c\u043d\u044b\u0445 \u0432\u0438\u0434\u043e\u0432 \u0441\u043f\u043e\u0440\u0442\u0430 \u0432 \u041c\u043e\u043b\u0434\u043e\u0432\u0435.. \u0426\u0435\u043d\u044b, \u0444\u043e\u0442\u043e, \u0445\u0430\u0440\u0430\u043a\u0442\u0435\u0440\u0438\u0441\u0442\u0438\u043a\u0438 \u0432 \u041c\u043e\u043b\u0434\u043e\u0432\u0435.\",\"publisher\":{\"@id\":\"https:\\\/\\\/dev.xstyle.md\\\/#organization\"},\"alternateName\":\"X-Style\",\"potentialAction\":[{\"@type\":\"SearchAction\",\"target\":{\"@type\":\"EntryPoint\",\"urlTemplate\":\"https:\\\/\\\/dev.xstyle.md\\\/?s={search_term_string}\"},\"query-input\":{\"@type\":\"PropertyValueSpecification\",\"valueRequired\":true,\"valueName\":\"search_term_string\"}}],\"inLanguage\":\"ro-RO\"},{\"@type\":\"Organization\",\"@id\":\"https:\\\/\\\/dev.xstyle.md\\\/#organization\",\"name\":\"\u041c\u0430\u0433\u0430\u0437\u0438\u043d Xstyle\",\"alternateName\":\"x-style\",\"url\":\"https:\\\/\\\/dev.xstyle.md\\\/\",\"logo\":{\"@type\":\"ImageObject\",\"inLanguage\":\"ro-RO\",\"@id\":\"https:\\\/\\\/dev.xstyle.md\\\/#\\\/schema\\\/logo\\\/image\\\/\",\"url\":\"https:\\\/\\\/dev.xstyle.md\\\/wp-content\\\/uploads\\\/2020\\\/06\\\/logoicon.svg\",\"contentUrl\":\"https:\\\/\\\/dev.xstyle.md\\\/wp-content\\\/uploads\\\/2020\\\/06\\\/logoicon.svg\",\"caption\":\"\u041c\u0430\u0433\u0430\u0437\u0438\u043d Xstyle\"},\"image\":{\"@id\":\"https:\\\/\\\/dev.xstyle.md\\\/#\\\/schema\\\/logo\\\/image\\\/\"},\"sameAs\":[\"https:\\\/\\\/www.facebook.com\\\/xstylemd\",\"https:\\\/\\\/www.instagram.com\\\/xstyle_md\\\/\",\"https:\\\/\\\/t.me\\\/xstyle_outdoor\"],\"hasMerchantReturnPolicy\":{\"@type\":\"MerchantReturnPolicy\",\"merchantReturnLink\":\"https:\\\/\\\/dev.xstyle.md\\\/ro\\\/conditions\\\/\"}}]}<\/script>\n<meta property=\"product:price:amount\" content=\"750.00\" \/>\n<meta property=\"product:price:currency\" content=\"MDL\" \/>\n<meta property=\"og:availability\" content=\"instock\" \/>\n<meta property=\"product:availability\" content=\"instock\" \/>\n<meta property=\"product:retailer_item_id\" content=\"3342540098176\" \/>\n<meta property=\"product:condition\" content=\"new\" \/>\n<!-- \/ Yoast SEO plugin. -->","yoast_head_json":{"title":"Absorbitor de energie Petzl Asap'Sorber 20 Lanyard 20cm - Magazin Xstyle","description":"Amortizorul de \u0219oc Petzl Asap'Sorber de 20 cm asigur\u0103 siguran\u021ba \u0219i confortul \u00een timpul lucrului la \u00een\u0103l\u021bime. Ideal pentru conectarea la sistemele ASAP \u0219i ASAP LOCK.","robots":{"index":"noindex","follow":"follow","max-snippet":"max-snippet:-1","max-image-preview":"max-image-preview:large","max-video-preview":"max-video-preview:-1"},"og_locale":"ro_RO","og_type":"article","og_title":"\u0410\u043c\u043e\u0440\u0442\u0438\u0437\u0430\u0442\u043e\u0440 \u0440\u044b\u0432\u043a\u0430 Petzl Asap'Sorber 20 Lanyard 20cm - \u041c\u0430\u0433\u0430\u0437\u0438\u043d Xstyle","og_description":"\u0410\u043c\u043e\u0440\u0442\u0438\u0437\u0430\u0442\u043e\u0440 \u0440\u044b\u0432\u043a\u0430 Petzl Asap'Sorber 20\u0441\u043c \u043e\u0431\u0435\u0441\u043f\u0435\u0447\u0438\u0432\u0430\u0435\u0442 \u0431\u0435\u0437\u043e\u043f\u0430\u0441\u043d\u043e\u0441\u0442\u044c \u0438 \u043a\u043e\u043c\u0444\u043e\u0440\u0442 \u043f\u0440\u0438 \u0440\u0430\u0431\u043e\u0442\u0435 \u043d\u0430 \u0432\u044b\u0441\u043e\u0442\u0435. \u0418\u0434\u0435\u0430\u043b\u0435\u043d \u0434\u043b\u044f \u043f\u043e\u0434\u043a\u043b\u044e\u0447\u0435\u043d\u0438\u044f \u043a \u0441\u0438\u0441\u0442\u0435\u043c\u0430\u043c ASAP \u0438 ASAP LOCK.","og_url":"https:\/\/dev.xstyle.md\/ro\/produs\/amortizator-ryvka-petzl-asap-sorber-20-lanyard-20cm\/","og_site_name":"\u041c\u0430\u0433\u0430\u0437\u0438\u043d Xstyle","article_publisher":"https:\/\/www.facebook.com\/xstylemd","article_modified_time":"2026-01-09T09:50:10+00:00","og_image":[{"width":1100,"height":1100,"url":"https:\/\/dev.xstyle.md\/wp-content\/uploads\/2020\/07\/petzl-asap-sorber-lanyard-20.jpg","type":"image\/jpeg"}],"twitter_card":"summary_large_image","twitter_misc":{"Pre\u021b":"750,00&nbsp;MDL","Disponibilitate":"\u00cen stoc"},"schema":{"@context":"https:\/\/schema.org","@graph":[{"@type":"WebPage","@id":"https:\/\/dev.xstyle.md\/product\/amortizator-ryvka-petzl-asap-sorber-20-lanyard-20cm\/","url":"https:\/\/dev.xstyle.md\/product\/amortizator-ryvka-petzl-asap-sorber-20-lanyard-20cm\/","name":"Absorbitor de energie Petzl Asap'Sorber 20 Lanyard 20cm - Magazin Xstyle","isPartOf":{"@id":"https:\/\/dev.xstyle.md\/#website"},"primaryImageOfPage":{"@id":"https:\/\/dev.xstyle.md\/product\/amortizator-ryvka-petzl-asap-sorber-20-lanyard-20cm\/#primaryimage"},"image":{"@id":"https:\/\/dev.xstyle.md\/product\/amortizator-ryvka-petzl-asap-sorber-20-lanyard-20cm\/#primaryimage"},"thumbnailUrl":"https:\/\/dev.xstyle.md\/wp-content\/uploads\/2020\/07\/petzl-asap-sorber-lanyard-20.jpg","datePublished":"2020-07-16T17:03:01+00:00","dateModified":"2026-01-09T09:50:10+00:00","description":"Amortizorul de \u0219oc Petzl Asap'Sorber de 20 cm asigur\u0103 siguran\u021ba \u0219i confortul \u00een timpul lucrului la \u00een\u0103l\u021bime. Ideal pentru conectarea la sistemele ASAP \u0219i ASAP LOCK.","breadcrumb":{"@id":"https:\/\/dev.xstyle.md\/product\/amortizator-ryvka-petzl-asap-sorber-20-lanyard-20cm\/#breadcrumb"},"inLanguage":"ro-RO","potentialAction":[{"@type":"ReadAction","target":["https:\/\/dev.xstyle.md\/product\/amortizator-ryvka-petzl-asap-sorber-20-lanyard-20cm\/"]}]},{"@type":"ImageObject","inLanguage":"ro-RO","@id":"https:\/\/dev.xstyle.md\/product\/amortizator-ryvka-petzl-asap-sorber-20-lanyard-20cm\/#primaryimage","url":"https:\/\/dev.xstyle.md\/wp-content\/uploads\/2020\/07\/petzl-asap-sorber-lanyard-20.jpg","contentUrl":"https:\/\/dev.xstyle.md\/wp-content\/uploads\/2020\/07\/petzl-asap-sorber-lanyard-20.jpg","width":1100,"height":1100},{"@type":"BreadcrumbList","@id":"https:\/\/dev.xstyle.md\/product\/amortizator-ryvka-petzl-asap-sorber-20-lanyard-20cm\/#breadcrumb","itemListElement":[{"@type":"ListItem","position":1,"name":"\u0413\u043b\u0430\u0432\u043d\u0430\u044f \u0441\u0442\u0440\u0430\u043d\u0438\u0446\u0430","item":"https:\/\/dev.xstyle.md\/"},{"@type":"ListItem","position":2,"name":"Shop","item":"https:\/\/dev.xstyle.md\/shop\/"},{"@type":"ListItem","position":3,"name":"\u0410\u043c\u043e\u0440\u0442\u0438\u0437\u0430\u0442\u043e\u0440 \u0440\u044b\u0432\u043a\u0430 Petzl Asap&#8217;Sorber 20 Lanyard 20cm"}]},{"@type":"WebSite","@id":"https:\/\/dev.xstyle.md\/#website","url":"https:\/\/dev.xstyle.md\/","name":"Magazinul X-Style","description":"Echipamente pentru turism \u0219i sporturi extreme \u00een Moldova. Pre\u021buri, fotografii, caracteristici \u00een Moldova.","publisher":{"@id":"https:\/\/dev.xstyle.md\/#organization"},"alternateName":"X-Style","potentialAction":[{"@type":"SearchAction","target":{"@type":"EntryPoint","urlTemplate":"https:\/\/dev.xstyle.md\/?s={search_term_string}"},"query-input":{"@type":"PropertyValueSpecification","valueRequired":true,"valueName":"search_term_string"}}],"inLanguage":"ro-RO"},{"@type":"Organization","@id":"https:\/\/dev.xstyle.md\/#organization","name":"Magazinul X-Style","alternateName":"x-style","url":"https:\/\/dev.xstyle.md\/","logo":{"@type":"ImageObject","inLanguage":"ro-RO","@id":"https:\/\/dev.xstyle.md\/#\/schema\/logo\/image\/","url":"https:\/\/dev.xstyle.md\/wp-content\/uploads\/2020\/06\/logoicon.svg","contentUrl":"https:\/\/dev.xstyle.md\/wp-content\/uploads\/2020\/06\/logoicon.svg","caption":"\u041c\u0430\u0433\u0430\u0437\u0438\u043d Xstyle"},"image":{"@id":"https:\/\/dev.xstyle.md\/#\/schema\/logo\/image\/"},"sameAs":["https:\/\/www.facebook.com\/xstylemd","https:\/\/www.instagram.com\/xstyle_md\/","https:\/\/t.me\/xstyle_outdoor"],"hasMerchantReturnPolicy":{"@type":"MerchantReturnPolicy","merchantReturnLink":"https:\/\/dev.xstyle.md\/ro\/conditions\/"}}]},"product_price_amount":"750.00","product_price_currency":"MDL","og_availability":"instock","product_availability":"instock","product_retailer_item_id":"3342540098176","product_condition":"new"},"post_mailing_queue_ids":[],"_links":{"self":[{"href":"https:\/\/dev.xstyle.md\/ro\/wp-json\/wp\/v2\/product\/4699","targetHints":{"allow":["GET"]}}],"collection":[{"href":"https:\/\/dev.xstyle.md\/ro\/wp-json\/wp\/v2\/product"}],"about":[{"href":"https:\/\/dev.xstyle.md\/ro\/wp-json\/wp\/v2\/types\/product"}],"replies":[{"embeddable":true,"href":"https:\/\/dev.xstyle.md\/ro\/wp-json\/wp\/v2\/comments?post=4699"}],"version-history":[{"count":0,"href":"https:\/\/dev.xstyle.md\/ro\/wp-json\/wp\/v2\/product\/4699\/revisions"}],"wp:featuredmedia":[{"embeddable":true,"href":"https:\/\/dev.xstyle.md\/ro\/wp-json\/wp\/v2\/media\/4698"}],"wp:attachment":[{"href":"https:\/\/dev.xstyle.md\/ro\/wp-json\/wp\/v2\/media?parent=4699"}],"wp:term":[{"taxonomy":"product_brand","embeddable":true,"href":"https:\/\/dev.xstyle.md\/ro\/wp-json\/wp\/v2\/product_brand?post=4699"},{"taxonomy":"product_cat","embeddable":true,"href":"https:\/\/dev.xstyle.md\/ro\/wp-json\/wp\/v2\/product_cat?post=4699"},{"taxonomy":"product_tag","embeddable":true,"href":"https:\/\/dev.xstyle.md\/ro\/wp-json\/wp\/v2\/product_tag?post=4699"}],"curies":[{"name":"wp","href":"https:\/\/api.w.org\/{rel}","templated":true}]}}