{"id":45231,"date":"2022-02-02T20:33:44","date_gmt":"2022-02-02T17:33:44","guid":{"rendered":"https:\/\/xstyle.md\/?post_type=product&#038;p=45231"},"modified":"2024-10-20T15:54:27","modified_gmt":"2024-10-20T12:54:27","slug":"blok-rolik-krok-piramida-blok-s","status":"publish","type":"product","link":"https:\/\/dev.xstyle.md\/ro\/produs\/blok-rolik-krok-piramida-blok-s\/","title":{"rendered":"Scripete Krok Piramid\u0103 Bloc-C"},"content":{"rendered":"<\/p>\n<p><strong>Scripete Krok Piramid\u0103 Bloc-C<\/strong> &#8212; bloc de \u00eenalt\u0103 rezisten\u021b\u0103 cu obraji alungite \u0219i role cu diametru mic. \u00cen plus fa\u021b\u0103 de utilizarea sa ca rol\u0103 de bloc conven\u021bional\u0103, blocul Pyramid este utilizat ca rol\u0103 de deviere \u0219i consol\u0103 de bypass \u00een liniile de ancorare.<\/p>\n<h3>Particularit\u0103\u021bi<\/h3>\n<ul>\n<li>Datorit\u0103 rolelor, aceast\u0103 unitate de ancorare permite fr\u00e2nghiei de ancorare s\u0103 se deplaseze \u00een raport cu punctul de ancorare intermediar atunci c\u00e2nd linia de ancorare este \u00eentins\u0103 de for\u021ba de smucitur\u0103 cauzat\u0103 de c\u0103derea utilizatorului \u0219i de amortizorul liniei de ancorare.<\/li>\n<li>Aceast\u0103 din urm\u0103 proprietate este foarte important\u0103 pentru procesul de alungire a par\u00e2mei de ancorare atunci c\u00e2nd este supus\u0103 unei for\u021be de smucitur\u0103 din cauza c\u0103derii utilizatorului \u0219i a eliber\u0103rii amortizorului par\u00e2mei de ancorare.<\/li>\n<li>Lungimea \u0219i curbura obrajilor blocului permit ca punctul de ancorare mobil de tip &#171;Staple&#187; s\u0103 treac\u0103 printr-un astfel de punct de ancorare intermediar, asigur\u00e2nd continuitatea liniei de ancorare.<\/li>\n<li>\u00cen plus, aceast\u0103 echipare a punctelor de ancorare intermediare face posibil\u0103 construirea liniilor de ancorare cu viraje interioare (pentru viraje exterioare este \u00een continuare necesar s\u0103 se utilizeze alte suporturi). \u00cen plus, \u00een timp ce anterior se instala un amortizor suplimentar pentru fiecare viraj, acum este suficient s\u0103 se utilizeze un singur amortizor pentru \u00eentreaga linie.<\/li>\n<\/ul>\n<h3>Caracteristici<\/h3>\n<ul>\n<li>Greutate &#8212; 280 g<\/li>\n<li>Sarcina maxim\u0103 de lucru &#8212; 40 kN<\/li>\n<li>Sarcina minim\u0103 de rupere &#8212; 45 kN (rupere de obraz)<\/li>\n<li>Diametrul cablului &#8212; p\u00e2n\u0103 la 9 mm<\/li>\n<\/ul>\n<p><\/p>","protected":false},"excerpt":{"rendered":"","protected":false},"featured_media":45458,"comment_status":"open","ping_status":"closed","template":"","meta":{"_acf_changed":false,"inline_featured_image":false},"product_brand":[1283],"product_cat":[94,96],"product_tag":[],"class_list":{"0":"post-45231","1":"product","2":"type-product","3":"status-publish","4":"has-post-thumbnail","6":"product_brand-krok","7":"product_cat-block-rollers","8":"product_cat-pulleys","10":"first","11":"instock","12":"shipping-taxable","13":"purchasable","14":"product-type-simple"},"acf":[],"yoast_head":"<!-- This site is optimized with the Yoast SEO plugin v27.4 - https:\/\/yoast.com\/product\/yoast-seo-wordpress\/ -->\n<title>\u0411\u043b\u043e\u043a-\u0440\u043e\u043b\u0438\u043a Krok \u041f\u0438\u0440\u0430\u043c\u0438\u0434\u0430 \u0411\u043b\u043e\u043a-\u0421 - \u041c\u0430\u0433\u0430\u0437\u0438\u043d Xstyle<\/title>\n<meta name=\"description\" content=\"\u0411\u043b\u043e\u043a-\u0440\u043e\u043b\u0438\u043a Krok \u041f\u0438\u0440\u0430\u043c\u0438\u0434\u0430 \u0411\u043b\u043e\u043a-\u0421 - \u0432\u044b\u0441\u043e\u043a\u043e\u043f\u0440\u043e\u0447\u043d\u044b\u0439, \u043a\u043e\u043c\u043f\u0430\u043a\u0442\u043d\u044b\u0439, \u0438\u0434\u0435\u0430\u043b\u0435\u043d \u0434\u043b\u044f \u0430\u043d\u043a\u0435\u0440\u043d\u044b\u0445 \u0441\u0438\u0441\u0442\u0435\u043c, \u0441 \u0432\u043e\u0437\u043c\u043e\u0436\u043d\u043e\u0441\u0442\u044c\u044e \u043e\u0442\u043a\u043b\u043e\u043d\u0435\u043d\u0438\u044f \u0438 \u043a\u043e\u043d\u0441\u043e\u043b\u044c\u043d\u043e\u0433\u043e \u043a\u0440\u0435\u043f\u043b\u0435\u043d\u0438\u044f.\" \/>\n<meta name=\"robots\" content=\"noindex, follow, max-snippet:-1, max-image-preview:large, max-video-preview:-1\" \/>\n<meta property=\"og:locale\" content=\"ro_RO\" \/>\n<meta property=\"og:type\" content=\"article\" \/>\n<meta property=\"og:title\" content=\"\u0411\u043b\u043e\u043a-\u0440\u043e\u043b\u0438\u043a Krok \u041f\u0438\u0440\u0430\u043c\u0438\u0434\u0430 \u0411\u043b\u043e\u043a-\u0421 - \u041c\u0430\u0433\u0430\u0437\u0438\u043d Xstyle\" \/>\n<meta property=\"og:description\" content=\"\u0411\u043b\u043e\u043a-\u0440\u043e\u043b\u0438\u043a Krok \u041f\u0438\u0440\u0430\u043c\u0438\u0434\u0430 \u0411\u043b\u043e\u043a-\u0421 - \u0432\u044b\u0441\u043e\u043a\u043e\u043f\u0440\u043e\u0447\u043d\u044b\u0439, \u043a\u043e\u043c\u043f\u0430\u043a\u0442\u043d\u044b\u0439, \u0438\u0434\u0435\u0430\u043b\u0435\u043d \u0434\u043b\u044f \u0430\u043d\u043a\u0435\u0440\u043d\u044b\u0445 \u0441\u0438\u0441\u0442\u0435\u043c, \u0441 \u0432\u043e\u0437\u043c\u043e\u0436\u043d\u043e\u0441\u0442\u044c\u044e \u043e\u0442\u043a\u043b\u043e\u043d\u0435\u043d\u0438\u044f \u0438 \u043a\u043e\u043d\u0441\u043e\u043b\u044c\u043d\u043e\u0433\u043e \u043a\u0440\u0435\u043f\u043b\u0435\u043d\u0438\u044f.\" \/>\n<meta property=\"og:url\" content=\"https:\/\/dev.xstyle.md\/ro\/produs\/blok-rolik-krok-piramida-blok-s\/\" \/>\n<meta property=\"og:site_name\" content=\"\u041c\u0430\u0433\u0430\u0437\u0438\u043d Xstyle\" \/>\n<meta property=\"article:publisher\" content=\"https:\/\/www.facebook.com\/xstylemd\" \/>\n<meta property=\"article:modified_time\" content=\"2024-10-20T12:54:27+00:00\" \/>\n<meta property=\"og:image\" content=\"https:\/\/dev.xstyle.md\/wp-content\/uploads\/2022\/02\/blok-rolik-krok-piramida-blok-s.jpg\" \/>\n\t<meta property=\"og:image:width\" content=\"800\" \/>\n\t<meta property=\"og:image:height\" content=\"800\" \/>\n\t<meta property=\"og:image:type\" content=\"image\/jpeg\" \/>\n<meta name=\"twitter:card\" content=\"summary_large_image\" \/>\n<meta name=\"twitter:label1\" content=\"Pre\u021b\" \/>\n\t<meta name=\"twitter:data1\" content=\"550,00&nbsp;MDL\" \/>\n\t<meta name=\"twitter:label2\" content=\"Disponibilitate\" \/>\n\t<meta name=\"twitter:data2\" content=\"\u00cen stoc\" \/>\n<script type=\"application\/ld+json\" class=\"yoast-schema-graph\">{\"@context\":\"https:\\\/\\\/schema.org\",\"@graph\":[{\"@type\":\"WebPage\",\"@id\":\"https:\\\/\\\/dev.xstyle.md\\\/product\\\/blok-rolik-krok-piramida-blok-s\\\/\",\"url\":\"https:\\\/\\\/dev.xstyle.md\\\/product\\\/blok-rolik-krok-piramida-blok-s\\\/\",\"name\":\"\u0411\u043b\u043e\u043a-\u0440\u043e\u043b\u0438\u043a Krok \u041f\u0438\u0440\u0430\u043c\u0438\u0434\u0430 \u0411\u043b\u043e\u043a-\u0421 - \u041c\u0430\u0433\u0430\u0437\u0438\u043d Xstyle\",\"isPartOf\":{\"@id\":\"https:\\\/\\\/dev.xstyle.md\\\/#website\"},\"primaryImageOfPage\":{\"@id\":\"https:\\\/\\\/dev.xstyle.md\\\/product\\\/blok-rolik-krok-piramida-blok-s\\\/#primaryimage\"},\"image\":{\"@id\":\"https:\\\/\\\/dev.xstyle.md\\\/product\\\/blok-rolik-krok-piramida-blok-s\\\/#primaryimage\"},\"thumbnailUrl\":\"https:\\\/\\\/dev.xstyle.md\\\/wp-content\\\/uploads\\\/2022\\\/02\\\/blok-rolik-krok-piramida-blok-s.jpg\",\"datePublished\":\"2022-02-02T17:33:44+00:00\",\"dateModified\":\"2024-10-20T12:54:27+00:00\",\"description\":\"\u0411\u043b\u043e\u043a-\u0440\u043e\u043b\u0438\u043a Krok \u041f\u0438\u0440\u0430\u043c\u0438\u0434\u0430 \u0411\u043b\u043e\u043a-\u0421 - \u0432\u044b\u0441\u043e\u043a\u043e\u043f\u0440\u043e\u0447\u043d\u044b\u0439, \u043a\u043e\u043c\u043f\u0430\u043a\u0442\u043d\u044b\u0439, \u0438\u0434\u0435\u0430\u043b\u0435\u043d \u0434\u043b\u044f \u0430\u043d\u043a\u0435\u0440\u043d\u044b\u0445 \u0441\u0438\u0441\u0442\u0435\u043c, \u0441 \u0432\u043e\u0437\u043c\u043e\u0436\u043d\u043e\u0441\u0442\u044c\u044e \u043e\u0442\u043a\u043b\u043e\u043d\u0435\u043d\u0438\u044f \u0438 \u043a\u043e\u043d\u0441\u043e\u043b\u044c\u043d\u043e\u0433\u043e \u043a\u0440\u0435\u043f\u043b\u0435\u043d\u0438\u044f.\",\"breadcrumb\":{\"@id\":\"https:\\\/\\\/dev.xstyle.md\\\/product\\\/blok-rolik-krok-piramida-blok-s\\\/#breadcrumb\"},\"inLanguage\":\"ro-RO\",\"potentialAction\":[{\"@type\":\"ReadAction\",\"target\":[\"https:\\\/\\\/dev.xstyle.md\\\/product\\\/blok-rolik-krok-piramida-blok-s\\\/\"]}]},{\"@type\":\"ImageObject\",\"inLanguage\":\"ro-RO\",\"@id\":\"https:\\\/\\\/dev.xstyle.md\\\/product\\\/blok-rolik-krok-piramida-blok-s\\\/#primaryimage\",\"url\":\"https:\\\/\\\/dev.xstyle.md\\\/wp-content\\\/uploads\\\/2022\\\/02\\\/blok-rolik-krok-piramida-blok-s.jpg\",\"contentUrl\":\"https:\\\/\\\/dev.xstyle.md\\\/wp-content\\\/uploads\\\/2022\\\/02\\\/blok-rolik-krok-piramida-blok-s.jpg\",\"width\":800,\"height\":800,\"caption\":\"\u0410\u043a\u0442\u0438\u0432\u043d\u0430\u044f \u043e\u0434\u0435\u0436\u0434\u0430 \u0438 \u043e\u0431\u0443\u0432\u044c \u0434\u043b\u044f \u043f\u043e\u0445\u043e\u0434\u043e\u0432 \u0438 \u0442\u0443\u0440\u0438\u0437\u043c\u0430, \u0431\u043b\u043e\u043a-\u0440\u043e\u043b\u0438\u043a Krok \u041f\u0438\u0440\u0430\u043c\u0438\u0434\u0430 \u0411\u043b\u043e\u043a-\u0421 \u0434\u043b\u044f \u0441\u043a\u0430\u043b\u043e\u043b\u0430\u0437\u0430\u043d\u0438\u044f \u0438 \u0430\u043b\u044c\u043f\u0438\u043d\u0438\u0437\u043c\u0430 \u0432 \u043e\u043d\u043b\u0430\u0439\u043d-\u043c\u0430\u0433\u0430\u0437\u0438\u043d\u0435\"},{\"@type\":\"BreadcrumbList\",\"@id\":\"https:\\\/\\\/dev.xstyle.md\\\/product\\\/blok-rolik-krok-piramida-blok-s\\\/#breadcrumb\",\"itemListElement\":[{\"@type\":\"ListItem\",\"position\":1,\"name\":\"\u0413\u043b\u0430\u0432\u043d\u0430\u044f \u0441\u0442\u0440\u0430\u043d\u0438\u0446\u0430\",\"item\":\"https:\\\/\\\/dev.xstyle.md\\\/\"},{\"@type\":\"ListItem\",\"position\":2,\"name\":\"Shop\",\"item\":\"https:\\\/\\\/dev.xstyle.md\\\/shop\\\/\"},{\"@type\":\"ListItem\",\"position\":3,\"name\":\"\u0411\u043b\u043e\u043a-\u0440\u043e\u043b\u0438\u043a Krok \u041f\u0438\u0440\u0430\u043c\u0438\u0434\u0430 \u0411\u043b\u043e\u043a-\u0421\"}]},{\"@type\":\"WebSite\",\"@id\":\"https:\\\/\\\/dev.xstyle.md\\\/#website\",\"url\":\"https:\\\/\\\/dev.xstyle.md\\\/\",\"name\":\"\u041c\u0430\u0433\u0430\u0437\u0438\u043d Xstyle\",\"description\":\"C\u043d\u0430\u0440\u044f\u0436\u0435\u043d\u0438\u0435 \u0434\u043b\u044f \u0442\u0443\u0440\u0438\u0437\u043c\u0430 \u0438 \u044d\u043a\u0441\u0442\u0440\u0435\u043c\u0430\u043b\u044c\u043d\u044b\u0445 \u0432\u0438\u0434\u043e\u0432 \u0441\u043f\u043e\u0440\u0442\u0430 \u0432 \u041c\u043e\u043b\u0434\u043e\u0432\u0435.. \u0426\u0435\u043d\u044b, \u0444\u043e\u0442\u043e, \u0445\u0430\u0440\u0430\u043a\u0442\u0435\u0440\u0438\u0441\u0442\u0438\u043a\u0438 \u0432 \u041c\u043e\u043b\u0434\u043e\u0432\u0435.\",\"publisher\":{\"@id\":\"https:\\\/\\\/dev.xstyle.md\\\/#organization\"},\"alternateName\":\"X-Style\",\"potentialAction\":[{\"@type\":\"SearchAction\",\"target\":{\"@type\":\"EntryPoint\",\"urlTemplate\":\"https:\\\/\\\/dev.xstyle.md\\\/?s={search_term_string}\"},\"query-input\":{\"@type\":\"PropertyValueSpecification\",\"valueRequired\":true,\"valueName\":\"search_term_string\"}}],\"inLanguage\":\"ro-RO\"},{\"@type\":\"Organization\",\"@id\":\"https:\\\/\\\/dev.xstyle.md\\\/#organization\",\"name\":\"\u041c\u0430\u0433\u0430\u0437\u0438\u043d Xstyle\",\"alternateName\":\"x-style\",\"url\":\"https:\\\/\\\/dev.xstyle.md\\\/\",\"logo\":{\"@type\":\"ImageObject\",\"inLanguage\":\"ro-RO\",\"@id\":\"https:\\\/\\\/dev.xstyle.md\\\/#\\\/schema\\\/logo\\\/image\\\/\",\"url\":\"https:\\\/\\\/dev.xstyle.md\\\/wp-content\\\/uploads\\\/2020\\\/06\\\/logoicon.svg\",\"contentUrl\":\"https:\\\/\\\/dev.xstyle.md\\\/wp-content\\\/uploads\\\/2020\\\/06\\\/logoicon.svg\",\"caption\":\"\u041c\u0430\u0433\u0430\u0437\u0438\u043d Xstyle\"},\"image\":{\"@id\":\"https:\\\/\\\/dev.xstyle.md\\\/#\\\/schema\\\/logo\\\/image\\\/\"},\"sameAs\":[\"https:\\\/\\\/www.facebook.com\\\/xstylemd\",\"https:\\\/\\\/www.instagram.com\\\/xstyle_md\\\/\",\"https:\\\/\\\/t.me\\\/xstyle_outdoor\"],\"hasMerchantReturnPolicy\":{\"@type\":\"MerchantReturnPolicy\",\"merchantReturnLink\":\"https:\\\/\\\/dev.xstyle.md\\\/ro\\\/conditions\\\/\"}}]}<\/script>\n<meta property=\"product:price:amount\" content=\"550.00\" \/>\n<meta property=\"product:price:currency\" content=\"MDL\" \/>\n<meta property=\"og:availability\" content=\"instock\" \/>\n<meta property=\"product:availability\" content=\"instock\" \/>\n<meta property=\"product:retailer_item_id\" content=\"2000990052889\" \/>\n<meta property=\"product:condition\" content=\"new\" \/>\n<!-- \/ Yoast SEO plugin. -->","yoast_head_json":{"title":"Scripete Krok Piramid\u0103 Bloc-C - Magazin Xstyle","description":"Bloc-rol\u0103 Krok Piramid\u0103 Bloc-S - de \u00eenalt\u0103 rezisten\u021b\u0103, compact, ideal pentru sisteme de ancorare, cu posibilitatea de abatere \u0219i montare pe consol\u0103.","robots":{"index":"noindex","follow":"follow","max-snippet":"max-snippet:-1","max-image-preview":"max-image-preview:large","max-video-preview":"max-video-preview:-1"},"og_locale":"ro_RO","og_type":"article","og_title":"\u0411\u043b\u043e\u043a-\u0440\u043e\u043b\u0438\u043a Krok \u041f\u0438\u0440\u0430\u043c\u0438\u0434\u0430 \u0411\u043b\u043e\u043a-\u0421 - \u041c\u0430\u0433\u0430\u0437\u0438\u043d Xstyle","og_description":"\u0411\u043b\u043e\u043a-\u0440\u043e\u043b\u0438\u043a Krok \u041f\u0438\u0440\u0430\u043c\u0438\u0434\u0430 \u0411\u043b\u043e\u043a-\u0421 - \u0432\u044b\u0441\u043e\u043a\u043e\u043f\u0440\u043e\u0447\u043d\u044b\u0439, \u043a\u043e\u043c\u043f\u0430\u043a\u0442\u043d\u044b\u0439, \u0438\u0434\u0435\u0430\u043b\u0435\u043d \u0434\u043b\u044f \u0430\u043d\u043a\u0435\u0440\u043d\u044b\u0445 \u0441\u0438\u0441\u0442\u0435\u043c, \u0441 \u0432\u043e\u0437\u043c\u043e\u0436\u043d\u043e\u0441\u0442\u044c\u044e \u043e\u0442\u043a\u043b\u043e\u043d\u0435\u043d\u0438\u044f \u0438 \u043a\u043e\u043d\u0441\u043e\u043b\u044c\u043d\u043e\u0433\u043e \u043a\u0440\u0435\u043f\u043b\u0435\u043d\u0438\u044f.","og_url":"https:\/\/dev.xstyle.md\/ro\/produs\/blok-rolik-krok-piramida-blok-s\/","og_site_name":"\u041c\u0430\u0433\u0430\u0437\u0438\u043d Xstyle","article_publisher":"https:\/\/www.facebook.com\/xstylemd","article_modified_time":"2024-10-20T12:54:27+00:00","og_image":[{"width":800,"height":800,"url":"https:\/\/dev.xstyle.md\/wp-content\/uploads\/2022\/02\/blok-rolik-krok-piramida-blok-s.jpg","type":"image\/jpeg"}],"twitter_card":"summary_large_image","twitter_misc":{"Pre\u021b":"550,00&nbsp;MDL","Disponibilitate":"\u00cen stoc"},"schema":{"@context":"https:\/\/schema.org","@graph":[{"@type":"WebPage","@id":"https:\/\/dev.xstyle.md\/product\/blok-rolik-krok-piramida-blok-s\/","url":"https:\/\/dev.xstyle.md\/product\/blok-rolik-krok-piramida-blok-s\/","name":"Scripete Krok Piramid\u0103 Bloc-C - Magazin Xstyle","isPartOf":{"@id":"https:\/\/dev.xstyle.md\/#website"},"primaryImageOfPage":{"@id":"https:\/\/dev.xstyle.md\/product\/blok-rolik-krok-piramida-blok-s\/#primaryimage"},"image":{"@id":"https:\/\/dev.xstyle.md\/product\/blok-rolik-krok-piramida-blok-s\/#primaryimage"},"thumbnailUrl":"https:\/\/dev.xstyle.md\/wp-content\/uploads\/2022\/02\/blok-rolik-krok-piramida-blok-s.jpg","datePublished":"2022-02-02T17:33:44+00:00","dateModified":"2024-10-20T12:54:27+00:00","description":"Bloc-rol\u0103 Krok Piramid\u0103 Bloc-S - de \u00eenalt\u0103 rezisten\u021b\u0103, compact, ideal pentru sisteme de ancorare, cu posibilitatea de abatere \u0219i montare pe consol\u0103.","breadcrumb":{"@id":"https:\/\/dev.xstyle.md\/product\/blok-rolik-krok-piramida-blok-s\/#breadcrumb"},"inLanguage":"ro-RO","potentialAction":[{"@type":"ReadAction","target":["https:\/\/dev.xstyle.md\/product\/blok-rolik-krok-piramida-blok-s\/"]}]},{"@type":"ImageObject","inLanguage":"ro-RO","@id":"https:\/\/dev.xstyle.md\/product\/blok-rolik-krok-piramida-blok-s\/#primaryimage","url":"https:\/\/dev.xstyle.md\/wp-content\/uploads\/2022\/02\/blok-rolik-krok-piramida-blok-s.jpg","contentUrl":"https:\/\/dev.xstyle.md\/wp-content\/uploads\/2022\/02\/blok-rolik-krok-piramida-blok-s.jpg","width":800,"height":800,"caption":"\u0410\u043a\u0442\u0438\u0432\u043d\u0430\u044f \u043e\u0434\u0435\u0436\u0434\u0430 \u0438 \u043e\u0431\u0443\u0432\u044c \u0434\u043b\u044f \u043f\u043e\u0445\u043e\u0434\u043e\u0432 \u0438 \u0442\u0443\u0440\u0438\u0437\u043c\u0430, \u0431\u043b\u043e\u043a-\u0440\u043e\u043b\u0438\u043a Krok \u041f\u0438\u0440\u0430\u043c\u0438\u0434\u0430 \u0411\u043b\u043e\u043a-\u0421 \u0434\u043b\u044f \u0441\u043a\u0430\u043b\u043e\u043b\u0430\u0437\u0430\u043d\u0438\u044f \u0438 \u0430\u043b\u044c\u043f\u0438\u043d\u0438\u0437\u043c\u0430 \u0432 \u043e\u043d\u043b\u0430\u0439\u043d-\u043c\u0430\u0433\u0430\u0437\u0438\u043d\u0435"},{"@type":"BreadcrumbList","@id":"https:\/\/dev.xstyle.md\/product\/blok-rolik-krok-piramida-blok-s\/#breadcrumb","itemListElement":[{"@type":"ListItem","position":1,"name":"\u0413\u043b\u0430\u0432\u043d\u0430\u044f \u0441\u0442\u0440\u0430\u043d\u0438\u0446\u0430","item":"https:\/\/dev.xstyle.md\/"},{"@type":"ListItem","position":2,"name":"Shop","item":"https:\/\/dev.xstyle.md\/shop\/"},{"@type":"ListItem","position":3,"name":"\u0411\u043b\u043e\u043a-\u0440\u043e\u043b\u0438\u043a Krok \u041f\u0438\u0440\u0430\u043c\u0438\u0434\u0430 \u0411\u043b\u043e\u043a-\u0421"}]},{"@type":"WebSite","@id":"https:\/\/dev.xstyle.md\/#website","url":"https:\/\/dev.xstyle.md\/","name":"Magazinul X-Style","description":"Echipamente pentru turism \u0219i sporturi extreme \u00een Moldova. Pre\u021buri, fotografii, caracteristici \u00een Moldova.","publisher":{"@id":"https:\/\/dev.xstyle.md\/#organization"},"alternateName":"X-Style","potentialAction":[{"@type":"SearchAction","target":{"@type":"EntryPoint","urlTemplate":"https:\/\/dev.xstyle.md\/?s={search_term_string}"},"query-input":{"@type":"PropertyValueSpecification","valueRequired":true,"valueName":"search_term_string"}}],"inLanguage":"ro-RO"},{"@type":"Organization","@id":"https:\/\/dev.xstyle.md\/#organization","name":"Magazinul X-Style","alternateName":"x-style","url":"https:\/\/dev.xstyle.md\/","logo":{"@type":"ImageObject","inLanguage":"ro-RO","@id":"https:\/\/dev.xstyle.md\/#\/schema\/logo\/image\/","url":"https:\/\/dev.xstyle.md\/wp-content\/uploads\/2020\/06\/logoicon.svg","contentUrl":"https:\/\/dev.xstyle.md\/wp-content\/uploads\/2020\/06\/logoicon.svg","caption":"\u041c\u0430\u0433\u0430\u0437\u0438\u043d Xstyle"},"image":{"@id":"https:\/\/dev.xstyle.md\/#\/schema\/logo\/image\/"},"sameAs":["https:\/\/www.facebook.com\/xstylemd","https:\/\/www.instagram.com\/xstyle_md\/","https:\/\/t.me\/xstyle_outdoor"],"hasMerchantReturnPolicy":{"@type":"MerchantReturnPolicy","merchantReturnLink":"https:\/\/dev.xstyle.md\/ro\/conditions\/"}}]},"product_price_amount":"550.00","product_price_currency":"MDL","og_availability":"instock","product_availability":"instock","product_retailer_item_id":"2000990052889","product_condition":"new"},"post_mailing_queue_ids":[],"_links":{"self":[{"href":"https:\/\/dev.xstyle.md\/ro\/wp-json\/wp\/v2\/product\/45231","targetHints":{"allow":["GET"]}}],"collection":[{"href":"https:\/\/dev.xstyle.md\/ro\/wp-json\/wp\/v2\/product"}],"about":[{"href":"https:\/\/dev.xstyle.md\/ro\/wp-json\/wp\/v2\/types\/product"}],"replies":[{"embeddable":true,"href":"https:\/\/dev.xstyle.md\/ro\/wp-json\/wp\/v2\/comments?post=45231"}],"version-history":[{"count":0,"href":"https:\/\/dev.xstyle.md\/ro\/wp-json\/wp\/v2\/product\/45231\/revisions"}],"wp:featuredmedia":[{"embeddable":true,"href":"https:\/\/dev.xstyle.md\/ro\/wp-json\/wp\/v2\/media\/45458"}],"wp:attachment":[{"href":"https:\/\/dev.xstyle.md\/ro\/wp-json\/wp\/v2\/media?parent=45231"}],"wp:term":[{"taxonomy":"product_brand","embeddable":true,"href":"https:\/\/dev.xstyle.md\/ro\/wp-json\/wp\/v2\/product_brand?post=45231"},{"taxonomy":"product_cat","embeddable":true,"href":"https:\/\/dev.xstyle.md\/ro\/wp-json\/wp\/v2\/product_cat?post=45231"},{"taxonomy":"product_tag","embeddable":true,"href":"https:\/\/dev.xstyle.md\/ro\/wp-json\/wp\/v2\/product_tag?post=45231"}],"curies":[{"name":"wp","href":"https:\/\/api.w.org\/{rel}","templated":true}]}}