{"id":44698,"date":"2022-01-21T10:39:56","date_gmt":"2022-01-21T07:39:56","guid":{"rendered":"https:\/\/xstyle.md\/?post_type=product&#038;p=44698"},"modified":"2026-03-19T16:48:05","modified_gmt":"2026-03-19T13:48:05","slug":"gornye-lyzhi-rossignol-nova-6-f-xpress-w11-fcjd022","status":"publish","type":"product","link":"https:\/\/dev.xstyle.md\/ro\/produs\/gornye-lyzhi-rossignol-nova-6-f-xpress-w11-fcjd022\/","title":{"rendered":"Schi alpin Rossignol Nova 6 F\/Xpress W11 FCJD022"},"content":{"rendered":"<\/p>\n<p><strong>Rossignol Nova 6 F\/Xpress W11 FCJD022<\/strong> &#8212; schi pentru schiorii progresivi care face schiatul confortabil \u0219i manevrarea intuitiv\u0103. Rigiditatea receptiv\u0103 \u0219i manevrabilitatea lin\u0103 v\u0103 permit s\u0103 v\u0103 perfec\u021biona\u021bi abilit\u0103\u021bile \u0219i s\u0103 v\u0103 apropia\u021bi de carve-ul perfect cu fiecare viraj nou.<\/p>\n<h3>Caracteristici<\/h3>\n<ul>\n<li>Construc\u021bia schiului alpin &#8212; construc\u021bie sandwich<\/li>\n<li>Geometria schiului &#8212; 126\/74\/110 mm<\/li>\n<li>L\u0103\u021bimea taliei &#8212; 74 mm<\/li>\n<li>Raza t\u0103ieturii laterale &#8212; 12 (156)<\/li>\n<li>Miez &#8212; POPLAR WOOD CORE<\/li>\n<li>Leg\u0103tur\u0103 &#8212; Xpress 11 GW<\/li>\n<li>Nivel &#8212; avansat<\/li>\n<li>Scop &#8212; universal<\/li>\n<\/ul>\n<h3>Tehnologie<\/h3>\n<ul>\n<li><strong>POPLAR WOODCORE<\/strong> &#8212; acest design ROSSITOP CAP mai accesibil \u0219i mai durabil (f\u0103r\u0103 pere\u021bi laterali) ofer\u0103 u\u0219urin\u021b\u0103 \u00een utilizare, schi mai confortabil \u0219i rezisten\u021b\u0103 sporit\u0103 la ciobire. Miezul din lemn de POPLAR (plop) ofer\u0103 un echilibru bun de amortizare a vibra\u021biilor, elasticitate \u0219i economie de greutate.<\/li>\n<li><strong>LCT CONSTRUCTION<\/strong> &#8212; bazat\u0103 pe tehnologia patentat\u0103 Line Control, CONSTRUC\u021aIA LCT ofer\u0103 amortizare stabil\u0103 a vibra\u021biilor \u0219i control moale (accesibil chiar \u0219i \u00eencep\u0103torului). Arm\u0103tura central\u0103 este integrat\u0103 \u00eentre miez \u0219i foaia superioar\u0103 pentru a reduce flexul, oferind stabilitate lin\u0103 \u0219i control \u00eencrez\u0103tor.<\/li>\n<li><strong>ON TRAIL ROCKER<\/strong> &#8212; conceput pentru precizie pe pist\u0103, profilul ON TRAIL ROCKER prezint\u0103 camber tradi\u021bional pe 90% din lungimea schiului pentru putere exploziv\u0103 \u0219i aderen\u021b\u0103 ferm\u0103, \u00een timp ce un u\u0219or rocker (10%) asigur\u0103 o manevrabilitate mai u\u0219oar\u0103 \u0219i viraje..<\/li>\n<li><strong>ASSIST FLEX<\/strong> &#8212; unii schiori prefer\u0103 s\u0103 se \u00eemping\u0103 la limit\u0103, \u00een timp ce al\u021bii prefer\u0103 o abordare mai relaxat\u0103. Datorit\u0103 noii tehnologii de rigiditate adaptiv\u0103 ADAPTIVE FLEX cu trei profiluri unice de rigiditate (BOOST, ACTIVE, ASSIST), fiecare schior va putea s\u0103 personalizeze schiul \u0219i s\u0103 ob\u021bin\u0103 experien\u021ba de schi \u201eexact a\u0219a cum trebuie\u201d. ASSIST FLEX &#8212; rigiditate minim\u0103 pentru cei care apreciaz\u0103 confortul \u0219i u\u0219urin\u021ba de manevrare.<\/li>\n<li><strong>OVERSIZED SIDECUT<\/strong> &#8212; combin\u00e2nd o raz\u0103 de carve ad\u00e2nc\u0103 cu o talie larg\u0103 modern\u0103, sistemul OVERSIZE SIDECUT ofer\u0103 precizie \u00een arc \u0219i aderen\u021b\u0103 puternic\u0103 pe muchie, cu stabilitate \u0219i control sporite.<\/li>\n<\/ul>\n<p><\/p>","protected":false},"excerpt":{"rendered":"","protected":false},"featured_media":80545,"comment_status":"open","ping_status":"closed","template":"","meta":{"_acf_changed":false,"inline_featured_image":false},"product_brand":[1320],"product_cat":[398],"product_tag":[],"class_list":{"0":"post-44698","1":"product","2":"type-product","3":"status-publish","4":"has-post-thumbnail","6":"product_brand-rossignol","7":"product_cat-ski","9":"first","10":"instock","11":"shipping-taxable","12":"purchasable","13":"product-type-simple"},"acf":[],"yoast_head":"<!-- This site is optimized with the Yoast SEO plugin v27.5 - https:\/\/yoast.com\/product\/yoast-seo-wordpress\/ -->\n<title>\u0413\u043e\u0440\u043d\u044b\u0435 \u043b\u044b\u0436\u0438 Rossignol Nova 6 F\/Xpress W11 FCJD022 - \u041c\u0430\u0433\u0430\u0437\u0438\u043d Xstyle<\/title>\n<meta name=\"description\" content=\"\u0413\u043e\u0440\u043d\u044b\u0435 \u043b\u044b\u0436\u0438 Rossignol Nova 6 FXpress W11 FCJD022 \u043e\u0431\u0435\u0441\u043f\u0435\u0447\u0438\u0432\u0430\u044e\u0442 \u043a\u043e\u043c\u0444\u043e\u0440\u0442 \u0438 \u043c\u0430\u043d\u0435\u0432\u0440\u0435\u043d\u043d\u043e\u0441\u0442\u044c \u0434\u043b\u044f \u043f\u0440\u043e\u0433\u0440\u0435\u0441\u0441\u0438\u0432\u043d\u044b\u0445 \u043b\u044b\u0436\u043d\u0438\u043a\u043e\u0432. \u0418\u0434\u0435\u0430\u043b\u044c\u043d\u044b\u0439 \u0432\u044b\u0431\u043e\u0440 \u0434\u043b\u044f \u043f\u043e\u0435\u0437\u0434\u043e\u043a \u043f\u043e \u0441\u043a\u043b\u043e\u043d\u0430\u043c!\" \/>\n<meta name=\"robots\" content=\"noindex, follow, max-snippet:-1, max-image-preview:large, max-video-preview:-1\" \/>\n<meta property=\"og:locale\" content=\"ro_RO\" \/>\n<meta property=\"og:type\" content=\"article\" \/>\n<meta property=\"og:title\" content=\"\u0413\u043e\u0440\u043d\u044b\u0435 \u043b\u044b\u0436\u0438 Rossignol Nova 6 F\/Xpress W11 FCJD022 - \u041c\u0430\u0433\u0430\u0437\u0438\u043d Xstyle\" \/>\n<meta property=\"og:description\" content=\"\u0413\u043e\u0440\u043d\u044b\u0435 \u043b\u044b\u0436\u0438 Rossignol Nova 6 FXpress W11 FCJD022 \u043e\u0431\u0435\u0441\u043f\u0435\u0447\u0438\u0432\u0430\u044e\u0442 \u043a\u043e\u043c\u0444\u043e\u0440\u0442 \u0438 \u043c\u0430\u043d\u0435\u0432\u0440\u0435\u043d\u043d\u043e\u0441\u0442\u044c \u0434\u043b\u044f \u043f\u0440\u043e\u0433\u0440\u0435\u0441\u0441\u0438\u0432\u043d\u044b\u0445 \u043b\u044b\u0436\u043d\u0438\u043a\u043e\u0432. \u0418\u0434\u0435\u0430\u043b\u044c\u043d\u044b\u0439 \u0432\u044b\u0431\u043e\u0440 \u0434\u043b\u044f \u043f\u043e\u0435\u0437\u0434\u043e\u043a \u043f\u043e \u0441\u043a\u043b\u043e\u043d\u0430\u043c!\" \/>\n<meta property=\"og:url\" content=\"https:\/\/dev.xstyle.md\/ro\/produs\/gornye-lyzhi-rossignol-nova-6-f-xpress-w11-fcjd022\/\" \/>\n<meta property=\"og:site_name\" content=\"\u041c\u0430\u0433\u0430\u0437\u0438\u043d Xstyle\" \/>\n<meta property=\"article:publisher\" content=\"https:\/\/www.facebook.com\/xstylemd\" \/>\n<meta property=\"article:modified_time\" content=\"2026-03-19T13:48:05+00:00\" \/>\n<meta property=\"og:image\" content=\"https:\/\/dev.xstyle.md\/wp-content\/uploads\/2022\/01\/rossignol-nova-6-f-xpress-w11-fcjd022.jpg\" \/>\n\t<meta property=\"og:image:width\" content=\"1115\" \/>\n\t<meta property=\"og:image:height\" content=\"1123\" \/>\n\t<meta property=\"og:image:type\" content=\"image\/jpeg\" \/>\n<meta name=\"twitter:card\" content=\"summary_large_image\" \/>\n<meta name=\"twitter:label1\" content=\"Pre\u021b\" \/>\n\t<meta name=\"twitter:data1\" content=\"9.890,00&nbsp;MDL\" \/>\n\t<meta name=\"twitter:label2\" content=\"Disponibilitate\" \/>\n\t<meta name=\"twitter:data2\" content=\"\u00cen stoc\" \/>\n<script type=\"application\/ld+json\" class=\"yoast-schema-graph\">{\"@context\":\"https:\\\/\\\/schema.org\",\"@graph\":[{\"@type\":\"WebPage\",\"@id\":\"https:\\\/\\\/dev.xstyle.md\\\/product\\\/gornye-lyzhi-rossignol-nova-6-f-xpress-w11-fcjd022\\\/\",\"url\":\"https:\\\/\\\/dev.xstyle.md\\\/product\\\/gornye-lyzhi-rossignol-nova-6-f-xpress-w11-fcjd022\\\/\",\"name\":\"\u0413\u043e\u0440\u043d\u044b\u0435 \u043b\u044b\u0436\u0438 Rossignol Nova 6 F\\\/Xpress W11 FCJD022 - \u041c\u0430\u0433\u0430\u0437\u0438\u043d Xstyle\",\"isPartOf\":{\"@id\":\"https:\\\/\\\/dev.xstyle.md\\\/#website\"},\"primaryImageOfPage\":{\"@id\":\"https:\\\/\\\/dev.xstyle.md\\\/product\\\/gornye-lyzhi-rossignol-nova-6-f-xpress-w11-fcjd022\\\/#primaryimage\"},\"image\":{\"@id\":\"https:\\\/\\\/dev.xstyle.md\\\/product\\\/gornye-lyzhi-rossignol-nova-6-f-xpress-w11-fcjd022\\\/#primaryimage\"},\"thumbnailUrl\":\"https:\\\/\\\/dev.xstyle.md\\\/wp-content\\\/uploads\\\/2022\\\/01\\\/rossignol-nova-6-f-xpress-w11-fcjd022.jpg\",\"datePublished\":\"2022-01-21T07:39:56+00:00\",\"dateModified\":\"2026-03-19T13:48:05+00:00\",\"description\":\"\u0413\u043e\u0440\u043d\u044b\u0435 \u043b\u044b\u0436\u0438 Rossignol Nova 6 FXpress W11 FCJD022 \u043e\u0431\u0435\u0441\u043f\u0435\u0447\u0438\u0432\u0430\u044e\u0442 \u043a\u043e\u043c\u0444\u043e\u0440\u0442 \u0438 \u043c\u0430\u043d\u0435\u0432\u0440\u0435\u043d\u043d\u043e\u0441\u0442\u044c \u0434\u043b\u044f \u043f\u0440\u043e\u0433\u0440\u0435\u0441\u0441\u0438\u0432\u043d\u044b\u0445 \u043b\u044b\u0436\u043d\u0438\u043a\u043e\u0432. \u0418\u0434\u0435\u0430\u043b\u044c\u043d\u044b\u0439 \u0432\u044b\u0431\u043e\u0440 \u0434\u043b\u044f \u043f\u043e\u0435\u0437\u0434\u043e\u043a \u043f\u043e \u0441\u043a\u043b\u043e\u043d\u0430\u043c!\",\"breadcrumb\":{\"@id\":\"https:\\\/\\\/dev.xstyle.md\\\/product\\\/gornye-lyzhi-rossignol-nova-6-f-xpress-w11-fcjd022\\\/#breadcrumb\"},\"inLanguage\":\"ro-RO\",\"potentialAction\":[{\"@type\":\"ReadAction\",\"target\":[\"https:\\\/\\\/dev.xstyle.md\\\/product\\\/gornye-lyzhi-rossignol-nova-6-f-xpress-w11-fcjd022\\\/\"]}]},{\"@type\":\"ImageObject\",\"inLanguage\":\"ro-RO\",\"@id\":\"https:\\\/\\\/dev.xstyle.md\\\/product\\\/gornye-lyzhi-rossignol-nova-6-f-xpress-w11-fcjd022\\\/#primaryimage\",\"url\":\"https:\\\/\\\/dev.xstyle.md\\\/wp-content\\\/uploads\\\/2022\\\/01\\\/rossignol-nova-6-f-xpress-w11-fcjd022.jpg\",\"contentUrl\":\"https:\\\/\\\/dev.xstyle.md\\\/wp-content\\\/uploads\\\/2022\\\/01\\\/rossignol-nova-6-f-xpress-w11-fcjd022.jpg\",\"width\":1115,\"height\":1123,\"caption\":\"\u0422\u0443\u0440\u0438\u0441\u0442\u0438\u0447\u0435\u0441\u043a\u0430\u044f \u044d\u043a\u0438\u043f\u0438\u0440\u043e\u0432\u043a\u0430 \u0434\u043b\u044f \u0433\u043e\u0440\u043d\u044b\u0445 \u043b\u044b\u0436 Rossignol Nova 6 F\\\/Xpress W \u0434\u043b\u044f \u0430\u043a\u0442\u0438\u0432\u043d\u043e\u0433\u043e \u043e\u0442\u0434\u044b\u0445\u0430, \u0441\u043f\u043e\u0440\u0442\u0438\u0432\u043d\u0430\u044f \u043e\u0434\u0435\u0436\u0434\u0430 \u0438 \u043e\u0431\u0443\u0432\u044c \u0434\u043b\u044f \u0433\u043e\u0440\u043d\u044b\u0445 \u043f\u043e\u0445\u043e\u0434\u043e\u0432 \u0438 \u0433\u043e\u0440\u043d\u043e\u043b\u044b\u0436\u043d\u044b\u0445 \u043f\u0443\u0442\u0435\u0448\u0435\u0441\u0442\u0432\u0438\u0439\"},{\"@type\":\"BreadcrumbList\",\"@id\":\"https:\\\/\\\/dev.xstyle.md\\\/product\\\/gornye-lyzhi-rossignol-nova-6-f-xpress-w11-fcjd022\\\/#breadcrumb\",\"itemListElement\":[{\"@type\":\"ListItem\",\"position\":1,\"name\":\"\u0413\u043b\u0430\u0432\u043d\u0430\u044f \u0441\u0442\u0440\u0430\u043d\u0438\u0446\u0430\",\"item\":\"https:\\\/\\\/dev.xstyle.md\\\/\"},{\"@type\":\"ListItem\",\"position\":2,\"name\":\"Shop\",\"item\":\"https:\\\/\\\/dev.xstyle.md\\\/shop\\\/\"},{\"@type\":\"ListItem\",\"position\":3,\"name\":\"\u0413\u043e\u0440\u043d\u044b\u0435 \u043b\u044b\u0436\u0438 Rossignol Nova 6 F\\\/Xpress W11 FCJD022\"}]},{\"@type\":\"WebSite\",\"@id\":\"https:\\\/\\\/dev.xstyle.md\\\/#website\",\"url\":\"https:\\\/\\\/dev.xstyle.md\\\/\",\"name\":\"\u041c\u0430\u0433\u0430\u0437\u0438\u043d Xstyle\",\"description\":\"C\u043d\u0430\u0440\u044f\u0436\u0435\u043d\u0438\u0435 \u0434\u043b\u044f \u0442\u0443\u0440\u0438\u0437\u043c\u0430 \u0438 \u044d\u043a\u0441\u0442\u0440\u0435\u043c\u0430\u043b\u044c\u043d\u044b\u0445 \u0432\u0438\u0434\u043e\u0432 \u0441\u043f\u043e\u0440\u0442\u0430 \u0432 \u041c\u043e\u043b\u0434\u043e\u0432\u0435.. \u0426\u0435\u043d\u044b, \u0444\u043e\u0442\u043e, \u0445\u0430\u0440\u0430\u043a\u0442\u0435\u0440\u0438\u0441\u0442\u0438\u043a\u0438 \u0432 \u041c\u043e\u043b\u0434\u043e\u0432\u0435.\",\"publisher\":{\"@id\":\"https:\\\/\\\/dev.xstyle.md\\\/#organization\"},\"alternateName\":\"X-Style\",\"potentialAction\":[{\"@type\":\"SearchAction\",\"target\":{\"@type\":\"EntryPoint\",\"urlTemplate\":\"https:\\\/\\\/dev.xstyle.md\\\/?s={search_term_string}\"},\"query-input\":{\"@type\":\"PropertyValueSpecification\",\"valueRequired\":true,\"valueName\":\"search_term_string\"}}],\"inLanguage\":\"ro-RO\"},{\"@type\":\"Organization\",\"@id\":\"https:\\\/\\\/dev.xstyle.md\\\/#organization\",\"name\":\"\u041c\u0430\u0433\u0430\u0437\u0438\u043d Xstyle\",\"alternateName\":\"x-style\",\"url\":\"https:\\\/\\\/dev.xstyle.md\\\/\",\"logo\":{\"@type\":\"ImageObject\",\"inLanguage\":\"ro-RO\",\"@id\":\"https:\\\/\\\/dev.xstyle.md\\\/#\\\/schema\\\/logo\\\/image\\\/\",\"url\":\"https:\\\/\\\/dev.xstyle.md\\\/wp-content\\\/uploads\\\/2020\\\/06\\\/logoicon.svg\",\"contentUrl\":\"https:\\\/\\\/dev.xstyle.md\\\/wp-content\\\/uploads\\\/2020\\\/06\\\/logoicon.svg\",\"caption\":\"\u041c\u0430\u0433\u0430\u0437\u0438\u043d Xstyle\"},\"image\":{\"@id\":\"https:\\\/\\\/dev.xstyle.md\\\/#\\\/schema\\\/logo\\\/image\\\/\"},\"sameAs\":[\"https:\\\/\\\/www.facebook.com\\\/xstylemd\",\"https:\\\/\\\/www.instagram.com\\\/xstyle_md\\\/\",\"https:\\\/\\\/t.me\\\/xstyle_outdoor\"],\"hasMerchantReturnPolicy\":{\"@type\":\"MerchantReturnPolicy\",\"merchantReturnLink\":\"https:\\\/\\\/dev.xstyle.md\\\/ro\\\/conditions\\\/\"}}]}<\/script>\n<meta property=\"product:price:amount\" content=\"9890.00\" \/>\n<meta property=\"product:price:currency\" content=\"MDL\" \/>\n<meta property=\"og:availability\" content=\"instock\" \/>\n<meta property=\"product:availability\" content=\"instock\" \/>\n<meta property=\"product:retailer_item_id\" content=\"3607683611270\" \/>\n<meta property=\"product:condition\" content=\"new\" \/>\n<!-- \/ Yoast SEO plugin. -->","yoast_head_json":{"title":"Schi alpin Rossignol Nova 6 F\/Xpress W11 FCJD022 - Magazin Xstyle","description":"Schiurile de munte Rossignol Nova 6 FXpress W11 FCJD022 ofer\u0103 confort \u0219i manevrabilitate pentru schiorii progresi\u0219ti. O alegere perfect\u0103 pentru excursiile pe pante!","robots":{"index":"noindex","follow":"follow","max-snippet":"max-snippet:-1","max-image-preview":"max-image-preview:large","max-video-preview":"max-video-preview:-1"},"og_locale":"ro_RO","og_type":"article","og_title":"\u0413\u043e\u0440\u043d\u044b\u0435 \u043b\u044b\u0436\u0438 Rossignol Nova 6 F\/Xpress W11 FCJD022 - \u041c\u0430\u0433\u0430\u0437\u0438\u043d Xstyle","og_description":"\u0413\u043e\u0440\u043d\u044b\u0435 \u043b\u044b\u0436\u0438 Rossignol Nova 6 FXpress W11 FCJD022 \u043e\u0431\u0435\u0441\u043f\u0435\u0447\u0438\u0432\u0430\u044e\u0442 \u043a\u043e\u043c\u0444\u043e\u0440\u0442 \u0438 \u043c\u0430\u043d\u0435\u0432\u0440\u0435\u043d\u043d\u043e\u0441\u0442\u044c \u0434\u043b\u044f \u043f\u0440\u043e\u0433\u0440\u0435\u0441\u0441\u0438\u0432\u043d\u044b\u0445 \u043b\u044b\u0436\u043d\u0438\u043a\u043e\u0432. \u0418\u0434\u0435\u0430\u043b\u044c\u043d\u044b\u0439 \u0432\u044b\u0431\u043e\u0440 \u0434\u043b\u044f \u043f\u043e\u0435\u0437\u0434\u043e\u043a \u043f\u043e \u0441\u043a\u043b\u043e\u043d\u0430\u043c!","og_url":"https:\/\/dev.xstyle.md\/ro\/produs\/gornye-lyzhi-rossignol-nova-6-f-xpress-w11-fcjd022\/","og_site_name":"\u041c\u0430\u0433\u0430\u0437\u0438\u043d Xstyle","article_publisher":"https:\/\/www.facebook.com\/xstylemd","article_modified_time":"2026-03-19T13:48:05+00:00","og_image":[{"width":1115,"height":1123,"url":"https:\/\/dev.xstyle.md\/wp-content\/uploads\/2022\/01\/rossignol-nova-6-f-xpress-w11-fcjd022.jpg","type":"image\/jpeg"}],"twitter_card":"summary_large_image","twitter_misc":{"Pre\u021b":"9.890,00&nbsp;MDL","Disponibilitate":"\u00cen stoc"},"schema":{"@context":"https:\/\/schema.org","@graph":[{"@type":"WebPage","@id":"https:\/\/dev.xstyle.md\/product\/gornye-lyzhi-rossignol-nova-6-f-xpress-w11-fcjd022\/","url":"https:\/\/dev.xstyle.md\/product\/gornye-lyzhi-rossignol-nova-6-f-xpress-w11-fcjd022\/","name":"Schi alpin Rossignol Nova 6 F\/Xpress W11 FCJD022 - Magazin Xstyle","isPartOf":{"@id":"https:\/\/dev.xstyle.md\/#website"},"primaryImageOfPage":{"@id":"https:\/\/dev.xstyle.md\/product\/gornye-lyzhi-rossignol-nova-6-f-xpress-w11-fcjd022\/#primaryimage"},"image":{"@id":"https:\/\/dev.xstyle.md\/product\/gornye-lyzhi-rossignol-nova-6-f-xpress-w11-fcjd022\/#primaryimage"},"thumbnailUrl":"https:\/\/dev.xstyle.md\/wp-content\/uploads\/2022\/01\/rossignol-nova-6-f-xpress-w11-fcjd022.jpg","datePublished":"2022-01-21T07:39:56+00:00","dateModified":"2026-03-19T13:48:05+00:00","description":"Schiurile de munte Rossignol Nova 6 FXpress W11 FCJD022 ofer\u0103 confort \u0219i manevrabilitate pentru schiorii progresi\u0219ti. O alegere perfect\u0103 pentru excursiile pe pante!","breadcrumb":{"@id":"https:\/\/dev.xstyle.md\/product\/gornye-lyzhi-rossignol-nova-6-f-xpress-w11-fcjd022\/#breadcrumb"},"inLanguage":"ro-RO","potentialAction":[{"@type":"ReadAction","target":["https:\/\/dev.xstyle.md\/product\/gornye-lyzhi-rossignol-nova-6-f-xpress-w11-fcjd022\/"]}]},{"@type":"ImageObject","inLanguage":"ro-RO","@id":"https:\/\/dev.xstyle.md\/product\/gornye-lyzhi-rossignol-nova-6-f-xpress-w11-fcjd022\/#primaryimage","url":"https:\/\/dev.xstyle.md\/wp-content\/uploads\/2022\/01\/rossignol-nova-6-f-xpress-w11-fcjd022.jpg","contentUrl":"https:\/\/dev.xstyle.md\/wp-content\/uploads\/2022\/01\/rossignol-nova-6-f-xpress-w11-fcjd022.jpg","width":1115,"height":1123,"caption":"\u0422\u0443\u0440\u0438\u0441\u0442\u0438\u0447\u0435\u0441\u043a\u0430\u044f \u044d\u043a\u0438\u043f\u0438\u0440\u043e\u0432\u043a\u0430 \u0434\u043b\u044f \u0433\u043e\u0440\u043d\u044b\u0445 \u043b\u044b\u0436 Rossignol Nova 6 F\/Xpress W \u0434\u043b\u044f \u0430\u043a\u0442\u0438\u0432\u043d\u043e\u0433\u043e \u043e\u0442\u0434\u044b\u0445\u0430, \u0441\u043f\u043e\u0440\u0442\u0438\u0432\u043d\u0430\u044f \u043e\u0434\u0435\u0436\u0434\u0430 \u0438 \u043e\u0431\u0443\u0432\u044c \u0434\u043b\u044f \u0433\u043e\u0440\u043d\u044b\u0445 \u043f\u043e\u0445\u043e\u0434\u043e\u0432 \u0438 \u0433\u043e\u0440\u043d\u043e\u043b\u044b\u0436\u043d\u044b\u0445 \u043f\u0443\u0442\u0435\u0448\u0435\u0441\u0442\u0432\u0438\u0439"},{"@type":"BreadcrumbList","@id":"https:\/\/dev.xstyle.md\/product\/gornye-lyzhi-rossignol-nova-6-f-xpress-w11-fcjd022\/#breadcrumb","itemListElement":[{"@type":"ListItem","position":1,"name":"\u0413\u043b\u0430\u0432\u043d\u0430\u044f \u0441\u0442\u0440\u0430\u043d\u0438\u0446\u0430","item":"https:\/\/dev.xstyle.md\/"},{"@type":"ListItem","position":2,"name":"Shop","item":"https:\/\/dev.xstyle.md\/shop\/"},{"@type":"ListItem","position":3,"name":"\u0413\u043e\u0440\u043d\u044b\u0435 \u043b\u044b\u0436\u0438 Rossignol Nova 6 F\/Xpress W11 FCJD022"}]},{"@type":"WebSite","@id":"https:\/\/dev.xstyle.md\/#website","url":"https:\/\/dev.xstyle.md\/","name":"Magazinul X-Style","description":"Echipamente pentru turism \u0219i sporturi extreme \u00een Moldova. Pre\u021buri, fotografii, caracteristici \u00een Moldova.","publisher":{"@id":"https:\/\/dev.xstyle.md\/#organization"},"alternateName":"X-Style","potentialAction":[{"@type":"SearchAction","target":{"@type":"EntryPoint","urlTemplate":"https:\/\/dev.xstyle.md\/?s={search_term_string}"},"query-input":{"@type":"PropertyValueSpecification","valueRequired":true,"valueName":"search_term_string"}}],"inLanguage":"ro-RO"},{"@type":"Organization","@id":"https:\/\/dev.xstyle.md\/#organization","name":"Magazinul X-Style","alternateName":"x-style","url":"https:\/\/dev.xstyle.md\/","logo":{"@type":"ImageObject","inLanguage":"ro-RO","@id":"https:\/\/dev.xstyle.md\/#\/schema\/logo\/image\/","url":"https:\/\/dev.xstyle.md\/wp-content\/uploads\/2020\/06\/logoicon.svg","contentUrl":"https:\/\/dev.xstyle.md\/wp-content\/uploads\/2020\/06\/logoicon.svg","caption":"\u041c\u0430\u0433\u0430\u0437\u0438\u043d Xstyle"},"image":{"@id":"https:\/\/dev.xstyle.md\/#\/schema\/logo\/image\/"},"sameAs":["https:\/\/www.facebook.com\/xstylemd","https:\/\/www.instagram.com\/xstyle_md\/","https:\/\/t.me\/xstyle_outdoor"],"hasMerchantReturnPolicy":{"@type":"MerchantReturnPolicy","merchantReturnLink":"https:\/\/dev.xstyle.md\/ro\/conditions\/"}}]},"product_price_amount":"9890.00","product_price_currency":"MDL","og_availability":"instock","product_availability":"instock","product_retailer_item_id":"3607683611270","product_condition":"new"},"post_mailing_queue_ids":[],"_links":{"self":[{"href":"https:\/\/dev.xstyle.md\/ro\/wp-json\/wp\/v2\/product\/44698","targetHints":{"allow":["GET"]}}],"collection":[{"href":"https:\/\/dev.xstyle.md\/ro\/wp-json\/wp\/v2\/product"}],"about":[{"href":"https:\/\/dev.xstyle.md\/ro\/wp-json\/wp\/v2\/types\/product"}],"replies":[{"embeddable":true,"href":"https:\/\/dev.xstyle.md\/ro\/wp-json\/wp\/v2\/comments?post=44698"}],"version-history":[{"count":1,"href":"https:\/\/dev.xstyle.md\/ro\/wp-json\/wp\/v2\/product\/44698\/revisions"}],"predecessor-version":[{"id":98316,"href":"https:\/\/dev.xstyle.md\/ro\/wp-json\/wp\/v2\/product\/44698\/revisions\/98316"}],"wp:featuredmedia":[{"embeddable":true,"href":"https:\/\/dev.xstyle.md\/ro\/wp-json\/wp\/v2\/media\/80545"}],"wp:attachment":[{"href":"https:\/\/dev.xstyle.md\/ro\/wp-json\/wp\/v2\/media?parent=44698"}],"wp:term":[{"taxonomy":"product_brand","embeddable":true,"href":"https:\/\/dev.xstyle.md\/ro\/wp-json\/wp\/v2\/product_brand?post=44698"},{"taxonomy":"product_cat","embeddable":true,"href":"https:\/\/dev.xstyle.md\/ro\/wp-json\/wp\/v2\/product_cat?post=44698"},{"taxonomy":"product_tag","embeddable":true,"href":"https:\/\/dev.xstyle.md\/ro\/wp-json\/wp\/v2\/product_tag?post=44698"}],"curies":[{"name":"wp","href":"https:\/\/api.w.org\/{rel}","templated":true}]}}