{"id":44452,"date":"2022-01-18T12:17:22","date_gmt":"2022-01-18T09:17:22","guid":{"rendered":"https:\/\/xstyle.md\/?post_type=product&#038;p=44452"},"modified":"2025-02-06T20:22:05","modified_gmt":"2025-02-06T17:22:05","slug":"kreplenie-dlya-snouborda-capita-core-strata","status":"publish","type":"product","link":"https:\/\/xstyle.md\/ro\/produs\/kreplenie-dlya-snouborda-capita-core-strata\/","title":{"rendered":"Suport Snowboard Union Strata"},"content":{"rendered":"<\/p>\n<p>Suport snowboard <strong>Union Strata<\/strong> cu semn\u0103tura highback este perfect potrivit\u0103 pentru cei care doresc s\u0103 progreseze rapid \u0219i cu \u00eencredere. Cu o baz\u0103 robust\u0103 \u0219i un arc de c\u0103lc\u00e2i din aluminiu extrudat durabil, va rezista mai multe sezoane. Perna de absorb\u021bie a \u0219ocurilor format\u0103 din material spumant de densit\u0103\u021bi diferite va ad\u0103uga confort at\u00e2t la c\u0103l\u0103rie, c\u00e2t \u0219i la efectuarea trucurilor, amortiz\u00e2nd vibra\u021biile. Un bonus pl\u0103cut este acceleratorul bizotat, care ofer\u0103 o p\u00e2rghie suplimentar\u0103 pentru ollies \u0219i reduce stresul asupra articula\u021biilor gleznei \u0219i genunchiului. Pentru sezonul 2021, au \u00eembun\u0103t\u0103\u021bit cureaua superioar\u0103 &#8212; acum este mai durabil\u0103 \u0219i mai confortabil\u0103. Un design colorat pentru experien\u021be colorate \u0219i victorii la fel de colorate.<\/p>\n<h3>Particularit\u0103\u021bi<\/h3>\n<ul>\n<li>Baza Stage 6 Duraflex ST: u\u0219oar\u0103, dar super rezistent\u0103 &#8212; baza acestor leg\u0103turi este realizat\u0103 din materialul patentat Duraflex, care garanteaz\u0103 performan\u021be de top \u00eentr-o gam\u0103 larg\u0103 de temperaturi sub zero grade.<\/li>\n<li>Buc\u0219e Fused Vaporlite. Cu 20% mai u\u0219oare dec\u00e2t materialul folosit \u00een modelul de anul trecut, dar la fel de rezistente la ap\u0103, durabile \u0219i cu propriet\u0103\u021bi de suprimare a vibra\u021biilor.<\/li>\n<li>Arcada c\u0103lc\u00e2iului este realizat\u0103 din aluminiu 3D extrudat durabil \u0219i nu \u00ee\u0219i va schimba forma indiferent de c\u00e2t de mult\u0103 sarcin\u0103 este pus\u0103 pe ea.<\/li>\n<li>Highback-ul Strata Duraflex ST este un highback u\u0219or \u0219i asimetric, care va oferi o bun\u0103 reac\u021bie \u0219i control.<\/li>\n<li>Forma Lab Top Stretch &#8212; utilizeaz\u0103 un design minimalist pentru o senza\u021bie de surfy, este puternic \u0219i durabil. Dispune de inser\u021bii plasate strategic pentru un confort sporit.<\/li>\n<li>TS 2.0 Hexgrip Bottom Strap &#8212; design multi-pozi\u021bie cu strat anti-alunecare pe v\u00e2rful cizmei, prinde u\u0219or \u0219i confortabil piciorul; reglarea curelei a fost. reproiectat\u0103 \u0219i \u00eent\u0103rit\u0103 &#8212; pentru o durabilitate sporit\u0103.<\/li>\n<li>Reglare clasic\u0103 pentru Highback.<\/li>\n<li>Catarame din magneziu: u\u0219oare \u0219i puternice, cu o deplasare moale, f\u0103r\u0103 efort.<\/li>\n<li>Hardware de grad 8.8: Union utilizeaz\u0103 numai cele mai puternice elemente de fixare din o\u021bel, av\u00e2nd \u00een vedere sarcinile mari aplicate pe multe dintre elemente de fixare.<\/li>\n<li>Ajust\u0103rile sunt efectuate f\u0103r\u0103 a fi nevoie de unelte suplimentare.<\/li>\n<li>Discurile mini sunt compatibile cu sistemul 4&#215;2 \u0219i Channel tab.<\/li>\n<\/ul>\n<h3>Caracteristici<\/h3>\n<ul>\n<li>Scop &#8212; universal<\/li>\n<li>Nivel de patinaj &#8212; progresiv<\/li>\n<li>Rigiditatea bazei &#8212; 6\/10<\/li>\n<li>Rigiditate spate \u00eenalt &#8212; 7\/10<\/li>\n<li>Rigiditatea curelei &#8212; 6\/10<\/li>\n<li>Model - b\u0103rba\u021bi<\/li>\n<\/ul>\n<p><\/p>","protected":false},"excerpt":{"rendered":"","protected":false},"featured_media":44499,"comment_status":"open","ping_status":"closed","template":"","meta":{"_acf_changed":false,"inline_featured_image":false},"product_brand":[1441],"product_cat":[377],"product_tag":[],"class_list":{"0":"post-44452","1":"product","2":"type-product","3":"status-publish","4":"has-post-thumbnail","6":"product_brand-capita-core","7":"product_cat-ski-accessori","9":"first","10":"instock","11":"shipping-taxable","12":"purchasable","13":"product-type-simple"},"acf":[],"yoast_head":"<!-- This site is optimized with the Yoast SEO plugin v27.4 - https:\/\/yoast.com\/product\/yoast-seo-wordpress\/ -->\n<title>\u041a\u0440\u0435\u043f\u043b\u0435\u043d\u0438\u0435 \u0434\u043b\u044f \u0441\u043d\u043e\u0443\u0431\u043e\u0440\u0434\u0430 Union Strata - \u041c\u0430\u0433\u0430\u0437\u0438\u043d Xstyle<\/title>\n<meta name=\"description\" content=\"\u041a\u0440\u0435\u043f\u043b\u0435\u043d\u0438\u0435 \u0434\u043b\u044f \u0441\u043d\u043e\u0443\u0431\u043e\u0440\u0434\u0430 Union Strata 2021 \u043e\u0431\u0435\u0441\u043f\u0435\u0447\u0438\u0432\u0430\u0435\u0442 \u043d\u0430\u0434\u0435\u0436\u043d\u043e\u0441\u0442\u044c \u0438 \u043f\u043e\u0434\u0434\u0435\u0440\u0436\u043a\u0443 \u043d\u0430 \u0441\u043a\u043b\u043e\u043d\u0435. \u0418\u0434\u0435\u0430\u043b\u044c\u043d\u043e \u0434\u043b\u044f \u043f\u0440\u043e\u0433\u0440\u0435\u0441\u0441\u0438\u0432\u043d\u044b\u0445 \u0440\u0430\u0439\u0434\u0435\u0440\u043e\u0432.\" \/>\n<meta name=\"robots\" content=\"index, follow, max-snippet:-1, max-image-preview:large, max-video-preview:-1\" \/>\n<link rel=\"canonical\" href=\"https:\/\/xstyle.md\/ro\/produs\/kreplenie-dlya-snouborda-capita-core-strata\/\" \/>\n<meta property=\"og:locale\" content=\"ro_RO\" \/>\n<meta property=\"og:type\" content=\"article\" \/>\n<meta property=\"og:title\" content=\"\u041a\u0440\u0435\u043f\u043b\u0435\u043d\u0438\u0435 \u0434\u043b\u044f \u0441\u043d\u043e\u0443\u0431\u043e\u0440\u0434\u0430 Union Strata - \u041c\u0430\u0433\u0430\u0437\u0438\u043d Xstyle\" \/>\n<meta property=\"og:description\" content=\"\u041a\u0440\u0435\u043f\u043b\u0435\u043d\u0438\u0435 \u0434\u043b\u044f \u0441\u043d\u043e\u0443\u0431\u043e\u0440\u0434\u0430 Union Strata 2021 \u043e\u0431\u0435\u0441\u043f\u0435\u0447\u0438\u0432\u0430\u0435\u0442 \u043d\u0430\u0434\u0435\u0436\u043d\u043e\u0441\u0442\u044c \u0438 \u043f\u043e\u0434\u0434\u0435\u0440\u0436\u043a\u0443 \u043d\u0430 \u0441\u043a\u043b\u043e\u043d\u0435. \u0418\u0434\u0435\u0430\u043b\u044c\u043d\u043e \u0434\u043b\u044f \u043f\u0440\u043e\u0433\u0440\u0435\u0441\u0441\u0438\u0432\u043d\u044b\u0445 \u0440\u0430\u0439\u0434\u0435\u0440\u043e\u0432.\" \/>\n<meta property=\"og:url\" content=\"https:\/\/xstyle.md\/ro\/produs\/kreplenie-dlya-snouborda-capita-core-strata\/\" \/>\n<meta property=\"og:site_name\" content=\"\u041c\u0430\u0433\u0430\u0437\u0438\u043d Xstyle\" \/>\n<meta property=\"article:publisher\" content=\"https:\/\/www.facebook.com\/xstylemd\" \/>\n<meta property=\"article:modified_time\" content=\"2025-02-06T17:22:05+00:00\" \/>\n<meta property=\"og:image\" content=\"https:\/\/xstyle.md\/wp-content\/uploads\/2022\/01\/union-strata-1.jpg\" \/>\n\t<meta property=\"og:image:width\" content=\"1072\" \/>\n\t<meta property=\"og:image:height\" content=\"1072\" \/>\n\t<meta property=\"og:image:type\" content=\"image\/jpeg\" \/>\n<meta name=\"twitter:card\" content=\"summary_large_image\" \/>\n<meta name=\"twitter:label1\" content=\"Pre\u021b\" \/>\n\t<meta name=\"twitter:data1\" content=\"4.640&nbsp;MDL\" \/>\n\t<meta name=\"twitter:label2\" content=\"Disponibilitate\" \/>\n\t<meta name=\"twitter:data2\" content=\"\u00cen stoc\" \/>\n<script type=\"application\/ld+json\" class=\"yoast-schema-graph\">{\"@context\":\"https:\\\/\\\/schema.org\",\"@graph\":[{\"@type\":\"WebPage\",\"@id\":\"https:\\\/\\\/xstyle.md\\\/product\\\/kreplenie-dlya-snouborda-capita-core-strata\\\/\",\"url\":\"https:\\\/\\\/xstyle.md\\\/product\\\/kreplenie-dlya-snouborda-capita-core-strata\\\/\",\"name\":\"\u041a\u0440\u0435\u043f\u043b\u0435\u043d\u0438\u0435 \u0434\u043b\u044f \u0441\u043d\u043e\u0443\u0431\u043e\u0440\u0434\u0430 Union Strata - \u041c\u0430\u0433\u0430\u0437\u0438\u043d Xstyle\",\"isPartOf\":{\"@id\":\"https:\\\/\\\/xstyle.md\\\/#website\"},\"primaryImageOfPage\":{\"@id\":\"https:\\\/\\\/xstyle.md\\\/product\\\/kreplenie-dlya-snouborda-capita-core-strata\\\/#primaryimage\"},\"image\":{\"@id\":\"https:\\\/\\\/xstyle.md\\\/product\\\/kreplenie-dlya-snouborda-capita-core-strata\\\/#primaryimage\"},\"thumbnailUrl\":\"https:\\\/\\\/xstyle.md\\\/wp-content\\\/uploads\\\/2022\\\/01\\\/union-strata-1.jpg\",\"datePublished\":\"2022-01-18T09:17:22+00:00\",\"dateModified\":\"2025-02-06T17:22:05+00:00\",\"description\":\"\u041a\u0440\u0435\u043f\u043b\u0435\u043d\u0438\u0435 \u0434\u043b\u044f \u0441\u043d\u043e\u0443\u0431\u043e\u0440\u0434\u0430 Union Strata 2021 \u043e\u0431\u0435\u0441\u043f\u0435\u0447\u0438\u0432\u0430\u0435\u0442 \u043d\u0430\u0434\u0435\u0436\u043d\u043e\u0441\u0442\u044c \u0438 \u043f\u043e\u0434\u0434\u0435\u0440\u0436\u043a\u0443 \u043d\u0430 \u0441\u043a\u043b\u043e\u043d\u0435. \u0418\u0434\u0435\u0430\u043b\u044c\u043d\u043e \u0434\u043b\u044f \u043f\u0440\u043e\u0433\u0440\u0435\u0441\u0441\u0438\u0432\u043d\u044b\u0445 \u0440\u0430\u0439\u0434\u0435\u0440\u043e\u0432.\",\"breadcrumb\":{\"@id\":\"https:\\\/\\\/xstyle.md\\\/product\\\/kreplenie-dlya-snouborda-capita-core-strata\\\/#breadcrumb\"},\"inLanguage\":\"ro-RO\",\"potentialAction\":[{\"@type\":\"ReadAction\",\"target\":[\"https:\\\/\\\/xstyle.md\\\/product\\\/kreplenie-dlya-snouborda-capita-core-strata\\\/\"]}]},{\"@type\":\"ImageObject\",\"inLanguage\":\"ro-RO\",\"@id\":\"https:\\\/\\\/xstyle.md\\\/product\\\/kreplenie-dlya-snouborda-capita-core-strata\\\/#primaryimage\",\"url\":\"https:\\\/\\\/xstyle.md\\\/wp-content\\\/uploads\\\/2022\\\/01\\\/union-strata-1.jpg\",\"contentUrl\":\"https:\\\/\\\/xstyle.md\\\/wp-content\\\/uploads\\\/2022\\\/01\\\/union-strata-1.jpg\",\"width\":1072,\"height\":1072,\"caption\":\"\u041a\u0440\u0435\u043f\u043b\u0435\u043d\u0438\u0435 \u0434\u043b\u044f \u0441\u043d\u043e\u0443\u0431\u043e\u0440\u0434\u0430 Union Strata \u0434\u043b\u044f \u0430\u043a\u0442\u0438\u0432\u043d\u043e\u0433\u043e \u043e\u0442\u0434\u044b\u0445\u0430 \u0432 \u0438\u043d\u0442\u0435\u0440\u043d\u0435\u0442-\u043c\u0430\u0433\u0430\u0437\u0438\u043d\u0435 \u044d\u043a\u0438\u043f\u0438\u0440\u043e\u0432\u043a\u0438 \u0434\u043b\u044f \u043f\u043e\u0445\u043e\u0434\u043e\u0432 \u0430\u043b\u044c\u043f\u0438\u043d\u0438\u0437\u043c\u0430 \u043f\u0443\u0442\u0435\u0448\u0435\u0441\u0442\u0432\u0438\u0439 \u043e\u0431\u0443\u0432\u0438 \u0438 \u043e\u0434\u0435\u0436\u0434\u044b\"},{\"@type\":\"BreadcrumbList\",\"@id\":\"https:\\\/\\\/xstyle.md\\\/product\\\/kreplenie-dlya-snouborda-capita-core-strata\\\/#breadcrumb\",\"itemListElement\":[{\"@type\":\"ListItem\",\"position\":1,\"name\":\"\u0413\u043b\u0430\u0432\u043d\u0430\u044f \u0441\u0442\u0440\u0430\u043d\u0438\u0446\u0430\",\"item\":\"https:\\\/\\\/xstyle.md\\\/\"},{\"@type\":\"ListItem\",\"position\":2,\"name\":\"\u041c\u0430\u0433\u0430\u0437\u0438\u043d\",\"item\":\"https:\\\/\\\/xstyle.md\\\/shop\\\/\"},{\"@type\":\"ListItem\",\"position\":3,\"name\":\"\u041a\u0440\u0435\u043f\u043b\u0435\u043d\u0438\u0435 \u0434\u043b\u044f \u0441\u043d\u043e\u0443\u0431\u043e\u0440\u0434\u0430 Union Strata\"}]},{\"@type\":\"WebSite\",\"@id\":\"https:\\\/\\\/xstyle.md\\\/#website\",\"url\":\"https:\\\/\\\/xstyle.md\\\/\",\"name\":\"\u041c\u0430\u0433\u0430\u0437\u0438\u043d Xstyle\",\"description\":\"C\u043d\u0430\u0440\u044f\u0436\u0435\u043d\u0438\u0435 \u0434\u043b\u044f \u0442\u0443\u0440\u0438\u0437\u043c\u0430 \u0438 \u044d\u043a\u0441\u0442\u0440\u0435\u043c\u0430\u043b\u044c\u043d\u044b\u0445 \u0432\u0438\u0434\u043e\u0432 \u0441\u043f\u043e\u0440\u0442\u0430 \u0432 \u041c\u043e\u043b\u0434\u043e\u0432\u0435.. \u0426\u0435\u043d\u044b, \u0444\u043e\u0442\u043e, \u0445\u0430\u0440\u0430\u043a\u0442\u0435\u0440\u0438\u0441\u0442\u0438\u043a\u0438 \u0432 \u041c\u043e\u043b\u0434\u043e\u0432\u0435.\",\"publisher\":{\"@id\":\"https:\\\/\\\/xstyle.md\\\/#organization\"},\"alternateName\":\"X-Style\",\"potentialAction\":[{\"@type\":\"SearchAction\",\"target\":{\"@type\":\"EntryPoint\",\"urlTemplate\":\"https:\\\/\\\/xstyle.md\\\/?s={search_term_string}\"},\"query-input\":{\"@type\":\"PropertyValueSpecification\",\"valueRequired\":true,\"valueName\":\"search_term_string\"}}],\"inLanguage\":\"ro-RO\"},{\"@type\":\"Organization\",\"@id\":\"https:\\\/\\\/xstyle.md\\\/#organization\",\"name\":\"\u041c\u0430\u0433\u0430\u0437\u0438\u043d Xstyle\",\"alternateName\":\"x-style\",\"url\":\"https:\\\/\\\/xstyle.md\\\/\",\"logo\":{\"@type\":\"ImageObject\",\"inLanguage\":\"ro-RO\",\"@id\":\"https:\\\/\\\/xstyle.md\\\/#\\\/schema\\\/logo\\\/image\\\/\",\"url\":\"https:\\\/\\\/xstyle.md\\\/wp-content\\\/uploads\\\/2020\\\/06\\\/logoicon.svg\",\"contentUrl\":\"https:\\\/\\\/xstyle.md\\\/wp-content\\\/uploads\\\/2020\\\/06\\\/logoicon.svg\",\"caption\":\"\u041c\u0430\u0433\u0430\u0437\u0438\u043d Xstyle\"},\"image\":{\"@id\":\"https:\\\/\\\/xstyle.md\\\/#\\\/schema\\\/logo\\\/image\\\/\"},\"sameAs\":[\"https:\\\/\\\/www.facebook.com\\\/xstylemd\",\"https:\\\/\\\/www.instagram.com\\\/xstyle_md\\\/\",\"https:\\\/\\\/t.me\\\/xstyle_outdoor\"],\"hasMerchantReturnPolicy\":{\"@type\":\"MerchantReturnPolicy\",\"merchantReturnLink\":\"https:\\\/\\\/xstyle.md\\\/ro\\\/conditions\\\/\"}}]}<\/script>\n<meta property=\"product:price:amount\" content=\"4640.00\" \/>\n<meta property=\"product:price:currency\" content=\"MDL\" \/>\n<meta property=\"og:availability\" content=\"instock\" \/>\n<meta property=\"product:availability\" content=\"instock\" \/>\n<meta property=\"product:retailer_item_id\" content=\"8059015686183\" \/>\n<meta property=\"product:condition\" content=\"new\" \/>\n<!-- \/ Yoast SEO plugin. -->","yoast_head_json":{"title":"Suport Snowboard Union Strata - Magazin Xstyle","description":"Leg\u0103tura pentru snowboard Union Strata 2021 ofer\u0103 fiabilitate \u0219i suport pe pante. Ideal pentru riderii progresivi.","robots":{"index":"index","follow":"follow","max-snippet":"max-snippet:-1","max-image-preview":"max-image-preview:large","max-video-preview":"max-video-preview:-1"},"canonical":"https:\/\/xstyle.md\/ro\/produs\/kreplenie-dlya-snouborda-capita-core-strata\/","og_locale":"ro_RO","og_type":"article","og_title":"\u041a\u0440\u0435\u043f\u043b\u0435\u043d\u0438\u0435 \u0434\u043b\u044f \u0441\u043d\u043e\u0443\u0431\u043e\u0440\u0434\u0430 Union Strata - \u041c\u0430\u0433\u0430\u0437\u0438\u043d Xstyle","og_description":"\u041a\u0440\u0435\u043f\u043b\u0435\u043d\u0438\u0435 \u0434\u043b\u044f \u0441\u043d\u043e\u0443\u0431\u043e\u0440\u0434\u0430 Union Strata 2021 \u043e\u0431\u0435\u0441\u043f\u0435\u0447\u0438\u0432\u0430\u0435\u0442 \u043d\u0430\u0434\u0435\u0436\u043d\u043e\u0441\u0442\u044c \u0438 \u043f\u043e\u0434\u0434\u0435\u0440\u0436\u043a\u0443 \u043d\u0430 \u0441\u043a\u043b\u043e\u043d\u0435. \u0418\u0434\u0435\u0430\u043b\u044c\u043d\u043e \u0434\u043b\u044f \u043f\u0440\u043e\u0433\u0440\u0435\u0441\u0441\u0438\u0432\u043d\u044b\u0445 \u0440\u0430\u0439\u0434\u0435\u0440\u043e\u0432.","og_url":"https:\/\/xstyle.md\/ro\/produs\/kreplenie-dlya-snouborda-capita-core-strata\/","og_site_name":"\u041c\u0430\u0433\u0430\u0437\u0438\u043d Xstyle","article_publisher":"https:\/\/www.facebook.com\/xstylemd","article_modified_time":"2025-02-06T17:22:05+00:00","og_image":[{"width":1072,"height":1072,"url":"https:\/\/xstyle.md\/wp-content\/uploads\/2022\/01\/union-strata-1.jpg","type":"image\/jpeg"}],"twitter_card":"summary_large_image","twitter_misc":{"Pre\u021b":"4.640&nbsp;MDL","Disponibilitate":"\u00cen stoc"},"schema":{"@context":"https:\/\/schema.org","@graph":[{"@type":"WebPage","@id":"https:\/\/xstyle.md\/product\/kreplenie-dlya-snouborda-capita-core-strata\/","url":"https:\/\/xstyle.md\/product\/kreplenie-dlya-snouborda-capita-core-strata\/","name":"Suport Snowboard Union Strata - Magazin Xstyle","isPartOf":{"@id":"https:\/\/xstyle.md\/#website"},"primaryImageOfPage":{"@id":"https:\/\/xstyle.md\/product\/kreplenie-dlya-snouborda-capita-core-strata\/#primaryimage"},"image":{"@id":"https:\/\/xstyle.md\/product\/kreplenie-dlya-snouborda-capita-core-strata\/#primaryimage"},"thumbnailUrl":"https:\/\/xstyle.md\/wp-content\/uploads\/2022\/01\/union-strata-1.jpg","datePublished":"2022-01-18T09:17:22+00:00","dateModified":"2025-02-06T17:22:05+00:00","description":"Leg\u0103tura pentru snowboard Union Strata 2021 ofer\u0103 fiabilitate \u0219i suport pe pante. Ideal pentru riderii progresivi.","breadcrumb":{"@id":"https:\/\/xstyle.md\/product\/kreplenie-dlya-snouborda-capita-core-strata\/#breadcrumb"},"inLanguage":"ro-RO","potentialAction":[{"@type":"ReadAction","target":["https:\/\/xstyle.md\/product\/kreplenie-dlya-snouborda-capita-core-strata\/"]}]},{"@type":"ImageObject","inLanguage":"ro-RO","@id":"https:\/\/xstyle.md\/product\/kreplenie-dlya-snouborda-capita-core-strata\/#primaryimage","url":"https:\/\/xstyle.md\/wp-content\/uploads\/2022\/01\/union-strata-1.jpg","contentUrl":"https:\/\/xstyle.md\/wp-content\/uploads\/2022\/01\/union-strata-1.jpg","width":1072,"height":1072,"caption":"\u041a\u0440\u0435\u043f\u043b\u0435\u043d\u0438\u0435 \u0434\u043b\u044f \u0441\u043d\u043e\u0443\u0431\u043e\u0440\u0434\u0430 Union Strata \u0434\u043b\u044f \u0430\u043a\u0442\u0438\u0432\u043d\u043e\u0433\u043e \u043e\u0442\u0434\u044b\u0445\u0430 \u0432 \u0438\u043d\u0442\u0435\u0440\u043d\u0435\u0442-\u043c\u0430\u0433\u0430\u0437\u0438\u043d\u0435 \u044d\u043a\u0438\u043f\u0438\u0440\u043e\u0432\u043a\u0438 \u0434\u043b\u044f \u043f\u043e\u0445\u043e\u0434\u043e\u0432 \u0430\u043b\u044c\u043f\u0438\u043d\u0438\u0437\u043c\u0430 \u043f\u0443\u0442\u0435\u0448\u0435\u0441\u0442\u0432\u0438\u0439 \u043e\u0431\u0443\u0432\u0438 \u0438 \u043e\u0434\u0435\u0436\u0434\u044b"},{"@type":"BreadcrumbList","@id":"https:\/\/xstyle.md\/product\/kreplenie-dlya-snouborda-capita-core-strata\/#breadcrumb","itemListElement":[{"@type":"ListItem","position":1,"name":"\u0413\u043b\u0430\u0432\u043d\u0430\u044f \u0441\u0442\u0440\u0430\u043d\u0438\u0446\u0430","item":"https:\/\/xstyle.md\/"},{"@type":"ListItem","position":2,"name":"\u041c\u0430\u0433\u0430\u0437\u0438\u043d","item":"https:\/\/xstyle.md\/shop\/"},{"@type":"ListItem","position":3,"name":"\u041a\u0440\u0435\u043f\u043b\u0435\u043d\u0438\u0435 \u0434\u043b\u044f \u0441\u043d\u043e\u0443\u0431\u043e\u0440\u0434\u0430 Union Strata"}]},{"@type":"WebSite","@id":"https:\/\/xstyle.md\/#website","url":"https:\/\/xstyle.md\/","name":"Magazinul X-Style","description":"Echipamente pentru turism \u0219i sporturi extreme \u00een Moldova. Pre\u021buri, fotografii, caracteristici \u00een Moldova.","publisher":{"@id":"https:\/\/xstyle.md\/#organization"},"alternateName":"X-Style","potentialAction":[{"@type":"SearchAction","target":{"@type":"EntryPoint","urlTemplate":"https:\/\/xstyle.md\/?s={search_term_string}"},"query-input":{"@type":"PropertyValueSpecification","valueRequired":true,"valueName":"search_term_string"}}],"inLanguage":"ro-RO"},{"@type":"Organization","@id":"https:\/\/xstyle.md\/#organization","name":"Magazinul X-Style","alternateName":"x-style","url":"https:\/\/xstyle.md\/","logo":{"@type":"ImageObject","inLanguage":"ro-RO","@id":"https:\/\/xstyle.md\/#\/schema\/logo\/image\/","url":"https:\/\/xstyle.md\/wp-content\/uploads\/2020\/06\/logoicon.svg","contentUrl":"https:\/\/xstyle.md\/wp-content\/uploads\/2020\/06\/logoicon.svg","caption":"\u041c\u0430\u0433\u0430\u0437\u0438\u043d Xstyle"},"image":{"@id":"https:\/\/xstyle.md\/#\/schema\/logo\/image\/"},"sameAs":["https:\/\/www.facebook.com\/xstylemd","https:\/\/www.instagram.com\/xstyle_md\/","https:\/\/t.me\/xstyle_outdoor"],"hasMerchantReturnPolicy":{"@type":"MerchantReturnPolicy","merchantReturnLink":"https:\/\/xstyle.md\/ro\/conditions\/"}}]},"product_price_amount":"4640.00","product_price_currency":"MDL","og_availability":"instock","product_availability":"instock","product_retailer_item_id":"8059015686183","product_condition":"new"},"post_mailing_queue_ids":[],"_links":{"self":[{"href":"https:\/\/xstyle.md\/ro\/wp-json\/wp\/v2\/product\/44452","targetHints":{"allow":["GET"]}}],"collection":[{"href":"https:\/\/xstyle.md\/ro\/wp-json\/wp\/v2\/product"}],"about":[{"href":"https:\/\/xstyle.md\/ro\/wp-json\/wp\/v2\/types\/product"}],"replies":[{"embeddable":true,"href":"https:\/\/xstyle.md\/ro\/wp-json\/wp\/v2\/comments?post=44452"}],"wp:featuredmedia":[{"embeddable":true,"href":"https:\/\/xstyle.md\/ro\/wp-json\/wp\/v2\/media\/44499"}],"wp:attachment":[{"href":"https:\/\/xstyle.md\/ro\/wp-json\/wp\/v2\/media?parent=44452"}],"wp:term":[{"taxonomy":"product_brand","embeddable":true,"href":"https:\/\/xstyle.md\/ro\/wp-json\/wp\/v2\/product_brand?post=44452"},{"taxonomy":"product_cat","embeddable":true,"href":"https:\/\/xstyle.md\/ro\/wp-json\/wp\/v2\/product_cat?post=44452"},{"taxonomy":"product_tag","embeddable":true,"href":"https:\/\/xstyle.md\/ro\/wp-json\/wp\/v2\/product_tag?post=44452"}],"curies":[{"name":"wp","href":"https:\/\/api.w.org\/{rel}","templated":true}]}}