{"id":43554,"date":"2021-12-24T19:00:31","date_gmt":"2021-12-24T16:00:31","guid":{"rendered":"https:\/\/xstyle.md\/?post_type=product&#038;p=43554"},"modified":"2025-11-05T18:29:52","modified_gmt":"2025-11-05T15:29:52","slug":"detskaya-butylka-gizmo-flip-420ml-cherry-cat","status":"publish","type":"product","link":"https:\/\/xstyle.md\/ro\/produs\/detskaya-butylka-gizmo-flip-420ml-cherry-cat\/","title":{"rendered":"Sticl\u0103 Contigo Gizmo Flip 420 ml Cherry Cat"},"content":{"rendered":"<\/p>\n<p><strong>Contigo Gizmo Flip Cherry Cat 420ml<\/strong> &#8212; sticla de ap\u0103 este un accesoriu important pentru copilul dumneavoastr\u0103, care \u00eei permite s\u0103 bea ap\u0103 cu grij\u0103, f\u0103r\u0103 a-\u0219i uda hainele sau interiorul ma\u0219inii. B\u0103utorul practic cu capacul antiderapant AUTOSPOUT\u00ae, pe l\u00e2ng\u0103 forma ergonomic\u0103 \u0219i culorile luminoase, fac aceast\u0103 sticl\u0103 indispensabil\u0103 pe drum.<\/p>\n<h3>Particularit\u0103\u021bi<\/h3>\n<ul>\n<li>Un b\u0103utor la \u00eendem\u00e2n\u0103 cu un capac cu gura de scurgere special\u0103 AUTOSPOUT\u00ae. Este un gura de scurgere la \u00eendem\u00e2n\u0103, care alunec\u0103 doar atunci c\u00e2nd \u00eel ap\u0103sa\u021bi. Acest lucru asigur\u0103 o igien\u0103 complet\u0103 \u0219i protec\u021bie \u00eempotriva v\u0103rs\u0103rii.<\/li>\n<li>Form\u0103 ergonomic\u0103 \u0219i design colorat.<\/li>\n<li>Bebelu\u0219ul dvs. va dori cu siguran\u021b\u0103 s\u0103 ia acest biberon cu el la antrenamente, la ie\u0219iri sau la c\u0103l\u0103torii lungi.<\/li>\n<li>Are un tub retractabil, astfel \u00eenc\u00e2t s\u0103 pute\u021bi bea lichidul f\u0103r\u0103 a fi nevoie s\u0103 \u00eentoarce\u021bi biberonul cu susul \u00een jos. Gizmo Flip este fabricat din materiale ecologice \u0219i este potrivit pentru ma\u0219ina de sp\u0103lat vase.<\/li>\n<\/ul>\n<h3>Caracteristici<\/h3>\n<ul>\n<li>Volum &#8212; 420 ml<\/li>\n<li>Dimensiuni &#8212; 17 x 8,75 cm<\/li>\n<li>Greutate &#8212; 125 g<\/li>\n<li>Material &#8212; silicon, plastic.<\/li>\n<\/ul>\n<h3>Tehnologie<\/h3>\n<ul>\n<li><strong>BPA<\/strong> &#8212; este un compus chimic organic \u0219i este utilizat pentru fabricarea materialelor plastice, a policarbonatului \u0219i a r\u0103\u0219inii epoxidice. De asemenea, este ad\u0103ugat la produsele din plastic \u0219i la conservele alimentare. Principalele propriet\u0103\u021bi ale bisfenolului-A sunt propriet\u0103\u021bile de \u00eent\u0103rire \u0219i antioxidante. BPA este capabil s\u0103 p\u0103trund\u0103 \u00een corpul uman nu numai cu ajutorul alimentelor \u0219i al apei, ci \u0219i prin piele \u0219i pl\u0103m\u00e2ni. Contactul prelungit al lichidelor \u0219i al alimentelor umede cu materiale plastice care con\u021bin bisfenol-A contribuie la eliberarea acestei substan\u021be \u00een alimente. \u00cenc\u0103lzirea unor astfel de recipiente accelereaz\u0103 semnificativ eliberarea de bisfenol-A. Aceast\u0103 sticl\u0103 de ap\u0103 este etichetat\u0103<em> bpa fre\u0435<\/em>, ceea ce indic\u0103 faptul c\u0103 bisfenolul-A nu a fost utilizat la fabricarea acestui recipient.<\/li>\n<\/ul>\n<p><\/p>","protected":false},"excerpt":{"rendered":"","protected":false},"featured_media":44053,"comment_status":"open","ping_status":"closed","template":"","meta":{"_acf_changed":false,"inline_featured_image":false},"product_brand":[1374],"product_cat":[1171,885],"product_tag":[],"class_list":{"0":"post-43554","1":"product","2":"type-product","3":"status-publish","4":"has-post-thumbnail","6":"product_brand-contigo","7":"product_cat-sticle-si-cani-termice","8":"product_cat-bottle","10":"first","11":"instock","12":"shipping-taxable","13":"purchasable","14":"product-type-simple"},"acf":[],"yoast_head":"<!-- This site is optimized with the Yoast SEO plugin v27.4 - https:\/\/yoast.com\/product\/yoast-seo-wordpress\/ -->\n<title>\u0411\u0443\u0442\u044b\u043b\u043a\u0430 \u0434\u043b\u044f \u0432\u043e\u0434\u044b \u0434\u0435\u0442\u0441\u043a\u0430\u044f Contigo Gizmo Flip 420 ml Cherry Cat - \u041c\u0430\u0433\u0430\u0437\u0438\u043d Xstyle<\/title>\n<meta name=\"description\" content=\"\u041a\u0443\u043f\u0438\u0442\u0435 \u0434\u0435\u0442\u0441\u043a\u0443\u044e \u0431\u0443\u0442\u044b\u043b\u043a\u0443 Contigo Gizmo Flip Cherry Cat 420 \u043c\u043b! \u0423\u0434\u043e\u0431\u043d\u044b\u0439 AUTOSPOUT, \u044f\u0440\u043a\u0438\u0439 \u0434\u0438\u0437\u0430\u0439\u043d \u0438 \u0437\u0430\u0449\u0438\u0442\u0430 \u043e\u0442 \u043f\u0440\u043e\u043b\u0438\u0442\u0438\u0439. \u0418\u0434\u0435\u0430\u043b\u0435\u043d \u0434\u043b\u044f \u0430\u043a\u0442\u0438\u0432\u043d\u044b\u0445 \u043c\u0430\u043b\u044b\u0448\u0435\u0439!\" \/>\n<meta name=\"robots\" content=\"index, follow, max-snippet:-1, max-image-preview:large, max-video-preview:-1\" \/>\n<link rel=\"canonical\" href=\"https:\/\/xstyle.md\/ro\/produs\/detskaya-butylka-gizmo-flip-420ml-cherry-cat\/\" \/>\n<meta property=\"og:locale\" content=\"ro_RO\" \/>\n<meta property=\"og:type\" content=\"article\" \/>\n<meta property=\"og:title\" content=\"\u0411\u0443\u0442\u044b\u043b\u043a\u0430 \u0434\u043b\u044f \u0432\u043e\u0434\u044b \u0434\u0435\u0442\u0441\u043a\u0430\u044f Contigo Gizmo Flip 420 ml Cherry Cat - \u041c\u0430\u0433\u0430\u0437\u0438\u043d Xstyle\" \/>\n<meta property=\"og:description\" content=\"\u041a\u0443\u043f\u0438\u0442\u0435 \u0434\u0435\u0442\u0441\u043a\u0443\u044e \u0431\u0443\u0442\u044b\u043b\u043a\u0443 Contigo Gizmo Flip Cherry Cat 420 \u043c\u043b! \u0423\u0434\u043e\u0431\u043d\u044b\u0439 AUTOSPOUT, \u044f\u0440\u043a\u0438\u0439 \u0434\u0438\u0437\u0430\u0439\u043d \u0438 \u0437\u0430\u0449\u0438\u0442\u0430 \u043e\u0442 \u043f\u0440\u043e\u043b\u0438\u0442\u0438\u0439. \u0418\u0434\u0435\u0430\u043b\u0435\u043d \u0434\u043b\u044f \u0430\u043a\u0442\u0438\u0432\u043d\u044b\u0445 \u043c\u0430\u043b\u044b\u0448\u0435\u0439!\" \/>\n<meta property=\"og:url\" content=\"https:\/\/xstyle.md\/ro\/produs\/detskaya-butylka-gizmo-flip-420ml-cherry-cat\/\" \/>\n<meta property=\"og:site_name\" content=\"\u041c\u0430\u0433\u0430\u0437\u0438\u043d Xstyle\" \/>\n<meta property=\"article:publisher\" content=\"https:\/\/www.facebook.com\/xstylemd\" \/>\n<meta property=\"article:modified_time\" content=\"2025-11-05T15:29:52+00:00\" \/>\n<meta property=\"og:image\" content=\"https:\/\/xstyle.md\/wp-content\/uploads\/2021\/12\/contigo-gizmo-flip-cherry-cat-420ml.jpg\" \/>\n\t<meta property=\"og:image:width\" content=\"455\" \/>\n\t<meta property=\"og:image:height\" content=\"455\" \/>\n\t<meta property=\"og:image:type\" content=\"image\/jpeg\" \/>\n<meta name=\"twitter:card\" content=\"summary_large_image\" \/>\n<meta name=\"twitter:label1\" content=\"Pre\u021b\" \/>\n\t<meta name=\"twitter:data1\" content=\"350&nbsp;MDL\" \/>\n\t<meta name=\"twitter:label2\" content=\"Disponibilitate\" \/>\n\t<meta name=\"twitter:data2\" content=\"\u00cen stoc\" \/>\n<script type=\"application\/ld+json\" class=\"yoast-schema-graph\">{\"@context\":\"https:\\\/\\\/schema.org\",\"@graph\":[{\"@type\":\"WebPage\",\"@id\":\"https:\\\/\\\/xstyle.md\\\/product\\\/detskaya-butylka-gizmo-flip-420ml-cherry-cat\\\/\",\"url\":\"https:\\\/\\\/xstyle.md\\\/product\\\/detskaya-butylka-gizmo-flip-420ml-cherry-cat\\\/\",\"name\":\"\u0411\u0443\u0442\u044b\u043b\u043a\u0430 \u0434\u043b\u044f \u0432\u043e\u0434\u044b \u0434\u0435\u0442\u0441\u043a\u0430\u044f Contigo Gizmo Flip 420 ml Cherry Cat - \u041c\u0430\u0433\u0430\u0437\u0438\u043d Xstyle\",\"isPartOf\":{\"@id\":\"https:\\\/\\\/xstyle.md\\\/#website\"},\"primaryImageOfPage\":{\"@id\":\"https:\\\/\\\/xstyle.md\\\/product\\\/detskaya-butylka-gizmo-flip-420ml-cherry-cat\\\/#primaryimage\"},\"image\":{\"@id\":\"https:\\\/\\\/xstyle.md\\\/product\\\/detskaya-butylka-gizmo-flip-420ml-cherry-cat\\\/#primaryimage\"},\"thumbnailUrl\":\"https:\\\/\\\/xstyle.md\\\/wp-content\\\/uploads\\\/2021\\\/12\\\/contigo-gizmo-flip-cherry-cat-420ml.jpg\",\"datePublished\":\"2021-12-24T16:00:31+00:00\",\"dateModified\":\"2025-11-05T15:29:52+00:00\",\"description\":\"\u041a\u0443\u043f\u0438\u0442\u0435 \u0434\u0435\u0442\u0441\u043a\u0443\u044e \u0431\u0443\u0442\u044b\u043b\u043a\u0443 Contigo Gizmo Flip Cherry Cat 420 \u043c\u043b! \u0423\u0434\u043e\u0431\u043d\u044b\u0439 AUTOSPOUT, \u044f\u0440\u043a\u0438\u0439 \u0434\u0438\u0437\u0430\u0439\u043d \u0438 \u0437\u0430\u0449\u0438\u0442\u0430 \u043e\u0442 \u043f\u0440\u043e\u043b\u0438\u0442\u0438\u0439. \u0418\u0434\u0435\u0430\u043b\u0435\u043d \u0434\u043b\u044f \u0430\u043a\u0442\u0438\u0432\u043d\u044b\u0445 \u043c\u0430\u043b\u044b\u0448\u0435\u0439!\",\"breadcrumb\":{\"@id\":\"https:\\\/\\\/xstyle.md\\\/product\\\/detskaya-butylka-gizmo-flip-420ml-cherry-cat\\\/#breadcrumb\"},\"inLanguage\":\"ro-RO\",\"potentialAction\":[{\"@type\":\"ReadAction\",\"target\":[\"https:\\\/\\\/xstyle.md\\\/product\\\/detskaya-butylka-gizmo-flip-420ml-cherry-cat\\\/\"]}]},{\"@type\":\"ImageObject\",\"inLanguage\":\"ro-RO\",\"@id\":\"https:\\\/\\\/xstyle.md\\\/product\\\/detskaya-butylka-gizmo-flip-420ml-cherry-cat\\\/#primaryimage\",\"url\":\"https:\\\/\\\/xstyle.md\\\/wp-content\\\/uploads\\\/2021\\\/12\\\/contigo-gizmo-flip-cherry-cat-420ml.jpg\",\"contentUrl\":\"https:\\\/\\\/xstyle.md\\\/wp-content\\\/uploads\\\/2021\\\/12\\\/contigo-gizmo-flip-cherry-cat-420ml.jpg\",\"width\":455,\"height\":455,\"caption\":\"\u0414\u0435\u0442\u0441\u043a\u0430\u044f \u0431\u0443\u0442\u044b\u043b\u043a\u0430 \u0434\u043b\u044f \u0432\u043e\u0434\u044b Contigo Gizmo Flip 420 \u043c\u043b \u0441 \u0438\u0437\u043e\u0431\u0440\u0430\u0436\u0435\u043d\u0438\u0435\u043c \u043a\u043e\u0442\u0430 \u0427\u0435\u0440\u0440\u0438, \u0438\u0434\u0435\u0430\u043b\u044c\u043d\u043e \u043f\u043e\u0434\u0445\u043e\u0434\u0438\u0442 \u0434\u043b\u044f \u0430\u043a\u0442\u0438\u0432\u043d\u043e\u0433\u043e \u043e\u0442\u0434\u044b\u0445\u0430, \u043f\u043e\u0445\u043e\u0434\u043e\u0432, \u043f\u0443\u0442\u0435\u0448\u0435\u0441\u0442\u0432\u0438\u0439 \u0438 \u0441\u043f\u043e\u0440\u0442\u0438\u0432\u043d\u043e\u0439 \u043e\u0434\u0435\u0436\u0434\u044b \u0434\u043b\u044f \u0434\u0435\u0442\u0435\u0439 \u0432 \u043e\u043d\u043b\u0430\u0439\u043d \u043c\u0430\u0433\u0430\u0437\u0438\u043d\u0435 \u0430\u043a\u0442\u0438\u0432\u043d\u044b\u0445 \u0442\u043e\u0432\u0430\u0440\u043e\u0432\"},{\"@type\":\"BreadcrumbList\",\"@id\":\"https:\\\/\\\/xstyle.md\\\/product\\\/detskaya-butylka-gizmo-flip-420ml-cherry-cat\\\/#breadcrumb\",\"itemListElement\":[{\"@type\":\"ListItem\",\"position\":1,\"name\":\"\u0413\u043b\u0430\u0432\u043d\u0430\u044f \u0441\u0442\u0440\u0430\u043d\u0438\u0446\u0430\",\"item\":\"https:\\\/\\\/xstyle.md\\\/\"},{\"@type\":\"ListItem\",\"position\":2,\"name\":\"\u041c\u0430\u0433\u0430\u0437\u0438\u043d\",\"item\":\"https:\\\/\\\/xstyle.md\\\/shop\\\/\"},{\"@type\":\"ListItem\",\"position\":3,\"name\":\"\u0411\u0443\u0442\u044b\u043b\u043a\u0430 \u0434\u043b\u044f \u0432\u043e\u0434\u044b \u0434\u0435\u0442\u0441\u043a\u0430\u044f Contigo Gizmo Flip 420 ml Cherry Cat\"}]},{\"@type\":\"WebSite\",\"@id\":\"https:\\\/\\\/xstyle.md\\\/#website\",\"url\":\"https:\\\/\\\/xstyle.md\\\/\",\"name\":\"\u041c\u0430\u0433\u0430\u0437\u0438\u043d Xstyle\",\"description\":\"C\u043d\u0430\u0440\u044f\u0436\u0435\u043d\u0438\u0435 \u0434\u043b\u044f \u0442\u0443\u0440\u0438\u0437\u043c\u0430 \u0438 \u044d\u043a\u0441\u0442\u0440\u0435\u043c\u0430\u043b\u044c\u043d\u044b\u0445 \u0432\u0438\u0434\u043e\u0432 \u0441\u043f\u043e\u0440\u0442\u0430 \u0432 \u041c\u043e\u043b\u0434\u043e\u0432\u0435.. \u0426\u0435\u043d\u044b, \u0444\u043e\u0442\u043e, \u0445\u0430\u0440\u0430\u043a\u0442\u0435\u0440\u0438\u0441\u0442\u0438\u043a\u0438 \u0432 \u041c\u043e\u043b\u0434\u043e\u0432\u0435.\",\"publisher\":{\"@id\":\"https:\\\/\\\/xstyle.md\\\/#organization\"},\"alternateName\":\"X-Style\",\"potentialAction\":[{\"@type\":\"SearchAction\",\"target\":{\"@type\":\"EntryPoint\",\"urlTemplate\":\"https:\\\/\\\/xstyle.md\\\/?s={search_term_string}\"},\"query-input\":{\"@type\":\"PropertyValueSpecification\",\"valueRequired\":true,\"valueName\":\"search_term_string\"}}],\"inLanguage\":\"ro-RO\"},{\"@type\":\"Organization\",\"@id\":\"https:\\\/\\\/xstyle.md\\\/#organization\",\"name\":\"\u041c\u0430\u0433\u0430\u0437\u0438\u043d Xstyle\",\"alternateName\":\"x-style\",\"url\":\"https:\\\/\\\/xstyle.md\\\/\",\"logo\":{\"@type\":\"ImageObject\",\"inLanguage\":\"ro-RO\",\"@id\":\"https:\\\/\\\/xstyle.md\\\/#\\\/schema\\\/logo\\\/image\\\/\",\"url\":\"https:\\\/\\\/xstyle.md\\\/wp-content\\\/uploads\\\/2020\\\/06\\\/logoicon.svg\",\"contentUrl\":\"https:\\\/\\\/xstyle.md\\\/wp-content\\\/uploads\\\/2020\\\/06\\\/logoicon.svg\",\"caption\":\"\u041c\u0430\u0433\u0430\u0437\u0438\u043d Xstyle\"},\"image\":{\"@id\":\"https:\\\/\\\/xstyle.md\\\/#\\\/schema\\\/logo\\\/image\\\/\"},\"sameAs\":[\"https:\\\/\\\/www.facebook.com\\\/xstylemd\",\"https:\\\/\\\/www.instagram.com\\\/xstyle_md\\\/\",\"https:\\\/\\\/t.me\\\/xstyle_outdoor\"],\"hasMerchantReturnPolicy\":{\"@type\":\"MerchantReturnPolicy\",\"merchantReturnLink\":\"https:\\\/\\\/xstyle.md\\\/ro\\\/conditions\\\/\"}}]}<\/script>\n<meta property=\"product:price:amount\" content=\"350.00\" \/>\n<meta property=\"product:price:currency\" content=\"MDL\" \/>\n<meta property=\"og:availability\" content=\"instock\" \/>\n<meta property=\"product:availability\" content=\"instock\" \/>\n<meta property=\"product:retailer_item_id\" content=\"840276159077\" \/>\n<meta property=\"product:condition\" content=\"new\" \/>\n<!-- \/ Yoast SEO plugin. -->","yoast_head_json":{"title":"\u0411\u0443\u0442\u044b\u043b\u043a\u0430 \u0434\u043b\u044f \u0432\u043e\u0434\u044b \u0434\u0435\u0442\u0441\u043a\u0430\u044f Contigo Gizmo Flip 420 ml Cherry Cat - \u041c\u0430\u0433\u0430\u0437\u0438\u043d Xstyle","description":"Cump\u0103ra\u021bi sticla pentru copii Contigo Gizmo Flip Cherry Cat 420 ml! Oprirea automat\u0103 AUTOSPOUT, designul vibrant \u0219i protec\u021bia \u00eempotriva v\u0103rs\u0103rii. Ideal\u0103 pentru cei mici activi!","robots":{"index":"index","follow":"follow","max-snippet":"max-snippet:-1","max-image-preview":"max-image-preview:large","max-video-preview":"max-video-preview:-1"},"canonical":"https:\/\/xstyle.md\/ro\/produs\/detskaya-butylka-gizmo-flip-420ml-cherry-cat\/","og_locale":"ro_RO","og_type":"article","og_title":"\u0411\u0443\u0442\u044b\u043b\u043a\u0430 \u0434\u043b\u044f \u0432\u043e\u0434\u044b \u0434\u0435\u0442\u0441\u043a\u0430\u044f Contigo Gizmo Flip 420 ml Cherry Cat - \u041c\u0430\u0433\u0430\u0437\u0438\u043d Xstyle","og_description":"\u041a\u0443\u043f\u0438\u0442\u0435 \u0434\u0435\u0442\u0441\u043a\u0443\u044e \u0431\u0443\u0442\u044b\u043b\u043a\u0443 Contigo Gizmo Flip Cherry Cat 420 \u043c\u043b! \u0423\u0434\u043e\u0431\u043d\u044b\u0439 AUTOSPOUT, \u044f\u0440\u043a\u0438\u0439 \u0434\u0438\u0437\u0430\u0439\u043d \u0438 \u0437\u0430\u0449\u0438\u0442\u0430 \u043e\u0442 \u043f\u0440\u043e\u043b\u0438\u0442\u0438\u0439. \u0418\u0434\u0435\u0430\u043b\u0435\u043d \u0434\u043b\u044f \u0430\u043a\u0442\u0438\u0432\u043d\u044b\u0445 \u043c\u0430\u043b\u044b\u0448\u0435\u0439!","og_url":"https:\/\/xstyle.md\/ro\/produs\/detskaya-butylka-gizmo-flip-420ml-cherry-cat\/","og_site_name":"\u041c\u0430\u0433\u0430\u0437\u0438\u043d Xstyle","article_publisher":"https:\/\/www.facebook.com\/xstylemd","article_modified_time":"2025-11-05T15:29:52+00:00","og_image":[{"width":455,"height":455,"url":"https:\/\/xstyle.md\/wp-content\/uploads\/2021\/12\/contigo-gizmo-flip-cherry-cat-420ml.jpg","type":"image\/jpeg"}],"twitter_card":"summary_large_image","twitter_misc":{"Pre\u021b":"350&nbsp;MDL","Disponibilitate":"\u00cen stoc"},"schema":{"@context":"https:\/\/schema.org","@graph":[{"@type":"WebPage","@id":"https:\/\/xstyle.md\/product\/detskaya-butylka-gizmo-flip-420ml-cherry-cat\/","url":"https:\/\/xstyle.md\/product\/detskaya-butylka-gizmo-flip-420ml-cherry-cat\/","name":"\u0411\u0443\u0442\u044b\u043b\u043a\u0430 \u0434\u043b\u044f \u0432\u043e\u0434\u044b \u0434\u0435\u0442\u0441\u043a\u0430\u044f Contigo Gizmo Flip 420 ml Cherry Cat - \u041c\u0430\u0433\u0430\u0437\u0438\u043d Xstyle","isPartOf":{"@id":"https:\/\/xstyle.md\/#website"},"primaryImageOfPage":{"@id":"https:\/\/xstyle.md\/product\/detskaya-butylka-gizmo-flip-420ml-cherry-cat\/#primaryimage"},"image":{"@id":"https:\/\/xstyle.md\/product\/detskaya-butylka-gizmo-flip-420ml-cherry-cat\/#primaryimage"},"thumbnailUrl":"https:\/\/xstyle.md\/wp-content\/uploads\/2021\/12\/contigo-gizmo-flip-cherry-cat-420ml.jpg","datePublished":"2021-12-24T16:00:31+00:00","dateModified":"2025-11-05T15:29:52+00:00","description":"Cump\u0103ra\u021bi sticla pentru copii Contigo Gizmo Flip Cherry Cat 420 ml! Oprirea automat\u0103 AUTOSPOUT, designul vibrant \u0219i protec\u021bia \u00eempotriva v\u0103rs\u0103rii. Ideal\u0103 pentru cei mici activi!","breadcrumb":{"@id":"https:\/\/xstyle.md\/product\/detskaya-butylka-gizmo-flip-420ml-cherry-cat\/#breadcrumb"},"inLanguage":"ro-RO","potentialAction":[{"@type":"ReadAction","target":["https:\/\/xstyle.md\/product\/detskaya-butylka-gizmo-flip-420ml-cherry-cat\/"]}]},{"@type":"ImageObject","inLanguage":"ro-RO","@id":"https:\/\/xstyle.md\/product\/detskaya-butylka-gizmo-flip-420ml-cherry-cat\/#primaryimage","url":"https:\/\/xstyle.md\/wp-content\/uploads\/2021\/12\/contigo-gizmo-flip-cherry-cat-420ml.jpg","contentUrl":"https:\/\/xstyle.md\/wp-content\/uploads\/2021\/12\/contigo-gizmo-flip-cherry-cat-420ml.jpg","width":455,"height":455,"caption":"\u0414\u0435\u0442\u0441\u043a\u0430\u044f \u0431\u0443\u0442\u044b\u043b\u043a\u0430 \u0434\u043b\u044f \u0432\u043e\u0434\u044b Contigo Gizmo Flip 420 \u043c\u043b \u0441 \u0438\u0437\u043e\u0431\u0440\u0430\u0436\u0435\u043d\u0438\u0435\u043c \u043a\u043e\u0442\u0430 \u0427\u0435\u0440\u0440\u0438, \u0438\u0434\u0435\u0430\u043b\u044c\u043d\u043e \u043f\u043e\u0434\u0445\u043e\u0434\u0438\u0442 \u0434\u043b\u044f \u0430\u043a\u0442\u0438\u0432\u043d\u043e\u0433\u043e \u043e\u0442\u0434\u044b\u0445\u0430, \u043f\u043e\u0445\u043e\u0434\u043e\u0432, \u043f\u0443\u0442\u0435\u0448\u0435\u0441\u0442\u0432\u0438\u0439 \u0438 \u0441\u043f\u043e\u0440\u0442\u0438\u0432\u043d\u043e\u0439 \u043e\u0434\u0435\u0436\u0434\u044b \u0434\u043b\u044f \u0434\u0435\u0442\u0435\u0439 \u0432 \u043e\u043d\u043b\u0430\u0439\u043d \u043c\u0430\u0433\u0430\u0437\u0438\u043d\u0435 \u0430\u043a\u0442\u0438\u0432\u043d\u044b\u0445 \u0442\u043e\u0432\u0430\u0440\u043e\u0432"},{"@type":"BreadcrumbList","@id":"https:\/\/xstyle.md\/product\/detskaya-butylka-gizmo-flip-420ml-cherry-cat\/#breadcrumb","itemListElement":[{"@type":"ListItem","position":1,"name":"\u0413\u043b\u0430\u0432\u043d\u0430\u044f \u0441\u0442\u0440\u0430\u043d\u0438\u0446\u0430","item":"https:\/\/xstyle.md\/"},{"@type":"ListItem","position":2,"name":"\u041c\u0430\u0433\u0430\u0437\u0438\u043d","item":"https:\/\/xstyle.md\/shop\/"},{"@type":"ListItem","position":3,"name":"\u0411\u0443\u0442\u044b\u043b\u043a\u0430 \u0434\u043b\u044f \u0432\u043e\u0434\u044b \u0434\u0435\u0442\u0441\u043a\u0430\u044f Contigo Gizmo Flip 420 ml Cherry Cat"}]},{"@type":"WebSite","@id":"https:\/\/xstyle.md\/#website","url":"https:\/\/xstyle.md\/","name":"Magazinul X-Style","description":"Echipamente pentru turism \u0219i sporturi extreme \u00een Moldova. Pre\u021buri, fotografii, caracteristici \u00een Moldova.","publisher":{"@id":"https:\/\/xstyle.md\/#organization"},"alternateName":"X-Style","potentialAction":[{"@type":"SearchAction","target":{"@type":"EntryPoint","urlTemplate":"https:\/\/xstyle.md\/?s={search_term_string}"},"query-input":{"@type":"PropertyValueSpecification","valueRequired":true,"valueName":"search_term_string"}}],"inLanguage":"ro-RO"},{"@type":"Organization","@id":"https:\/\/xstyle.md\/#organization","name":"Magazinul X-Style","alternateName":"x-style","url":"https:\/\/xstyle.md\/","logo":{"@type":"ImageObject","inLanguage":"ro-RO","@id":"https:\/\/xstyle.md\/#\/schema\/logo\/image\/","url":"https:\/\/xstyle.md\/wp-content\/uploads\/2020\/06\/logoicon.svg","contentUrl":"https:\/\/xstyle.md\/wp-content\/uploads\/2020\/06\/logoicon.svg","caption":"\u041c\u0430\u0433\u0430\u0437\u0438\u043d Xstyle"},"image":{"@id":"https:\/\/xstyle.md\/#\/schema\/logo\/image\/"},"sameAs":["https:\/\/www.facebook.com\/xstylemd","https:\/\/www.instagram.com\/xstyle_md\/","https:\/\/t.me\/xstyle_outdoor"],"hasMerchantReturnPolicy":{"@type":"MerchantReturnPolicy","merchantReturnLink":"https:\/\/xstyle.md\/ro\/conditions\/"}}]},"product_price_amount":"350.00","product_price_currency":"MDL","og_availability":"instock","product_availability":"instock","product_retailer_item_id":"840276159077","product_condition":"new"},"post_mailing_queue_ids":[],"_links":{"self":[{"href":"https:\/\/xstyle.md\/ro\/wp-json\/wp\/v2\/product\/43554","targetHints":{"allow":["GET"]}}],"collection":[{"href":"https:\/\/xstyle.md\/ro\/wp-json\/wp\/v2\/product"}],"about":[{"href":"https:\/\/xstyle.md\/ro\/wp-json\/wp\/v2\/types\/product"}],"replies":[{"embeddable":true,"href":"https:\/\/xstyle.md\/ro\/wp-json\/wp\/v2\/comments?post=43554"}],"wp:featuredmedia":[{"embeddable":true,"href":"https:\/\/xstyle.md\/ro\/wp-json\/wp\/v2\/media\/44053"}],"wp:attachment":[{"href":"https:\/\/xstyle.md\/ro\/wp-json\/wp\/v2\/media?parent=43554"}],"wp:term":[{"taxonomy":"product_brand","embeddable":true,"href":"https:\/\/xstyle.md\/ro\/wp-json\/wp\/v2\/product_brand?post=43554"},{"taxonomy":"product_cat","embeddable":true,"href":"https:\/\/xstyle.md\/ro\/wp-json\/wp\/v2\/product_cat?post=43554"},{"taxonomy":"product_tag","embeddable":true,"href":"https:\/\/xstyle.md\/ro\/wp-json\/wp\/v2\/product_tag?post=43554"}],"curies":[{"name":"wp","href":"https:\/\/api.w.org\/{rel}","templated":true}]}}