{"id":43547,"date":"2021-12-24T19:00:30","date_gmt":"2021-12-24T16:00:30","guid":{"rendered":"https:\/\/xstyle.md\/?post_type=product&#038;p=43547"},"modified":"2026-03-19T16:47:16","modified_gmt":"2026-03-19T13:47:16","slug":"botinki-asolo-arctic-gv-grey-gunmetal-blue","status":"publish","type":"product","link":"https:\/\/xstyle.md\/ro\/produs\/botinki-asolo-arctic-gv-grey-gunmetal-blue\/","title":{"rendered":"Bocanci Asolo Arctic GV grey\/gunmetal\/blue"},"content":{"rendered":"<\/p>\n<p><strong>Asolo Arctic GV <\/strong>&#8212; bocanci de trekking sunt concepute pentru iubitorii de drume\u021bii care nu vor s\u0103 se limiteze la sezonul de var\u0103. Toate elementele acestui model sunt concepute pentru a fi utilizate \u00een condi\u021bii meteorologice dificile. Membrana Gore-Tex Insulated Comfort este special conceput\u0103 pentru condi\u021bii reci, cre\u00e2nd o izola\u021bie termic\u0103 aerisit\u0103 unde \u0219i c\u00e2nd este nevoie, chiar \u0219i la temperaturi sc\u0103zute, men\u021bin\u00e2nd picioarele calde \u0219i in confort. Alegerea perfect\u0103 pentru snowshoeing \u0219i drume\u021bii \u00een timpul iernii.<\/p>\n<h3>Particularit\u0103\u021bi<\/h3>\n<ul>\n<li>Talpa exterioar\u0103 inovatoare Vibram\u00ae Arctic Grip este proiectat\u0103 special pentru condi\u021bii de iarn\u0103, cu zone largi de contact cu solul \u0219i cu v\u00e2rfuri de cauciuc cu suprafe\u021be de sprijin mai largi, astfel \u00eenc\u00e2t, f\u0103r\u0103 elemente metalice, creeaz\u0103 o trac\u021biune eficient\u0103 chiar \u0219i pe suprafe\u021be alunecoase, ghea\u021b\u0103 umed\u0103, z\u0103pad\u0103, r\u0103m\u00e2n\u00e2nd \u00een acela\u0219i timp rezistent\u0103 la uzur\u0103<\/li>\n<li>Senzorul RECCO\u00ae \u00eencorporat, cu echipamentul necesar, cre\u0219te \u0219ansele de a g\u0103si o victim\u0103 a avalan\u0219elor.<\/li>\n<li>Sistemul confortabil de la\u021bare str\u00e2nge cizmele cu u\u0219urin\u021b\u0103 \u0219i precizie.<\/li>\n<li>Partea superioar\u0103 este realizat\u0103 dintr-o combina\u021bie de piele intoarsas natural\u0103 \u0219i nailon foarte rezistent<\/li>\n<li>Noul design al t\u0103lpii \u021bine cont c\u00e2t mai mult posibil de anatomia \u0219i mi\u0219carea natural\u0103 a piciorului.<\/li>\n<li>Talpa Anatomic Light 2 Alu, realizat\u0103 din cinci materiale diferite (catifea, aluminiu, polietilen\u0103, textile ne\u021besute, EVA), ofer\u0103 amortizare \u0219i suport anatomic precis, iar stratul de aluminiu ajut\u0103 la men\u021binerea c\u0103ldurii<\/li>\n<li>Talpa intermediar\u0103 EVA foarte u\u0219oar\u0103 ofer\u0103 o amortizare excelent\u0103 \u0219i un suport stabil<\/li>\n<li>Cureaua din cauciuc poliuretanic (PU) pe \u00eentreaga circumferin\u021b\u0103 ofer\u0103 protec\u021bie \u0219i durabilitate maxim\u0103<\/li>\n<\/ul>\n<h3>Caracteristici<\/h3>\n<ul>\n<li>Material superior &#8212; pielea intoarsa, nailon rezistent<\/li>\n<li>Membran\u0103 &#8212; GORE-TEX\u00ae Performance Comfort<\/li>\n<li>Talp\u0103 intermediar\u0103 Vibram\u00ae Arctic Grip<\/li>\n<li>Talp\u0103 anatomic\u0103 &#8212; Lite 2 Alu<\/li>\n<li>Utilizare &#8212; drume\u021bii \/ trekking<\/li>\n<li>Sezonul - iarn\u0103<\/li>\n<li>Model &#8212; femei<\/li>\n<\/ul>\n<h3>Tehnologie<\/h3>\n<ul>\n<li><strong>RECCO<\/strong>\u00ae &#8212; un sistem integrat de salvare \u00een caz de avalan\u0219\u0103 care v\u0103 permite s\u0103 g\u0103si\u021bi o persoan\u0103 sub resturile de z\u0103pad\u0103. Acest sistem este utilizat de salvatorii profesioni\u0219ti din \u00eentreaga lume.<\/li>\n<li><strong>Vibram<\/strong>\u00ae <strong>Arctic Grip <\/strong>&#8212; tehnologie avansat\u0103 a t\u0103lpii exterioare Vibram\u00ae, special conceput\u0103 pentru utilizarea pe suprafe\u021be alunecoase. Talpa \u00eembun\u0103t\u0103\u021be\u0219te trac\u021biunea pe suprafe\u021bele \u00eenghe\u021bate \u0219i \u00eenz\u0103pezite, p\u0103str\u00e2ndu-\u0219i \u00een acela\u0219i timp calit\u0103\u021bile durabile \u0219i rezistente la uzur\u0103.<\/li>\n<li><strong>Gore-Tex<\/strong>\u00ae <strong>Insulated Comfort <\/strong>&#8212; membran\u0103 care asigur\u0103 o izola\u021bie termic\u0103 pentru o protec\u021bie confortabil\u0103 \u00eempotriva umezelii \u0219i a frigului pe vreme rece. Conceput pentru a asigura confortul zilnic \u00een condi\u021bii de iarn\u0103, inclusiv ploaie, z\u0103pad\u0103 \u0219i ghea\u021b\u0103.<\/li>\n<li><strong>Schoeller<\/strong>\u00ae<strong>-Keprotec<\/strong>\u00ae &#8212; materialul extrem de rezistent \u0219i durabil, utilizat pentru a consolida \u021bes\u0103tura \u00een zonele de cea mai mare abraziune (\u00een special pentru a proteja \u00eempotriva t\u0103ieturilor provocate de muchii de schi, snowboard sau crampoane). Dezvoltat\u0103 ini\u021bial pentru cursele de motociclete. Const\u0103 din fibre elastice de aramid\u0103 (poliamid\u0103 sintetic\u0103), cum ar fi DuPont\u2122 Kevlar\u00ae, care asigur\u0103 durabilitate, stabilitate la temperaturi ridicate \u0219i confort \u00een \u00eembr\u0103c\u0103minte.<\/li>\n<\/ul>\n<p>\n\n<\/p>\n<h3>Marca<\/h3>\n<p>ASOLO este unul dintre principalii produc\u0103tori de incaltaminate pentru trekking, altitudine, urban \u0219i multisport. Compania italian\u0103 ASOLO exist\u0103 din 1975 \u0219i, la momentul lans\u0103rii sale, nu a fost \u00een m\u0103sur\u0103 s\u0103 dezvolte lumea industriei sportive cu un num\u0103r mare de v\u00e2nz\u0103ri inovatoare.<\/p>\n<p>ASOLO realizeaz\u0103 o gam\u0103 larg\u0103 de tehnologii \u0219i materiale de ultim\u0103 genera\u021bie, care pot fi utilizate \u00eentr-o gam\u0103 larg\u0103 de aplica\u021bii. \u00cen ASOLO cald\u0103, u\u0219oar\u0103, confortabil\u0103 \u0219i fiabil\u0103 se folose\u0219te t\u0103lpile VIBRAM. Poate fi utilizat ca dispozitiv de stabilizare pentru a preveni utilizarea unui num\u0103r mare de cobor\u00e2ri abrupte.<\/p>\n<p>Croirea excelenta si performan\u021ba sunt punctele forte ale marcii ASOLO.<\/p>\n<p>","protected":false},"excerpt":{"rendered":"","protected":false},"featured_media":43689,"comment_status":"open","ping_status":"closed","template":"","meta":{"_acf_changed":false,"inline_featured_image":false},"product_brand":[1277],"product_cat":[143],"product_tag":[],"class_list":{"0":"post-43547","1":"product","2":"type-product","3":"status-publish","4":"has-post-thumbnail","6":"product_brand-asolo","7":"product_cat-trekking","9":"first","10":"instock","11":"shipping-taxable","12":"purchasable","13":"product-type-simple"},"acf":[],"yoast_head":"<!-- This site is optimized with the Yoast SEO plugin v27.4 - https:\/\/yoast.com\/product\/yoast-seo-wordpress\/ -->\n<title>\u0411\u043e\u0442\u0438\u043d\u043a\u0438 Asolo Arctic GV grey\/gunmetal\/blue - \u041c\u0430\u0433\u0430\u0437\u0438\u043d Xstyle<\/title>\n<meta name=\"description\" content=\"\u041f\u043e\u043a\u0443\u043f\u0430\u0439\u0442\u0435 \u043e\u0431\u0443\u0432\u044c Asolo Arctic GV grey\/gunmetal\/blue \u0441 GORETEX \u0438 Vibram Arctic Grip \u0434\u043b\u044f \u043d\u0430\u0434\u0435\u0436\u043d\u043e\u0433\u043e \u043a\u043e\u043c\u0444\u043e\u0440\u0442\u0430 \u0438 \u0437\u0430\u0449\u0438\u0442\u044b \u0432 \u043b\u044e\u0431\u044b\u0445 \u0443\u0441\u043b\u043e\u0432\u0438\u044f\u0445. \u0418\u0434\u0435\u0430\u043b\u044c\u043d\u044b \u0434\u043b\u044f \u0430\u043a\u0442\u0438\u0432\u043d\u043e\u0433\u043e \u043e\u0442\u0434\u044b\u0445\u0430!\" \/>\n<meta name=\"robots\" content=\"index, follow, max-snippet:-1, max-image-preview:large, max-video-preview:-1\" \/>\n<link rel=\"canonical\" href=\"https:\/\/xstyle.md\/ro\/produs\/botinki-asolo-arctic-gv-grey-gunmetal-blue\/\" \/>\n<meta property=\"og:locale\" content=\"ro_RO\" \/>\n<meta property=\"og:type\" content=\"article\" \/>\n<meta property=\"og:title\" content=\"\u0411\u043e\u0442\u0438\u043d\u043a\u0438 Asolo Arctic GV grey\/gunmetal\/blue - \u041c\u0430\u0433\u0430\u0437\u0438\u043d Xstyle\" \/>\n<meta property=\"og:description\" content=\"\u041f\u043e\u043a\u0443\u043f\u0430\u0439\u0442\u0435 \u043e\u0431\u0443\u0432\u044c Asolo Arctic GV grey\/gunmetal\/blue \u0441 GORETEX \u0438 Vibram Arctic Grip \u0434\u043b\u044f \u043d\u0430\u0434\u0435\u0436\u043d\u043e\u0433\u043e \u043a\u043e\u043c\u0444\u043e\u0440\u0442\u0430 \u0438 \u0437\u0430\u0449\u0438\u0442\u044b \u0432 \u043b\u044e\u0431\u044b\u0445 \u0443\u0441\u043b\u043e\u0432\u0438\u044f\u0445. \u0418\u0434\u0435\u0430\u043b\u044c\u043d\u044b \u0434\u043b\u044f \u0430\u043a\u0442\u0438\u0432\u043d\u043e\u0433\u043e \u043e\u0442\u0434\u044b\u0445\u0430!\" \/>\n<meta property=\"og:url\" content=\"https:\/\/xstyle.md\/ro\/produs\/botinki-asolo-arctic-gv-grey-gunmetal-blue\/\" \/>\n<meta property=\"og:site_name\" content=\"\u041c\u0430\u0433\u0430\u0437\u0438\u043d Xstyle\" \/>\n<meta property=\"article:publisher\" content=\"https:\/\/www.facebook.com\/xstylemd\" \/>\n<meta property=\"article:modified_time\" content=\"2026-03-19T13:47:16+00:00\" \/>\n<meta property=\"og:image\" content=\"https:\/\/xstyle.md\/wp-content\/uploads\/2021\/12\/asolo-arctic-gv-grey-gunmetal-blue.jpg\" \/>\n\t<meta property=\"og:image:width\" content=\"1500\" \/>\n\t<meta property=\"og:image:height\" content=\"1001\" \/>\n\t<meta property=\"og:image:type\" content=\"image\/jpeg\" \/>\n<meta name=\"twitter:card\" content=\"summary_large_image\" \/>\n<meta name=\"twitter:label1\" content=\"Pre\u021b\" \/>\n\t<meta name=\"twitter:data1\" content=\"5.390&nbsp;MDL\" \/>\n\t<meta name=\"twitter:label2\" content=\"Disponibilitate\" \/>\n\t<meta name=\"twitter:data2\" content=\"\u00cen stoc\" \/>\n<script type=\"application\/ld+json\" class=\"yoast-schema-graph\">{\"@context\":\"https:\\\/\\\/schema.org\",\"@graph\":[{\"@type\":\"WebPage\",\"@id\":\"https:\\\/\\\/xstyle.md\\\/product\\\/botinki-asolo-arctic-gv-grey-gunmetal-blue\\\/\",\"url\":\"https:\\\/\\\/xstyle.md\\\/product\\\/botinki-asolo-arctic-gv-grey-gunmetal-blue\\\/\",\"name\":\"\u0411\u043e\u0442\u0438\u043d\u043a\u0438 Asolo Arctic GV grey\\\/gunmetal\\\/blue - \u041c\u0430\u0433\u0430\u0437\u0438\u043d Xstyle\",\"isPartOf\":{\"@id\":\"https:\\\/\\\/xstyle.md\\\/#website\"},\"primaryImageOfPage\":{\"@id\":\"https:\\\/\\\/xstyle.md\\\/product\\\/botinki-asolo-arctic-gv-grey-gunmetal-blue\\\/#primaryimage\"},\"image\":{\"@id\":\"https:\\\/\\\/xstyle.md\\\/product\\\/botinki-asolo-arctic-gv-grey-gunmetal-blue\\\/#primaryimage\"},\"thumbnailUrl\":\"https:\\\/\\\/xstyle.md\\\/wp-content\\\/uploads\\\/2021\\\/12\\\/asolo-arctic-gv-grey-gunmetal-blue.jpg\",\"datePublished\":\"2021-12-24T16:00:30+00:00\",\"dateModified\":\"2026-03-19T13:47:16+00:00\",\"description\":\"\u041f\u043e\u043a\u0443\u043f\u0430\u0439\u0442\u0435 \u043e\u0431\u0443\u0432\u044c Asolo Arctic GV grey\\\/gunmetal\\\/blue \u0441 GORETEX \u0438 Vibram Arctic Grip \u0434\u043b\u044f \u043d\u0430\u0434\u0435\u0436\u043d\u043e\u0433\u043e \u043a\u043e\u043c\u0444\u043e\u0440\u0442\u0430 \u0438 \u0437\u0430\u0449\u0438\u0442\u044b \u0432 \u043b\u044e\u0431\u044b\u0445 \u0443\u0441\u043b\u043e\u0432\u0438\u044f\u0445. \u0418\u0434\u0435\u0430\u043b\u044c\u043d\u044b \u0434\u043b\u044f \u0430\u043a\u0442\u0438\u0432\u043d\u043e\u0433\u043e \u043e\u0442\u0434\u044b\u0445\u0430!\",\"breadcrumb\":{\"@id\":\"https:\\\/\\\/xstyle.md\\\/product\\\/botinki-asolo-arctic-gv-grey-gunmetal-blue\\\/#breadcrumb\"},\"inLanguage\":\"ro-RO\",\"potentialAction\":[{\"@type\":\"ReadAction\",\"target\":[\"https:\\\/\\\/xstyle.md\\\/product\\\/botinki-asolo-arctic-gv-grey-gunmetal-blue\\\/\"]}]},{\"@type\":\"ImageObject\",\"inLanguage\":\"ro-RO\",\"@id\":\"https:\\\/\\\/xstyle.md\\\/product\\\/botinki-asolo-arctic-gv-grey-gunmetal-blue\\\/#primaryimage\",\"url\":\"https:\\\/\\\/xstyle.md\\\/wp-content\\\/uploads\\\/2021\\\/12\\\/asolo-arctic-gv-grey-gunmetal-blue.jpg\",\"contentUrl\":\"https:\\\/\\\/xstyle.md\\\/wp-content\\\/uploads\\\/2021\\\/12\\\/asolo-arctic-gv-grey-gunmetal-blue.jpg\",\"width\":1500,\"height\":1001,\"caption\":\"\u041a\u0443\u043f\u0438\u0442\u044c \u0430\u043a\u0442\u0438\u0432\u043d\u0443\u044e \u044d\u043a\u0438\u043f\u0438\u0440\u043e\u0432\u043a\u0443 \u043e\u0431\u0443\u0432\u044c \u0434\u043b\u044f \u0430\u043b\u044c\u043f\u0438\u043d\u0438\u0437\u043c\u0430 \u0438 \u0442\u0443\u0440\u0438\u0437\u043c\u0430 \u0431\u043e\u0442\u0438\u043d\u043a\u0438 Asolo Arctic GV \u0441\u0435\u0440\u044b\u0435 \u0441 \u0433\u043e\u043b\u0443\u0431\u044b\u043c\u0438 \u0434\u043b\u044f \u043f\u0443\u0442\u0435\u0448\u0435\u0441\u0442\u0432\u0438\u0439 \u0438 \u043f\u043e\u0445\u043e\u0434\u043e\u0432 \u043d\u0430 \u0441\u0430\u0439\u0442\u0435 \u0438\u043d\u0442\u0435\u0440\u043d\u0435\u0442-\u043c\u0430\u0433\u0430\u0437\u0438\u043d\u0430 \u0441 \u043e\u0434\u0435\u0436\u0434\u043e\u0439 \u0438 \u043e\u0431\u0443\u0432\u044c\u044e \u0434\u043b\u044f \u0430\u043a\u0442\u0438\u0432\u043d\u043e\u0433\u043e \u043e\u0442\u0434\u044b\u0445\u0430\"},{\"@type\":\"BreadcrumbList\",\"@id\":\"https:\\\/\\\/xstyle.md\\\/product\\\/botinki-asolo-arctic-gv-grey-gunmetal-blue\\\/#breadcrumb\",\"itemListElement\":[{\"@type\":\"ListItem\",\"position\":1,\"name\":\"\u0413\u043b\u0430\u0432\u043d\u0430\u044f \u0441\u0442\u0440\u0430\u043d\u0438\u0446\u0430\",\"item\":\"https:\\\/\\\/xstyle.md\\\/\"},{\"@type\":\"ListItem\",\"position\":2,\"name\":\"\u041c\u0430\u0433\u0430\u0437\u0438\u043d\",\"item\":\"https:\\\/\\\/xstyle.md\\\/shop\\\/\"},{\"@type\":\"ListItem\",\"position\":3,\"name\":\"\u0411\u043e\u0442\u0438\u043d\u043a\u0438 Asolo Arctic GV grey\\\/gunmetal\\\/blue\"}]},{\"@type\":\"WebSite\",\"@id\":\"https:\\\/\\\/xstyle.md\\\/#website\",\"url\":\"https:\\\/\\\/xstyle.md\\\/\",\"name\":\"\u041c\u0430\u0433\u0430\u0437\u0438\u043d Xstyle\",\"description\":\"C\u043d\u0430\u0440\u044f\u0436\u0435\u043d\u0438\u0435 \u0434\u043b\u044f \u0442\u0443\u0440\u0438\u0437\u043c\u0430 \u0438 \u044d\u043a\u0441\u0442\u0440\u0435\u043c\u0430\u043b\u044c\u043d\u044b\u0445 \u0432\u0438\u0434\u043e\u0432 \u0441\u043f\u043e\u0440\u0442\u0430 \u0432 \u041c\u043e\u043b\u0434\u043e\u0432\u0435.. \u0426\u0435\u043d\u044b, \u0444\u043e\u0442\u043e, \u0445\u0430\u0440\u0430\u043a\u0442\u0435\u0440\u0438\u0441\u0442\u0438\u043a\u0438 \u0432 \u041c\u043e\u043b\u0434\u043e\u0432\u0435.\",\"publisher\":{\"@id\":\"https:\\\/\\\/xstyle.md\\\/#organization\"},\"alternateName\":\"X-Style\",\"potentialAction\":[{\"@type\":\"SearchAction\",\"target\":{\"@type\":\"EntryPoint\",\"urlTemplate\":\"https:\\\/\\\/xstyle.md\\\/?s={search_term_string}\"},\"query-input\":{\"@type\":\"PropertyValueSpecification\",\"valueRequired\":true,\"valueName\":\"search_term_string\"}}],\"inLanguage\":\"ro-RO\"},{\"@type\":\"Organization\",\"@id\":\"https:\\\/\\\/xstyle.md\\\/#organization\",\"name\":\"\u041c\u0430\u0433\u0430\u0437\u0438\u043d Xstyle\",\"alternateName\":\"x-style\",\"url\":\"https:\\\/\\\/xstyle.md\\\/\",\"logo\":{\"@type\":\"ImageObject\",\"inLanguage\":\"ro-RO\",\"@id\":\"https:\\\/\\\/xstyle.md\\\/#\\\/schema\\\/logo\\\/image\\\/\",\"url\":\"https:\\\/\\\/xstyle.md\\\/wp-content\\\/uploads\\\/2020\\\/06\\\/logoicon.svg\",\"contentUrl\":\"https:\\\/\\\/xstyle.md\\\/wp-content\\\/uploads\\\/2020\\\/06\\\/logoicon.svg\",\"caption\":\"\u041c\u0430\u0433\u0430\u0437\u0438\u043d Xstyle\"},\"image\":{\"@id\":\"https:\\\/\\\/xstyle.md\\\/#\\\/schema\\\/logo\\\/image\\\/\"},\"sameAs\":[\"https:\\\/\\\/www.facebook.com\\\/xstylemd\",\"https:\\\/\\\/www.instagram.com\\\/xstyle_md\\\/\",\"https:\\\/\\\/t.me\\\/xstyle_outdoor\"],\"hasMerchantReturnPolicy\":{\"@type\":\"MerchantReturnPolicy\",\"merchantReturnLink\":\"https:\\\/\\\/xstyle.md\\\/ro\\\/conditions\\\/\"}}]}<\/script>\n<meta property=\"product:price:amount\" content=\"5390.00\" \/>\n<meta property=\"product:price:currency\" content=\"MDL\" \/>\n<meta property=\"og:availability\" content=\"instock\" \/>\n<meta property=\"product:availability\" content=\"instock\" \/>\n<meta property=\"product:retailer_item_id\" content=\"8026948924422\" \/>\n<meta property=\"product:condition\" content=\"new\" \/>\n<!-- \/ Yoast SEO plugin. -->","yoast_head_json":{"title":"Bocanci Asolo Arctic GV grey\/gunmetal\/blue - Magazin Xstyle","description":"Cump\u0103ra\u021bi \u00eenc\u0103l\u021b\u0103minte Asolo Arctic GV grey\/gunmetal\/blue cu GORETEX \u0219i Vibram Arctic Grip pentru confort \u0219i protec\u021bie fiabil\u0103 \u00een orice condi\u021bii. Ideal pentru activit\u0103\u021bi \u00een aer liber!","robots":{"index":"index","follow":"follow","max-snippet":"max-snippet:-1","max-image-preview":"max-image-preview:large","max-video-preview":"max-video-preview:-1"},"canonical":"https:\/\/xstyle.md\/ro\/produs\/botinki-asolo-arctic-gv-grey-gunmetal-blue\/","og_locale":"ro_RO","og_type":"article","og_title":"\u0411\u043e\u0442\u0438\u043d\u043a\u0438 Asolo Arctic GV grey\/gunmetal\/blue - \u041c\u0430\u0433\u0430\u0437\u0438\u043d Xstyle","og_description":"\u041f\u043e\u043a\u0443\u043f\u0430\u0439\u0442\u0435 \u043e\u0431\u0443\u0432\u044c Asolo Arctic GV grey\/gunmetal\/blue \u0441 GORETEX \u0438 Vibram Arctic Grip \u0434\u043b\u044f \u043d\u0430\u0434\u0435\u0436\u043d\u043e\u0433\u043e \u043a\u043e\u043c\u0444\u043e\u0440\u0442\u0430 \u0438 \u0437\u0430\u0449\u0438\u0442\u044b \u0432 \u043b\u044e\u0431\u044b\u0445 \u0443\u0441\u043b\u043e\u0432\u0438\u044f\u0445. \u0418\u0434\u0435\u0430\u043b\u044c\u043d\u044b \u0434\u043b\u044f \u0430\u043a\u0442\u0438\u0432\u043d\u043e\u0433\u043e \u043e\u0442\u0434\u044b\u0445\u0430!","og_url":"https:\/\/xstyle.md\/ro\/produs\/botinki-asolo-arctic-gv-grey-gunmetal-blue\/","og_site_name":"\u041c\u0430\u0433\u0430\u0437\u0438\u043d Xstyle","article_publisher":"https:\/\/www.facebook.com\/xstylemd","article_modified_time":"2026-03-19T13:47:16+00:00","og_image":[{"width":1500,"height":1001,"url":"https:\/\/xstyle.md\/wp-content\/uploads\/2021\/12\/asolo-arctic-gv-grey-gunmetal-blue.jpg","type":"image\/jpeg"}],"twitter_card":"summary_large_image","twitter_misc":{"Pre\u021b":"5.390&nbsp;MDL","Disponibilitate":"\u00cen stoc"},"schema":{"@context":"https:\/\/schema.org","@graph":[{"@type":"WebPage","@id":"https:\/\/xstyle.md\/product\/botinki-asolo-arctic-gv-grey-gunmetal-blue\/","url":"https:\/\/xstyle.md\/product\/botinki-asolo-arctic-gv-grey-gunmetal-blue\/","name":"Bocanci Asolo Arctic GV grey\/gunmetal\/blue - Magazin Xstyle","isPartOf":{"@id":"https:\/\/xstyle.md\/#website"},"primaryImageOfPage":{"@id":"https:\/\/xstyle.md\/product\/botinki-asolo-arctic-gv-grey-gunmetal-blue\/#primaryimage"},"image":{"@id":"https:\/\/xstyle.md\/product\/botinki-asolo-arctic-gv-grey-gunmetal-blue\/#primaryimage"},"thumbnailUrl":"https:\/\/xstyle.md\/wp-content\/uploads\/2021\/12\/asolo-arctic-gv-grey-gunmetal-blue.jpg","datePublished":"2021-12-24T16:00:30+00:00","dateModified":"2026-03-19T13:47:16+00:00","description":"Cump\u0103ra\u021bi \u00eenc\u0103l\u021b\u0103minte Asolo Arctic GV grey\/gunmetal\/blue cu GORETEX \u0219i Vibram Arctic Grip pentru confort \u0219i protec\u021bie fiabil\u0103 \u00een orice condi\u021bii. Ideal pentru activit\u0103\u021bi \u00een aer liber!","breadcrumb":{"@id":"https:\/\/xstyle.md\/product\/botinki-asolo-arctic-gv-grey-gunmetal-blue\/#breadcrumb"},"inLanguage":"ro-RO","potentialAction":[{"@type":"ReadAction","target":["https:\/\/xstyle.md\/product\/botinki-asolo-arctic-gv-grey-gunmetal-blue\/"]}]},{"@type":"ImageObject","inLanguage":"ro-RO","@id":"https:\/\/xstyle.md\/product\/botinki-asolo-arctic-gv-grey-gunmetal-blue\/#primaryimage","url":"https:\/\/xstyle.md\/wp-content\/uploads\/2021\/12\/asolo-arctic-gv-grey-gunmetal-blue.jpg","contentUrl":"https:\/\/xstyle.md\/wp-content\/uploads\/2021\/12\/asolo-arctic-gv-grey-gunmetal-blue.jpg","width":1500,"height":1001,"caption":"\u041a\u0443\u043f\u0438\u0442\u044c \u0430\u043a\u0442\u0438\u0432\u043d\u0443\u044e \u044d\u043a\u0438\u043f\u0438\u0440\u043e\u0432\u043a\u0443 \u043e\u0431\u0443\u0432\u044c \u0434\u043b\u044f \u0430\u043b\u044c\u043f\u0438\u043d\u0438\u0437\u043c\u0430 \u0438 \u0442\u0443\u0440\u0438\u0437\u043c\u0430 \u0431\u043e\u0442\u0438\u043d\u043a\u0438 Asolo Arctic GV \u0441\u0435\u0440\u044b\u0435 \u0441 \u0433\u043e\u043b\u0443\u0431\u044b\u043c\u0438 \u0434\u043b\u044f \u043f\u0443\u0442\u0435\u0448\u0435\u0441\u0442\u0432\u0438\u0439 \u0438 \u043f\u043e\u0445\u043e\u0434\u043e\u0432 \u043d\u0430 \u0441\u0430\u0439\u0442\u0435 \u0438\u043d\u0442\u0435\u0440\u043d\u0435\u0442-\u043c\u0430\u0433\u0430\u0437\u0438\u043d\u0430 \u0441 \u043e\u0434\u0435\u0436\u0434\u043e\u0439 \u0438 \u043e\u0431\u0443\u0432\u044c\u044e \u0434\u043b\u044f \u0430\u043a\u0442\u0438\u0432\u043d\u043e\u0433\u043e \u043e\u0442\u0434\u044b\u0445\u0430"},{"@type":"BreadcrumbList","@id":"https:\/\/xstyle.md\/product\/botinki-asolo-arctic-gv-grey-gunmetal-blue\/#breadcrumb","itemListElement":[{"@type":"ListItem","position":1,"name":"\u0413\u043b\u0430\u0432\u043d\u0430\u044f \u0441\u0442\u0440\u0430\u043d\u0438\u0446\u0430","item":"https:\/\/xstyle.md\/"},{"@type":"ListItem","position":2,"name":"\u041c\u0430\u0433\u0430\u0437\u0438\u043d","item":"https:\/\/xstyle.md\/shop\/"},{"@type":"ListItem","position":3,"name":"\u0411\u043e\u0442\u0438\u043d\u043a\u0438 Asolo Arctic GV grey\/gunmetal\/blue"}]},{"@type":"WebSite","@id":"https:\/\/xstyle.md\/#website","url":"https:\/\/xstyle.md\/","name":"Magazinul X-Style","description":"Echipamente pentru turism \u0219i sporturi extreme \u00een Moldova. Pre\u021buri, fotografii, caracteristici \u00een Moldova.","publisher":{"@id":"https:\/\/xstyle.md\/#organization"},"alternateName":"X-Style","potentialAction":[{"@type":"SearchAction","target":{"@type":"EntryPoint","urlTemplate":"https:\/\/xstyle.md\/?s={search_term_string}"},"query-input":{"@type":"PropertyValueSpecification","valueRequired":true,"valueName":"search_term_string"}}],"inLanguage":"ro-RO"},{"@type":"Organization","@id":"https:\/\/xstyle.md\/#organization","name":"Magazinul X-Style","alternateName":"x-style","url":"https:\/\/xstyle.md\/","logo":{"@type":"ImageObject","inLanguage":"ro-RO","@id":"https:\/\/xstyle.md\/#\/schema\/logo\/image\/","url":"https:\/\/xstyle.md\/wp-content\/uploads\/2020\/06\/logoicon.svg","contentUrl":"https:\/\/xstyle.md\/wp-content\/uploads\/2020\/06\/logoicon.svg","caption":"\u041c\u0430\u0433\u0430\u0437\u0438\u043d Xstyle"},"image":{"@id":"https:\/\/xstyle.md\/#\/schema\/logo\/image\/"},"sameAs":["https:\/\/www.facebook.com\/xstylemd","https:\/\/www.instagram.com\/xstyle_md\/","https:\/\/t.me\/xstyle_outdoor"],"hasMerchantReturnPolicy":{"@type":"MerchantReturnPolicy","merchantReturnLink":"https:\/\/xstyle.md\/ro\/conditions\/"}}]},"product_price_amount":"5390.00","product_price_currency":"MDL","og_availability":"instock","product_availability":"instock","product_retailer_item_id":"8026948924422","product_condition":"new"},"post_mailing_queue_ids":[],"_links":{"self":[{"href":"https:\/\/xstyle.md\/ro\/wp-json\/wp\/v2\/product\/43547","targetHints":{"allow":["GET"]}}],"collection":[{"href":"https:\/\/xstyle.md\/ro\/wp-json\/wp\/v2\/product"}],"about":[{"href":"https:\/\/xstyle.md\/ro\/wp-json\/wp\/v2\/types\/product"}],"replies":[{"embeddable":true,"href":"https:\/\/xstyle.md\/ro\/wp-json\/wp\/v2\/comments?post=43547"}],"wp:featuredmedia":[{"embeddable":true,"href":"https:\/\/xstyle.md\/ro\/wp-json\/wp\/v2\/media\/43689"}],"wp:attachment":[{"href":"https:\/\/xstyle.md\/ro\/wp-json\/wp\/v2\/media?parent=43547"}],"wp:term":[{"taxonomy":"product_brand","embeddable":true,"href":"https:\/\/xstyle.md\/ro\/wp-json\/wp\/v2\/product_brand?post=43547"},{"taxonomy":"product_cat","embeddable":true,"href":"https:\/\/xstyle.md\/ro\/wp-json\/wp\/v2\/product_cat?post=43547"},{"taxonomy":"product_tag","embeddable":true,"href":"https:\/\/xstyle.md\/ro\/wp-json\/wp\/v2\/product_tag?post=43547"}],"curies":[{"name":"wp","href":"https:\/\/api.w.org\/{rel}","templated":true}]}}