{"id":4308,"date":"2020-07-16T19:44:43","date_gmt":"2020-07-16T16:44:43","guid":{"rendered":"https:\/\/xstyle.md\/?post_type=product&#038;p=4308"},"modified":"2025-10-24T13:03:34","modified_gmt":"2025-10-24T10:03:34","slug":"gorelka-primus-mimer-stove-uten-piezo","status":"publish","type":"product","link":"https:\/\/xstyle.md\/ro\/produs\/gorelka-primus-mimer-stove-uten-piezo\/","title":{"rendered":"Arz\u0103tor PRIMUS Mimer Stove"},"content":{"rendered":"<\/p>\n<p><strong>Arz\u0103tor PRIMUS Mimer Stove<\/strong> &#8212; un arz\u0103tor clasic turistic, un model foarte fiabil \u0219i puternic. U\u0219or de utilizat, durabil, pentru o gam\u0103 larg\u0103 de utilizatori, pentru cei c\u0103rora le place s\u0103 se bucure de m\u00e2ncare delicioas\u0103, preg\u0103tit\u0103 \u00een condi\u021bii de camping. Este echipat cu suporturi cruciforme foarte puternice pentru vas, concepute pentru protec\u021bia \u00eempotriva v\u00e2ntului, ceea ce va accelera foarte mult procesul de g\u0103tire. Dac\u0103 este necesar, este posibil s\u0103 dota\u021bi arz\u0103torul cu aprindere piezo. De asemenea, este inclus\u0103 o pung\u0103 de ambalaj din nylon rezistent\u0103. Cu acest arz\u0103tor, pute\u021bi prepara cu u\u0219urin\u021b\u0103 m\u00e2ncare gustoas\u0103 \u0219i hr\u0103nitoare, f\u0103r\u0103 probleme.<\/p>\n<h3>Specificatii<\/h3>\n<ul>\n<li>Se instaleaz\u0103 direct \u00eentr-un cilindru de gaz Supap\u0103 cu regulator pentru performan\u021be maxime<\/li>\n<li>Stabil pentru tig\u0103ile mari<\/li>\n<li>Aprindere piezo \u00eencorporat\u0103<\/li>\n<li>M\u00e2ner pliabil<\/li>\n<li>Patru picioru\u015fe pliabile<\/li>\n<\/ul>\n<h3>Caracteristici<\/h3>\n<ul>\n<li>Putere &#8212; 2800 W<\/li>\n<li>Greutate &#8212; 227 g<\/li>\n<li>Dimensiuni &#8212; 125x125x55 mm<\/li>\n<li>Potrivit pentru &#8212; 1-3 persoane<\/li>\n<li>Timp de fierbere 1 litru de ap\u0103 &#8212; 3 min<\/li>\n<li>Tip de cilindru &#8212; filetat<\/li>\n<li>Num\u0103rul de arz\u0103toare \u2013 1<\/li>\n<li>Material &#8212; O\u021bel inoxidabil<\/li>\n<\/ul>\n<p><\/p>","protected":false},"excerpt":{"rendered":"<p>Arz\u0103tor PRIMUS Mimer Stove<\/p>","protected":false},"featured_media":4304,"comment_status":"open","ping_status":"closed","template":"","meta":{"_acf_changed":false,"inline_featured_image":false},"product_brand":[1272],"product_cat":[83],"product_tag":[],"class_list":{"0":"post-4308","1":"product","2":"type-product","3":"status-publish","4":"has-post-thumbnail","6":"product_brand-primus","7":"product_cat-arzatoare-fara-furtun","9":"first","10":"instock","11":"shipping-taxable","12":"purchasable","13":"product-type-simple"},"acf":[],"yoast_head":"<!-- This site is optimized with the Yoast SEO plugin v27.4 - https:\/\/yoast.com\/product\/yoast-seo-wordpress\/ -->\n<title>\u0413\u043e\u0440\u0435\u043b\u043a\u0430 Primus Mimer Stove - \u041c\u0430\u0433\u0430\u0437\u0438\u043d Xstyle<\/title>\n<meta name=\"description\" content=\"\u041e\u0442\u043a\u0440\u043e\u0439\u0442\u0435 \u0434\u043b\u044f \u0441\u0435\u0431\u044f \u0433\u043e\u0440\u0435\u043b\u043a\u0443 Primus Mimer - \u043d\u0430\u0434\u0435\u0436\u043d\u044b\u0439 \u0438 \u043c\u043e\u0449\u043d\u044b\u0439 \u0442\u0443\u0440\u0438\u0441\u0442\u0438\u0447\u0435\u0441\u043a\u0438\u0439 \u043f\u0440\u0438\u0431\u043e\u0440. \u0418\u0434\u0435\u0430\u043b\u044c\u043d\u0430 \u0434\u043b\u044f \u043f\u0440\u0438\u0433\u043e\u0442\u043e\u0432\u043b\u0435\u043d\u0438\u044f \u043f\u0438\u0449\u0438 \u043d\u0430 \u043f\u0440\u0438\u0440\u043e\u0434\u0435 \u0441 \u043f\u043e\u043c\u043e\u0449\u044c\u044e \u043f\u0440\u043e\u0447\u043d\u044b\u0445 \u043f\u043e\u0434\u0434\u0435\u0440\u0436\u0435\u043a.\" \/>\n<meta name=\"robots\" content=\"index, follow, max-snippet:-1, max-image-preview:large, max-video-preview:-1\" \/>\n<link rel=\"canonical\" href=\"https:\/\/xstyle.md\/ro\/produs\/gorelka-primus-mimer-stove-uten-piezo\/\" \/>\n<meta property=\"og:locale\" content=\"ro_RO\" \/>\n<meta property=\"og:type\" content=\"article\" \/>\n<meta property=\"og:title\" content=\"\u0413\u043e\u0440\u0435\u043b\u043a\u0430 Primus Mimer Stove - \u041c\u0430\u0433\u0430\u0437\u0438\u043d Xstyle\" \/>\n<meta property=\"og:description\" content=\"\u041e\u0442\u043a\u0440\u043e\u0439\u0442\u0435 \u0434\u043b\u044f \u0441\u0435\u0431\u044f \u0433\u043e\u0440\u0435\u043b\u043a\u0443 Primus Mimer - \u043d\u0430\u0434\u0435\u0436\u043d\u044b\u0439 \u0438 \u043c\u043e\u0449\u043d\u044b\u0439 \u0442\u0443\u0440\u0438\u0441\u0442\u0438\u0447\u0435\u0441\u043a\u0438\u0439 \u043f\u0440\u0438\u0431\u043e\u0440. \u0418\u0434\u0435\u0430\u043b\u044c\u043d\u0430 \u0434\u043b\u044f \u043f\u0440\u0438\u0433\u043e\u0442\u043e\u0432\u043b\u0435\u043d\u0438\u044f \u043f\u0438\u0449\u0438 \u043d\u0430 \u043f\u0440\u0438\u0440\u043e\u0434\u0435 \u0441 \u043f\u043e\u043c\u043e\u0449\u044c\u044e \u043f\u0440\u043e\u0447\u043d\u044b\u0445 \u043f\u043e\u0434\u0434\u0435\u0440\u0436\u0435\u043a.\" \/>\n<meta property=\"og:url\" content=\"https:\/\/xstyle.md\/ro\/produs\/gorelka-primus-mimer-stove-uten-piezo\/\" \/>\n<meta property=\"og:site_name\" content=\"\u041c\u0430\u0433\u0430\u0437\u0438\u043d Xstyle\" \/>\n<meta property=\"article:publisher\" content=\"https:\/\/www.facebook.com\/xstylemd\" \/>\n<meta property=\"article:modified_time\" content=\"2025-10-24T10:03:34+00:00\" \/>\n<meta property=\"og:image\" content=\"https:\/\/xstyle.md\/wp-content\/uploads\/2020\/07\/3553685954364990110_medium.jpg\" \/>\n\t<meta property=\"og:image:width\" content=\"240\" \/>\n\t<meta property=\"og:image:height\" content=\"240\" \/>\n\t<meta property=\"og:image:type\" content=\"image\/jpeg\" \/>\n<meta name=\"twitter:card\" content=\"summary_large_image\" \/>\n<meta name=\"twitter:label1\" content=\"Pre\u021b\" \/>\n\t<meta name=\"twitter:data1\" content=\"650&nbsp;MDL\" \/>\n\t<meta name=\"twitter:label2\" content=\"Disponibilitate\" \/>\n\t<meta name=\"twitter:data2\" content=\"\u00cen stoc\" \/>\n<script type=\"application\/ld+json\" class=\"yoast-schema-graph\">{\"@context\":\"https:\\\/\\\/schema.org\",\"@graph\":[{\"@type\":\"WebPage\",\"@id\":\"https:\\\/\\\/xstyle.md\\\/product\\\/gorelka-primus-mimer-stove-uten-piezo\\\/\",\"url\":\"https:\\\/\\\/xstyle.md\\\/product\\\/gorelka-primus-mimer-stove-uten-piezo\\\/\",\"name\":\"\u0413\u043e\u0440\u0435\u043b\u043a\u0430 Primus Mimer Stove - \u041c\u0430\u0433\u0430\u0437\u0438\u043d Xstyle\",\"isPartOf\":{\"@id\":\"https:\\\/\\\/xstyle.md\\\/#website\"},\"primaryImageOfPage\":{\"@id\":\"https:\\\/\\\/xstyle.md\\\/product\\\/gorelka-primus-mimer-stove-uten-piezo\\\/#primaryimage\"},\"image\":{\"@id\":\"https:\\\/\\\/xstyle.md\\\/product\\\/gorelka-primus-mimer-stove-uten-piezo\\\/#primaryimage\"},\"thumbnailUrl\":\"https:\\\/\\\/xstyle.md\\\/wp-content\\\/uploads\\\/2020\\\/07\\\/3553685954364990110_medium.jpg\",\"datePublished\":\"2020-07-16T16:44:43+00:00\",\"dateModified\":\"2025-10-24T10:03:34+00:00\",\"description\":\"\u041e\u0442\u043a\u0440\u043e\u0439\u0442\u0435 \u0434\u043b\u044f \u0441\u0435\u0431\u044f \u0433\u043e\u0440\u0435\u043b\u043a\u0443 Primus Mimer - \u043d\u0430\u0434\u0435\u0436\u043d\u044b\u0439 \u0438 \u043c\u043e\u0449\u043d\u044b\u0439 \u0442\u0443\u0440\u0438\u0441\u0442\u0438\u0447\u0435\u0441\u043a\u0438\u0439 \u043f\u0440\u0438\u0431\u043e\u0440. \u0418\u0434\u0435\u0430\u043b\u044c\u043d\u0430 \u0434\u043b\u044f \u043f\u0440\u0438\u0433\u043e\u0442\u043e\u0432\u043b\u0435\u043d\u0438\u044f \u043f\u0438\u0449\u0438 \u043d\u0430 \u043f\u0440\u0438\u0440\u043e\u0434\u0435 \u0441 \u043f\u043e\u043c\u043e\u0449\u044c\u044e \u043f\u0440\u043e\u0447\u043d\u044b\u0445 \u043f\u043e\u0434\u0434\u0435\u0440\u0436\u0435\u043a.\",\"breadcrumb\":{\"@id\":\"https:\\\/\\\/xstyle.md\\\/product\\\/gorelka-primus-mimer-stove-uten-piezo\\\/#breadcrumb\"},\"inLanguage\":\"ro-RO\",\"potentialAction\":[{\"@type\":\"ReadAction\",\"target\":[\"https:\\\/\\\/xstyle.md\\\/product\\\/gorelka-primus-mimer-stove-uten-piezo\\\/\"]}]},{\"@type\":\"ImageObject\",\"inLanguage\":\"ro-RO\",\"@id\":\"https:\\\/\\\/xstyle.md\\\/product\\\/gorelka-primus-mimer-stove-uten-piezo\\\/#primaryimage\",\"url\":\"https:\\\/\\\/xstyle.md\\\/wp-content\\\/uploads\\\/2020\\\/07\\\/3553685954364990110_medium.jpg\",\"contentUrl\":\"https:\\\/\\\/xstyle.md\\\/wp-content\\\/uploads\\\/2020\\\/07\\\/3553685954364990110_medium.jpg\",\"width\":240,\"height\":240},{\"@type\":\"BreadcrumbList\",\"@id\":\"https:\\\/\\\/xstyle.md\\\/product\\\/gorelka-primus-mimer-stove-uten-piezo\\\/#breadcrumb\",\"itemListElement\":[{\"@type\":\"ListItem\",\"position\":1,\"name\":\"\u0413\u043b\u0430\u0432\u043d\u0430\u044f \u0441\u0442\u0440\u0430\u043d\u0438\u0446\u0430\",\"item\":\"https:\\\/\\\/xstyle.md\\\/\"},{\"@type\":\"ListItem\",\"position\":2,\"name\":\"\u041c\u0430\u0433\u0430\u0437\u0438\u043d\",\"item\":\"https:\\\/\\\/xstyle.md\\\/shop\\\/\"},{\"@type\":\"ListItem\",\"position\":3,\"name\":\"\u0413\u043e\u0440\u0435\u043b\u043a\u0430 Primus Mimer Stove\"}]},{\"@type\":\"WebSite\",\"@id\":\"https:\\\/\\\/xstyle.md\\\/#website\",\"url\":\"https:\\\/\\\/xstyle.md\\\/\",\"name\":\"\u041c\u0430\u0433\u0430\u0437\u0438\u043d Xstyle\",\"description\":\"C\u043d\u0430\u0440\u044f\u0436\u0435\u043d\u0438\u0435 \u0434\u043b\u044f \u0442\u0443\u0440\u0438\u0437\u043c\u0430 \u0438 \u044d\u043a\u0441\u0442\u0440\u0435\u043c\u0430\u043b\u044c\u043d\u044b\u0445 \u0432\u0438\u0434\u043e\u0432 \u0441\u043f\u043e\u0440\u0442\u0430 \u0432 \u041c\u043e\u043b\u0434\u043e\u0432\u0435.. \u0426\u0435\u043d\u044b, \u0444\u043e\u0442\u043e, \u0445\u0430\u0440\u0430\u043a\u0442\u0435\u0440\u0438\u0441\u0442\u0438\u043a\u0438 \u0432 \u041c\u043e\u043b\u0434\u043e\u0432\u0435.\",\"publisher\":{\"@id\":\"https:\\\/\\\/xstyle.md\\\/#organization\"},\"alternateName\":\"X-Style\",\"potentialAction\":[{\"@type\":\"SearchAction\",\"target\":{\"@type\":\"EntryPoint\",\"urlTemplate\":\"https:\\\/\\\/xstyle.md\\\/?s={search_term_string}\"},\"query-input\":{\"@type\":\"PropertyValueSpecification\",\"valueRequired\":true,\"valueName\":\"search_term_string\"}}],\"inLanguage\":\"ro-RO\"},{\"@type\":\"Organization\",\"@id\":\"https:\\\/\\\/xstyle.md\\\/#organization\",\"name\":\"\u041c\u0430\u0433\u0430\u0437\u0438\u043d Xstyle\",\"alternateName\":\"x-style\",\"url\":\"https:\\\/\\\/xstyle.md\\\/\",\"logo\":{\"@type\":\"ImageObject\",\"inLanguage\":\"ro-RO\",\"@id\":\"https:\\\/\\\/xstyle.md\\\/#\\\/schema\\\/logo\\\/image\\\/\",\"url\":\"https:\\\/\\\/xstyle.md\\\/wp-content\\\/uploads\\\/2020\\\/06\\\/logoicon.svg\",\"contentUrl\":\"https:\\\/\\\/xstyle.md\\\/wp-content\\\/uploads\\\/2020\\\/06\\\/logoicon.svg\",\"caption\":\"\u041c\u0430\u0433\u0430\u0437\u0438\u043d Xstyle\"},\"image\":{\"@id\":\"https:\\\/\\\/xstyle.md\\\/#\\\/schema\\\/logo\\\/image\\\/\"},\"sameAs\":[\"https:\\\/\\\/www.facebook.com\\\/xstylemd\",\"https:\\\/\\\/www.instagram.com\\\/xstyle_md\\\/\",\"https:\\\/\\\/t.me\\\/xstyle_outdoor\"],\"hasMerchantReturnPolicy\":{\"@type\":\"MerchantReturnPolicy\",\"merchantReturnLink\":\"https:\\\/\\\/xstyle.md\\\/ro\\\/conditions\\\/\"}}]}<\/script>\n<meta property=\"product:price:amount\" content=\"650.00\" \/>\n<meta property=\"product:price:currency\" content=\"MDL\" \/>\n<meta property=\"og:availability\" content=\"instock\" \/>\n<meta property=\"product:availability\" content=\"instock\" \/>\n<meta property=\"product:retailer_item_id\" content=\"7330033224320\" \/>\n<meta property=\"product:condition\" content=\"new\" \/>\n<!-- \/ Yoast SEO plugin. -->","yoast_head_json":{"title":"Arz\u0103tor PRIMUS Mimer Stove - Magazin Xstyle","description":"Descoperi\u021bi arz\u0103torul Primus Mimer - un aparat turistic fiabil \u0219i puternic. Este ideal pentru g\u0103tit \u00een natur\u0103 cu ajutorul suporturilor robuste.","robots":{"index":"index","follow":"follow","max-snippet":"max-snippet:-1","max-image-preview":"max-image-preview:large","max-video-preview":"max-video-preview:-1"},"canonical":"https:\/\/xstyle.md\/ro\/produs\/gorelka-primus-mimer-stove-uten-piezo\/","og_locale":"ro_RO","og_type":"article","og_title":"\u0413\u043e\u0440\u0435\u043b\u043a\u0430 Primus Mimer Stove - \u041c\u0430\u0433\u0430\u0437\u0438\u043d Xstyle","og_description":"\u041e\u0442\u043a\u0440\u043e\u0439\u0442\u0435 \u0434\u043b\u044f \u0441\u0435\u0431\u044f \u0433\u043e\u0440\u0435\u043b\u043a\u0443 Primus Mimer - \u043d\u0430\u0434\u0435\u0436\u043d\u044b\u0439 \u0438 \u043c\u043e\u0449\u043d\u044b\u0439 \u0442\u0443\u0440\u0438\u0441\u0442\u0438\u0447\u0435\u0441\u043a\u0438\u0439 \u043f\u0440\u0438\u0431\u043e\u0440. \u0418\u0434\u0435\u0430\u043b\u044c\u043d\u0430 \u0434\u043b\u044f \u043f\u0440\u0438\u0433\u043e\u0442\u043e\u0432\u043b\u0435\u043d\u0438\u044f \u043f\u0438\u0449\u0438 \u043d\u0430 \u043f\u0440\u0438\u0440\u043e\u0434\u0435 \u0441 \u043f\u043e\u043c\u043e\u0449\u044c\u044e \u043f\u0440\u043e\u0447\u043d\u044b\u0445 \u043f\u043e\u0434\u0434\u0435\u0440\u0436\u0435\u043a.","og_url":"https:\/\/xstyle.md\/ro\/produs\/gorelka-primus-mimer-stove-uten-piezo\/","og_site_name":"\u041c\u0430\u0433\u0430\u0437\u0438\u043d Xstyle","article_publisher":"https:\/\/www.facebook.com\/xstylemd","article_modified_time":"2025-10-24T10:03:34+00:00","og_image":[{"width":240,"height":240,"url":"https:\/\/xstyle.md\/wp-content\/uploads\/2020\/07\/3553685954364990110_medium.jpg","type":"image\/jpeg"}],"twitter_card":"summary_large_image","twitter_misc":{"Pre\u021b":"650&nbsp;MDL","Disponibilitate":"\u00cen stoc"},"schema":{"@context":"https:\/\/schema.org","@graph":[{"@type":"WebPage","@id":"https:\/\/xstyle.md\/product\/gorelka-primus-mimer-stove-uten-piezo\/","url":"https:\/\/xstyle.md\/product\/gorelka-primus-mimer-stove-uten-piezo\/","name":"Arz\u0103tor PRIMUS Mimer Stove - Magazin Xstyle","isPartOf":{"@id":"https:\/\/xstyle.md\/#website"},"primaryImageOfPage":{"@id":"https:\/\/xstyle.md\/product\/gorelka-primus-mimer-stove-uten-piezo\/#primaryimage"},"image":{"@id":"https:\/\/xstyle.md\/product\/gorelka-primus-mimer-stove-uten-piezo\/#primaryimage"},"thumbnailUrl":"https:\/\/xstyle.md\/wp-content\/uploads\/2020\/07\/3553685954364990110_medium.jpg","datePublished":"2020-07-16T16:44:43+00:00","dateModified":"2025-10-24T10:03:34+00:00","description":"Descoperi\u021bi arz\u0103torul Primus Mimer - un aparat turistic fiabil \u0219i puternic. Este ideal pentru g\u0103tit \u00een natur\u0103 cu ajutorul suporturilor robuste.","breadcrumb":{"@id":"https:\/\/xstyle.md\/product\/gorelka-primus-mimer-stove-uten-piezo\/#breadcrumb"},"inLanguage":"ro-RO","potentialAction":[{"@type":"ReadAction","target":["https:\/\/xstyle.md\/product\/gorelka-primus-mimer-stove-uten-piezo\/"]}]},{"@type":"ImageObject","inLanguage":"ro-RO","@id":"https:\/\/xstyle.md\/product\/gorelka-primus-mimer-stove-uten-piezo\/#primaryimage","url":"https:\/\/xstyle.md\/wp-content\/uploads\/2020\/07\/3553685954364990110_medium.jpg","contentUrl":"https:\/\/xstyle.md\/wp-content\/uploads\/2020\/07\/3553685954364990110_medium.jpg","width":240,"height":240},{"@type":"BreadcrumbList","@id":"https:\/\/xstyle.md\/product\/gorelka-primus-mimer-stove-uten-piezo\/#breadcrumb","itemListElement":[{"@type":"ListItem","position":1,"name":"\u0413\u043b\u0430\u0432\u043d\u0430\u044f \u0441\u0442\u0440\u0430\u043d\u0438\u0446\u0430","item":"https:\/\/xstyle.md\/"},{"@type":"ListItem","position":2,"name":"\u041c\u0430\u0433\u0430\u0437\u0438\u043d","item":"https:\/\/xstyle.md\/shop\/"},{"@type":"ListItem","position":3,"name":"\u0413\u043e\u0440\u0435\u043b\u043a\u0430 Primus Mimer Stove"}]},{"@type":"WebSite","@id":"https:\/\/xstyle.md\/#website","url":"https:\/\/xstyle.md\/","name":"Magazinul X-Style","description":"Echipamente pentru turism \u0219i sporturi extreme \u00een Moldova. Pre\u021buri, fotografii, caracteristici \u00een Moldova.","publisher":{"@id":"https:\/\/xstyle.md\/#organization"},"alternateName":"X-Style","potentialAction":[{"@type":"SearchAction","target":{"@type":"EntryPoint","urlTemplate":"https:\/\/xstyle.md\/?s={search_term_string}"},"query-input":{"@type":"PropertyValueSpecification","valueRequired":true,"valueName":"search_term_string"}}],"inLanguage":"ro-RO"},{"@type":"Organization","@id":"https:\/\/xstyle.md\/#organization","name":"Magazinul X-Style","alternateName":"x-style","url":"https:\/\/xstyle.md\/","logo":{"@type":"ImageObject","inLanguage":"ro-RO","@id":"https:\/\/xstyle.md\/#\/schema\/logo\/image\/","url":"https:\/\/xstyle.md\/wp-content\/uploads\/2020\/06\/logoicon.svg","contentUrl":"https:\/\/xstyle.md\/wp-content\/uploads\/2020\/06\/logoicon.svg","caption":"\u041c\u0430\u0433\u0430\u0437\u0438\u043d Xstyle"},"image":{"@id":"https:\/\/xstyle.md\/#\/schema\/logo\/image\/"},"sameAs":["https:\/\/www.facebook.com\/xstylemd","https:\/\/www.instagram.com\/xstyle_md\/","https:\/\/t.me\/xstyle_outdoor"],"hasMerchantReturnPolicy":{"@type":"MerchantReturnPolicy","merchantReturnLink":"https:\/\/xstyle.md\/ro\/conditions\/"}}]},"product_price_amount":"650.00","product_price_currency":"MDL","og_availability":"instock","product_availability":"instock","product_retailer_item_id":"7330033224320","product_condition":"new"},"post_mailing_queue_ids":[],"_links":{"self":[{"href":"https:\/\/xstyle.md\/ro\/wp-json\/wp\/v2\/product\/4308","targetHints":{"allow":["GET"]}}],"collection":[{"href":"https:\/\/xstyle.md\/ro\/wp-json\/wp\/v2\/product"}],"about":[{"href":"https:\/\/xstyle.md\/ro\/wp-json\/wp\/v2\/types\/product"}],"replies":[{"embeddable":true,"href":"https:\/\/xstyle.md\/ro\/wp-json\/wp\/v2\/comments?post=4308"}],"wp:featuredmedia":[{"embeddable":true,"href":"https:\/\/xstyle.md\/ro\/wp-json\/wp\/v2\/media\/4304"}],"wp:attachment":[{"href":"https:\/\/xstyle.md\/ro\/wp-json\/wp\/v2\/media?parent=4308"}],"wp:term":[{"taxonomy":"product_brand","embeddable":true,"href":"https:\/\/xstyle.md\/ro\/wp-json\/wp\/v2\/product_brand?post=4308"},{"taxonomy":"product_cat","embeddable":true,"href":"https:\/\/xstyle.md\/ro\/wp-json\/wp\/v2\/product_cat?post=4308"},{"taxonomy":"product_tag","embeddable":true,"href":"https:\/\/xstyle.md\/ro\/wp-json\/wp\/v2\/product_tag?post=4308"}],"curies":[{"name":"wp","href":"https:\/\/api.w.org\/{rel}","templated":true}]}}