{"id":42651,"date":"2021-12-08T19:02:24","date_gmt":"2021-12-08T16:02:24","guid":{"rendered":"https:\/\/xstyle.md\/?post_type=product&#038;p=42651"},"modified":"2024-10-03T00:06:52","modified_gmt":"2024-10-02T21:06:52","slug":"chehol-dlya-kovrika-yoga-bhakti-bag","status":"publish","type":"product","link":"https:\/\/xstyle.md\/ro\/produs\/chehol-dlya-kovrika-yoga-bhakti-bag\/","title":{"rendered":"Hus\u0103 covora\u0219 Yoga Bhakti Bag"},"content":{"rendered":"<\/p>\n<p><strong>Yoga Bhakti Bag<\/strong> &#8212; husa pentru covora\u0219ul, are un imprimeu izbitor, neconven\u021bional, care v\u0103 va face popular \u0219i recunoscut printre colegii de club. Este foarte confortabil \u0219i este perfect pentru a plasa \u00een el covora\u0219e standard. De asemenea, are suficient spa\u021biu nu doar pentru covora\u0219, ci \u0219i pentru hainele de antrenament, un prosop sau alte accesorii.<\/p>\n<p>Geanta are, de asemenea, buzunare mici externe \u0219i interne, perfecte pentru depozitarea obiectelor mici sau a documentelor. Accesoriile de \u00eenalt\u0103 calitate, asigur\u0103 o rezisten\u021b\u0103 sporit\u0103 la uzur\u0103 \u0219i durabilitate, permi\u021b\u00e2ndu-i s\u0103 fie pe placul proprietarului pentru o perioad\u0103 lung\u0103 de timp.<\/p>\n<p>\u00cen procesul de produc\u021bie se utilizeaz\u0103 o \u021bes\u0103tur\u0103 de bumbac 100% de \u00eenalt\u0103 calitate, \u00eentregul proces fiind conceput pentru a fi mai pu\u021bin d\u0103un\u0103tor pentru mediu \u0219i pentru a utiliza c\u00e2t mai bine punctele forte ale materialelor.<\/p>\n<p>Cureaua lat\u0103 cu cataram\u0103 reglabil\u0103 faciliteaz\u0103 purtarea gen\u021bii pe um\u0103r, \u00een timp ce m\u00e2nerul c\u0103ptu\u0219it din partea de sus se va potrivi frumos \u00een palm\u0103. Geanta este u\u0219or de sp\u0103lat manual sau \u00een ma\u0219ina de sp\u0103lat &#8212; la o temperatur\u0103 sc\u0103zut\u0103 \u0219i f\u0103r\u0103 utilizarea de detergen\u021bi puternici pentru a p\u0103stra culorile proaspete.<\/p>\n<h3>Caracteristici<\/h3>\n<ul>\n<li>Material &#8212; 100% bumbac<\/li>\n<li>Dimensiuni &#8212; 73 x \u00d8 18 cm<\/li>\n<li>Pentru covora\u0219e cu l\u0103\u021bimea de p\u00e2n\u0103 la 66 cm.<\/li>\n<\/ul>\n<h3>Marca<\/h3>\n<p>Marca Bodhi Yoga apar\u021bine companiei germane Bodynova, specializat\u0103 \u00een produse de yoga. Oamenii care lucreaz\u0103 pentru aceast\u0103 companie \u00een\u021beleg de ce are nevoie un practicant. Sub aceast\u0103 marc\u0103 sunt disponibile peste 20 de tipuri diferite de covora\u0219e, care se adapteaz\u0103 la diferite stiluri de yoga. Covora\u0219ele sunt realizate din materiale diferite pentru a se potrivi utiliz\u0103rii \u00een interior sau \u00een exterior, precum \u0219i preferin\u021belor personale (de exemplu, mai moi sau mai rigide). Cu at\u00e2t de multe op\u021biuni, v\u0103 pute\u021bi g\u0103si covora\u0219ul de yoga perfect pentru a fi ajutorul dumneavoastr\u0103 indispensabil \u00een practic\u0103.<\/p>\n<p><\/p>","protected":false},"excerpt":{"rendered":"","protected":false},"featured_media":45331,"comment_status":"open","ping_status":"closed","template":"","meta":{"_acf_changed":false,"inline_featured_image":false},"product_brand":[1359],"product_cat":[474],"product_tag":[],"class_list":{"0":"post-42651","1":"product","2":"type-product","3":"status-publish","4":"has-post-thumbnail","6":"product_brand-bodhy-yoga","7":"product_cat-yoga-mats","9":"first","10":"instock","11":"shipping-taxable","12":"purchasable","13":"product-type-simple"},"acf":[],"yoast_head":"<!-- This site is optimized with the Yoast SEO plugin v27.4 - https:\/\/yoast.com\/product\/yoast-seo-wordpress\/ -->\n<title>\u0427\u0435\u0445\u043e\u043b \u0434\u043b\u044f \u043a\u043e\u0432\u0440\u0438\u043a\u0430 Yoga Bhakti Bag - \u041c\u0430\u0433\u0430\u0437\u0438\u043d Xstyle<\/title>\n<meta name=\"description\" content=\"\u0418\u0449\u0435\u0442\u0435 \u0438\u0434\u0435\u0430\u043b\u044c\u043d\u044b\u0439 \u0447\u0435\u0445\u043e\u043b \u0434\u043b\u044f \u043a\u043e\u0432\u0440\u0438\u043a\u0430? \u0427\u0435\u0445\u043e\u043b Yoga Bhakti Bag \u0441 \u044f\u0440\u043a\u0438\u043c \u0434\u0438\u0437\u0430\u0439\u043d\u043e\u043c \u0443\u0434\u043e\u0431\u043d\u043e \u0432\u043c\u0435\u0449\u0430\u0435\u0442 \u0441\u0442\u0430\u043d\u0434\u0430\u0440\u0442\u043d\u044b\u0435 \u043a\u043e\u0432\u0440\u0438\u043a\u0438 \u0438 \u0432\u0430\u0448\u0438 \u0432\u0435\u0449\u0438. \u0411\u0443\u0434\u044c\u0442\u0435 \u0432 \u0446\u0435\u043d\u0442\u0440\u0435 \u0432\u043d\u0438\u043c\u0430\u043d\u0438\u044f!\" \/>\n<meta name=\"robots\" content=\"index, follow, max-snippet:-1, max-image-preview:large, max-video-preview:-1\" \/>\n<link rel=\"canonical\" href=\"https:\/\/xstyle.md\/ro\/produs\/chehol-dlya-kovrika-yoga-bhakti-bag\/\" \/>\n<meta property=\"og:locale\" content=\"ro_RO\" \/>\n<meta property=\"og:type\" content=\"article\" \/>\n<meta property=\"og:title\" content=\"\u0427\u0435\u0445\u043e\u043b \u0434\u043b\u044f \u043a\u043e\u0432\u0440\u0438\u043a\u0430 Yoga Bhakti Bag - \u041c\u0430\u0433\u0430\u0437\u0438\u043d Xstyle\" \/>\n<meta property=\"og:description\" content=\"\u0418\u0449\u0435\u0442\u0435 \u0438\u0434\u0435\u0430\u043b\u044c\u043d\u044b\u0439 \u0447\u0435\u0445\u043e\u043b \u0434\u043b\u044f \u043a\u043e\u0432\u0440\u0438\u043a\u0430? \u0427\u0435\u0445\u043e\u043b Yoga Bhakti Bag \u0441 \u044f\u0440\u043a\u0438\u043c \u0434\u0438\u0437\u0430\u0439\u043d\u043e\u043c \u0443\u0434\u043e\u0431\u043d\u043e \u0432\u043c\u0435\u0449\u0430\u0435\u0442 \u0441\u0442\u0430\u043d\u0434\u0430\u0440\u0442\u043d\u044b\u0435 \u043a\u043e\u0432\u0440\u0438\u043a\u0438 \u0438 \u0432\u0430\u0448\u0438 \u0432\u0435\u0449\u0438. \u0411\u0443\u0434\u044c\u0442\u0435 \u0432 \u0446\u0435\u043d\u0442\u0440\u0435 \u0432\u043d\u0438\u043c\u0430\u043d\u0438\u044f!\" \/>\n<meta property=\"og:url\" content=\"https:\/\/xstyle.md\/ro\/produs\/chehol-dlya-kovrika-yoga-bhakti-bag\/\" \/>\n<meta property=\"og:site_name\" content=\"\u041c\u0430\u0433\u0430\u0437\u0438\u043d Xstyle\" \/>\n<meta property=\"article:publisher\" content=\"https:\/\/www.facebook.com\/xstylemd\" \/>\n<meta property=\"article:modified_time\" content=\"2024-10-02T21:06:52+00:00\" \/>\n<meta property=\"og:image\" content=\"https:\/\/xstyle.md\/wp-content\/uploads\/2021\/12\/yoga-bhakti-bag.jpg\" \/>\n\t<meta property=\"og:image:width\" content=\"800\" \/>\n\t<meta property=\"og:image:height\" content=\"560\" \/>\n\t<meta property=\"og:image:type\" content=\"image\/jpeg\" \/>\n<meta name=\"twitter:card\" content=\"summary_large_image\" \/>\n<meta name=\"twitter:label1\" content=\"Pre\u021b\" \/>\n\t<meta name=\"twitter:data1\" content=\"760&nbsp;MDL\" \/>\n\t<meta name=\"twitter:label2\" content=\"Disponibilitate\" \/>\n\t<meta name=\"twitter:data2\" content=\"\u00cen stoc\" \/>\n<script type=\"application\/ld+json\" class=\"yoast-schema-graph\">{\"@context\":\"https:\\\/\\\/schema.org\",\"@graph\":[{\"@type\":\"WebPage\",\"@id\":\"https:\\\/\\\/xstyle.md\\\/product\\\/chehol-dlya-kovrika-yoga-bhakti-bag\\\/\",\"url\":\"https:\\\/\\\/xstyle.md\\\/product\\\/chehol-dlya-kovrika-yoga-bhakti-bag\\\/\",\"name\":\"\u0427\u0435\u0445\u043e\u043b \u0434\u043b\u044f \u043a\u043e\u0432\u0440\u0438\u043a\u0430 Yoga Bhakti Bag - \u041c\u0430\u0433\u0430\u0437\u0438\u043d Xstyle\",\"isPartOf\":{\"@id\":\"https:\\\/\\\/xstyle.md\\\/#website\"},\"primaryImageOfPage\":{\"@id\":\"https:\\\/\\\/xstyle.md\\\/product\\\/chehol-dlya-kovrika-yoga-bhakti-bag\\\/#primaryimage\"},\"image\":{\"@id\":\"https:\\\/\\\/xstyle.md\\\/product\\\/chehol-dlya-kovrika-yoga-bhakti-bag\\\/#primaryimage\"},\"thumbnailUrl\":\"https:\\\/\\\/xstyle.md\\\/wp-content\\\/uploads\\\/2021\\\/12\\\/yoga-bhakti-bag.jpg\",\"datePublished\":\"2021-12-08T16:02:24+00:00\",\"dateModified\":\"2024-10-02T21:06:52+00:00\",\"description\":\"\u0418\u0449\u0435\u0442\u0435 \u0438\u0434\u0435\u0430\u043b\u044c\u043d\u044b\u0439 \u0447\u0435\u0445\u043e\u043b \u0434\u043b\u044f \u043a\u043e\u0432\u0440\u0438\u043a\u0430? \u0427\u0435\u0445\u043e\u043b Yoga Bhakti Bag \u0441 \u044f\u0440\u043a\u0438\u043c \u0434\u0438\u0437\u0430\u0439\u043d\u043e\u043c \u0443\u0434\u043e\u0431\u043d\u043e \u0432\u043c\u0435\u0449\u0430\u0435\u0442 \u0441\u0442\u0430\u043d\u0434\u0430\u0440\u0442\u043d\u044b\u0435 \u043a\u043e\u0432\u0440\u0438\u043a\u0438 \u0438 \u0432\u0430\u0448\u0438 \u0432\u0435\u0449\u0438. \u0411\u0443\u0434\u044c\u0442\u0435 \u0432 \u0446\u0435\u043d\u0442\u0440\u0435 \u0432\u043d\u0438\u043c\u0430\u043d\u0438\u044f!\",\"breadcrumb\":{\"@id\":\"https:\\\/\\\/xstyle.md\\\/product\\\/chehol-dlya-kovrika-yoga-bhakti-bag\\\/#breadcrumb\"},\"inLanguage\":\"ro-RO\",\"potentialAction\":[{\"@type\":\"ReadAction\",\"target\":[\"https:\\\/\\\/xstyle.md\\\/product\\\/chehol-dlya-kovrika-yoga-bhakti-bag\\\/\"]}]},{\"@type\":\"ImageObject\",\"inLanguage\":\"ro-RO\",\"@id\":\"https:\\\/\\\/xstyle.md\\\/product\\\/chehol-dlya-kovrika-yoga-bhakti-bag\\\/#primaryimage\",\"url\":\"https:\\\/\\\/xstyle.md\\\/wp-content\\\/uploads\\\/2021\\\/12\\\/yoga-bhakti-bag.jpg\",\"contentUrl\":\"https:\\\/\\\/xstyle.md\\\/wp-content\\\/uploads\\\/2021\\\/12\\\/yoga-bhakti-bag.jpg\",\"width\":800,\"height\":560,\"caption\":\"\u0427\u0435\u0445\u043e\u043b \u0434\u043b\u044f \u043a\u043e\u0432\u0440\u0438\u043a\u0430 Yoga Bhakti Bag \u0434\u043b\u044f \u0430\u043a\u0442\u0438\u0432\u043d\u043e\u0433\u043e \u043e\u0442\u0434\u044b\u0445\u0430, \u043f\u0443\u0442\u0435\u0448\u0435\u0441\u0442\u0432\u0438\u0439 \u0438 \u0437\u0430\u043d\u044f\u0442\u0438\u0439 \u0439\u043e\u0433\u043e\u0439 \u043d\u0430 \u043f\u0440\u0438\u0440\u043e\u0434\u0435, \u043f\u043e\u0434\u0445\u043e\u0434\u0438\u0442 \u0434\u043b\u044f \u0441\u043f\u043e\u0440\u0442\u0438\u0432\u043d\u043e\u0439 \u043e\u0434\u0435\u0436\u0434\u044b \u0438 \u043e\u0431\u0443\u0432\u0438 \u0434\u043b\u044f \u043f\u043e\u0445\u043e\u0434\u043e\u0432, \u0430\u043b\u044c\u043f\u0438\u043d\u0438\u0437\u043c\u0430 \u0438 \u043f\u0443\u0442\u0435\u0448\u0435\u0441\u0442\u0432\u0438\u0439\"},{\"@type\":\"BreadcrumbList\",\"@id\":\"https:\\\/\\\/xstyle.md\\\/product\\\/chehol-dlya-kovrika-yoga-bhakti-bag\\\/#breadcrumb\",\"itemListElement\":[{\"@type\":\"ListItem\",\"position\":1,\"name\":\"\u0413\u043b\u0430\u0432\u043d\u0430\u044f \u0441\u0442\u0440\u0430\u043d\u0438\u0446\u0430\",\"item\":\"https:\\\/\\\/xstyle.md\\\/\"},{\"@type\":\"ListItem\",\"position\":2,\"name\":\"\u041c\u0430\u0433\u0430\u0437\u0438\u043d\",\"item\":\"https:\\\/\\\/xstyle.md\\\/shop\\\/\"},{\"@type\":\"ListItem\",\"position\":3,\"name\":\"\u0427\u0435\u0445\u043e\u043b \u0434\u043b\u044f \u043a\u043e\u0432\u0440\u0438\u043a\u0430 Yoga Bhakti Bag\"}]},{\"@type\":\"WebSite\",\"@id\":\"https:\\\/\\\/xstyle.md\\\/#website\",\"url\":\"https:\\\/\\\/xstyle.md\\\/\",\"name\":\"\u041c\u0430\u0433\u0430\u0437\u0438\u043d Xstyle\",\"description\":\"C\u043d\u0430\u0440\u044f\u0436\u0435\u043d\u0438\u0435 \u0434\u043b\u044f \u0442\u0443\u0440\u0438\u0437\u043c\u0430 \u0438 \u044d\u043a\u0441\u0442\u0440\u0435\u043c\u0430\u043b\u044c\u043d\u044b\u0445 \u0432\u0438\u0434\u043e\u0432 \u0441\u043f\u043e\u0440\u0442\u0430 \u0432 \u041c\u043e\u043b\u0434\u043e\u0432\u0435.. \u0426\u0435\u043d\u044b, \u0444\u043e\u0442\u043e, \u0445\u0430\u0440\u0430\u043a\u0442\u0435\u0440\u0438\u0441\u0442\u0438\u043a\u0438 \u0432 \u041c\u043e\u043b\u0434\u043e\u0432\u0435.\",\"publisher\":{\"@id\":\"https:\\\/\\\/xstyle.md\\\/#organization\"},\"alternateName\":\"X-Style\",\"potentialAction\":[{\"@type\":\"SearchAction\",\"target\":{\"@type\":\"EntryPoint\",\"urlTemplate\":\"https:\\\/\\\/xstyle.md\\\/?s={search_term_string}\"},\"query-input\":{\"@type\":\"PropertyValueSpecification\",\"valueRequired\":true,\"valueName\":\"search_term_string\"}}],\"inLanguage\":\"ro-RO\"},{\"@type\":\"Organization\",\"@id\":\"https:\\\/\\\/xstyle.md\\\/#organization\",\"name\":\"\u041c\u0430\u0433\u0430\u0437\u0438\u043d Xstyle\",\"alternateName\":\"x-style\",\"url\":\"https:\\\/\\\/xstyle.md\\\/\",\"logo\":{\"@type\":\"ImageObject\",\"inLanguage\":\"ro-RO\",\"@id\":\"https:\\\/\\\/xstyle.md\\\/#\\\/schema\\\/logo\\\/image\\\/\",\"url\":\"https:\\\/\\\/xstyle.md\\\/wp-content\\\/uploads\\\/2020\\\/06\\\/logoicon.svg\",\"contentUrl\":\"https:\\\/\\\/xstyle.md\\\/wp-content\\\/uploads\\\/2020\\\/06\\\/logoicon.svg\",\"caption\":\"\u041c\u0430\u0433\u0430\u0437\u0438\u043d Xstyle\"},\"image\":{\"@id\":\"https:\\\/\\\/xstyle.md\\\/#\\\/schema\\\/logo\\\/image\\\/\"},\"sameAs\":[\"https:\\\/\\\/www.facebook.com\\\/xstylemd\",\"https:\\\/\\\/www.instagram.com\\\/xstyle_md\\\/\",\"https:\\\/\\\/t.me\\\/xstyle_outdoor\"],\"hasMerchantReturnPolicy\":{\"@type\":\"MerchantReturnPolicy\",\"merchantReturnLink\":\"https:\\\/\\\/xstyle.md\\\/ro\\\/conditions\\\/\"}}]}<\/script>\n<meta property=\"product:price:amount\" content=\"760.00\" \/>\n<meta property=\"product:price:currency\" content=\"MDL\" \/>\n<meta property=\"og:availability\" content=\"instock\" \/>\n<meta property=\"product:availability\" content=\"instock\" \/>\n<meta property=\"product:retailer_item_id\" content=\"4250367925058\" \/>\n<meta property=\"product:condition\" content=\"new\" \/>\n<!-- \/ Yoast SEO plugin. -->","yoast_head_json":{"title":"Husa pentru covoras Yoga Bhakti Bag - Magazin Xstyle","description":"Cau\u021bi husa perfect\u0103 pentru saltea? Husa Yoga Bhakti Bag cu un design vibrant \u00eencap bine saltelele standard \u0219i lucrurile tale. Fii \u00een centrul aten\u021biei!","robots":{"index":"index","follow":"follow","max-snippet":"max-snippet:-1","max-image-preview":"max-image-preview:large","max-video-preview":"max-video-preview:-1"},"canonical":"https:\/\/xstyle.md\/ro\/produs\/chehol-dlya-kovrika-yoga-bhakti-bag\/","og_locale":"ro_RO","og_type":"article","og_title":"\u0427\u0435\u0445\u043e\u043b \u0434\u043b\u044f \u043a\u043e\u0432\u0440\u0438\u043a\u0430 Yoga Bhakti Bag - \u041c\u0430\u0433\u0430\u0437\u0438\u043d Xstyle","og_description":"\u0418\u0449\u0435\u0442\u0435 \u0438\u0434\u0435\u0430\u043b\u044c\u043d\u044b\u0439 \u0447\u0435\u0445\u043e\u043b \u0434\u043b\u044f \u043a\u043e\u0432\u0440\u0438\u043a\u0430? \u0427\u0435\u0445\u043e\u043b Yoga Bhakti Bag \u0441 \u044f\u0440\u043a\u0438\u043c \u0434\u0438\u0437\u0430\u0439\u043d\u043e\u043c \u0443\u0434\u043e\u0431\u043d\u043e \u0432\u043c\u0435\u0449\u0430\u0435\u0442 \u0441\u0442\u0430\u043d\u0434\u0430\u0440\u0442\u043d\u044b\u0435 \u043a\u043e\u0432\u0440\u0438\u043a\u0438 \u0438 \u0432\u0430\u0448\u0438 \u0432\u0435\u0449\u0438. \u0411\u0443\u0434\u044c\u0442\u0435 \u0432 \u0446\u0435\u043d\u0442\u0440\u0435 \u0432\u043d\u0438\u043c\u0430\u043d\u0438\u044f!","og_url":"https:\/\/xstyle.md\/ro\/produs\/chehol-dlya-kovrika-yoga-bhakti-bag\/","og_site_name":"\u041c\u0430\u0433\u0430\u0437\u0438\u043d Xstyle","article_publisher":"https:\/\/www.facebook.com\/xstylemd","article_modified_time":"2024-10-02T21:06:52+00:00","og_image":[{"width":800,"height":560,"url":"https:\/\/xstyle.md\/wp-content\/uploads\/2021\/12\/yoga-bhakti-bag.jpg","type":"image\/jpeg"}],"twitter_card":"summary_large_image","twitter_misc":{"Pre\u021b":"760&nbsp;MDL","Disponibilitate":"\u00cen stoc"},"schema":{"@context":"https:\/\/schema.org","@graph":[{"@type":"WebPage","@id":"https:\/\/xstyle.md\/product\/chehol-dlya-kovrika-yoga-bhakti-bag\/","url":"https:\/\/xstyle.md\/product\/chehol-dlya-kovrika-yoga-bhakti-bag\/","name":"Husa pentru covoras Yoga Bhakti Bag - Magazin Xstyle","isPartOf":{"@id":"https:\/\/xstyle.md\/#website"},"primaryImageOfPage":{"@id":"https:\/\/xstyle.md\/product\/chehol-dlya-kovrika-yoga-bhakti-bag\/#primaryimage"},"image":{"@id":"https:\/\/xstyle.md\/product\/chehol-dlya-kovrika-yoga-bhakti-bag\/#primaryimage"},"thumbnailUrl":"https:\/\/xstyle.md\/wp-content\/uploads\/2021\/12\/yoga-bhakti-bag.jpg","datePublished":"2021-12-08T16:02:24+00:00","dateModified":"2024-10-02T21:06:52+00:00","description":"Cau\u021bi husa perfect\u0103 pentru saltea? Husa Yoga Bhakti Bag cu un design vibrant \u00eencap bine saltelele standard \u0219i lucrurile tale. Fii \u00een centrul aten\u021biei!","breadcrumb":{"@id":"https:\/\/xstyle.md\/product\/chehol-dlya-kovrika-yoga-bhakti-bag\/#breadcrumb"},"inLanguage":"ro-RO","potentialAction":[{"@type":"ReadAction","target":["https:\/\/xstyle.md\/product\/chehol-dlya-kovrika-yoga-bhakti-bag\/"]}]},{"@type":"ImageObject","inLanguage":"ro-RO","@id":"https:\/\/xstyle.md\/product\/chehol-dlya-kovrika-yoga-bhakti-bag\/#primaryimage","url":"https:\/\/xstyle.md\/wp-content\/uploads\/2021\/12\/yoga-bhakti-bag.jpg","contentUrl":"https:\/\/xstyle.md\/wp-content\/uploads\/2021\/12\/yoga-bhakti-bag.jpg","width":800,"height":560,"caption":"\u0427\u0435\u0445\u043e\u043b \u0434\u043b\u044f \u043a\u043e\u0432\u0440\u0438\u043a\u0430 Yoga Bhakti Bag \u0434\u043b\u044f \u0430\u043a\u0442\u0438\u0432\u043d\u043e\u0433\u043e \u043e\u0442\u0434\u044b\u0445\u0430, \u043f\u0443\u0442\u0435\u0448\u0435\u0441\u0442\u0432\u0438\u0439 \u0438 \u0437\u0430\u043d\u044f\u0442\u0438\u0439 \u0439\u043e\u0433\u043e\u0439 \u043d\u0430 \u043f\u0440\u0438\u0440\u043e\u0434\u0435, \u043f\u043e\u0434\u0445\u043e\u0434\u0438\u0442 \u0434\u043b\u044f \u0441\u043f\u043e\u0440\u0442\u0438\u0432\u043d\u043e\u0439 \u043e\u0434\u0435\u0436\u0434\u044b \u0438 \u043e\u0431\u0443\u0432\u0438 \u0434\u043b\u044f \u043f\u043e\u0445\u043e\u0434\u043e\u0432, \u0430\u043b\u044c\u043f\u0438\u043d\u0438\u0437\u043c\u0430 \u0438 \u043f\u0443\u0442\u0435\u0448\u0435\u0441\u0442\u0432\u0438\u0439"},{"@type":"BreadcrumbList","@id":"https:\/\/xstyle.md\/product\/chehol-dlya-kovrika-yoga-bhakti-bag\/#breadcrumb","itemListElement":[{"@type":"ListItem","position":1,"name":"\u0413\u043b\u0430\u0432\u043d\u0430\u044f \u0441\u0442\u0440\u0430\u043d\u0438\u0446\u0430","item":"https:\/\/xstyle.md\/"},{"@type":"ListItem","position":2,"name":"\u041c\u0430\u0433\u0430\u0437\u0438\u043d","item":"https:\/\/xstyle.md\/shop\/"},{"@type":"ListItem","position":3,"name":"\u0427\u0435\u0445\u043e\u043b \u0434\u043b\u044f \u043a\u043e\u0432\u0440\u0438\u043a\u0430 Yoga Bhakti Bag"}]},{"@type":"WebSite","@id":"https:\/\/xstyle.md\/#website","url":"https:\/\/xstyle.md\/","name":"Magazinul X-Style","description":"Echipamente pentru turism \u0219i sporturi extreme \u00een Moldova. Pre\u021buri, fotografii, caracteristici \u00een Moldova.","publisher":{"@id":"https:\/\/xstyle.md\/#organization"},"alternateName":"X-Style","potentialAction":[{"@type":"SearchAction","target":{"@type":"EntryPoint","urlTemplate":"https:\/\/xstyle.md\/?s={search_term_string}"},"query-input":{"@type":"PropertyValueSpecification","valueRequired":true,"valueName":"search_term_string"}}],"inLanguage":"ro-RO"},{"@type":"Organization","@id":"https:\/\/xstyle.md\/#organization","name":"Magazinul X-Style","alternateName":"x-style","url":"https:\/\/xstyle.md\/","logo":{"@type":"ImageObject","inLanguage":"ro-RO","@id":"https:\/\/xstyle.md\/#\/schema\/logo\/image\/","url":"https:\/\/xstyle.md\/wp-content\/uploads\/2020\/06\/logoicon.svg","contentUrl":"https:\/\/xstyle.md\/wp-content\/uploads\/2020\/06\/logoicon.svg","caption":"\u041c\u0430\u0433\u0430\u0437\u0438\u043d Xstyle"},"image":{"@id":"https:\/\/xstyle.md\/#\/schema\/logo\/image\/"},"sameAs":["https:\/\/www.facebook.com\/xstylemd","https:\/\/www.instagram.com\/xstyle_md\/","https:\/\/t.me\/xstyle_outdoor"],"hasMerchantReturnPolicy":{"@type":"MerchantReturnPolicy","merchantReturnLink":"https:\/\/xstyle.md\/ro\/conditions\/"}}]},"product_price_amount":"760.00","product_price_currency":"MDL","og_availability":"instock","product_availability":"instock","product_retailer_item_id":"4250367925058","product_condition":"new"},"_links":{"self":[{"href":"https:\/\/xstyle.md\/ro\/wp-json\/wp\/v2\/product\/42651","targetHints":{"allow":["GET"]}}],"collection":[{"href":"https:\/\/xstyle.md\/ro\/wp-json\/wp\/v2\/product"}],"about":[{"href":"https:\/\/xstyle.md\/ro\/wp-json\/wp\/v2\/types\/product"}],"replies":[{"embeddable":true,"href":"https:\/\/xstyle.md\/ro\/wp-json\/wp\/v2\/comments?post=42651"}],"wp:featuredmedia":[{"embeddable":true,"href":"https:\/\/xstyle.md\/ro\/wp-json\/wp\/v2\/media\/45331"}],"wp:attachment":[{"href":"https:\/\/xstyle.md\/ro\/wp-json\/wp\/v2\/media?parent=42651"}],"wp:term":[{"taxonomy":"product_brand","embeddable":true,"href":"https:\/\/xstyle.md\/ro\/wp-json\/wp\/v2\/product_brand?post=42651"},{"taxonomy":"product_cat","embeddable":true,"href":"https:\/\/xstyle.md\/ro\/wp-json\/wp\/v2\/product_cat?post=42651"},{"taxonomy":"product_tag","embeddable":true,"href":"https:\/\/xstyle.md\/ro\/wp-json\/wp\/v2\/product_tag?post=42651"}],"curies":[{"name":"wp","href":"https:\/\/api.w.org\/{rel}","templated":true}]}}