{"id":4135,"date":"2020-07-16T19:33:58","date_gmt":"2020-07-16T16:33:58","guid":{"rendered":"https:\/\/xstyle.md\/product\/karabin-singing-rock-oval-steel-connector-screw"},"modified":"2025-11-19T13:53:50","modified_gmt":"2025-11-19T10:53:50","slug":"karabin-singing-rock-oval-steel-connector-screw","status":"publish","type":"product","link":"https:\/\/xstyle.md\/ro\/produs\/karabin-singing-rock-oval-steel-connector-screw\/","title":{"rendered":"Carabinier\u0103 Singing Rock Oval Steel Screw Gate"},"content":{"rendered":"<\/p>\n<p><strong>Carabinier\u0103 Singing Rock Oval Steel Screw Gate<\/strong> &#8212; form\u0103 oval\u0103 simetric\u0103 cu soclu filetat. Moschetarul este acoperit cu teflon, astfel \u00eenc\u00e2t s\u0103 alunece mai bine pe fr\u00e2nghie \u0219i s\u0103 nu rugineasc\u0103.<\/p>\n<h3>Caracteristici<\/h3>\n<ul>\n<li>Greutate &#8212; 175 g<\/li>\n<li>Material &#8212; o\u021bel<\/li>\n<li>L\u0103\u021bimea deschiderii &#8212; 17 mm<\/li>\n<li>Rezisten\u021ba axei longitudinale &#8212; 30 kN<\/li>\n<li>Rezisten\u021ba axei transversale &#8212; 9 kN<\/li>\n<li>Rezisten\u021ba z\u0103vorului deschis &#8212; 8 kN<\/li>\n<li>Certificare &#8212; CE1015, EN362<\/li>\n<\/ul>\n<h3>Marca<\/h3>\n<p>SINGING ROCK este o companie ceh\u0103 angajat\u0103 \u00een produc\u021bia de echipamente de alpinism \u0219i escalad\u0103. A fondat\u0103 \u00een 1992 de doi alpini\u0219ti cehi \u0219i de un om de afaceri belgian. Compania se concentreaz\u0103 pe utilizarea celor mai moderne progrese \u0219i evolu\u021bii \u00een produc\u021bie. SingingRock lucreaz\u0103 \u00een str\u00e2ns\u0103 leg\u0103tur\u0103 cu mul\u021bi alpini\u0219ti renumi\u021bi care testeaz\u0103 noile produse \u0219i ale c\u0103ror opinii suntotdeauna luate \u00een considerare \u00een timpul dezvolt\u0103rii.<\/p>\n<p>SINGING ROCK este una dintre cele mai importante companii din lume \u00een domeniul echipamentelor profesionale, \u00een scopul instruirii \u00een domeniul criminalit\u0103\u021bii, pentru militari \u0219 i pentru serviciile de urgen\u021b\u0103. Societatea furnizeaz\u0103 hamuri, fr\u00e2nghii, scripe\u021bi \u0219i carabiniere, dispozitive de cobor\u00e2re \u00een rapel, dispozitive de siguran\u021b\u0103 pentru lucrul \u00een\u0103l\u021bime, dispozitive de prindere ancorelor, fr\u00e2nghii de siguran\u021b\u0103 \u0219i alte echipamente necesare pentru acest tip de munc\u0103. Toate aceste produse sunt dezvoltate \u0219i fabricate \u00een Republica Ceh\u0103, \u00een Europa. Acestea sunt certificate \u0219i respect\u0103 standardele interna\u021bionale de securitate a muncii.<\/p>\n<p><\/p>","protected":false},"excerpt":{"rendered":"<p>\u041a\u0430\u0440\u0430\u0431\u0438\u043d Singing Rock OVAL STEEL CONNECTOR screw<\/p>","protected":false},"featured_media":4134,"comment_status":"open","ping_status":"closed","template":"","meta":{"_acf_changed":false,"inline_featured_image":false},"product_brand":[1276],"product_cat":[158],"product_tag":[],"class_list":{"0":"post-4135","1":"product","2":"type-product","3":"status-publish","4":"has-post-thumbnail","6":"product_brand-singing-rock","7":"product_cat-connectors","9":"first","10":"instock","11":"shipping-taxable","12":"purchasable","13":"product-type-simple"},"acf":[],"yoast_head":"<!-- This site is optimized with the Yoast SEO plugin v27.4 - https:\/\/yoast.com\/product\/yoast-seo-wordpress\/ -->\n<title>\u041a\u0430\u0440\u0430\u0431\u0438\u043d Singing Rock Oval Steel Screw Gate - \u041c\u0430\u0433\u0430\u0437\u0438\u043d Xstyle<\/title>\n<meta name=\"description\" content=\"\u041a\u0430\u0440\u0430\u0431\u0438\u043d Singing Rock Oval Steel Screw Gate \u2013 \u043d\u0430\u0434\u0435\u0436\u043d\u044b\u0439 \u0441\u0442\u0430\u043b\u044c\u043d\u043e\u0439 \u043a\u0430\u0440\u0430\u0431\u0438\u043d \u0441 \u043f\u0440\u043e\u0447\u043d\u043e\u0441\u0442\u044c\u044e 30 kN. \u0418\u0434\u0435\u0430\u043b\u0435\u043d \u0434\u043b\u044f \u0430\u043b\u044c\u043f\u0438\u043d\u0438\u0437\u043c\u0430 \u0438 \u043e\u0431\u0435\u0441\u043f\u0435\u0447\u0435\u043d\u0438\u044f \u0431\u0435\u0437\u043e\u043f\u0430\u0441\u043d\u043e\u0441\u0442\u0438.\" \/>\n<meta name=\"robots\" content=\"index, follow, max-snippet:-1, max-image-preview:large, max-video-preview:-1\" \/>\n<link rel=\"canonical\" href=\"https:\/\/xstyle.md\/ro\/produs\/karabin-singing-rock-oval-steel-connector-screw\/\" \/>\n<meta property=\"og:locale\" content=\"ro_RO\" \/>\n<meta property=\"og:type\" content=\"article\" \/>\n<meta property=\"og:title\" content=\"\u041a\u0430\u0440\u0430\u0431\u0438\u043d Singing Rock Oval Steel Screw Gate - \u041c\u0430\u0433\u0430\u0437\u0438\u043d Xstyle\" \/>\n<meta property=\"og:description\" content=\"\u041a\u0430\u0440\u0430\u0431\u0438\u043d Singing Rock Oval Steel Screw Gate \u2013 \u043d\u0430\u0434\u0435\u0436\u043d\u044b\u0439 \u0441\u0442\u0430\u043b\u044c\u043d\u043e\u0439 \u043a\u0430\u0440\u0430\u0431\u0438\u043d \u0441 \u043f\u0440\u043e\u0447\u043d\u043e\u0441\u0442\u044c\u044e 30 kN. \u0418\u0434\u0435\u0430\u043b\u0435\u043d \u0434\u043b\u044f \u0430\u043b\u044c\u043f\u0438\u043d\u0438\u0437\u043c\u0430 \u0438 \u043e\u0431\u0435\u0441\u043f\u0435\u0447\u0435\u043d\u0438\u044f \u0431\u0435\u0437\u043e\u043f\u0430\u0441\u043d\u043e\u0441\u0442\u0438.\" \/>\n<meta property=\"og:url\" content=\"https:\/\/xstyle.md\/ro\/produs\/karabin-singing-rock-oval-steel-connector-screw\/\" \/>\n<meta property=\"og:site_name\" content=\"\u041c\u0430\u0433\u0430\u0437\u0438\u043d Xstyle\" \/>\n<meta property=\"article:publisher\" content=\"https:\/\/www.facebook.com\/xstylemd\" \/>\n<meta property=\"article:modified_time\" content=\"2025-11-19T10:53:50+00:00\" \/>\n<meta property=\"og:image\" content=\"https:\/\/xstyle.md\/wp-content\/uploads\/2020\/07\/k4241z005.jpg\" \/>\n\t<meta property=\"og:image:width\" content=\"304\" \/>\n\t<meta property=\"og:image:height\" content=\"267\" \/>\n\t<meta property=\"og:image:type\" content=\"image\/jpeg\" \/>\n<meta name=\"twitter:card\" content=\"summary_large_image\" \/>\n<meta name=\"twitter:label1\" content=\"Pre\u021b\" \/>\n\t<meta name=\"twitter:data1\" content=\"170&nbsp;MDL\" \/>\n\t<meta name=\"twitter:label2\" content=\"Disponibilitate\" \/>\n\t<meta name=\"twitter:data2\" content=\"\u00cen stoc\" \/>\n<script type=\"application\/ld+json\" class=\"yoast-schema-graph\">{\"@context\":\"https:\\\/\\\/schema.org\",\"@graph\":[{\"@type\":\"WebPage\",\"@id\":\"https:\\\/\\\/xstyle.md\\\/product\\\/karabin-singing-rock-oval-steel-connector-screw\\\/\",\"url\":\"https:\\\/\\\/xstyle.md\\\/product\\\/karabin-singing-rock-oval-steel-connector-screw\\\/\",\"name\":\"\u041a\u0430\u0440\u0430\u0431\u0438\u043d Singing Rock Oval Steel Screw Gate - \u041c\u0430\u0433\u0430\u0437\u0438\u043d Xstyle\",\"isPartOf\":{\"@id\":\"https:\\\/\\\/xstyle.md\\\/#website\"},\"primaryImageOfPage\":{\"@id\":\"https:\\\/\\\/xstyle.md\\\/product\\\/karabin-singing-rock-oval-steel-connector-screw\\\/#primaryimage\"},\"image\":{\"@id\":\"https:\\\/\\\/xstyle.md\\\/product\\\/karabin-singing-rock-oval-steel-connector-screw\\\/#primaryimage\"},\"thumbnailUrl\":\"https:\\\/\\\/xstyle.md\\\/wp-content\\\/uploads\\\/2020\\\/07\\\/k4241z005.jpg\",\"datePublished\":\"2020-07-16T16:33:58+00:00\",\"dateModified\":\"2025-11-19T10:53:50+00:00\",\"description\":\"\u041a\u0430\u0440\u0430\u0431\u0438\u043d Singing Rock Oval Steel Screw Gate \u2013 \u043d\u0430\u0434\u0435\u0436\u043d\u044b\u0439 \u0441\u0442\u0430\u043b\u044c\u043d\u043e\u0439 \u043a\u0430\u0440\u0430\u0431\u0438\u043d \u0441 \u043f\u0440\u043e\u0447\u043d\u043e\u0441\u0442\u044c\u044e 30 kN. \u0418\u0434\u0435\u0430\u043b\u0435\u043d \u0434\u043b\u044f \u0430\u043b\u044c\u043f\u0438\u043d\u0438\u0437\u043c\u0430 \u0438 \u043e\u0431\u0435\u0441\u043f\u0435\u0447\u0435\u043d\u0438\u044f \u0431\u0435\u0437\u043e\u043f\u0430\u0441\u043d\u043e\u0441\u0442\u0438.\",\"breadcrumb\":{\"@id\":\"https:\\\/\\\/xstyle.md\\\/product\\\/karabin-singing-rock-oval-steel-connector-screw\\\/#breadcrumb\"},\"inLanguage\":\"ro-RO\",\"potentialAction\":[{\"@type\":\"ReadAction\",\"target\":[\"https:\\\/\\\/xstyle.md\\\/product\\\/karabin-singing-rock-oval-steel-connector-screw\\\/\"]}]},{\"@type\":\"ImageObject\",\"inLanguage\":\"ro-RO\",\"@id\":\"https:\\\/\\\/xstyle.md\\\/product\\\/karabin-singing-rock-oval-steel-connector-screw\\\/#primaryimage\",\"url\":\"https:\\\/\\\/xstyle.md\\\/wp-content\\\/uploads\\\/2020\\\/07\\\/k4241z005.jpg\",\"contentUrl\":\"https:\\\/\\\/xstyle.md\\\/wp-content\\\/uploads\\\/2020\\\/07\\\/k4241z005.jpg\",\"width\":304,\"height\":267},{\"@type\":\"BreadcrumbList\",\"@id\":\"https:\\\/\\\/xstyle.md\\\/product\\\/karabin-singing-rock-oval-steel-connector-screw\\\/#breadcrumb\",\"itemListElement\":[{\"@type\":\"ListItem\",\"position\":1,\"name\":\"\u0413\u043b\u0430\u0432\u043d\u0430\u044f \u0441\u0442\u0440\u0430\u043d\u0438\u0446\u0430\",\"item\":\"https:\\\/\\\/xstyle.md\\\/\"},{\"@type\":\"ListItem\",\"position\":2,\"name\":\"\u041c\u0430\u0433\u0430\u0437\u0438\u043d\",\"item\":\"https:\\\/\\\/xstyle.md\\\/shop\\\/\"},{\"@type\":\"ListItem\",\"position\":3,\"name\":\"\u041a\u0430\u0440\u0430\u0431\u0438\u043d Singing Rock Oval Steel Screw Gate\"}]},{\"@type\":\"WebSite\",\"@id\":\"https:\\\/\\\/xstyle.md\\\/#website\",\"url\":\"https:\\\/\\\/xstyle.md\\\/\",\"name\":\"\u041c\u0430\u0433\u0430\u0437\u0438\u043d Xstyle\",\"description\":\"C\u043d\u0430\u0440\u044f\u0436\u0435\u043d\u0438\u0435 \u0434\u043b\u044f \u0442\u0443\u0440\u0438\u0437\u043c\u0430 \u0438 \u044d\u043a\u0441\u0442\u0440\u0435\u043c\u0430\u043b\u044c\u043d\u044b\u0445 \u0432\u0438\u0434\u043e\u0432 \u0441\u043f\u043e\u0440\u0442\u0430 \u0432 \u041c\u043e\u043b\u0434\u043e\u0432\u0435.. \u0426\u0435\u043d\u044b, \u0444\u043e\u0442\u043e, \u0445\u0430\u0440\u0430\u043a\u0442\u0435\u0440\u0438\u0441\u0442\u0438\u043a\u0438 \u0432 \u041c\u043e\u043b\u0434\u043e\u0432\u0435.\",\"publisher\":{\"@id\":\"https:\\\/\\\/xstyle.md\\\/#organization\"},\"alternateName\":\"X-Style\",\"potentialAction\":[{\"@type\":\"SearchAction\",\"target\":{\"@type\":\"EntryPoint\",\"urlTemplate\":\"https:\\\/\\\/xstyle.md\\\/?s={search_term_string}\"},\"query-input\":{\"@type\":\"PropertyValueSpecification\",\"valueRequired\":true,\"valueName\":\"search_term_string\"}}],\"inLanguage\":\"ro-RO\"},{\"@type\":\"Organization\",\"@id\":\"https:\\\/\\\/xstyle.md\\\/#organization\",\"name\":\"\u041c\u0430\u0433\u0430\u0437\u0438\u043d Xstyle\",\"alternateName\":\"x-style\",\"url\":\"https:\\\/\\\/xstyle.md\\\/\",\"logo\":{\"@type\":\"ImageObject\",\"inLanguage\":\"ro-RO\",\"@id\":\"https:\\\/\\\/xstyle.md\\\/#\\\/schema\\\/logo\\\/image\\\/\",\"url\":\"https:\\\/\\\/xstyle.md\\\/wp-content\\\/uploads\\\/2020\\\/06\\\/logoicon.svg\",\"contentUrl\":\"https:\\\/\\\/xstyle.md\\\/wp-content\\\/uploads\\\/2020\\\/06\\\/logoicon.svg\",\"caption\":\"\u041c\u0430\u0433\u0430\u0437\u0438\u043d Xstyle\"},\"image\":{\"@id\":\"https:\\\/\\\/xstyle.md\\\/#\\\/schema\\\/logo\\\/image\\\/\"},\"sameAs\":[\"https:\\\/\\\/www.facebook.com\\\/xstylemd\",\"https:\\\/\\\/www.instagram.com\\\/xstyle_md\\\/\",\"https:\\\/\\\/t.me\\\/xstyle_outdoor\"],\"hasMerchantReturnPolicy\":{\"@type\":\"MerchantReturnPolicy\",\"merchantReturnLink\":\"https:\\\/\\\/xstyle.md\\\/ro\\\/conditions\\\/\"}}]}<\/script>\n<meta property=\"product:price:amount\" content=\"170.00\" \/>\n<meta property=\"product:price:currency\" content=\"MDL\" \/>\n<meta property=\"og:availability\" content=\"instock\" \/>\n<meta property=\"product:availability\" content=\"instock\" \/>\n<meta property=\"product:retailer_item_id\" content=\"8595033329126\" \/>\n<meta property=\"product:condition\" content=\"new\" \/>\n<!-- \/ Yoast SEO plugin. -->","yoast_head_json":{"title":"Carabinier\u0103 Singing Rock Oval Steel Screw Gate - Magazin Xstyle","description":"Carabinierul Singing Rock Oval Steel Screw Gate \u2013 un carabinier de o\u021bel de \u00eencredere, cu o rezisten\u021b\u0103 de 30 kN. Ideal pentru alpinism \u0219i asigurarea siguran\u021bei.","robots":{"index":"index","follow":"follow","max-snippet":"max-snippet:-1","max-image-preview":"max-image-preview:large","max-video-preview":"max-video-preview:-1"},"canonical":"https:\/\/xstyle.md\/ro\/produs\/karabin-singing-rock-oval-steel-connector-screw\/","og_locale":"ro_RO","og_type":"article","og_title":"\u041a\u0430\u0440\u0430\u0431\u0438\u043d Singing Rock Oval Steel Screw Gate - \u041c\u0430\u0433\u0430\u0437\u0438\u043d Xstyle","og_description":"\u041a\u0430\u0440\u0430\u0431\u0438\u043d Singing Rock Oval Steel Screw Gate \u2013 \u043d\u0430\u0434\u0435\u0436\u043d\u044b\u0439 \u0441\u0442\u0430\u043b\u044c\u043d\u043e\u0439 \u043a\u0430\u0440\u0430\u0431\u0438\u043d \u0441 \u043f\u0440\u043e\u0447\u043d\u043e\u0441\u0442\u044c\u044e 30 kN. \u0418\u0434\u0435\u0430\u043b\u0435\u043d \u0434\u043b\u044f \u0430\u043b\u044c\u043f\u0438\u043d\u0438\u0437\u043c\u0430 \u0438 \u043e\u0431\u0435\u0441\u043f\u0435\u0447\u0435\u043d\u0438\u044f \u0431\u0435\u0437\u043e\u043f\u0430\u0441\u043d\u043e\u0441\u0442\u0438.","og_url":"https:\/\/xstyle.md\/ro\/produs\/karabin-singing-rock-oval-steel-connector-screw\/","og_site_name":"\u041c\u0430\u0433\u0430\u0437\u0438\u043d Xstyle","article_publisher":"https:\/\/www.facebook.com\/xstylemd","article_modified_time":"2025-11-19T10:53:50+00:00","og_image":[{"width":304,"height":267,"url":"https:\/\/xstyle.md\/wp-content\/uploads\/2020\/07\/k4241z005.jpg","type":"image\/jpeg"}],"twitter_card":"summary_large_image","twitter_misc":{"Pre\u021b":"170&nbsp;MDL","Disponibilitate":"\u00cen stoc"},"schema":{"@context":"https:\/\/schema.org","@graph":[{"@type":"WebPage","@id":"https:\/\/xstyle.md\/product\/karabin-singing-rock-oval-steel-connector-screw\/","url":"https:\/\/xstyle.md\/product\/karabin-singing-rock-oval-steel-connector-screw\/","name":"Carabinier\u0103 Singing Rock Oval Steel Screw Gate - Magazin Xstyle","isPartOf":{"@id":"https:\/\/xstyle.md\/#website"},"primaryImageOfPage":{"@id":"https:\/\/xstyle.md\/product\/karabin-singing-rock-oval-steel-connector-screw\/#primaryimage"},"image":{"@id":"https:\/\/xstyle.md\/product\/karabin-singing-rock-oval-steel-connector-screw\/#primaryimage"},"thumbnailUrl":"https:\/\/xstyle.md\/wp-content\/uploads\/2020\/07\/k4241z005.jpg","datePublished":"2020-07-16T16:33:58+00:00","dateModified":"2025-11-19T10:53:50+00:00","description":"Carabinierul Singing Rock Oval Steel Screw Gate \u2013 un carabinier de o\u021bel de \u00eencredere, cu o rezisten\u021b\u0103 de 30 kN. Ideal pentru alpinism \u0219i asigurarea siguran\u021bei.","breadcrumb":{"@id":"https:\/\/xstyle.md\/product\/karabin-singing-rock-oval-steel-connector-screw\/#breadcrumb"},"inLanguage":"ro-RO","potentialAction":[{"@type":"ReadAction","target":["https:\/\/xstyle.md\/product\/karabin-singing-rock-oval-steel-connector-screw\/"]}]},{"@type":"ImageObject","inLanguage":"ro-RO","@id":"https:\/\/xstyle.md\/product\/karabin-singing-rock-oval-steel-connector-screw\/#primaryimage","url":"https:\/\/xstyle.md\/wp-content\/uploads\/2020\/07\/k4241z005.jpg","contentUrl":"https:\/\/xstyle.md\/wp-content\/uploads\/2020\/07\/k4241z005.jpg","width":304,"height":267},{"@type":"BreadcrumbList","@id":"https:\/\/xstyle.md\/product\/karabin-singing-rock-oval-steel-connector-screw\/#breadcrumb","itemListElement":[{"@type":"ListItem","position":1,"name":"\u0413\u043b\u0430\u0432\u043d\u0430\u044f \u0441\u0442\u0440\u0430\u043d\u0438\u0446\u0430","item":"https:\/\/xstyle.md\/"},{"@type":"ListItem","position":2,"name":"\u041c\u0430\u0433\u0430\u0437\u0438\u043d","item":"https:\/\/xstyle.md\/shop\/"},{"@type":"ListItem","position":3,"name":"\u041a\u0430\u0440\u0430\u0431\u0438\u043d Singing Rock Oval Steel Screw Gate"}]},{"@type":"WebSite","@id":"https:\/\/xstyle.md\/#website","url":"https:\/\/xstyle.md\/","name":"Magazinul X-Style","description":"Echipamente pentru turism \u0219i sporturi extreme \u00een Moldova. Pre\u021buri, fotografii, caracteristici \u00een Moldova.","publisher":{"@id":"https:\/\/xstyle.md\/#organization"},"alternateName":"X-Style","potentialAction":[{"@type":"SearchAction","target":{"@type":"EntryPoint","urlTemplate":"https:\/\/xstyle.md\/?s={search_term_string}"},"query-input":{"@type":"PropertyValueSpecification","valueRequired":true,"valueName":"search_term_string"}}],"inLanguage":"ro-RO"},{"@type":"Organization","@id":"https:\/\/xstyle.md\/#organization","name":"Magazinul X-Style","alternateName":"x-style","url":"https:\/\/xstyle.md\/","logo":{"@type":"ImageObject","inLanguage":"ro-RO","@id":"https:\/\/xstyle.md\/#\/schema\/logo\/image\/","url":"https:\/\/xstyle.md\/wp-content\/uploads\/2020\/06\/logoicon.svg","contentUrl":"https:\/\/xstyle.md\/wp-content\/uploads\/2020\/06\/logoicon.svg","caption":"\u041c\u0430\u0433\u0430\u0437\u0438\u043d Xstyle"},"image":{"@id":"https:\/\/xstyle.md\/#\/schema\/logo\/image\/"},"sameAs":["https:\/\/www.facebook.com\/xstylemd","https:\/\/www.instagram.com\/xstyle_md\/","https:\/\/t.me\/xstyle_outdoor"],"hasMerchantReturnPolicy":{"@type":"MerchantReturnPolicy","merchantReturnLink":"https:\/\/xstyle.md\/ro\/conditions\/"}}]},"product_price_amount":"170.00","product_price_currency":"MDL","og_availability":"instock","product_availability":"instock","product_retailer_item_id":"8595033329126","product_condition":"new"},"post_mailing_queue_ids":[],"_links":{"self":[{"href":"https:\/\/xstyle.md\/ro\/wp-json\/wp\/v2\/product\/4135","targetHints":{"allow":["GET"]}}],"collection":[{"href":"https:\/\/xstyle.md\/ro\/wp-json\/wp\/v2\/product"}],"about":[{"href":"https:\/\/xstyle.md\/ro\/wp-json\/wp\/v2\/types\/product"}],"replies":[{"embeddable":true,"href":"https:\/\/xstyle.md\/ro\/wp-json\/wp\/v2\/comments?post=4135"}],"wp:featuredmedia":[{"embeddable":true,"href":"https:\/\/xstyle.md\/ro\/wp-json\/wp\/v2\/media\/4134"}],"wp:attachment":[{"href":"https:\/\/xstyle.md\/ro\/wp-json\/wp\/v2\/media?parent=4135"}],"wp:term":[{"taxonomy":"product_brand","embeddable":true,"href":"https:\/\/xstyle.md\/ro\/wp-json\/wp\/v2\/product_brand?post=4135"},{"taxonomy":"product_cat","embeddable":true,"href":"https:\/\/xstyle.md\/ro\/wp-json\/wp\/v2\/product_cat?post=4135"},{"taxonomy":"product_tag","embeddable":true,"href":"https:\/\/xstyle.md\/ro\/wp-json\/wp\/v2\/product_tag?post=4135"}],"curies":[{"name":"wp","href":"https:\/\/api.w.org\/{rel}","templated":true}]}}