{"id":40183,"date":"2021-09-22T09:34:23","date_gmt":"2021-09-22T06:34:23","guid":{"rendered":"https:\/\/xstyle.md\/?post_type=product&#038;p=40183"},"modified":"2025-08-25T00:04:45","modified_gmt":"2025-08-24T21:04:45","slug":"lopata-acecamp-aluminum-lightweight-snow-shovel","status":"publish","type":"product","link":"https:\/\/xstyle.md\/ro\/produs\/lopata-acecamp-aluminum-lightweight-snow-shovel\/","title":{"rendered":"Lopat\u0103 AceCamp Aluminum Lightweight Snow Shovel"},"content":{"rendered":"<\/p>\n<p><strong>AceCamp Aluminum Lightweight Snow Shovel<\/strong> &#8212; lopat\u0103 de z\u0103pad\u0103 pliabil\u0103 care se desf\u0103\u0219oar\u0103 \u00een c\u00e2teva secunde. O pies\u0103 indispensabil\u0103 de echipament \u00een terenurile predispuse la avalan\u0219\u0103 pentru sporturile de iarn\u0103 active, precum \u0219i pentru automobili\u0219ti \u00een timpul iernii. Cu lopata pute\u021bi \u00eendep\u0103rta rapid resturile de z\u0103pad\u0103, pute\u021bi construi o tab\u0103r\u0103 \u00eentr-o excursie de iarn\u0103 sau o trambulin\u0103 pentru antrenament.<\/p>\n<p>Datorit\u0103 celor patru g\u0103uri de pe lama lope\u021bii, aceasta poate fi utilizat\u0103 ca ancor\u0103 de z\u0103pad\u0103 \u00een timpul alpinismului de iarn\u0103. M\u00e2nerul confortabil, m\u00e2nerul telescopic \u0219i dimensiunea compact\u0103 atunci c\u00e2nd este pliat\u0103 sunt ideale pentru transportul \u00een ma\u0219in\u0103 sau \u00eentr-un rucsac. Culoarea str\u0103lucitoare este clar vizibil\u0103 \u00een z\u0103pad\u0103.<\/p>\n<h3>Particularit\u0103\u021bi<\/h3>\n<ul>\n<li>U\u0219oare \u0219i compacte<\/li>\n<li>Fabricat din aluminiu de \u00eenalt\u0103 calitate<\/li>\n<li>G\u0103uri \u00een lam\u0103 pentru organizarea unei ancore de z\u0103pad\u0103 cu un cablu<\/li>\n<li>M\u00e2ner telescopic \u0219i prindere confortabil\u0103<\/li>\n<\/ul>\n<h3>Caracteristici<\/h3>\n<ul>\n<li>Material &#8212; aluminiu<\/li>\n<li>Lungime &#8212; 65,5 cm<\/li>\n<li>Greutate &#8212; 525 g<\/li>\n<\/ul>\n<p><\/p>","protected":false},"excerpt":{"rendered":"","protected":false},"featured_media":40261,"comment_status":"open","ping_status":"closed","template":"","meta":{"_acf_changed":false,"inline_featured_image":false},"product_brand":[1342],"product_cat":[357],"product_tag":[],"class_list":{"0":"post-40183","1":"product","2":"type-product","3":"status-publish","4":"has-post-thumbnail","6":"product_brand-acecamp","7":"product_cat-instrumenti","9":"first","10":"instock","11":"shipping-taxable","12":"purchasable","13":"product-type-simple"},"acf":[],"yoast_head":"<!-- This site is optimized with the Yoast SEO plugin v27.4 - https:\/\/yoast.com\/product\/yoast-seo-wordpress\/ -->\n<title>\u041b\u043e\u043f\u0430\u0442\u0430 AceCamp Aluminum Lightweight Snow Shovel - \u041c\u0430\u0433\u0430\u0437\u0438\u043d Xstyle<\/title>\n<meta name=\"description\" content=\"\u041b\u043e\u043f\u0430\u0442\u0430 AceCamp Aluminium \u043b\u0435\u0433\u043a\u0430\u044f \u0438 \u0441\u043a\u043b\u0430\u0434\u043d\u0430\u044f, \u0438\u0434\u0435\u0430\u043b\u044c\u043d\u043e \u043f\u043e\u0434\u0445\u043e\u0434\u0438\u0442 \u0434\u043b\u044f \u0437\u0438\u043c\u043d\u0438\u0445 \u0432\u0438\u0434\u043e\u0432 \u0441\u043f\u043e\u0440\u0442\u0430 \u0438 \u0432\u043e\u0434\u0438\u0442\u0435\u043b\u0435\u0439. \u0411\u044b\u0441\u0442\u0440\u043e \u0443\u0434\u0430\u043b\u044f\u0439\u0442\u0435 \u0441\u043d\u0435\u0433, \u0441\u0442\u0440\u043e\u0439\u0442\u0435 \u043b\u0430\u0433\u0435\u0440\u044c \u0438 \u043a\u0430\u0442\u0430\u0439\u0442\u0435\u0441\u044c \u043d\u0430 \u0442\u0440\u0430\u043c\u043f\u043b\u0438\u043d\u0435!\" \/>\n<meta name=\"robots\" content=\"index, follow, max-snippet:-1, max-image-preview:large, max-video-preview:-1\" \/>\n<link rel=\"canonical\" href=\"https:\/\/xstyle.md\/ro\/produs\/lopata-acecamp-aluminum-lightweight-snow-shovel\/\" \/>\n<meta property=\"og:locale\" content=\"ro_RO\" \/>\n<meta property=\"og:type\" content=\"article\" \/>\n<meta property=\"og:title\" content=\"\u041b\u043e\u043f\u0430\u0442\u0430 AceCamp Aluminum Lightweight Snow Shovel - \u041c\u0430\u0433\u0430\u0437\u0438\u043d Xstyle\" \/>\n<meta property=\"og:description\" content=\"\u041b\u043e\u043f\u0430\u0442\u0430 AceCamp Aluminium \u043b\u0435\u0433\u043a\u0430\u044f \u0438 \u0441\u043a\u043b\u0430\u0434\u043d\u0430\u044f, \u0438\u0434\u0435\u0430\u043b\u044c\u043d\u043e \u043f\u043e\u0434\u0445\u043e\u0434\u0438\u0442 \u0434\u043b\u044f \u0437\u0438\u043c\u043d\u0438\u0445 \u0432\u0438\u0434\u043e\u0432 \u0441\u043f\u043e\u0440\u0442\u0430 \u0438 \u0432\u043e\u0434\u0438\u0442\u0435\u043b\u0435\u0439. \u0411\u044b\u0441\u0442\u0440\u043e \u0443\u0434\u0430\u043b\u044f\u0439\u0442\u0435 \u0441\u043d\u0435\u0433, \u0441\u0442\u0440\u043e\u0439\u0442\u0435 \u043b\u0430\u0433\u0435\u0440\u044c \u0438 \u043a\u0430\u0442\u0430\u0439\u0442\u0435\u0441\u044c \u043d\u0430 \u0442\u0440\u0430\u043c\u043f\u043b\u0438\u043d\u0435!\" \/>\n<meta property=\"og:url\" content=\"https:\/\/xstyle.md\/ro\/produs\/lopata-acecamp-aluminum-lightweight-snow-shovel\/\" \/>\n<meta property=\"og:site_name\" content=\"\u041c\u0430\u0433\u0430\u0437\u0438\u043d Xstyle\" \/>\n<meta property=\"article:publisher\" content=\"https:\/\/www.facebook.com\/xstylemd\" \/>\n<meta property=\"article:modified_time\" content=\"2025-08-24T21:04:45+00:00\" \/>\n<meta property=\"og:image\" content=\"https:\/\/xstyle.md\/wp-content\/uploads\/2021\/09\/acecamp-aluminum-lightweight-snow-shovel.jpg\" \/>\n\t<meta property=\"og:image:width\" content=\"2048\" \/>\n\t<meta property=\"og:image:height\" content=\"2048\" \/>\n\t<meta property=\"og:image:type\" content=\"image\/jpeg\" \/>\n<meta name=\"twitter:card\" content=\"summary_large_image\" \/>\n<meta name=\"twitter:label1\" content=\"Pre\u021b\" \/>\n\t<meta name=\"twitter:data1\" content=\"415&nbsp;MDL\" \/>\n\t<meta name=\"twitter:label2\" content=\"Disponibilitate\" \/>\n\t<meta name=\"twitter:data2\" content=\"\u00cen stoc\" \/>\n<script type=\"application\/ld+json\" class=\"yoast-schema-graph\">{\"@context\":\"https:\\\/\\\/schema.org\",\"@graph\":[{\"@type\":\"WebPage\",\"@id\":\"https:\\\/\\\/xstyle.md\\\/product\\\/lopata-acecamp-aluminum-lightweight-snow-shovel\\\/\",\"url\":\"https:\\\/\\\/xstyle.md\\\/product\\\/lopata-acecamp-aluminum-lightweight-snow-shovel\\\/\",\"name\":\"\u041b\u043e\u043f\u0430\u0442\u0430 AceCamp Aluminum Lightweight Snow Shovel - \u041c\u0430\u0433\u0430\u0437\u0438\u043d Xstyle\",\"isPartOf\":{\"@id\":\"https:\\\/\\\/xstyle.md\\\/#website\"},\"primaryImageOfPage\":{\"@id\":\"https:\\\/\\\/xstyle.md\\\/product\\\/lopata-acecamp-aluminum-lightweight-snow-shovel\\\/#primaryimage\"},\"image\":{\"@id\":\"https:\\\/\\\/xstyle.md\\\/product\\\/lopata-acecamp-aluminum-lightweight-snow-shovel\\\/#primaryimage\"},\"thumbnailUrl\":\"https:\\\/\\\/xstyle.md\\\/wp-content\\\/uploads\\\/2021\\\/09\\\/acecamp-aluminum-lightweight-snow-shovel.jpg\",\"datePublished\":\"2021-09-22T06:34:23+00:00\",\"dateModified\":\"2025-08-24T21:04:45+00:00\",\"description\":\"\u041b\u043e\u043f\u0430\u0442\u0430 AceCamp Aluminium \u043b\u0435\u0433\u043a\u0430\u044f \u0438 \u0441\u043a\u043b\u0430\u0434\u043d\u0430\u044f, \u0438\u0434\u0435\u0430\u043b\u044c\u043d\u043e \u043f\u043e\u0434\u0445\u043e\u0434\u0438\u0442 \u0434\u043b\u044f \u0437\u0438\u043c\u043d\u0438\u0445 \u0432\u0438\u0434\u043e\u0432 \u0441\u043f\u043e\u0440\u0442\u0430 \u0438 \u0432\u043e\u0434\u0438\u0442\u0435\u043b\u0435\u0439. \u0411\u044b\u0441\u0442\u0440\u043e \u0443\u0434\u0430\u043b\u044f\u0439\u0442\u0435 \u0441\u043d\u0435\u0433, \u0441\u0442\u0440\u043e\u0439\u0442\u0435 \u043b\u0430\u0433\u0435\u0440\u044c \u0438 \u043a\u0430\u0442\u0430\u0439\u0442\u0435\u0441\u044c \u043d\u0430 \u0442\u0440\u0430\u043c\u043f\u043b\u0438\u043d\u0435!\",\"breadcrumb\":{\"@id\":\"https:\\\/\\\/xstyle.md\\\/product\\\/lopata-acecamp-aluminum-lightweight-snow-shovel\\\/#breadcrumb\"},\"inLanguage\":\"ro-RO\",\"potentialAction\":[{\"@type\":\"ReadAction\",\"target\":[\"https:\\\/\\\/xstyle.md\\\/product\\\/lopata-acecamp-aluminum-lightweight-snow-shovel\\\/\"]}]},{\"@type\":\"ImageObject\",\"inLanguage\":\"ro-RO\",\"@id\":\"https:\\\/\\\/xstyle.md\\\/product\\\/lopata-acecamp-aluminum-lightweight-snow-shovel\\\/#primaryimage\",\"url\":\"https:\\\/\\\/xstyle.md\\\/wp-content\\\/uploads\\\/2021\\\/09\\\/acecamp-aluminum-lightweight-snow-shovel.jpg\",\"contentUrl\":\"https:\\\/\\\/xstyle.md\\\/wp-content\\\/uploads\\\/2021\\\/09\\\/acecamp-aluminum-lightweight-snow-shovel.jpg\",\"width\":1920,\"height\":1920,\"caption\":\"\u041b\u0430\u043f\u0430\u0442\u0430 AceCamp \u0430\u043b\u044e\u043c\u0438\u043d\u0438\u0435\u0432\u0430\u044f \u043b\u0435\u0433\u043a\u0430\u044f \u0441\u043d\u0435\u0433\u043e\u0432\u0430\u044f \u043b\u043e\u043f\u0430\u0442\u0430 \u0434\u043b\u044f \u0430\u043a\u0442\u0438\u0432\u043d\u043e\u0433\u043e \u043e\u0442\u0434\u044b\u0445\u0430 \u043f\u043e\u0445\u043e\u0434\u043e\u0432 \u0438 \u0430\u043b\u044c\u043f\u0438\u043d\u0438\u0437\u043c\u0430 \u0432 \u0438\u043d\u0442\u0435\u0440\u043d\u0435\u0442-\u043c\u0430\u0433\u0430\u0437\u0438\u043d\u0435 \u0434\u043b\u044f \u043b\u044e\u0431\u0438\u0442\u0435\u043b\u0435\u0439 \u0430\u043a\u0442\u0438\u0432\u043d\u043e\u0439 \u0436\u0438\u0437\u043d\u0438, \u0441\u043f\u043e\u0440\u0442\u0438\u0432\u043d\u043e\u0439 \u044d\u043a\u0438\u043f\u0438\u0440\u043e\u0432\u043a\u0438 \u0438 \u0441\u043d\u0430\u0440\u044f\u0436\u0435\u043d\u0438\u044f \u0434\u043b\u044f \u043f\u0443\u0442\u0435\u0448\u0435\u0441\u0442\u0432\u0438\u0439\"},{\"@type\":\"BreadcrumbList\",\"@id\":\"https:\\\/\\\/xstyle.md\\\/product\\\/lopata-acecamp-aluminum-lightweight-snow-shovel\\\/#breadcrumb\",\"itemListElement\":[{\"@type\":\"ListItem\",\"position\":1,\"name\":\"\u0413\u043b\u0430\u0432\u043d\u0430\u044f \u0441\u0442\u0440\u0430\u043d\u0438\u0446\u0430\",\"item\":\"https:\\\/\\\/xstyle.md\\\/\"},{\"@type\":\"ListItem\",\"position\":2,\"name\":\"\u041c\u0430\u0433\u0430\u0437\u0438\u043d\",\"item\":\"https:\\\/\\\/xstyle.md\\\/shop\\\/\"},{\"@type\":\"ListItem\",\"position\":3,\"name\":\"\u041b\u043e\u043f\u0430\u0442\u0430 AceCamp Aluminum Lightweight Snow Shovel\"}]},{\"@type\":\"WebSite\",\"@id\":\"https:\\\/\\\/xstyle.md\\\/#website\",\"url\":\"https:\\\/\\\/xstyle.md\\\/\",\"name\":\"\u041c\u0430\u0433\u0430\u0437\u0438\u043d Xstyle\",\"description\":\"C\u043d\u0430\u0440\u044f\u0436\u0435\u043d\u0438\u0435 \u0434\u043b\u044f \u0442\u0443\u0440\u0438\u0437\u043c\u0430 \u0438 \u044d\u043a\u0441\u0442\u0440\u0435\u043c\u0430\u043b\u044c\u043d\u044b\u0445 \u0432\u0438\u0434\u043e\u0432 \u0441\u043f\u043e\u0440\u0442\u0430 \u0432 \u041c\u043e\u043b\u0434\u043e\u0432\u0435.. \u0426\u0435\u043d\u044b, \u0444\u043e\u0442\u043e, \u0445\u0430\u0440\u0430\u043a\u0442\u0435\u0440\u0438\u0441\u0442\u0438\u043a\u0438 \u0432 \u041c\u043e\u043b\u0434\u043e\u0432\u0435.\",\"publisher\":{\"@id\":\"https:\\\/\\\/xstyle.md\\\/#organization\"},\"alternateName\":\"X-Style\",\"potentialAction\":[{\"@type\":\"SearchAction\",\"target\":{\"@type\":\"EntryPoint\",\"urlTemplate\":\"https:\\\/\\\/xstyle.md\\\/?s={search_term_string}\"},\"query-input\":{\"@type\":\"PropertyValueSpecification\",\"valueRequired\":true,\"valueName\":\"search_term_string\"}}],\"inLanguage\":\"ro-RO\"},{\"@type\":\"Organization\",\"@id\":\"https:\\\/\\\/xstyle.md\\\/#organization\",\"name\":\"\u041c\u0430\u0433\u0430\u0437\u0438\u043d Xstyle\",\"alternateName\":\"x-style\",\"url\":\"https:\\\/\\\/xstyle.md\\\/\",\"logo\":{\"@type\":\"ImageObject\",\"inLanguage\":\"ro-RO\",\"@id\":\"https:\\\/\\\/xstyle.md\\\/#\\\/schema\\\/logo\\\/image\\\/\",\"url\":\"https:\\\/\\\/xstyle.md\\\/wp-content\\\/uploads\\\/2020\\\/06\\\/logoicon.svg\",\"contentUrl\":\"https:\\\/\\\/xstyle.md\\\/wp-content\\\/uploads\\\/2020\\\/06\\\/logoicon.svg\",\"caption\":\"\u041c\u0430\u0433\u0430\u0437\u0438\u043d Xstyle\"},\"image\":{\"@id\":\"https:\\\/\\\/xstyle.md\\\/#\\\/schema\\\/logo\\\/image\\\/\"},\"sameAs\":[\"https:\\\/\\\/www.facebook.com\\\/xstylemd\",\"https:\\\/\\\/www.instagram.com\\\/xstyle_md\\\/\",\"https:\\\/\\\/t.me\\\/xstyle_outdoor\"],\"hasMerchantReturnPolicy\":{\"@type\":\"MerchantReturnPolicy\",\"merchantReturnLink\":\"https:\\\/\\\/xstyle.md\\\/ro\\\/conditions\\\/\"}}]}<\/script>\n<meta property=\"product:price:amount\" content=\"415.00\" \/>\n<meta property=\"product:price:currency\" content=\"MDL\" \/>\n<meta property=\"og:availability\" content=\"instock\" \/>\n<meta property=\"product:availability\" content=\"instock\" \/>\n<meta property=\"product:retailer_item_id\" content=\"6932057825913\" \/>\n<meta property=\"product:condition\" content=\"new\" \/>\n<!-- \/ Yoast SEO plugin. -->","yoast_head_json":{"title":"Lopat\u0103 AceCamp Aluminum Lightweight Snow Shovel - Magazin Xstyle","description":"Lopata AceCamp Aluminium este u\u0219oar\u0103 \u0219i pliabil\u0103, perfect\u0103 pentru sporturile de iarn\u0103 \u0219i \u0219oferi. \u00cendep\u0103rta\u021bi rapid z\u0103pada, construi\u021bi un camp \u0219i s\u0103ni\u021bi pe trambulin\u0103!","robots":{"index":"index","follow":"follow","max-snippet":"max-snippet:-1","max-image-preview":"max-image-preview:large","max-video-preview":"max-video-preview:-1"},"canonical":"https:\/\/xstyle.md\/ro\/produs\/lopata-acecamp-aluminum-lightweight-snow-shovel\/","og_locale":"ro_RO","og_type":"article","og_title":"\u041b\u043e\u043f\u0430\u0442\u0430 AceCamp Aluminum Lightweight Snow Shovel - \u041c\u0430\u0433\u0430\u0437\u0438\u043d Xstyle","og_description":"\u041b\u043e\u043f\u0430\u0442\u0430 AceCamp Aluminium \u043b\u0435\u0433\u043a\u0430\u044f \u0438 \u0441\u043a\u043b\u0430\u0434\u043d\u0430\u044f, \u0438\u0434\u0435\u0430\u043b\u044c\u043d\u043e \u043f\u043e\u0434\u0445\u043e\u0434\u0438\u0442 \u0434\u043b\u044f \u0437\u0438\u043c\u043d\u0438\u0445 \u0432\u0438\u0434\u043e\u0432 \u0441\u043f\u043e\u0440\u0442\u0430 \u0438 \u0432\u043e\u0434\u0438\u0442\u0435\u043b\u0435\u0439. \u0411\u044b\u0441\u0442\u0440\u043e \u0443\u0434\u0430\u043b\u044f\u0439\u0442\u0435 \u0441\u043d\u0435\u0433, \u0441\u0442\u0440\u043e\u0439\u0442\u0435 \u043b\u0430\u0433\u0435\u0440\u044c \u0438 \u043a\u0430\u0442\u0430\u0439\u0442\u0435\u0441\u044c \u043d\u0430 \u0442\u0440\u0430\u043c\u043f\u043b\u0438\u043d\u0435!","og_url":"https:\/\/xstyle.md\/ro\/produs\/lopata-acecamp-aluminum-lightweight-snow-shovel\/","og_site_name":"\u041c\u0430\u0433\u0430\u0437\u0438\u043d Xstyle","article_publisher":"https:\/\/www.facebook.com\/xstylemd","article_modified_time":"2025-08-24T21:04:45+00:00","og_image":[{"width":2048,"height":2048,"url":"https:\/\/xstyle.md\/wp-content\/uploads\/2021\/09\/acecamp-aluminum-lightweight-snow-shovel.jpg","type":"image\/jpeg"}],"twitter_card":"summary_large_image","twitter_misc":{"Pre\u021b":"415&nbsp;MDL","Disponibilitate":"\u00cen stoc"},"schema":{"@context":"https:\/\/schema.org","@graph":[{"@type":"WebPage","@id":"https:\/\/xstyle.md\/product\/lopata-acecamp-aluminum-lightweight-snow-shovel\/","url":"https:\/\/xstyle.md\/product\/lopata-acecamp-aluminum-lightweight-snow-shovel\/","name":"Lopat\u0103 AceCamp Aluminum Lightweight Snow Shovel - Magazin Xstyle","isPartOf":{"@id":"https:\/\/xstyle.md\/#website"},"primaryImageOfPage":{"@id":"https:\/\/xstyle.md\/product\/lopata-acecamp-aluminum-lightweight-snow-shovel\/#primaryimage"},"image":{"@id":"https:\/\/xstyle.md\/product\/lopata-acecamp-aluminum-lightweight-snow-shovel\/#primaryimage"},"thumbnailUrl":"https:\/\/xstyle.md\/wp-content\/uploads\/2021\/09\/acecamp-aluminum-lightweight-snow-shovel.jpg","datePublished":"2021-09-22T06:34:23+00:00","dateModified":"2025-08-24T21:04:45+00:00","description":"Lopata AceCamp Aluminium este u\u0219oar\u0103 \u0219i pliabil\u0103, perfect\u0103 pentru sporturile de iarn\u0103 \u0219i \u0219oferi. \u00cendep\u0103rta\u021bi rapid z\u0103pada, construi\u021bi un camp \u0219i s\u0103ni\u021bi pe trambulin\u0103!","breadcrumb":{"@id":"https:\/\/xstyle.md\/product\/lopata-acecamp-aluminum-lightweight-snow-shovel\/#breadcrumb"},"inLanguage":"ro-RO","potentialAction":[{"@type":"ReadAction","target":["https:\/\/xstyle.md\/product\/lopata-acecamp-aluminum-lightweight-snow-shovel\/"]}]},{"@type":"ImageObject","inLanguage":"ro-RO","@id":"https:\/\/xstyle.md\/product\/lopata-acecamp-aluminum-lightweight-snow-shovel\/#primaryimage","url":"https:\/\/xstyle.md\/wp-content\/uploads\/2021\/09\/acecamp-aluminum-lightweight-snow-shovel.jpg","contentUrl":"https:\/\/xstyle.md\/wp-content\/uploads\/2021\/09\/acecamp-aluminum-lightweight-snow-shovel.jpg","width":1920,"height":1920,"caption":"\u041b\u0430\u043f\u0430\u0442\u0430 AceCamp \u0430\u043b\u044e\u043c\u0438\u043d\u0438\u0435\u0432\u0430\u044f \u043b\u0435\u0433\u043a\u0430\u044f \u0441\u043d\u0435\u0433\u043e\u0432\u0430\u044f \u043b\u043e\u043f\u0430\u0442\u0430 \u0434\u043b\u044f \u0430\u043a\u0442\u0438\u0432\u043d\u043e\u0433\u043e \u043e\u0442\u0434\u044b\u0445\u0430 \u043f\u043e\u0445\u043e\u0434\u043e\u0432 \u0438 \u0430\u043b\u044c\u043f\u0438\u043d\u0438\u0437\u043c\u0430 \u0432 \u0438\u043d\u0442\u0435\u0440\u043d\u0435\u0442-\u043c\u0430\u0433\u0430\u0437\u0438\u043d\u0435 \u0434\u043b\u044f \u043b\u044e\u0431\u0438\u0442\u0435\u043b\u0435\u0439 \u0430\u043a\u0442\u0438\u0432\u043d\u043e\u0439 \u0436\u0438\u0437\u043d\u0438, \u0441\u043f\u043e\u0440\u0442\u0438\u0432\u043d\u043e\u0439 \u044d\u043a\u0438\u043f\u0438\u0440\u043e\u0432\u043a\u0438 \u0438 \u0441\u043d\u0430\u0440\u044f\u0436\u0435\u043d\u0438\u044f \u0434\u043b\u044f \u043f\u0443\u0442\u0435\u0448\u0435\u0441\u0442\u0432\u0438\u0439"},{"@type":"BreadcrumbList","@id":"https:\/\/xstyle.md\/product\/lopata-acecamp-aluminum-lightweight-snow-shovel\/#breadcrumb","itemListElement":[{"@type":"ListItem","position":1,"name":"\u0413\u043b\u0430\u0432\u043d\u0430\u044f \u0441\u0442\u0440\u0430\u043d\u0438\u0446\u0430","item":"https:\/\/xstyle.md\/"},{"@type":"ListItem","position":2,"name":"\u041c\u0430\u0433\u0430\u0437\u0438\u043d","item":"https:\/\/xstyle.md\/shop\/"},{"@type":"ListItem","position":3,"name":"\u041b\u043e\u043f\u0430\u0442\u0430 AceCamp Aluminum Lightweight Snow Shovel"}]},{"@type":"WebSite","@id":"https:\/\/xstyle.md\/#website","url":"https:\/\/xstyle.md\/","name":"Magazinul X-Style","description":"Echipamente pentru turism \u0219i sporturi extreme \u00een Moldova. Pre\u021buri, fotografii, caracteristici \u00een Moldova.","publisher":{"@id":"https:\/\/xstyle.md\/#organization"},"alternateName":"X-Style","potentialAction":[{"@type":"SearchAction","target":{"@type":"EntryPoint","urlTemplate":"https:\/\/xstyle.md\/?s={search_term_string}"},"query-input":{"@type":"PropertyValueSpecification","valueRequired":true,"valueName":"search_term_string"}}],"inLanguage":"ro-RO"},{"@type":"Organization","@id":"https:\/\/xstyle.md\/#organization","name":"Magazinul X-Style","alternateName":"x-style","url":"https:\/\/xstyle.md\/","logo":{"@type":"ImageObject","inLanguage":"ro-RO","@id":"https:\/\/xstyle.md\/#\/schema\/logo\/image\/","url":"https:\/\/xstyle.md\/wp-content\/uploads\/2020\/06\/logoicon.svg","contentUrl":"https:\/\/xstyle.md\/wp-content\/uploads\/2020\/06\/logoicon.svg","caption":"\u041c\u0430\u0433\u0430\u0437\u0438\u043d Xstyle"},"image":{"@id":"https:\/\/xstyle.md\/#\/schema\/logo\/image\/"},"sameAs":["https:\/\/www.facebook.com\/xstylemd","https:\/\/www.instagram.com\/xstyle_md\/","https:\/\/t.me\/xstyle_outdoor"],"hasMerchantReturnPolicy":{"@type":"MerchantReturnPolicy","merchantReturnLink":"https:\/\/xstyle.md\/ro\/conditions\/"}}]},"product_price_amount":"415.00","product_price_currency":"MDL","og_availability":"instock","product_availability":"instock","product_retailer_item_id":"6932057825913","product_condition":"new"},"post_mailing_queue_ids":[],"_links":{"self":[{"href":"https:\/\/xstyle.md\/ro\/wp-json\/wp\/v2\/product\/40183","targetHints":{"allow":["GET"]}}],"collection":[{"href":"https:\/\/xstyle.md\/ro\/wp-json\/wp\/v2\/product"}],"about":[{"href":"https:\/\/xstyle.md\/ro\/wp-json\/wp\/v2\/types\/product"}],"replies":[{"embeddable":true,"href":"https:\/\/xstyle.md\/ro\/wp-json\/wp\/v2\/comments?post=40183"}],"wp:featuredmedia":[{"embeddable":true,"href":"https:\/\/xstyle.md\/ro\/wp-json\/wp\/v2\/media\/40261"}],"wp:attachment":[{"href":"https:\/\/xstyle.md\/ro\/wp-json\/wp\/v2\/media?parent=40183"}],"wp:term":[{"taxonomy":"product_brand","embeddable":true,"href":"https:\/\/xstyle.md\/ro\/wp-json\/wp\/v2\/product_brand?post=40183"},{"taxonomy":"product_cat","embeddable":true,"href":"https:\/\/xstyle.md\/ro\/wp-json\/wp\/v2\/product_cat?post=40183"},{"taxonomy":"product_tag","embeddable":true,"href":"https:\/\/xstyle.md\/ro\/wp-json\/wp\/v2\/product_tag?post=40183"}],"curies":[{"name":"wp","href":"https:\/\/api.w.org\/{rel}","templated":true}]}}