{"id":39842,"date":"2021-09-08T10:53:39","date_gmt":"2021-09-08T07:53:39","guid":{"rendered":"https:\/\/xstyle.md\/?post_type=product&#038;p=39842"},"modified":"2024-10-21T09:07:37","modified_gmt":"2024-10-21T06:07:37","slug":"prjazhka-deuter-ladder-lock-15mm","status":"publish","type":"product","link":"https:\/\/dev.xstyle.md\/ro\/produs\/prjazhka-deuter-ladder-lock-15mm\/","title":{"rendered":"Cataram\u0103 Deuter Ladder lock 15mm"},"content":{"rendered":"<\/p>\n<p><strong>Cataram\u0103 Deuter Ladder lock 15mm<\/strong> &#8212; catarama robust\u0103 de \u00eenlocuire este fabricat\u0103 din plastic \u0219i este potrivit\u0103 pentru curelele de rucsac. Fixeaz\u0103 cureaua u\u0219or \u0219i ferm.<\/p>\n<h3>Caracteristici<\/h3>\n<ul>\n<li>Material &#8212; plastic<\/li>\n<li>Dimensiuni &#8212; 15 mm<\/li>\n<\/ul>\n<h3>Marca<\/h3>\n<p>Deuter este o marc\u0103 german\u0103 de gen\u021bi de sport \u0219i gen\u021bi pentru drume\u021bii, trekking, sporturi de iarn\u0103 \u0219i alte scopuri. Istoria companiei dateaz\u0103 de mai bine de 100 de ani: fondat\u0103 de Hans Deuter \u00een 1898, la \u00eenceputul secolului XX Deuter furniza deja saci po\u0219tali pentru Po\u0219ta Regal\u0103 Bavarez\u0103, iar \u00een anii 1910 &#8212; rucsacuri, gen\u021bi, curele \u0219i corturi pentru armat\u0103.<\/p>\n<p>Fiind unul dintre cei mai importan\u021bi produc\u0103tori de rucsacuri, Deuter a cooperat \u00eentotdeauna cu alpini\u0219ti experimenta\u021bi, care \u00eemp\u0103rt\u0103\u0219esc din experien\u021ba \u0219i cuno\u0219tin\u021bele lor bogate. Deuter nu se opre\u0219te la rezultatele ob\u021binute, lucr\u00e2nd \u00een mod constant la calitate \u0219i la \u00eembun\u0103t\u0103\u021birea produselor sale. Speciali\u0219tii companiei sunt mereu \u00een c\u0103utare de noi solu\u021bii tehnice care s\u0103 v\u0103 asigure confortul \u0219i siguran\u021ba.<\/p>\n<p><\/p>","protected":false},"excerpt":{"rendered":"","protected":false},"featured_media":39856,"comment_status":"open","ping_status":"closed","template":"","meta":{"_acf_changed":false,"inline_featured_image":false},"product_brand":[1261],"product_cat":[338],"product_tag":[],"class_list":{"0":"post-39842","1":"product","2":"type-product","3":"status-publish","4":"has-post-thumbnail","6":"product_brand-deuter","7":"product_cat-backpack-accessories","9":"first","10":"instock","11":"shipping-taxable","12":"purchasable","13":"product-type-simple"},"acf":[],"yoast_head":"<!-- This site is optimized with the Yoast SEO plugin v27.5 - https:\/\/yoast.com\/product\/yoast-seo-wordpress\/ -->\n<title>\u041f\u0440\u044f\u0436\u043a\u0430 Deuter Ladder lock 15mm - \u041c\u0430\u0433\u0430\u0437\u0438\u043d Xstyle<\/title>\n<meta name=\"description\" content=\"\u041f\u0440\u044f\u0436\u043a\u0430 Deuter Ladder lock 15mm - \u043d\u0430\u0434\u0435\u0436\u043d\u0430\u044f \u043f\u043b\u0430\u0441\u0442\u0438\u043a\u043e\u0432\u0430\u044f \u0437\u0430\u043c\u0435\u043d\u0430 \u0434\u043b\u044f \u0440\u044e\u043a\u0437\u0430\u043a\u043e\u0432. \u041b\u0435\u0433\u043a\u043e \u0444\u0438\u043a\u0441\u0438\u0440\u0443\u0435\u0442 \u0440\u0435\u043c\u0435\u043d\u044c, \u0438\u0434\u0435\u0430\u043b\u044c\u043d\u043e \u043f\u043e\u0434\u0445\u043e\u0434\u0438\u0442 \u0434\u043b\u044f \u0430\u043a\u0442\u0438\u0432\u043d\u043e\u0433\u043e \u043e\u0442\u0434\u044b\u0445\u0430 \u0438 \u0442\u0443\u0440\u0438\u0437\u043c\u0430.\" \/>\n<meta name=\"robots\" content=\"noindex, follow, max-snippet:-1, max-image-preview:large, max-video-preview:-1\" \/>\n<meta property=\"og:locale\" content=\"ro_RO\" \/>\n<meta property=\"og:type\" content=\"article\" \/>\n<meta property=\"og:title\" content=\"\u041f\u0440\u044f\u0436\u043a\u0430 Deuter Ladder lock 15mm - \u041c\u0430\u0433\u0430\u0437\u0438\u043d Xstyle\" \/>\n<meta property=\"og:description\" content=\"\u041f\u0440\u044f\u0436\u043a\u0430 Deuter Ladder lock 15mm - \u043d\u0430\u0434\u0435\u0436\u043d\u0430\u044f \u043f\u043b\u0430\u0441\u0442\u0438\u043a\u043e\u0432\u0430\u044f \u0437\u0430\u043c\u0435\u043d\u0430 \u0434\u043b\u044f \u0440\u044e\u043a\u0437\u0430\u043a\u043e\u0432. \u041b\u0435\u0433\u043a\u043e \u0444\u0438\u043a\u0441\u0438\u0440\u0443\u0435\u0442 \u0440\u0435\u043c\u0435\u043d\u044c, \u0438\u0434\u0435\u0430\u043b\u044c\u043d\u043e \u043f\u043e\u0434\u0445\u043e\u0434\u0438\u0442 \u0434\u043b\u044f \u0430\u043a\u0442\u0438\u0432\u043d\u043e\u0433\u043e \u043e\u0442\u0434\u044b\u0445\u0430 \u0438 \u0442\u0443\u0440\u0438\u0437\u043c\u0430.\" \/>\n<meta property=\"og:url\" content=\"https:\/\/dev.xstyle.md\/ro\/produs\/prjazhka-deuter-ladder-lock-15mm\/\" \/>\n<meta property=\"og:site_name\" content=\"\u041c\u0430\u0433\u0430\u0437\u0438\u043d Xstyle\" \/>\n<meta property=\"article:publisher\" content=\"https:\/\/www.facebook.com\/xstylemd\" \/>\n<meta property=\"article:modified_time\" content=\"2024-10-21T06:07:37+00:00\" \/>\n<meta property=\"og:image\" content=\"https:\/\/dev.xstyle.md\/wp-content\/uploads\/2021\/09\/deuter-ladder-lock-15mm.png\" \/>\n\t<meta property=\"og:image:width\" content=\"387\" \/>\n\t<meta property=\"og:image:height\" content=\"502\" \/>\n\t<meta property=\"og:image:type\" content=\"image\/png\" \/>\n<meta name=\"twitter:card\" content=\"summary_large_image\" \/>\n<meta name=\"twitter:label1\" content=\"Pre\u021b\" \/>\n\t<meta name=\"twitter:data1\" content=\"23,00&nbsp;MDL\" \/>\n\t<meta name=\"twitter:label2\" content=\"Disponibilitate\" \/>\n\t<meta name=\"twitter:data2\" content=\"\u00cen stoc\" \/>\n<script type=\"application\/ld+json\" class=\"yoast-schema-graph\">{\"@context\":\"https:\\\/\\\/schema.org\",\"@graph\":[{\"@type\":\"WebPage\",\"@id\":\"https:\\\/\\\/dev.xstyle.md\\\/product\\\/prjazhka-deuter-ladder-lock-15mm\\\/\",\"url\":\"https:\\\/\\\/dev.xstyle.md\\\/product\\\/prjazhka-deuter-ladder-lock-15mm\\\/\",\"name\":\"\u041f\u0440\u044f\u0436\u043a\u0430 Deuter Ladder lock 15mm - \u041c\u0430\u0433\u0430\u0437\u0438\u043d Xstyle\",\"isPartOf\":{\"@id\":\"https:\\\/\\\/dev.xstyle.md\\\/#website\"},\"primaryImageOfPage\":{\"@id\":\"https:\\\/\\\/dev.xstyle.md\\\/product\\\/prjazhka-deuter-ladder-lock-15mm\\\/#primaryimage\"},\"image\":{\"@id\":\"https:\\\/\\\/dev.xstyle.md\\\/product\\\/prjazhka-deuter-ladder-lock-15mm\\\/#primaryimage\"},\"thumbnailUrl\":\"https:\\\/\\\/dev.xstyle.md\\\/wp-content\\\/uploads\\\/2021\\\/09\\\/deuter-ladder-lock-15mm.png\",\"datePublished\":\"2021-09-08T07:53:39+00:00\",\"dateModified\":\"2024-10-21T06:07:37+00:00\",\"description\":\"\u041f\u0440\u044f\u0436\u043a\u0430 Deuter Ladder lock 15mm - \u043d\u0430\u0434\u0435\u0436\u043d\u0430\u044f \u043f\u043b\u0430\u0441\u0442\u0438\u043a\u043e\u0432\u0430\u044f \u0437\u0430\u043c\u0435\u043d\u0430 \u0434\u043b\u044f \u0440\u044e\u043a\u0437\u0430\u043a\u043e\u0432. \u041b\u0435\u0433\u043a\u043e \u0444\u0438\u043a\u0441\u0438\u0440\u0443\u0435\u0442 \u0440\u0435\u043c\u0435\u043d\u044c, \u0438\u0434\u0435\u0430\u043b\u044c\u043d\u043e \u043f\u043e\u0434\u0445\u043e\u0434\u0438\u0442 \u0434\u043b\u044f \u0430\u043a\u0442\u0438\u0432\u043d\u043e\u0433\u043e \u043e\u0442\u0434\u044b\u0445\u0430 \u0438 \u0442\u0443\u0440\u0438\u0437\u043c\u0430.\",\"breadcrumb\":{\"@id\":\"https:\\\/\\\/dev.xstyle.md\\\/product\\\/prjazhka-deuter-ladder-lock-15mm\\\/#breadcrumb\"},\"inLanguage\":\"ro-RO\",\"potentialAction\":[{\"@type\":\"ReadAction\",\"target\":[\"https:\\\/\\\/dev.xstyle.md\\\/product\\\/prjazhka-deuter-ladder-lock-15mm\\\/\"]}]},{\"@type\":\"ImageObject\",\"inLanguage\":\"ro-RO\",\"@id\":\"https:\\\/\\\/dev.xstyle.md\\\/product\\\/prjazhka-deuter-ladder-lock-15mm\\\/#primaryimage\",\"url\":\"https:\\\/\\\/dev.xstyle.md\\\/wp-content\\\/uploads\\\/2021\\\/09\\\/deuter-ladder-lock-15mm.png\",\"contentUrl\":\"https:\\\/\\\/dev.xstyle.md\\\/wp-content\\\/uploads\\\/2021\\\/09\\\/deuter-ladder-lock-15mm.png\",\"width\":387,\"height\":502,\"caption\":\"\u041f\u0440\u044f\u0436\u043a\u0430 Deuter Ladder lock 15\u043c\u043c \u0434\u043b\u044f \u0441\u043d\u0430\u0440\u044f\u0436\u0435\u043d\u0438\u044f \u0430\u043a\u0442\u0438\u0432\u043d\u043e\u0439 \u0436\u0438\u0437\u043d\u0438, \u043e\u0434\u0435\u0436\u0434\u044b, \u043e\u0431\u0443\u0432\u0438, \u0442\u0443\u0440\u0438\u0437\u043c\u0430 \u0438 \u0430\u043b\u044c\u043f\u0438\u043d\u0438\u0437\u043c\u0430 \u0432 \u0438\u043d\u0442\u0435\u0440\u043d\u0435\u0442-\u043c\u0430\u0433\u0430\u0437\u0438\u043d\u0435\"},{\"@type\":\"BreadcrumbList\",\"@id\":\"https:\\\/\\\/dev.xstyle.md\\\/product\\\/prjazhka-deuter-ladder-lock-15mm\\\/#breadcrumb\",\"itemListElement\":[{\"@type\":\"ListItem\",\"position\":1,\"name\":\"\u0413\u043b\u0430\u0432\u043d\u0430\u044f \u0441\u0442\u0440\u0430\u043d\u0438\u0446\u0430\",\"item\":\"https:\\\/\\\/dev.xstyle.md\\\/\"},{\"@type\":\"ListItem\",\"position\":2,\"name\":\"Shop\",\"item\":\"https:\\\/\\\/dev.xstyle.md\\\/shop\\\/\"},{\"@type\":\"ListItem\",\"position\":3,\"name\":\"\u041f\u0440\u044f\u0436\u043a\u0430 Deuter Ladder lock 15mm\"}]},{\"@type\":\"WebSite\",\"@id\":\"https:\\\/\\\/dev.xstyle.md\\\/#website\",\"url\":\"https:\\\/\\\/dev.xstyle.md\\\/\",\"name\":\"\u041c\u0430\u0433\u0430\u0437\u0438\u043d Xstyle\",\"description\":\"C\u043d\u0430\u0440\u044f\u0436\u0435\u043d\u0438\u0435 \u0434\u043b\u044f \u0442\u0443\u0440\u0438\u0437\u043c\u0430 \u0438 \u044d\u043a\u0441\u0442\u0440\u0435\u043c\u0430\u043b\u044c\u043d\u044b\u0445 \u0432\u0438\u0434\u043e\u0432 \u0441\u043f\u043e\u0440\u0442\u0430 \u0432 \u041c\u043e\u043b\u0434\u043e\u0432\u0435.. \u0426\u0435\u043d\u044b, \u0444\u043e\u0442\u043e, \u0445\u0430\u0440\u0430\u043a\u0442\u0435\u0440\u0438\u0441\u0442\u0438\u043a\u0438 \u0432 \u041c\u043e\u043b\u0434\u043e\u0432\u0435.\",\"publisher\":{\"@id\":\"https:\\\/\\\/dev.xstyle.md\\\/#organization\"},\"alternateName\":\"X-Style\",\"potentialAction\":[{\"@type\":\"SearchAction\",\"target\":{\"@type\":\"EntryPoint\",\"urlTemplate\":\"https:\\\/\\\/dev.xstyle.md\\\/?s={search_term_string}\"},\"query-input\":{\"@type\":\"PropertyValueSpecification\",\"valueRequired\":true,\"valueName\":\"search_term_string\"}}],\"inLanguage\":\"ro-RO\"},{\"@type\":\"Organization\",\"@id\":\"https:\\\/\\\/dev.xstyle.md\\\/#organization\",\"name\":\"\u041c\u0430\u0433\u0430\u0437\u0438\u043d Xstyle\",\"alternateName\":\"x-style\",\"url\":\"https:\\\/\\\/dev.xstyle.md\\\/\",\"logo\":{\"@type\":\"ImageObject\",\"inLanguage\":\"ro-RO\",\"@id\":\"https:\\\/\\\/dev.xstyle.md\\\/#\\\/schema\\\/logo\\\/image\\\/\",\"url\":\"https:\\\/\\\/dev.xstyle.md\\\/wp-content\\\/uploads\\\/2020\\\/06\\\/logoicon.svg\",\"contentUrl\":\"https:\\\/\\\/dev.xstyle.md\\\/wp-content\\\/uploads\\\/2020\\\/06\\\/logoicon.svg\",\"caption\":\"\u041c\u0430\u0433\u0430\u0437\u0438\u043d Xstyle\"},\"image\":{\"@id\":\"https:\\\/\\\/dev.xstyle.md\\\/#\\\/schema\\\/logo\\\/image\\\/\"},\"sameAs\":[\"https:\\\/\\\/www.facebook.com\\\/xstylemd\",\"https:\\\/\\\/www.instagram.com\\\/xstyle_md\\\/\",\"https:\\\/\\\/t.me\\\/xstyle_outdoor\"],\"hasMerchantReturnPolicy\":{\"@type\":\"MerchantReturnPolicy\",\"merchantReturnLink\":\"https:\\\/\\\/dev.xstyle.md\\\/ro\\\/conditions\\\/\"}}]}<\/script>\n<meta property=\"product:price:amount\" content=\"23.00\" \/>\n<meta property=\"product:price:currency\" content=\"MDL\" \/>\n<meta property=\"og:availability\" content=\"instock\" \/>\n<meta property=\"product:availability\" content=\"instock\" \/>\n<meta property=\"product:retailer_item_id\" content=\"4046051127774\" \/>\n<meta property=\"product:condition\" content=\"new\" \/>\n<!-- \/ Yoast SEO plugin. -->","yoast_head_json":{"title":"Cataram\u0103 Deuter Ladder lock 15mm - Magazin Xstyle","description":"Prinderea Deuter Ladder lock de 15mm - o alternativ\u0103 plastic\u0103 fiabil\u0103 pentru rucsaci. Se fixeaz\u0103 u\u0219or centura, fiind perfect\u0103 pentru activit\u0103\u021bile recrea\u021bionale \u0219i turism.","robots":{"index":"noindex","follow":"follow","max-snippet":"max-snippet:-1","max-image-preview":"max-image-preview:large","max-video-preview":"max-video-preview:-1"},"og_locale":"ro_RO","og_type":"article","og_title":"\u041f\u0440\u044f\u0436\u043a\u0430 Deuter Ladder lock 15mm - \u041c\u0430\u0433\u0430\u0437\u0438\u043d Xstyle","og_description":"\u041f\u0440\u044f\u0436\u043a\u0430 Deuter Ladder lock 15mm - \u043d\u0430\u0434\u0435\u0436\u043d\u0430\u044f \u043f\u043b\u0430\u0441\u0442\u0438\u043a\u043e\u0432\u0430\u044f \u0437\u0430\u043c\u0435\u043d\u0430 \u0434\u043b\u044f \u0440\u044e\u043a\u0437\u0430\u043a\u043e\u0432. \u041b\u0435\u0433\u043a\u043e \u0444\u0438\u043a\u0441\u0438\u0440\u0443\u0435\u0442 \u0440\u0435\u043c\u0435\u043d\u044c, \u0438\u0434\u0435\u0430\u043b\u044c\u043d\u043e \u043f\u043e\u0434\u0445\u043e\u0434\u0438\u0442 \u0434\u043b\u044f \u0430\u043a\u0442\u0438\u0432\u043d\u043e\u0433\u043e \u043e\u0442\u0434\u044b\u0445\u0430 \u0438 \u0442\u0443\u0440\u0438\u0437\u043c\u0430.","og_url":"https:\/\/dev.xstyle.md\/ro\/produs\/prjazhka-deuter-ladder-lock-15mm\/","og_site_name":"\u041c\u0430\u0433\u0430\u0437\u0438\u043d Xstyle","article_publisher":"https:\/\/www.facebook.com\/xstylemd","article_modified_time":"2024-10-21T06:07:37+00:00","og_image":[{"width":387,"height":502,"url":"https:\/\/dev.xstyle.md\/wp-content\/uploads\/2021\/09\/deuter-ladder-lock-15mm.png","type":"image\/png"}],"twitter_card":"summary_large_image","twitter_misc":{"Pre\u021b":"23,00&nbsp;MDL","Disponibilitate":"\u00cen stoc"},"schema":{"@context":"https:\/\/schema.org","@graph":[{"@type":"WebPage","@id":"https:\/\/dev.xstyle.md\/product\/prjazhka-deuter-ladder-lock-15mm\/","url":"https:\/\/dev.xstyle.md\/product\/prjazhka-deuter-ladder-lock-15mm\/","name":"Cataram\u0103 Deuter Ladder lock 15mm - Magazin Xstyle","isPartOf":{"@id":"https:\/\/dev.xstyle.md\/#website"},"primaryImageOfPage":{"@id":"https:\/\/dev.xstyle.md\/product\/prjazhka-deuter-ladder-lock-15mm\/#primaryimage"},"image":{"@id":"https:\/\/dev.xstyle.md\/product\/prjazhka-deuter-ladder-lock-15mm\/#primaryimage"},"thumbnailUrl":"https:\/\/dev.xstyle.md\/wp-content\/uploads\/2021\/09\/deuter-ladder-lock-15mm.png","datePublished":"2021-09-08T07:53:39+00:00","dateModified":"2024-10-21T06:07:37+00:00","description":"Prinderea Deuter Ladder lock de 15mm - o alternativ\u0103 plastic\u0103 fiabil\u0103 pentru rucsaci. Se fixeaz\u0103 u\u0219or centura, fiind perfect\u0103 pentru activit\u0103\u021bile recrea\u021bionale \u0219i turism.","breadcrumb":{"@id":"https:\/\/dev.xstyle.md\/product\/prjazhka-deuter-ladder-lock-15mm\/#breadcrumb"},"inLanguage":"ro-RO","potentialAction":[{"@type":"ReadAction","target":["https:\/\/dev.xstyle.md\/product\/prjazhka-deuter-ladder-lock-15mm\/"]}]},{"@type":"ImageObject","inLanguage":"ro-RO","@id":"https:\/\/dev.xstyle.md\/product\/prjazhka-deuter-ladder-lock-15mm\/#primaryimage","url":"https:\/\/dev.xstyle.md\/wp-content\/uploads\/2021\/09\/deuter-ladder-lock-15mm.png","contentUrl":"https:\/\/dev.xstyle.md\/wp-content\/uploads\/2021\/09\/deuter-ladder-lock-15mm.png","width":387,"height":502,"caption":"\u041f\u0440\u044f\u0436\u043a\u0430 Deuter Ladder lock 15\u043c\u043c \u0434\u043b\u044f \u0441\u043d\u0430\u0440\u044f\u0436\u0435\u043d\u0438\u044f \u0430\u043a\u0442\u0438\u0432\u043d\u043e\u0439 \u0436\u0438\u0437\u043d\u0438, \u043e\u0434\u0435\u0436\u0434\u044b, \u043e\u0431\u0443\u0432\u0438, \u0442\u0443\u0440\u0438\u0437\u043c\u0430 \u0438 \u0430\u043b\u044c\u043f\u0438\u043d\u0438\u0437\u043c\u0430 \u0432 \u0438\u043d\u0442\u0435\u0440\u043d\u0435\u0442-\u043c\u0430\u0433\u0430\u0437\u0438\u043d\u0435"},{"@type":"BreadcrumbList","@id":"https:\/\/dev.xstyle.md\/product\/prjazhka-deuter-ladder-lock-15mm\/#breadcrumb","itemListElement":[{"@type":"ListItem","position":1,"name":"\u0413\u043b\u0430\u0432\u043d\u0430\u044f \u0441\u0442\u0440\u0430\u043d\u0438\u0446\u0430","item":"https:\/\/dev.xstyle.md\/"},{"@type":"ListItem","position":2,"name":"Shop","item":"https:\/\/dev.xstyle.md\/shop\/"},{"@type":"ListItem","position":3,"name":"\u041f\u0440\u044f\u0436\u043a\u0430 Deuter Ladder lock 15mm"}]},{"@type":"WebSite","@id":"https:\/\/dev.xstyle.md\/#website","url":"https:\/\/dev.xstyle.md\/","name":"Magazinul X-Style","description":"Echipamente pentru turism \u0219i sporturi extreme \u00een Moldova. Pre\u021buri, fotografii, caracteristici \u00een Moldova.","publisher":{"@id":"https:\/\/dev.xstyle.md\/#organization"},"alternateName":"X-Style","potentialAction":[{"@type":"SearchAction","target":{"@type":"EntryPoint","urlTemplate":"https:\/\/dev.xstyle.md\/?s={search_term_string}"},"query-input":{"@type":"PropertyValueSpecification","valueRequired":true,"valueName":"search_term_string"}}],"inLanguage":"ro-RO"},{"@type":"Organization","@id":"https:\/\/dev.xstyle.md\/#organization","name":"Magazinul X-Style","alternateName":"x-style","url":"https:\/\/dev.xstyle.md\/","logo":{"@type":"ImageObject","inLanguage":"ro-RO","@id":"https:\/\/dev.xstyle.md\/#\/schema\/logo\/image\/","url":"https:\/\/dev.xstyle.md\/wp-content\/uploads\/2020\/06\/logoicon.svg","contentUrl":"https:\/\/dev.xstyle.md\/wp-content\/uploads\/2020\/06\/logoicon.svg","caption":"\u041c\u0430\u0433\u0430\u0437\u0438\u043d Xstyle"},"image":{"@id":"https:\/\/dev.xstyle.md\/#\/schema\/logo\/image\/"},"sameAs":["https:\/\/www.facebook.com\/xstylemd","https:\/\/www.instagram.com\/xstyle_md\/","https:\/\/t.me\/xstyle_outdoor"],"hasMerchantReturnPolicy":{"@type":"MerchantReturnPolicy","merchantReturnLink":"https:\/\/dev.xstyle.md\/ro\/conditions\/"}}]},"product_price_amount":"23.00","product_price_currency":"MDL","og_availability":"instock","product_availability":"instock","product_retailer_item_id":"4046051127774","product_condition":"new"},"post_mailing_queue_ids":[],"_links":{"self":[{"href":"https:\/\/dev.xstyle.md\/ro\/wp-json\/wp\/v2\/product\/39842","targetHints":{"allow":["GET"]}}],"collection":[{"href":"https:\/\/dev.xstyle.md\/ro\/wp-json\/wp\/v2\/product"}],"about":[{"href":"https:\/\/dev.xstyle.md\/ro\/wp-json\/wp\/v2\/types\/product"}],"replies":[{"embeddable":true,"href":"https:\/\/dev.xstyle.md\/ro\/wp-json\/wp\/v2\/comments?post=39842"}],"version-history":[{"count":0,"href":"https:\/\/dev.xstyle.md\/ro\/wp-json\/wp\/v2\/product\/39842\/revisions"}],"wp:featuredmedia":[{"embeddable":true,"href":"https:\/\/dev.xstyle.md\/ro\/wp-json\/wp\/v2\/media\/39856"}],"wp:attachment":[{"href":"https:\/\/dev.xstyle.md\/ro\/wp-json\/wp\/v2\/media?parent=39842"}],"wp:term":[{"taxonomy":"product_brand","embeddable":true,"href":"https:\/\/dev.xstyle.md\/ro\/wp-json\/wp\/v2\/product_brand?post=39842"},{"taxonomy":"product_cat","embeddable":true,"href":"https:\/\/dev.xstyle.md\/ro\/wp-json\/wp\/v2\/product_cat?post=39842"},{"taxonomy":"product_tag","embeddable":true,"href":"https:\/\/dev.xstyle.md\/ro\/wp-json\/wp\/v2\/product_tag?post=39842"}],"curies":[{"name":"wp","href":"https:\/\/api.w.org\/{rel}","templated":true}]}}