{"id":38779,"date":"2021-08-27T14:33:20","date_gmt":"2021-08-27T11:33:20","guid":{"rendered":"https:\/\/xstyle.md\/?post_type=product&#038;p=38779"},"modified":"2024-10-21T09:08:36","modified_gmt":"2024-10-21T06:08:36","slug":"upakovochnyj-chehol-deuter-mesh-sack-3","status":"publish","type":"product","link":"https:\/\/xstyle.md\/ro\/produs\/upakovochnyj-chehol-deuter-mesh-sack-3\/","title":{"rendered":"Hus\u0103 \u00eempachetare Deuter Mesh Sack 3"},"content":{"rendered":"<\/p>\n<p>Hus\u0103 \u00eempachetare <strong>Deuter Mesh Sack 3<\/strong> poate fi folosit pentru a \u00eempacheta \u0219i a organiza cu u\u0219urin\u021b\u0103 hainele \u00een timpul camp\u0103rii sau al c\u0103l\u0103toriilor. \u021aes\u0103tura din plas\u0103, u\u0219oar\u0103 \u0219i durabil\u0103, permite ca spa\u021biul interior s\u0103 fie bine ventilat \u0219i permite s\u0103 se vad\u0103 cu u\u0219urin\u021b\u0103 ce este \u00eempachetat \u00een geant\u0103 f\u0103r\u0103 a o deschide.<\/p>\n<h3>Particularit\u0103\u021bi<\/h3>\n<ul>\n<li>Fabricat din \u021bes\u0103tur\u0103 PES Mesh foarte u\u0219oar\u0103, durabil\u0103 \u0219i rezistent\u0103 \u0219i din \u021bes\u0103tur\u0103 rPA Ripstop 40D creat\u0103 din sticle de plastic reciclate, ceea ce \u00eembun\u0103t\u0103\u021be\u0219te produc\u021bia ecologic\u0103<\/li>\n<li>\u021aes\u0103tur\u0103 din plas\u0103 bine ventilat\u0103 \u0219i u\u0219or de comprimat<\/li>\n<li>\u00cenchidere cu \u0219ireturi \u0219i cordon de \u00eenchidere<\/li>\n<li>Dou\u0103 bucle practice de ag\u0103\u021bat<\/li>\n<li>Balama pe partea exterioar\u0103 a bazei pentru o \u00eendep\u0103rtare u\u0219oar\u0103<\/li>\n<li>Suprafa\u021b\u0103 de respingere a murd\u0103riei pe partea inferioar\u0103.<\/li>\n<\/ul>\n<h3>Caracteristici<\/h3>\n<ul>\n<li>Material &#8212; 40D ripstop PA \/ PES Mesh<\/li>\n<li>Volum &#8212; 3 litri<\/li>\n<li>Greutate &#8212; 15 g.<\/li>\n<\/ul>\n<h3>Tehnologie<\/h3>\n<ul>\n<li><strong>40D rPA Ripstop<\/strong> &#8212; materialul impermeabil de 10.000 mm protejeaz\u0103 \u00eempotriva prafului \u0219i a umezelii.<\/li>\n<\/ul>\n<h3>Marca<\/h3>\n<p>Deuter &#8212; este o marc\u0103 german\u0103 de pachete \u0219i gen\u021bi de sport pentru drume\u021bii, trekking, sporturi de iarn\u0103 \u0219i alte scopuri. Istoria companiei dateaz\u0103 de mai bine de 100 de ani: fondat\u0103 de Hans Deuter \u00een 1898, Deuter furniza deja la \u00eenceputul secolului al XX-lea gen\u021bi de mesager pentru Po\u0219ta Regal\u0103 Bavarez\u0103, iar \u00een anii 1910 furniza rucsacuri, gen\u021bi, curele \u0219i corturi pentru armat\u0103.<\/p>\n<p>Fiind unul dintre cei mai importan\u021bi produc\u0103tori de rucsacuri, Deuter a lucrat \u00eentotdeauna cu alpini\u0219ti experimenta\u021bi, care \u00eemp\u0103rt\u0103\u0219esc din experien\u021ba \u0219i cuno\u0219tin\u021bele lor bogate. Deuter nu se culc\u0103 pe lauri, lucr\u00e2nd \u00een mod constant la calitate \u0219i la \u00eembun\u0103t\u0103\u021birea produselor sale. Exper\u021bii companiei sunt mereu \u00een c\u0103utare de noi solu\u021bii tehnice care s\u0103 v\u0103 asigure confortul \u0219i siguran\u021ba.<\/p>\n<p><\/p>","protected":false},"excerpt":{"rendered":"","protected":false},"featured_media":38858,"comment_status":"open","ping_status":"closed","template":"","meta":{"_acf_changed":false,"inline_featured_image":false},"product_brand":[1261],"product_cat":[862],"product_tag":[],"class_list":{"0":"post-38779","1":"product","2":"type-product","3":"status-publish","4":"has-post-thumbnail","6":"product_brand-deuter","7":"product_cat-packing-backpack","9":"first","10":"instock","11":"shipping-taxable","12":"purchasable","13":"product-type-simple"},"acf":[],"yoast_head":"<!-- This site is optimized with the Yoast SEO plugin v27.4 - https:\/\/yoast.com\/product\/yoast-seo-wordpress\/ -->\n<title>\u0423\u043f\u0430\u043a\u043e\u0432\u043e\u0447\u043d\u044b\u0439 \u0447\u0435\u0445\u043e\u043b Deuter Mesh Sack 3 - \u041c\u0430\u0433\u0430\u0437\u0438\u043d Xstyle<\/title>\n<meta name=\"description\" content=\"\u0423\u043f\u0430\u043a\u043e\u0432\u043e\u0447\u043d\u044b\u0439 \u0447\u0435\u0445\u043e\u043b Deuter Mesh Sack 3 \u0438\u0434\u0435\u0430\u043b\u044c\u043d\u043e \u043f\u043e\u0434\u0445\u043e\u0434\u0438\u0442 \u0434\u043b\u044f \u043e\u0440\u0433\u0430\u043d\u0438\u0437\u0430\u0446\u0438\u0438 \u0432\u0435\u0449\u0435\u0439 \u0432 \u043f\u043e\u0445\u043e\u0434\u0430\u0445. \u041b\u0435\u0433\u043a\u0430\u044f \u0441\u0435\u0442\u0447\u0430\u0442\u0430\u044f \u0442\u043a\u0430\u043d\u044c \u043e\u0431\u0435\u0441\u043f\u0435\u0447\u0438\u0432\u0430\u0435\u0442 \u0432\u0435\u043d\u0442\u0438\u043b\u044f\u0446\u0438\u044e \u0438 \u0432\u0438\u0434\u0438\u043c\u043e\u0441\u0442\u044c.\" \/>\n<meta name=\"robots\" content=\"index, follow, max-snippet:-1, max-image-preview:large, max-video-preview:-1\" \/>\n<link rel=\"canonical\" href=\"https:\/\/xstyle.md\/ro\/produs\/upakovochnyj-chehol-deuter-mesh-sack-3\/\" \/>\n<meta property=\"og:locale\" content=\"ro_RO\" \/>\n<meta property=\"og:type\" content=\"article\" \/>\n<meta property=\"og:title\" content=\"\u0423\u043f\u0430\u043a\u043e\u0432\u043e\u0447\u043d\u044b\u0439 \u0447\u0435\u0445\u043e\u043b Deuter Mesh Sack 3 - \u041c\u0430\u0433\u0430\u0437\u0438\u043d Xstyle\" \/>\n<meta property=\"og:description\" content=\"\u0423\u043f\u0430\u043a\u043e\u0432\u043e\u0447\u043d\u044b\u0439 \u0447\u0435\u0445\u043e\u043b Deuter Mesh Sack 3 \u0438\u0434\u0435\u0430\u043b\u044c\u043d\u043e \u043f\u043e\u0434\u0445\u043e\u0434\u0438\u0442 \u0434\u043b\u044f \u043e\u0440\u0433\u0430\u043d\u0438\u0437\u0430\u0446\u0438\u0438 \u0432\u0435\u0449\u0435\u0439 \u0432 \u043f\u043e\u0445\u043e\u0434\u0430\u0445. \u041b\u0435\u0433\u043a\u0430\u044f \u0441\u0435\u0442\u0447\u0430\u0442\u0430\u044f \u0442\u043a\u0430\u043d\u044c \u043e\u0431\u0435\u0441\u043f\u0435\u0447\u0438\u0432\u0430\u0435\u0442 \u0432\u0435\u043d\u0442\u0438\u043b\u044f\u0446\u0438\u044e \u0438 \u0432\u0438\u0434\u0438\u043c\u043e\u0441\u0442\u044c.\" \/>\n<meta property=\"og:url\" content=\"https:\/\/xstyle.md\/ro\/produs\/upakovochnyj-chehol-deuter-mesh-sack-3\/\" \/>\n<meta property=\"og:site_name\" content=\"\u041c\u0430\u0433\u0430\u0437\u0438\u043d Xstyle\" \/>\n<meta property=\"article:publisher\" content=\"https:\/\/www.facebook.com\/xstylemd\" \/>\n<meta property=\"article:modified_time\" content=\"2024-10-21T06:08:36+00:00\" \/>\n<meta property=\"og:image\" content=\"https:\/\/xstyle.md\/wp-content\/uploads\/2021\/08\/deuter-mesh-sack-3.jpg\" \/>\n\t<meta property=\"og:image:width\" content=\"1781\" \/>\n\t<meta property=\"og:image:height\" content=\"1781\" \/>\n\t<meta property=\"og:image:type\" content=\"image\/jpeg\" \/>\n<meta name=\"twitter:card\" content=\"summary_large_image\" \/>\n<meta name=\"twitter:label1\" content=\"Pre\u021b\" \/>\n\t<meta name=\"twitter:data1\" content=\"270&nbsp;MDL\" \/>\n\t<meta name=\"twitter:label2\" content=\"Disponibilitate\" \/>\n\t<meta name=\"twitter:data2\" content=\"\u00cen stoc\" \/>\n<script type=\"application\/ld+json\" class=\"yoast-schema-graph\">{\"@context\":\"https:\\\/\\\/schema.org\",\"@graph\":[{\"@type\":\"WebPage\",\"@id\":\"https:\\\/\\\/xstyle.md\\\/product\\\/upakovochnyj-chehol-deuter-mesh-sack-3\\\/\",\"url\":\"https:\\\/\\\/xstyle.md\\\/product\\\/upakovochnyj-chehol-deuter-mesh-sack-3\\\/\",\"name\":\"\u0423\u043f\u0430\u043a\u043e\u0432\u043e\u0447\u043d\u044b\u0439 \u0447\u0435\u0445\u043e\u043b Deuter Mesh Sack 3 - \u041c\u0430\u0433\u0430\u0437\u0438\u043d Xstyle\",\"isPartOf\":{\"@id\":\"https:\\\/\\\/xstyle.md\\\/#website\"},\"primaryImageOfPage\":{\"@id\":\"https:\\\/\\\/xstyle.md\\\/product\\\/upakovochnyj-chehol-deuter-mesh-sack-3\\\/#primaryimage\"},\"image\":{\"@id\":\"https:\\\/\\\/xstyle.md\\\/product\\\/upakovochnyj-chehol-deuter-mesh-sack-3\\\/#primaryimage\"},\"thumbnailUrl\":\"https:\\\/\\\/xstyle.md\\\/wp-content\\\/uploads\\\/2021\\\/08\\\/deuter-mesh-sack-3.jpg\",\"datePublished\":\"2021-08-27T11:33:20+00:00\",\"dateModified\":\"2024-10-21T06:08:36+00:00\",\"description\":\"\u0423\u043f\u0430\u043a\u043e\u0432\u043e\u0447\u043d\u044b\u0439 \u0447\u0435\u0445\u043e\u043b Deuter Mesh Sack 3 \u0438\u0434\u0435\u0430\u043b\u044c\u043d\u043e \u043f\u043e\u0434\u0445\u043e\u0434\u0438\u0442 \u0434\u043b\u044f \u043e\u0440\u0433\u0430\u043d\u0438\u0437\u0430\u0446\u0438\u0438 \u0432\u0435\u0449\u0435\u0439 \u0432 \u043f\u043e\u0445\u043e\u0434\u0430\u0445. \u041b\u0435\u0433\u043a\u0430\u044f \u0441\u0435\u0442\u0447\u0430\u0442\u0430\u044f \u0442\u043a\u0430\u043d\u044c \u043e\u0431\u0435\u0441\u043f\u0435\u0447\u0438\u0432\u0430\u0435\u0442 \u0432\u0435\u043d\u0442\u0438\u043b\u044f\u0446\u0438\u044e \u0438 \u0432\u0438\u0434\u0438\u043c\u043e\u0441\u0442\u044c.\",\"breadcrumb\":{\"@id\":\"https:\\\/\\\/xstyle.md\\\/product\\\/upakovochnyj-chehol-deuter-mesh-sack-3\\\/#breadcrumb\"},\"inLanguage\":\"ro-RO\",\"potentialAction\":[{\"@type\":\"ReadAction\",\"target\":[\"https:\\\/\\\/xstyle.md\\\/product\\\/upakovochnyj-chehol-deuter-mesh-sack-3\\\/\"]}]},{\"@type\":\"ImageObject\",\"inLanguage\":\"ro-RO\",\"@id\":\"https:\\\/\\\/xstyle.md\\\/product\\\/upakovochnyj-chehol-deuter-mesh-sack-3\\\/#primaryimage\",\"url\":\"https:\\\/\\\/xstyle.md\\\/wp-content\\\/uploads\\\/2021\\\/08\\\/deuter-mesh-sack-3.jpg\",\"contentUrl\":\"https:\\\/\\\/xstyle.md\\\/wp-content\\\/uploads\\\/2021\\\/08\\\/deuter-mesh-sack-3.jpg\",\"width\":1781,\"height\":1781,\"caption\":\"\u0423\u043f\u0430\u043a\u043e\u0432\u043e\u0447\u043d\u044b\u0439 \u0447\u0435\u0445\u043e\u043b Deuter Mesh Sack 3 \u0434\u043b\u044f \u0430\u043a\u0442\u0438\u0432\u043d\u043e\u0433\u043e \u043e\u0442\u0434\u044b\u0445\u0430, \u043f\u0443\u0442\u0435\u0448\u0435\u0441\u0442\u0432\u0438\u0439 \u0438 \u0430\u043b\u044c\u043f\u0438\u043d\u0438\u0437\u043c\u0430, \u043b\u0451\u0433\u043a\u0438\u0439 \u0438 \u043f\u0440\u0430\u043a\u0442\u0438\u0447\u043d\u044b\u0439 \u0434\u043b\u044f \u0441\u043f\u043e\u0440\u0442\u0438\u0432\u043d\u043e\u0439 \u043e\u0434\u0435\u0436\u0434\u044b, \u043e\u0431\u0443\u0432\u0438 \u0438 \u0441\u043d\u0430\u0440\u044f\u0436\u0435\u043d\u0438\u044f \u0432 \u043e\u043d\u043b\u0430\u0439\u043d \u043c\u0430\u0433\u0430\u0437\u0438\u043d\u0435 \u0441\u043f\u043e\u0440\u0442\u0438\u0432\u043d\u044b\u0445 \u0442\u043e\u0432\u0430\u0440\u043e\u0432\"},{\"@type\":\"BreadcrumbList\",\"@id\":\"https:\\\/\\\/xstyle.md\\\/product\\\/upakovochnyj-chehol-deuter-mesh-sack-3\\\/#breadcrumb\",\"itemListElement\":[{\"@type\":\"ListItem\",\"position\":1,\"name\":\"\u0413\u043b\u0430\u0432\u043d\u0430\u044f \u0441\u0442\u0440\u0430\u043d\u0438\u0446\u0430\",\"item\":\"https:\\\/\\\/xstyle.md\\\/\"},{\"@type\":\"ListItem\",\"position\":2,\"name\":\"\u041c\u0430\u0433\u0430\u0437\u0438\u043d\",\"item\":\"https:\\\/\\\/xstyle.md\\\/shop\\\/\"},{\"@type\":\"ListItem\",\"position\":3,\"name\":\"\u0423\u043f\u0430\u043a\u043e\u0432\u043e\u0447\u043d\u044b\u0439 \u0447\u0435\u0445\u043e\u043b Deuter Mesh Sack 3\"}]},{\"@type\":\"WebSite\",\"@id\":\"https:\\\/\\\/xstyle.md\\\/#website\",\"url\":\"https:\\\/\\\/xstyle.md\\\/\",\"name\":\"\u041c\u0430\u0433\u0430\u0437\u0438\u043d Xstyle\",\"description\":\"C\u043d\u0430\u0440\u044f\u0436\u0435\u043d\u0438\u0435 \u0434\u043b\u044f \u0442\u0443\u0440\u0438\u0437\u043c\u0430 \u0438 \u044d\u043a\u0441\u0442\u0440\u0435\u043c\u0430\u043b\u044c\u043d\u044b\u0445 \u0432\u0438\u0434\u043e\u0432 \u0441\u043f\u043e\u0440\u0442\u0430 \u0432 \u041c\u043e\u043b\u0434\u043e\u0432\u0435.. \u0426\u0435\u043d\u044b, \u0444\u043e\u0442\u043e, \u0445\u0430\u0440\u0430\u043a\u0442\u0435\u0440\u0438\u0441\u0442\u0438\u043a\u0438 \u0432 \u041c\u043e\u043b\u0434\u043e\u0432\u0435.\",\"publisher\":{\"@id\":\"https:\\\/\\\/xstyle.md\\\/#organization\"},\"alternateName\":\"X-Style\",\"potentialAction\":[{\"@type\":\"SearchAction\",\"target\":{\"@type\":\"EntryPoint\",\"urlTemplate\":\"https:\\\/\\\/xstyle.md\\\/?s={search_term_string}\"},\"query-input\":{\"@type\":\"PropertyValueSpecification\",\"valueRequired\":true,\"valueName\":\"search_term_string\"}}],\"inLanguage\":\"ro-RO\"},{\"@type\":\"Organization\",\"@id\":\"https:\\\/\\\/xstyle.md\\\/#organization\",\"name\":\"\u041c\u0430\u0433\u0430\u0437\u0438\u043d Xstyle\",\"alternateName\":\"x-style\",\"url\":\"https:\\\/\\\/xstyle.md\\\/\",\"logo\":{\"@type\":\"ImageObject\",\"inLanguage\":\"ro-RO\",\"@id\":\"https:\\\/\\\/xstyle.md\\\/#\\\/schema\\\/logo\\\/image\\\/\",\"url\":\"https:\\\/\\\/xstyle.md\\\/wp-content\\\/uploads\\\/2020\\\/06\\\/logoicon.svg\",\"contentUrl\":\"https:\\\/\\\/xstyle.md\\\/wp-content\\\/uploads\\\/2020\\\/06\\\/logoicon.svg\",\"caption\":\"\u041c\u0430\u0433\u0430\u0437\u0438\u043d Xstyle\"},\"image\":{\"@id\":\"https:\\\/\\\/xstyle.md\\\/#\\\/schema\\\/logo\\\/image\\\/\"},\"sameAs\":[\"https:\\\/\\\/www.facebook.com\\\/xstylemd\",\"https:\\\/\\\/www.instagram.com\\\/xstyle_md\\\/\",\"https:\\\/\\\/t.me\\\/xstyle_outdoor\"],\"hasMerchantReturnPolicy\":{\"@type\":\"MerchantReturnPolicy\",\"merchantReturnLink\":\"https:\\\/\\\/xstyle.md\\\/ro\\\/conditions\\\/\"}}]}<\/script>\n<meta property=\"product:price:amount\" content=\"270.00\" \/>\n<meta property=\"product:price:currency\" content=\"MDL\" \/>\n<meta property=\"og:availability\" content=\"instock\" \/>\n<meta property=\"product:availability\" content=\"instock\" \/>\n<meta property=\"product:retailer_item_id\" content=\"4046051108414\" \/>\n<meta property=\"product:condition\" content=\"new\" \/>\n<!-- \/ Yoast SEO plugin. -->","yoast_head_json":{"title":"Hus\u0103 \u00eempachetare Deuter Mesh Sack 3 - Magazin Xstyle","description":"Geanta de ambalare Deuter Mesh Sack 3 este perfect\u0103 pentru organizarea lucrurilor \u00een drume\u021bii. Materialul u\u0219or din plas\u0103 asigur\u0103 ventila\u021bie \u0219i vizibilitate.","robots":{"index":"index","follow":"follow","max-snippet":"max-snippet:-1","max-image-preview":"max-image-preview:large","max-video-preview":"max-video-preview:-1"},"canonical":"https:\/\/xstyle.md\/ro\/produs\/upakovochnyj-chehol-deuter-mesh-sack-3\/","og_locale":"ro_RO","og_type":"article","og_title":"\u0423\u043f\u0430\u043a\u043e\u0432\u043e\u0447\u043d\u044b\u0439 \u0447\u0435\u0445\u043e\u043b Deuter Mesh Sack 3 - \u041c\u0430\u0433\u0430\u0437\u0438\u043d Xstyle","og_description":"\u0423\u043f\u0430\u043a\u043e\u0432\u043e\u0447\u043d\u044b\u0439 \u0447\u0435\u0445\u043e\u043b Deuter Mesh Sack 3 \u0438\u0434\u0435\u0430\u043b\u044c\u043d\u043e \u043f\u043e\u0434\u0445\u043e\u0434\u0438\u0442 \u0434\u043b\u044f \u043e\u0440\u0433\u0430\u043d\u0438\u0437\u0430\u0446\u0438\u0438 \u0432\u0435\u0449\u0435\u0439 \u0432 \u043f\u043e\u0445\u043e\u0434\u0430\u0445. \u041b\u0435\u0433\u043a\u0430\u044f \u0441\u0435\u0442\u0447\u0430\u0442\u0430\u044f \u0442\u043a\u0430\u043d\u044c \u043e\u0431\u0435\u0441\u043f\u0435\u0447\u0438\u0432\u0430\u0435\u0442 \u0432\u0435\u043d\u0442\u0438\u043b\u044f\u0446\u0438\u044e \u0438 \u0432\u0438\u0434\u0438\u043c\u043e\u0441\u0442\u044c.","og_url":"https:\/\/xstyle.md\/ro\/produs\/upakovochnyj-chehol-deuter-mesh-sack-3\/","og_site_name":"\u041c\u0430\u0433\u0430\u0437\u0438\u043d Xstyle","article_publisher":"https:\/\/www.facebook.com\/xstylemd","article_modified_time":"2024-10-21T06:08:36+00:00","og_image":[{"width":1781,"height":1781,"url":"https:\/\/xstyle.md\/wp-content\/uploads\/2021\/08\/deuter-mesh-sack-3.jpg","type":"image\/jpeg"}],"twitter_card":"summary_large_image","twitter_misc":{"Pre\u021b":"270&nbsp;MDL","Disponibilitate":"\u00cen stoc"},"schema":{"@context":"https:\/\/schema.org","@graph":[{"@type":"WebPage","@id":"https:\/\/xstyle.md\/product\/upakovochnyj-chehol-deuter-mesh-sack-3\/","url":"https:\/\/xstyle.md\/product\/upakovochnyj-chehol-deuter-mesh-sack-3\/","name":"Hus\u0103 \u00eempachetare Deuter Mesh Sack 3 - Magazin Xstyle","isPartOf":{"@id":"https:\/\/xstyle.md\/#website"},"primaryImageOfPage":{"@id":"https:\/\/xstyle.md\/product\/upakovochnyj-chehol-deuter-mesh-sack-3\/#primaryimage"},"image":{"@id":"https:\/\/xstyle.md\/product\/upakovochnyj-chehol-deuter-mesh-sack-3\/#primaryimage"},"thumbnailUrl":"https:\/\/xstyle.md\/wp-content\/uploads\/2021\/08\/deuter-mesh-sack-3.jpg","datePublished":"2021-08-27T11:33:20+00:00","dateModified":"2024-10-21T06:08:36+00:00","description":"Geanta de ambalare Deuter Mesh Sack 3 este perfect\u0103 pentru organizarea lucrurilor \u00een drume\u021bii. Materialul u\u0219or din plas\u0103 asigur\u0103 ventila\u021bie \u0219i vizibilitate.","breadcrumb":{"@id":"https:\/\/xstyle.md\/product\/upakovochnyj-chehol-deuter-mesh-sack-3\/#breadcrumb"},"inLanguage":"ro-RO","potentialAction":[{"@type":"ReadAction","target":["https:\/\/xstyle.md\/product\/upakovochnyj-chehol-deuter-mesh-sack-3\/"]}]},{"@type":"ImageObject","inLanguage":"ro-RO","@id":"https:\/\/xstyle.md\/product\/upakovochnyj-chehol-deuter-mesh-sack-3\/#primaryimage","url":"https:\/\/xstyle.md\/wp-content\/uploads\/2021\/08\/deuter-mesh-sack-3.jpg","contentUrl":"https:\/\/xstyle.md\/wp-content\/uploads\/2021\/08\/deuter-mesh-sack-3.jpg","width":1781,"height":1781,"caption":"\u0423\u043f\u0430\u043a\u043e\u0432\u043e\u0447\u043d\u044b\u0439 \u0447\u0435\u0445\u043e\u043b Deuter Mesh Sack 3 \u0434\u043b\u044f \u0430\u043a\u0442\u0438\u0432\u043d\u043e\u0433\u043e \u043e\u0442\u0434\u044b\u0445\u0430, \u043f\u0443\u0442\u0435\u0448\u0435\u0441\u0442\u0432\u0438\u0439 \u0438 \u0430\u043b\u044c\u043f\u0438\u043d\u0438\u0437\u043c\u0430, \u043b\u0451\u0433\u043a\u0438\u0439 \u0438 \u043f\u0440\u0430\u043a\u0442\u0438\u0447\u043d\u044b\u0439 \u0434\u043b\u044f \u0441\u043f\u043e\u0440\u0442\u0438\u0432\u043d\u043e\u0439 \u043e\u0434\u0435\u0436\u0434\u044b, \u043e\u0431\u0443\u0432\u0438 \u0438 \u0441\u043d\u0430\u0440\u044f\u0436\u0435\u043d\u0438\u044f \u0432 \u043e\u043d\u043b\u0430\u0439\u043d \u043c\u0430\u0433\u0430\u0437\u0438\u043d\u0435 \u0441\u043f\u043e\u0440\u0442\u0438\u0432\u043d\u044b\u0445 \u0442\u043e\u0432\u0430\u0440\u043e\u0432"},{"@type":"BreadcrumbList","@id":"https:\/\/xstyle.md\/product\/upakovochnyj-chehol-deuter-mesh-sack-3\/#breadcrumb","itemListElement":[{"@type":"ListItem","position":1,"name":"\u0413\u043b\u0430\u0432\u043d\u0430\u044f \u0441\u0442\u0440\u0430\u043d\u0438\u0446\u0430","item":"https:\/\/xstyle.md\/"},{"@type":"ListItem","position":2,"name":"\u041c\u0430\u0433\u0430\u0437\u0438\u043d","item":"https:\/\/xstyle.md\/shop\/"},{"@type":"ListItem","position":3,"name":"\u0423\u043f\u0430\u043a\u043e\u0432\u043e\u0447\u043d\u044b\u0439 \u0447\u0435\u0445\u043e\u043b Deuter Mesh Sack 3"}]},{"@type":"WebSite","@id":"https:\/\/xstyle.md\/#website","url":"https:\/\/xstyle.md\/","name":"Magazinul X-Style","description":"Echipamente pentru turism \u0219i sporturi extreme \u00een Moldova. Pre\u021buri, fotografii, caracteristici \u00een Moldova.","publisher":{"@id":"https:\/\/xstyle.md\/#organization"},"alternateName":"X-Style","potentialAction":[{"@type":"SearchAction","target":{"@type":"EntryPoint","urlTemplate":"https:\/\/xstyle.md\/?s={search_term_string}"},"query-input":{"@type":"PropertyValueSpecification","valueRequired":true,"valueName":"search_term_string"}}],"inLanguage":"ro-RO"},{"@type":"Organization","@id":"https:\/\/xstyle.md\/#organization","name":"Magazinul X-Style","alternateName":"x-style","url":"https:\/\/xstyle.md\/","logo":{"@type":"ImageObject","inLanguage":"ro-RO","@id":"https:\/\/xstyle.md\/#\/schema\/logo\/image\/","url":"https:\/\/xstyle.md\/wp-content\/uploads\/2020\/06\/logoicon.svg","contentUrl":"https:\/\/xstyle.md\/wp-content\/uploads\/2020\/06\/logoicon.svg","caption":"\u041c\u0430\u0433\u0430\u0437\u0438\u043d Xstyle"},"image":{"@id":"https:\/\/xstyle.md\/#\/schema\/logo\/image\/"},"sameAs":["https:\/\/www.facebook.com\/xstylemd","https:\/\/www.instagram.com\/xstyle_md\/","https:\/\/t.me\/xstyle_outdoor"],"hasMerchantReturnPolicy":{"@type":"MerchantReturnPolicy","merchantReturnLink":"https:\/\/xstyle.md\/ro\/conditions\/"}}]},"product_price_amount":"270.00","product_price_currency":"MDL","og_availability":"instock","product_availability":"instock","product_retailer_item_id":"4046051108414","product_condition":"new"},"post_mailing_queue_ids":[],"_links":{"self":[{"href":"https:\/\/xstyle.md\/ro\/wp-json\/wp\/v2\/product\/38779","targetHints":{"allow":["GET"]}}],"collection":[{"href":"https:\/\/xstyle.md\/ro\/wp-json\/wp\/v2\/product"}],"about":[{"href":"https:\/\/xstyle.md\/ro\/wp-json\/wp\/v2\/types\/product"}],"replies":[{"embeddable":true,"href":"https:\/\/xstyle.md\/ro\/wp-json\/wp\/v2\/comments?post=38779"}],"wp:featuredmedia":[{"embeddable":true,"href":"https:\/\/xstyle.md\/ro\/wp-json\/wp\/v2\/media\/38858"}],"wp:attachment":[{"href":"https:\/\/xstyle.md\/ro\/wp-json\/wp\/v2\/media?parent=38779"}],"wp:term":[{"taxonomy":"product_brand","embeddable":true,"href":"https:\/\/xstyle.md\/ro\/wp-json\/wp\/v2\/product_brand?post=38779"},{"taxonomy":"product_cat","embeddable":true,"href":"https:\/\/xstyle.md\/ro\/wp-json\/wp\/v2\/product_cat?post=38779"},{"taxonomy":"product_tag","embeddable":true,"href":"https:\/\/xstyle.md\/ro\/wp-json\/wp\/v2\/product_tag?post=38779"}],"curies":[{"name":"wp","href":"https:\/\/api.w.org\/{rel}","templated":true}]}}