{"id":38519,"date":"2021-08-23T11:40:51","date_gmt":"2021-08-23T08:40:51","guid":{"rendered":"https:\/\/xstyle.md\/?post_type=product&#038;p=38519"},"modified":"2024-10-20T00:17:51","modified_gmt":"2024-10-19T21:17:51","slug":"dare2b-stand-for-wmn-black-big","status":"publish","type":"product","link":"https:\/\/xstyle.md\/ro\/produs\/dare2b-stand-for-wmn-black-big\/","title":{"rendered":"Pantaloni Dare2B Stand For Wmn black (big)"},"content":{"rendered":"<\/p>\n<p><strong>Dare2B Stand For<\/strong> &#8212; pantalonii sunt confec\u021biona\u021bi din material elastic cu membran\u0103 Ared V02 15 000. Pantalonii sunt adapta\u021bi la silueta feminin\u0103, cu o t\u0103ietur\u0103 anatomic\u0103 la genunchi pentru libertate de mi\u0219care \u00een toate direc\u021biile, \u00een timp ce reglajele multiple \u0219i bretelele deta\u0219abile asigur\u0103 o potrivire perfect\u0103.<\/p>\n<h3>Particularit\u0103\u021bi<\/h3>\n<ul>\n<li>\u021aes\u0103tur\u0103 impermeabil\u0103 \u0219i respirabil\u0103 Ared V02 15,000 din poliester, elastic\u0103 \u00een 4 direc\u021bii.<br \/>\ndirec\u021bii<\/li>\n<li>Acoperire hidrofug\u0103 rezistent\u0103 la abraziune<\/li>\n<li>Cus\u0103turi cu band\u0103 adeziv\u0103<\/li>\n<li>C\u0103ptu\u0219eal\u0103 izolat\u0103 \u00een partea superioar\u0103 a pantalonilor<\/li>\n<li>Bretele reglabile \u0219i deta\u0219abile<\/li>\n<li>Dispozitive elastice de reglare a taliei<\/li>\n<li>2 buzunare laterale cu fermoar<\/li>\n<li>Design special articulat al genunchilor<\/li>\n<li>C\u0103ptu\u0219eal\u0103 ranforsat\u0103 pe partea interioar\u0103 a gleznei<\/li>\n<li>Panouri \u00eent\u0103rite \u00een partea inferioar\u0103<\/li>\n<li>Partea inferioar\u0103 cu fermoar<\/li>\n<li>Ghetre de z\u0103pad\u0103 cusute<\/li>\n<li>Op\u021biune de \u00eendesare.<\/li>\n<\/ul>\n<h3>Caracteristici<\/h3>\n<ul>\n<li>Material &#8212; 100% poliester<\/li>\n<li>Membran\u0103 &#8212; Ared 15000<\/li>\n<li>Rezisten\u021b\u0103 la umiditate &#8212; 15 000 mm<\/li>\n<li>Permeabilitate la aer &#8212; 10 000 g\/m2\/24h<\/li>\n<li>Model - pentru femei.<\/li>\n<\/ul>\n<h3>Tehnologie<\/h3>\n<ul>\n<li><strong>Ared 15000 Strech Technology<\/strong> &#8212; membran\u0103 de \u00eenalt\u0103 tehnologie cu propriet\u0103\u021bi de protec\u021bie \u00eempotriva v\u00e2ntului \u0219i hidrofugare. \u021aes\u0103tura elastic\u0103 se \u00eentinde \u00een 4 direc\u021bii \u0219i ofer\u0103 acces la aer \u0219i confort chiar \u0219i \u00een condi\u021bii extrem de umede.<\/li>\n<\/ul>\n<h3>Marca<\/h3>\n<p>Marca englez\u0103 Dare2b este popular\u0103 \u00een \u00eentreaga lume \u0219i este specializat\u0103 \u00een produc\u021bia de \u00eembr\u0103c\u0103minte pentru snowboarderi profesioni\u0219ti, schiori, alpini\u0219ti, dar \u0219i pentru amatori.<\/p>\n<p>Produsele m\u0103rcii Dare2b se disting prin culori luminoase, saturate \u0219i design original, precum \u0219i prin caracterul practic, confortul \u0219i calitatea \u00eenalt\u0103 a produsului, astfel \u00eenc\u00e2t fiecare poate g\u0103si ceva potrivit pentru el. Deoarece aceste haine sunt haine sport, speciali\u0219tii lucreaz\u0103 la ele mult timp, g\u00e2ndindu-se din timp la detalii, elemente, tot felul de rezultate. Designerii \u00eencearc\u0103 s\u0103 combine un stil unic, tendin\u021be de marc\u0103, cele mai recente tehnologii, ceea ce, desigur, afecteaz\u0103 pre\u021bul \u0219i cre\u0219te calitatea produsului. De exemplu, pentru c\u0103ptu\u0219eli sau izolatori se folose\u0219te un material special, care permite s\u0103 nu \u00eenghe\u021be la temperaturi sc\u0103zute.<\/p>\n<p>Dare2b este un gigant \u00een produc\u021bia de \u00eembr\u0103c\u0103minte pentru sporturi de iarn\u0103, cu un num\u0103r tot mai mare de clien\u021bi. Acest lucru este posibil datorit\u0103 serviciilor rapide \u0219i de calitate, a durabilit\u0103\u021bii lucrurilor, a abord\u0103rii non-standard \u0219i a unei game largi de echipamente sportive care poate satisface chiar \u0219i cel mai capricios client.<\/p>\n<p><\/p>","protected":false},"excerpt":{"rendered":"<p>Pantaloni Dare2B Stand For Wmn black<\/p>","protected":false},"featured_media":5814,"comment_status":"open","ping_status":"closed","template":"","meta":{"_acf_changed":false,"inline_featured_image":false},"product_brand":[1318],"product_cat":[307],"product_tag":[],"class_list":{"0":"post-38519","1":"product","2":"type-product","3":"status-publish","4":"has-post-thumbnail","6":"product_brand-dare2b","7":"product_cat-pantaloni-de-schi-femei","9":"first","10":"instock","11":"sale","12":"shipping-taxable","13":"purchasable","14":"product-type-simple"},"acf":[],"yoast_head":"<!-- This site is optimized with the Yoast SEO plugin v27.4 - https:\/\/yoast.com\/product\/yoast-seo-wordpress\/ -->\n<title>\u0411\u0440\u044e\u043a\u0438 Dare2B Stand For Wmn black (big) - \u041c\u0430\u0433\u0430\u0437\u0438\u043d Xstyle<\/title>\n<meta name=\"description\" content=\"\u0411\u0440\u044e\u043a\u0438 Dare2B Stand For Wmn black (big) - \u0438\u0434\u0435\u0430\u043b\u044c\u043d\u044b \u0434\u043b\u044f \u0430\u043a\u0442\u0438\u0432\u043d\u043e\u0433\u043e \u043e\u0442\u0434\u044b\u0445\u0430! \u042d\u043b\u0430\u0441\u0442\u0438\u0447\u043d\u044b\u0439 \u043c\u0430\u0442\u0435\u0440\u0438\u0430\u043b \u0438 \u0430\u043d\u0430\u0442\u043e\u043c\u0438\u0447\u0435\u0441\u043a\u0438\u0439 \u043a\u0440\u043e\u0439 \u043e\u0431\u0435\u0441\u043f\u0435\u0447\u0438\u0432\u0430\u044e\u0442 \u043a\u043e\u043c\u0444\u043e\u0440\u0442 \u0438 \u0441\u0432\u043e\u0431\u043e\u0434\u0443 \u0434\u0432\u0438\u0436\u0435\u043d\u0438\u0439.\" \/>\n<meta name=\"robots\" content=\"index, follow, max-snippet:-1, max-image-preview:large, max-video-preview:-1\" \/>\n<link rel=\"canonical\" href=\"https:\/\/xstyle.md\/ro\/produs\/dare2b-stand-for-wmn-black-big\/\" \/>\n<meta property=\"og:locale\" content=\"ro_RO\" \/>\n<meta property=\"og:type\" content=\"article\" \/>\n<meta property=\"og:title\" content=\"\u0411\u0440\u044e\u043a\u0438 Dare2B Stand For Wmn black (big) - \u041c\u0430\u0433\u0430\u0437\u0438\u043d Xstyle\" \/>\n<meta property=\"og:description\" content=\"\u0411\u0440\u044e\u043a\u0438 Dare2B Stand For Wmn black (big) - \u0438\u0434\u0435\u0430\u043b\u044c\u043d\u044b \u0434\u043b\u044f \u0430\u043a\u0442\u0438\u0432\u043d\u043e\u0433\u043e \u043e\u0442\u0434\u044b\u0445\u0430! \u042d\u043b\u0430\u0441\u0442\u0438\u0447\u043d\u044b\u0439 \u043c\u0430\u0442\u0435\u0440\u0438\u0430\u043b \u0438 \u0430\u043d\u0430\u0442\u043e\u043c\u0438\u0447\u0435\u0441\u043a\u0438\u0439 \u043a\u0440\u043e\u0439 \u043e\u0431\u0435\u0441\u043f\u0435\u0447\u0438\u0432\u0430\u044e\u0442 \u043a\u043e\u043c\u0444\u043e\u0440\u0442 \u0438 \u0441\u0432\u043e\u0431\u043e\u0434\u0443 \u0434\u0432\u0438\u0436\u0435\u043d\u0438\u0439.\" \/>\n<meta property=\"og:url\" content=\"https:\/\/xstyle.md\/ro\/produs\/dare2b-stand-for-wmn-black-big\/\" \/>\n<meta property=\"og:site_name\" content=\"\u041c\u0430\u0433\u0430\u0437\u0438\u043d Xstyle\" \/>\n<meta property=\"article:publisher\" content=\"https:\/\/www.facebook.com\/xstylemd\" \/>\n<meta property=\"article:modified_time\" content=\"2024-10-19T21:17:51+00:00\" \/>\n<meta property=\"og:image\" content=\"https:\/\/xstyle.md\/wp-content\/uploads\/2020\/07\/image_325081_1_31623_1_56148_1_23646_1_154760.jpg\" \/>\n\t<meta property=\"og:image:width\" content=\"500\" \/>\n\t<meta property=\"og:image:height\" content=\"500\" \/>\n\t<meta property=\"og:image:type\" content=\"image\/jpeg\" \/>\n<meta name=\"twitter:card\" content=\"summary_large_image\" \/>\n<meta name=\"twitter:label1\" content=\"Pre\u021b\" \/>\n\t<meta name=\"twitter:data1\" content=\"1.512&nbsp;MDL\" \/>\n\t<meta name=\"twitter:label2\" content=\"Disponibilitate\" \/>\n\t<meta name=\"twitter:data2\" content=\"\u00cen stoc\" \/>\n<script type=\"application\/ld+json\" class=\"yoast-schema-graph\">{\"@context\":\"https:\\\/\\\/schema.org\",\"@graph\":[{\"@type\":\"WebPage\",\"@id\":\"https:\\\/\\\/xstyle.md\\\/product\\\/dare2b-stand-for-wmn-black-big\\\/\",\"url\":\"https:\\\/\\\/xstyle.md\\\/product\\\/dare2b-stand-for-wmn-black-big\\\/\",\"name\":\"\u0411\u0440\u044e\u043a\u0438 Dare2B Stand For Wmn black (big) - \u041c\u0430\u0433\u0430\u0437\u0438\u043d Xstyle\",\"isPartOf\":{\"@id\":\"https:\\\/\\\/xstyle.md\\\/#website\"},\"primaryImageOfPage\":{\"@id\":\"https:\\\/\\\/xstyle.md\\\/product\\\/dare2b-stand-for-wmn-black-big\\\/#primaryimage\"},\"image\":{\"@id\":\"https:\\\/\\\/xstyle.md\\\/product\\\/dare2b-stand-for-wmn-black-big\\\/#primaryimage\"},\"thumbnailUrl\":\"https:\\\/\\\/xstyle.md\\\/wp-content\\\/uploads\\\/2020\\\/07\\\/image_325081_1_31623_1_56148_1_23646_1_154760.jpg\",\"datePublished\":\"2021-08-23T08:40:51+00:00\",\"dateModified\":\"2024-10-19T21:17:51+00:00\",\"description\":\"\u0411\u0440\u044e\u043a\u0438 Dare2B Stand For Wmn black (big) - \u0438\u0434\u0435\u0430\u043b\u044c\u043d\u044b \u0434\u043b\u044f \u0430\u043a\u0442\u0438\u0432\u043d\u043e\u0433\u043e \u043e\u0442\u0434\u044b\u0445\u0430! \u042d\u043b\u0430\u0441\u0442\u0438\u0447\u043d\u044b\u0439 \u043c\u0430\u0442\u0435\u0440\u0438\u0430\u043b \u0438 \u0430\u043d\u0430\u0442\u043e\u043c\u0438\u0447\u0435\u0441\u043a\u0438\u0439 \u043a\u0440\u043e\u0439 \u043e\u0431\u0435\u0441\u043f\u0435\u0447\u0438\u0432\u0430\u044e\u0442 \u043a\u043e\u043c\u0444\u043e\u0440\u0442 \u0438 \u0441\u0432\u043e\u0431\u043e\u0434\u0443 \u0434\u0432\u0438\u0436\u0435\u043d\u0438\u0439.\",\"breadcrumb\":{\"@id\":\"https:\\\/\\\/xstyle.md\\\/product\\\/dare2b-stand-for-wmn-black-big\\\/#breadcrumb\"},\"inLanguage\":\"ro-RO\",\"potentialAction\":[{\"@type\":\"ReadAction\",\"target\":[\"https:\\\/\\\/xstyle.md\\\/product\\\/dare2b-stand-for-wmn-black-big\\\/\"]}]},{\"@type\":\"ImageObject\",\"inLanguage\":\"ro-RO\",\"@id\":\"https:\\\/\\\/xstyle.md\\\/product\\\/dare2b-stand-for-wmn-black-big\\\/#primaryimage\",\"url\":\"https:\\\/\\\/xstyle.md\\\/wp-content\\\/uploads\\\/2020\\\/07\\\/image_325081_1_31623_1_56148_1_23646_1_154760.jpg\",\"contentUrl\":\"https:\\\/\\\/xstyle.md\\\/wp-content\\\/uploads\\\/2020\\\/07\\\/image_325081_1_31623_1_56148_1_23646_1_154760.jpg\",\"width\":500,\"height\":500},{\"@type\":\"BreadcrumbList\",\"@id\":\"https:\\\/\\\/xstyle.md\\\/product\\\/dare2b-stand-for-wmn-black-big\\\/#breadcrumb\",\"itemListElement\":[{\"@type\":\"ListItem\",\"position\":1,\"name\":\"\u0413\u043b\u0430\u0432\u043d\u0430\u044f \u0441\u0442\u0440\u0430\u043d\u0438\u0446\u0430\",\"item\":\"https:\\\/\\\/xstyle.md\\\/\"},{\"@type\":\"ListItem\",\"position\":2,\"name\":\"\u041c\u0430\u0433\u0430\u0437\u0438\u043d\",\"item\":\"https:\\\/\\\/xstyle.md\\\/shop\\\/\"},{\"@type\":\"ListItem\",\"position\":3,\"name\":\"\u0411\u0440\u044e\u043a\u0438 Dare2B Stand For Wmn black (big)\"}]},{\"@type\":\"WebSite\",\"@id\":\"https:\\\/\\\/xstyle.md\\\/#website\",\"url\":\"https:\\\/\\\/xstyle.md\\\/\",\"name\":\"\u041c\u0430\u0433\u0430\u0437\u0438\u043d Xstyle\",\"description\":\"C\u043d\u0430\u0440\u044f\u0436\u0435\u043d\u0438\u0435 \u0434\u043b\u044f \u0442\u0443\u0440\u0438\u0437\u043c\u0430 \u0438 \u044d\u043a\u0441\u0442\u0440\u0435\u043c\u0430\u043b\u044c\u043d\u044b\u0445 \u0432\u0438\u0434\u043e\u0432 \u0441\u043f\u043e\u0440\u0442\u0430 \u0432 \u041c\u043e\u043b\u0434\u043e\u0432\u0435.. \u0426\u0435\u043d\u044b, \u0444\u043e\u0442\u043e, \u0445\u0430\u0440\u0430\u043a\u0442\u0435\u0440\u0438\u0441\u0442\u0438\u043a\u0438 \u0432 \u041c\u043e\u043b\u0434\u043e\u0432\u0435.\",\"publisher\":{\"@id\":\"https:\\\/\\\/xstyle.md\\\/#organization\"},\"alternateName\":\"X-Style\",\"potentialAction\":[{\"@type\":\"SearchAction\",\"target\":{\"@type\":\"EntryPoint\",\"urlTemplate\":\"https:\\\/\\\/xstyle.md\\\/?s={search_term_string}\"},\"query-input\":{\"@type\":\"PropertyValueSpecification\",\"valueRequired\":true,\"valueName\":\"search_term_string\"}}],\"inLanguage\":\"ro-RO\"},{\"@type\":\"Organization\",\"@id\":\"https:\\\/\\\/xstyle.md\\\/#organization\",\"name\":\"\u041c\u0430\u0433\u0430\u0437\u0438\u043d Xstyle\",\"alternateName\":\"x-style\",\"url\":\"https:\\\/\\\/xstyle.md\\\/\",\"logo\":{\"@type\":\"ImageObject\",\"inLanguage\":\"ro-RO\",\"@id\":\"https:\\\/\\\/xstyle.md\\\/#\\\/schema\\\/logo\\\/image\\\/\",\"url\":\"https:\\\/\\\/xstyle.md\\\/wp-content\\\/uploads\\\/2020\\\/06\\\/logoicon.svg\",\"contentUrl\":\"https:\\\/\\\/xstyle.md\\\/wp-content\\\/uploads\\\/2020\\\/06\\\/logoicon.svg\",\"caption\":\"\u041c\u0430\u0433\u0430\u0437\u0438\u043d Xstyle\"},\"image\":{\"@id\":\"https:\\\/\\\/xstyle.md\\\/#\\\/schema\\\/logo\\\/image\\\/\"},\"sameAs\":[\"https:\\\/\\\/www.facebook.com\\\/xstylemd\",\"https:\\\/\\\/www.instagram.com\\\/xstyle_md\\\/\",\"https:\\\/\\\/t.me\\\/xstyle_outdoor\"],\"hasMerchantReturnPolicy\":{\"@type\":\"MerchantReturnPolicy\",\"merchantReturnLink\":\"https:\\\/\\\/xstyle.md\\\/ro\\\/conditions\\\/\"}}]}<\/script>\n<meta property=\"product:price:amount\" content=\"1512.00\" \/>\n<meta property=\"product:price:currency\" content=\"MDL\" \/>\n<meta property=\"og:availability\" content=\"instock\" \/>\n<meta property=\"product:availability\" content=\"instock\" \/>\n<meta property=\"product:retailer_item_id\" content=\"5051522491826\" \/>\n<meta property=\"product:condition\" content=\"new\" \/>\n<!-- \/ Yoast SEO plugin. -->","yoast_head_json":{"title":"Pantaloni Dare2B Stand For Wmn black (big) - Magazin Xstyle","description":"Pantalonii Dare2B Stand For Wmn negri (mari) - ideali pentru activit\u0103\u021bi \u00een aer liber! Materialul elastic \u0219i croiala anatomic\u0103 asigur\u0103 confort \u0219i libertate de mi\u0219care.","robots":{"index":"index","follow":"follow","max-snippet":"max-snippet:-1","max-image-preview":"max-image-preview:large","max-video-preview":"max-video-preview:-1"},"canonical":"https:\/\/xstyle.md\/ro\/produs\/dare2b-stand-for-wmn-black-big\/","og_locale":"ro_RO","og_type":"article","og_title":"\u0411\u0440\u044e\u043a\u0438 Dare2B Stand For Wmn black (big) - \u041c\u0430\u0433\u0430\u0437\u0438\u043d Xstyle","og_description":"\u0411\u0440\u044e\u043a\u0438 Dare2B Stand For Wmn black (big) - \u0438\u0434\u0435\u0430\u043b\u044c\u043d\u044b \u0434\u043b\u044f \u0430\u043a\u0442\u0438\u0432\u043d\u043e\u0433\u043e \u043e\u0442\u0434\u044b\u0445\u0430! \u042d\u043b\u0430\u0441\u0442\u0438\u0447\u043d\u044b\u0439 \u043c\u0430\u0442\u0435\u0440\u0438\u0430\u043b \u0438 \u0430\u043d\u0430\u0442\u043e\u043c\u0438\u0447\u0435\u0441\u043a\u0438\u0439 \u043a\u0440\u043e\u0439 \u043e\u0431\u0435\u0441\u043f\u0435\u0447\u0438\u0432\u0430\u044e\u0442 \u043a\u043e\u043c\u0444\u043e\u0440\u0442 \u0438 \u0441\u0432\u043e\u0431\u043e\u0434\u0443 \u0434\u0432\u0438\u0436\u0435\u043d\u0438\u0439.","og_url":"https:\/\/xstyle.md\/ro\/produs\/dare2b-stand-for-wmn-black-big\/","og_site_name":"\u041c\u0430\u0433\u0430\u0437\u0438\u043d Xstyle","article_publisher":"https:\/\/www.facebook.com\/xstylemd","article_modified_time":"2024-10-19T21:17:51+00:00","og_image":[{"width":500,"height":500,"url":"https:\/\/xstyle.md\/wp-content\/uploads\/2020\/07\/image_325081_1_31623_1_56148_1_23646_1_154760.jpg","type":"image\/jpeg"}],"twitter_card":"summary_large_image","twitter_misc":{"Pre\u021b":"1.512&nbsp;MDL","Disponibilitate":"\u00cen stoc"},"schema":{"@context":"https:\/\/schema.org","@graph":[{"@type":"WebPage","@id":"https:\/\/xstyle.md\/product\/dare2b-stand-for-wmn-black-big\/","url":"https:\/\/xstyle.md\/product\/dare2b-stand-for-wmn-black-big\/","name":"Pantaloni Dare2B Stand For Wmn black (big) - Magazin Xstyle","isPartOf":{"@id":"https:\/\/xstyle.md\/#website"},"primaryImageOfPage":{"@id":"https:\/\/xstyle.md\/product\/dare2b-stand-for-wmn-black-big\/#primaryimage"},"image":{"@id":"https:\/\/xstyle.md\/product\/dare2b-stand-for-wmn-black-big\/#primaryimage"},"thumbnailUrl":"https:\/\/xstyle.md\/wp-content\/uploads\/2020\/07\/image_325081_1_31623_1_56148_1_23646_1_154760.jpg","datePublished":"2021-08-23T08:40:51+00:00","dateModified":"2024-10-19T21:17:51+00:00","description":"Pantalonii Dare2B Stand For Wmn negri (mari) - ideali pentru activit\u0103\u021bi \u00een aer liber! Materialul elastic \u0219i croiala anatomic\u0103 asigur\u0103 confort \u0219i libertate de mi\u0219care.","breadcrumb":{"@id":"https:\/\/xstyle.md\/product\/dare2b-stand-for-wmn-black-big\/#breadcrumb"},"inLanguage":"ro-RO","potentialAction":[{"@type":"ReadAction","target":["https:\/\/xstyle.md\/product\/dare2b-stand-for-wmn-black-big\/"]}]},{"@type":"ImageObject","inLanguage":"ro-RO","@id":"https:\/\/xstyle.md\/product\/dare2b-stand-for-wmn-black-big\/#primaryimage","url":"https:\/\/xstyle.md\/wp-content\/uploads\/2020\/07\/image_325081_1_31623_1_56148_1_23646_1_154760.jpg","contentUrl":"https:\/\/xstyle.md\/wp-content\/uploads\/2020\/07\/image_325081_1_31623_1_56148_1_23646_1_154760.jpg","width":500,"height":500},{"@type":"BreadcrumbList","@id":"https:\/\/xstyle.md\/product\/dare2b-stand-for-wmn-black-big\/#breadcrumb","itemListElement":[{"@type":"ListItem","position":1,"name":"\u0413\u043b\u0430\u0432\u043d\u0430\u044f \u0441\u0442\u0440\u0430\u043d\u0438\u0446\u0430","item":"https:\/\/xstyle.md\/"},{"@type":"ListItem","position":2,"name":"\u041c\u0430\u0433\u0430\u0437\u0438\u043d","item":"https:\/\/xstyle.md\/shop\/"},{"@type":"ListItem","position":3,"name":"\u0411\u0440\u044e\u043a\u0438 Dare2B Stand For Wmn black (big)"}]},{"@type":"WebSite","@id":"https:\/\/xstyle.md\/#website","url":"https:\/\/xstyle.md\/","name":"Magazinul X-Style","description":"Echipamente pentru turism \u0219i sporturi extreme \u00een Moldova. Pre\u021buri, fotografii, caracteristici \u00een Moldova.","publisher":{"@id":"https:\/\/xstyle.md\/#organization"},"alternateName":"X-Style","potentialAction":[{"@type":"SearchAction","target":{"@type":"EntryPoint","urlTemplate":"https:\/\/xstyle.md\/?s={search_term_string}"},"query-input":{"@type":"PropertyValueSpecification","valueRequired":true,"valueName":"search_term_string"}}],"inLanguage":"ro-RO"},{"@type":"Organization","@id":"https:\/\/xstyle.md\/#organization","name":"Magazinul X-Style","alternateName":"x-style","url":"https:\/\/xstyle.md\/","logo":{"@type":"ImageObject","inLanguage":"ro-RO","@id":"https:\/\/xstyle.md\/#\/schema\/logo\/image\/","url":"https:\/\/xstyle.md\/wp-content\/uploads\/2020\/06\/logoicon.svg","contentUrl":"https:\/\/xstyle.md\/wp-content\/uploads\/2020\/06\/logoicon.svg","caption":"\u041c\u0430\u0433\u0430\u0437\u0438\u043d Xstyle"},"image":{"@id":"https:\/\/xstyle.md\/#\/schema\/logo\/image\/"},"sameAs":["https:\/\/www.facebook.com\/xstylemd","https:\/\/www.instagram.com\/xstyle_md\/","https:\/\/t.me\/xstyle_outdoor"],"hasMerchantReturnPolicy":{"@type":"MerchantReturnPolicy","merchantReturnLink":"https:\/\/xstyle.md\/ro\/conditions\/"}}]},"product_price_amount":"1512.00","product_price_currency":"MDL","og_availability":"instock","product_availability":"instock","product_retailer_item_id":"5051522491826","product_condition":"new"},"_links":{"self":[{"href":"https:\/\/xstyle.md\/ro\/wp-json\/wp\/v2\/product\/38519","targetHints":{"allow":["GET"]}}],"collection":[{"href":"https:\/\/xstyle.md\/ro\/wp-json\/wp\/v2\/product"}],"about":[{"href":"https:\/\/xstyle.md\/ro\/wp-json\/wp\/v2\/types\/product"}],"replies":[{"embeddable":true,"href":"https:\/\/xstyle.md\/ro\/wp-json\/wp\/v2\/comments?post=38519"}],"wp:featuredmedia":[{"embeddable":true,"href":"https:\/\/xstyle.md\/ro\/wp-json\/wp\/v2\/media\/5814"}],"wp:attachment":[{"href":"https:\/\/xstyle.md\/ro\/wp-json\/wp\/v2\/media?parent=38519"}],"wp:term":[{"taxonomy":"product_brand","embeddable":true,"href":"https:\/\/xstyle.md\/ro\/wp-json\/wp\/v2\/product_brand?post=38519"},{"taxonomy":"product_cat","embeddable":true,"href":"https:\/\/xstyle.md\/ro\/wp-json\/wp\/v2\/product_cat?post=38519"},{"taxonomy":"product_tag","embeddable":true,"href":"https:\/\/xstyle.md\/ro\/wp-json\/wp\/v2\/product_tag?post=38519"}],"curies":[{"name":"wp","href":"https:\/\/api.w.org\/{rel}","templated":true}]}}