{"id":37089,"date":"2021-07-14T14:04:34","date_gmt":"2021-07-14T11:04:34","guid":{"rendered":"https:\/\/xstyle.md\/?post_type=product&#038;p=37089"},"modified":"2025-10-24T12:41:08","modified_gmt":"2025-10-24T09:41:08","slug":"nozh-helle-sigmund","status":"publish","type":"product","link":"https:\/\/xstyle.md\/ro\/produs\/nozh-helle-sigmund\/","title":{"rendered":"Cu\u021bit Helle Sigmund"},"content":{"rendered":"<\/p>\n<p>Cu\u021bitul de v\u00e2n\u0103toare <strong>Helle Sigmund<\/strong> este un cu\u021bit scandinav clasic pentru toate scopurile, cu o capacitate de t\u0103iere excelent\u0103 \u0219i un m\u00e2ner confortabil. Este un pic mai mare dec\u00e2t un cu\u021bit obi\u0219nuit, a\u0219a c\u0103 este perfect pentru t\u0103ierea pr\u0103zii \u0219i pentru instalarea taberei.<\/p>\n<p>Dou\u0103 genera\u021bii din afacerea familiei Helle au fost implicate \u00een dezvoltarea acestui cu\u021bit. \u00cen anii 1930, fondatorul companiei, Sigmund Helle, a proiectat lama, \u00een timp ce fiul s\u0103u, Torrod, deja \u00een secolul XXI, a proiectat m\u00e2nerul original \u0219i a dat cu\u021bitului numele tat\u0103lui s\u0103u.<\/p>\n<p>Lama lung\u0103 de 107 mm are o form\u0103 drop-point \u0219i cobor\u00e2ri scandinave \u00eenguste. Materialul folosit este o\u021bel inoxidabil laminat \u00een trei straturi. Duritatea ridicat\u0103 a aliajului asigur\u0103 o t\u0103iere excelent\u0103 \u0219i o ascu\u021bire de lung\u0103 durat\u0103 a t\u0103i\u0219ului, iar rezisten\u021ba la coroziune permite utilizarea cu\u021bitului pentru o perioad\u0103 lung\u0103 de timp \u00eentr-un mediu umed.<\/p>\n<p>M\u00e2nerul arat\u0103 foarte spectaculos. Este realizat din buc\u0103\u021bi de lemn cu distan\u021biere din piele, ceea ce confer\u0103 cu\u021bitului individualitate. Tija trece prin tot m\u00e2nerul \u0219i este nituite la cap\u0103t.<\/p>\n<p>Este livrat cu o teac\u0103 de piele ad\u00e2nc\u0103 cu bucla pentru centur\u0103.<\/p>\n<h3>Caracteristici<\/h3>\n<ul>\n<li>Tip de cu\u021bit: nepliabil<\/li>\n<li>Tip de t\u0103i\u0219: regulat<\/li>\n<li>Lungime total\u0103: 21,9 cm<\/li>\n<li>Lungimea lamei: 10,7 cm<\/li>\n<li>Material m\u00e2ner: piele<\/li>\n<li>Calitatea o\u021belului: o\u021bel inoxidabil laminat<\/li>\n<li>Greutate: 96 g<\/li>\n<\/ul>\n<h3>Marca<\/h3>\n<p>Helle este o companie norvegian\u0103 de cu\u021bite care a luat na\u0219tere \u00een anii 1930. A fost fondat\u0103 de Steiner Helle, un om care a admirat natura din \u021bara sa natal\u0103 \u00eenc\u0103 din copil\u0103rie \u0219i a dorit s\u0103 fac\u0103 celebru satul s\u0103u, Holmdal. Helle \u0219i-a f\u0103cut singur primul lot de cu\u021bite \u0219i le-a v\u00e2ndut la t\u00e2rgul local. Fratele s\u0103u i s-a al\u0103turat mai t\u00e2rziu \u0219i \u00eempreun\u0103 au creat o mic\u0103 afacere de familie \u00een domeniul produc\u021biei de cu\u021bite. Ast\u0103zi, sediul central al companiei se afl\u0103 \u00eenc\u0103 \u00een Holmdal, locul unde a fost creat primul cu\u021bit norvegian al lui Helle, iar compania este condus\u0103 de urma\u0219ii fra\u021bilor Helle. O\u021belul, din care sunt fabricate lamele cu\u021bitelor Helle, are o compozi\u021bie original\u0103, folosit\u0103 doar de mae\u0219trii acestui brand. Iar m\u00e2nerul cu\u021bitului este realizat numai din materiale naturale.<\/p>\n<p><\/p>","protected":false},"excerpt":{"rendered":"<p>Cu\u021bit Helle Sigmund<\/p>","protected":false},"featured_media":46319,"comment_status":"open","ping_status":"closed","template":"","meta":{"_acf_changed":false,"inline_featured_image":false},"product_brand":[1396],"product_cat":[169],"product_tag":[],"class_list":{"0":"post-37089","1":"product","2":"type-product","3":"status-publish","4":"has-post-thumbnail","6":"product_brand-helle","7":"product_cat-knives","9":"first","10":"instock","11":"shipping-taxable","12":"purchasable","13":"product-type-simple"},"acf":[],"yoast_head":"<!-- This site is optimized with the Yoast SEO plugin v27.4 - https:\/\/yoast.com\/product\/yoast-seo-wordpress\/ -->\n<title>\u041d\u043e\u0436 Helle Sigmund - \u041c\u0430\u0433\u0430\u0437\u0438\u043d Xstyle<\/title>\n<meta name=\"description\" content=\"\u041d\u043e\u0436 Helle Sigmund \u2013 \u043a\u043b\u0430\u0441\u0441\u0438\u0447\u0435\u0441\u043a\u0438\u0439 \u0441\u043a\u0430\u043d\u0434\u0438\u043d\u0430\u0432\u0441\u043a\u0438\u0439 \u043d\u043e\u0436 \u0434\u043b\u044f \u043e\u0445\u043e\u0442\u044b. \u041e\u0442\u043b\u0438\u0447\u043d\u0430\u044f \u0440\u0435\u0436\u0443\u0449\u0430\u044f \u0441\u043f\u043e\u0441\u043e\u0431\u043d\u043e\u0441\u0442\u044c \u0438 \u043a\u043e\u043c\u0444\u043e\u0440\u0442\u043d\u0430\u044f \u0440\u0443\u043a\u043e\u044f\u0442\u043a\u0430 \u0434\u0435\u043b\u0430\u044e\u0442 \u0435\u0433\u043e \u0438\u0434\u0435\u0430\u043b\u044c\u043d\u044b\u043c \u0434\u043b\u044f \u043b\u044e\u0431\u043e\u0433\u043e \u043f\u043e\u0445\u043e\u0434\u0430.\" \/>\n<meta name=\"robots\" content=\"index, follow, max-snippet:-1, max-image-preview:large, max-video-preview:-1\" \/>\n<link rel=\"canonical\" href=\"https:\/\/xstyle.md\/ro\/produs\/nozh-helle-sigmund\/\" \/>\n<meta property=\"og:locale\" content=\"ro_RO\" \/>\n<meta property=\"og:type\" content=\"article\" \/>\n<meta property=\"og:title\" content=\"\u041d\u043e\u0436 Helle Sigmund - \u041c\u0430\u0433\u0430\u0437\u0438\u043d Xstyle\" \/>\n<meta property=\"og:description\" content=\"\u041d\u043e\u0436 Helle Sigmund \u2013 \u043a\u043b\u0430\u0441\u0441\u0438\u0447\u0435\u0441\u043a\u0438\u0439 \u0441\u043a\u0430\u043d\u0434\u0438\u043d\u0430\u0432\u0441\u043a\u0438\u0439 \u043d\u043e\u0436 \u0434\u043b\u044f \u043e\u0445\u043e\u0442\u044b. \u041e\u0442\u043b\u0438\u0447\u043d\u0430\u044f \u0440\u0435\u0436\u0443\u0449\u0430\u044f \u0441\u043f\u043e\u0441\u043e\u0431\u043d\u043e\u0441\u0442\u044c \u0438 \u043a\u043e\u043c\u0444\u043e\u0440\u0442\u043d\u0430\u044f \u0440\u0443\u043a\u043e\u044f\u0442\u043a\u0430 \u0434\u0435\u043b\u0430\u044e\u0442 \u0435\u0433\u043e \u0438\u0434\u0435\u0430\u043b\u044c\u043d\u044b\u043c \u0434\u043b\u044f \u043b\u044e\u0431\u043e\u0433\u043e \u043f\u043e\u0445\u043e\u0434\u0430.\" \/>\n<meta property=\"og:url\" content=\"https:\/\/xstyle.md\/ro\/produs\/nozh-helle-sigmund\/\" \/>\n<meta property=\"og:site_name\" content=\"\u041c\u0430\u0433\u0430\u0437\u0438\u043d Xstyle\" \/>\n<meta property=\"article:publisher\" content=\"https:\/\/www.facebook.com\/xstylemd\" \/>\n<meta property=\"article:modified_time\" content=\"2025-10-24T09:41:08+00:00\" \/>\n<meta property=\"og:image\" content=\"https:\/\/xstyle.md\/wp-content\/uploads\/2021\/07\/helle-sigmund-0.png\" \/>\n\t<meta property=\"og:image:width\" content=\"1080\" \/>\n\t<meta property=\"og:image:height\" content=\"1080\" \/>\n\t<meta property=\"og:image:type\" content=\"image\/png\" \/>\n<meta name=\"twitter:card\" content=\"summary_large_image\" \/>\n<meta name=\"twitter:label1\" content=\"Pre\u021b\" \/>\n\t<meta name=\"twitter:data1\" content=\"3.190&nbsp;MDL\" \/>\n\t<meta name=\"twitter:label2\" content=\"Disponibilitate\" \/>\n\t<meta name=\"twitter:data2\" content=\"\u00cen stoc\" \/>\n<script type=\"application\/ld+json\" class=\"yoast-schema-graph\">{\"@context\":\"https:\\\/\\\/schema.org\",\"@graph\":[{\"@type\":\"WebPage\",\"@id\":\"https:\\\/\\\/xstyle.md\\\/product\\\/nozh-helle-sigmund\\\/\",\"url\":\"https:\\\/\\\/xstyle.md\\\/product\\\/nozh-helle-sigmund\\\/\",\"name\":\"\u041d\u043e\u0436 Helle Sigmund - \u041c\u0430\u0433\u0430\u0437\u0438\u043d Xstyle\",\"isPartOf\":{\"@id\":\"https:\\\/\\\/xstyle.md\\\/#website\"},\"primaryImageOfPage\":{\"@id\":\"https:\\\/\\\/xstyle.md\\\/product\\\/nozh-helle-sigmund\\\/#primaryimage\"},\"image\":{\"@id\":\"https:\\\/\\\/xstyle.md\\\/product\\\/nozh-helle-sigmund\\\/#primaryimage\"},\"thumbnailUrl\":\"https:\\\/\\\/xstyle.md\\\/wp-content\\\/uploads\\\/2021\\\/07\\\/helle-sigmund-0.png\",\"datePublished\":\"2021-07-14T11:04:34+00:00\",\"dateModified\":\"2025-10-24T09:41:08+00:00\",\"description\":\"\u041d\u043e\u0436 Helle Sigmund \u2013 \u043a\u043b\u0430\u0441\u0441\u0438\u0447\u0435\u0441\u043a\u0438\u0439 \u0441\u043a\u0430\u043d\u0434\u0438\u043d\u0430\u0432\u0441\u043a\u0438\u0439 \u043d\u043e\u0436 \u0434\u043b\u044f \u043e\u0445\u043e\u0442\u044b. \u041e\u0442\u043b\u0438\u0447\u043d\u0430\u044f \u0440\u0435\u0436\u0443\u0449\u0430\u044f \u0441\u043f\u043e\u0441\u043e\u0431\u043d\u043e\u0441\u0442\u044c \u0438 \u043a\u043e\u043c\u0444\u043e\u0440\u0442\u043d\u0430\u044f \u0440\u0443\u043a\u043e\u044f\u0442\u043a\u0430 \u0434\u0435\u043b\u0430\u044e\u0442 \u0435\u0433\u043e \u0438\u0434\u0435\u0430\u043b\u044c\u043d\u044b\u043c \u0434\u043b\u044f \u043b\u044e\u0431\u043e\u0433\u043e \u043f\u043e\u0445\u043e\u0434\u0430.\",\"breadcrumb\":{\"@id\":\"https:\\\/\\\/xstyle.md\\\/product\\\/nozh-helle-sigmund\\\/#breadcrumb\"},\"inLanguage\":\"ro-RO\",\"potentialAction\":[{\"@type\":\"ReadAction\",\"target\":[\"https:\\\/\\\/xstyle.md\\\/product\\\/nozh-helle-sigmund\\\/\"]}]},{\"@type\":\"ImageObject\",\"inLanguage\":\"ro-RO\",\"@id\":\"https:\\\/\\\/xstyle.md\\\/product\\\/nozh-helle-sigmund\\\/#primaryimage\",\"url\":\"https:\\\/\\\/xstyle.md\\\/wp-content\\\/uploads\\\/2021\\\/07\\\/helle-sigmund-0.png\",\"contentUrl\":\"https:\\\/\\\/xstyle.md\\\/wp-content\\\/uploads\\\/2021\\\/07\\\/helle-sigmund-0.png\",\"width\":1080,\"height\":1080,\"caption\":\"\u041d\u043e\u0436 Helle Sigmund \u0434\u043b\u044f \u0430\u043a\u0442\u0438\u0432\u043d\u043e\u0433\u043e \u043e\u0442\u0434\u044b\u0445\u0430 \u043f\u043e\u0445\u043e\u0434\u043e\u0432 \u0438 \u043f\u0443\u0442\u0435\u0448\u0435\u0441\u0442\u0432\u0438\u0439 \u044d\u043a\u0438\u043f\u0438\u0440\u043e\u0432\u043a\u0430 \u0434\u043b\u044f \u0442\u0443\u0440\u0438\u0441\u0442\u043e\u0432 \u0438 \u0430\u043b\u044c\u043f\u0438\u043d\u0438\u0441\u0442\u043e\u0432 \u0432\u043a\u043b\u044e\u0447\u0430\u0435\u0442 \u043d\u043e\u0436\u0438 \u0434\u043b\u044f \u0430\u043b\u044c\u043f\u0438\u043d\u0438\u0437\u043c\u0430 \u0438 \u043f\u0443\u0442\u0435\u0448\u0435\u0441\u0442\u0432\u0438\u0439 \u0434\u043b\u044f \u043b\u044e\u0431\u0438\u0442\u0435\u043b\u0435\u0439 \u0430\u043a\u0442\u0438\u0432\u043d\u043e\u0433\u043e \u043e\u0431\u0440\u0430\u0437\u0430 \u0436\u0438\u0437\u043d\u0438\"},{\"@type\":\"BreadcrumbList\",\"@id\":\"https:\\\/\\\/xstyle.md\\\/product\\\/nozh-helle-sigmund\\\/#breadcrumb\",\"itemListElement\":[{\"@type\":\"ListItem\",\"position\":1,\"name\":\"\u0413\u043b\u0430\u0432\u043d\u0430\u044f \u0441\u0442\u0440\u0430\u043d\u0438\u0446\u0430\",\"item\":\"https:\\\/\\\/xstyle.md\\\/\"},{\"@type\":\"ListItem\",\"position\":2,\"name\":\"\u041c\u0430\u0433\u0430\u0437\u0438\u043d\",\"item\":\"https:\\\/\\\/xstyle.md\\\/shop\\\/\"},{\"@type\":\"ListItem\",\"position\":3,\"name\":\"\u041d\u043e\u0436 Helle Sigmund\"}]},{\"@type\":\"WebSite\",\"@id\":\"https:\\\/\\\/xstyle.md\\\/#website\",\"url\":\"https:\\\/\\\/xstyle.md\\\/\",\"name\":\"\u041c\u0430\u0433\u0430\u0437\u0438\u043d Xstyle\",\"description\":\"C\u043d\u0430\u0440\u044f\u0436\u0435\u043d\u0438\u0435 \u0434\u043b\u044f \u0442\u0443\u0440\u0438\u0437\u043c\u0430 \u0438 \u044d\u043a\u0441\u0442\u0440\u0435\u043c\u0430\u043b\u044c\u043d\u044b\u0445 \u0432\u0438\u0434\u043e\u0432 \u0441\u043f\u043e\u0440\u0442\u0430 \u0432 \u041c\u043e\u043b\u0434\u043e\u0432\u0435.. \u0426\u0435\u043d\u044b, \u0444\u043e\u0442\u043e, \u0445\u0430\u0440\u0430\u043a\u0442\u0435\u0440\u0438\u0441\u0442\u0438\u043a\u0438 \u0432 \u041c\u043e\u043b\u0434\u043e\u0432\u0435.\",\"publisher\":{\"@id\":\"https:\\\/\\\/xstyle.md\\\/#organization\"},\"alternateName\":\"X-Style\",\"potentialAction\":[{\"@type\":\"SearchAction\",\"target\":{\"@type\":\"EntryPoint\",\"urlTemplate\":\"https:\\\/\\\/xstyle.md\\\/?s={search_term_string}\"},\"query-input\":{\"@type\":\"PropertyValueSpecification\",\"valueRequired\":true,\"valueName\":\"search_term_string\"}}],\"inLanguage\":\"ro-RO\"},{\"@type\":\"Organization\",\"@id\":\"https:\\\/\\\/xstyle.md\\\/#organization\",\"name\":\"\u041c\u0430\u0433\u0430\u0437\u0438\u043d Xstyle\",\"alternateName\":\"x-style\",\"url\":\"https:\\\/\\\/xstyle.md\\\/\",\"logo\":{\"@type\":\"ImageObject\",\"inLanguage\":\"ro-RO\",\"@id\":\"https:\\\/\\\/xstyle.md\\\/#\\\/schema\\\/logo\\\/image\\\/\",\"url\":\"https:\\\/\\\/xstyle.md\\\/wp-content\\\/uploads\\\/2020\\\/06\\\/logoicon.svg\",\"contentUrl\":\"https:\\\/\\\/xstyle.md\\\/wp-content\\\/uploads\\\/2020\\\/06\\\/logoicon.svg\",\"caption\":\"\u041c\u0430\u0433\u0430\u0437\u0438\u043d Xstyle\"},\"image\":{\"@id\":\"https:\\\/\\\/xstyle.md\\\/#\\\/schema\\\/logo\\\/image\\\/\"},\"sameAs\":[\"https:\\\/\\\/www.facebook.com\\\/xstylemd\",\"https:\\\/\\\/www.instagram.com\\\/xstyle_md\\\/\",\"https:\\\/\\\/t.me\\\/xstyle_outdoor\"],\"hasMerchantReturnPolicy\":{\"@type\":\"MerchantReturnPolicy\",\"merchantReturnLink\":\"https:\\\/\\\/xstyle.md\\\/ro\\\/conditions\\\/\"}}]}<\/script>\n<meta property=\"product:price:amount\" content=\"3190.00\" \/>\n<meta property=\"product:price:currency\" content=\"MDL\" \/>\n<meta property=\"og:availability\" content=\"instock\" \/>\n<meta property=\"product:availability\" content=\"instock\" \/>\n<meta property=\"product:retailer_item_id\" content=\"7023890060476\" \/>\n<meta property=\"product:condition\" content=\"new\" \/>\n<!-- \/ Yoast SEO plugin. -->","yoast_head_json":{"title":"Cu\u021bit Helle Sigmund - Magazin Xstyle","description":"Cu\u021bitul Helle Sigmund \u2013 un cu\u021bit scandinav clasic pentru v\u00e2n\u0103toare. Capacitatea excelent\u0103 de t\u0103iere \u0219i m\u00e2nerul confortabil \u00eel fac ideal pentru orice drume\u021bie.","robots":{"index":"index","follow":"follow","max-snippet":"max-snippet:-1","max-image-preview":"max-image-preview:large","max-video-preview":"max-video-preview:-1"},"canonical":"https:\/\/xstyle.md\/ro\/produs\/nozh-helle-sigmund\/","og_locale":"ro_RO","og_type":"article","og_title":"\u041d\u043e\u0436 Helle Sigmund - \u041c\u0430\u0433\u0430\u0437\u0438\u043d Xstyle","og_description":"\u041d\u043e\u0436 Helle Sigmund \u2013 \u043a\u043b\u0430\u0441\u0441\u0438\u0447\u0435\u0441\u043a\u0438\u0439 \u0441\u043a\u0430\u043d\u0434\u0438\u043d\u0430\u0432\u0441\u043a\u0438\u0439 \u043d\u043e\u0436 \u0434\u043b\u044f \u043e\u0445\u043e\u0442\u044b. \u041e\u0442\u043b\u0438\u0447\u043d\u0430\u044f \u0440\u0435\u0436\u0443\u0449\u0430\u044f \u0441\u043f\u043e\u0441\u043e\u0431\u043d\u043e\u0441\u0442\u044c \u0438 \u043a\u043e\u043c\u0444\u043e\u0440\u0442\u043d\u0430\u044f \u0440\u0443\u043a\u043e\u044f\u0442\u043a\u0430 \u0434\u0435\u043b\u0430\u044e\u0442 \u0435\u0433\u043e \u0438\u0434\u0435\u0430\u043b\u044c\u043d\u044b\u043c \u0434\u043b\u044f \u043b\u044e\u0431\u043e\u0433\u043e \u043f\u043e\u0445\u043e\u0434\u0430.","og_url":"https:\/\/xstyle.md\/ro\/produs\/nozh-helle-sigmund\/","og_site_name":"\u041c\u0430\u0433\u0430\u0437\u0438\u043d Xstyle","article_publisher":"https:\/\/www.facebook.com\/xstylemd","article_modified_time":"2025-10-24T09:41:08+00:00","og_image":[{"width":1080,"height":1080,"url":"https:\/\/xstyle.md\/wp-content\/uploads\/2021\/07\/helle-sigmund-0.png","type":"image\/png"}],"twitter_card":"summary_large_image","twitter_misc":{"Pre\u021b":"3.190&nbsp;MDL","Disponibilitate":"\u00cen stoc"},"schema":{"@context":"https:\/\/schema.org","@graph":[{"@type":"WebPage","@id":"https:\/\/xstyle.md\/product\/nozh-helle-sigmund\/","url":"https:\/\/xstyle.md\/product\/nozh-helle-sigmund\/","name":"Cu\u021bit Helle Sigmund - Magazin Xstyle","isPartOf":{"@id":"https:\/\/xstyle.md\/#website"},"primaryImageOfPage":{"@id":"https:\/\/xstyle.md\/product\/nozh-helle-sigmund\/#primaryimage"},"image":{"@id":"https:\/\/xstyle.md\/product\/nozh-helle-sigmund\/#primaryimage"},"thumbnailUrl":"https:\/\/xstyle.md\/wp-content\/uploads\/2021\/07\/helle-sigmund-0.png","datePublished":"2021-07-14T11:04:34+00:00","dateModified":"2025-10-24T09:41:08+00:00","description":"Cu\u021bitul Helle Sigmund \u2013 un cu\u021bit scandinav clasic pentru v\u00e2n\u0103toare. Capacitatea excelent\u0103 de t\u0103iere \u0219i m\u00e2nerul confortabil \u00eel fac ideal pentru orice drume\u021bie.","breadcrumb":{"@id":"https:\/\/xstyle.md\/product\/nozh-helle-sigmund\/#breadcrumb"},"inLanguage":"ro-RO","potentialAction":[{"@type":"ReadAction","target":["https:\/\/xstyle.md\/product\/nozh-helle-sigmund\/"]}]},{"@type":"ImageObject","inLanguage":"ro-RO","@id":"https:\/\/xstyle.md\/product\/nozh-helle-sigmund\/#primaryimage","url":"https:\/\/xstyle.md\/wp-content\/uploads\/2021\/07\/helle-sigmund-0.png","contentUrl":"https:\/\/xstyle.md\/wp-content\/uploads\/2021\/07\/helle-sigmund-0.png","width":1080,"height":1080,"caption":"\u041d\u043e\u0436 Helle Sigmund \u0434\u043b\u044f \u0430\u043a\u0442\u0438\u0432\u043d\u043e\u0433\u043e \u043e\u0442\u0434\u044b\u0445\u0430 \u043f\u043e\u0445\u043e\u0434\u043e\u0432 \u0438 \u043f\u0443\u0442\u0435\u0448\u0435\u0441\u0442\u0432\u0438\u0439 \u044d\u043a\u0438\u043f\u0438\u0440\u043e\u0432\u043a\u0430 \u0434\u043b\u044f \u0442\u0443\u0440\u0438\u0441\u0442\u043e\u0432 \u0438 \u0430\u043b\u044c\u043f\u0438\u043d\u0438\u0441\u0442\u043e\u0432 \u0432\u043a\u043b\u044e\u0447\u0430\u0435\u0442 \u043d\u043e\u0436\u0438 \u0434\u043b\u044f \u0430\u043b\u044c\u043f\u0438\u043d\u0438\u0437\u043c\u0430 \u0438 \u043f\u0443\u0442\u0435\u0448\u0435\u0441\u0442\u0432\u0438\u0439 \u0434\u043b\u044f \u043b\u044e\u0431\u0438\u0442\u0435\u043b\u0435\u0439 \u0430\u043a\u0442\u0438\u0432\u043d\u043e\u0433\u043e \u043e\u0431\u0440\u0430\u0437\u0430 \u0436\u0438\u0437\u043d\u0438"},{"@type":"BreadcrumbList","@id":"https:\/\/xstyle.md\/product\/nozh-helle-sigmund\/#breadcrumb","itemListElement":[{"@type":"ListItem","position":1,"name":"\u0413\u043b\u0430\u0432\u043d\u0430\u044f \u0441\u0442\u0440\u0430\u043d\u0438\u0446\u0430","item":"https:\/\/xstyle.md\/"},{"@type":"ListItem","position":2,"name":"\u041c\u0430\u0433\u0430\u0437\u0438\u043d","item":"https:\/\/xstyle.md\/shop\/"},{"@type":"ListItem","position":3,"name":"\u041d\u043e\u0436 Helle Sigmund"}]},{"@type":"WebSite","@id":"https:\/\/xstyle.md\/#website","url":"https:\/\/xstyle.md\/","name":"Magazinul X-Style","description":"Echipamente pentru turism \u0219i sporturi extreme \u00een Moldova. Pre\u021buri, fotografii, caracteristici \u00een Moldova.","publisher":{"@id":"https:\/\/xstyle.md\/#organization"},"alternateName":"X-Style","potentialAction":[{"@type":"SearchAction","target":{"@type":"EntryPoint","urlTemplate":"https:\/\/xstyle.md\/?s={search_term_string}"},"query-input":{"@type":"PropertyValueSpecification","valueRequired":true,"valueName":"search_term_string"}}],"inLanguage":"ro-RO"},{"@type":"Organization","@id":"https:\/\/xstyle.md\/#organization","name":"Magazinul X-Style","alternateName":"x-style","url":"https:\/\/xstyle.md\/","logo":{"@type":"ImageObject","inLanguage":"ro-RO","@id":"https:\/\/xstyle.md\/#\/schema\/logo\/image\/","url":"https:\/\/xstyle.md\/wp-content\/uploads\/2020\/06\/logoicon.svg","contentUrl":"https:\/\/xstyle.md\/wp-content\/uploads\/2020\/06\/logoicon.svg","caption":"\u041c\u0430\u0433\u0430\u0437\u0438\u043d Xstyle"},"image":{"@id":"https:\/\/xstyle.md\/#\/schema\/logo\/image\/"},"sameAs":["https:\/\/www.facebook.com\/xstylemd","https:\/\/www.instagram.com\/xstyle_md\/","https:\/\/t.me\/xstyle_outdoor"],"hasMerchantReturnPolicy":{"@type":"MerchantReturnPolicy","merchantReturnLink":"https:\/\/xstyle.md\/ro\/conditions\/"}}]},"product_price_amount":"3190.00","product_price_currency":"MDL","og_availability":"instock","product_availability":"instock","product_retailer_item_id":"7023890060476","product_condition":"new"},"post_mailing_queue_ids":[],"_links":{"self":[{"href":"https:\/\/xstyle.md\/ro\/wp-json\/wp\/v2\/product\/37089","targetHints":{"allow":["GET"]}}],"collection":[{"href":"https:\/\/xstyle.md\/ro\/wp-json\/wp\/v2\/product"}],"about":[{"href":"https:\/\/xstyle.md\/ro\/wp-json\/wp\/v2\/types\/product"}],"replies":[{"embeddable":true,"href":"https:\/\/xstyle.md\/ro\/wp-json\/wp\/v2\/comments?post=37089"}],"wp:featuredmedia":[{"embeddable":true,"href":"https:\/\/xstyle.md\/ro\/wp-json\/wp\/v2\/media\/46319"}],"wp:attachment":[{"href":"https:\/\/xstyle.md\/ro\/wp-json\/wp\/v2\/media?parent=37089"}],"wp:term":[{"taxonomy":"product_brand","embeddable":true,"href":"https:\/\/xstyle.md\/ro\/wp-json\/wp\/v2\/product_brand?post=37089"},{"taxonomy":"product_cat","embeddable":true,"href":"https:\/\/xstyle.md\/ro\/wp-json\/wp\/v2\/product_cat?post=37089"},{"taxonomy":"product_tag","embeddable":true,"href":"https:\/\/xstyle.md\/ro\/wp-json\/wp\/v2\/product_tag?post=37089"}],"curies":[{"name":"wp","href":"https:\/\/api.w.org\/{rel}","templated":true}]}}