{"id":37088,"date":"2021-07-14T14:04:33","date_gmt":"2021-07-14T11:04:33","guid":{"rendered":"https:\/\/xstyle.md\/?post_type=product&#038;p=37088"},"modified":"2025-10-24T12:41:02","modified_gmt":"2025-10-24T09:41:02","slug":"nozh-helle-hellefisk","status":"publish","type":"product","link":"https:\/\/dev.xstyle.md\/ro\/produs\/nozh-helle-hellefisk\/","title":{"rendered":"Cu\u021bit Helle Hellefisk"},"content":{"rendered":"<\/p>\n<p>Cu\u021bitul pentru pe\u0219te <strong>Helle Hellefisk<\/strong> este ideal pentru pasiona\u021bii de pescuit. Lama sa lung\u0103 nu se rupe, iar m\u00e2nerul u\u0219or nu se scufund\u0103 \u00een ap\u0103, p\u0103str\u00e2nd cu\u021bitul la suprafa\u021b\u0103 ca un plutitor. A\u0219adar, nu trebuie s\u0103 v\u0103 face\u021bi griji c\u0103 cu\u021bitul va c\u0103dea iremediabil \u00een ap\u0103.<\/p>\n<p>Lama lung\u0103 de 124 mm \u0219i groas\u0103 de 2 mm este conceput\u0103 ca lama unui cu\u021bit de filetat. Este lung\u0103, \u00eengust\u0103 \u0219i sub\u021bire, ceea ce o face ideal\u0103 pentru t\u0103ierea \u0219i placarea pe\u0219telui.<\/p>\n<p>Materialul utilizat este o\u021belul 12C27 Sandvik\u2122, un o\u021bel martensitic, inoxidabil, cu crom, fabricat \u00een Suedia. Datorit\u0103 unei crioduri speciale, o\u021belul a dob\u00e2ndit calit\u0103\u021bi precum duritate ridicat\u0103 &#8212; 56-58 HRC, rezisten\u021b\u0103 la coroziune, precum \u0219i flexibilitate \u0219i elasticitate. Sub tensiune, lama se \u00eendoaie, dar nu se rupe.<\/p>\n<p>M\u00e2nerul este aproape drept, rotunjit \u00een sec\u021biune transversal\u0103 \u0219i este confortabil de prins cu orice priz\u0103. O tr\u0103s\u0103tur\u0103 caracteristic\u0103 este materialul de fabrica\u021bie. M\u00e2nerul este fabricat din lemn de plut\u0103, un material u\u0219or, puternic, elastic \u0219i rezistent, care nu se scufund\u0103 \u00een ap\u0103. Montarea m\u00e2nerului este de tip &#171;through-and-through&#187;.<\/p>\n<p>Cu\u021bitul este echipat cu o teac\u0103 ad\u00e2nc\u0103 din piele de tip scandinav, care este ata\u0219at\u0103 convenabil la curea.<\/p>\n<h3>Caracteristici<\/h3>\n<ul>\n<li>Tip de cu\u021bit: nepliabil<\/li>\n<li>Tip de t\u0103i\u0219: regulat<\/li>\n<li>Lungime total\u0103: 25,3 cm<\/li>\n<li>Lungimea lamei: 12,4 cm<\/li>\n<li>Material m\u00e2ner: lemn de plut\u0103<\/li>\n<li>Calitatea o\u021belului: Sandvik 12C27<\/li>\n<li>Greutate: 51 g.<\/li>\n<\/ul>\n<p><\/p>","protected":false},"excerpt":{"rendered":"<p>Cu\u021bit Helle Hellefisk<\/p>","protected":false},"featured_media":46316,"comment_status":"open","ping_status":"closed","template":"","meta":{"_acf_changed":false,"inline_featured_image":false},"product_brand":[1396],"product_cat":[169],"product_tag":[],"class_list":{"0":"post-37088","1":"product","2":"type-product","3":"status-publish","4":"has-post-thumbnail","6":"product_brand-helle","7":"product_cat-knives","9":"first","10":"instock","11":"shipping-taxable","12":"purchasable","13":"product-type-simple"},"acf":[],"yoast_head":"<!-- This site is optimized with the Yoast SEO plugin v27.4 - https:\/\/yoast.com\/product\/yoast-seo-wordpress\/ -->\n<title>\u041d\u043e\u0436 Helle Hellefisk - \u041c\u0430\u0433\u0430\u0437\u0438\u043d Xstyle<\/title>\n<meta name=\"description\" content=\"\u041a\u0443\u043f\u0438\u0442\u0435 \u043d\u043e\u0436 Helle Hellefisk \u0434\u043b\u044f \u0440\u044b\u0431\u0430\u043b\u043a\u0438: \u043b\u0435\u0437\u0432\u0438\u0435 124 \u043c\u043c \u0438\u0437 \u0441\u0442\u0430\u043b\u0438 Sandvik 12C27, \u0443\u0434\u043e\u0431\u043d\u0430\u044f \u0440\u0443\u043a\u043e\u044f\u0442\u043a\u0430, \u043d\u0435 \u0442\u043e\u043d\u0435\u0442 \u0432 \u0432\u043e\u0434\u0435. \u0418\u0434\u0435\u0430\u043b\u0435\u043d \u0434\u043b\u044f \u0440\u044b\u0431\u0430\u043a\u043e\u0432!\" \/>\n<meta name=\"robots\" content=\"noindex, follow, max-snippet:-1, max-image-preview:large, max-video-preview:-1\" \/>\n<meta property=\"og:locale\" content=\"ro_RO\" \/>\n<meta property=\"og:type\" content=\"article\" \/>\n<meta property=\"og:title\" content=\"\u041d\u043e\u0436 Helle Hellefisk - \u041c\u0430\u0433\u0430\u0437\u0438\u043d Xstyle\" \/>\n<meta property=\"og:description\" content=\"\u041a\u0443\u043f\u0438\u0442\u0435 \u043d\u043e\u0436 Helle Hellefisk \u0434\u043b\u044f \u0440\u044b\u0431\u0430\u043b\u043a\u0438: \u043b\u0435\u0437\u0432\u0438\u0435 124 \u043c\u043c \u0438\u0437 \u0441\u0442\u0430\u043b\u0438 Sandvik 12C27, \u0443\u0434\u043e\u0431\u043d\u0430\u044f \u0440\u0443\u043a\u043e\u044f\u0442\u043a\u0430, \u043d\u0435 \u0442\u043e\u043d\u0435\u0442 \u0432 \u0432\u043e\u0434\u0435. \u0418\u0434\u0435\u0430\u043b\u0435\u043d \u0434\u043b\u044f \u0440\u044b\u0431\u0430\u043a\u043e\u0432!\" \/>\n<meta property=\"og:url\" content=\"https:\/\/dev.xstyle.md\/ro\/produs\/nozh-helle-hellefisk\/\" \/>\n<meta property=\"og:site_name\" content=\"\u041c\u0430\u0433\u0430\u0437\u0438\u043d Xstyle\" \/>\n<meta property=\"article:publisher\" content=\"https:\/\/www.facebook.com\/xstylemd\" \/>\n<meta property=\"article:modified_time\" content=\"2025-10-24T09:41:02+00:00\" \/>\n<meta property=\"og:image\" content=\"https:\/\/dev.xstyle.md\/wp-content\/uploads\/2021\/07\/helle-hellefisk-0-rotated.jpg\" \/>\n\t<meta property=\"og:image:width\" content=\"700\" \/>\n\t<meta property=\"og:image:height\" content=\"700\" \/>\n\t<meta property=\"og:image:type\" content=\"image\/jpeg\" \/>\n<meta name=\"twitter:card\" content=\"summary_large_image\" \/>\n<meta name=\"twitter:label1\" content=\"Pre\u021b\" \/>\n\t<meta name=\"twitter:data1\" content=\"1.950,00&nbsp;MDL\" \/>\n\t<meta name=\"twitter:label2\" content=\"Disponibilitate\" \/>\n\t<meta name=\"twitter:data2\" content=\"\u00cen stoc\" \/>\n<script type=\"application\/ld+json\" class=\"yoast-schema-graph\">{\"@context\":\"https:\\\/\\\/schema.org\",\"@graph\":[{\"@type\":\"WebPage\",\"@id\":\"https:\\\/\\\/dev.xstyle.md\\\/product\\\/nozh-helle-hellefisk\\\/\",\"url\":\"https:\\\/\\\/dev.xstyle.md\\\/product\\\/nozh-helle-hellefisk\\\/\",\"name\":\"\u041d\u043e\u0436 Helle Hellefisk - \u041c\u0430\u0433\u0430\u0437\u0438\u043d Xstyle\",\"isPartOf\":{\"@id\":\"https:\\\/\\\/dev.xstyle.md\\\/#website\"},\"primaryImageOfPage\":{\"@id\":\"https:\\\/\\\/dev.xstyle.md\\\/product\\\/nozh-helle-hellefisk\\\/#primaryimage\"},\"image\":{\"@id\":\"https:\\\/\\\/dev.xstyle.md\\\/product\\\/nozh-helle-hellefisk\\\/#primaryimage\"},\"thumbnailUrl\":\"https:\\\/\\\/dev.xstyle.md\\\/wp-content\\\/uploads\\\/2021\\\/07\\\/helle-hellefisk-0-rotated.jpg\",\"datePublished\":\"2021-07-14T11:04:33+00:00\",\"dateModified\":\"2025-10-24T09:41:02+00:00\",\"description\":\"\u041a\u0443\u043f\u0438\u0442\u0435 \u043d\u043e\u0436 Helle Hellefisk \u0434\u043b\u044f \u0440\u044b\u0431\u0430\u043b\u043a\u0438: \u043b\u0435\u0437\u0432\u0438\u0435 124 \u043c\u043c \u0438\u0437 \u0441\u0442\u0430\u043b\u0438 Sandvik 12C27, \u0443\u0434\u043e\u0431\u043d\u0430\u044f \u0440\u0443\u043a\u043e\u044f\u0442\u043a\u0430, \u043d\u0435 \u0442\u043e\u043d\u0435\u0442 \u0432 \u0432\u043e\u0434\u0435. \u0418\u0434\u0435\u0430\u043b\u0435\u043d \u0434\u043b\u044f \u0440\u044b\u0431\u0430\u043a\u043e\u0432!\",\"breadcrumb\":{\"@id\":\"https:\\\/\\\/dev.xstyle.md\\\/product\\\/nozh-helle-hellefisk\\\/#breadcrumb\"},\"inLanguage\":\"ro-RO\",\"potentialAction\":[{\"@type\":\"ReadAction\",\"target\":[\"https:\\\/\\\/dev.xstyle.md\\\/product\\\/nozh-helle-hellefisk\\\/\"]}]},{\"@type\":\"ImageObject\",\"inLanguage\":\"ro-RO\",\"@id\":\"https:\\\/\\\/dev.xstyle.md\\\/product\\\/nozh-helle-hellefisk\\\/#primaryimage\",\"url\":\"https:\\\/\\\/dev.xstyle.md\\\/wp-content\\\/uploads\\\/2021\\\/07\\\/helle-hellefisk-0-rotated.jpg\",\"contentUrl\":\"https:\\\/\\\/dev.xstyle.md\\\/wp-content\\\/uploads\\\/2021\\\/07\\\/helle-hellefisk-0-rotated.jpg\",\"width\":700,\"height\":700,\"caption\":\"\u041d\u043e\u0436 Helle Hellefisk \u0434\u043b\u044f \u0430\u043a\u0442\u0438\u0432\u043d\u043e\u0433\u043e \u043e\u0442\u0434\u044b\u0445\u0430 \u0438 \u043f\u0443\u0442\u0435\u0448\u0435\u0441\u0442\u0432\u0438\u0439, \u043f\u043e\u0445\u043e\u0434\u043d\u043e\u0439 \u044d\u043a\u0438\u043f\u0438\u0440\u043e\u0432\u043a\u0438, \u043a\u0435\u043c\u043f\u0438\u043d\u0433\u0430 \u0438 \u0430\u043b\u044c\u043f\u0438\u043d\u0438\u0437\u043c\u0430, \u043e\u0434\u0435\u0436\u0434\u0430 \u0438 \u043e\u0431\u0443\u0432\u044c \u0434\u043b\u044f \u0430\u043a\u0442\u0438\u0432\u043d\u044b\u0445 \u043f\u0443\u0442\u0435\u0448\u0435\u0441\u0442\u0432\u0435\u043d\u043d\u0438\u043a\u043e\u0432\"},{\"@type\":\"BreadcrumbList\",\"@id\":\"https:\\\/\\\/dev.xstyle.md\\\/product\\\/nozh-helle-hellefisk\\\/#breadcrumb\",\"itemListElement\":[{\"@type\":\"ListItem\",\"position\":1,\"name\":\"\u0413\u043b\u0430\u0432\u043d\u0430\u044f \u0441\u0442\u0440\u0430\u043d\u0438\u0446\u0430\",\"item\":\"https:\\\/\\\/dev.xstyle.md\\\/\"},{\"@type\":\"ListItem\",\"position\":2,\"name\":\"Shop\",\"item\":\"https:\\\/\\\/dev.xstyle.md\\\/shop\\\/\"},{\"@type\":\"ListItem\",\"position\":3,\"name\":\"\u041d\u043e\u0436 Helle Hellefisk\"}]},{\"@type\":\"WebSite\",\"@id\":\"https:\\\/\\\/dev.xstyle.md\\\/#website\",\"url\":\"https:\\\/\\\/dev.xstyle.md\\\/\",\"name\":\"\u041c\u0430\u0433\u0430\u0437\u0438\u043d Xstyle\",\"description\":\"C\u043d\u0430\u0440\u044f\u0436\u0435\u043d\u0438\u0435 \u0434\u043b\u044f \u0442\u0443\u0440\u0438\u0437\u043c\u0430 \u0438 \u044d\u043a\u0441\u0442\u0440\u0435\u043c\u0430\u043b\u044c\u043d\u044b\u0445 \u0432\u0438\u0434\u043e\u0432 \u0441\u043f\u043e\u0440\u0442\u0430 \u0432 \u041c\u043e\u043b\u0434\u043e\u0432\u0435.. \u0426\u0435\u043d\u044b, \u0444\u043e\u0442\u043e, \u0445\u0430\u0440\u0430\u043a\u0442\u0435\u0440\u0438\u0441\u0442\u0438\u043a\u0438 \u0432 \u041c\u043e\u043b\u0434\u043e\u0432\u0435.\",\"publisher\":{\"@id\":\"https:\\\/\\\/dev.xstyle.md\\\/#organization\"},\"alternateName\":\"X-Style\",\"potentialAction\":[{\"@type\":\"SearchAction\",\"target\":{\"@type\":\"EntryPoint\",\"urlTemplate\":\"https:\\\/\\\/dev.xstyle.md\\\/?s={search_term_string}\"},\"query-input\":{\"@type\":\"PropertyValueSpecification\",\"valueRequired\":true,\"valueName\":\"search_term_string\"}}],\"inLanguage\":\"ro-RO\"},{\"@type\":\"Organization\",\"@id\":\"https:\\\/\\\/dev.xstyle.md\\\/#organization\",\"name\":\"\u041c\u0430\u0433\u0430\u0437\u0438\u043d Xstyle\",\"alternateName\":\"x-style\",\"url\":\"https:\\\/\\\/dev.xstyle.md\\\/\",\"logo\":{\"@type\":\"ImageObject\",\"inLanguage\":\"ro-RO\",\"@id\":\"https:\\\/\\\/dev.xstyle.md\\\/#\\\/schema\\\/logo\\\/image\\\/\",\"url\":\"https:\\\/\\\/dev.xstyle.md\\\/wp-content\\\/uploads\\\/2020\\\/06\\\/logoicon.svg\",\"contentUrl\":\"https:\\\/\\\/dev.xstyle.md\\\/wp-content\\\/uploads\\\/2020\\\/06\\\/logoicon.svg\",\"caption\":\"\u041c\u0430\u0433\u0430\u0437\u0438\u043d Xstyle\"},\"image\":{\"@id\":\"https:\\\/\\\/dev.xstyle.md\\\/#\\\/schema\\\/logo\\\/image\\\/\"},\"sameAs\":[\"https:\\\/\\\/www.facebook.com\\\/xstylemd\",\"https:\\\/\\\/www.instagram.com\\\/xstyle_md\\\/\",\"https:\\\/\\\/t.me\\\/xstyle_outdoor\"],\"hasMerchantReturnPolicy\":{\"@type\":\"MerchantReturnPolicy\",\"merchantReturnLink\":\"https:\\\/\\\/dev.xstyle.md\\\/ro\\\/conditions\\\/\"}}]}<\/script>\n<meta property=\"product:price:amount\" content=\"1950.00\" \/>\n<meta property=\"product:price:currency\" content=\"MDL\" \/>\n<meta property=\"og:availability\" content=\"instock\" \/>\n<meta property=\"product:availability\" content=\"instock\" \/>\n<meta property=\"product:retailer_item_id\" content=\"7023890080559\" \/>\n<meta property=\"product:condition\" content=\"new\" \/>\n<!-- \/ Yoast SEO plugin. -->","yoast_head_json":{"title":"Cu\u021bit Helle Hellefisk - Magazin Xstyle","description":"Cump\u0103ra\u021bi cu\u021bitul Helle Hellefisk pentru pescuit: lam\u0103 de 124 mm din o\u021bel Sandvik 12C27, m\u00e2nere confortabile, nu se scufund\u0103 \u00een ap\u0103. Ideal pentru pescari!","robots":{"index":"noindex","follow":"follow","max-snippet":"max-snippet:-1","max-image-preview":"max-image-preview:large","max-video-preview":"max-video-preview:-1"},"og_locale":"ro_RO","og_type":"article","og_title":"\u041d\u043e\u0436 Helle Hellefisk - \u041c\u0430\u0433\u0430\u0437\u0438\u043d Xstyle","og_description":"\u041a\u0443\u043f\u0438\u0442\u0435 \u043d\u043e\u0436 Helle Hellefisk \u0434\u043b\u044f \u0440\u044b\u0431\u0430\u043b\u043a\u0438: \u043b\u0435\u0437\u0432\u0438\u0435 124 \u043c\u043c \u0438\u0437 \u0441\u0442\u0430\u043b\u0438 Sandvik 12C27, \u0443\u0434\u043e\u0431\u043d\u0430\u044f \u0440\u0443\u043a\u043e\u044f\u0442\u043a\u0430, \u043d\u0435 \u0442\u043e\u043d\u0435\u0442 \u0432 \u0432\u043e\u0434\u0435. \u0418\u0434\u0435\u0430\u043b\u0435\u043d \u0434\u043b\u044f \u0440\u044b\u0431\u0430\u043a\u043e\u0432!","og_url":"https:\/\/dev.xstyle.md\/ro\/produs\/nozh-helle-hellefisk\/","og_site_name":"\u041c\u0430\u0433\u0430\u0437\u0438\u043d Xstyle","article_publisher":"https:\/\/www.facebook.com\/xstylemd","article_modified_time":"2025-10-24T09:41:02+00:00","og_image":[{"width":700,"height":700,"url":"https:\/\/dev.xstyle.md\/wp-content\/uploads\/2021\/07\/helle-hellefisk-0-rotated.jpg","type":"image\/jpeg"}],"twitter_card":"summary_large_image","twitter_misc":{"Pre\u021b":"1.950,00&nbsp;MDL","Disponibilitate":"\u00cen stoc"},"schema":{"@context":"https:\/\/schema.org","@graph":[{"@type":"WebPage","@id":"https:\/\/dev.xstyle.md\/product\/nozh-helle-hellefisk\/","url":"https:\/\/dev.xstyle.md\/product\/nozh-helle-hellefisk\/","name":"Cu\u021bit Helle Hellefisk - Magazin Xstyle","isPartOf":{"@id":"https:\/\/dev.xstyle.md\/#website"},"primaryImageOfPage":{"@id":"https:\/\/dev.xstyle.md\/product\/nozh-helle-hellefisk\/#primaryimage"},"image":{"@id":"https:\/\/dev.xstyle.md\/product\/nozh-helle-hellefisk\/#primaryimage"},"thumbnailUrl":"https:\/\/dev.xstyle.md\/wp-content\/uploads\/2021\/07\/helle-hellefisk-0-rotated.jpg","datePublished":"2021-07-14T11:04:33+00:00","dateModified":"2025-10-24T09:41:02+00:00","description":"Cump\u0103ra\u021bi cu\u021bitul Helle Hellefisk pentru pescuit: lam\u0103 de 124 mm din o\u021bel Sandvik 12C27, m\u00e2nere confortabile, nu se scufund\u0103 \u00een ap\u0103. Ideal pentru pescari!","breadcrumb":{"@id":"https:\/\/dev.xstyle.md\/product\/nozh-helle-hellefisk\/#breadcrumb"},"inLanguage":"ro-RO","potentialAction":[{"@type":"ReadAction","target":["https:\/\/dev.xstyle.md\/product\/nozh-helle-hellefisk\/"]}]},{"@type":"ImageObject","inLanguage":"ro-RO","@id":"https:\/\/dev.xstyle.md\/product\/nozh-helle-hellefisk\/#primaryimage","url":"https:\/\/dev.xstyle.md\/wp-content\/uploads\/2021\/07\/helle-hellefisk-0-rotated.jpg","contentUrl":"https:\/\/dev.xstyle.md\/wp-content\/uploads\/2021\/07\/helle-hellefisk-0-rotated.jpg","width":700,"height":700,"caption":"\u041d\u043e\u0436 Helle Hellefisk \u0434\u043b\u044f \u0430\u043a\u0442\u0438\u0432\u043d\u043e\u0433\u043e \u043e\u0442\u0434\u044b\u0445\u0430 \u0438 \u043f\u0443\u0442\u0435\u0448\u0435\u0441\u0442\u0432\u0438\u0439, \u043f\u043e\u0445\u043e\u0434\u043d\u043e\u0439 \u044d\u043a\u0438\u043f\u0438\u0440\u043e\u0432\u043a\u0438, \u043a\u0435\u043c\u043f\u0438\u043d\u0433\u0430 \u0438 \u0430\u043b\u044c\u043f\u0438\u043d\u0438\u0437\u043c\u0430, \u043e\u0434\u0435\u0436\u0434\u0430 \u0438 \u043e\u0431\u0443\u0432\u044c \u0434\u043b\u044f \u0430\u043a\u0442\u0438\u0432\u043d\u044b\u0445 \u043f\u0443\u0442\u0435\u0448\u0435\u0441\u0442\u0432\u0435\u043d\u043d\u0438\u043a\u043e\u0432"},{"@type":"BreadcrumbList","@id":"https:\/\/dev.xstyle.md\/product\/nozh-helle-hellefisk\/#breadcrumb","itemListElement":[{"@type":"ListItem","position":1,"name":"\u0413\u043b\u0430\u0432\u043d\u0430\u044f \u0441\u0442\u0440\u0430\u043d\u0438\u0446\u0430","item":"https:\/\/dev.xstyle.md\/"},{"@type":"ListItem","position":2,"name":"Shop","item":"https:\/\/dev.xstyle.md\/shop\/"},{"@type":"ListItem","position":3,"name":"\u041d\u043e\u0436 Helle Hellefisk"}]},{"@type":"WebSite","@id":"https:\/\/dev.xstyle.md\/#website","url":"https:\/\/dev.xstyle.md\/","name":"Magazinul X-Style","description":"Echipamente pentru turism \u0219i sporturi extreme \u00een Moldova. Pre\u021buri, fotografii, caracteristici \u00een Moldova.","publisher":{"@id":"https:\/\/dev.xstyle.md\/#organization"},"alternateName":"X-Style","potentialAction":[{"@type":"SearchAction","target":{"@type":"EntryPoint","urlTemplate":"https:\/\/dev.xstyle.md\/?s={search_term_string}"},"query-input":{"@type":"PropertyValueSpecification","valueRequired":true,"valueName":"search_term_string"}}],"inLanguage":"ro-RO"},{"@type":"Organization","@id":"https:\/\/dev.xstyle.md\/#organization","name":"Magazinul X-Style","alternateName":"x-style","url":"https:\/\/dev.xstyle.md\/","logo":{"@type":"ImageObject","inLanguage":"ro-RO","@id":"https:\/\/dev.xstyle.md\/#\/schema\/logo\/image\/","url":"https:\/\/dev.xstyle.md\/wp-content\/uploads\/2020\/06\/logoicon.svg","contentUrl":"https:\/\/dev.xstyle.md\/wp-content\/uploads\/2020\/06\/logoicon.svg","caption":"\u041c\u0430\u0433\u0430\u0437\u0438\u043d Xstyle"},"image":{"@id":"https:\/\/dev.xstyle.md\/#\/schema\/logo\/image\/"},"sameAs":["https:\/\/www.facebook.com\/xstylemd","https:\/\/www.instagram.com\/xstyle_md\/","https:\/\/t.me\/xstyle_outdoor"],"hasMerchantReturnPolicy":{"@type":"MerchantReturnPolicy","merchantReturnLink":"https:\/\/dev.xstyle.md\/ro\/conditions\/"}}]},"product_price_amount":"1950.00","product_price_currency":"MDL","og_availability":"instock","product_availability":"instock","product_retailer_item_id":"7023890080559","product_condition":"new"},"post_mailing_queue_ids":[],"_links":{"self":[{"href":"https:\/\/dev.xstyle.md\/ro\/wp-json\/wp\/v2\/product\/37088","targetHints":{"allow":["GET"]}}],"collection":[{"href":"https:\/\/dev.xstyle.md\/ro\/wp-json\/wp\/v2\/product"}],"about":[{"href":"https:\/\/dev.xstyle.md\/ro\/wp-json\/wp\/v2\/types\/product"}],"replies":[{"embeddable":true,"href":"https:\/\/dev.xstyle.md\/ro\/wp-json\/wp\/v2\/comments?post=37088"}],"version-history":[{"count":0,"href":"https:\/\/dev.xstyle.md\/ro\/wp-json\/wp\/v2\/product\/37088\/revisions"}],"wp:featuredmedia":[{"embeddable":true,"href":"https:\/\/dev.xstyle.md\/ro\/wp-json\/wp\/v2\/media\/46316"}],"wp:attachment":[{"href":"https:\/\/dev.xstyle.md\/ro\/wp-json\/wp\/v2\/media?parent=37088"}],"wp:term":[{"taxonomy":"product_brand","embeddable":true,"href":"https:\/\/dev.xstyle.md\/ro\/wp-json\/wp\/v2\/product_brand?post=37088"},{"taxonomy":"product_cat","embeddable":true,"href":"https:\/\/dev.xstyle.md\/ro\/wp-json\/wp\/v2\/product_cat?post=37088"},{"taxonomy":"product_tag","embeddable":true,"href":"https:\/\/dev.xstyle.md\/ro\/wp-json\/wp\/v2\/product_tag?post=37088"}],"curies":[{"name":"wp","href":"https:\/\/api.w.org\/{rel}","templated":true}]}}