{"id":36219,"date":"2021-06-23T13:49:11","date_gmt":"2021-06-23T10:49:11","guid":{"rendered":"https:\/\/xstyle.md\/?post_type=product&#038;p=36219"},"modified":"2024-10-20T00:16:14","modified_gmt":"2024-10-19T21:16:14","slug":"outdoor-research-arqon-l-s-tee-wmn-atoll","status":"publish","type":"product","link":"https:\/\/dev.xstyle.md\/ro\/produs\/outdoor-research-arqon-l-s-tee-wmn-atoll\/","title":{"rendered":"Tricou Outdoor Research Arqon L\/S Tee Wmn atoll"},"content":{"rendered":"<\/p>\n<p><strong>Outdoor Research Arqon L\/S Tee<\/strong> \u2013 tricoul cu m\u00e2nec\u0103 lung\u0103 pentru femei este ideal pentru a fi purtat ca un al doilea strat sau ca atare. Protec\u021bia UV UPF 30 \u00eempiedic\u0103 razele UV d\u0103un\u0103toare s\u0103 ajung\u0103 la piele, \u00een timp ce controlul mirosului ActiveFresh\u2122 previne apari\u021bia mirosurilor chiar \u0219i dup\u0103 zile de utilizare.<\/p>\n<h3>Particularit\u0103\u021bi<\/h3>\n<ul>\n<li>Material durabil<\/li>\n<li>Respirabilitate mare, uscare rapid\u0103<\/li>\n<li>M\u00e2neci raglan<\/li>\n<li>Cus\u0103turi plate pentru a evita iritarea pielii<\/li>\n<li>Elemente reflectorizante pentru vizibilitate \u00een \u00eentuneric<\/li>\n<li>Fabricat din materiale reciclate.<\/li>\n<\/ul>\n<h3>Caracteristici<\/h3>\n<ul>\n<li>Material &#8212; 83% poliester reciclat\/ 11% poliester\/ 6% spandex<\/li>\n<li>Sezonul - toate anotimpurile<\/li>\n<li>Aplicare &#8212; sporturi active\/turism<\/li>\n<li>Model &#8212; feminin.<\/li>\n<\/ul>\n<h3>Marca<\/h3>\n<p>Outdoor Research\u00ae \u2013 o companie fondat\u0103 de alpinistul Ron Gregg \u00een anii &#8217;80 \u00een SUA, ca urmare a dorin\u021bei de a produce echipament de cea mai \u00eenalt\u0103 calitate, care s\u0103 nu v\u0103 dezam\u0103geasc\u0103 \u00een nicio circumstan\u021b\u0103. Outdoor Research\u00ae ofer\u0103 o gam\u0103 larg\u0103 de produse pentru sporturi extreme, activit\u0103\u021bi \u00een aer liber \u0219i turism. \u00cembr\u0103c\u0103minte, rucsacuri \u0219i gen\u021bi, \u0219alupe, pungi de compresie \u0219i de etan\u0219are, sisteme de depozitare \u0219i multe altele &#8212; totul pentru a v\u0103 sim\u021bi confortabil \u00een toate climatele departe de cas\u0103.<\/p>\n<p><\/p>","protected":false},"excerpt":{"rendered":"<p>Tricou Outdoor Research Arqon L\/S Tee Wmn atoll<\/p>","protected":false},"featured_media":36790,"comment_status":"open","ping_status":"closed","template":"","meta":{"_acf_changed":false,"inline_featured_image":false},"product_brand":[1328],"product_cat":[893],"product_tag":[],"class_list":{"0":"post-36219","1":"product","2":"type-product","3":"status-publish","4":"has-post-thumbnail","6":"product_brand-outdoor-research","7":"product_cat-long-sleeve-women","9":"first","10":"instock","11":"sale","12":"shipping-taxable","13":"purchasable","14":"product-type-simple"},"acf":[],"yoast_head":"<!-- This site is optimized with the Yoast SEO plugin v27.5 - https:\/\/yoast.com\/product\/yoast-seo-wordpress\/ -->\n<title>\u0424\u0443\u0442\u0431\u043e\u043b\u043a\u0430 Outdoor Research Arqon L\/S Tee Wmn atoll - \u041c\u0430\u0433\u0430\u0437\u0438\u043d Xstyle<\/title>\n<meta name=\"description\" content=\"\u0424\u0443\u0442\u0431\u043e\u043b\u043a\u0430 Outdoor Research Arqon L\/S Tee Wmn atoll \u2014 \u043b\u0435\u0433\u043a\u0430\u044f, \u0441 \u0437\u0430\u0449\u0438\u0442\u043e\u0439 UPF 30 \u0438 \u043a\u043e\u043d\u0442\u0440\u043e\u043b\u0435\u043c \u0437\u0430\u043f\u0430\u0445\u0430 ActiveFresh. \u0418\u0434\u0435\u0430\u043b\u044c\u043d\u044b\u0439 \u0432\u044b\u0431\u043e\u0440 \u0434\u043b\u044f \u0430\u043a\u0442\u0438\u0432\u043d\u043e\u0433\u043e \u043e\u0442\u0434\u044b\u0445\u0430!\" \/>\n<meta name=\"robots\" content=\"noindex, follow, max-snippet:-1, max-image-preview:large, max-video-preview:-1\" \/>\n<meta property=\"og:locale\" content=\"ro_RO\" \/>\n<meta property=\"og:type\" content=\"article\" \/>\n<meta property=\"og:title\" content=\"\u0424\u0443\u0442\u0431\u043e\u043b\u043a\u0430 Outdoor Research Arqon L\/S Tee Wmn atoll - \u041c\u0430\u0433\u0430\u0437\u0438\u043d Xstyle\" \/>\n<meta property=\"og:description\" content=\"\u0424\u0443\u0442\u0431\u043e\u043b\u043a\u0430 Outdoor Research Arqon L\/S Tee Wmn atoll \u2014 \u043b\u0435\u0433\u043a\u0430\u044f, \u0441 \u0437\u0430\u0449\u0438\u0442\u043e\u0439 UPF 30 \u0438 \u043a\u043e\u043d\u0442\u0440\u043e\u043b\u0435\u043c \u0437\u0430\u043f\u0430\u0445\u0430 ActiveFresh. \u0418\u0434\u0435\u0430\u043b\u044c\u043d\u044b\u0439 \u0432\u044b\u0431\u043e\u0440 \u0434\u043b\u044f \u0430\u043a\u0442\u0438\u0432\u043d\u043e\u0433\u043e \u043e\u0442\u0434\u044b\u0445\u0430!\" \/>\n<meta property=\"og:url\" content=\"https:\/\/dev.xstyle.md\/ro\/produs\/outdoor-research-arqon-l-s-tee-wmn-atoll\/\" \/>\n<meta property=\"og:site_name\" content=\"\u041c\u0430\u0433\u0430\u0437\u0438\u043d Xstyle\" \/>\n<meta property=\"article:publisher\" content=\"https:\/\/www.facebook.com\/xstylemd\" \/>\n<meta property=\"article:modified_time\" content=\"2024-10-19T21:16:14+00:00\" \/>\n<meta property=\"og:image\" content=\"https:\/\/dev.xstyle.md\/wp-content\/uploads\/2021\/06\/outdoor-research-arqon-ls-tee-wmn-atoll.png\" \/>\n\t<meta property=\"og:image:width\" content=\"579\" \/>\n\t<meta property=\"og:image:height\" content=\"542\" \/>\n\t<meta property=\"og:image:type\" content=\"image\/png\" \/>\n<meta name=\"twitter:card\" content=\"summary_large_image\" \/>\n<meta name=\"twitter:label1\" content=\"Pre\u021b\" \/>\n\t<meta name=\"twitter:data1\" content=\"798,00&nbsp;MDL\" \/>\n\t<meta name=\"twitter:label2\" content=\"Disponibilitate\" \/>\n\t<meta name=\"twitter:data2\" content=\"\u00cen stoc\" \/>\n<script type=\"application\/ld+json\" class=\"yoast-schema-graph\">{\"@context\":\"https:\\\/\\\/schema.org\",\"@graph\":[{\"@type\":\"WebPage\",\"@id\":\"https:\\\/\\\/dev.xstyle.md\\\/product\\\/outdoor-research-arqon-l-s-tee-wmn-atoll\\\/\",\"url\":\"https:\\\/\\\/dev.xstyle.md\\\/product\\\/outdoor-research-arqon-l-s-tee-wmn-atoll\\\/\",\"name\":\"\u0424\u0443\u0442\u0431\u043e\u043b\u043a\u0430 Outdoor Research Arqon L\\\/S Tee Wmn atoll - \u041c\u0430\u0433\u0430\u0437\u0438\u043d Xstyle\",\"isPartOf\":{\"@id\":\"https:\\\/\\\/dev.xstyle.md\\\/#website\"},\"primaryImageOfPage\":{\"@id\":\"https:\\\/\\\/dev.xstyle.md\\\/product\\\/outdoor-research-arqon-l-s-tee-wmn-atoll\\\/#primaryimage\"},\"image\":{\"@id\":\"https:\\\/\\\/dev.xstyle.md\\\/product\\\/outdoor-research-arqon-l-s-tee-wmn-atoll\\\/#primaryimage\"},\"thumbnailUrl\":\"https:\\\/\\\/dev.xstyle.md\\\/wp-content\\\/uploads\\\/2021\\\/06\\\/outdoor-research-arqon-ls-tee-wmn-atoll.png\",\"datePublished\":\"2021-06-23T10:49:11+00:00\",\"dateModified\":\"2024-10-19T21:16:14+00:00\",\"description\":\"\u0424\u0443\u0442\u0431\u043e\u043b\u043a\u0430 Outdoor Research Arqon L\\\/S Tee Wmn atoll \u2014 \u043b\u0435\u0433\u043a\u0430\u044f, \u0441 \u0437\u0430\u0449\u0438\u0442\u043e\u0439 UPF 30 \u0438 \u043a\u043e\u043d\u0442\u0440\u043e\u043b\u0435\u043c \u0437\u0430\u043f\u0430\u0445\u0430 ActiveFresh. \u0418\u0434\u0435\u0430\u043b\u044c\u043d\u044b\u0439 \u0432\u044b\u0431\u043e\u0440 \u0434\u043b\u044f \u0430\u043a\u0442\u0438\u0432\u043d\u043e\u0433\u043e \u043e\u0442\u0434\u044b\u0445\u0430!\",\"breadcrumb\":{\"@id\":\"https:\\\/\\\/dev.xstyle.md\\\/product\\\/outdoor-research-arqon-l-s-tee-wmn-atoll\\\/#breadcrumb\"},\"inLanguage\":\"ro-RO\",\"potentialAction\":[{\"@type\":\"ReadAction\",\"target\":[\"https:\\\/\\\/dev.xstyle.md\\\/product\\\/outdoor-research-arqon-l-s-tee-wmn-atoll\\\/\"]}]},{\"@type\":\"ImageObject\",\"inLanguage\":\"ro-RO\",\"@id\":\"https:\\\/\\\/dev.xstyle.md\\\/product\\\/outdoor-research-arqon-l-s-tee-wmn-atoll\\\/#primaryimage\",\"url\":\"https:\\\/\\\/dev.xstyle.md\\\/wp-content\\\/uploads\\\/2021\\\/06\\\/outdoor-research-arqon-ls-tee-wmn-atoll.png\",\"contentUrl\":\"https:\\\/\\\/dev.xstyle.md\\\/wp-content\\\/uploads\\\/2021\\\/06\\\/outdoor-research-arqon-ls-tee-wmn-atoll.png\",\"width\":579,\"height\":542,\"caption\":\"\u0416\u0435\u043d\u0441\u043a\u0430\u044f \u0441\u043f\u043e\u0440\u0442\u0438\u0432\u043d\u0430\u044f \u0444\u0443\u0442\u0431\u043e\u043b\u043a\u0430 Outdoor Research Arqon L\\\/S Tee Wmn in \u0430\u0442\u043e\u043b\u043b\u044c \u0434\u043b\u044f \u0430\u043a\u0442\u0438\u0432\u043d\u043e\u0433\u043e \u043e\u0442\u0434\u044b\u0445\u0430, \u043f\u0440\u043e\u0433\u0443\u043b\u043e\u043a, \u043f\u043e\u0445\u043e\u0434\u043e\u0432 \u0438 \u043f\u0443\u0442\u0435\u0448\u0435\u0441\u0442\u0432\u0438\u0439, \u043e\u0431\u0443\u0432\u044c \u0438 \u044d\u043a\u0438\u043f\u0438\u0440\u043e\u0432\u043a\u0430 \u0434\u043b\u044f \u0430\u043a\u0442\u0438\u0432\u043d\u043e\u0439 \u0436\u0438\u0437\u043d\u0438\"},{\"@type\":\"BreadcrumbList\",\"@id\":\"https:\\\/\\\/dev.xstyle.md\\\/product\\\/outdoor-research-arqon-l-s-tee-wmn-atoll\\\/#breadcrumb\",\"itemListElement\":[{\"@type\":\"ListItem\",\"position\":1,\"name\":\"\u0413\u043b\u0430\u0432\u043d\u0430\u044f \u0441\u0442\u0440\u0430\u043d\u0438\u0446\u0430\",\"item\":\"https:\\\/\\\/dev.xstyle.md\\\/\"},{\"@type\":\"ListItem\",\"position\":2,\"name\":\"Shop\",\"item\":\"https:\\\/\\\/dev.xstyle.md\\\/shop\\\/\"},{\"@type\":\"ListItem\",\"position\":3,\"name\":\"\u0424\u0443\u0442\u0431\u043e\u043b\u043a\u0430 Outdoor Research Arqon L\\\/S Tee Wmn atoll\"}]},{\"@type\":\"WebSite\",\"@id\":\"https:\\\/\\\/dev.xstyle.md\\\/#website\",\"url\":\"https:\\\/\\\/dev.xstyle.md\\\/\",\"name\":\"\u041c\u0430\u0433\u0430\u0437\u0438\u043d Xstyle\",\"description\":\"C\u043d\u0430\u0440\u044f\u0436\u0435\u043d\u0438\u0435 \u0434\u043b\u044f \u0442\u0443\u0440\u0438\u0437\u043c\u0430 \u0438 \u044d\u043a\u0441\u0442\u0440\u0435\u043c\u0430\u043b\u044c\u043d\u044b\u0445 \u0432\u0438\u0434\u043e\u0432 \u0441\u043f\u043e\u0440\u0442\u0430 \u0432 \u041c\u043e\u043b\u0434\u043e\u0432\u0435.. \u0426\u0435\u043d\u044b, \u0444\u043e\u0442\u043e, \u0445\u0430\u0440\u0430\u043a\u0442\u0435\u0440\u0438\u0441\u0442\u0438\u043a\u0438 \u0432 \u041c\u043e\u043b\u0434\u043e\u0432\u0435.\",\"publisher\":{\"@id\":\"https:\\\/\\\/dev.xstyle.md\\\/#organization\"},\"alternateName\":\"X-Style\",\"potentialAction\":[{\"@type\":\"SearchAction\",\"target\":{\"@type\":\"EntryPoint\",\"urlTemplate\":\"https:\\\/\\\/dev.xstyle.md\\\/?s={search_term_string}\"},\"query-input\":{\"@type\":\"PropertyValueSpecification\",\"valueRequired\":true,\"valueName\":\"search_term_string\"}}],\"inLanguage\":\"ro-RO\"},{\"@type\":\"Organization\",\"@id\":\"https:\\\/\\\/dev.xstyle.md\\\/#organization\",\"name\":\"\u041c\u0430\u0433\u0430\u0437\u0438\u043d Xstyle\",\"alternateName\":\"x-style\",\"url\":\"https:\\\/\\\/dev.xstyle.md\\\/\",\"logo\":{\"@type\":\"ImageObject\",\"inLanguage\":\"ro-RO\",\"@id\":\"https:\\\/\\\/dev.xstyle.md\\\/#\\\/schema\\\/logo\\\/image\\\/\",\"url\":\"https:\\\/\\\/dev.xstyle.md\\\/wp-content\\\/uploads\\\/2020\\\/06\\\/logoicon.svg\",\"contentUrl\":\"https:\\\/\\\/dev.xstyle.md\\\/wp-content\\\/uploads\\\/2020\\\/06\\\/logoicon.svg\",\"caption\":\"\u041c\u0430\u0433\u0430\u0437\u0438\u043d Xstyle\"},\"image\":{\"@id\":\"https:\\\/\\\/dev.xstyle.md\\\/#\\\/schema\\\/logo\\\/image\\\/\"},\"sameAs\":[\"https:\\\/\\\/www.facebook.com\\\/xstylemd\",\"https:\\\/\\\/www.instagram.com\\\/xstyle_md\\\/\",\"https:\\\/\\\/t.me\\\/xstyle_outdoor\"],\"hasMerchantReturnPolicy\":{\"@type\":\"MerchantReturnPolicy\",\"merchantReturnLink\":\"https:\\\/\\\/dev.xstyle.md\\\/ro\\\/conditions\\\/\"}}]}<\/script>\n<meta property=\"product:price:amount\" content=\"798.00\" \/>\n<meta property=\"product:price:currency\" content=\"MDL\" \/>\n<meta property=\"og:availability\" content=\"instock\" \/>\n<meta property=\"product:availability\" content=\"instock\" \/>\n<meta property=\"product:retailer_item_id\" content=\"727602937816\" \/>\n<meta property=\"product:condition\" content=\"new\" \/>\n<!-- \/ Yoast SEO plugin. -->","yoast_head_json":{"title":"Tricou Outdoor Research Arqon L\/S Tee Wmn atoll - Magazin Xstyle","description":"Tricou Outdoor Research Arqon L\/S Tee Wmn atoll \u2014 u\u0219or, cu protec\u021bie UPF 30 \u0219i control al mirosului ActiveFresh. Alegerea perfect\u0103 pentru timpul liber activ!","robots":{"index":"noindex","follow":"follow","max-snippet":"max-snippet:-1","max-image-preview":"max-image-preview:large","max-video-preview":"max-video-preview:-1"},"og_locale":"ro_RO","og_type":"article","og_title":"\u0424\u0443\u0442\u0431\u043e\u043b\u043a\u0430 Outdoor Research Arqon L\/S Tee Wmn atoll - \u041c\u0430\u0433\u0430\u0437\u0438\u043d Xstyle","og_description":"\u0424\u0443\u0442\u0431\u043e\u043b\u043a\u0430 Outdoor Research Arqon L\/S Tee Wmn atoll \u2014 \u043b\u0435\u0433\u043a\u0430\u044f, \u0441 \u0437\u0430\u0449\u0438\u0442\u043e\u0439 UPF 30 \u0438 \u043a\u043e\u043d\u0442\u0440\u043e\u043b\u0435\u043c \u0437\u0430\u043f\u0430\u0445\u0430 ActiveFresh. \u0418\u0434\u0435\u0430\u043b\u044c\u043d\u044b\u0439 \u0432\u044b\u0431\u043e\u0440 \u0434\u043b\u044f \u0430\u043a\u0442\u0438\u0432\u043d\u043e\u0433\u043e \u043e\u0442\u0434\u044b\u0445\u0430!","og_url":"https:\/\/dev.xstyle.md\/ro\/produs\/outdoor-research-arqon-l-s-tee-wmn-atoll\/","og_site_name":"\u041c\u0430\u0433\u0430\u0437\u0438\u043d Xstyle","article_publisher":"https:\/\/www.facebook.com\/xstylemd","article_modified_time":"2024-10-19T21:16:14+00:00","og_image":[{"width":579,"height":542,"url":"https:\/\/dev.xstyle.md\/wp-content\/uploads\/2021\/06\/outdoor-research-arqon-ls-tee-wmn-atoll.png","type":"image\/png"}],"twitter_card":"summary_large_image","twitter_misc":{"Pre\u021b":"798,00&nbsp;MDL","Disponibilitate":"\u00cen stoc"},"schema":{"@context":"https:\/\/schema.org","@graph":[{"@type":"WebPage","@id":"https:\/\/dev.xstyle.md\/product\/outdoor-research-arqon-l-s-tee-wmn-atoll\/","url":"https:\/\/dev.xstyle.md\/product\/outdoor-research-arqon-l-s-tee-wmn-atoll\/","name":"Tricou Outdoor Research Arqon L\/S Tee Wmn atoll - Magazin Xstyle","isPartOf":{"@id":"https:\/\/dev.xstyle.md\/#website"},"primaryImageOfPage":{"@id":"https:\/\/dev.xstyle.md\/product\/outdoor-research-arqon-l-s-tee-wmn-atoll\/#primaryimage"},"image":{"@id":"https:\/\/dev.xstyle.md\/product\/outdoor-research-arqon-l-s-tee-wmn-atoll\/#primaryimage"},"thumbnailUrl":"https:\/\/dev.xstyle.md\/wp-content\/uploads\/2021\/06\/outdoor-research-arqon-ls-tee-wmn-atoll.png","datePublished":"2021-06-23T10:49:11+00:00","dateModified":"2024-10-19T21:16:14+00:00","description":"Tricou Outdoor Research Arqon L\/S Tee Wmn atoll \u2014 u\u0219or, cu protec\u021bie UPF 30 \u0219i control al mirosului ActiveFresh. Alegerea perfect\u0103 pentru timpul liber activ!","breadcrumb":{"@id":"https:\/\/dev.xstyle.md\/product\/outdoor-research-arqon-l-s-tee-wmn-atoll\/#breadcrumb"},"inLanguage":"ro-RO","potentialAction":[{"@type":"ReadAction","target":["https:\/\/dev.xstyle.md\/product\/outdoor-research-arqon-l-s-tee-wmn-atoll\/"]}]},{"@type":"ImageObject","inLanguage":"ro-RO","@id":"https:\/\/dev.xstyle.md\/product\/outdoor-research-arqon-l-s-tee-wmn-atoll\/#primaryimage","url":"https:\/\/dev.xstyle.md\/wp-content\/uploads\/2021\/06\/outdoor-research-arqon-ls-tee-wmn-atoll.png","contentUrl":"https:\/\/dev.xstyle.md\/wp-content\/uploads\/2021\/06\/outdoor-research-arqon-ls-tee-wmn-atoll.png","width":579,"height":542,"caption":"\u0416\u0435\u043d\u0441\u043a\u0430\u044f \u0441\u043f\u043e\u0440\u0442\u0438\u0432\u043d\u0430\u044f \u0444\u0443\u0442\u0431\u043e\u043b\u043a\u0430 Outdoor Research Arqon L\/S Tee Wmn in \u0430\u0442\u043e\u043b\u043b\u044c \u0434\u043b\u044f \u0430\u043a\u0442\u0438\u0432\u043d\u043e\u0433\u043e \u043e\u0442\u0434\u044b\u0445\u0430, \u043f\u0440\u043e\u0433\u0443\u043b\u043e\u043a, \u043f\u043e\u0445\u043e\u0434\u043e\u0432 \u0438 \u043f\u0443\u0442\u0435\u0448\u0435\u0441\u0442\u0432\u0438\u0439, \u043e\u0431\u0443\u0432\u044c \u0438 \u044d\u043a\u0438\u043f\u0438\u0440\u043e\u0432\u043a\u0430 \u0434\u043b\u044f \u0430\u043a\u0442\u0438\u0432\u043d\u043e\u0439 \u0436\u0438\u0437\u043d\u0438"},{"@type":"BreadcrumbList","@id":"https:\/\/dev.xstyle.md\/product\/outdoor-research-arqon-l-s-tee-wmn-atoll\/#breadcrumb","itemListElement":[{"@type":"ListItem","position":1,"name":"\u0413\u043b\u0430\u0432\u043d\u0430\u044f \u0441\u0442\u0440\u0430\u043d\u0438\u0446\u0430","item":"https:\/\/dev.xstyle.md\/"},{"@type":"ListItem","position":2,"name":"Shop","item":"https:\/\/dev.xstyle.md\/shop\/"},{"@type":"ListItem","position":3,"name":"\u0424\u0443\u0442\u0431\u043e\u043b\u043a\u0430 Outdoor Research Arqon L\/S Tee Wmn atoll"}]},{"@type":"WebSite","@id":"https:\/\/dev.xstyle.md\/#website","url":"https:\/\/dev.xstyle.md\/","name":"Magazinul X-Style","description":"Echipamente pentru turism \u0219i sporturi extreme \u00een Moldova. Pre\u021buri, fotografii, caracteristici \u00een Moldova.","publisher":{"@id":"https:\/\/dev.xstyle.md\/#organization"},"alternateName":"X-Style","potentialAction":[{"@type":"SearchAction","target":{"@type":"EntryPoint","urlTemplate":"https:\/\/dev.xstyle.md\/?s={search_term_string}"},"query-input":{"@type":"PropertyValueSpecification","valueRequired":true,"valueName":"search_term_string"}}],"inLanguage":"ro-RO"},{"@type":"Organization","@id":"https:\/\/dev.xstyle.md\/#organization","name":"Magazinul X-Style","alternateName":"x-style","url":"https:\/\/dev.xstyle.md\/","logo":{"@type":"ImageObject","inLanguage":"ro-RO","@id":"https:\/\/dev.xstyle.md\/#\/schema\/logo\/image\/","url":"https:\/\/dev.xstyle.md\/wp-content\/uploads\/2020\/06\/logoicon.svg","contentUrl":"https:\/\/dev.xstyle.md\/wp-content\/uploads\/2020\/06\/logoicon.svg","caption":"\u041c\u0430\u0433\u0430\u0437\u0438\u043d Xstyle"},"image":{"@id":"https:\/\/dev.xstyle.md\/#\/schema\/logo\/image\/"},"sameAs":["https:\/\/www.facebook.com\/xstylemd","https:\/\/www.instagram.com\/xstyle_md\/","https:\/\/t.me\/xstyle_outdoor"],"hasMerchantReturnPolicy":{"@type":"MerchantReturnPolicy","merchantReturnLink":"https:\/\/dev.xstyle.md\/ro\/conditions\/"}}]},"product_price_amount":"798.00","product_price_currency":"MDL","og_availability":"instock","product_availability":"instock","product_retailer_item_id":"727602937816","product_condition":"new"},"post_mailing_queue_ids":[],"_links":{"self":[{"href":"https:\/\/dev.xstyle.md\/ro\/wp-json\/wp\/v2\/product\/36219","targetHints":{"allow":["GET"]}}],"collection":[{"href":"https:\/\/dev.xstyle.md\/ro\/wp-json\/wp\/v2\/product"}],"about":[{"href":"https:\/\/dev.xstyle.md\/ro\/wp-json\/wp\/v2\/types\/product"}],"replies":[{"embeddable":true,"href":"https:\/\/dev.xstyle.md\/ro\/wp-json\/wp\/v2\/comments?post=36219"}],"version-history":[{"count":0,"href":"https:\/\/dev.xstyle.md\/ro\/wp-json\/wp\/v2\/product\/36219\/revisions"}],"wp:featuredmedia":[{"embeddable":true,"href":"https:\/\/dev.xstyle.md\/ro\/wp-json\/wp\/v2\/media\/36790"}],"wp:attachment":[{"href":"https:\/\/dev.xstyle.md\/ro\/wp-json\/wp\/v2\/media?parent=36219"}],"wp:term":[{"taxonomy":"product_brand","embeddable":true,"href":"https:\/\/dev.xstyle.md\/ro\/wp-json\/wp\/v2\/product_brand?post=36219"},{"taxonomy":"product_cat","embeddable":true,"href":"https:\/\/dev.xstyle.md\/ro\/wp-json\/wp\/v2\/product_cat?post=36219"},{"taxonomy":"product_tag","embeddable":true,"href":"https:\/\/dev.xstyle.md\/ro\/wp-json\/wp\/v2\/product_tag?post=36219"}],"curies":[{"name":"wp","href":"https:\/\/api.w.org\/{rel}","templated":true}]}}