{"id":36209,"date":"2021-06-23T13:49:08","date_gmt":"2021-06-23T10:49:08","guid":{"rendered":"https:\/\/xstyle.md\/?post_type=product&#038;p=36209"},"modified":"2024-10-20T00:16:11","modified_gmt":"2024-10-19T21:16:11","slug":"brjuki-outdoor-research-helium-rain-wmn-black","status":"publish","type":"product","link":"https:\/\/xstyle.md\/ro\/produs\/brjuki-outdoor-research-helium-rain-wmn-black\/","title":{"rendered":"Pantaloni Outdoor Research Helium Rain Wmn black"},"content":{"rendered":"<\/p>\n<p><strong>Outdoor Research Helium Rain<\/strong> &#8212; pantaloni impermeabili pentru femei cu performan\u021ba \u0219i protec\u021bia de care ai nevoie atunci c\u00e2nd plou\u0103. Cus\u0103turile complet \u00eembinate \u0219i membrana Pertex\u00ae Shield te men\u021bin uscat\u0103, dar permit pielii tale s\u0103 respire. Iar materialul Pertex\u00ae Diamond Fuse extrem de durabil rezist\u0103 la rupere \u0219i abraziune.<\/p>\n<h3>Particularit\u0103\u021bi<\/h3>\n<ul>\n<li>Materialul utilizat este impermeabil la umiditate<\/li>\n<li>\u021aes\u0103tur\u0103 u\u0219oar\u0103 \u0219i respirabil\u0103<\/li>\n<li>Cus\u0103turi complet acoperite cu band\u0103 adeziv\u0103<\/li>\n<li>Cordon elastic \u00een talie<\/li>\n<li>\u00cenchidere cu fermoar \u00een zona gleznei<\/li>\n<li>\u00cenchidere cu fermoar frontal YKK\u00ae AquaGuard\u00ae.<\/li>\n<li>Bretelele pot fi ata\u0219ate la pantaloni.<\/li>\n<\/ul>\n<h3>Caracteristici<\/h3>\n<ul>\n<li>Material &#8212; 100% nailon, 30D ripstop<\/li>\n<li>Membran\u0103 &#8212; Pertex\u00ae Shield, Pertex\u00ae Diamond Fuse,<\/li>\n<li>Utilizare &#8212; trekking\/c\u0103l\u0103torie\/c\u0103\u021b\u0103rare pe st\u00e2nc\u0103<\/li>\n<li>Model - pentru femei.<\/li>\n<\/ul>\n<h3>Tehnologie<\/h3>\n<ul>\n<li><b>Pertex\u00ae Shield \u2013 <\/b>\u021bes\u0103tur\u0103 rezistent\u0103 la v\u00e2nt \u0219i impermeabil\u0103, care are \u00een construc\u021bie o membran\u0103 climatic\u0103 din poliuretan, care asigur\u0103 o rezisten\u021b\u0103 ridicat\u0103 la ap\u0103 \u0219i respirabilitate. Are o rezisten\u021b\u0103 ridicat\u0103 cu o greutate redus\u0103. Adesea utilizat\u0103 pentru a \u00eent\u0103ri zonele predispuse la abraziune ale hainelor impermeabile ultrau\u0219oare.<\/li>\n<li><b>Pertex<\/b>\u00ae\u00a0<b>Diamond Fuse<\/b> \u2013 o tehnologie care utilizeaz\u0103 fire unice \u00een form\u0103 de diamant care sunt unite \u00eentre ele pentru a forma o \u021bes\u0103tur\u0103 durabil\u0103 \u0219i rezistent\u0103 la abraziune.<\/li>\n<\/ul>\n<h3>Marca<\/h3>\n<p>Outdoor Research\u00ae este o companie fondat\u0103 de alpinistul Ron Gregg \u00een anii &#8217;80, \u00een SUA, ca urmare a dorin\u021bei de a produce echipament de cea mai \u00eenalt\u0103 calitate, care s\u0103 nu v\u0103 dezam\u0103geasc\u0103 \u00een nicio circumstan\u021b\u0103. Outdoor Research\u00ae ofer\u0103 o gam\u0103 larg\u0103 de produse pentru sporturi extreme, activit\u0103\u021bi \u00een aer liber \u0219i turism. \u00cembr\u0103c\u0103minte, rucsacuri \u0219i gen\u021bi, \u0219alupe, pungi de compresie \u0219i de etan\u0219are, sisteme de depozitare \u0219i multe altele &#8212; totul pentru a te sim\u021bi confortabil \u00een toate climatele departe de cas\u0103.<\/p>\n<p><\/p>","protected":false},"excerpt":{"rendered":"<p>Pantaloni Outdoor Research Helium Rain Wmn black<\/p>","protected":false},"featured_media":36775,"comment_status":"open","ping_status":"closed","template":"","meta":{"_acf_changed":false,"inline_featured_image":false},"product_brand":[1328],"product_cat":[451],"product_tag":[],"class_list":{"0":"post-36209","1":"product","2":"type-product","3":"status-publish","4":"has-post-thumbnail","6":"product_brand-outdoor-research","7":"product_cat-pantaloni-impermeabili-femei","9":"first","10":"instock","11":"sale","12":"shipping-taxable","13":"purchasable","14":"product-type-simple"},"acf":[],"yoast_head":"<!-- This site is optimized with the Yoast SEO plugin v27.4 - https:\/\/yoast.com\/product\/yoast-seo-wordpress\/ -->\n<title>\u0411\u0440\u044e\u043a\u0438 Outdoor Research Helium Rain Wmn black - \u041c\u0430\u0433\u0430\u0437\u0438\u043d Xstyle<\/title>\n<meta name=\"description\" content=\"\u0411\u0440\u044e\u043a\u0438 Outdoor Research Helium Rain \u0434\u043b\u044f \u0436\u0435\u043d\u0449\u0438\u043d. \u0412\u043e\u0434\u043e\u043d\u0435\u043f\u0440\u043e\u043d\u0438\u0446\u0430\u0435\u043c\u044b\u0435, \u043b\u0435\u0433\u043a\u0438\u0435 \u0438 \u0434\u044b\u0448\u0430\u0449\u0438\u0435, \u0438\u0434\u0435\u0430\u043b\u044c\u043d\u044b \u0434\u043b\u044f \u0434\u043e\u0436\u0434\u043b\u0438\u0432\u044b\u0445 \u0443\u0441\u043b\u043e\u0432\u0438\u0439. \u0417\u0430\u0449\u0438\u0442\u044f\u0442 \u0432\u0430\u0441 \u043e\u0442 \u043d\u0435\u043f\u043e\u0433\u043e\u0434\u044b!\" \/>\n<meta name=\"robots\" content=\"index, follow, max-snippet:-1, max-image-preview:large, max-video-preview:-1\" \/>\n<link rel=\"canonical\" href=\"https:\/\/xstyle.md\/ro\/produs\/brjuki-outdoor-research-helium-rain-wmn-black\/\" \/>\n<meta property=\"og:locale\" content=\"ro_RO\" \/>\n<meta property=\"og:type\" content=\"article\" \/>\n<meta property=\"og:title\" content=\"\u0411\u0440\u044e\u043a\u0438 Outdoor Research Helium Rain Wmn black - \u041c\u0430\u0433\u0430\u0437\u0438\u043d Xstyle\" \/>\n<meta property=\"og:description\" content=\"\u0411\u0440\u044e\u043a\u0438 Outdoor Research Helium Rain \u0434\u043b\u044f \u0436\u0435\u043d\u0449\u0438\u043d. \u0412\u043e\u0434\u043e\u043d\u0435\u043f\u0440\u043e\u043d\u0438\u0446\u0430\u0435\u043c\u044b\u0435, \u043b\u0435\u0433\u043a\u0438\u0435 \u0438 \u0434\u044b\u0448\u0430\u0449\u0438\u0435, \u0438\u0434\u0435\u0430\u043b\u044c\u043d\u044b \u0434\u043b\u044f \u0434\u043e\u0436\u0434\u043b\u0438\u0432\u044b\u0445 \u0443\u0441\u043b\u043e\u0432\u0438\u0439. \u0417\u0430\u0449\u0438\u0442\u044f\u0442 \u0432\u0430\u0441 \u043e\u0442 \u043d\u0435\u043f\u043e\u0433\u043e\u0434\u044b!\" \/>\n<meta property=\"og:url\" content=\"https:\/\/xstyle.md\/ro\/produs\/brjuki-outdoor-research-helium-rain-wmn-black\/\" \/>\n<meta property=\"og:site_name\" content=\"\u041c\u0430\u0433\u0430\u0437\u0438\u043d Xstyle\" \/>\n<meta property=\"article:publisher\" content=\"https:\/\/www.facebook.com\/xstylemd\" \/>\n<meta property=\"article:modified_time\" content=\"2024-10-19T21:16:11+00:00\" \/>\n<meta property=\"og:image\" content=\"https:\/\/xstyle.md\/wp-content\/uploads\/2021\/06\/outdoor-research-helium-rain-wmn-black.jpg\" \/>\n\t<meta property=\"og:image:width\" content=\"327\" \/>\n\t<meta property=\"og:image:height\" content=\"682\" \/>\n\t<meta property=\"og:image:type\" content=\"image\/jpeg\" \/>\n<meta name=\"twitter:card\" content=\"summary_large_image\" \/>\n<meta name=\"twitter:label1\" content=\"Pre\u021b\" \/>\n\t<meta name=\"twitter:data1\" content=\"2.312&nbsp;MDL\" \/>\n\t<meta name=\"twitter:label2\" content=\"Disponibilitate\" \/>\n\t<meta name=\"twitter:data2\" content=\"\u00cen stoc\" \/>\n<script type=\"application\/ld+json\" class=\"yoast-schema-graph\">{\"@context\":\"https:\\\/\\\/schema.org\",\"@graph\":[{\"@type\":\"WebPage\",\"@id\":\"https:\\\/\\\/xstyle.md\\\/product\\\/brjuki-outdoor-research-helium-rain-wmn-black\\\/\",\"url\":\"https:\\\/\\\/xstyle.md\\\/product\\\/brjuki-outdoor-research-helium-rain-wmn-black\\\/\",\"name\":\"\u0411\u0440\u044e\u043a\u0438 Outdoor Research Helium Rain Wmn black - \u041c\u0430\u0433\u0430\u0437\u0438\u043d Xstyle\",\"isPartOf\":{\"@id\":\"https:\\\/\\\/xstyle.md\\\/#website\"},\"primaryImageOfPage\":{\"@id\":\"https:\\\/\\\/xstyle.md\\\/product\\\/brjuki-outdoor-research-helium-rain-wmn-black\\\/#primaryimage\"},\"image\":{\"@id\":\"https:\\\/\\\/xstyle.md\\\/product\\\/brjuki-outdoor-research-helium-rain-wmn-black\\\/#primaryimage\"},\"thumbnailUrl\":\"https:\\\/\\\/xstyle.md\\\/wp-content\\\/uploads\\\/2021\\\/06\\\/outdoor-research-helium-rain-wmn-black.jpg\",\"datePublished\":\"2021-06-23T10:49:08+00:00\",\"dateModified\":\"2024-10-19T21:16:11+00:00\",\"description\":\"\u0411\u0440\u044e\u043a\u0438 Outdoor Research Helium Rain \u0434\u043b\u044f \u0436\u0435\u043d\u0449\u0438\u043d. \u0412\u043e\u0434\u043e\u043d\u0435\u043f\u0440\u043e\u043d\u0438\u0446\u0430\u0435\u043c\u044b\u0435, \u043b\u0435\u0433\u043a\u0438\u0435 \u0438 \u0434\u044b\u0448\u0430\u0449\u0438\u0435, \u0438\u0434\u0435\u0430\u043b\u044c\u043d\u044b \u0434\u043b\u044f \u0434\u043e\u0436\u0434\u043b\u0438\u0432\u044b\u0445 \u0443\u0441\u043b\u043e\u0432\u0438\u0439. \u0417\u0430\u0449\u0438\u0442\u044f\u0442 \u0432\u0430\u0441 \u043e\u0442 \u043d\u0435\u043f\u043e\u0433\u043e\u0434\u044b!\",\"breadcrumb\":{\"@id\":\"https:\\\/\\\/xstyle.md\\\/product\\\/brjuki-outdoor-research-helium-rain-wmn-black\\\/#breadcrumb\"},\"inLanguage\":\"ro-RO\",\"potentialAction\":[{\"@type\":\"ReadAction\",\"target\":[\"https:\\\/\\\/xstyle.md\\\/product\\\/brjuki-outdoor-research-helium-rain-wmn-black\\\/\"]}]},{\"@type\":\"ImageObject\",\"inLanguage\":\"ro-RO\",\"@id\":\"https:\\\/\\\/xstyle.md\\\/product\\\/brjuki-outdoor-research-helium-rain-wmn-black\\\/#primaryimage\",\"url\":\"https:\\\/\\\/xstyle.md\\\/wp-content\\\/uploads\\\/2021\\\/06\\\/outdoor-research-helium-rain-wmn-black.jpg\",\"contentUrl\":\"https:\\\/\\\/xstyle.md\\\/wp-content\\\/uploads\\\/2021\\\/06\\\/outdoor-research-helium-rain-wmn-black.jpg\",\"width\":327,\"height\":682,\"caption\":\"\u0416\u0435\u043d\u0441\u043a\u0438\u0435 \u0448\u0442\u0430\u043d\u044b \u0434\u043b\u044f \u0430\u043a\u0442\u0438\u0432\u043d\u043e\u0433\u043e \u043e\u0442\u0434\u044b\u0445\u0430 Outdoor Research Helium Rain \u0432 \u0447\u0435\u0440\u043d\u043e\u043c \u0441\u0442\u0438\u043b\u0435 \u0438\u0434\u0435\u0438 \u0434\u043b\u044f \u043e\u043d\u043b\u0430\u0439\u043d \u043c\u0430\u0433\u0430\u0437\u0438\u043d\u0430 \u043e\u0434\u0435\u0436\u0434\u044b \u0438 \u043e\u0431\u0443\u0432\u0438 \u0434\u043b\u044f \u043f\u0443\u0442\u0435\u0448\u0435\u0441\u0442\u0432\u0438\u0439 \u043f\u043e\u0445\u043e\u0434\u043e\u0432 \u0438 \u0430\u043b\u044c\u043f\u0438\u043d\u0438\u0437\u043c\u0430\"},{\"@type\":\"BreadcrumbList\",\"@id\":\"https:\\\/\\\/xstyle.md\\\/product\\\/brjuki-outdoor-research-helium-rain-wmn-black\\\/#breadcrumb\",\"itemListElement\":[{\"@type\":\"ListItem\",\"position\":1,\"name\":\"\u0413\u043b\u0430\u0432\u043d\u0430\u044f \u0441\u0442\u0440\u0430\u043d\u0438\u0446\u0430\",\"item\":\"https:\\\/\\\/xstyle.md\\\/\"},{\"@type\":\"ListItem\",\"position\":2,\"name\":\"\u041c\u0430\u0433\u0430\u0437\u0438\u043d\",\"item\":\"https:\\\/\\\/xstyle.md\\\/shop\\\/\"},{\"@type\":\"ListItem\",\"position\":3,\"name\":\"\u0411\u0440\u044e\u043a\u0438 Outdoor Research Helium Rain Wmn black\"}]},{\"@type\":\"WebSite\",\"@id\":\"https:\\\/\\\/xstyle.md\\\/#website\",\"url\":\"https:\\\/\\\/xstyle.md\\\/\",\"name\":\"\u041c\u0430\u0433\u0430\u0437\u0438\u043d Xstyle\",\"description\":\"C\u043d\u0430\u0440\u044f\u0436\u0435\u043d\u0438\u0435 \u0434\u043b\u044f \u0442\u0443\u0440\u0438\u0437\u043c\u0430 \u0438 \u044d\u043a\u0441\u0442\u0440\u0435\u043c\u0430\u043b\u044c\u043d\u044b\u0445 \u0432\u0438\u0434\u043e\u0432 \u0441\u043f\u043e\u0440\u0442\u0430 \u0432 \u041c\u043e\u043b\u0434\u043e\u0432\u0435.. \u0426\u0435\u043d\u044b, \u0444\u043e\u0442\u043e, \u0445\u0430\u0440\u0430\u043a\u0442\u0435\u0440\u0438\u0441\u0442\u0438\u043a\u0438 \u0432 \u041c\u043e\u043b\u0434\u043e\u0432\u0435.\",\"publisher\":{\"@id\":\"https:\\\/\\\/xstyle.md\\\/#organization\"},\"alternateName\":\"X-Style\",\"potentialAction\":[{\"@type\":\"SearchAction\",\"target\":{\"@type\":\"EntryPoint\",\"urlTemplate\":\"https:\\\/\\\/xstyle.md\\\/?s={search_term_string}\"},\"query-input\":{\"@type\":\"PropertyValueSpecification\",\"valueRequired\":true,\"valueName\":\"search_term_string\"}}],\"inLanguage\":\"ro-RO\"},{\"@type\":\"Organization\",\"@id\":\"https:\\\/\\\/xstyle.md\\\/#organization\",\"name\":\"\u041c\u0430\u0433\u0430\u0437\u0438\u043d Xstyle\",\"alternateName\":\"x-style\",\"url\":\"https:\\\/\\\/xstyle.md\\\/\",\"logo\":{\"@type\":\"ImageObject\",\"inLanguage\":\"ro-RO\",\"@id\":\"https:\\\/\\\/xstyle.md\\\/#\\\/schema\\\/logo\\\/image\\\/\",\"url\":\"https:\\\/\\\/xstyle.md\\\/wp-content\\\/uploads\\\/2020\\\/06\\\/logoicon.svg\",\"contentUrl\":\"https:\\\/\\\/xstyle.md\\\/wp-content\\\/uploads\\\/2020\\\/06\\\/logoicon.svg\",\"caption\":\"\u041c\u0430\u0433\u0430\u0437\u0438\u043d Xstyle\"},\"image\":{\"@id\":\"https:\\\/\\\/xstyle.md\\\/#\\\/schema\\\/logo\\\/image\\\/\"},\"sameAs\":[\"https:\\\/\\\/www.facebook.com\\\/xstylemd\",\"https:\\\/\\\/www.instagram.com\\\/xstyle_md\\\/\",\"https:\\\/\\\/t.me\\\/xstyle_outdoor\"],\"hasMerchantReturnPolicy\":{\"@type\":\"MerchantReturnPolicy\",\"merchantReturnLink\":\"https:\\\/\\\/xstyle.md\\\/ro\\\/conditions\\\/\"}}]}<\/script>\n<meta property=\"product:price:amount\" content=\"2312.00\" \/>\n<meta property=\"product:price:currency\" content=\"MDL\" \/>\n<meta property=\"og:availability\" content=\"instock\" \/>\n<meta property=\"product:availability\" content=\"instock\" \/>\n<meta property=\"product:retailer_item_id\" content=\"727602758091\" \/>\n<meta property=\"product:condition\" content=\"new\" \/>\n<!-- \/ Yoast SEO plugin. -->","yoast_head_json":{"title":"Pantaloni Outdoor Research Helium Rain Wmn black - Magazin Xstyle","description":"Pantalonii Outdoor Research Helium Rain pentru femei. Impermeabili, u\u0219ori \u0219i respirabili, sunt ideali pentru condi\u021bii ploioase. Te vor proteja de intemperii!","robots":{"index":"index","follow":"follow","max-snippet":"max-snippet:-1","max-image-preview":"max-image-preview:large","max-video-preview":"max-video-preview:-1"},"canonical":"https:\/\/xstyle.md\/ro\/produs\/brjuki-outdoor-research-helium-rain-wmn-black\/","og_locale":"ro_RO","og_type":"article","og_title":"\u0411\u0440\u044e\u043a\u0438 Outdoor Research Helium Rain Wmn black - \u041c\u0430\u0433\u0430\u0437\u0438\u043d Xstyle","og_description":"\u0411\u0440\u044e\u043a\u0438 Outdoor Research Helium Rain \u0434\u043b\u044f \u0436\u0435\u043d\u0449\u0438\u043d. \u0412\u043e\u0434\u043e\u043d\u0435\u043f\u0440\u043e\u043d\u0438\u0446\u0430\u0435\u043c\u044b\u0435, \u043b\u0435\u0433\u043a\u0438\u0435 \u0438 \u0434\u044b\u0448\u0430\u0449\u0438\u0435, \u0438\u0434\u0435\u0430\u043b\u044c\u043d\u044b \u0434\u043b\u044f \u0434\u043e\u0436\u0434\u043b\u0438\u0432\u044b\u0445 \u0443\u0441\u043b\u043e\u0432\u0438\u0439. \u0417\u0430\u0449\u0438\u0442\u044f\u0442 \u0432\u0430\u0441 \u043e\u0442 \u043d\u0435\u043f\u043e\u0433\u043e\u0434\u044b!","og_url":"https:\/\/xstyle.md\/ro\/produs\/brjuki-outdoor-research-helium-rain-wmn-black\/","og_site_name":"\u041c\u0430\u0433\u0430\u0437\u0438\u043d Xstyle","article_publisher":"https:\/\/www.facebook.com\/xstylemd","article_modified_time":"2024-10-19T21:16:11+00:00","og_image":[{"width":327,"height":682,"url":"https:\/\/xstyle.md\/wp-content\/uploads\/2021\/06\/outdoor-research-helium-rain-wmn-black.jpg","type":"image\/jpeg"}],"twitter_card":"summary_large_image","twitter_misc":{"Pre\u021b":"2.312&nbsp;MDL","Disponibilitate":"\u00cen stoc"},"schema":{"@context":"https:\/\/schema.org","@graph":[{"@type":"WebPage","@id":"https:\/\/xstyle.md\/product\/brjuki-outdoor-research-helium-rain-wmn-black\/","url":"https:\/\/xstyle.md\/product\/brjuki-outdoor-research-helium-rain-wmn-black\/","name":"Pantaloni Outdoor Research Helium Rain Wmn black - Magazin Xstyle","isPartOf":{"@id":"https:\/\/xstyle.md\/#website"},"primaryImageOfPage":{"@id":"https:\/\/xstyle.md\/product\/brjuki-outdoor-research-helium-rain-wmn-black\/#primaryimage"},"image":{"@id":"https:\/\/xstyle.md\/product\/brjuki-outdoor-research-helium-rain-wmn-black\/#primaryimage"},"thumbnailUrl":"https:\/\/xstyle.md\/wp-content\/uploads\/2021\/06\/outdoor-research-helium-rain-wmn-black.jpg","datePublished":"2021-06-23T10:49:08+00:00","dateModified":"2024-10-19T21:16:11+00:00","description":"Pantalonii Outdoor Research Helium Rain pentru femei. Impermeabili, u\u0219ori \u0219i respirabili, sunt ideali pentru condi\u021bii ploioase. Te vor proteja de intemperii!","breadcrumb":{"@id":"https:\/\/xstyle.md\/product\/brjuki-outdoor-research-helium-rain-wmn-black\/#breadcrumb"},"inLanguage":"ro-RO","potentialAction":[{"@type":"ReadAction","target":["https:\/\/xstyle.md\/product\/brjuki-outdoor-research-helium-rain-wmn-black\/"]}]},{"@type":"ImageObject","inLanguage":"ro-RO","@id":"https:\/\/xstyle.md\/product\/brjuki-outdoor-research-helium-rain-wmn-black\/#primaryimage","url":"https:\/\/xstyle.md\/wp-content\/uploads\/2021\/06\/outdoor-research-helium-rain-wmn-black.jpg","contentUrl":"https:\/\/xstyle.md\/wp-content\/uploads\/2021\/06\/outdoor-research-helium-rain-wmn-black.jpg","width":327,"height":682,"caption":"\u0416\u0435\u043d\u0441\u043a\u0438\u0435 \u0448\u0442\u0430\u043d\u044b \u0434\u043b\u044f \u0430\u043a\u0442\u0438\u0432\u043d\u043e\u0433\u043e \u043e\u0442\u0434\u044b\u0445\u0430 Outdoor Research Helium Rain \u0432 \u0447\u0435\u0440\u043d\u043e\u043c \u0441\u0442\u0438\u043b\u0435 \u0438\u0434\u0435\u0438 \u0434\u043b\u044f \u043e\u043d\u043b\u0430\u0439\u043d \u043c\u0430\u0433\u0430\u0437\u0438\u043d\u0430 \u043e\u0434\u0435\u0436\u0434\u044b \u0438 \u043e\u0431\u0443\u0432\u0438 \u0434\u043b\u044f \u043f\u0443\u0442\u0435\u0448\u0435\u0441\u0442\u0432\u0438\u0439 \u043f\u043e\u0445\u043e\u0434\u043e\u0432 \u0438 \u0430\u043b\u044c\u043f\u0438\u043d\u0438\u0437\u043c\u0430"},{"@type":"BreadcrumbList","@id":"https:\/\/xstyle.md\/product\/brjuki-outdoor-research-helium-rain-wmn-black\/#breadcrumb","itemListElement":[{"@type":"ListItem","position":1,"name":"\u0413\u043b\u0430\u0432\u043d\u0430\u044f \u0441\u0442\u0440\u0430\u043d\u0438\u0446\u0430","item":"https:\/\/xstyle.md\/"},{"@type":"ListItem","position":2,"name":"\u041c\u0430\u0433\u0430\u0437\u0438\u043d","item":"https:\/\/xstyle.md\/shop\/"},{"@type":"ListItem","position":3,"name":"\u0411\u0440\u044e\u043a\u0438 Outdoor Research Helium Rain Wmn black"}]},{"@type":"WebSite","@id":"https:\/\/xstyle.md\/#website","url":"https:\/\/xstyle.md\/","name":"Magazinul X-Style","description":"Echipamente pentru turism \u0219i sporturi extreme \u00een Moldova. Pre\u021buri, fotografii, caracteristici \u00een Moldova.","publisher":{"@id":"https:\/\/xstyle.md\/#organization"},"alternateName":"X-Style","potentialAction":[{"@type":"SearchAction","target":{"@type":"EntryPoint","urlTemplate":"https:\/\/xstyle.md\/?s={search_term_string}"},"query-input":{"@type":"PropertyValueSpecification","valueRequired":true,"valueName":"search_term_string"}}],"inLanguage":"ro-RO"},{"@type":"Organization","@id":"https:\/\/xstyle.md\/#organization","name":"Magazinul X-Style","alternateName":"x-style","url":"https:\/\/xstyle.md\/","logo":{"@type":"ImageObject","inLanguage":"ro-RO","@id":"https:\/\/xstyle.md\/#\/schema\/logo\/image\/","url":"https:\/\/xstyle.md\/wp-content\/uploads\/2020\/06\/logoicon.svg","contentUrl":"https:\/\/xstyle.md\/wp-content\/uploads\/2020\/06\/logoicon.svg","caption":"\u041c\u0430\u0433\u0430\u0437\u0438\u043d Xstyle"},"image":{"@id":"https:\/\/xstyle.md\/#\/schema\/logo\/image\/"},"sameAs":["https:\/\/www.facebook.com\/xstylemd","https:\/\/www.instagram.com\/xstyle_md\/","https:\/\/t.me\/xstyle_outdoor"],"hasMerchantReturnPolicy":{"@type":"MerchantReturnPolicy","merchantReturnLink":"https:\/\/xstyle.md\/ro\/conditions\/"}}]},"product_price_amount":"2312.00","product_price_currency":"MDL","og_availability":"instock","product_availability":"instock","product_retailer_item_id":"727602758091","product_condition":"new"},"post_mailing_queue_ids":[],"_links":{"self":[{"href":"https:\/\/xstyle.md\/ro\/wp-json\/wp\/v2\/product\/36209","targetHints":{"allow":["GET"]}}],"collection":[{"href":"https:\/\/xstyle.md\/ro\/wp-json\/wp\/v2\/product"}],"about":[{"href":"https:\/\/xstyle.md\/ro\/wp-json\/wp\/v2\/types\/product"}],"replies":[{"embeddable":true,"href":"https:\/\/xstyle.md\/ro\/wp-json\/wp\/v2\/comments?post=36209"}],"wp:featuredmedia":[{"embeddable":true,"href":"https:\/\/xstyle.md\/ro\/wp-json\/wp\/v2\/media\/36775"}],"wp:attachment":[{"href":"https:\/\/xstyle.md\/ro\/wp-json\/wp\/v2\/media?parent=36209"}],"wp:term":[{"taxonomy":"product_brand","embeddable":true,"href":"https:\/\/xstyle.md\/ro\/wp-json\/wp\/v2\/product_brand?post=36209"},{"taxonomy":"product_cat","embeddable":true,"href":"https:\/\/xstyle.md\/ro\/wp-json\/wp\/v2\/product_cat?post=36209"},{"taxonomy":"product_tag","embeddable":true,"href":"https:\/\/xstyle.md\/ro\/wp-json\/wp\/v2\/product_tag?post=36209"}],"curies":[{"name":"wp","href":"https:\/\/api.w.org\/{rel}","templated":true}]}}