{"id":34854,"date":"2021-05-31T16:34:50","date_gmt":"2021-05-31T13:34:50","guid":{"rendered":"https:\/\/xstyle.md\/?post_type=product&#038;p=34854"},"modified":"2025-03-19T16:53:27","modified_gmt":"2025-03-19T13:53:27","slug":"kaska-petzl-vertex-orange","status":"publish","type":"product","link":"https:\/\/xstyle.md\/ro\/produs\/kaska-petzl-vertex-orange\/","title":{"rendered":"Casc\u0103 Petzl Vertex Orange"},"content":{"rendered":"<\/p>\n<p><strong>Casc\u0103 Petzl Vertex Orange<\/strong> foarte confortabil de utilizat datorit\u0103 sistemului de suspensie textil\u0103 \u00een \u0219ase puncte \u0219i sistemelor de reglare CENTERFIT \u0219i FLIP&amp;FIT care asigur\u0103 pozi\u021bionarea corect\u0103 a c\u0103\u0219tii pe cap. Datorit\u0103 posibilit\u0103\u021bii de a schimba cureaua pentru b\u0103rbie \u00een func\u021bie de rezisten\u021ba necesar\u0103, casca este potrivit\u0103 pentru munca at\u00e2t la \u00een\u0103l\u021bime, c\u00e2t \u0219i la sol. \u00cenveli\u0219ul s\u0103u exterior complet \u00eenchis protejeaz\u0103 purt\u0103torul de riscul de \u0219ocuri electrice, stropi de metal topit sau fl\u0103c\u0103ri. Casca poate fi combinat\u0103 cu farurile PETZL, ecranele faciale, ap\u0103r\u0103toarele de urechi \u0219i alte accesorii necesare pentru munc\u0103.<\/p>\n<h3>Particularit\u0103\u021bi<\/h3>\n<p><strong>Este foarte confortabil:\u00a0<\/strong><\/p>\n<ul>\n<li>datorit\u0103 sistemului de suspensie \u00een \u0219ase puncte, casca se potrive\u0219te perfect pe cap.<\/li>\n<li>sistemul CENTERFIT cu dou\u0103 ro\u021bi laterale (sistem de reglare a m\u0103rimii) permite centrarea corect\u0103 a c\u0103\u0219tii.<\/li>\n<li>sistemul de suspensie FLIP&amp;FIT permite ca partea din spate a suspensiei s\u0103 fie mutat\u0103 rapid \u00een pozi\u021bia inferioar\u0103 pentru a men\u021bine casca pe cap. Aceast\u0103 parte poate fi depozitat\u0103 \u00een interiorul c\u0103\u0219tii pentru comoditate \u00een timpul transportului.<\/li>\n<li>include c\u0103ptu\u0219eal\u0103 standard deta\u0219abil\u0103 pentru confort<\/li>\n<\/ul>\n<p><strong>Conceput pentru protec\u021bie la lucrul la \u00een\u0103l\u021bime \u0219i la sol:\u00a0<\/strong><\/p>\n<ul>\n<li>rezisten\u021ba curelei de b\u0103rbie DUAL poate fi modificat\u0103 pentru a adapta casca la lucrul la \u00een\u0103l\u021bime (EN 12492) sau la sol (EN 397). Dispune de o clem\u0103 special\u0103 cu dou\u0103 pozi\u021bii de comutare. Una este pentru rezisten\u021b\u0103 ridicat\u0103 pentru a preveni pierderea c\u0103\u0219tii \u00een timpul unei c\u0103deri, iar cealalt\u0103 este pentru rezisten\u021b\u0103 sc\u0103zut\u0103 pentru a preveni strangularea c\u0103\u0219tii \u00een cazul \u00een care aceasta se prinde de ceva atunci c\u00e2nd se lucreaz\u0103 la sol.<\/li>\n<li>absorb\u021bia \u0219ocurilor prin deformarea cochiliei exterioare a c\u0103\u0219tii<\/li>\n<li>\u00eenveli\u0219ul neventilat protejeaz\u0103 purt\u0103torul de riscul de electrocutare, de stropire cu metal topit sau de fl\u0103c\u0103ri.<\/li>\n<\/ul>\n<p><strong>Sistem modular de accesorii (disponibil separat):\u00a0<\/strong><\/p>\n<ul>\n<li>ecrane de protec\u021bie cu clips EASYCLIP pentru montare u\u0219oar\u0103 pe casc\u0103<\/li>\n<li>montarea tor\u021belor PETZL cu ajutorul unor suporturi speciale sau a unei curele de cap<\/li>\n<li>protec\u021bie pentru cochilia c\u0103\u0219tii \u00eempotriva murd\u0103riei \u0219i a stropilor de vopsea<\/li>\n<li>protec\u021bie \u00eempotriva soarelui sau a ploii pentru partea din spate a capului<\/li>\n<li>suport pentru ecuson pentru identificarea utilizatorului<\/li>\n<li>c\u0103ptu\u0219eal\u0103 \u0219i curea de b\u0103rbie \u00eenlocuibile<\/li>\n<li>protec\u021bie pentru urechi<\/li>\n<\/ul>\n<h3>Caracteristici<\/h3>\n<ul>\n<li>Materiale &#8212; ABS (acrilonitril butadien-stiren), nailon, policarbonat, poliester de \u00eenalt\u0103 rezisten\u021b\u0103, polietilen\u0103<\/li>\n<li>Circumferin\u021ba capului &#8212; 53-63 cm<\/li>\n<li>Greutate &#8212; 490 g<\/li>\n<li>Certificare &#8212; CE, EN 397, EN 50365, ANSI Z89.1 Tip I Clasa E, AS\/NZ 1801.<\/li>\n<li>Garan\u021bie &#8212; 3 ani<\/li>\n<\/ul>\n<h3>Marca<\/h3>\n<p>PETZL este un brand de renume mondial care produce echipamente specializate pentru alpinism, speologie, escalad\u0103 \u0219i alpinism industrial. Compania a fost fondat\u0103 de Fernand Petzel, un om pasionat de speologie de o via\u021b\u0103 \u00eentreag\u0103. La mijlocul anilor 1970, pasiunea sa \u0219i afacerea de familie au crescut \u00een ceva mai mult. Fernand a \u00eenceput s\u0103 modifice dispozitivele existente utilizate \u00een speologie \u0219i apoi s\u0103 inventeze unele complet noi.<\/p>\n<p>Gama de produse a companiei s-a extins la iluminat, deoarece \u00een \u00eentunericul pe\u0219terilor acesta este unul dintre cele mai importante echipamente necesare. Dup\u0103 speologie, PETZL a \u00eenceput s\u0103 creeze echipamente pentru alpini\u0219ti \u0219i alpini\u0219ti, iar apoi pentru lucrul la \u00een\u0103l\u021bime.<\/p>\n<p>Misiunea PETZL este de a crea instrumente inovatoare care s\u0103 le permit\u0103 b\u0103rba\u021bilor \u0219i femeilor s\u0103 ating\u0103 noi \u00een\u0103l\u021bimi pe vertical\u0103 \u0219i s\u0103 lumineze drumul \u00een \u00eentuneric. Compania se afl\u0103 \u00eentr-o c\u0103utare continu\u0103 a celei mai bune solu\u021bii \u00een toate domeniile de activitate. Performan\u021ba, ergonomia, confortul \u0219i, cel mai important, siguran\u021ba sunt cele mai importante criterii \u00een aceast\u0103 c\u0103utare. Accesul la ceea ce este inaccesibil sau &#171;atingerea a ceea ce este de neatins&#187; este motto-ul s\u0103u de lung\u0103 durat\u0103.<\/p>\n<p><\/p>","protected":false},"excerpt":{"rendered":"<p>Casc\u0103 Petzl Vertex Orange<\/p>","protected":false},"featured_media":93406,"comment_status":"open","ping_status":"closed","template":"","meta":{"_acf_changed":false,"inline_featured_image":false},"product_brand":[1270],"product_cat":[105],"product_tag":[],"class_list":{"0":"post-34854","1":"product","2":"type-product","3":"status-publish","4":"has-post-thumbnail","6":"product_brand-petzl","7":"product_cat-alp-helmets","9":"first","10":"instock","11":"shipping-taxable","12":"purchasable","13":"product-type-simple"},"acf":[],"yoast_head":"<!-- This site is optimized with the Yoast SEO plugin v27.4 - https:\/\/yoast.com\/product\/yoast-seo-wordpress\/ -->\n<title>\u041a\u0430\u0441\u043a\u0430 Petzl Vertex Orange - \u041c\u0430\u0433\u0430\u0437\u0438\u043d Xstyle<\/title>\n<meta name=\"description\" content=\"\u041a\u0430\u0441\u043a\u0430 Petzl Vertex Orange - \u043a\u043e\u043c\u0444\u043e\u0440\u0442\u043d\u0430\u044f \u0437\u0430\u0449\u0438\u0442\u0430 \u0441 \u0441\u0438\u0441\u0442\u0435\u043c\u043e\u0439 CENTERFIT \u0438 FLIP&amp;FIT. \u0421\u043e\u043e\u0442\u0432\u0435\u0442\u0441\u0442\u0432\u0443\u0435\u0442 EN 12492, EN 397 \u0434\u043b\u044f \u0431\u0435\u0437\u043e\u043f\u0430\u0441\u043d\u043e\u0441\u0442\u0438 \u0432 \u043b\u044e\u0431\u044b\u0445 \u0443\u0441\u043b\u043e\u0432\u0438\u044f\u0445.\" \/>\n<meta name=\"robots\" content=\"index, follow, max-snippet:-1, max-image-preview:large, max-video-preview:-1\" \/>\n<link rel=\"canonical\" href=\"https:\/\/xstyle.md\/ro\/produs\/kaska-petzl-vertex-orange\/\" \/>\n<meta property=\"og:locale\" content=\"ro_RO\" \/>\n<meta property=\"og:type\" content=\"article\" \/>\n<meta property=\"og:title\" content=\"\u041a\u0430\u0441\u043a\u0430 Petzl Vertex Orange - \u041c\u0430\u0433\u0430\u0437\u0438\u043d Xstyle\" \/>\n<meta property=\"og:description\" content=\"\u041a\u0430\u0441\u043a\u0430 Petzl Vertex Orange - \u043a\u043e\u043c\u0444\u043e\u0440\u0442\u043d\u0430\u044f \u0437\u0430\u0449\u0438\u0442\u0430 \u0441 \u0441\u0438\u0441\u0442\u0435\u043c\u043e\u0439 CENTERFIT \u0438 FLIP&amp;FIT. \u0421\u043e\u043e\u0442\u0432\u0435\u0442\u0441\u0442\u0432\u0443\u0435\u0442 EN 12492, EN 397 \u0434\u043b\u044f \u0431\u0435\u0437\u043e\u043f\u0430\u0441\u043d\u043e\u0441\u0442\u0438 \u0432 \u043b\u044e\u0431\u044b\u0445 \u0443\u0441\u043b\u043e\u0432\u0438\u044f\u0445.\" \/>\n<meta property=\"og:url\" content=\"https:\/\/xstyle.md\/ro\/produs\/kaska-petzl-vertex-orange\/\" \/>\n<meta property=\"og:site_name\" content=\"\u041c\u0430\u0433\u0430\u0437\u0438\u043d Xstyle\" \/>\n<meta property=\"article:publisher\" content=\"https:\/\/www.facebook.com\/xstylemd\" \/>\n<meta property=\"article:modified_time\" content=\"2025-03-19T13:53:27+00:00\" \/>\n<meta property=\"og:image\" content=\"https:\/\/xstyle.md\/wp-content\/uploads\/2021\/05\/petzl-vertex-orange.png\" \/>\n\t<meta property=\"og:image:width\" content=\"996\" \/>\n\t<meta property=\"og:image:height\" content=\"1200\" \/>\n\t<meta property=\"og:image:type\" content=\"image\/png\" \/>\n<meta name=\"twitter:card\" content=\"summary_large_image\" \/>\n<meta name=\"twitter:label1\" content=\"Pre\u021b\" \/>\n\t<meta name=\"twitter:data1\" content=\"1.840&nbsp;MDL\" \/>\n\t<meta name=\"twitter:label2\" content=\"Disponibilitate\" \/>\n\t<meta name=\"twitter:data2\" content=\"\u00cen stoc\" \/>\n<script type=\"application\/ld+json\" class=\"yoast-schema-graph\">{\"@context\":\"https:\\\/\\\/schema.org\",\"@graph\":[{\"@type\":\"WebPage\",\"@id\":\"https:\\\/\\\/xstyle.md\\\/product\\\/kaska-petzl-vertex-orange\\\/\",\"url\":\"https:\\\/\\\/xstyle.md\\\/product\\\/kaska-petzl-vertex-orange\\\/\",\"name\":\"\u041a\u0430\u0441\u043a\u0430 Petzl Vertex Orange - \u041c\u0430\u0433\u0430\u0437\u0438\u043d Xstyle\",\"isPartOf\":{\"@id\":\"https:\\\/\\\/xstyle.md\\\/#website\"},\"primaryImageOfPage\":{\"@id\":\"https:\\\/\\\/xstyle.md\\\/product\\\/kaska-petzl-vertex-orange\\\/#primaryimage\"},\"image\":{\"@id\":\"https:\\\/\\\/xstyle.md\\\/product\\\/kaska-petzl-vertex-orange\\\/#primaryimage\"},\"thumbnailUrl\":\"https:\\\/\\\/xstyle.md\\\/wp-content\\\/uploads\\\/2021\\\/05\\\/petzl-vertex-orange.png\",\"datePublished\":\"2021-05-31T13:34:50+00:00\",\"dateModified\":\"2025-03-19T13:53:27+00:00\",\"description\":\"\u041a\u0430\u0441\u043a\u0430 Petzl Vertex Orange - \u043a\u043e\u043c\u0444\u043e\u0440\u0442\u043d\u0430\u044f \u0437\u0430\u0449\u0438\u0442\u0430 \u0441 \u0441\u0438\u0441\u0442\u0435\u043c\u043e\u0439 CENTERFIT \u0438 FLIP&FIT. \u0421\u043e\u043e\u0442\u0432\u0435\u0442\u0441\u0442\u0432\u0443\u0435\u0442 EN 12492, EN 397 \u0434\u043b\u044f \u0431\u0435\u0437\u043e\u043f\u0430\u0441\u043d\u043e\u0441\u0442\u0438 \u0432 \u043b\u044e\u0431\u044b\u0445 \u0443\u0441\u043b\u043e\u0432\u0438\u044f\u0445.\",\"breadcrumb\":{\"@id\":\"https:\\\/\\\/xstyle.md\\\/product\\\/kaska-petzl-vertex-orange\\\/#breadcrumb\"},\"inLanguage\":\"ro-RO\",\"potentialAction\":[{\"@type\":\"ReadAction\",\"target\":[\"https:\\\/\\\/xstyle.md\\\/product\\\/kaska-petzl-vertex-orange\\\/\"]}]},{\"@type\":\"ImageObject\",\"inLanguage\":\"ro-RO\",\"@id\":\"https:\\\/\\\/xstyle.md\\\/product\\\/kaska-petzl-vertex-orange\\\/#primaryimage\",\"url\":\"https:\\\/\\\/xstyle.md\\\/wp-content\\\/uploads\\\/2021\\\/05\\\/petzl-vertex-orange.png\",\"contentUrl\":\"https:\\\/\\\/xstyle.md\\\/wp-content\\\/uploads\\\/2021\\\/05\\\/petzl-vertex-orange.png\",\"width\":996,\"height\":1200,\"caption\":\"\u041a\u0430\u0441\u043a\u0430 Petzl Vertex \u043e\u0440\u0430\u043d\u0436\u0435\u0432\u0430\u044f \u0434\u043b\u044f \u0430\u043a\u0442\u0438\u0432\u043d\u043e\u0433\u043e \u043e\u0442\u0434\u044b\u0445\u0430 \u043f\u043e\u0445\u043e\u0434\u043e\u0432 \u043a\u0435\u043c\u043f\u0438\u043d\u0433\u0430 \u0430\u043b\u044c\u043f\u0438\u043d\u0438\u0437\u043c\u0430 \u0438 \u043f\u0443\u0442\u0435\u0448\u0435\u0441\u0442\u0432\u0438\u0439 \u0432 \u0438\u043d\u0442\u0435\u0440\u043d\u0435\u0442-\u043c\u0430\u0433\u0430\u0437\u0438\u043d\u0435 \u044d\u043a\u0438\u043f\u0438\u0440\u043e\u0432\u043a\u0438 \u0434\u043b\u044f \u0430\u043a\u0442\u0438\u0432\u043d\u043e\u0439 \u0436\u0438\u0437\u043d\u0438\"},{\"@type\":\"BreadcrumbList\",\"@id\":\"https:\\\/\\\/xstyle.md\\\/product\\\/kaska-petzl-vertex-orange\\\/#breadcrumb\",\"itemListElement\":[{\"@type\":\"ListItem\",\"position\":1,\"name\":\"\u0413\u043b\u0430\u0432\u043d\u0430\u044f \u0441\u0442\u0440\u0430\u043d\u0438\u0446\u0430\",\"item\":\"https:\\\/\\\/xstyle.md\\\/\"},{\"@type\":\"ListItem\",\"position\":2,\"name\":\"\u041c\u0430\u0433\u0430\u0437\u0438\u043d\",\"item\":\"https:\\\/\\\/xstyle.md\\\/shop\\\/\"},{\"@type\":\"ListItem\",\"position\":3,\"name\":\"\u041a\u0430\u0441\u043a\u0430 Petzl Vertex Orange\"}]},{\"@type\":\"WebSite\",\"@id\":\"https:\\\/\\\/xstyle.md\\\/#website\",\"url\":\"https:\\\/\\\/xstyle.md\\\/\",\"name\":\"\u041c\u0430\u0433\u0430\u0437\u0438\u043d Xstyle\",\"description\":\"C\u043d\u0430\u0440\u044f\u0436\u0435\u043d\u0438\u0435 \u0434\u043b\u044f \u0442\u0443\u0440\u0438\u0437\u043c\u0430 \u0438 \u044d\u043a\u0441\u0442\u0440\u0435\u043c\u0430\u043b\u044c\u043d\u044b\u0445 \u0432\u0438\u0434\u043e\u0432 \u0441\u043f\u043e\u0440\u0442\u0430 \u0432 \u041c\u043e\u043b\u0434\u043e\u0432\u0435.. \u0426\u0435\u043d\u044b, \u0444\u043e\u0442\u043e, \u0445\u0430\u0440\u0430\u043a\u0442\u0435\u0440\u0438\u0441\u0442\u0438\u043a\u0438 \u0432 \u041c\u043e\u043b\u0434\u043e\u0432\u0435.\",\"publisher\":{\"@id\":\"https:\\\/\\\/xstyle.md\\\/#organization\"},\"alternateName\":\"X-Style\",\"potentialAction\":[{\"@type\":\"SearchAction\",\"target\":{\"@type\":\"EntryPoint\",\"urlTemplate\":\"https:\\\/\\\/xstyle.md\\\/?s={search_term_string}\"},\"query-input\":{\"@type\":\"PropertyValueSpecification\",\"valueRequired\":true,\"valueName\":\"search_term_string\"}}],\"inLanguage\":\"ro-RO\"},{\"@type\":\"Organization\",\"@id\":\"https:\\\/\\\/xstyle.md\\\/#organization\",\"name\":\"\u041c\u0430\u0433\u0430\u0437\u0438\u043d Xstyle\",\"alternateName\":\"x-style\",\"url\":\"https:\\\/\\\/xstyle.md\\\/\",\"logo\":{\"@type\":\"ImageObject\",\"inLanguage\":\"ro-RO\",\"@id\":\"https:\\\/\\\/xstyle.md\\\/#\\\/schema\\\/logo\\\/image\\\/\",\"url\":\"https:\\\/\\\/xstyle.md\\\/wp-content\\\/uploads\\\/2020\\\/06\\\/logoicon.svg\",\"contentUrl\":\"https:\\\/\\\/xstyle.md\\\/wp-content\\\/uploads\\\/2020\\\/06\\\/logoicon.svg\",\"caption\":\"\u041c\u0430\u0433\u0430\u0437\u0438\u043d Xstyle\"},\"image\":{\"@id\":\"https:\\\/\\\/xstyle.md\\\/#\\\/schema\\\/logo\\\/image\\\/\"},\"sameAs\":[\"https:\\\/\\\/www.facebook.com\\\/xstylemd\",\"https:\\\/\\\/www.instagram.com\\\/xstyle_md\\\/\",\"https:\\\/\\\/t.me\\\/xstyle_outdoor\"],\"hasMerchantReturnPolicy\":{\"@type\":\"MerchantReturnPolicy\",\"merchantReturnLink\":\"https:\\\/\\\/xstyle.md\\\/ro\\\/conditions\\\/\"}}]}<\/script>\n<meta property=\"product:price:amount\" content=\"1840.00\" \/>\n<meta property=\"product:price:currency\" content=\"MDL\" \/>\n<meta property=\"og:availability\" content=\"instock\" \/>\n<meta property=\"product:availability\" content=\"instock\" \/>\n<meta property=\"product:retailer_item_id\" content=\"3342540827295\" \/>\n<meta property=\"product:condition\" content=\"new\" \/>\n<!-- \/ Yoast SEO plugin. -->","yoast_head_json":{"title":"Casc\u0103 Petzl Vertex Orange - Magazin Xstyle","description":"Casca Petzl Vertex Orange - protec\u021bie confortabil\u0103 cu sistemul CENTERFIT \u0219i FLIP&amp;FIT. Respect\u0103 standardele EN 12492, EN 397 pentru siguran\u021b\u0103 \u00een orice condi\u021bii.","robots":{"index":"index","follow":"follow","max-snippet":"max-snippet:-1","max-image-preview":"max-image-preview:large","max-video-preview":"max-video-preview:-1"},"canonical":"https:\/\/xstyle.md\/ro\/produs\/kaska-petzl-vertex-orange\/","og_locale":"ro_RO","og_type":"article","og_title":"\u041a\u0430\u0441\u043a\u0430 Petzl Vertex Orange - \u041c\u0430\u0433\u0430\u0437\u0438\u043d Xstyle","og_description":"\u041a\u0430\u0441\u043a\u0430 Petzl Vertex Orange - \u043a\u043e\u043c\u0444\u043e\u0440\u0442\u043d\u0430\u044f \u0437\u0430\u0449\u0438\u0442\u0430 \u0441 \u0441\u0438\u0441\u0442\u0435\u043c\u043e\u0439 CENTERFIT \u0438 FLIP&FIT. \u0421\u043e\u043e\u0442\u0432\u0435\u0442\u0441\u0442\u0432\u0443\u0435\u0442 EN 12492, EN 397 \u0434\u043b\u044f \u0431\u0435\u0437\u043e\u043f\u0430\u0441\u043d\u043e\u0441\u0442\u0438 \u0432 \u043b\u044e\u0431\u044b\u0445 \u0443\u0441\u043b\u043e\u0432\u0438\u044f\u0445.","og_url":"https:\/\/xstyle.md\/ro\/produs\/kaska-petzl-vertex-orange\/","og_site_name":"\u041c\u0430\u0433\u0430\u0437\u0438\u043d Xstyle","article_publisher":"https:\/\/www.facebook.com\/xstylemd","article_modified_time":"2025-03-19T13:53:27+00:00","og_image":[{"width":996,"height":1200,"url":"https:\/\/xstyle.md\/wp-content\/uploads\/2021\/05\/petzl-vertex-orange.png","type":"image\/png"}],"twitter_card":"summary_large_image","twitter_misc":{"Pre\u021b":"1.840&nbsp;MDL","Disponibilitate":"\u00cen stoc"},"schema":{"@context":"https:\/\/schema.org","@graph":[{"@type":"WebPage","@id":"https:\/\/xstyle.md\/product\/kaska-petzl-vertex-orange\/","url":"https:\/\/xstyle.md\/product\/kaska-petzl-vertex-orange\/","name":"Casc\u0103 Petzl Vertex Orange - Magazin Xstyle","isPartOf":{"@id":"https:\/\/xstyle.md\/#website"},"primaryImageOfPage":{"@id":"https:\/\/xstyle.md\/product\/kaska-petzl-vertex-orange\/#primaryimage"},"image":{"@id":"https:\/\/xstyle.md\/product\/kaska-petzl-vertex-orange\/#primaryimage"},"thumbnailUrl":"https:\/\/xstyle.md\/wp-content\/uploads\/2021\/05\/petzl-vertex-orange.png","datePublished":"2021-05-31T13:34:50+00:00","dateModified":"2025-03-19T13:53:27+00:00","description":"Casca Petzl Vertex Orange - protec\u021bie confortabil\u0103 cu sistemul CENTERFIT \u0219i FLIP&amp;FIT. Respect\u0103 standardele EN 12492, EN 397 pentru siguran\u021b\u0103 \u00een orice condi\u021bii.","breadcrumb":{"@id":"https:\/\/xstyle.md\/product\/kaska-petzl-vertex-orange\/#breadcrumb"},"inLanguage":"ro-RO","potentialAction":[{"@type":"ReadAction","target":["https:\/\/xstyle.md\/product\/kaska-petzl-vertex-orange\/"]}]},{"@type":"ImageObject","inLanguage":"ro-RO","@id":"https:\/\/xstyle.md\/product\/kaska-petzl-vertex-orange\/#primaryimage","url":"https:\/\/xstyle.md\/wp-content\/uploads\/2021\/05\/petzl-vertex-orange.png","contentUrl":"https:\/\/xstyle.md\/wp-content\/uploads\/2021\/05\/petzl-vertex-orange.png","width":996,"height":1200,"caption":"\u041a\u0430\u0441\u043a\u0430 Petzl Vertex \u043e\u0440\u0430\u043d\u0436\u0435\u0432\u0430\u044f \u0434\u043b\u044f \u0430\u043a\u0442\u0438\u0432\u043d\u043e\u0433\u043e \u043e\u0442\u0434\u044b\u0445\u0430 \u043f\u043e\u0445\u043e\u0434\u043e\u0432 \u043a\u0435\u043c\u043f\u0438\u043d\u0433\u0430 \u0430\u043b\u044c\u043f\u0438\u043d\u0438\u0437\u043c\u0430 \u0438 \u043f\u0443\u0442\u0435\u0448\u0435\u0441\u0442\u0432\u0438\u0439 \u0432 \u0438\u043d\u0442\u0435\u0440\u043d\u0435\u0442-\u043c\u0430\u0433\u0430\u0437\u0438\u043d\u0435 \u044d\u043a\u0438\u043f\u0438\u0440\u043e\u0432\u043a\u0438 \u0434\u043b\u044f \u0430\u043a\u0442\u0438\u0432\u043d\u043e\u0439 \u0436\u0438\u0437\u043d\u0438"},{"@type":"BreadcrumbList","@id":"https:\/\/xstyle.md\/product\/kaska-petzl-vertex-orange\/#breadcrumb","itemListElement":[{"@type":"ListItem","position":1,"name":"\u0413\u043b\u0430\u0432\u043d\u0430\u044f \u0441\u0442\u0440\u0430\u043d\u0438\u0446\u0430","item":"https:\/\/xstyle.md\/"},{"@type":"ListItem","position":2,"name":"\u041c\u0430\u0433\u0430\u0437\u0438\u043d","item":"https:\/\/xstyle.md\/shop\/"},{"@type":"ListItem","position":3,"name":"\u041a\u0430\u0441\u043a\u0430 Petzl Vertex Orange"}]},{"@type":"WebSite","@id":"https:\/\/xstyle.md\/#website","url":"https:\/\/xstyle.md\/","name":"Magazinul X-Style","description":"Echipamente pentru turism \u0219i sporturi extreme \u00een Moldova. Pre\u021buri, fotografii, caracteristici \u00een Moldova.","publisher":{"@id":"https:\/\/xstyle.md\/#organization"},"alternateName":"X-Style","potentialAction":[{"@type":"SearchAction","target":{"@type":"EntryPoint","urlTemplate":"https:\/\/xstyle.md\/?s={search_term_string}"},"query-input":{"@type":"PropertyValueSpecification","valueRequired":true,"valueName":"search_term_string"}}],"inLanguage":"ro-RO"},{"@type":"Organization","@id":"https:\/\/xstyle.md\/#organization","name":"Magazinul X-Style","alternateName":"x-style","url":"https:\/\/xstyle.md\/","logo":{"@type":"ImageObject","inLanguage":"ro-RO","@id":"https:\/\/xstyle.md\/#\/schema\/logo\/image\/","url":"https:\/\/xstyle.md\/wp-content\/uploads\/2020\/06\/logoicon.svg","contentUrl":"https:\/\/xstyle.md\/wp-content\/uploads\/2020\/06\/logoicon.svg","caption":"\u041c\u0430\u0433\u0430\u0437\u0438\u043d Xstyle"},"image":{"@id":"https:\/\/xstyle.md\/#\/schema\/logo\/image\/"},"sameAs":["https:\/\/www.facebook.com\/xstylemd","https:\/\/www.instagram.com\/xstyle_md\/","https:\/\/t.me\/xstyle_outdoor"],"hasMerchantReturnPolicy":{"@type":"MerchantReturnPolicy","merchantReturnLink":"https:\/\/xstyle.md\/ro\/conditions\/"}}]},"product_price_amount":"1840.00","product_price_currency":"MDL","og_availability":"instock","product_availability":"instock","product_retailer_item_id":"3342540827295","product_condition":"new"},"_links":{"self":[{"href":"https:\/\/xstyle.md\/ro\/wp-json\/wp\/v2\/product\/34854","targetHints":{"allow":["GET"]}}],"collection":[{"href":"https:\/\/xstyle.md\/ro\/wp-json\/wp\/v2\/product"}],"about":[{"href":"https:\/\/xstyle.md\/ro\/wp-json\/wp\/v2\/types\/product"}],"replies":[{"embeddable":true,"href":"https:\/\/xstyle.md\/ro\/wp-json\/wp\/v2\/comments?post=34854"}],"wp:featuredmedia":[{"embeddable":true,"href":"https:\/\/xstyle.md\/ro\/wp-json\/wp\/v2\/media\/93406"}],"wp:attachment":[{"href":"https:\/\/xstyle.md\/ro\/wp-json\/wp\/v2\/media?parent=34854"}],"wp:term":[{"taxonomy":"product_brand","embeddable":true,"href":"https:\/\/xstyle.md\/ro\/wp-json\/wp\/v2\/product_brand?post=34854"},{"taxonomy":"product_cat","embeddable":true,"href":"https:\/\/xstyle.md\/ro\/wp-json\/wp\/v2\/product_cat?post=34854"},{"taxonomy":"product_tag","embeddable":true,"href":"https:\/\/xstyle.md\/ro\/wp-json\/wp\/v2\/product_tag?post=34854"}],"curies":[{"name":"wp","href":"https:\/\/api.w.org\/{rel}","templated":true}]}}