{"id":34776,"date":"2021-05-31T16:34:19","date_gmt":"2021-05-31T13:34:19","guid":{"rendered":"https:\/\/xstyle.md\/?post_type=product&#038;p=34776"},"modified":"2026-03-19T16:44:55","modified_gmt":"2026-03-19T13:44:55","slug":"kus-kus-s-kljukvoj-i-orehami-idlo","status":"publish","type":"product","link":"https:\/\/xstyle.md\/ro\/produs\/kus-kus-s-kljukvoj-i-orehami-idlo\/","title":{"rendered":"Cuscus cu meri\u0219oare \u0219i nuci IDLO"},"content":{"rendered":"<\/p>\n<p><strong>Cuscus cu meri\u0219oare \u0219i nuci IDLO<\/strong> &#8212; un mic dejun hr\u0103nitor care v\u0103 va s\u0103tura de energie \u0219i arom\u0103 pentru \u00eentreaga zi. Cu\u0219cu\u0219ul luxuriant cu meri\u0219oare, legume suculente \u0219i condimente orientale aromate v\u0103 va asigura o diet\u0103 complet\u0103 \u0219i echilibrat\u0103 cu un efort minim. Acest mic dejun este u\u0219or de preparat \u00een vacan\u021b\u0103, \u00een timpul unei drume\u021bii, la munte sau chiar la birou.<\/p>\n<h3>Particularit\u0103\u021bi<\/h3>\n<ul>\n<li>Fabricat prin uscarea produselor naturale f\u0103r\u0103 utilizarea de conservan\u021bi \u0219i OMG-uri<\/li>\n<li>Ambalate \u00eentr-o pung\u0103 de retort\u0103, care nu numai c\u0103 p\u0103streaz\u0103 produsul, dar serve\u0219te \u0219i ca o ustensil\u0103 la \u00eendem\u00e2n\u0103.<\/li>\n<\/ul>\n<h3>Caracteristici<\/h3>\n<ul>\n<li>Ingrediente &#8212; cu\u0219cu\u0219 (gr\u00e2u dur, ap\u0103), meri\u0219oare uscate, nuci, sm\u00e2nt\u00e2n\u0103 uscat\u0103.<\/li>\n<li>Valoare energetic\u0103 &#8212; 113,9 \/ 398,7 Kcal.<\/li>\n<li>Greutate de m\u00e2ncare uscat\u0103 &#8212; 100 g<\/li>\n<li>Greutatea vasului gata preparat &#8212; 350 g.<\/li>\n<\/ul>\n<h3>Marca<\/h3>\n<p>IDLO este o marc\u0103 ucrainean\u0103 t\u00e2n\u0103r\u0103 din Cern\u0103u\u021bi, care se ocup\u0103 cu produc\u021bia de m\u00e2nc\u0103ruri din produse uscate. Scopul principal al companiei este de a hr\u0103ni bestia interioar\u0103, care se &#171;treze\u0219te&#187; \u00een noi atunci c\u00e2nd ne este foame \u00een cel mai nepotrivit moment. Pentru a face acest lucru, trebuie doar s\u0103 ad\u0103uga\u021bi ap\u0103 clocotit\u0103, s\u0103 amesteca\u021bi, s\u0103 a\u0219tepta\u021bi doar c\u00e2teva minute \u0219i v\u0103 pute\u021bi bucura \u00een siguran\u021b\u0103 de felul de m\u00e2ncare la birou, \u00een vacan\u021b\u0103, la munte sau la pescuit, \u00eentr-o c\u0103l\u0103torie lung\u0103 cu ma\u0219ina. M\u00e2nc\u0103rurile realizate prin uscarea produselor naturale, f\u0103r\u0103 utilizarea de conservan\u021bi \u0219i OMG-uri, p\u0103streaz\u0103 toate vitaminele utile. Iar greutatea redus\u0103 a por\u021biilor este un avantaj major \u00een timpul c\u0103l\u0103toriilor, mai ales \u00een cazul c\u0103l\u0103toriilor lungi. A\u0219adar, m\u00e2ncarea liofilizat\u0103 de la IDLO va fi un companion de n\u0103dejde \u00een orice c\u0103l\u0103torie!<\/p>\n<p><\/p>","protected":false},"excerpt":{"rendered":"<p>Cuscus cu meri\u0219oare \u0219i nuci IDLO<\/p>","protected":false},"featured_media":80612,"comment_status":"open","ping_status":"closed","template":"","meta":{"_acf_changed":false,"inline_featured_image":false},"product_brand":[1370],"product_cat":[465],"product_tag":[],"class_list":{"0":"post-34776","1":"product","2":"type-product","3":"status-publish","4":"has-post-thumbnail","6":"product_brand-idlo","7":"product_cat-sublimated-food","9":"first","10":"instock","11":"shipping-taxable","12":"purchasable","13":"product-type-simple"},"acf":[],"yoast_head":"<!-- This site is optimized with the Yoast SEO plugin v27.4 - https:\/\/yoast.com\/product\/yoast-seo-wordpress\/ -->\n<title>\u041a\u0443\u0441-\u043a\u0443\u0441 \u0441 \u043a\u043b\u044e\u043a\u0432\u043e\u0439 \u0438 \u043e\u0440\u0435\u0445\u0430\u043c\u0438 IDLO - \u041c\u0430\u0433\u0430\u0437\u0438\u043d Xstyle<\/title>\n<meta name=\"description\" content=\"\u041a\u0443\u0441-\u043a\u0443\u0441 \u0441 \u043a\u043b\u044e\u043a\u0432\u043e\u0439 \u0438 \u043e\u0440\u0435\u0445\u0430\u043c\u0438 IDLO \u2014 \u043f\u0438\u0442\u0430\u0442\u0435\u043b\u044c\u043d\u044b\u0439 \u0437\u0430\u0432\u0442\u0440\u0430\u043a, \u043f\u043e\u043b\u043d\u044b\u0439 \u044d\u043d\u0435\u0440\u0433\u0438\u0438 \u0438 \u0430\u0440\u043e\u043c\u0430\u0442\u0430. \u041b\u0435\u0433\u043a\u043e \u0433\u043e\u0442\u043e\u0432\u0438\u0442\u044c \u0434\u043e\u043c\u0430 \u0438\u043b\u0438 \u0432 \u043f\u043e\u0445\u043e\u0434\u0435. \u041f\u043e\u043f\u0440\u043e\u0431\u0443\u0439\u0442\u0435 \u0443\u0436\u0435 \u0441\u0435\u0433\u043e\u0434\u043d\u044f!\" \/>\n<meta name=\"robots\" content=\"index, follow, max-snippet:-1, max-image-preview:large, max-video-preview:-1\" \/>\n<link rel=\"canonical\" href=\"https:\/\/xstyle.md\/ro\/produs\/kus-kus-s-kljukvoj-i-orehami-idlo\/\" \/>\n<meta property=\"og:locale\" content=\"ro_RO\" \/>\n<meta property=\"og:type\" content=\"article\" \/>\n<meta property=\"og:title\" content=\"\u041a\u0443\u0441-\u043a\u0443\u0441 \u0441 \u043a\u043b\u044e\u043a\u0432\u043e\u0439 \u0438 \u043e\u0440\u0435\u0445\u0430\u043c\u0438 IDLO - \u041c\u0430\u0433\u0430\u0437\u0438\u043d Xstyle\" \/>\n<meta property=\"og:description\" content=\"\u041a\u0443\u0441-\u043a\u0443\u0441 \u0441 \u043a\u043b\u044e\u043a\u0432\u043e\u0439 \u0438 \u043e\u0440\u0435\u0445\u0430\u043c\u0438 IDLO \u2014 \u043f\u0438\u0442\u0430\u0442\u0435\u043b\u044c\u043d\u044b\u0439 \u0437\u0430\u0432\u0442\u0440\u0430\u043a, \u043f\u043e\u043b\u043d\u044b\u0439 \u044d\u043d\u0435\u0440\u0433\u0438\u0438 \u0438 \u0430\u0440\u043e\u043c\u0430\u0442\u0430. \u041b\u0435\u0433\u043a\u043e \u0433\u043e\u0442\u043e\u0432\u0438\u0442\u044c \u0434\u043e\u043c\u0430 \u0438\u043b\u0438 \u0432 \u043f\u043e\u0445\u043e\u0434\u0435. \u041f\u043e\u043f\u0440\u043e\u0431\u0443\u0439\u0442\u0435 \u0443\u0436\u0435 \u0441\u0435\u0433\u043e\u0434\u043d\u044f!\" \/>\n<meta property=\"og:url\" content=\"https:\/\/xstyle.md\/ro\/produs\/kus-kus-s-kljukvoj-i-orehami-idlo\/\" \/>\n<meta property=\"og:site_name\" content=\"\u041c\u0430\u0433\u0430\u0437\u0438\u043d Xstyle\" \/>\n<meta property=\"article:publisher\" content=\"https:\/\/www.facebook.com\/xstylemd\" \/>\n<meta property=\"article:modified_time\" content=\"2026-03-19T13:44:55+00:00\" \/>\n<meta property=\"og:image\" content=\"https:\/\/xstyle.md\/wp-content\/uploads\/2021\/05\/kus-kus-s-klyukvoj-i-orehami-idlo.jpg\" \/>\n\t<meta property=\"og:image:width\" content=\"1500\" \/>\n\t<meta property=\"og:image:height\" content=\"1498\" \/>\n\t<meta property=\"og:image:type\" content=\"image\/jpeg\" \/>\n<meta name=\"twitter:card\" content=\"summary_large_image\" \/>\n<meta name=\"twitter:label1\" content=\"Pre\u021b\" \/>\n\t<meta name=\"twitter:data1\" content=\"65&nbsp;MDL\" \/>\n\t<meta name=\"twitter:label2\" content=\"Disponibilitate\" \/>\n\t<meta name=\"twitter:data2\" content=\"\u00cen stoc\" \/>\n<script type=\"application\/ld+json\" class=\"yoast-schema-graph\">{\"@context\":\"https:\\\/\\\/schema.org\",\"@graph\":[{\"@type\":\"WebPage\",\"@id\":\"https:\\\/\\\/xstyle.md\\\/product\\\/kus-kus-s-kljukvoj-i-orehami-idlo\\\/\",\"url\":\"https:\\\/\\\/xstyle.md\\\/product\\\/kus-kus-s-kljukvoj-i-orehami-idlo\\\/\",\"name\":\"\u041a\u0443\u0441-\u043a\u0443\u0441 \u0441 \u043a\u043b\u044e\u043a\u0432\u043e\u0439 \u0438 \u043e\u0440\u0435\u0445\u0430\u043c\u0438 IDLO - \u041c\u0430\u0433\u0430\u0437\u0438\u043d Xstyle\",\"isPartOf\":{\"@id\":\"https:\\\/\\\/xstyle.md\\\/#website\"},\"primaryImageOfPage\":{\"@id\":\"https:\\\/\\\/xstyle.md\\\/product\\\/kus-kus-s-kljukvoj-i-orehami-idlo\\\/#primaryimage\"},\"image\":{\"@id\":\"https:\\\/\\\/xstyle.md\\\/product\\\/kus-kus-s-kljukvoj-i-orehami-idlo\\\/#primaryimage\"},\"thumbnailUrl\":\"https:\\\/\\\/xstyle.md\\\/wp-content\\\/uploads\\\/2021\\\/05\\\/kus-kus-s-klyukvoj-i-orehami-idlo.jpg\",\"datePublished\":\"2021-05-31T13:34:19+00:00\",\"dateModified\":\"2026-03-19T13:44:55+00:00\",\"description\":\"\u041a\u0443\u0441-\u043a\u0443\u0441 \u0441 \u043a\u043b\u044e\u043a\u0432\u043e\u0439 \u0438 \u043e\u0440\u0435\u0445\u0430\u043c\u0438 IDLO \u2014 \u043f\u0438\u0442\u0430\u0442\u0435\u043b\u044c\u043d\u044b\u0439 \u0437\u0430\u0432\u0442\u0440\u0430\u043a, \u043f\u043e\u043b\u043d\u044b\u0439 \u044d\u043d\u0435\u0440\u0433\u0438\u0438 \u0438 \u0430\u0440\u043e\u043c\u0430\u0442\u0430. \u041b\u0435\u0433\u043a\u043e \u0433\u043e\u0442\u043e\u0432\u0438\u0442\u044c \u0434\u043e\u043c\u0430 \u0438\u043b\u0438 \u0432 \u043f\u043e\u0445\u043e\u0434\u0435. \u041f\u043e\u043f\u0440\u043e\u0431\u0443\u0439\u0442\u0435 \u0443\u0436\u0435 \u0441\u0435\u0433\u043e\u0434\u043d\u044f!\",\"breadcrumb\":{\"@id\":\"https:\\\/\\\/xstyle.md\\\/product\\\/kus-kus-s-kljukvoj-i-orehami-idlo\\\/#breadcrumb\"},\"inLanguage\":\"ro-RO\",\"potentialAction\":[{\"@type\":\"ReadAction\",\"target\":[\"https:\\\/\\\/xstyle.md\\\/product\\\/kus-kus-s-kljukvoj-i-orehami-idlo\\\/\"]}]},{\"@type\":\"ImageObject\",\"inLanguage\":\"ro-RO\",\"@id\":\"https:\\\/\\\/xstyle.md\\\/product\\\/kus-kus-s-kljukvoj-i-orehami-idlo\\\/#primaryimage\",\"url\":\"https:\\\/\\\/xstyle.md\\\/wp-content\\\/uploads\\\/2021\\\/05\\\/kus-kus-s-klyukvoj-i-orehami-idlo.jpg\",\"contentUrl\":\"https:\\\/\\\/xstyle.md\\\/wp-content\\\/uploads\\\/2021\\\/05\\\/kus-kus-s-klyukvoj-i-orehami-idlo.jpg\",\"width\":1500,\"height\":1498,\"caption\":\"\u0422\u043e\u0432\u0430\u0440\u044b \u0434\u043b\u044f \u0430\u043a\u0442\u0438\u0432\u043d\u043e\u0433\u043e \u043e\u0442\u0434\u044b\u0445\u0430 \u043d\u0430 \u043e\u043d\u043b\u0430\u0439\u043d-\u043c\u0430\u0433\u0430\u0437\u0438\u043d\u0435 \u2014 \u0441\u043f\u043e\u0440\u0442\u0438\u0432\u043d\u0430\u044f \u043e\u0434\u0435\u0436\u0434\u0430, \u043e\u0431\u0443\u0432\u044c \u0434\u043b\u044f \u043f\u043e\u0445\u043e\u0434\u043e\u0432 \u0438 \u043f\u0443\u0442\u0435\u0448\u0435\u0441\u0442\u0432\u0438\u0439, \u0438\u043d\u0434\u0438\u0439\u0441\u043a\u0438\u0439 \u043a\u0443\u0441-\u043a\u0443\u0441 \u0441 \u043a\u043b\u044e\u043a\u0432\u043e\u0439 \u0438 \u043e\u0440\u0435\u0445\u0430\u043c\u0438 \u0434\u043b\u044f \u043b\u044e\u0431\u0438\u0442\u0435\u043b\u0435\u0439 \u0430\u043a\u0442\u0438\u0432\u043d\u043e\u0433\u043e \u043e\u0431\u0440\u0430\u0437\u0430 \u0436\u0438\u0437\u043d\u0438\"},{\"@type\":\"BreadcrumbList\",\"@id\":\"https:\\\/\\\/xstyle.md\\\/product\\\/kus-kus-s-kljukvoj-i-orehami-idlo\\\/#breadcrumb\",\"itemListElement\":[{\"@type\":\"ListItem\",\"position\":1,\"name\":\"\u0413\u043b\u0430\u0432\u043d\u0430\u044f \u0441\u0442\u0440\u0430\u043d\u0438\u0446\u0430\",\"item\":\"https:\\\/\\\/xstyle.md\\\/\"},{\"@type\":\"ListItem\",\"position\":2,\"name\":\"\u041c\u0430\u0433\u0430\u0437\u0438\u043d\",\"item\":\"https:\\\/\\\/xstyle.md\\\/shop\\\/\"},{\"@type\":\"ListItem\",\"position\":3,\"name\":\"\u041a\u0443\u0441-\u043a\u0443\u0441 \u0441 \u043a\u043b\u044e\u043a\u0432\u043e\u0439 \u0438 \u043e\u0440\u0435\u0445\u0430\u043c\u0438 IDLO\"}]},{\"@type\":\"WebSite\",\"@id\":\"https:\\\/\\\/xstyle.md\\\/#website\",\"url\":\"https:\\\/\\\/xstyle.md\\\/\",\"name\":\"\u041c\u0430\u0433\u0430\u0437\u0438\u043d Xstyle\",\"description\":\"C\u043d\u0430\u0440\u044f\u0436\u0435\u043d\u0438\u0435 \u0434\u043b\u044f \u0442\u0443\u0440\u0438\u0437\u043c\u0430 \u0438 \u044d\u043a\u0441\u0442\u0440\u0435\u043c\u0430\u043b\u044c\u043d\u044b\u0445 \u0432\u0438\u0434\u043e\u0432 \u0441\u043f\u043e\u0440\u0442\u0430 \u0432 \u041c\u043e\u043b\u0434\u043e\u0432\u0435.. \u0426\u0435\u043d\u044b, \u0444\u043e\u0442\u043e, \u0445\u0430\u0440\u0430\u043a\u0442\u0435\u0440\u0438\u0441\u0442\u0438\u043a\u0438 \u0432 \u041c\u043e\u043b\u0434\u043e\u0432\u0435.\",\"publisher\":{\"@id\":\"https:\\\/\\\/xstyle.md\\\/#organization\"},\"alternateName\":\"X-Style\",\"potentialAction\":[{\"@type\":\"SearchAction\",\"target\":{\"@type\":\"EntryPoint\",\"urlTemplate\":\"https:\\\/\\\/xstyle.md\\\/?s={search_term_string}\"},\"query-input\":{\"@type\":\"PropertyValueSpecification\",\"valueRequired\":true,\"valueName\":\"search_term_string\"}}],\"inLanguage\":\"ro-RO\"},{\"@type\":\"Organization\",\"@id\":\"https:\\\/\\\/xstyle.md\\\/#organization\",\"name\":\"\u041c\u0430\u0433\u0430\u0437\u0438\u043d Xstyle\",\"alternateName\":\"x-style\",\"url\":\"https:\\\/\\\/xstyle.md\\\/\",\"logo\":{\"@type\":\"ImageObject\",\"inLanguage\":\"ro-RO\",\"@id\":\"https:\\\/\\\/xstyle.md\\\/#\\\/schema\\\/logo\\\/image\\\/\",\"url\":\"https:\\\/\\\/xstyle.md\\\/wp-content\\\/uploads\\\/2020\\\/06\\\/logoicon.svg\",\"contentUrl\":\"https:\\\/\\\/xstyle.md\\\/wp-content\\\/uploads\\\/2020\\\/06\\\/logoicon.svg\",\"caption\":\"\u041c\u0430\u0433\u0430\u0437\u0438\u043d Xstyle\"},\"image\":{\"@id\":\"https:\\\/\\\/xstyle.md\\\/#\\\/schema\\\/logo\\\/image\\\/\"},\"sameAs\":[\"https:\\\/\\\/www.facebook.com\\\/xstylemd\",\"https:\\\/\\\/www.instagram.com\\\/xstyle_md\\\/\",\"https:\\\/\\\/t.me\\\/xstyle_outdoor\"],\"hasMerchantReturnPolicy\":{\"@type\":\"MerchantReturnPolicy\",\"merchantReturnLink\":\"https:\\\/\\\/xstyle.md\\\/ro\\\/conditions\\\/\"}}]}<\/script>\n<meta property=\"product:price:amount\" content=\"65.00\" \/>\n<meta property=\"product:price:currency\" content=\"MDL\" \/>\n<meta property=\"og:availability\" content=\"instock\" \/>\n<meta property=\"product:availability\" content=\"instock\" \/>\n<meta property=\"product:retailer_item_id\" content=\"4820219970330\" \/>\n<meta property=\"product:condition\" content=\"new\" \/>\n<!-- \/ Yoast SEO plugin. -->","yoast_head_json":{"title":"Cuscus cu meri\u0219oare \u0219i nuci IDLO - Magazin Xstyle","description":"Cuscus cu meri\u0219oare \u0219i nuci IDLO \u2014 un mic dejun hr\u0103nitor, plin de energie \u0219i arom\u0103. U\u0219or de preparat acas\u0103 sau \u00een timpul unei excursii. \u00cencerca\u021bi-l chiar ast\u0103zi!","robots":{"index":"index","follow":"follow","max-snippet":"max-snippet:-1","max-image-preview":"max-image-preview:large","max-video-preview":"max-video-preview:-1"},"canonical":"https:\/\/xstyle.md\/ro\/produs\/kus-kus-s-kljukvoj-i-orehami-idlo\/","og_locale":"ro_RO","og_type":"article","og_title":"\u041a\u0443\u0441-\u043a\u0443\u0441 \u0441 \u043a\u043b\u044e\u043a\u0432\u043e\u0439 \u0438 \u043e\u0440\u0435\u0445\u0430\u043c\u0438 IDLO - \u041c\u0430\u0433\u0430\u0437\u0438\u043d Xstyle","og_description":"\u041a\u0443\u0441-\u043a\u0443\u0441 \u0441 \u043a\u043b\u044e\u043a\u0432\u043e\u0439 \u0438 \u043e\u0440\u0435\u0445\u0430\u043c\u0438 IDLO \u2014 \u043f\u0438\u0442\u0430\u0442\u0435\u043b\u044c\u043d\u044b\u0439 \u0437\u0430\u0432\u0442\u0440\u0430\u043a, \u043f\u043e\u043b\u043d\u044b\u0439 \u044d\u043d\u0435\u0440\u0433\u0438\u0438 \u0438 \u0430\u0440\u043e\u043c\u0430\u0442\u0430. \u041b\u0435\u0433\u043a\u043e \u0433\u043e\u0442\u043e\u0432\u0438\u0442\u044c \u0434\u043e\u043c\u0430 \u0438\u043b\u0438 \u0432 \u043f\u043e\u0445\u043e\u0434\u0435. \u041f\u043e\u043f\u0440\u043e\u0431\u0443\u0439\u0442\u0435 \u0443\u0436\u0435 \u0441\u0435\u0433\u043e\u0434\u043d\u044f!","og_url":"https:\/\/xstyle.md\/ro\/produs\/kus-kus-s-kljukvoj-i-orehami-idlo\/","og_site_name":"\u041c\u0430\u0433\u0430\u0437\u0438\u043d Xstyle","article_publisher":"https:\/\/www.facebook.com\/xstylemd","article_modified_time":"2026-03-19T13:44:55+00:00","og_image":[{"width":1500,"height":1498,"url":"https:\/\/xstyle.md\/wp-content\/uploads\/2021\/05\/kus-kus-s-klyukvoj-i-orehami-idlo.jpg","type":"image\/jpeg"}],"twitter_card":"summary_large_image","twitter_misc":{"Pre\u021b":"65&nbsp;MDL","Disponibilitate":"\u00cen stoc"},"schema":{"@context":"https:\/\/schema.org","@graph":[{"@type":"WebPage","@id":"https:\/\/xstyle.md\/product\/kus-kus-s-kljukvoj-i-orehami-idlo\/","url":"https:\/\/xstyle.md\/product\/kus-kus-s-kljukvoj-i-orehami-idlo\/","name":"Cuscus cu meri\u0219oare \u0219i nuci IDLO - Magazin Xstyle","isPartOf":{"@id":"https:\/\/xstyle.md\/#website"},"primaryImageOfPage":{"@id":"https:\/\/xstyle.md\/product\/kus-kus-s-kljukvoj-i-orehami-idlo\/#primaryimage"},"image":{"@id":"https:\/\/xstyle.md\/product\/kus-kus-s-kljukvoj-i-orehami-idlo\/#primaryimage"},"thumbnailUrl":"https:\/\/xstyle.md\/wp-content\/uploads\/2021\/05\/kus-kus-s-klyukvoj-i-orehami-idlo.jpg","datePublished":"2021-05-31T13:34:19+00:00","dateModified":"2026-03-19T13:44:55+00:00","description":"Cuscus cu meri\u0219oare \u0219i nuci IDLO \u2014 un mic dejun hr\u0103nitor, plin de energie \u0219i arom\u0103. U\u0219or de preparat acas\u0103 sau \u00een timpul unei excursii. \u00cencerca\u021bi-l chiar ast\u0103zi!","breadcrumb":{"@id":"https:\/\/xstyle.md\/product\/kus-kus-s-kljukvoj-i-orehami-idlo\/#breadcrumb"},"inLanguage":"ro-RO","potentialAction":[{"@type":"ReadAction","target":["https:\/\/xstyle.md\/product\/kus-kus-s-kljukvoj-i-orehami-idlo\/"]}]},{"@type":"ImageObject","inLanguage":"ro-RO","@id":"https:\/\/xstyle.md\/product\/kus-kus-s-kljukvoj-i-orehami-idlo\/#primaryimage","url":"https:\/\/xstyle.md\/wp-content\/uploads\/2021\/05\/kus-kus-s-klyukvoj-i-orehami-idlo.jpg","contentUrl":"https:\/\/xstyle.md\/wp-content\/uploads\/2021\/05\/kus-kus-s-klyukvoj-i-orehami-idlo.jpg","width":1500,"height":1498,"caption":"\u0422\u043e\u0432\u0430\u0440\u044b \u0434\u043b\u044f \u0430\u043a\u0442\u0438\u0432\u043d\u043e\u0433\u043e \u043e\u0442\u0434\u044b\u0445\u0430 \u043d\u0430 \u043e\u043d\u043b\u0430\u0439\u043d-\u043c\u0430\u0433\u0430\u0437\u0438\u043d\u0435 \u2014 \u0441\u043f\u043e\u0440\u0442\u0438\u0432\u043d\u0430\u044f \u043e\u0434\u0435\u0436\u0434\u0430, \u043e\u0431\u0443\u0432\u044c \u0434\u043b\u044f \u043f\u043e\u0445\u043e\u0434\u043e\u0432 \u0438 \u043f\u0443\u0442\u0435\u0448\u0435\u0441\u0442\u0432\u0438\u0439, \u0438\u043d\u0434\u0438\u0439\u0441\u043a\u0438\u0439 \u043a\u0443\u0441-\u043a\u0443\u0441 \u0441 \u043a\u043b\u044e\u043a\u0432\u043e\u0439 \u0438 \u043e\u0440\u0435\u0445\u0430\u043c\u0438 \u0434\u043b\u044f \u043b\u044e\u0431\u0438\u0442\u0435\u043b\u0435\u0439 \u0430\u043a\u0442\u0438\u0432\u043d\u043e\u0433\u043e \u043e\u0431\u0440\u0430\u0437\u0430 \u0436\u0438\u0437\u043d\u0438"},{"@type":"BreadcrumbList","@id":"https:\/\/xstyle.md\/product\/kus-kus-s-kljukvoj-i-orehami-idlo\/#breadcrumb","itemListElement":[{"@type":"ListItem","position":1,"name":"\u0413\u043b\u0430\u0432\u043d\u0430\u044f \u0441\u0442\u0440\u0430\u043d\u0438\u0446\u0430","item":"https:\/\/xstyle.md\/"},{"@type":"ListItem","position":2,"name":"\u041c\u0430\u0433\u0430\u0437\u0438\u043d","item":"https:\/\/xstyle.md\/shop\/"},{"@type":"ListItem","position":3,"name":"\u041a\u0443\u0441-\u043a\u0443\u0441 \u0441 \u043a\u043b\u044e\u043a\u0432\u043e\u0439 \u0438 \u043e\u0440\u0435\u0445\u0430\u043c\u0438 IDLO"}]},{"@type":"WebSite","@id":"https:\/\/xstyle.md\/#website","url":"https:\/\/xstyle.md\/","name":"Magazinul X-Style","description":"Echipamente pentru turism \u0219i sporturi extreme \u00een Moldova. Pre\u021buri, fotografii, caracteristici \u00een Moldova.","publisher":{"@id":"https:\/\/xstyle.md\/#organization"},"alternateName":"X-Style","potentialAction":[{"@type":"SearchAction","target":{"@type":"EntryPoint","urlTemplate":"https:\/\/xstyle.md\/?s={search_term_string}"},"query-input":{"@type":"PropertyValueSpecification","valueRequired":true,"valueName":"search_term_string"}}],"inLanguage":"ro-RO"},{"@type":"Organization","@id":"https:\/\/xstyle.md\/#organization","name":"Magazinul X-Style","alternateName":"x-style","url":"https:\/\/xstyle.md\/","logo":{"@type":"ImageObject","inLanguage":"ro-RO","@id":"https:\/\/xstyle.md\/#\/schema\/logo\/image\/","url":"https:\/\/xstyle.md\/wp-content\/uploads\/2020\/06\/logoicon.svg","contentUrl":"https:\/\/xstyle.md\/wp-content\/uploads\/2020\/06\/logoicon.svg","caption":"\u041c\u0430\u0433\u0430\u0437\u0438\u043d Xstyle"},"image":{"@id":"https:\/\/xstyle.md\/#\/schema\/logo\/image\/"},"sameAs":["https:\/\/www.facebook.com\/xstylemd","https:\/\/www.instagram.com\/xstyle_md\/","https:\/\/t.me\/xstyle_outdoor"],"hasMerchantReturnPolicy":{"@type":"MerchantReturnPolicy","merchantReturnLink":"https:\/\/xstyle.md\/ro\/conditions\/"}}]},"product_price_amount":"65.00","product_price_currency":"MDL","og_availability":"instock","product_availability":"instock","product_retailer_item_id":"4820219970330","product_condition":"new"},"post_mailing_queue_ids":[],"_links":{"self":[{"href":"https:\/\/xstyle.md\/ro\/wp-json\/wp\/v2\/product\/34776","targetHints":{"allow":["GET"]}}],"collection":[{"href":"https:\/\/xstyle.md\/ro\/wp-json\/wp\/v2\/product"}],"about":[{"href":"https:\/\/xstyle.md\/ro\/wp-json\/wp\/v2\/types\/product"}],"replies":[{"embeddable":true,"href":"https:\/\/xstyle.md\/ro\/wp-json\/wp\/v2\/comments?post=34776"}],"wp:featuredmedia":[{"embeddable":true,"href":"https:\/\/xstyle.md\/ro\/wp-json\/wp\/v2\/media\/80612"}],"wp:attachment":[{"href":"https:\/\/xstyle.md\/ro\/wp-json\/wp\/v2\/media?parent=34776"}],"wp:term":[{"taxonomy":"product_brand","embeddable":true,"href":"https:\/\/xstyle.md\/ro\/wp-json\/wp\/v2\/product_brand?post=34776"},{"taxonomy":"product_cat","embeddable":true,"href":"https:\/\/xstyle.md\/ro\/wp-json\/wp\/v2\/product_cat?post=34776"},{"taxonomy":"product_tag","embeddable":true,"href":"https:\/\/xstyle.md\/ro\/wp-json\/wp\/v2\/product_tag?post=34776"}],"curies":[{"name":"wp","href":"https:\/\/api.w.org\/{rel}","templated":true}]}}