{"id":32991,"date":"2021-04-30T13:00:02","date_gmt":"2021-04-30T10:00:02","guid":{"rendered":"https:\/\/xstyle.md\/?post_type=product&#038;p=32991"},"modified":"2024-10-20T00:13:27","modified_gmt":"2024-10-19T21:13:27","slug":"vilka-teleskopicheskaja-robens-fire-fork","status":"publish","type":"product","link":"https:\/\/xstyle.md\/ro\/produs\/vilka-teleskopicheskaja-robens-fire-fork\/","title":{"rendered":"Furculi\u021b\u0103 telescopic\u0103 Robens Fire Fork"},"content":{"rendered":"<\/p>\n<p><span data-sheets-value=\"{&quot;1&quot;:2,&quot;2&quot;:&quot;\u0412\u0438\u043b\u043a\u0430 \u0442\u0435\u043b\u0435\u0441\u043a\u043e\u043f\u0438\u0447\u0435\u0441\u043a\u0430\u044f Robens Fire Fork&quot;}\" data-sheets-userformat=\"{&quot;2&quot;:4995,&quot;3&quot;:{&quot;1&quot;:0},&quot;4&quot;:[null,2,14279154],&quot;10&quot;:2,&quot;11&quot;:0,&quot;12&quot;:0,&quot;15&quot;:&quot;Arial&quot;}\"><strong>Robens Fire Fork<\/strong> &#8212; o furculi\u021b\u0103 telescopic\u0103 din o\u021bel cu m\u00e2ner din lemn, potrivit\u0103 pentru a g\u0103ti la foc deschis, de exemplu pe un gr\u0103tar, un gr\u0103tar sau un foc de tab\u0103r\u0103.\u00a0<\/span><\/p>\n<h3>Caracteristici<\/h3>\n<ul>\n<li>Material &#8212; o\u021bel\/lemn<\/li>\n<li>Dimensiuni desf\u0103\u0219urat &#8212; 3,5 x 81 cm (diametru x \u00een\u0103l\u021bime)<\/li>\n<li>Dimensiuni c\u00e2nd este pliat\u0103 &#8212; 3,5 x 19 cm (diametru x H)<\/li>\n<li>Greutate &#8212; 112 g.<\/li>\n<\/ul>\n<h3>Marca<\/h3>\n<p>Istoria m\u0103rcii Robens \u00eencepe \u00een 1973, c\u00e2nd Klaus Robens \u0219i so\u021bia sa au \u00eenfiin\u021bat compania \u00een casa lor din Wenfort, Germania. Biroul companiei se afla la subsol, iar showroom-ul pe peluza din fa\u021b\u0103. Cuno\u0219tin\u021bele vaste ale lui Robens \u00een ceea ce prive\u0219te activit\u0103\u021bile \u00een aer liber \u0219i calitatea ridicat\u0103 au dus la un succes at\u00e2t de mare \u00eenc\u00e2t, \u00een 1988, compania s-a mutat \u00eentr-o cl\u0103dire nou\u0103 \u0219i a colaborat cu designerul industrial Olaf Bracht, care \u00eemp\u0103rt\u0103\u0219ea pasiunea lui Robens.<\/p>\n<p>Brandul Robens s-a impus ca produc\u0103torul ideal de echipamente pentru viata in aer liber, pun\u00e2nd accentul pe o calitate ridicat\u0103 la pre\u021buri rezonabile. \u00cen 2000, Robens a fost achizi\u021bionat de OASE Outdoors \u0219i a fost rebranduit \u00een 2012. Ast\u0103zi, Robens continu\u0103 s\u0103 avanseze, ajut\u00e2nd oamenii s\u0103 \u00ee\u0219i realizeze pasiunea pentru activit\u0103\u021bile \u00een aer liber.<\/p>\n<p><\/p>\n","protected":false},"excerpt":{"rendered":"<p>Furculi\u021b\u0103 telescopic\u0103 Robens Fire Fork<\/p>","protected":false},"featured_media":34457,"comment_status":"open","ping_status":"closed","template":"","meta":{"_acf_changed":false,"inline_featured_image":false},"product_brand":[1275],"product_cat":[915],"product_tag":[],"class_list":{"0":"post-32991","1":"product","2":"type-product","3":"status-publish","4":"has-post-thumbnail","6":"product_brand-outwell","7":"product_cat-accesorii-gratar","9":"first","10":"instock","11":"sale","12":"shipping-taxable","13":"purchasable","14":"product-type-simple"},"acf":[],"yoast_head":"<!-- This site is optimized with the Yoast SEO plugin v27.4 - https:\/\/yoast.com\/product\/yoast-seo-wordpress\/ -->\n<title>\u0412\u0438\u043b\u043a\u0430 \u0442\u0435\u043b\u0435\u0441\u043a\u043e\u043f\u0438\u0447\u0435\u0441\u043a\u0430\u044f Robens Fire Fork - \u041c\u0430\u0433\u0430\u0437\u0438\u043d Xstyle<\/title>\n<meta name=\"description\" content=\"\u0412\u0438\u043b\u043a\u0430 \u0442\u0435\u043b\u0435\u0441\u043a\u043e\u043f\u0438\u0447\u0435\u0441\u043a\u0430\u044f Robens Fire Fork \u2013 \u0438\u0434\u0435\u0430\u043b\u044c\u043d\u044b\u0439 \u0438\u043d\u0441\u0442\u0440\u0443\u043c\u0435\u043d\u0442 \u0434\u043b\u044f \u0433\u043e\u0442\u043e\u0432\u043a\u0438 \u043d\u0430 \u043e\u0442\u043a\u0440\u044b\u0442\u043e\u043c \u043e\u0433\u043d\u0435. \u0423\u0434\u043e\u0431\u043d\u044b\u0439 \u0434\u0438\u0437\u0430\u0439\u043d, \u0441\u0442\u0430\u043b\u044c\u043d\u043e\u0439 \u043c\u0430\u0442\u0435\u0440\u0438\u0430\u043b, \u043b\u0435\u0433\u043a\u043e\u0441\u0442\u044c \u0432 \u0438\u0441\u043f\u043e\u043b\u044c\u0437\u043e\u0432\u0430\u043d\u0438\u0438!\" \/>\n<meta name=\"robots\" content=\"index, follow, max-snippet:-1, max-image-preview:large, max-video-preview:-1\" \/>\n<link rel=\"canonical\" href=\"https:\/\/xstyle.md\/ro\/produs\/vilka-teleskopicheskaja-robens-fire-fork\/\" \/>\n<meta property=\"og:locale\" content=\"ro_RO\" \/>\n<meta property=\"og:type\" content=\"article\" \/>\n<meta property=\"og:title\" content=\"\u0412\u0438\u043b\u043a\u0430 \u0442\u0435\u043b\u0435\u0441\u043a\u043e\u043f\u0438\u0447\u0435\u0441\u043a\u0430\u044f Robens Fire Fork - \u041c\u0430\u0433\u0430\u0437\u0438\u043d Xstyle\" \/>\n<meta property=\"og:description\" content=\"\u0412\u0438\u043b\u043a\u0430 \u0442\u0435\u043b\u0435\u0441\u043a\u043e\u043f\u0438\u0447\u0435\u0441\u043a\u0430\u044f Robens Fire Fork \u2013 \u0438\u0434\u0435\u0430\u043b\u044c\u043d\u044b\u0439 \u0438\u043d\u0441\u0442\u0440\u0443\u043c\u0435\u043d\u0442 \u0434\u043b\u044f \u0433\u043e\u0442\u043e\u0432\u043a\u0438 \u043d\u0430 \u043e\u0442\u043a\u0440\u044b\u0442\u043e\u043c \u043e\u0433\u043d\u0435. \u0423\u0434\u043e\u0431\u043d\u044b\u0439 \u0434\u0438\u0437\u0430\u0439\u043d, \u0441\u0442\u0430\u043b\u044c\u043d\u043e\u0439 \u043c\u0430\u0442\u0435\u0440\u0438\u0430\u043b, \u043b\u0435\u0433\u043a\u043e\u0441\u0442\u044c \u0432 \u0438\u0441\u043f\u043e\u043b\u044c\u0437\u043e\u0432\u0430\u043d\u0438\u0438!\" \/>\n<meta property=\"og:url\" content=\"https:\/\/xstyle.md\/ro\/produs\/vilka-teleskopicheskaja-robens-fire-fork\/\" \/>\n<meta property=\"og:site_name\" content=\"\u041c\u0430\u0433\u0430\u0437\u0438\u043d Xstyle\" \/>\n<meta property=\"article:publisher\" content=\"https:\/\/www.facebook.com\/xstylemd\" \/>\n<meta property=\"article:modified_time\" content=\"2024-10-19T21:13:27+00:00\" \/>\n<meta property=\"og:image\" content=\"https:\/\/xstyle.md\/wp-content\/uploads\/2021\/04\/robens-fire-fork.jpg\" \/>\n\t<meta property=\"og:image:width\" content=\"1230\" \/>\n\t<meta property=\"og:image:height\" content=\"692\" \/>\n\t<meta property=\"og:image:type\" content=\"image\/jpeg\" \/>\n<meta name=\"twitter:card\" content=\"summary_large_image\" \/>\n<meta name=\"twitter:label1\" content=\"Pre\u021b\" \/>\n\t<meta name=\"twitter:data1\" content=\"248&nbsp;MDL\" \/>\n\t<meta name=\"twitter:label2\" content=\"Disponibilitate\" \/>\n\t<meta name=\"twitter:data2\" content=\"\u00cen stoc\" \/>\n<script type=\"application\/ld+json\" class=\"yoast-schema-graph\">{\"@context\":\"https:\\\/\\\/schema.org\",\"@graph\":[{\"@type\":\"WebPage\",\"@id\":\"https:\\\/\\\/xstyle.md\\\/product\\\/vilka-teleskopicheskaja-robens-fire-fork\\\/\",\"url\":\"https:\\\/\\\/xstyle.md\\\/product\\\/vilka-teleskopicheskaja-robens-fire-fork\\\/\",\"name\":\"\u0412\u0438\u043b\u043a\u0430 \u0442\u0435\u043b\u0435\u0441\u043a\u043e\u043f\u0438\u0447\u0435\u0441\u043a\u0430\u044f Robens Fire Fork - \u041c\u0430\u0433\u0430\u0437\u0438\u043d Xstyle\",\"isPartOf\":{\"@id\":\"https:\\\/\\\/xstyle.md\\\/#website\"},\"primaryImageOfPage\":{\"@id\":\"https:\\\/\\\/xstyle.md\\\/product\\\/vilka-teleskopicheskaja-robens-fire-fork\\\/#primaryimage\"},\"image\":{\"@id\":\"https:\\\/\\\/xstyle.md\\\/product\\\/vilka-teleskopicheskaja-robens-fire-fork\\\/#primaryimage\"},\"thumbnailUrl\":\"https:\\\/\\\/xstyle.md\\\/wp-content\\\/uploads\\\/2021\\\/04\\\/robens-fire-fork.jpg\",\"datePublished\":\"2021-04-30T10:00:02+00:00\",\"dateModified\":\"2024-10-19T21:13:27+00:00\",\"description\":\"\u0412\u0438\u043b\u043a\u0430 \u0442\u0435\u043b\u0435\u0441\u043a\u043e\u043f\u0438\u0447\u0435\u0441\u043a\u0430\u044f Robens Fire Fork \u2013 \u0438\u0434\u0435\u0430\u043b\u044c\u043d\u044b\u0439 \u0438\u043d\u0441\u0442\u0440\u0443\u043c\u0435\u043d\u0442 \u0434\u043b\u044f \u0433\u043e\u0442\u043e\u0432\u043a\u0438 \u043d\u0430 \u043e\u0442\u043a\u0440\u044b\u0442\u043e\u043c \u043e\u0433\u043d\u0435. \u0423\u0434\u043e\u0431\u043d\u044b\u0439 \u0434\u0438\u0437\u0430\u0439\u043d, \u0441\u0442\u0430\u043b\u044c\u043d\u043e\u0439 \u043c\u0430\u0442\u0435\u0440\u0438\u0430\u043b, \u043b\u0435\u0433\u043a\u043e\u0441\u0442\u044c \u0432 \u0438\u0441\u043f\u043e\u043b\u044c\u0437\u043e\u0432\u0430\u043d\u0438\u0438!\",\"breadcrumb\":{\"@id\":\"https:\\\/\\\/xstyle.md\\\/product\\\/vilka-teleskopicheskaja-robens-fire-fork\\\/#breadcrumb\"},\"inLanguage\":\"ro-RO\",\"potentialAction\":[{\"@type\":\"ReadAction\",\"target\":[\"https:\\\/\\\/xstyle.md\\\/product\\\/vilka-teleskopicheskaja-robens-fire-fork\\\/\"]}]},{\"@type\":\"ImageObject\",\"inLanguage\":\"ro-RO\",\"@id\":\"https:\\\/\\\/xstyle.md\\\/product\\\/vilka-teleskopicheskaja-robens-fire-fork\\\/#primaryimage\",\"url\":\"https:\\\/\\\/xstyle.md\\\/wp-content\\\/uploads\\\/2021\\\/04\\\/robens-fire-fork.jpg\",\"contentUrl\":\"https:\\\/\\\/xstyle.md\\\/wp-content\\\/uploads\\\/2021\\\/04\\\/robens-fire-fork.jpg\",\"width\":1230,\"height\":692,\"caption\":\"\u0422\u0435\u043b\u0435\u0441\u043a\u043e\u043f\u0438\u0447\u0435\u0441\u043a\u0430\u044f \u0432\u0438\u043b\u043a\u0430 Robens Fire Fork \u0434\u043b\u044f \u0430\u043a\u0442\u0438\u0432\u043d\u043e\u0433\u043e \u043e\u0442\u0434\u044b\u0445\u0430, \u043f\u043e\u0445\u043e\u0434\u043e\u0432, \u0442\u0443\u0440\u0438\u0437\u043c\u0430 \u0438 \u043f\u0443\u0442\u0435\u0448\u0435\u0441\u0442\u0432\u0438\u0439, \u043f\u043e\u0434\u0445\u043e\u0434\u0438\u0442 \u0434\u043b\u044f \u043e\u0434\u0435\u0436\u0434\u044b \u0438 \u043e\u0431\u0443\u0432\u0438 \u0434\u043b\u044f \u0430\u043a\u0442\u0438\u0432\u043d\u043e\u0433\u043e \u043e\u0431\u0440\u0430\u0437\u0430 \u0436\u0438\u0437\u043d\u0438\"},{\"@type\":\"BreadcrumbList\",\"@id\":\"https:\\\/\\\/xstyle.md\\\/product\\\/vilka-teleskopicheskaja-robens-fire-fork\\\/#breadcrumb\",\"itemListElement\":[{\"@type\":\"ListItem\",\"position\":1,\"name\":\"\u0413\u043b\u0430\u0432\u043d\u0430\u044f \u0441\u0442\u0440\u0430\u043d\u0438\u0446\u0430\",\"item\":\"https:\\\/\\\/xstyle.md\\\/\"},{\"@type\":\"ListItem\",\"position\":2,\"name\":\"\u041c\u0430\u0433\u0430\u0437\u0438\u043d\",\"item\":\"https:\\\/\\\/xstyle.md\\\/shop\\\/\"},{\"@type\":\"ListItem\",\"position\":3,\"name\":\"\u0412\u0438\u043b\u043a\u0430 \u0442\u0435\u043b\u0435\u0441\u043a\u043e\u043f\u0438\u0447\u0435\u0441\u043a\u0430\u044f Robens Fire Fork\"}]},{\"@type\":\"WebSite\",\"@id\":\"https:\\\/\\\/xstyle.md\\\/#website\",\"url\":\"https:\\\/\\\/xstyle.md\\\/\",\"name\":\"\u041c\u0430\u0433\u0430\u0437\u0438\u043d Xstyle\",\"description\":\"C\u043d\u0430\u0440\u044f\u0436\u0435\u043d\u0438\u0435 \u0434\u043b\u044f \u0442\u0443\u0440\u0438\u0437\u043c\u0430 \u0438 \u044d\u043a\u0441\u0442\u0440\u0435\u043c\u0430\u043b\u044c\u043d\u044b\u0445 \u0432\u0438\u0434\u043e\u0432 \u0441\u043f\u043e\u0440\u0442\u0430 \u0432 \u041c\u043e\u043b\u0434\u043e\u0432\u0435.. \u0426\u0435\u043d\u044b, \u0444\u043e\u0442\u043e, \u0445\u0430\u0440\u0430\u043a\u0442\u0435\u0440\u0438\u0441\u0442\u0438\u043a\u0438 \u0432 \u041c\u043e\u043b\u0434\u043e\u0432\u0435.\",\"publisher\":{\"@id\":\"https:\\\/\\\/xstyle.md\\\/#organization\"},\"alternateName\":\"X-Style\",\"potentialAction\":[{\"@type\":\"SearchAction\",\"target\":{\"@type\":\"EntryPoint\",\"urlTemplate\":\"https:\\\/\\\/xstyle.md\\\/?s={search_term_string}\"},\"query-input\":{\"@type\":\"PropertyValueSpecification\",\"valueRequired\":true,\"valueName\":\"search_term_string\"}}],\"inLanguage\":\"ro-RO\"},{\"@type\":\"Organization\",\"@id\":\"https:\\\/\\\/xstyle.md\\\/#organization\",\"name\":\"\u041c\u0430\u0433\u0430\u0437\u0438\u043d Xstyle\",\"alternateName\":\"x-style\",\"url\":\"https:\\\/\\\/xstyle.md\\\/\",\"logo\":{\"@type\":\"ImageObject\",\"inLanguage\":\"ro-RO\",\"@id\":\"https:\\\/\\\/xstyle.md\\\/#\\\/schema\\\/logo\\\/image\\\/\",\"url\":\"https:\\\/\\\/xstyle.md\\\/wp-content\\\/uploads\\\/2020\\\/06\\\/logoicon.svg\",\"contentUrl\":\"https:\\\/\\\/xstyle.md\\\/wp-content\\\/uploads\\\/2020\\\/06\\\/logoicon.svg\",\"caption\":\"\u041c\u0430\u0433\u0430\u0437\u0438\u043d Xstyle\"},\"image\":{\"@id\":\"https:\\\/\\\/xstyle.md\\\/#\\\/schema\\\/logo\\\/image\\\/\"},\"sameAs\":[\"https:\\\/\\\/www.facebook.com\\\/xstylemd\",\"https:\\\/\\\/www.instagram.com\\\/xstyle_md\\\/\",\"https:\\\/\\\/t.me\\\/xstyle_outdoor\"],\"hasMerchantReturnPolicy\":{\"@type\":\"MerchantReturnPolicy\",\"merchantReturnLink\":\"https:\\\/\\\/xstyle.md\\\/ro\\\/conditions\\\/\"}}]}<\/script>\n<meta property=\"product:price:amount\" content=\"248.00\" \/>\n<meta property=\"product:price:currency\" content=\"MDL\" \/>\n<meta property=\"og:availability\" content=\"instock\" \/>\n<meta property=\"product:availability\" content=\"instock\" \/>\n<meta property=\"product:retailer_item_id\" content=\"5709388079947\" \/>\n<meta property=\"product:condition\" content=\"new\" \/>\n<!-- \/ Yoast SEO plugin. -->","yoast_head_json":{"title":"Furculi\u021b\u0103 telescopic\u0103 Robens Fire Fork - Magazin Xstyle","description":"V\u00e2rful telescopic Robens Fire Fork \u2013 instrumentul perfect pentru g\u0103tit la foc deschis. Designul convenabil, materialul din o\u021bel, u\u0219urin\u021ba \u00een utilizare!","robots":{"index":"index","follow":"follow","max-snippet":"max-snippet:-1","max-image-preview":"max-image-preview:large","max-video-preview":"max-video-preview:-1"},"canonical":"https:\/\/xstyle.md\/ro\/produs\/vilka-teleskopicheskaja-robens-fire-fork\/","og_locale":"ro_RO","og_type":"article","og_title":"\u0412\u0438\u043b\u043a\u0430 \u0442\u0435\u043b\u0435\u0441\u043a\u043e\u043f\u0438\u0447\u0435\u0441\u043a\u0430\u044f Robens Fire Fork - \u041c\u0430\u0433\u0430\u0437\u0438\u043d Xstyle","og_description":"\u0412\u0438\u043b\u043a\u0430 \u0442\u0435\u043b\u0435\u0441\u043a\u043e\u043f\u0438\u0447\u0435\u0441\u043a\u0430\u044f Robens Fire Fork \u2013 \u0438\u0434\u0435\u0430\u043b\u044c\u043d\u044b\u0439 \u0438\u043d\u0441\u0442\u0440\u0443\u043c\u0435\u043d\u0442 \u0434\u043b\u044f \u0433\u043e\u0442\u043e\u0432\u043a\u0438 \u043d\u0430 \u043e\u0442\u043a\u0440\u044b\u0442\u043e\u043c \u043e\u0433\u043d\u0435. \u0423\u0434\u043e\u0431\u043d\u044b\u0439 \u0434\u0438\u0437\u0430\u0439\u043d, \u0441\u0442\u0430\u043b\u044c\u043d\u043e\u0439 \u043c\u0430\u0442\u0435\u0440\u0438\u0430\u043b, \u043b\u0435\u0433\u043a\u043e\u0441\u0442\u044c \u0432 \u0438\u0441\u043f\u043e\u043b\u044c\u0437\u043e\u0432\u0430\u043d\u0438\u0438!","og_url":"https:\/\/xstyle.md\/ro\/produs\/vilka-teleskopicheskaja-robens-fire-fork\/","og_site_name":"\u041c\u0430\u0433\u0430\u0437\u0438\u043d Xstyle","article_publisher":"https:\/\/www.facebook.com\/xstylemd","article_modified_time":"2024-10-19T21:13:27+00:00","og_image":[{"width":1230,"height":692,"url":"https:\/\/xstyle.md\/wp-content\/uploads\/2021\/04\/robens-fire-fork.jpg","type":"image\/jpeg"}],"twitter_card":"summary_large_image","twitter_misc":{"Pre\u021b":"248&nbsp;MDL","Disponibilitate":"\u00cen stoc"},"schema":{"@context":"https:\/\/schema.org","@graph":[{"@type":"WebPage","@id":"https:\/\/xstyle.md\/product\/vilka-teleskopicheskaja-robens-fire-fork\/","url":"https:\/\/xstyle.md\/product\/vilka-teleskopicheskaja-robens-fire-fork\/","name":"Furculi\u021b\u0103 telescopic\u0103 Robens Fire Fork - Magazin Xstyle","isPartOf":{"@id":"https:\/\/xstyle.md\/#website"},"primaryImageOfPage":{"@id":"https:\/\/xstyle.md\/product\/vilka-teleskopicheskaja-robens-fire-fork\/#primaryimage"},"image":{"@id":"https:\/\/xstyle.md\/product\/vilka-teleskopicheskaja-robens-fire-fork\/#primaryimage"},"thumbnailUrl":"https:\/\/xstyle.md\/wp-content\/uploads\/2021\/04\/robens-fire-fork.jpg","datePublished":"2021-04-30T10:00:02+00:00","dateModified":"2024-10-19T21:13:27+00:00","description":"V\u00e2rful telescopic Robens Fire Fork \u2013 instrumentul perfect pentru g\u0103tit la foc deschis. Designul convenabil, materialul din o\u021bel, u\u0219urin\u021ba \u00een utilizare!","breadcrumb":{"@id":"https:\/\/xstyle.md\/product\/vilka-teleskopicheskaja-robens-fire-fork\/#breadcrumb"},"inLanguage":"ro-RO","potentialAction":[{"@type":"ReadAction","target":["https:\/\/xstyle.md\/product\/vilka-teleskopicheskaja-robens-fire-fork\/"]}]},{"@type":"ImageObject","inLanguage":"ro-RO","@id":"https:\/\/xstyle.md\/product\/vilka-teleskopicheskaja-robens-fire-fork\/#primaryimage","url":"https:\/\/xstyle.md\/wp-content\/uploads\/2021\/04\/robens-fire-fork.jpg","contentUrl":"https:\/\/xstyle.md\/wp-content\/uploads\/2021\/04\/robens-fire-fork.jpg","width":1230,"height":692,"caption":"\u0422\u0435\u043b\u0435\u0441\u043a\u043e\u043f\u0438\u0447\u0435\u0441\u043a\u0430\u044f \u0432\u0438\u043b\u043a\u0430 Robens Fire Fork \u0434\u043b\u044f \u0430\u043a\u0442\u0438\u0432\u043d\u043e\u0433\u043e \u043e\u0442\u0434\u044b\u0445\u0430, \u043f\u043e\u0445\u043e\u0434\u043e\u0432, \u0442\u0443\u0440\u0438\u0437\u043c\u0430 \u0438 \u043f\u0443\u0442\u0435\u0448\u0435\u0441\u0442\u0432\u0438\u0439, \u043f\u043e\u0434\u0445\u043e\u0434\u0438\u0442 \u0434\u043b\u044f \u043e\u0434\u0435\u0436\u0434\u044b \u0438 \u043e\u0431\u0443\u0432\u0438 \u0434\u043b\u044f \u0430\u043a\u0442\u0438\u0432\u043d\u043e\u0433\u043e \u043e\u0431\u0440\u0430\u0437\u0430 \u0436\u0438\u0437\u043d\u0438"},{"@type":"BreadcrumbList","@id":"https:\/\/xstyle.md\/product\/vilka-teleskopicheskaja-robens-fire-fork\/#breadcrumb","itemListElement":[{"@type":"ListItem","position":1,"name":"\u0413\u043b\u0430\u0432\u043d\u0430\u044f \u0441\u0442\u0440\u0430\u043d\u0438\u0446\u0430","item":"https:\/\/xstyle.md\/"},{"@type":"ListItem","position":2,"name":"\u041c\u0430\u0433\u0430\u0437\u0438\u043d","item":"https:\/\/xstyle.md\/shop\/"},{"@type":"ListItem","position":3,"name":"\u0412\u0438\u043b\u043a\u0430 \u0442\u0435\u043b\u0435\u0441\u043a\u043e\u043f\u0438\u0447\u0435\u0441\u043a\u0430\u044f Robens Fire Fork"}]},{"@type":"WebSite","@id":"https:\/\/xstyle.md\/#website","url":"https:\/\/xstyle.md\/","name":"Magazinul X-Style","description":"Echipamente pentru turism \u0219i sporturi extreme \u00een Moldova. Pre\u021buri, fotografii, caracteristici \u00een Moldova.","publisher":{"@id":"https:\/\/xstyle.md\/#organization"},"alternateName":"X-Style","potentialAction":[{"@type":"SearchAction","target":{"@type":"EntryPoint","urlTemplate":"https:\/\/xstyle.md\/?s={search_term_string}"},"query-input":{"@type":"PropertyValueSpecification","valueRequired":true,"valueName":"search_term_string"}}],"inLanguage":"ro-RO"},{"@type":"Organization","@id":"https:\/\/xstyle.md\/#organization","name":"Magazinul X-Style","alternateName":"x-style","url":"https:\/\/xstyle.md\/","logo":{"@type":"ImageObject","inLanguage":"ro-RO","@id":"https:\/\/xstyle.md\/#\/schema\/logo\/image\/","url":"https:\/\/xstyle.md\/wp-content\/uploads\/2020\/06\/logoicon.svg","contentUrl":"https:\/\/xstyle.md\/wp-content\/uploads\/2020\/06\/logoicon.svg","caption":"\u041c\u0430\u0433\u0430\u0437\u0438\u043d Xstyle"},"image":{"@id":"https:\/\/xstyle.md\/#\/schema\/logo\/image\/"},"sameAs":["https:\/\/www.facebook.com\/xstylemd","https:\/\/www.instagram.com\/xstyle_md\/","https:\/\/t.me\/xstyle_outdoor"],"hasMerchantReturnPolicy":{"@type":"MerchantReturnPolicy","merchantReturnLink":"https:\/\/xstyle.md\/ro\/conditions\/"}}]},"product_price_amount":"248.00","product_price_currency":"MDL","og_availability":"instock","product_availability":"instock","product_retailer_item_id":"5709388079947","product_condition":"new"},"_links":{"self":[{"href":"https:\/\/xstyle.md\/ro\/wp-json\/wp\/v2\/product\/32991","targetHints":{"allow":["GET"]}}],"collection":[{"href":"https:\/\/xstyle.md\/ro\/wp-json\/wp\/v2\/product"}],"about":[{"href":"https:\/\/xstyle.md\/ro\/wp-json\/wp\/v2\/types\/product"}],"replies":[{"embeddable":true,"href":"https:\/\/xstyle.md\/ro\/wp-json\/wp\/v2\/comments?post=32991"}],"wp:featuredmedia":[{"embeddable":true,"href":"https:\/\/xstyle.md\/ro\/wp-json\/wp\/v2\/media\/34457"}],"wp:attachment":[{"href":"https:\/\/xstyle.md\/ro\/wp-json\/wp\/v2\/media?parent=32991"}],"wp:term":[{"taxonomy":"product_brand","embeddable":true,"href":"https:\/\/xstyle.md\/ro\/wp-json\/wp\/v2\/product_brand?post=32991"},{"taxonomy":"product_cat","embeddable":true,"href":"https:\/\/xstyle.md\/ro\/wp-json\/wp\/v2\/product_cat?post=32991"},{"taxonomy":"product_tag","embeddable":true,"href":"https:\/\/xstyle.md\/ro\/wp-json\/wp\/v2\/product_tag?post=32991"}],"curies":[{"name":"wp","href":"https:\/\/api.w.org\/{rel}","templated":true}]}}