{"id":32950,"date":"2021-04-30T12:59:47","date_gmt":"2021-04-30T09:59:47","guid":{"rendered":"https:\/\/xstyle.md\/?post_type=product&#038;p=32950"},"modified":"2026-03-19T16:44:16","modified_gmt":"2026-03-19T13:44:16","slug":"holodilnik-dometic-combicool-acx3-40","status":"publish","type":"product","link":"https:\/\/xstyle.md\/ro\/produs\/holodilnik-dometic-combicool-acx3-40\/","title":{"rendered":"Frigider Dometic CombiCool ACX3 40"},"content":{"rendered":"<\/p>\n<p><strong>Dometic CombiCool ACX3 40<\/strong> &#8212; noul frigider portabil cu absorb\u021bie are un volum util de 41 de litri \u0219i poate fi alimentat de la 12\/220 de vol\u021bi sau de la o butelie de gaz. Este o solu\u021bie excelent\u0103 pentru depozitarea \u0219i r\u0103cirea alimentelor la pescuit, la v\u00e2n\u0103toare, \u00eentr-o cas\u0103 de \u021bar\u0103 sau \u00eentr-o caban\u0103 de \u021bar\u0103, precum \u0219i \u00een timpul vacan\u021belor de picnic.<\/p>\n<p>Este capabil s\u0103 scad\u0103 temperatura intern\u0103 p\u00e2n\u0103 la 30\u00b0C sub temperatura ambiant\u0103, iar \u00een zona evaporatorului este capabil chiar s\u0103 \u00eenghe\u021be cuburi de ghea\u021b\u0103 \u00een recipientul special inclus \u00een livrare.<\/p>\n<p>Aceasta este o solu\u021bie universal\u0103 pentru depozitarea alimentelor: \u00een drum spre o vacan\u021b\u0103 o pute\u021bi conecta de la bricheta ma\u0219inii de 12 V, \u00een mediul rural &#8212; de la 220 vol\u021bi, iar \u00een condi\u021bii de autonomie &#8212; de la o butelie de gaz. De asemenea, merit\u0103 remarcat faptul c\u0103 aceste frigidere se caracterizeaz\u0103 printr-o func\u021bionare aproape silen\u021bioas\u0103 \u0219i au un design atractiv, cu un corp durabil \u0219i un capac frumos.<\/p>\n<p>ACX3 40 poate con\u021bine p\u00e2n\u0103 la maximum 67 de cutii de conserve sau 11 sticle verticale de 1,5 litri.<\/p>\n<h3>Particularit\u0103\u021bi<\/h3>\n<ul>\n<li>Alimentat cu gaz, 12 V DC \u0219i 230 V AC &#8212; alimentare garantat\u0103, libertate maxim\u0103!<\/li>\n<li>Func\u021bionarea silen\u021bioas\u0103 \u00eenseamn\u0103 c\u0103 nu exist\u0103 interferen\u021be<\/li>\n<li>Design atractiv<\/li>\n<li>Tav\u0103 pentru cuburi de ghea\u021b\u0103 inclus\u0103<\/li>\n<li>R\u0103cire cu p\u00e2n\u0103 la 30\u00b0C sub temperatura ambiant\u0103<\/li>\n<li>Carcas\u0103 robust\u0103 pentru p\u00e2n\u0103 la 67 de cutii de conserve sau 11 sticle verticale de 1,5 litri<\/li>\n<li>Control al fl\u0103c\u0103rii \u00een trei trepte \u00een modul gaz, reglabil prin termostat pentru 230 V<\/li>\n<li>Carcas\u0103 elegant\u0103 din aluminiu<\/li>\n<li>Reglarea fl\u0103c\u0103rii \u00een trei trepte \u00een modul gaz.<\/li>\n<\/ul>\n<h3>Caracteristici<\/h3>\n<ul>\n<li>Volum total &#8212; 41 litri<\/li>\n<li>Presiunea gazului &#8212; 30 mbar<\/li>\n<li>Consumul de gaz &#8212; 12,6 g\/h<\/li>\n<li>Tensiune de conectare &#8212; 12 V\/220 &#8212; 240 W, 50\/60 Hz<\/li>\n<li>Consum de energie &#8212; 85 W<\/li>\n<li>Capacitate de r\u0103cire &#8212; max. 30 \u00b0C sub temperatura ambiant\u0103<\/li>\n<li>Alimentare electric\u0103 &#8212; 12\/230 V\/gaz<\/li>\n<li>Consum de energie &#8212; 1,6 kWh\/24 ore<\/li>\n<li>Dimensiuni &#8212; 44,2 x 50 48,5 cm<\/li>\n<li>Greutate &#8212; 16 kg.<\/li>\n<\/ul>\n<h3>Marca<\/h3>\n<p>Dometic \u2014 este o marc\u0103 suedez\u0103 de mini-frigidere \u0219i diverse produse pentru confortul c\u0103l\u0103torilor. \u00cenfiin\u021bat\u0103 \u00een 1986, compania continu\u0103 \u00een continuare s\u0103 \u00ee\u0219i \u00eembun\u0103t\u0103\u021beasc\u0103 produsele sub sloganul &#171;Simplificarea vie\u021bii mobile&#187;. Dispozitivele marca Dometic devin din ce \u00een ce mai eficiente, compacte \u0219i elegante, iar gama lor se extinde constant. Ast\u0103zi exist\u0103 un num\u0103r mare de sortimente la v\u00e2nzare, ceea ce permite fiec\u0103rui cump\u0103r\u0103tor s\u0103 fac\u0103 o alegere de succes. Dometic este \u00eentruchiparea confortului, a prospe\u021bimii alimentelor, a siguran\u021bei, pe scurt, a tot ceea ce face ca o c\u0103l\u0103torie lung\u0103 s\u0103 fie pl\u0103cut\u0103.<\/p>\n<p><\/p>","protected":false},"excerpt":{"rendered":"<p>Frigider Dometic CombiCool ACX3 40<\/p>","protected":false},"featured_media":34542,"comment_status":"open","ping_status":"closed","template":"","meta":{"_acf_changed":false,"inline_featured_image":false},"product_brand":[1274],"product_cat":[110],"product_tag":[],"class_list":{"0":"post-32950","1":"product","2":"type-product","3":"status-publish","4":"has-post-thumbnail","6":"product_brand-dometic","7":"product_cat-thermoelectric-refrigerators","9":"first","10":"instock","11":"shipping-taxable","12":"purchasable","13":"product-type-simple"},"acf":[],"yoast_head":"<!-- This site is optimized with the Yoast SEO plugin v27.4 - https:\/\/yoast.com\/product\/yoast-seo-wordpress\/ -->\n<title>\u0425\u043e\u043b\u043e\u0434\u0438\u043b\u044c\u043d\u0438\u043a Dometic CombiCool ACX3 40 - \u041c\u0430\u0433\u0430\u0437\u0438\u043d Xstyle<\/title>\n<meta name=\"description\" content=\"\u041e\u043f\u0438\u0441\u0430\u043d\u0438\u0435: \u0425\u043e\u043b\u043e\u0434\u0438\u043b\u044c\u043d\u0438\u043a Dometic CombiCool ACX3 40 - \u043f\u043e\u0440\u0442\u0430\u0442\u0438\u0432\u043d\u043e\u0435 \u0440\u0435\u0448\u0435\u043d\u0438\u0435 \u043d\u0430 41 \u043b\u0438\u0442\u0440, \u0440\u0430\u0431\u043e\u0442\u0430\u044e\u0449\u0438\u0439 \u043e\u0442 \u044d\u043b\u0435\u043a\u0442\u0440\u0438\u0447\u0435\u0441\u0442\u0432\u0430 \u0438\u043b\u0438 \u0433\u0430\u0437\u0430. \u0418\u0434\u0435\u0430\u043b\u044c\u043d\u043e \u0434\u043b\u044f \u043f\u0443\u0442\u0435\u0448\u0435\u0441\u0442\u0432\u0438\u0439!\" \/>\n<meta name=\"robots\" content=\"index, follow, max-snippet:-1, max-image-preview:large, max-video-preview:-1\" \/>\n<link rel=\"canonical\" href=\"https:\/\/xstyle.md\/ro\/produs\/holodilnik-dometic-combicool-acx3-40\/\" \/>\n<meta property=\"og:locale\" content=\"ro_RO\" \/>\n<meta property=\"og:type\" content=\"article\" \/>\n<meta property=\"og:title\" content=\"\u0425\u043e\u043b\u043e\u0434\u0438\u043b\u044c\u043d\u0438\u043a Dometic CombiCool ACX3 40 - \u041c\u0430\u0433\u0430\u0437\u0438\u043d Xstyle\" \/>\n<meta property=\"og:description\" content=\"\u041e\u043f\u0438\u0441\u0430\u043d\u0438\u0435: \u0425\u043e\u043b\u043e\u0434\u0438\u043b\u044c\u043d\u0438\u043a Dometic CombiCool ACX3 40 - \u043f\u043e\u0440\u0442\u0430\u0442\u0438\u0432\u043d\u043e\u0435 \u0440\u0435\u0448\u0435\u043d\u0438\u0435 \u043d\u0430 41 \u043b\u0438\u0442\u0440, \u0440\u0430\u0431\u043e\u0442\u0430\u044e\u0449\u0438\u0439 \u043e\u0442 \u044d\u043b\u0435\u043a\u0442\u0440\u0438\u0447\u0435\u0441\u0442\u0432\u0430 \u0438\u043b\u0438 \u0433\u0430\u0437\u0430. \u0418\u0434\u0435\u0430\u043b\u044c\u043d\u043e \u0434\u043b\u044f \u043f\u0443\u0442\u0435\u0448\u0435\u0441\u0442\u0432\u0438\u0439!\" \/>\n<meta property=\"og:url\" content=\"https:\/\/xstyle.md\/ro\/produs\/holodilnik-dometic-combicool-acx3-40\/\" \/>\n<meta property=\"og:site_name\" content=\"\u041c\u0430\u0433\u0430\u0437\u0438\u043d Xstyle\" \/>\n<meta property=\"article:publisher\" content=\"https:\/\/www.facebook.com\/xstylemd\" \/>\n<meta property=\"article:modified_time\" content=\"2026-03-19T13:44:16+00:00\" \/>\n<meta property=\"og:image\" content=\"https:\/\/xstyle.md\/wp-content\/uploads\/2021\/04\/dometic-combicool-acx3-40.png\" \/>\n\t<meta property=\"og:image:width\" content=\"580\" \/>\n\t<meta property=\"og:image:height\" content=\"580\" \/>\n\t<meta property=\"og:image:type\" content=\"image\/png\" \/>\n<meta name=\"twitter:card\" content=\"summary_large_image\" \/>\n<meta name=\"twitter:label1\" content=\"Pre\u021b\" \/>\n\t<meta name=\"twitter:data1\" content=\"8.990&nbsp;MDL\" \/>\n\t<meta name=\"twitter:label2\" content=\"Disponibilitate\" \/>\n\t<meta name=\"twitter:data2\" content=\"\u00cen stoc\" \/>\n<script type=\"application\/ld+json\" class=\"yoast-schema-graph\">{\"@context\":\"https:\\\/\\\/schema.org\",\"@graph\":[{\"@type\":\"WebPage\",\"@id\":\"https:\\\/\\\/xstyle.md\\\/product\\\/holodilnik-dometic-combicool-acx3-40\\\/\",\"url\":\"https:\\\/\\\/xstyle.md\\\/product\\\/holodilnik-dometic-combicool-acx3-40\\\/\",\"name\":\"\u0425\u043e\u043b\u043e\u0434\u0438\u043b\u044c\u043d\u0438\u043a Dometic CombiCool ACX3 40 - \u041c\u0430\u0433\u0430\u0437\u0438\u043d Xstyle\",\"isPartOf\":{\"@id\":\"https:\\\/\\\/xstyle.md\\\/#website\"},\"primaryImageOfPage\":{\"@id\":\"https:\\\/\\\/xstyle.md\\\/product\\\/holodilnik-dometic-combicool-acx3-40\\\/#primaryimage\"},\"image\":{\"@id\":\"https:\\\/\\\/xstyle.md\\\/product\\\/holodilnik-dometic-combicool-acx3-40\\\/#primaryimage\"},\"thumbnailUrl\":\"https:\\\/\\\/xstyle.md\\\/wp-content\\\/uploads\\\/2021\\\/04\\\/dometic-combicool-acx3-40.png\",\"datePublished\":\"2021-04-30T09:59:47+00:00\",\"dateModified\":\"2026-03-19T13:44:16+00:00\",\"description\":\"\u041e\u043f\u0438\u0441\u0430\u043d\u0438\u0435: \u0425\u043e\u043b\u043e\u0434\u0438\u043b\u044c\u043d\u0438\u043a Dometic CombiCool ACX3 40 - \u043f\u043e\u0440\u0442\u0430\u0442\u0438\u0432\u043d\u043e\u0435 \u0440\u0435\u0448\u0435\u043d\u0438\u0435 \u043d\u0430 41 \u043b\u0438\u0442\u0440, \u0440\u0430\u0431\u043e\u0442\u0430\u044e\u0449\u0438\u0439 \u043e\u0442 \u044d\u043b\u0435\u043a\u0442\u0440\u0438\u0447\u0435\u0441\u0442\u0432\u0430 \u0438\u043b\u0438 \u0433\u0430\u0437\u0430. \u0418\u0434\u0435\u0430\u043b\u044c\u043d\u043e \u0434\u043b\u044f \u043f\u0443\u0442\u0435\u0448\u0435\u0441\u0442\u0432\u0438\u0439!\",\"breadcrumb\":{\"@id\":\"https:\\\/\\\/xstyle.md\\\/product\\\/holodilnik-dometic-combicool-acx3-40\\\/#breadcrumb\"},\"inLanguage\":\"ro-RO\",\"potentialAction\":[{\"@type\":\"ReadAction\",\"target\":[\"https:\\\/\\\/xstyle.md\\\/product\\\/holodilnik-dometic-combicool-acx3-40\\\/\"]}]},{\"@type\":\"ImageObject\",\"inLanguage\":\"ro-RO\",\"@id\":\"https:\\\/\\\/xstyle.md\\\/product\\\/holodilnik-dometic-combicool-acx3-40\\\/#primaryimage\",\"url\":\"https:\\\/\\\/xstyle.md\\\/wp-content\\\/uploads\\\/2021\\\/04\\\/dometic-combicool-acx3-40.png\",\"contentUrl\":\"https:\\\/\\\/xstyle.md\\\/wp-content\\\/uploads\\\/2021\\\/04\\\/dometic-combicool-acx3-40.png\",\"width\":580,\"height\":580,\"caption\":\"\u041c\u0438\u043d\u0438\u0430\u0442\u044e\u0440\u0430 \u0445\u043e\u043b\u043e\u0434\u0438\u043b\u044c\u043d\u0438\u043a\u0430 Dometic CombiCool ACX3 40 \u0434\u043b\u044f \u0430\u043a\u0442\u0438\u0432\u043d\u043e\u0433\u043e \u043e\u0442\u0434\u044b\u0445\u0430, \u043f\u043e\u0445\u043e\u0434\u043e\u0432 \u0438 \u043f\u0443\u0442\u0435\u0448\u0435\u0441\u0442\u0432\u0438\u0439 \u0432 \u0438\u043d\u0442\u0435\u0440\u043d\u0435\u0442-\u043c\u0430\u0433\u0430\u0437\u0438\u043d\u0435 \u0441\u043f\u043e\u0440\u0442\u0438\u0432\u043d\u043e\u0439 \u043e\u0434\u0435\u0436\u0434\u044b \u0438 \u043e\u0431\u0443\u0432\u0438\"},{\"@type\":\"BreadcrumbList\",\"@id\":\"https:\\\/\\\/xstyle.md\\\/product\\\/holodilnik-dometic-combicool-acx3-40\\\/#breadcrumb\",\"itemListElement\":[{\"@type\":\"ListItem\",\"position\":1,\"name\":\"\u0413\u043b\u0430\u0432\u043d\u0430\u044f \u0441\u0442\u0440\u0430\u043d\u0438\u0446\u0430\",\"item\":\"https:\\\/\\\/xstyle.md\\\/\"},{\"@type\":\"ListItem\",\"position\":2,\"name\":\"\u041c\u0430\u0433\u0430\u0437\u0438\u043d\",\"item\":\"https:\\\/\\\/xstyle.md\\\/shop\\\/\"},{\"@type\":\"ListItem\",\"position\":3,\"name\":\"\u0425\u043e\u043b\u043e\u0434\u0438\u043b\u044c\u043d\u0438\u043a Dometic CombiCool ACX3 40\"}]},{\"@type\":\"WebSite\",\"@id\":\"https:\\\/\\\/xstyle.md\\\/#website\",\"url\":\"https:\\\/\\\/xstyle.md\\\/\",\"name\":\"\u041c\u0430\u0433\u0430\u0437\u0438\u043d Xstyle\",\"description\":\"C\u043d\u0430\u0440\u044f\u0436\u0435\u043d\u0438\u0435 \u0434\u043b\u044f \u0442\u0443\u0440\u0438\u0437\u043c\u0430 \u0438 \u044d\u043a\u0441\u0442\u0440\u0435\u043c\u0430\u043b\u044c\u043d\u044b\u0445 \u0432\u0438\u0434\u043e\u0432 \u0441\u043f\u043e\u0440\u0442\u0430 \u0432 \u041c\u043e\u043b\u0434\u043e\u0432\u0435.. \u0426\u0435\u043d\u044b, \u0444\u043e\u0442\u043e, \u0445\u0430\u0440\u0430\u043a\u0442\u0435\u0440\u0438\u0441\u0442\u0438\u043a\u0438 \u0432 \u041c\u043e\u043b\u0434\u043e\u0432\u0435.\",\"publisher\":{\"@id\":\"https:\\\/\\\/xstyle.md\\\/#organization\"},\"alternateName\":\"X-Style\",\"potentialAction\":[{\"@type\":\"SearchAction\",\"target\":{\"@type\":\"EntryPoint\",\"urlTemplate\":\"https:\\\/\\\/xstyle.md\\\/?s={search_term_string}\"},\"query-input\":{\"@type\":\"PropertyValueSpecification\",\"valueRequired\":true,\"valueName\":\"search_term_string\"}}],\"inLanguage\":\"ro-RO\"},{\"@type\":\"Organization\",\"@id\":\"https:\\\/\\\/xstyle.md\\\/#organization\",\"name\":\"\u041c\u0430\u0433\u0430\u0437\u0438\u043d Xstyle\",\"alternateName\":\"x-style\",\"url\":\"https:\\\/\\\/xstyle.md\\\/\",\"logo\":{\"@type\":\"ImageObject\",\"inLanguage\":\"ro-RO\",\"@id\":\"https:\\\/\\\/xstyle.md\\\/#\\\/schema\\\/logo\\\/image\\\/\",\"url\":\"https:\\\/\\\/xstyle.md\\\/wp-content\\\/uploads\\\/2020\\\/06\\\/logoicon.svg\",\"contentUrl\":\"https:\\\/\\\/xstyle.md\\\/wp-content\\\/uploads\\\/2020\\\/06\\\/logoicon.svg\",\"caption\":\"\u041c\u0430\u0433\u0430\u0437\u0438\u043d Xstyle\"},\"image\":{\"@id\":\"https:\\\/\\\/xstyle.md\\\/#\\\/schema\\\/logo\\\/image\\\/\"},\"sameAs\":[\"https:\\\/\\\/www.facebook.com\\\/xstylemd\",\"https:\\\/\\\/www.instagram.com\\\/xstyle_md\\\/\",\"https:\\\/\\\/t.me\\\/xstyle_outdoor\"],\"hasMerchantReturnPolicy\":{\"@type\":\"MerchantReturnPolicy\",\"merchantReturnLink\":\"https:\\\/\\\/xstyle.md\\\/ro\\\/conditions\\\/\"}}]}<\/script>\n<meta property=\"product:price:amount\" content=\"8990.00\" \/>\n<meta property=\"product:price:currency\" content=\"MDL\" \/>\n<meta property=\"og:availability\" content=\"instock\" \/>\n<meta property=\"product:availability\" content=\"instock\" \/>\n<meta property=\"product:retailer_item_id\" content=\"5999024858849\" \/>\n<meta property=\"product:condition\" content=\"new\" \/>\n<!-- \/ Yoast SEO plugin. -->","yoast_head_json":{"title":"Frigider Dometic CombiCool ACX3 40 - Magazin Xstyle","description":"Descriere: Frigiderul Dometic CombiCool ACX3 40 - solu\u021bie portabil\u0103 de 41 de litri, func\u021bion\u00e2nd cu electricitate sau gaz. Ideal pentru c\u0103l\u0103torii!","robots":{"index":"index","follow":"follow","max-snippet":"max-snippet:-1","max-image-preview":"max-image-preview:large","max-video-preview":"max-video-preview:-1"},"canonical":"https:\/\/xstyle.md\/ro\/produs\/holodilnik-dometic-combicool-acx3-40\/","og_locale":"ro_RO","og_type":"article","og_title":"\u0425\u043e\u043b\u043e\u0434\u0438\u043b\u044c\u043d\u0438\u043a Dometic CombiCool ACX3 40 - \u041c\u0430\u0433\u0430\u0437\u0438\u043d Xstyle","og_description":"\u041e\u043f\u0438\u0441\u0430\u043d\u0438\u0435: \u0425\u043e\u043b\u043e\u0434\u0438\u043b\u044c\u043d\u0438\u043a Dometic CombiCool ACX3 40 - \u043f\u043e\u0440\u0442\u0430\u0442\u0438\u0432\u043d\u043e\u0435 \u0440\u0435\u0448\u0435\u043d\u0438\u0435 \u043d\u0430 41 \u043b\u0438\u0442\u0440, \u0440\u0430\u0431\u043e\u0442\u0430\u044e\u0449\u0438\u0439 \u043e\u0442 \u044d\u043b\u0435\u043a\u0442\u0440\u0438\u0447\u0435\u0441\u0442\u0432\u0430 \u0438\u043b\u0438 \u0433\u0430\u0437\u0430. \u0418\u0434\u0435\u0430\u043b\u044c\u043d\u043e \u0434\u043b\u044f \u043f\u0443\u0442\u0435\u0448\u0435\u0441\u0442\u0432\u0438\u0439!","og_url":"https:\/\/xstyle.md\/ro\/produs\/holodilnik-dometic-combicool-acx3-40\/","og_site_name":"\u041c\u0430\u0433\u0430\u0437\u0438\u043d Xstyle","article_publisher":"https:\/\/www.facebook.com\/xstylemd","article_modified_time":"2026-03-19T13:44:16+00:00","og_image":[{"width":580,"height":580,"url":"https:\/\/xstyle.md\/wp-content\/uploads\/2021\/04\/dometic-combicool-acx3-40.png","type":"image\/png"}],"twitter_card":"summary_large_image","twitter_misc":{"Pre\u021b":"8.990&nbsp;MDL","Disponibilitate":"\u00cen stoc"},"schema":{"@context":"https:\/\/schema.org","@graph":[{"@type":"WebPage","@id":"https:\/\/xstyle.md\/product\/holodilnik-dometic-combicool-acx3-40\/","url":"https:\/\/xstyle.md\/product\/holodilnik-dometic-combicool-acx3-40\/","name":"Frigider Dometic CombiCool ACX3 40 - Magazin Xstyle","isPartOf":{"@id":"https:\/\/xstyle.md\/#website"},"primaryImageOfPage":{"@id":"https:\/\/xstyle.md\/product\/holodilnik-dometic-combicool-acx3-40\/#primaryimage"},"image":{"@id":"https:\/\/xstyle.md\/product\/holodilnik-dometic-combicool-acx3-40\/#primaryimage"},"thumbnailUrl":"https:\/\/xstyle.md\/wp-content\/uploads\/2021\/04\/dometic-combicool-acx3-40.png","datePublished":"2021-04-30T09:59:47+00:00","dateModified":"2026-03-19T13:44:16+00:00","description":"Descriere: Frigiderul Dometic CombiCool ACX3 40 - solu\u021bie portabil\u0103 de 41 de litri, func\u021bion\u00e2nd cu electricitate sau gaz. Ideal pentru c\u0103l\u0103torii!","breadcrumb":{"@id":"https:\/\/xstyle.md\/product\/holodilnik-dometic-combicool-acx3-40\/#breadcrumb"},"inLanguage":"ro-RO","potentialAction":[{"@type":"ReadAction","target":["https:\/\/xstyle.md\/product\/holodilnik-dometic-combicool-acx3-40\/"]}]},{"@type":"ImageObject","inLanguage":"ro-RO","@id":"https:\/\/xstyle.md\/product\/holodilnik-dometic-combicool-acx3-40\/#primaryimage","url":"https:\/\/xstyle.md\/wp-content\/uploads\/2021\/04\/dometic-combicool-acx3-40.png","contentUrl":"https:\/\/xstyle.md\/wp-content\/uploads\/2021\/04\/dometic-combicool-acx3-40.png","width":580,"height":580,"caption":"\u041c\u0438\u043d\u0438\u0430\u0442\u044e\u0440\u0430 \u0445\u043e\u043b\u043e\u0434\u0438\u043b\u044c\u043d\u0438\u043a\u0430 Dometic CombiCool ACX3 40 \u0434\u043b\u044f \u0430\u043a\u0442\u0438\u0432\u043d\u043e\u0433\u043e \u043e\u0442\u0434\u044b\u0445\u0430, \u043f\u043e\u0445\u043e\u0434\u043e\u0432 \u0438 \u043f\u0443\u0442\u0435\u0448\u0435\u0441\u0442\u0432\u0438\u0439 \u0432 \u0438\u043d\u0442\u0435\u0440\u043d\u0435\u0442-\u043c\u0430\u0433\u0430\u0437\u0438\u043d\u0435 \u0441\u043f\u043e\u0440\u0442\u0438\u0432\u043d\u043e\u0439 \u043e\u0434\u0435\u0436\u0434\u044b \u0438 \u043e\u0431\u0443\u0432\u0438"},{"@type":"BreadcrumbList","@id":"https:\/\/xstyle.md\/product\/holodilnik-dometic-combicool-acx3-40\/#breadcrumb","itemListElement":[{"@type":"ListItem","position":1,"name":"\u0413\u043b\u0430\u0432\u043d\u0430\u044f \u0441\u0442\u0440\u0430\u043d\u0438\u0446\u0430","item":"https:\/\/xstyle.md\/"},{"@type":"ListItem","position":2,"name":"\u041c\u0430\u0433\u0430\u0437\u0438\u043d","item":"https:\/\/xstyle.md\/shop\/"},{"@type":"ListItem","position":3,"name":"\u0425\u043e\u043b\u043e\u0434\u0438\u043b\u044c\u043d\u0438\u043a Dometic CombiCool ACX3 40"}]},{"@type":"WebSite","@id":"https:\/\/xstyle.md\/#website","url":"https:\/\/xstyle.md\/","name":"Magazinul X-Style","description":"Echipamente pentru turism \u0219i sporturi extreme \u00een Moldova. Pre\u021buri, fotografii, caracteristici \u00een Moldova.","publisher":{"@id":"https:\/\/xstyle.md\/#organization"},"alternateName":"X-Style","potentialAction":[{"@type":"SearchAction","target":{"@type":"EntryPoint","urlTemplate":"https:\/\/xstyle.md\/?s={search_term_string}"},"query-input":{"@type":"PropertyValueSpecification","valueRequired":true,"valueName":"search_term_string"}}],"inLanguage":"ro-RO"},{"@type":"Organization","@id":"https:\/\/xstyle.md\/#organization","name":"Magazinul X-Style","alternateName":"x-style","url":"https:\/\/xstyle.md\/","logo":{"@type":"ImageObject","inLanguage":"ro-RO","@id":"https:\/\/xstyle.md\/#\/schema\/logo\/image\/","url":"https:\/\/xstyle.md\/wp-content\/uploads\/2020\/06\/logoicon.svg","contentUrl":"https:\/\/xstyle.md\/wp-content\/uploads\/2020\/06\/logoicon.svg","caption":"\u041c\u0430\u0433\u0430\u0437\u0438\u043d Xstyle"},"image":{"@id":"https:\/\/xstyle.md\/#\/schema\/logo\/image\/"},"sameAs":["https:\/\/www.facebook.com\/xstylemd","https:\/\/www.instagram.com\/xstyle_md\/","https:\/\/t.me\/xstyle_outdoor"],"hasMerchantReturnPolicy":{"@type":"MerchantReturnPolicy","merchantReturnLink":"https:\/\/xstyle.md\/ro\/conditions\/"}}]},"product_price_amount":"8990.00","product_price_currency":"MDL","og_availability":"instock","product_availability":"instock","product_retailer_item_id":"5999024858849","product_condition":"new"},"post_mailing_queue_ids":[],"_links":{"self":[{"href":"https:\/\/xstyle.md\/ro\/wp-json\/wp\/v2\/product\/32950","targetHints":{"allow":["GET"]}}],"collection":[{"href":"https:\/\/xstyle.md\/ro\/wp-json\/wp\/v2\/product"}],"about":[{"href":"https:\/\/xstyle.md\/ro\/wp-json\/wp\/v2\/types\/product"}],"replies":[{"embeddable":true,"href":"https:\/\/xstyle.md\/ro\/wp-json\/wp\/v2\/comments?post=32950"}],"wp:featuredmedia":[{"embeddable":true,"href":"https:\/\/xstyle.md\/ro\/wp-json\/wp\/v2\/media\/34542"}],"wp:attachment":[{"href":"https:\/\/xstyle.md\/ro\/wp-json\/wp\/v2\/media?parent=32950"}],"wp:term":[{"taxonomy":"product_brand","embeddable":true,"href":"https:\/\/xstyle.md\/ro\/wp-json\/wp\/v2\/product_brand?post=32950"},{"taxonomy":"product_cat","embeddable":true,"href":"https:\/\/xstyle.md\/ro\/wp-json\/wp\/v2\/product_cat?post=32950"},{"taxonomy":"product_tag","embeddable":true,"href":"https:\/\/xstyle.md\/ro\/wp-json\/wp\/v2\/product_tag?post=32950"}],"curies":[{"name":"wp","href":"https:\/\/api.w.org\/{rel}","templated":true}]}}