{"id":32357,"date":"2021-04-28T17:25:03","date_gmt":"2021-04-28T14:25:03","guid":{"rendered":"https:\/\/xstyle.md\/product\/strahovochnaja-sistema-petzl-macchu\/"},"modified":"2026-04-15T12:38:20","modified_gmt":"2026-04-15T09:38:20","slug":"strahovochnaja-sistema-petzl-macchu","status":"publish","type":"product","link":"https:\/\/xstyle.md\/ro\/produs\/strahovochnaja-sistema-petzl-macchu\/","title":{"rendered":"Ham Petzl Macchu"},"content":{"rendered":"<\/p>\n<p>Ham <strong>Petzl Macchu<\/strong> &#8212; conceput pentru copii cu o greutate mai mic\u0103 de 40 de kilograme, hamul MACCHU este potrivit pentru c\u0103\u021b\u0103rare. Hamul este complet reglabil \u0219i poate fi completat cu hamul BODY, dac\u0103 este necesar. Acesta v\u0103 va \u00eenso\u021bi copilul \u00een cre\u0219tere de la nivel \u00eencep\u0103tor p\u00e2n\u0103 la nivel avansat de c\u0103\u021b\u0103rare \u0219i este potrivit at\u00e2t pentru asigurarea de sus c\u00e2t \u0219i de jos. Construc\u021bia este identic\u0103 cu cea a hamului pentru adul\u021bi. Exist\u0103 elemente de confort pe cureaua de talie \u0219i pe centurile de la picioare, care ofer\u0103 confort atunci c\u00e2nd v\u0103 ag\u0103\u021ba\u021bi.<\/p>\n<p>Cele dou\u0103 catarame de reglare DOUBLEBACK de pe talie permit reglarea corect\u0103 a hamului \u0219i pozi\u021bionarea simetric\u0103 a punctelor de legare, ceea ce este important atunci c\u00e2nd alege\u021bi un echipament pentru un copil \u00een cre\u0219tere. Culoarea contrastant\u0103 a buclei de siguran\u021b\u0103 v\u0103 permite s\u0103 verifica\u021bi rapid dac\u0103 hamul este montat corect. Hamul are dou\u0103 bucle pentru echipament \u0219i o bucl\u0103 auxiliar\u0103 pentru montarea unui sac de magnezie (pentru a ar\u0103ta ca la adul\u021bi).<\/p>\n<h3>Particularit\u0103\u021bi<\/h3>\n<p><strong>Hamuri inferioare reglabile pentru copii cu greutatea mai mic\u0103 de 40 de kilograme:\u00a0<\/strong><\/p>\n<ul>\n<li>datorit\u0103 gamei largi de ajustare, se adapteaz\u0103 la \u00een\u0103l\u021bimea copilului.<\/li>\n<li>cataramele DOUBLEBACK de pe centura \u0219i de pe centurile picioarelor permit o ajustare rapid\u0103 a m\u0103rimii la hainele de sezon.<\/li>\n<li>bretelele de um\u0103r BODY op\u021bionale ajut\u0103 la men\u021binerea copilului \u00een pozi\u021bie vertical\u0103 atunci c\u00e2nd este at\u00e2rnat \u00een timpul antrenamentului<\/li>\n<\/ul>\n<p><strong>Conceput pentru confort:\u00a0<\/strong><\/p>\n<ul>\n<li>tehnologia de construc\u021bie ENDOFRAME asigur\u0103 o distribu\u021bie optim\u0103 a greut\u0103\u021bii<\/li>\n<li>talie c\u0103ptu\u0219it\u0103 \u0219i m\u00e2nere pentru picioare<\/li>\n<li>centura de talie nu str\u00e2nge \u0219i nu irit\u0103<\/li>\n<\/ul>\n<p><strong>Arat\u0103 la fel ca la adul\u021bi:\u00a0<\/strong><\/p>\n<ul>\n<li>dou\u0103 puncte de legare \u0219i culoarea contrastant\u0103 a buclei de siguran\u021b\u0103 pentru o inspec\u021bie vizual\u0103 rapid\u0103<\/li>\n<li>dou\u0103 bucle rigide pentru echipamente<\/li>\n<li>bucla auxiliar\u0103 \u00een spate pentru sacul de magnezie<\/li>\n<li>benzi elastice deta\u0219abile la spate pe centurile picioarelor<\/li>\n<\/ul>\n<p>Aten\u021bie: Pentru copiii cu \u0219olduri mai pu\u021bin pronun\u021bate, trebuie utilizat \u00eempreun\u0103 cu curelele de um\u0103r BODY pentru a evita r\u0103sturnarea \u00een cazul \u00een care se disloc\u0103 (v\u00e2ndute separat).<\/p>\n<h3>Caracteristici<\/h3>\n<ul>\n<li>Materiale &#8212; nailon, poliester, EVA, poliuretan, o\u021bel<\/li>\n<li>Circumferin\u021ba taliei &#8212; 54-64 cm<\/li>\n<li>Circumferin\u021ba \u0219oldurilor &#8212; 34-44 cm<\/li>\n<li>Greutate &#8212; 335 g<\/li>\n<li>Certificare &#8212; CE EN 12277 tip C, UIAA<\/li>\n<\/ul>\n<h3>Marca<\/h3>\n<p>PETZL este un brand de renume mondial care produce echipamente specializate pentru alpinism, speologie, escalad\u0103 \u0219i alpinism industrial. Compania a fost fondat\u0103 de Fernand Petzel, un om pasionat de speologie de o via\u021b\u0103 \u00eentreag\u0103. La mijlocul anilor 1970, pasiunea sa \u0219i afacerea de familie au crescut \u00een ceva mai mult. Fernand a \u00eenceput s\u0103 modifice dispozitivele existente folosite \u00een speologie \u0219i apoi s\u0103 inventeze unele complet noi.<\/p>\n<p>Gama de produse a companiei s-a extins pentru a include iluminatul, deoarece \u00een \u00eentunericul pe\u0219terilor acesta este unul dintre cele mai importante echipamente necesare. Dup\u0103 speologie, PETZL a creat echipamente pentru alpini\u0219ti \u0219i alpini\u0219ti, iar mai t\u00e2rziu pentru lucrul la \u00een\u0103l\u021bime.<\/p>\n<p>Misiunea PETZL este de a crea instrumente inovatoare care s\u0103 le permit\u0103 b\u0103rba\u021bilor \u0219i femeilor s\u0103 ating\u0103 noi \u00een\u0103l\u021bimi pe vertical\u0103 \u0219i s\u0103 lumineze drumul \u00een \u00eentuneric. Compania se afl\u0103 \u00eentr-o c\u0103utare continu\u0103 a celei mai bune solu\u021bii \u00een toate domeniile de activitate. Performan\u021ba, ergonomia, confortul \u0219i, cel mai important, siguran\u021ba sunt cele mai importante criterii \u00een aceast\u0103 c\u0103utare. Accesul la ceea ce este inaccesibil sau &#171;atingerea a ceea ce este de neatins&#187; este motto-ul s\u0103u de lung\u0103 durat\u0103.<\/p>\n<p><\/p>","protected":false},"excerpt":{"rendered":"<p>Ham Petzl Macchu<\/p>","protected":false},"featured_media":32353,"comment_status":"open","ping_status":"closed","template":"","meta":{"_acf_changed":false,"inline_featured_image":false},"product_brand":[1270],"product_cat":[135],"product_tag":[],"class_list":{"0":"post-32357","1":"product","2":"type-product","3":"status-publish","4":"has-post-thumbnail","6":"product_brand-petzl","7":"product_cat-harnesses","9":"first","10":"instock","11":"shipping-taxable","12":"purchasable","13":"product-type-simple"},"acf":[],"yoast_head":"<!-- This site is optimized with the Yoast SEO plugin v27.4 - https:\/\/yoast.com\/product\/yoast-seo-wordpress\/ -->\n<title>\u0421\u0442\u0440\u0430\u0445\u043e\u0432\u043e\u0447\u043d\u0430\u044f \u0441\u0438\u0441\u0442\u0435\u043c\u0430 Petzl Macchu - \u041c\u0430\u0433\u0430\u0437\u0438\u043d Xstyle<\/title>\n<meta name=\"description\" content=\"\u041e\u0442\u043a\u0440\u043e\u0439\u0442\u0435 \u043c\u0438\u0440 \u043f\u0440\u0438\u043a\u043b\u044e\u0447\u0435\u043d\u0438\u0439 \u0441 \u0441\u0438\u0441\u0442\u0435\u043c\u043e\u0439 Petzl Macchu! \u0411\u0435\u0437\u043e\u043f\u0430\u0441\u043d\u044b\u0439 \u0438 \u0440\u0435\u0433\u0443\u043b\u0438\u0440\u0443\u0435\u043c\u044b\u0439 \u0441\u0442\u0440\u0430\u0445\u043e\u0432\u043e\u0447\u043d\u044b\u0439 \u043f\u043e\u044f\u0441 \u0434\u043b\u044f \u0434\u0435\u0442\u0435\u0439 \u0434\u043e 40 \u043a\u0433. \u0418\u0434\u0435\u0430\u043b\u0435\u043d \u0434\u043b\u044f \u0441\u043a\u0430\u043b\u043e\u043b\u0430\u0437\u0430\u043d\u0438\u044f!\" \/>\n<meta name=\"robots\" content=\"index, follow, max-snippet:-1, max-image-preview:large, max-video-preview:-1\" \/>\n<link rel=\"canonical\" href=\"https:\/\/xstyle.md\/ro\/produs\/strahovochnaja-sistema-petzl-macchu\/\" \/>\n<meta property=\"og:locale\" content=\"ro_RO\" \/>\n<meta property=\"og:type\" content=\"article\" \/>\n<meta property=\"og:title\" content=\"\u0421\u0442\u0440\u0430\u0445\u043e\u0432\u043e\u0447\u043d\u0430\u044f \u0441\u0438\u0441\u0442\u0435\u043c\u0430 Petzl Macchu - \u041c\u0430\u0433\u0430\u0437\u0438\u043d Xstyle\" \/>\n<meta property=\"og:description\" content=\"\u041e\u0442\u043a\u0440\u043e\u0439\u0442\u0435 \u043c\u0438\u0440 \u043f\u0440\u0438\u043a\u043b\u044e\u0447\u0435\u043d\u0438\u0439 \u0441 \u0441\u0438\u0441\u0442\u0435\u043c\u043e\u0439 Petzl Macchu! \u0411\u0435\u0437\u043e\u043f\u0430\u0441\u043d\u044b\u0439 \u0438 \u0440\u0435\u0433\u0443\u043b\u0438\u0440\u0443\u0435\u043c\u044b\u0439 \u0441\u0442\u0440\u0430\u0445\u043e\u0432\u043e\u0447\u043d\u044b\u0439 \u043f\u043e\u044f\u0441 \u0434\u043b\u044f \u0434\u0435\u0442\u0435\u0439 \u0434\u043e 40 \u043a\u0433. \u0418\u0434\u0435\u0430\u043b\u0435\u043d \u0434\u043b\u044f \u0441\u043a\u0430\u043b\u043e\u043b\u0430\u0437\u0430\u043d\u0438\u044f!\" \/>\n<meta property=\"og:url\" content=\"https:\/\/xstyle.md\/ro\/produs\/strahovochnaja-sistema-petzl-macchu\/\" \/>\n<meta property=\"og:site_name\" content=\"\u041c\u0430\u0433\u0430\u0437\u0438\u043d Xstyle\" \/>\n<meta property=\"article:publisher\" content=\"https:\/\/www.facebook.com\/xstylemd\" \/>\n<meta property=\"article:modified_time\" content=\"2026-04-15T09:38:20+00:00\" \/>\n<meta property=\"og:image\" content=\"https:\/\/xstyle.md\/wp-content\/uploads\/2021\/04\/petzl_macchu-1.jpg\" \/>\n\t<meta property=\"og:image:width\" content=\"900\" \/>\n\t<meta property=\"og:image:height\" content=\"923\" \/>\n\t<meta property=\"og:image:type\" content=\"image\/jpeg\" \/>\n<meta name=\"twitter:card\" content=\"summary_large_image\" \/>\n<meta name=\"twitter:label1\" content=\"Pre\u021b\" \/>\n\t<meta name=\"twitter:data1\" content=\"1.290&nbsp;MDL\" \/>\n\t<meta name=\"twitter:label2\" content=\"Disponibilitate\" \/>\n\t<meta name=\"twitter:data2\" content=\"\u00cen stoc\" \/>\n<script type=\"application\/ld+json\" class=\"yoast-schema-graph\">{\"@context\":\"https:\\\/\\\/schema.org\",\"@graph\":[{\"@type\":\"WebPage\",\"@id\":\"https:\\\/\\\/xstyle.md\\\/product\\\/strahovochnaja-sistema-petzl-macchu\\\/\",\"url\":\"https:\\\/\\\/xstyle.md\\\/product\\\/strahovochnaja-sistema-petzl-macchu\\\/\",\"name\":\"\u0421\u0442\u0440\u0430\u0445\u043e\u0432\u043e\u0447\u043d\u0430\u044f \u0441\u0438\u0441\u0442\u0435\u043c\u0430 Petzl Macchu - \u041c\u0430\u0433\u0430\u0437\u0438\u043d Xstyle\",\"isPartOf\":{\"@id\":\"https:\\\/\\\/xstyle.md\\\/#website\"},\"primaryImageOfPage\":{\"@id\":\"https:\\\/\\\/xstyle.md\\\/product\\\/strahovochnaja-sistema-petzl-macchu\\\/#primaryimage\"},\"image\":{\"@id\":\"https:\\\/\\\/xstyle.md\\\/product\\\/strahovochnaja-sistema-petzl-macchu\\\/#primaryimage\"},\"thumbnailUrl\":\"https:\\\/\\\/xstyle.md\\\/wp-content\\\/uploads\\\/2021\\\/04\\\/petzl_macchu-1.jpg\",\"datePublished\":\"2021-04-28T14:25:03+00:00\",\"dateModified\":\"2026-04-15T09:38:20+00:00\",\"description\":\"\u041e\u0442\u043a\u0440\u043e\u0439\u0442\u0435 \u043c\u0438\u0440 \u043f\u0440\u0438\u043a\u043b\u044e\u0447\u0435\u043d\u0438\u0439 \u0441 \u0441\u0438\u0441\u0442\u0435\u043c\u043e\u0439 Petzl Macchu! \u0411\u0435\u0437\u043e\u043f\u0430\u0441\u043d\u044b\u0439 \u0438 \u0440\u0435\u0433\u0443\u043b\u0438\u0440\u0443\u0435\u043c\u044b\u0439 \u0441\u0442\u0440\u0430\u0445\u043e\u0432\u043e\u0447\u043d\u044b\u0439 \u043f\u043e\u044f\u0441 \u0434\u043b\u044f \u0434\u0435\u0442\u0435\u0439 \u0434\u043e 40 \u043a\u0433. \u0418\u0434\u0435\u0430\u043b\u0435\u043d \u0434\u043b\u044f \u0441\u043a\u0430\u043b\u043e\u043b\u0430\u0437\u0430\u043d\u0438\u044f!\",\"breadcrumb\":{\"@id\":\"https:\\\/\\\/xstyle.md\\\/product\\\/strahovochnaja-sistema-petzl-macchu\\\/#breadcrumb\"},\"inLanguage\":\"ro-RO\",\"potentialAction\":[{\"@type\":\"ReadAction\",\"target\":[\"https:\\\/\\\/xstyle.md\\\/product\\\/strahovochnaja-sistema-petzl-macchu\\\/\"]}]},{\"@type\":\"ImageObject\",\"inLanguage\":\"ro-RO\",\"@id\":\"https:\\\/\\\/xstyle.md\\\/product\\\/strahovochnaja-sistema-petzl-macchu\\\/#primaryimage\",\"url\":\"https:\\\/\\\/xstyle.md\\\/wp-content\\\/uploads\\\/2021\\\/04\\\/petzl_macchu-1.jpg\",\"contentUrl\":\"https:\\\/\\\/xstyle.md\\\/wp-content\\\/uploads\\\/2021\\\/04\\\/petzl_macchu-1.jpg\",\"width\":900,\"height\":923,\"caption\":\"\u0420\u0435\u043a\u043e\u043c\u0435\u043d\u0434\u0443\u0435\u043c\u044b\u0435 \u0442\u043e\u0432\u0430\u0440\u044b \u0434\u043b\u044f \u0430\u043a\u0442\u0438\u0432\u043d\u043e\u0433\u043e \u043e\u0431\u0440\u0430\u0437\u0430 \u0436\u0438\u0437\u043d\u0438 - \u043e\u0431\u0443\u0432\u044c, \u043e\u0434\u0435\u0436\u0434\u0430, \u0441\u043d\u0430\u0440\u044f\u0436\u0435\u043d\u0438\u0435 \u0434\u043b\u044f \u0445\u0430\u0439\u043a\u0438\u043d\u0433\u0430, \u0430\u043b\u044c\u043f\u0438\u043d\u0438\u0437\u043c\u0430 \u0438 \u043f\u0443\u0442\u0435\u0448\u0435\u0441\u0442\u0432\u0438\u0439 \u043d\u0430 \u0441\u0430\u0439\u0442\u0435 \u043e\u043d\u043b\u0430\u0439\u043d-\u043c\u0430\u0433\u0430\u0437\u0438\u043d\u0430\"},{\"@type\":\"BreadcrumbList\",\"@id\":\"https:\\\/\\\/xstyle.md\\\/product\\\/strahovochnaja-sistema-petzl-macchu\\\/#breadcrumb\",\"itemListElement\":[{\"@type\":\"ListItem\",\"position\":1,\"name\":\"\u0413\u043b\u0430\u0432\u043d\u0430\u044f \u0441\u0442\u0440\u0430\u043d\u0438\u0446\u0430\",\"item\":\"https:\\\/\\\/xstyle.md\\\/\"},{\"@type\":\"ListItem\",\"position\":2,\"name\":\"\u041c\u0430\u0433\u0430\u0437\u0438\u043d\",\"item\":\"https:\\\/\\\/xstyle.md\\\/shop\\\/\"},{\"@type\":\"ListItem\",\"position\":3,\"name\":\"\u0421\u0442\u0440\u0430\u0445\u043e\u0432\u043e\u0447\u043d\u0430\u044f \u0441\u0438\u0441\u0442\u0435\u043c\u0430 Petzl Macchu\"}]},{\"@type\":\"WebSite\",\"@id\":\"https:\\\/\\\/xstyle.md\\\/#website\",\"url\":\"https:\\\/\\\/xstyle.md\\\/\",\"name\":\"\u041c\u0430\u0433\u0430\u0437\u0438\u043d Xstyle\",\"description\":\"C\u043d\u0430\u0440\u044f\u0436\u0435\u043d\u0438\u0435 \u0434\u043b\u044f \u0442\u0443\u0440\u0438\u0437\u043c\u0430 \u0438 \u044d\u043a\u0441\u0442\u0440\u0435\u043c\u0430\u043b\u044c\u043d\u044b\u0445 \u0432\u0438\u0434\u043e\u0432 \u0441\u043f\u043e\u0440\u0442\u0430 \u0432 \u041c\u043e\u043b\u0434\u043e\u0432\u0435.. \u0426\u0435\u043d\u044b, \u0444\u043e\u0442\u043e, \u0445\u0430\u0440\u0430\u043a\u0442\u0435\u0440\u0438\u0441\u0442\u0438\u043a\u0438 \u0432 \u041c\u043e\u043b\u0434\u043e\u0432\u0435.\",\"publisher\":{\"@id\":\"https:\\\/\\\/xstyle.md\\\/#organization\"},\"alternateName\":\"X-Style\",\"potentialAction\":[{\"@type\":\"SearchAction\",\"target\":{\"@type\":\"EntryPoint\",\"urlTemplate\":\"https:\\\/\\\/xstyle.md\\\/?s={search_term_string}\"},\"query-input\":{\"@type\":\"PropertyValueSpecification\",\"valueRequired\":true,\"valueName\":\"search_term_string\"}}],\"inLanguage\":\"ro-RO\"},{\"@type\":\"Organization\",\"@id\":\"https:\\\/\\\/xstyle.md\\\/#organization\",\"name\":\"\u041c\u0430\u0433\u0430\u0437\u0438\u043d Xstyle\",\"alternateName\":\"x-style\",\"url\":\"https:\\\/\\\/xstyle.md\\\/\",\"logo\":{\"@type\":\"ImageObject\",\"inLanguage\":\"ro-RO\",\"@id\":\"https:\\\/\\\/xstyle.md\\\/#\\\/schema\\\/logo\\\/image\\\/\",\"url\":\"https:\\\/\\\/xstyle.md\\\/wp-content\\\/uploads\\\/2020\\\/06\\\/logoicon.svg\",\"contentUrl\":\"https:\\\/\\\/xstyle.md\\\/wp-content\\\/uploads\\\/2020\\\/06\\\/logoicon.svg\",\"caption\":\"\u041c\u0430\u0433\u0430\u0437\u0438\u043d Xstyle\"},\"image\":{\"@id\":\"https:\\\/\\\/xstyle.md\\\/#\\\/schema\\\/logo\\\/image\\\/\"},\"sameAs\":[\"https:\\\/\\\/www.facebook.com\\\/xstylemd\",\"https:\\\/\\\/www.instagram.com\\\/xstyle_md\\\/\",\"https:\\\/\\\/t.me\\\/xstyle_outdoor\"],\"hasMerchantReturnPolicy\":{\"@type\":\"MerchantReturnPolicy\",\"merchantReturnLink\":\"https:\\\/\\\/xstyle.md\\\/ro\\\/conditions\\\/\"}}]}<\/script>\n<meta property=\"product:price:amount\" content=\"1290.00\" \/>\n<meta property=\"product:price:currency\" content=\"MDL\" \/>\n<meta property=\"og:availability\" content=\"instock\" \/>\n<meta property=\"product:availability\" content=\"instock\" \/>\n<meta property=\"product:retailer_item_id\" content=\"3342540825154\" \/>\n<meta property=\"product:condition\" content=\"new\" \/>\n<!-- \/ Yoast SEO plugin. -->","yoast_head_json":{"title":"Ham Petzl Macchu - Magazin Xstyle","description":"Descoperi\u021bi lumea aventurilor cu sistemul Petzl Macchu! Un ham de siguran\u021b\u0103 \u0219i ajustabil pentru copii de p\u00e2n\u0103 la 40 kg. Ideal pentru escalad\u0103!","robots":{"index":"index","follow":"follow","max-snippet":"max-snippet:-1","max-image-preview":"max-image-preview:large","max-video-preview":"max-video-preview:-1"},"canonical":"https:\/\/xstyle.md\/ro\/produs\/strahovochnaja-sistema-petzl-macchu\/","og_locale":"ro_RO","og_type":"article","og_title":"\u0421\u0442\u0440\u0430\u0445\u043e\u0432\u043e\u0447\u043d\u0430\u044f \u0441\u0438\u0441\u0442\u0435\u043c\u0430 Petzl Macchu - \u041c\u0430\u0433\u0430\u0437\u0438\u043d Xstyle","og_description":"\u041e\u0442\u043a\u0440\u043e\u0439\u0442\u0435 \u043c\u0438\u0440 \u043f\u0440\u0438\u043a\u043b\u044e\u0447\u0435\u043d\u0438\u0439 \u0441 \u0441\u0438\u0441\u0442\u0435\u043c\u043e\u0439 Petzl Macchu! \u0411\u0435\u0437\u043e\u043f\u0430\u0441\u043d\u044b\u0439 \u0438 \u0440\u0435\u0433\u0443\u043b\u0438\u0440\u0443\u0435\u043c\u044b\u0439 \u0441\u0442\u0440\u0430\u0445\u043e\u0432\u043e\u0447\u043d\u044b\u0439 \u043f\u043e\u044f\u0441 \u0434\u043b\u044f \u0434\u0435\u0442\u0435\u0439 \u0434\u043e 40 \u043a\u0433. \u0418\u0434\u0435\u0430\u043b\u0435\u043d \u0434\u043b\u044f \u0441\u043a\u0430\u043b\u043e\u043b\u0430\u0437\u0430\u043d\u0438\u044f!","og_url":"https:\/\/xstyle.md\/ro\/produs\/strahovochnaja-sistema-petzl-macchu\/","og_site_name":"\u041c\u0430\u0433\u0430\u0437\u0438\u043d Xstyle","article_publisher":"https:\/\/www.facebook.com\/xstylemd","article_modified_time":"2026-04-15T09:38:20+00:00","og_image":[{"width":900,"height":923,"url":"https:\/\/xstyle.md\/wp-content\/uploads\/2021\/04\/petzl_macchu-1.jpg","type":"image\/jpeg"}],"twitter_card":"summary_large_image","twitter_misc":{"Pre\u021b":"1.290&nbsp;MDL","Disponibilitate":"\u00cen stoc"},"schema":{"@context":"https:\/\/schema.org","@graph":[{"@type":"WebPage","@id":"https:\/\/xstyle.md\/product\/strahovochnaja-sistema-petzl-macchu\/","url":"https:\/\/xstyle.md\/product\/strahovochnaja-sistema-petzl-macchu\/","name":"Ham Petzl Macchu - Magazin Xstyle","isPartOf":{"@id":"https:\/\/xstyle.md\/#website"},"primaryImageOfPage":{"@id":"https:\/\/xstyle.md\/product\/strahovochnaja-sistema-petzl-macchu\/#primaryimage"},"image":{"@id":"https:\/\/xstyle.md\/product\/strahovochnaja-sistema-petzl-macchu\/#primaryimage"},"thumbnailUrl":"https:\/\/xstyle.md\/wp-content\/uploads\/2021\/04\/petzl_macchu-1.jpg","datePublished":"2021-04-28T14:25:03+00:00","dateModified":"2026-04-15T09:38:20+00:00","description":"Descoperi\u021bi lumea aventurilor cu sistemul Petzl Macchu! Un ham de siguran\u021b\u0103 \u0219i ajustabil pentru copii de p\u00e2n\u0103 la 40 kg. Ideal pentru escalad\u0103!","breadcrumb":{"@id":"https:\/\/xstyle.md\/product\/strahovochnaja-sistema-petzl-macchu\/#breadcrumb"},"inLanguage":"ro-RO","potentialAction":[{"@type":"ReadAction","target":["https:\/\/xstyle.md\/product\/strahovochnaja-sistema-petzl-macchu\/"]}]},{"@type":"ImageObject","inLanguage":"ro-RO","@id":"https:\/\/xstyle.md\/product\/strahovochnaja-sistema-petzl-macchu\/#primaryimage","url":"https:\/\/xstyle.md\/wp-content\/uploads\/2021\/04\/petzl_macchu-1.jpg","contentUrl":"https:\/\/xstyle.md\/wp-content\/uploads\/2021\/04\/petzl_macchu-1.jpg","width":900,"height":923,"caption":"\u0420\u0435\u043a\u043e\u043c\u0435\u043d\u0434\u0443\u0435\u043c\u044b\u0435 \u0442\u043e\u0432\u0430\u0440\u044b \u0434\u043b\u044f \u0430\u043a\u0442\u0438\u0432\u043d\u043e\u0433\u043e \u043e\u0431\u0440\u0430\u0437\u0430 \u0436\u0438\u0437\u043d\u0438 - \u043e\u0431\u0443\u0432\u044c, \u043e\u0434\u0435\u0436\u0434\u0430, \u0441\u043d\u0430\u0440\u044f\u0436\u0435\u043d\u0438\u0435 \u0434\u043b\u044f \u0445\u0430\u0439\u043a\u0438\u043d\u0433\u0430, \u0430\u043b\u044c\u043f\u0438\u043d\u0438\u0437\u043c\u0430 \u0438 \u043f\u0443\u0442\u0435\u0448\u0435\u0441\u0442\u0432\u0438\u0439 \u043d\u0430 \u0441\u0430\u0439\u0442\u0435 \u043e\u043d\u043b\u0430\u0439\u043d-\u043c\u0430\u0433\u0430\u0437\u0438\u043d\u0430"},{"@type":"BreadcrumbList","@id":"https:\/\/xstyle.md\/product\/strahovochnaja-sistema-petzl-macchu\/#breadcrumb","itemListElement":[{"@type":"ListItem","position":1,"name":"\u0413\u043b\u0430\u0432\u043d\u0430\u044f \u0441\u0442\u0440\u0430\u043d\u0438\u0446\u0430","item":"https:\/\/xstyle.md\/"},{"@type":"ListItem","position":2,"name":"\u041c\u0430\u0433\u0430\u0437\u0438\u043d","item":"https:\/\/xstyle.md\/shop\/"},{"@type":"ListItem","position":3,"name":"\u0421\u0442\u0440\u0430\u0445\u043e\u0432\u043e\u0447\u043d\u0430\u044f \u0441\u0438\u0441\u0442\u0435\u043c\u0430 Petzl Macchu"}]},{"@type":"WebSite","@id":"https:\/\/xstyle.md\/#website","url":"https:\/\/xstyle.md\/","name":"Magazinul X-Style","description":"Echipamente pentru turism \u0219i sporturi extreme \u00een Moldova. Pre\u021buri, fotografii, caracteristici \u00een Moldova.","publisher":{"@id":"https:\/\/xstyle.md\/#organization"},"alternateName":"X-Style","potentialAction":[{"@type":"SearchAction","target":{"@type":"EntryPoint","urlTemplate":"https:\/\/xstyle.md\/?s={search_term_string}"},"query-input":{"@type":"PropertyValueSpecification","valueRequired":true,"valueName":"search_term_string"}}],"inLanguage":"ro-RO"},{"@type":"Organization","@id":"https:\/\/xstyle.md\/#organization","name":"Magazinul X-Style","alternateName":"x-style","url":"https:\/\/xstyle.md\/","logo":{"@type":"ImageObject","inLanguage":"ro-RO","@id":"https:\/\/xstyle.md\/#\/schema\/logo\/image\/","url":"https:\/\/xstyle.md\/wp-content\/uploads\/2020\/06\/logoicon.svg","contentUrl":"https:\/\/xstyle.md\/wp-content\/uploads\/2020\/06\/logoicon.svg","caption":"\u041c\u0430\u0433\u0430\u0437\u0438\u043d Xstyle"},"image":{"@id":"https:\/\/xstyle.md\/#\/schema\/logo\/image\/"},"sameAs":["https:\/\/www.facebook.com\/xstylemd","https:\/\/www.instagram.com\/xstyle_md\/","https:\/\/t.me\/xstyle_outdoor"],"hasMerchantReturnPolicy":{"@type":"MerchantReturnPolicy","merchantReturnLink":"https:\/\/xstyle.md\/ro\/conditions\/"}}]},"product_price_amount":"1290.00","product_price_currency":"MDL","og_availability":"instock","product_availability":"instock","product_retailer_item_id":"3342540825154","product_condition":"new"},"post_mailing_queue_ids":[],"_links":{"self":[{"href":"https:\/\/xstyle.md\/ro\/wp-json\/wp\/v2\/product\/32357","targetHints":{"allow":["GET"]}}],"collection":[{"href":"https:\/\/xstyle.md\/ro\/wp-json\/wp\/v2\/product"}],"about":[{"href":"https:\/\/xstyle.md\/ro\/wp-json\/wp\/v2\/types\/product"}],"replies":[{"embeddable":true,"href":"https:\/\/xstyle.md\/ro\/wp-json\/wp\/v2\/comments?post=32357"}],"wp:featuredmedia":[{"embeddable":true,"href":"https:\/\/xstyle.md\/ro\/wp-json\/wp\/v2\/media\/32353"}],"wp:attachment":[{"href":"https:\/\/xstyle.md\/ro\/wp-json\/wp\/v2\/media?parent=32357"}],"wp:term":[{"taxonomy":"product_brand","embeddable":true,"href":"https:\/\/xstyle.md\/ro\/wp-json\/wp\/v2\/product_brand?post=32357"},{"taxonomy":"product_cat","embeddable":true,"href":"https:\/\/xstyle.md\/ro\/wp-json\/wp\/v2\/product_cat?post=32357"},{"taxonomy":"product_tag","embeddable":true,"href":"https:\/\/xstyle.md\/ro\/wp-json\/wp\/v2\/product_tag?post=32357"}],"curies":[{"name":"wp","href":"https:\/\/api.w.org\/{rel}","templated":true}]}}