{"id":32288,"date":"2021-04-28T17:23:11","date_gmt":"2021-04-28T14:23:11","guid":{"rendered":"https:\/\/xstyle.md\/product\/derzhatel-fljagi-m-wave-vario\/"},"modified":"2026-03-19T16:44:00","modified_gmt":"2026-03-19T13:44:00","slug":"derzhatel-fljagi-m-wave-vario","status":"publish","type":"product","link":"https:\/\/dev.xstyle.md\/ro\/produs\/derzhatel-fljagi-m-wave-vario\/","title":{"rendered":"Suport pentru flacoane M-WAVE Vario"},"content":{"rendered":"<\/p>\n<p><strong>M-WAVE Vario<\/strong> &#8212; un suport pentru flacon din nailon cu un design flexibil care v\u0103 permite s\u0103 scoate\u021bi sticla \u00een timpul mersului \u0219i s\u0103 o pune\u021bi \u00eenapoi. Designul suportului pentru sticlu\u021b\u0103 men\u021bine sticla ferm \u00een pozi\u021bie \u0219i, \u00een acela\u0219i timp, permite accesul u\u0219or. Conceput pentru a transporta sticla de biciclet\u0103 pe cadrul bicicletei. Suportul pentru flacon este fixat pe cadrul bicicletei cu dou\u0103 \u0219uruburi. Designul optimizat al suportului pentru biberon se potrive\u0219te cu butelii de toate dimensiunile \u0219i le men\u021bine ferm pe cadru.<\/p>\n<h3>Particularit\u0103\u021bi<\/h3>\n<ul>\n<li>Fabricat din nailon de \u00eenalt\u0103 calitate rezistent la impact<\/li>\n<li>Introducerea \u0219i scoaterea u\u0219oar\u0103 a flaconului de sus sau din fa\u021b\u0103<\/li>\n<li>Compatibil cu toate flacoanele standard<\/li>\n<\/ul>\n<h3>Caracteristici<\/h3>\n<ul>\n<li>\u00cenc\u0103rcare &#8212; sus, \u00een fa\u021b\u0103<\/li>\n<li>Montare &#8212; pe cadru<\/li>\n<li>Material &#8212; nailon<\/li>\n<\/ul>\n<p><\/p>","protected":false},"excerpt":{"rendered":"<p>Suport pentru flacoane M-WAVE Vario<\/p>","protected":false},"featured_media":32285,"comment_status":"open","ping_status":"closed","template":"","meta":{"_acf_changed":false,"inline_featured_image":false},"product_brand":[1372],"product_cat":[406],"product_tag":[],"class_list":{"0":"post-32288","1":"product","2":"type-product","3":"status-publish","4":"has-post-thumbnail","6":"product_brand-messingschlager","7":"product_cat-bike-accessories","9":"first","10":"instock","11":"shipping-taxable","12":"purchasable","13":"product-type-simple"},"acf":[],"yoast_head":"<!-- This site is optimized with the Yoast SEO plugin v27.6 - https:\/\/yoast.com\/product\/yoast-seo-wordpress\/ -->\n<title>\u0414\u0435\u0440\u0436\u0430\u0442\u0435\u043b\u044c \u0444\u043b\u044f\u0433\u0438 M-WAVE Vario - \u041c\u0430\u0433\u0430\u0437\u0438\u043d Xstyle<\/title>\n<meta name=\"description\" content=\"\u0414\u0435\u0440\u0436\u0430\u0442\u0435\u043b\u044c \u0444\u043b\u044f\u0433\u0438 M-WAVE Vario: \u0443\u0434\u043e\u0431\u043d\u044b\u0439 \u0438 \u0433\u0438\u0431\u043a\u0438\u0439, \u0444\u0438\u043a\u0441\u0438\u0440\u0443\u0435\u0442 \u0444\u043b\u044f\u0433\u0443 \u043d\u0430 \u0440\u0430\u043c\u0435 \u0432\u0435\u043b\u043e\u0441\u0438\u043f\u0435\u0434\u0430. \u041b\u0435\u0433\u043a\u0438\u0439 \u0434\u043e\u0441\u0442\u0443\u043f \u0432 \u043f\u0440\u043e\u0446\u0435\u0441\u0441\u0435 \u043a\u0430\u0442\u0430\u043d\u0438\u044f. \u0418\u0434\u0435\u0430\u043b\u0435\u043d \u0434\u043b\u044f \u0430\u043a\u0442\u0438\u0432\u043d\u044b\u0445 \u0432\u0435\u043b\u043e\u044d\u043a\u0441\u043f\u0435\u0434\u0438\u0446\u0438\u0439!\" \/>\n<meta name=\"robots\" content=\"noindex, follow, max-snippet:-1, max-image-preview:large, max-video-preview:-1\" \/>\n<meta property=\"og:locale\" content=\"ro_RO\" \/>\n<meta property=\"og:type\" content=\"article\" \/>\n<meta property=\"og:title\" content=\"\u0414\u0435\u0440\u0436\u0430\u0442\u0435\u043b\u044c \u0444\u043b\u044f\u0433\u0438 M-WAVE Vario - \u041c\u0430\u0433\u0430\u0437\u0438\u043d Xstyle\" \/>\n<meta property=\"og:description\" content=\"\u0414\u0435\u0440\u0436\u0430\u0442\u0435\u043b\u044c \u0444\u043b\u044f\u0433\u0438 M-WAVE Vario: \u0443\u0434\u043e\u0431\u043d\u044b\u0439 \u0438 \u0433\u0438\u0431\u043a\u0438\u0439, \u0444\u0438\u043a\u0441\u0438\u0440\u0443\u0435\u0442 \u0444\u043b\u044f\u0433\u0443 \u043d\u0430 \u0440\u0430\u043c\u0435 \u0432\u0435\u043b\u043e\u0441\u0438\u043f\u0435\u0434\u0430. \u041b\u0435\u0433\u043a\u0438\u0439 \u0434\u043e\u0441\u0442\u0443\u043f \u0432 \u043f\u0440\u043e\u0446\u0435\u0441\u0441\u0435 \u043a\u0430\u0442\u0430\u043d\u0438\u044f. \u0418\u0434\u0435\u0430\u043b\u0435\u043d \u0434\u043b\u044f \u0430\u043a\u0442\u0438\u0432\u043d\u044b\u0445 \u0432\u0435\u043b\u043e\u044d\u043a\u0441\u043f\u0435\u0434\u0438\u0446\u0438\u0439!\" \/>\n<meta property=\"og:url\" content=\"https:\/\/dev.xstyle.md\/ro\/produs\/derzhatel-fljagi-m-wave-vario\/\" \/>\n<meta property=\"og:site_name\" content=\"\u041c\u0430\u0433\u0430\u0437\u0438\u043d Xstyle\" \/>\n<meta property=\"article:publisher\" content=\"https:\/\/www.facebook.com\/xstylemd\" \/>\n<meta property=\"article:modified_time\" content=\"2026-03-19T13:44:00+00:00\" \/>\n<meta property=\"og:image\" content=\"https:\/\/dev.xstyle.md\/wp-content\/uploads\/2021\/04\/m-wave_vario.jpg\" \/>\n\t<meta property=\"og:image:width\" content=\"1500\" \/>\n\t<meta property=\"og:image:height\" content=\"1500\" \/>\n\t<meta property=\"og:image:type\" content=\"image\/jpeg\" \/>\n<meta name=\"twitter:card\" content=\"summary_large_image\" \/>\n<meta name=\"twitter:label1\" content=\"Pre\u021b\" \/>\n\t<meta name=\"twitter:data1\" content=\"95,00&nbsp;MDL\" \/>\n\t<meta name=\"twitter:label2\" content=\"Disponibilitate\" \/>\n\t<meta name=\"twitter:data2\" content=\"\u00cen stoc\" \/>\n<script type=\"application\/ld+json\" class=\"yoast-schema-graph\">{\"@context\":\"https:\\\/\\\/schema.org\",\"@graph\":[{\"@type\":\"WebPage\",\"@id\":\"https:\\\/\\\/dev.xstyle.md\\\/product\\\/derzhatel-fljagi-m-wave-vario\\\/\",\"url\":\"https:\\\/\\\/dev.xstyle.md\\\/product\\\/derzhatel-fljagi-m-wave-vario\\\/\",\"name\":\"\u0414\u0435\u0440\u0436\u0430\u0442\u0435\u043b\u044c \u0444\u043b\u044f\u0433\u0438 M-WAVE Vario - \u041c\u0430\u0433\u0430\u0437\u0438\u043d Xstyle\",\"isPartOf\":{\"@id\":\"https:\\\/\\\/dev.xstyle.md\\\/#website\"},\"primaryImageOfPage\":{\"@id\":\"https:\\\/\\\/dev.xstyle.md\\\/product\\\/derzhatel-fljagi-m-wave-vario\\\/#primaryimage\"},\"image\":{\"@id\":\"https:\\\/\\\/dev.xstyle.md\\\/product\\\/derzhatel-fljagi-m-wave-vario\\\/#primaryimage\"},\"thumbnailUrl\":\"https:\\\/\\\/dev.xstyle.md\\\/wp-content\\\/uploads\\\/2021\\\/04\\\/m-wave_vario.jpg\",\"datePublished\":\"2021-04-28T14:23:11+00:00\",\"dateModified\":\"2026-03-19T13:44:00+00:00\",\"description\":\"\u0414\u0435\u0440\u0436\u0430\u0442\u0435\u043b\u044c \u0444\u043b\u044f\u0433\u0438 M-WAVE Vario: \u0443\u0434\u043e\u0431\u043d\u044b\u0439 \u0438 \u0433\u0438\u0431\u043a\u0438\u0439, \u0444\u0438\u043a\u0441\u0438\u0440\u0443\u0435\u0442 \u0444\u043b\u044f\u0433\u0443 \u043d\u0430 \u0440\u0430\u043c\u0435 \u0432\u0435\u043b\u043e\u0441\u0438\u043f\u0435\u0434\u0430. \u041b\u0435\u0433\u043a\u0438\u0439 \u0434\u043e\u0441\u0442\u0443\u043f \u0432 \u043f\u0440\u043e\u0446\u0435\u0441\u0441\u0435 \u043a\u0430\u0442\u0430\u043d\u0438\u044f. \u0418\u0434\u0435\u0430\u043b\u0435\u043d \u0434\u043b\u044f \u0430\u043a\u0442\u0438\u0432\u043d\u044b\u0445 \u0432\u0435\u043b\u043e\u044d\u043a\u0441\u043f\u0435\u0434\u0438\u0446\u0438\u0439!\",\"breadcrumb\":{\"@id\":\"https:\\\/\\\/dev.xstyle.md\\\/product\\\/derzhatel-fljagi-m-wave-vario\\\/#breadcrumb\"},\"inLanguage\":\"ro-RO\",\"potentialAction\":[{\"@type\":\"ReadAction\",\"target\":[\"https:\\\/\\\/dev.xstyle.md\\\/product\\\/derzhatel-fljagi-m-wave-vario\\\/\"]}]},{\"@type\":\"ImageObject\",\"inLanguage\":\"ro-RO\",\"@id\":\"https:\\\/\\\/dev.xstyle.md\\\/product\\\/derzhatel-fljagi-m-wave-vario\\\/#primaryimage\",\"url\":\"https:\\\/\\\/dev.xstyle.md\\\/wp-content\\\/uploads\\\/2021\\\/04\\\/m-wave_vario.jpg\",\"contentUrl\":\"https:\\\/\\\/dev.xstyle.md\\\/wp-content\\\/uploads\\\/2021\\\/04\\\/m-wave_vario.jpg\",\"width\":1500,\"height\":1500,\"caption\":\"\u0422\u043e\u0432\u0430\u0440\u044b \u0434\u043b\u044f \u0430\u043a\u0442\u0438\u0432\u043d\u043e\u0433\u043e \u043e\u0431\u0440\u0430\u0437\u0430 \u0436\u0438\u0437\u043d\u0438: \u043e\u0434\u0435\u0436\u0434\u0430, \u043e\u0431\u0443\u0432\u044c, \u043f\u043e\u0445\u043e\u0434\u044b, \u0430\u043b\u044c\u043f\u0438\u043d\u0438\u0437\u043c \u0438 \u043f\u0443\u0442\u0435\u0448\u0435\u0441\u0442\u0432\u0438\u044f - \u043c\u0438\u043d\u0438\u0430\u0442\u044e\u0440\u0430 \u0438\u0437\u0434\u0435\u043b\u0438\u044f M-Wave Vario \u0434\u043b\u044f \u043e\u043d\u043b\u0430\u0439\u043d \u043c\u0430\u0433\u0430\u0437\u0438\u043d\u0430\"},{\"@type\":\"BreadcrumbList\",\"@id\":\"https:\\\/\\\/dev.xstyle.md\\\/product\\\/derzhatel-fljagi-m-wave-vario\\\/#breadcrumb\",\"itemListElement\":[{\"@type\":\"ListItem\",\"position\":1,\"name\":\"\u0413\u043b\u0430\u0432\u043d\u0430\u044f \u0441\u0442\u0440\u0430\u043d\u0438\u0446\u0430\",\"item\":\"https:\\\/\\\/dev.xstyle.md\\\/\"},{\"@type\":\"ListItem\",\"position\":2,\"name\":\"Shop\",\"item\":\"https:\\\/\\\/dev.xstyle.md\\\/shop\\\/\"},{\"@type\":\"ListItem\",\"position\":3,\"name\":\"\u0414\u0435\u0440\u0436\u0430\u0442\u0435\u043b\u044c \u0444\u043b\u044f\u0433\u0438 M-WAVE Vario\"}]},{\"@type\":\"WebSite\",\"@id\":\"https:\\\/\\\/dev.xstyle.md\\\/#website\",\"url\":\"https:\\\/\\\/dev.xstyle.md\\\/\",\"name\":\"\u041c\u0430\u0433\u0430\u0437\u0438\u043d Xstyle\",\"description\":\"C\u043d\u0430\u0440\u044f\u0436\u0435\u043d\u0438\u0435 \u0434\u043b\u044f \u0442\u0443\u0440\u0438\u0437\u043c\u0430 \u0438 \u044d\u043a\u0441\u0442\u0440\u0435\u043c\u0430\u043b\u044c\u043d\u044b\u0445 \u0432\u0438\u0434\u043e\u0432 \u0441\u043f\u043e\u0440\u0442\u0430 \u0432 \u041c\u043e\u043b\u0434\u043e\u0432\u0435.. \u0426\u0435\u043d\u044b, \u0444\u043e\u0442\u043e, \u0445\u0430\u0440\u0430\u043a\u0442\u0435\u0440\u0438\u0441\u0442\u0438\u043a\u0438 \u0432 \u041c\u043e\u043b\u0434\u043e\u0432\u0435.\",\"publisher\":{\"@id\":\"https:\\\/\\\/dev.xstyle.md\\\/#organization\"},\"alternateName\":\"X-Style\",\"potentialAction\":[{\"@type\":\"SearchAction\",\"target\":{\"@type\":\"EntryPoint\",\"urlTemplate\":\"https:\\\/\\\/dev.xstyle.md\\\/?s={search_term_string}\"},\"query-input\":{\"@type\":\"PropertyValueSpecification\",\"valueRequired\":true,\"valueName\":\"search_term_string\"}}],\"inLanguage\":\"ro-RO\"},{\"@type\":\"Organization\",\"@id\":\"https:\\\/\\\/dev.xstyle.md\\\/#organization\",\"name\":\"\u041c\u0430\u0433\u0430\u0437\u0438\u043d Xstyle\",\"alternateName\":\"x-style\",\"url\":\"https:\\\/\\\/dev.xstyle.md\\\/\",\"logo\":{\"@type\":\"ImageObject\",\"inLanguage\":\"ro-RO\",\"@id\":\"https:\\\/\\\/dev.xstyle.md\\\/#\\\/schema\\\/logo\\\/image\\\/\",\"url\":\"https:\\\/\\\/dev.xstyle.md\\\/wp-content\\\/uploads\\\/2020\\\/06\\\/logoicon.svg\",\"contentUrl\":\"https:\\\/\\\/dev.xstyle.md\\\/wp-content\\\/uploads\\\/2020\\\/06\\\/logoicon.svg\",\"caption\":\"\u041c\u0430\u0433\u0430\u0437\u0438\u043d Xstyle\"},\"image\":{\"@id\":\"https:\\\/\\\/dev.xstyle.md\\\/#\\\/schema\\\/logo\\\/image\\\/\"},\"sameAs\":[\"https:\\\/\\\/www.facebook.com\\\/xstylemd\",\"https:\\\/\\\/www.instagram.com\\\/xstyle_md\\\/\",\"https:\\\/\\\/t.me\\\/xstyle_outdoor\"],\"hasMerchantReturnPolicy\":{\"@type\":\"MerchantReturnPolicy\",\"merchantReturnLink\":\"https:\\\/\\\/dev.xstyle.md\\\/ro\\\/conditions\\\/\"}}]}<\/script>\n<meta property=\"product:price:amount\" content=\"95.00\" \/>\n<meta property=\"product:price:currency\" content=\"MDL\" \/>\n<meta property=\"og:availability\" content=\"instock\" \/>\n<meta property=\"product:availability\" content=\"instock\" \/>\n<meta property=\"product:retailer_item_id\" content=\"4015493340799\" \/>\n<meta property=\"product:condition\" content=\"new\" \/>\n<!-- \/ Yoast SEO plugin. -->","yoast_head_json":{"title":"Suport pentru flacoane M-WAVE Vario - Magazin Xstyle","description":"Suport pentru sticl\u0103 M-WAVE Vario: comod \u0219i flexibil, fixeaz\u0103 sticla pe cadrul bicicletei. Acces u\u0219or \u00een timpul mersului. Ideal pentru expedi\u021bii pe biciclet\u0103 active!","robots":{"index":"noindex","follow":"follow","max-snippet":"max-snippet:-1","max-image-preview":"max-image-preview:large","max-video-preview":"max-video-preview:-1"},"og_locale":"ro_RO","og_type":"article","og_title":"\u0414\u0435\u0440\u0436\u0430\u0442\u0435\u043b\u044c \u0444\u043b\u044f\u0433\u0438 M-WAVE Vario - \u041c\u0430\u0433\u0430\u0437\u0438\u043d Xstyle","og_description":"\u0414\u0435\u0440\u0436\u0430\u0442\u0435\u043b\u044c \u0444\u043b\u044f\u0433\u0438 M-WAVE Vario: \u0443\u0434\u043e\u0431\u043d\u044b\u0439 \u0438 \u0433\u0438\u0431\u043a\u0438\u0439, \u0444\u0438\u043a\u0441\u0438\u0440\u0443\u0435\u0442 \u0444\u043b\u044f\u0433\u0443 \u043d\u0430 \u0440\u0430\u043c\u0435 \u0432\u0435\u043b\u043e\u0441\u0438\u043f\u0435\u0434\u0430. \u041b\u0435\u0433\u043a\u0438\u0439 \u0434\u043e\u0441\u0442\u0443\u043f \u0432 \u043f\u0440\u043e\u0446\u0435\u0441\u0441\u0435 \u043a\u0430\u0442\u0430\u043d\u0438\u044f. \u0418\u0434\u0435\u0430\u043b\u0435\u043d \u0434\u043b\u044f \u0430\u043a\u0442\u0438\u0432\u043d\u044b\u0445 \u0432\u0435\u043b\u043e\u044d\u043a\u0441\u043f\u0435\u0434\u0438\u0446\u0438\u0439!","og_url":"https:\/\/dev.xstyle.md\/ro\/produs\/derzhatel-fljagi-m-wave-vario\/","og_site_name":"\u041c\u0430\u0433\u0430\u0437\u0438\u043d Xstyle","article_publisher":"https:\/\/www.facebook.com\/xstylemd","article_modified_time":"2026-03-19T13:44:00+00:00","og_image":[{"width":1500,"height":1500,"url":"https:\/\/dev.xstyle.md\/wp-content\/uploads\/2021\/04\/m-wave_vario.jpg","type":"image\/jpeg"}],"twitter_card":"summary_large_image","twitter_misc":{"Pre\u021b":"95,00&nbsp;MDL","Disponibilitate":"\u00cen stoc"},"schema":{"@context":"https:\/\/schema.org","@graph":[{"@type":"WebPage","@id":"https:\/\/dev.xstyle.md\/product\/derzhatel-fljagi-m-wave-vario\/","url":"https:\/\/dev.xstyle.md\/product\/derzhatel-fljagi-m-wave-vario\/","name":"Suport pentru flacoane M-WAVE Vario - Magazin Xstyle","isPartOf":{"@id":"https:\/\/dev.xstyle.md\/#website"},"primaryImageOfPage":{"@id":"https:\/\/dev.xstyle.md\/product\/derzhatel-fljagi-m-wave-vario\/#primaryimage"},"image":{"@id":"https:\/\/dev.xstyle.md\/product\/derzhatel-fljagi-m-wave-vario\/#primaryimage"},"thumbnailUrl":"https:\/\/dev.xstyle.md\/wp-content\/uploads\/2021\/04\/m-wave_vario.jpg","datePublished":"2021-04-28T14:23:11+00:00","dateModified":"2026-03-19T13:44:00+00:00","description":"Suport pentru sticl\u0103 M-WAVE Vario: comod \u0219i flexibil, fixeaz\u0103 sticla pe cadrul bicicletei. Acces u\u0219or \u00een timpul mersului. Ideal pentru expedi\u021bii pe biciclet\u0103 active!","breadcrumb":{"@id":"https:\/\/dev.xstyle.md\/product\/derzhatel-fljagi-m-wave-vario\/#breadcrumb"},"inLanguage":"ro-RO","potentialAction":[{"@type":"ReadAction","target":["https:\/\/dev.xstyle.md\/product\/derzhatel-fljagi-m-wave-vario\/"]}]},{"@type":"ImageObject","inLanguage":"ro-RO","@id":"https:\/\/dev.xstyle.md\/product\/derzhatel-fljagi-m-wave-vario\/#primaryimage","url":"https:\/\/dev.xstyle.md\/wp-content\/uploads\/2021\/04\/m-wave_vario.jpg","contentUrl":"https:\/\/dev.xstyle.md\/wp-content\/uploads\/2021\/04\/m-wave_vario.jpg","width":1500,"height":1500,"caption":"\u0422\u043e\u0432\u0430\u0440\u044b \u0434\u043b\u044f \u0430\u043a\u0442\u0438\u0432\u043d\u043e\u0433\u043e \u043e\u0431\u0440\u0430\u0437\u0430 \u0436\u0438\u0437\u043d\u0438: \u043e\u0434\u0435\u0436\u0434\u0430, \u043e\u0431\u0443\u0432\u044c, \u043f\u043e\u0445\u043e\u0434\u044b, \u0430\u043b\u044c\u043f\u0438\u043d\u0438\u0437\u043c \u0438 \u043f\u0443\u0442\u0435\u0448\u0435\u0441\u0442\u0432\u0438\u044f - \u043c\u0438\u043d\u0438\u0430\u0442\u044e\u0440\u0430 \u0438\u0437\u0434\u0435\u043b\u0438\u044f M-Wave Vario \u0434\u043b\u044f \u043e\u043d\u043b\u0430\u0439\u043d \u043c\u0430\u0433\u0430\u0437\u0438\u043d\u0430"},{"@type":"BreadcrumbList","@id":"https:\/\/dev.xstyle.md\/product\/derzhatel-fljagi-m-wave-vario\/#breadcrumb","itemListElement":[{"@type":"ListItem","position":1,"name":"\u0413\u043b\u0430\u0432\u043d\u0430\u044f \u0441\u0442\u0440\u0430\u043d\u0438\u0446\u0430","item":"https:\/\/dev.xstyle.md\/"},{"@type":"ListItem","position":2,"name":"Shop","item":"https:\/\/dev.xstyle.md\/shop\/"},{"@type":"ListItem","position":3,"name":"\u0414\u0435\u0440\u0436\u0430\u0442\u0435\u043b\u044c \u0444\u043b\u044f\u0433\u0438 M-WAVE Vario"}]},{"@type":"WebSite","@id":"https:\/\/dev.xstyle.md\/#website","url":"https:\/\/dev.xstyle.md\/","name":"Magazinul X-Style","description":"Echipamente pentru turism \u0219i sporturi extreme \u00een Moldova. Pre\u021buri, fotografii, caracteristici \u00een Moldova.","publisher":{"@id":"https:\/\/dev.xstyle.md\/#organization"},"alternateName":"X-Style","potentialAction":[{"@type":"SearchAction","target":{"@type":"EntryPoint","urlTemplate":"https:\/\/dev.xstyle.md\/?s={search_term_string}"},"query-input":{"@type":"PropertyValueSpecification","valueRequired":true,"valueName":"search_term_string"}}],"inLanguage":"ro-RO"},{"@type":"Organization","@id":"https:\/\/dev.xstyle.md\/#organization","name":"Magazinul X-Style","alternateName":"x-style","url":"https:\/\/dev.xstyle.md\/","logo":{"@type":"ImageObject","inLanguage":"ro-RO","@id":"https:\/\/dev.xstyle.md\/#\/schema\/logo\/image\/","url":"https:\/\/dev.xstyle.md\/wp-content\/uploads\/2020\/06\/logoicon.svg","contentUrl":"https:\/\/dev.xstyle.md\/wp-content\/uploads\/2020\/06\/logoicon.svg","caption":"\u041c\u0430\u0433\u0430\u0437\u0438\u043d Xstyle"},"image":{"@id":"https:\/\/dev.xstyle.md\/#\/schema\/logo\/image\/"},"sameAs":["https:\/\/www.facebook.com\/xstylemd","https:\/\/www.instagram.com\/xstyle_md\/","https:\/\/t.me\/xstyle_outdoor"],"hasMerchantReturnPolicy":{"@type":"MerchantReturnPolicy","merchantReturnLink":"https:\/\/dev.xstyle.md\/ro\/conditions\/"}}]},"product_price_amount":"95.00","product_price_currency":"MDL","og_availability":"instock","product_availability":"instock","product_retailer_item_id":"4015493340799","product_condition":"new"},"post_mailing_queue_ids":[],"_links":{"self":[{"href":"https:\/\/dev.xstyle.md\/ro\/wp-json\/wp\/v2\/product\/32288","targetHints":{"allow":["GET"]}}],"collection":[{"href":"https:\/\/dev.xstyle.md\/ro\/wp-json\/wp\/v2\/product"}],"about":[{"href":"https:\/\/dev.xstyle.md\/ro\/wp-json\/wp\/v2\/types\/product"}],"replies":[{"embeddable":true,"href":"https:\/\/dev.xstyle.md\/ro\/wp-json\/wp\/v2\/comments?post=32288"}],"version-history":[{"count":0,"href":"https:\/\/dev.xstyle.md\/ro\/wp-json\/wp\/v2\/product\/32288\/revisions"}],"wp:featuredmedia":[{"embeddable":true,"href":"https:\/\/dev.xstyle.md\/ro\/wp-json\/wp\/v2\/media\/32285"}],"wp:attachment":[{"href":"https:\/\/dev.xstyle.md\/ro\/wp-json\/wp\/v2\/media?parent=32288"}],"wp:term":[{"taxonomy":"product_brand","embeddable":true,"href":"https:\/\/dev.xstyle.md\/ro\/wp-json\/wp\/v2\/product_brand?post=32288"},{"taxonomy":"product_cat","embeddable":true,"href":"https:\/\/dev.xstyle.md\/ro\/wp-json\/wp\/v2\/product_cat?post=32288"},{"taxonomy":"product_tag","embeddable":true,"href":"https:\/\/dev.xstyle.md\/ro\/wp-json\/wp\/v2\/product_tag?post=32288"}],"curies":[{"name":"wp","href":"https:\/\/api.w.org\/{rel}","templated":true}]}}