{"id":31851,"date":"2021-04-28T17:09:54","date_gmt":"2021-04-28T14:09:54","guid":{"rendered":"https:\/\/xstyle.md\/product\/topor-bison-1879-trekkingbeil\/"},"modified":"2026-02-25T13:40:42","modified_gmt":"2026-02-25T10:40:42","slug":"topor-bison-1879-trekkingbeil","status":"publish","type":"product","link":"https:\/\/xstyle.md\/ro\/produs\/topor-bison-1879-trekkingbeil\/","title":{"rendered":"Topor Bison 1879 Trekkingbeil"},"content":{"rendered":"<\/p>\n<p><strong>Bison 1879 Trekkingbeil<\/strong> &#8212; un topor mic, foarte manevrabil, cu un cap compact \u0219i un m\u00e2ner scurt, cu o lungime de numai 250 mm. Este tovar\u0103\u0219ul ideal \u00een drume\u021bii: datorit\u0103 greut\u0103\u021bii sale u\u0219oare \u0219i m\u00e2nerului scurt, toporul poate fi transportat comod la curea sau \u00een rucsac. \u00cen acela\u0219i timp, \u00eendepline\u0219te toate cerin\u021bele care pot fi \u00eendeplinite \u0219i de modelele mai mari.<\/p>\n<h3>Particularit\u0103\u021bi<\/h3>\n<ul>\n<li>M\u00e2ner rezistent la impact, fabricat din lemn de carpen american cu cele mai bune propriet\u0103\u021bi<\/li>\n<li>Absorb\u021bie a vibra\u021biilor \u0219i ergonomie excelent\u0103, finisat cu lacuri naturale<\/li>\n<li>Ascu\u021bi\u0219 cu t\u0103i\u0219ul ascu\u021bit, m\u00e2ner de nuc cu \u0219uruburi duble pentru siguran\u021b\u0103 maxim\u0103.<\/li>\n<li>Protec\u021bie din piele de \u00eenalt\u0103 calitate a t\u0103i\u0219ului de t\u0103iere<\/li>\n<li>Breloc de chei de marc\u0103 disponibil<\/li>\n<\/ul>\n<h3>Caracteristici<\/h3>\n<ul>\n<li>Tip &#8212; forjat<\/li>\n<li>Duritatea o\u021belului &#8212; 51-56 HRC<\/li>\n<li>Material m\u00e2ner &#8212; nuc american<\/li>\n<li>Material teac\u0103 &#8212; piele groas\u0103 de vac\u0103 premium<\/li>\n<li>Lungime total\u0103 &#8212; 240 mm<\/li>\n<li>Greutate &#8212; 500 g<\/li>\n<\/ul>\n<h3>Tehnologie<\/h3>\n<ul>\n<li><strong>Hickory american (nuc)<\/strong> este un lemn american care se caracterizeaz\u0103 prin duritate, rezisten\u021b\u0103 \u0219i rezisten\u021b\u0103. \u00cen plus, propriet\u0103\u021bile sale elastice \u00eel ajut\u0103 s\u0103 absoarb\u0103 vibra\u021biile, ceea ce face din hickory un material ideal pentru m\u00e2nerele topoarelor \u0219i ale secuilor.<\/li>\n<\/ul>\n<h3>Marca<\/h3>\n<p>Marca german\u0103 Bison 1879 creeaz\u0103 de peste un secol unelte fiabile \u0219i de calitate pentru v\u00e2n\u0103toare, drume\u021bii \u0219i gr\u0103din\u0103rit. Istoria companiei dateaz\u0103 din Saxonia, din tradi\u021bia de familie a maestrului fierar Moritz Trepte, care \u0219i-a \u00eemp\u0103rt\u0103\u0219it expertiza cu fiii s\u0103i. Toate produsele sunt forjate manual de la \u00eenfiin\u021barea companiei \u0219i p\u00e2n\u0103 \u00een prezent. Acest proces \u00eendelungat \u0219i intensiv de munc\u0103 se r\u0103spl\u0103te\u0219te \u00een fiabilitate, deoarece toat\u0103 lumea \u0219tie c\u0103 o\u021belul forjat este mult mai rezistent dec\u00e2t o\u021belul turnat obi\u0219nuit. Astfel de topoare r\u0103m\u00e2n ascu\u021bite \u0219i ascu\u021bite pentru o perioad\u0103 lung\u0103 de timp.<\/p>\n<p>Imprimate ca o \u0219tan\u021bare tradi\u021bional\u0103 \u00eenseamn\u0103 unelte manuale excelente de \u00eenalt\u0103 calitate, pe care BISON le produce din 1879. Ast\u0103zi, BISON este sinonim\u0103 cu uneltele de \u00eenalt\u0103 calitate \u0219i cu m\u0103iestria artizanal\u0103, iar atunci c\u00e2nd le folosi\u021bi, aceast\u0103 mo\u0219tenire este foarte clar\u0103.<\/p>\n<p><\/p>","protected":false},"excerpt":{"rendered":"<p>Topor Bison 1879 Trekkingbeil<\/p>","protected":false},"featured_media":31848,"comment_status":"open","ping_status":"closed","template":"","meta":{"_acf_changed":false,"inline_featured_image":false},"product_brand":[1428],"product_cat":[357],"product_tag":[],"class_list":{"0":"post-31851","1":"product","2":"type-product","3":"status-publish","4":"has-post-thumbnail","6":"product_brand-bison","7":"product_cat-instrumenti","9":"first","10":"instock","11":"shipping-taxable","12":"purchasable","13":"product-type-simple"},"acf":[],"yoast_head":"<!-- This site is optimized with the Yoast SEO plugin v27.4 - https:\/\/yoast.com\/product\/yoast-seo-wordpress\/ -->\n<title>\u0422\u043e\u043f\u043e\u0440 Bison 1879 Trekkingbeil - \u041c\u0430\u0433\u0430\u0437\u0438\u043d Xstyle<\/title>\n<meta name=\"description\" content=\"\u0422\u043e\u043f\u043e\u0440 Bison 1879 Trekkingbeil \u2013 \u043b\u0435\u0433\u043a\u0438\u0439 \u0438 \u043a\u043e\u043c\u043f\u0430\u043a\u0442\u043d\u044b\u0439 \u0438\u043d\u0441\u0442\u0440\u0443\u043c\u0435\u043d\u0442 \u0434\u043b\u044f \u043f\u043e\u0445\u043e\u0434\u043e\u0432. \u0418\u0434\u0435\u0430\u043b\u0435\u043d \u0434\u043b\u044f \u0442\u0440\u0430\u043d\u0441\u043f\u043e\u0440\u0442\u0438\u0440\u043e\u0432\u043a\u0438, \u0441\u043e\u0447\u0435\u0442\u0430\u0435\u0442 \u0432 \u0441\u0435\u0431\u0435 \u043c\u0430\u043d\u0435\u0432\u0440\u0435\u043d\u043d\u043e\u0441\u0442\u044c \u0438 \u043f\u0440\u043e\u0447\u043d\u043e\u0441\u0442\u044c.\" \/>\n<meta name=\"robots\" content=\"index, follow, max-snippet:-1, max-image-preview:large, max-video-preview:-1\" \/>\n<link rel=\"canonical\" href=\"https:\/\/xstyle.md\/ro\/produs\/topor-bison-1879-trekkingbeil\/\" \/>\n<meta property=\"og:locale\" content=\"ro_RO\" \/>\n<meta property=\"og:type\" content=\"article\" \/>\n<meta property=\"og:title\" content=\"\u0422\u043e\u043f\u043e\u0440 Bison 1879 Trekkingbeil - \u041c\u0430\u0433\u0430\u0437\u0438\u043d Xstyle\" \/>\n<meta property=\"og:description\" content=\"\u0422\u043e\u043f\u043e\u0440 Bison 1879 Trekkingbeil \u2013 \u043b\u0435\u0433\u043a\u0438\u0439 \u0438 \u043a\u043e\u043c\u043f\u0430\u043a\u0442\u043d\u044b\u0439 \u0438\u043d\u0441\u0442\u0440\u0443\u043c\u0435\u043d\u0442 \u0434\u043b\u044f \u043f\u043e\u0445\u043e\u0434\u043e\u0432. \u0418\u0434\u0435\u0430\u043b\u0435\u043d \u0434\u043b\u044f \u0442\u0440\u0430\u043d\u0441\u043f\u043e\u0440\u0442\u0438\u0440\u043e\u0432\u043a\u0438, \u0441\u043e\u0447\u0435\u0442\u0430\u0435\u0442 \u0432 \u0441\u0435\u0431\u0435 \u043c\u0430\u043d\u0435\u0432\u0440\u0435\u043d\u043d\u043e\u0441\u0442\u044c \u0438 \u043f\u0440\u043e\u0447\u043d\u043e\u0441\u0442\u044c.\" \/>\n<meta property=\"og:url\" content=\"https:\/\/xstyle.md\/ro\/produs\/topor-bison-1879-trekkingbeil\/\" \/>\n<meta property=\"og:site_name\" content=\"\u041c\u0430\u0433\u0430\u0437\u0438\u043d Xstyle\" \/>\n<meta property=\"article:publisher\" content=\"https:\/\/www.facebook.com\/xstylemd\" \/>\n<meta property=\"article:modified_time\" content=\"2026-02-25T10:40:42+00:00\" \/>\n<meta property=\"og:image\" content=\"https:\/\/xstyle.md\/wp-content\/uploads\/2021\/04\/bison_trekking.jpg\" \/>\n\t<meta property=\"og:image:width\" content=\"800\" \/>\n\t<meta property=\"og:image:height\" content=\"470\" \/>\n\t<meta property=\"og:image:type\" content=\"image\/jpeg\" \/>\n<meta name=\"twitter:card\" content=\"summary_large_image\" \/>\n<meta name=\"twitter:label1\" content=\"Pre\u021b\" \/>\n\t<meta name=\"twitter:data1\" content=\"1.990&nbsp;MDL\" \/>\n\t<meta name=\"twitter:label2\" content=\"Disponibilitate\" \/>\n\t<meta name=\"twitter:data2\" content=\"\u00cen stoc\" \/>\n<script type=\"application\/ld+json\" class=\"yoast-schema-graph\">{\"@context\":\"https:\\\/\\\/schema.org\",\"@graph\":[{\"@type\":\"WebPage\",\"@id\":\"https:\\\/\\\/xstyle.md\\\/product\\\/topor-bison-1879-trekkingbeil\\\/\",\"url\":\"https:\\\/\\\/xstyle.md\\\/product\\\/topor-bison-1879-trekkingbeil\\\/\",\"name\":\"\u0422\u043e\u043f\u043e\u0440 Bison 1879 Trekkingbeil - \u041c\u0430\u0433\u0430\u0437\u0438\u043d Xstyle\",\"isPartOf\":{\"@id\":\"https:\\\/\\\/xstyle.md\\\/#website\"},\"primaryImageOfPage\":{\"@id\":\"https:\\\/\\\/xstyle.md\\\/product\\\/topor-bison-1879-trekkingbeil\\\/#primaryimage\"},\"image\":{\"@id\":\"https:\\\/\\\/xstyle.md\\\/product\\\/topor-bison-1879-trekkingbeil\\\/#primaryimage\"},\"thumbnailUrl\":\"https:\\\/\\\/xstyle.md\\\/wp-content\\\/uploads\\\/2021\\\/04\\\/bison_trekking.jpg\",\"datePublished\":\"2021-04-28T14:09:54+00:00\",\"dateModified\":\"2026-02-25T10:40:42+00:00\",\"description\":\"\u0422\u043e\u043f\u043e\u0440 Bison 1879 Trekkingbeil \u2013 \u043b\u0435\u0433\u043a\u0438\u0439 \u0438 \u043a\u043e\u043c\u043f\u0430\u043a\u0442\u043d\u044b\u0439 \u0438\u043d\u0441\u0442\u0440\u0443\u043c\u0435\u043d\u0442 \u0434\u043b\u044f \u043f\u043e\u0445\u043e\u0434\u043e\u0432. \u0418\u0434\u0435\u0430\u043b\u0435\u043d \u0434\u043b\u044f \u0442\u0440\u0430\u043d\u0441\u043f\u043e\u0440\u0442\u0438\u0440\u043e\u0432\u043a\u0438, \u0441\u043e\u0447\u0435\u0442\u0430\u0435\u0442 \u0432 \u0441\u0435\u0431\u0435 \u043c\u0430\u043d\u0435\u0432\u0440\u0435\u043d\u043d\u043e\u0441\u0442\u044c \u0438 \u043f\u0440\u043e\u0447\u043d\u043e\u0441\u0442\u044c.\",\"breadcrumb\":{\"@id\":\"https:\\\/\\\/xstyle.md\\\/product\\\/topor-bison-1879-trekkingbeil\\\/#breadcrumb\"},\"inLanguage\":\"ro-RO\",\"potentialAction\":[{\"@type\":\"ReadAction\",\"target\":[\"https:\\\/\\\/xstyle.md\\\/product\\\/topor-bison-1879-trekkingbeil\\\/\"]}]},{\"@type\":\"ImageObject\",\"inLanguage\":\"ro-RO\",\"@id\":\"https:\\\/\\\/xstyle.md\\\/product\\\/topor-bison-1879-trekkingbeil\\\/#primaryimage\",\"url\":\"https:\\\/\\\/xstyle.md\\\/wp-content\\\/uploads\\\/2021\\\/04\\\/bison_trekking.jpg\",\"contentUrl\":\"https:\\\/\\\/xstyle.md\\\/wp-content\\\/uploads\\\/2021\\\/04\\\/bison_trekking.jpg\",\"width\":800,\"height\":470},{\"@type\":\"BreadcrumbList\",\"@id\":\"https:\\\/\\\/xstyle.md\\\/product\\\/topor-bison-1879-trekkingbeil\\\/#breadcrumb\",\"itemListElement\":[{\"@type\":\"ListItem\",\"position\":1,\"name\":\"\u0413\u043b\u0430\u0432\u043d\u0430\u044f \u0441\u0442\u0440\u0430\u043d\u0438\u0446\u0430\",\"item\":\"https:\\\/\\\/xstyle.md\\\/\"},{\"@type\":\"ListItem\",\"position\":2,\"name\":\"\u041c\u0430\u0433\u0430\u0437\u0438\u043d\",\"item\":\"https:\\\/\\\/xstyle.md\\\/shop\\\/\"},{\"@type\":\"ListItem\",\"position\":3,\"name\":\"\u0422\u043e\u043f\u043e\u0440 Bison 1879 Trekkingbeil\"}]},{\"@type\":\"WebSite\",\"@id\":\"https:\\\/\\\/xstyle.md\\\/#website\",\"url\":\"https:\\\/\\\/xstyle.md\\\/\",\"name\":\"\u041c\u0430\u0433\u0430\u0437\u0438\u043d Xstyle\",\"description\":\"C\u043d\u0430\u0440\u044f\u0436\u0435\u043d\u0438\u0435 \u0434\u043b\u044f \u0442\u0443\u0440\u0438\u0437\u043c\u0430 \u0438 \u044d\u043a\u0441\u0442\u0440\u0435\u043c\u0430\u043b\u044c\u043d\u044b\u0445 \u0432\u0438\u0434\u043e\u0432 \u0441\u043f\u043e\u0440\u0442\u0430 \u0432 \u041c\u043e\u043b\u0434\u043e\u0432\u0435.. \u0426\u0435\u043d\u044b, \u0444\u043e\u0442\u043e, \u0445\u0430\u0440\u0430\u043a\u0442\u0435\u0440\u0438\u0441\u0442\u0438\u043a\u0438 \u0432 \u041c\u043e\u043b\u0434\u043e\u0432\u0435.\",\"publisher\":{\"@id\":\"https:\\\/\\\/xstyle.md\\\/#organization\"},\"alternateName\":\"X-Style\",\"potentialAction\":[{\"@type\":\"SearchAction\",\"target\":{\"@type\":\"EntryPoint\",\"urlTemplate\":\"https:\\\/\\\/xstyle.md\\\/?s={search_term_string}\"},\"query-input\":{\"@type\":\"PropertyValueSpecification\",\"valueRequired\":true,\"valueName\":\"search_term_string\"}}],\"inLanguage\":\"ro-RO\"},{\"@type\":\"Organization\",\"@id\":\"https:\\\/\\\/xstyle.md\\\/#organization\",\"name\":\"\u041c\u0430\u0433\u0430\u0437\u0438\u043d Xstyle\",\"alternateName\":\"x-style\",\"url\":\"https:\\\/\\\/xstyle.md\\\/\",\"logo\":{\"@type\":\"ImageObject\",\"inLanguage\":\"ro-RO\",\"@id\":\"https:\\\/\\\/xstyle.md\\\/#\\\/schema\\\/logo\\\/image\\\/\",\"url\":\"https:\\\/\\\/xstyle.md\\\/wp-content\\\/uploads\\\/2020\\\/06\\\/logoicon.svg\",\"contentUrl\":\"https:\\\/\\\/xstyle.md\\\/wp-content\\\/uploads\\\/2020\\\/06\\\/logoicon.svg\",\"caption\":\"\u041c\u0430\u0433\u0430\u0437\u0438\u043d Xstyle\"},\"image\":{\"@id\":\"https:\\\/\\\/xstyle.md\\\/#\\\/schema\\\/logo\\\/image\\\/\"},\"sameAs\":[\"https:\\\/\\\/www.facebook.com\\\/xstylemd\",\"https:\\\/\\\/www.instagram.com\\\/xstyle_md\\\/\",\"https:\\\/\\\/t.me\\\/xstyle_outdoor\"],\"hasMerchantReturnPolicy\":{\"@type\":\"MerchantReturnPolicy\",\"merchantReturnLink\":\"https:\\\/\\\/xstyle.md\\\/ro\\\/conditions\\\/\"}}]}<\/script>\n<meta property=\"product:price:amount\" content=\"1990.00\" \/>\n<meta property=\"product:price:currency\" content=\"MDL\" \/>\n<meta property=\"og:availability\" content=\"instock\" \/>\n<meta property=\"product:availability\" content=\"instock\" \/>\n<meta property=\"product:retailer_item_id\" content=\"4051527105187\" \/>\n<meta property=\"product:condition\" content=\"new\" \/>\n<!-- \/ Yoast SEO plugin. -->","yoast_head_json":{"title":"Topor Bison 1879 Trekkingbeil - Magazin Xstyle","description":"Topor Bison 1879 Trekkingbeil \u2013 un instrument u\u0219or \u0219i compact pentru drume\u021bii. Ideal pentru transport, combin\u0103 manevrabilitatea \u0219i rezisten\u021ba.","robots":{"index":"index","follow":"follow","max-snippet":"max-snippet:-1","max-image-preview":"max-image-preview:large","max-video-preview":"max-video-preview:-1"},"canonical":"https:\/\/xstyle.md\/ro\/produs\/topor-bison-1879-trekkingbeil\/","og_locale":"ro_RO","og_type":"article","og_title":"\u0422\u043e\u043f\u043e\u0440 Bison 1879 Trekkingbeil - \u041c\u0430\u0433\u0430\u0437\u0438\u043d Xstyle","og_description":"\u0422\u043e\u043f\u043e\u0440 Bison 1879 Trekkingbeil \u2013 \u043b\u0435\u0433\u043a\u0438\u0439 \u0438 \u043a\u043e\u043c\u043f\u0430\u043a\u0442\u043d\u044b\u0439 \u0438\u043d\u0441\u0442\u0440\u0443\u043c\u0435\u043d\u0442 \u0434\u043b\u044f \u043f\u043e\u0445\u043e\u0434\u043e\u0432. \u0418\u0434\u0435\u0430\u043b\u0435\u043d \u0434\u043b\u044f \u0442\u0440\u0430\u043d\u0441\u043f\u043e\u0440\u0442\u0438\u0440\u043e\u0432\u043a\u0438, \u0441\u043e\u0447\u0435\u0442\u0430\u0435\u0442 \u0432 \u0441\u0435\u0431\u0435 \u043c\u0430\u043d\u0435\u0432\u0440\u0435\u043d\u043d\u043e\u0441\u0442\u044c \u0438 \u043f\u0440\u043e\u0447\u043d\u043e\u0441\u0442\u044c.","og_url":"https:\/\/xstyle.md\/ro\/produs\/topor-bison-1879-trekkingbeil\/","og_site_name":"\u041c\u0430\u0433\u0430\u0437\u0438\u043d Xstyle","article_publisher":"https:\/\/www.facebook.com\/xstylemd","article_modified_time":"2026-02-25T10:40:42+00:00","og_image":[{"width":800,"height":470,"url":"https:\/\/xstyle.md\/wp-content\/uploads\/2021\/04\/bison_trekking.jpg","type":"image\/jpeg"}],"twitter_card":"summary_large_image","twitter_misc":{"Pre\u021b":"1.990&nbsp;MDL","Disponibilitate":"\u00cen stoc"},"schema":{"@context":"https:\/\/schema.org","@graph":[{"@type":"WebPage","@id":"https:\/\/xstyle.md\/product\/topor-bison-1879-trekkingbeil\/","url":"https:\/\/xstyle.md\/product\/topor-bison-1879-trekkingbeil\/","name":"Topor Bison 1879 Trekkingbeil - Magazin Xstyle","isPartOf":{"@id":"https:\/\/xstyle.md\/#website"},"primaryImageOfPage":{"@id":"https:\/\/xstyle.md\/product\/topor-bison-1879-trekkingbeil\/#primaryimage"},"image":{"@id":"https:\/\/xstyle.md\/product\/topor-bison-1879-trekkingbeil\/#primaryimage"},"thumbnailUrl":"https:\/\/xstyle.md\/wp-content\/uploads\/2021\/04\/bison_trekking.jpg","datePublished":"2021-04-28T14:09:54+00:00","dateModified":"2026-02-25T10:40:42+00:00","description":"Topor Bison 1879 Trekkingbeil \u2013 un instrument u\u0219or \u0219i compact pentru drume\u021bii. Ideal pentru transport, combin\u0103 manevrabilitatea \u0219i rezisten\u021ba.","breadcrumb":{"@id":"https:\/\/xstyle.md\/product\/topor-bison-1879-trekkingbeil\/#breadcrumb"},"inLanguage":"ro-RO","potentialAction":[{"@type":"ReadAction","target":["https:\/\/xstyle.md\/product\/topor-bison-1879-trekkingbeil\/"]}]},{"@type":"ImageObject","inLanguage":"ro-RO","@id":"https:\/\/xstyle.md\/product\/topor-bison-1879-trekkingbeil\/#primaryimage","url":"https:\/\/xstyle.md\/wp-content\/uploads\/2021\/04\/bison_trekking.jpg","contentUrl":"https:\/\/xstyle.md\/wp-content\/uploads\/2021\/04\/bison_trekking.jpg","width":800,"height":470},{"@type":"BreadcrumbList","@id":"https:\/\/xstyle.md\/product\/topor-bison-1879-trekkingbeil\/#breadcrumb","itemListElement":[{"@type":"ListItem","position":1,"name":"\u0413\u043b\u0430\u0432\u043d\u0430\u044f \u0441\u0442\u0440\u0430\u043d\u0438\u0446\u0430","item":"https:\/\/xstyle.md\/"},{"@type":"ListItem","position":2,"name":"\u041c\u0430\u0433\u0430\u0437\u0438\u043d","item":"https:\/\/xstyle.md\/shop\/"},{"@type":"ListItem","position":3,"name":"\u0422\u043e\u043f\u043e\u0440 Bison 1879 Trekkingbeil"}]},{"@type":"WebSite","@id":"https:\/\/xstyle.md\/#website","url":"https:\/\/xstyle.md\/","name":"Magazinul X-Style","description":"Echipamente pentru turism \u0219i sporturi extreme \u00een Moldova. Pre\u021buri, fotografii, caracteristici \u00een Moldova.","publisher":{"@id":"https:\/\/xstyle.md\/#organization"},"alternateName":"X-Style","potentialAction":[{"@type":"SearchAction","target":{"@type":"EntryPoint","urlTemplate":"https:\/\/xstyle.md\/?s={search_term_string}"},"query-input":{"@type":"PropertyValueSpecification","valueRequired":true,"valueName":"search_term_string"}}],"inLanguage":"ro-RO"},{"@type":"Organization","@id":"https:\/\/xstyle.md\/#organization","name":"Magazinul X-Style","alternateName":"x-style","url":"https:\/\/xstyle.md\/","logo":{"@type":"ImageObject","inLanguage":"ro-RO","@id":"https:\/\/xstyle.md\/#\/schema\/logo\/image\/","url":"https:\/\/xstyle.md\/wp-content\/uploads\/2020\/06\/logoicon.svg","contentUrl":"https:\/\/xstyle.md\/wp-content\/uploads\/2020\/06\/logoicon.svg","caption":"\u041c\u0430\u0433\u0430\u0437\u0438\u043d Xstyle"},"image":{"@id":"https:\/\/xstyle.md\/#\/schema\/logo\/image\/"},"sameAs":["https:\/\/www.facebook.com\/xstylemd","https:\/\/www.instagram.com\/xstyle_md\/","https:\/\/t.me\/xstyle_outdoor"],"hasMerchantReturnPolicy":{"@type":"MerchantReturnPolicy","merchantReturnLink":"https:\/\/xstyle.md\/ro\/conditions\/"}}]},"product_price_amount":"1990.00","product_price_currency":"MDL","og_availability":"instock","product_availability":"instock","product_retailer_item_id":"4051527105187","product_condition":"new"},"post_mailing_queue_ids":[],"_links":{"self":[{"href":"https:\/\/xstyle.md\/ro\/wp-json\/wp\/v2\/product\/31851","targetHints":{"allow":["GET"]}}],"collection":[{"href":"https:\/\/xstyle.md\/ro\/wp-json\/wp\/v2\/product"}],"about":[{"href":"https:\/\/xstyle.md\/ro\/wp-json\/wp\/v2\/types\/product"}],"replies":[{"embeddable":true,"href":"https:\/\/xstyle.md\/ro\/wp-json\/wp\/v2\/comments?post=31851"}],"wp:featuredmedia":[{"embeddable":true,"href":"https:\/\/xstyle.md\/ro\/wp-json\/wp\/v2\/media\/31848"}],"wp:attachment":[{"href":"https:\/\/xstyle.md\/ro\/wp-json\/wp\/v2\/media?parent=31851"}],"wp:term":[{"taxonomy":"product_brand","embeddable":true,"href":"https:\/\/xstyle.md\/ro\/wp-json\/wp\/v2\/product_brand?post=31851"},{"taxonomy":"product_cat","embeddable":true,"href":"https:\/\/xstyle.md\/ro\/wp-json\/wp\/v2\/product_cat?post=31851"},{"taxonomy":"product_tag","embeddable":true,"href":"https:\/\/xstyle.md\/ro\/wp-json\/wp\/v2\/product_tag?post=31851"}],"curies":[{"name":"wp","href":"https:\/\/api.w.org\/{rel}","templated":true}]}}